{"id":52299,"date":"2024-12-12T10:56:17","date_gmt":"2024-12-12T09:56:17","guid":{"rendered":"https:\/\/semmelweis.hu\/egeszsegfejlesztes\/?page_id=52299"},"modified":"2024-12-12T10:57:55","modified_gmt":"2024-12-12T09:57:55","slug":"mcc-feszt-2024","status":"publish","type":"page","link":"https:\/\/semmelweis.hu\/egeszsegfejlesztes\/rendezvenyek\/egyuttmukodeseink\/mcc-feszt-2024\/","title":{"rendered":"MCC Feszt 2024"},"content":{"rendered":"<p>Id\u00e9n is megrendez\u00e9sre ker\u00fclt Esztergom t\u00f6rt\u00e9nelmi belv\u00e1ros\u00e1ban az egyed\u00fcl\u00e1ll\u00f3 k\u00f6z\u00e9leti-zenei MCC Feszt. A l\u00e1togat\u00f3k izgalmas besz\u00e9lget\u00e9seken \u00e9s interakt\u00edv programokon vehettek r\u00e9szt. Id\u00e9n el\u0151sz\u00f6r K\u00f6zpontunk is r\u00e9szt vehetett az esem\u00e9nyen, az \u00e9rdekl\u0151d\u0151k sz\u00e1m\u00e1ra professzion\u00e1lis test\u00f6sszet\u00e9tel-elemz\u00e9st \u00e9s szakmai tan\u00e1csad\u00e1st ny\u00fajtottunk. Az InBody 270 eszk\u00f6z\u00fcnkn\u00e9l ez\u00fattal is nagy sor v\u00e1rakozott, \u00f6r\u00fcl\u00fcnk, hogy ennyien k\u00edv\u00e1ncsiak saj\u00e1t eg\u00e9szs\u00e9gi \u00e1llapotukra \u00e9s arra, milyen \u00e9letm\u00f3dv\u00e1lt\u00e1ssal tehetnek m\u00e9g t\u00f6bbet eg\u00e9szs\u00e9g\u00fck meg\u0151rz\u00e9se \u00e9rdek\u00e9ben.<\/p>\n\r\n        [slb_exclude]\r\n        <div class=\"row galeria-wrapper mx-0 h-auto\">\r\n            <div class=\"col-9 pl-0 pr-2\">\r\n            <span class=\"gallery-item frame\">\r\n\t\t\t\t<div class=\"galeria-left-img\"><a href=\"https:\/\/semmelweis.hu\/egeszsegfejlesztes\/files\/2024\/12\/Honlap-allo-kepek.jpg\"><img src=https:\/\/semmelweis.hu\/egeszsegfejlesztes\/files\/2024\/12\/Honlap-allo-kepek.jpg  \r\n                            alt=\"\" \r\n                            class=\"attachment-sote-gallery-big size-sote-gallery-big\" \r\n                            srcset=\"https:\/\/semmelweis.hu\/egeszsegfejlesztes\/files\/2024\/12\/Honlap-allo-kepek-343x400.jpg 343w, https:\/\/semmelweis.hu\/egeszsegfejlesztes\/files\/2024\/12\/Honlap-allo-kepek.jpg 600w\" ><\/a><\/div>\r\n            <\/span>\r\n\r\n            <\/div>\r\n\r\n\t\t\t<div class=\"col-3 pl-0 pr-0\">\r\n\t\t\t\t<div class=\"galeria-right-img d-flex justify-content-between flex-column h-100 w-100 px-0 mx-0 \">\r\n                <div class=\"galeria-box\">\r\n\t\t\t\t\t<h3 class=\"galeria-title\">Gal\u00e9ria<\/h3>\r\n\t\t\t\t\t<div class=\"galeria-subtitle\">\r\n\r\n\t\t\t\t\t\t<div class=\"galeria-page-counter\"><span>3<\/span>k\u00e9p<\/div>\r\n                    <\/div> <\/div>\r\n                    <span class=\"gallery-item frame d-none d-md-flex\">\r\n\t\t\t\t\t<div class=\"galeria-small-img mt-0\"><a href=\"https:\/\/semmelweis.hu\/egeszsegfejlesztes\/files\/2024\/12\/9-1.jpg\"><img src=https:\/\/semmelweis.hu\/egeszsegfejlesztes\/files\/2024\/12\/9-1.jpg \r\n                                alt=\"\"  \r\n                                class=\"attachment-sote-gallery-small size-sote-gallery-small\" \r\n                                srcset=\"https:\/\/semmelweis.hu\/egeszsegfejlesztes\/files\/2024\/12\/9-1-400x292.jpg 400w, https:\/\/semmelweis.hu\/egeszsegfejlesztes\/files\/2024\/12\/9-1-1024x748.jpg 1024w, https:\/\/semmelweis.hu\/egeszsegfejlesztes\/files\/2024\/12\/9-1-768x561.jpg 768w, https:\/\/semmelweis.hu\/egeszsegfejlesztes\/files\/2024\/12\/9-1-753x550.jpg 753w, https:\/\/semmelweis.hu\/egeszsegfejlesztes\/files\/2024\/12\/9-1.jpg 1300w\" ><\/a><\/div>\r\n                    <\/span>\r\n                    <span class=\"gallery-item frame d-none d-md-flex\">\r\n\t\t\t\t\t<div class=\"galeria-small-img mt-0\"><a href=\"https:\/\/semmelweis.hu\/egeszsegfejlesztes\/files\/2024\/12\/10-1.jpg\"><img src=https:\/\/semmelweis.hu\/egeszsegfejlesztes\/files\/2024\/12\/10-1.jpg \r\n                                alt=\"\" \r\n                                class=\"attachment-sote-gallery-small size-sote-gallery-small\" \r\n                                srcset=\"https:\/\/semmelweis.hu\/egeszsegfejlesztes\/files\/2024\/12\/10-1-400x292.jpg 400w, https:\/\/semmelweis.hu\/egeszsegfejlesztes\/files\/2024\/12\/10-1-1024x748.jpg 1024w, https:\/\/semmelweis.hu\/egeszsegfejlesztes\/files\/2024\/12\/10-1-768x561.jpg 768w, https:\/\/semmelweis.hu\/egeszsegfejlesztes\/files\/2024\/12\/10-1-753x550.jpg 753w, https:\/\/semmelweis.hu\/egeszsegfejlesztes\/files\/2024\/12\/10-1.jpg 1300w\" ><\/a><\/div>\r\n                    <\/span>\r\n\r\n                <\/div>\r\n\r\n            <\/div>\r\n\r\n            \r\n            <\/div>\r\n\r\n            [\/slb_exclude]\r\n\t\n<p>K\u00f6sz\u00f6nj\u00fck a szervez\u0151knek a megh\u00edv\u00e1st. Rem\u00e9lj\u00fck, j\u00f6v\u0151re is tal\u00e1lkozunk veletek a rendezv\u00e9nyen, hogy \u00f6sszehasonl\u00edts\u00e1tok, mennyit javult az eredm\u00e9nyetek egy \u00e9v alatt, illetve aki nem ker\u00fclt most sorra, az ig\u00e9nybe tudja venni ezt a k\u00fcl\u00f6nleges szolg\u00e1ltat\u00e1st.<\/p>\n<p><span style=\"font-size: 12pt\"><em>Fot\u00f3k: SEK<\/em><\/span><\/p>\n","protected":false},"excerpt":{"rendered":"<p>Id\u00e9n is megrendez\u00e9sre ker\u00fclt Esztergom t\u00f6rt\u00e9nelmi belv\u00e1ros\u00e1ban az egyed\u00fcl\u00e1ll\u00f3 k\u00f6z\u00e9leti-zenei MCC Feszt. A l\u00e1togat\u00f3k izgalmas besz\u00e9lget\u00e9seken \u00e9s interakt\u00edv programokon vehettek r\u00e9szt. Id\u00e9n el\u0151sz\u00f6r K\u00f6zpontunk is r\u00e9szt vehetett az esem\u00e9nyen, az \u00e9rdekl\u0151d\u0151k sz\u00e1m\u00e1ra professzion\u00e1lis test\u00f6sszet\u00e9tel-elemz\u00e9st \u00e9s szakmai tan\u00e1csad\u00e1st ny\u00fajtottunk. Az InBody 270 eszk\u00f6z\u00fcnkn\u00e9l ez\u00fattal is nagy sor v\u00e1rakozott, \u00f6r\u00fcl\u00fcnk, hogy ennyien k\u00edv\u00e1ncsiak saj\u00e1t eg\u00e9szs\u00e9gi \u00e1llapotukra \u00e9s &hellip;<\/p>\n","protected":false},"author":101613,"featured_media":0,"parent":52284,"menu_order":3,"comment_status":"closed","ping_status":"closed","template":"","meta":{"_acf_changed":false,"footnotes":""},"categories":[],"tags":[],"class_list":["post-52299","page","type-page","status-publish","hentry"],"acf":[],"_links":{"self":[{"href":"https:\/\/semmelweis.hu\/egeszsegfejlesztes\/wp-json\/wp\/v2\/pages\/52299","targetHints":{"allow":["GET"]}}],"collection":[{"href":"https:\/\/semmelweis.hu\/egeszsegfejlesztes\/wp-json\/wp\/v2\/pages"}],"about":[{"href":"https:\/\/semmelweis.hu\/egeszsegfejlesztes\/wp-json\/wp\/v2\/types\/page"}],"author":[{"embeddable":true,"href":"https:\/\/semmelweis.hu\/egeszsegfejlesztes\/wp-json\/wp\/v2\/users\/101613"}],"replies":[{"embeddable":true,"href":"https:\/\/semmelweis.hu\/egeszsegfejlesztes\/wp-json\/wp\/v2\/comments?post=52299"}],"version-history":[{"count":1,"href":"https:\/\/semmelweis.hu\/egeszsegfejlesztes\/wp-json\/wp\/v2\/pages\/52299\/revisions"}],"predecessor-version":[{"id":52300,"href":"https:\/\/semmelweis.hu\/egeszsegfejlesztes\/wp-json\/wp\/v2\/pages\/52299\/revisions\/52300"}],"up":[{"embeddable":true,"href":"https:\/\/semmelweis.hu\/egeszsegfejlesztes\/wp-json\/wp\/v2\/pages\/52284"}],"wp:attachment":[{"href":"https:\/\/semmelweis.hu\/egeszsegfejlesztes\/wp-json\/wp\/v2\/media?parent=52299"}],"wp:term":[{"taxonomy":"category","embeddable":true,"href":"https:\/\/semmelweis.hu\/egeszsegfejlesztes\/wp-json\/wp\/v2\/categories?post=52299"},{"taxonomy":"post_tag","embeddable":true,"href":"https:\/\/semmelweis.hu\/egeszsegfejlesztes\/wp-json\/wp\/v2\/tags?post=52299"}],"curies":[{"name":"wp","href":"https:\/\/api.w.org\/{rel}","templated":true}]}}