{"id":52287,"date":"2024-12-12T10:20:05","date_gmt":"2024-12-12T09:20:05","guid":{"rendered":"https:\/\/semmelweis.hu\/egeszsegfejlesztes\/?page_id=52287"},"modified":"2025-07-20T16:18:18","modified_gmt":"2025-07-20T14:18:18","slug":"szenzoros-szakmai-nap-pannka","status":"publish","type":"page","link":"https:\/\/semmelweis.hu\/egeszsegfejlesztes\/rendezvenyek\/egyuttmukodeseink\/szenzoros-szakmai-nap-pannka\/","title":{"rendered":"Szenzoros szakmai nap &#8211; Pannka Part K\u00f6z\u00f6ss\u00e9gi T\u00e9r"},"content":{"rendered":"<p><span style=\"font-weight: 400\"><a href=\"https:\/\/semmelweis.hu\/egeszsegfejlesztes\/files\/2024\/12\/Honlap-allo-kepek-1.jpg\"><img loading=\"lazy\" decoding=\"async\" class=\"alignleft wp-image-52298\" src=\"https:\/\/semmelweis.hu\/egeszsegfejlesztes\/files\/2024\/12\/Honlap-allo-kepek-1-343x400.jpg\" alt=\"\" width=\"367\" height=\"427\" srcset=\"https:\/\/semmelweis.hu\/egeszsegfejlesztes\/files\/2024\/12\/Honlap-allo-kepek-1-343x400.jpg 343w, https:\/\/semmelweis.hu\/egeszsegfejlesztes\/files\/2024\/12\/Honlap-allo-kepek-1.jpg 600w\" sizes=\"auto, (max-width: 367px) 100vw, 367px\" \/><\/a>A szenzoros feldolgoz\u00e1si zavarral egyre t\u00f6bb f\u00f3rumon tal\u00e1lkoznak az \u00e9rintettek \u00e9s az \u00e9rdekl\u0151d\u0151k. Nem v\u00e9letlen, hiszen ez a neh\u00e9zs\u00e9g \u2013 b\u00e1r bizony\u00e1ra l\u00e9tezett a r\u00e9gi id\u0151kben is \u2013 feler\u0151s\u00f6dik a minket k\u00f6r\u00fclvev\u0151 digit\u00e1lis zajban, az ingergazdag k\u00f6rnyezetben. Feln\u0151tteket ugyan\u00fagy \u00e9rint, ahogy gyermekeket, ugyanakkor a kicsik m\u00e9g nem tudj\u00e1k minden esetben j\u00f3l megfogalmazni a probl\u00e9m\u00e1ikat, \u00edgy mind ebben, mind pedig azok kezel\u00e9s\u00e9ben seg\u00edts\u00e9gre, fejleszt\u00e9sre van sz\u00fcks\u00e9g\u00fck.<\/span><\/p>\n<p><span style=\"font-weight: 400\">Ezt a t\u00e9m\u00e1t j\u00e1rt\u00e1k k\u00f6rbe a megh\u00edvott el\u0151ad\u00f3k azon a szenzoros szakmai napon, amelyet a Pannka Part K\u00f6z\u00f6ss\u00e9gi T\u00e9r \u00e9s a Semmelweis Eg\u00e9szs\u00e9gfejleszt\u00e9si K\u00f6zpont k\u00f6z\u00f6sen szervezett okt\u00f3ber 12-\u00e9n. Az izgalmas el\u0151ad\u00e1sok sor\u00e1n a r\u00e9sztvev\u0151 pedag\u00f3gusok \u00e9s sz\u00fcl\u0151k egy\u00fctt gondolkodhattak arr\u00f3l, hogyan is t\u00e1mogathatj\u00e1k az idegrendszeri \u00e9retlens\u00e9g neh\u00e9zs\u00e9geivel k\u00fczd\u0151 gyermekeket, csal\u00e1dokat.\u00a0<\/span><\/p>\n<p><span style=\"font-weight: 400\">A szenzoros feldolgoz\u00e1si zavar sor\u00e1n az \u00e9rintett az ingerek befogad\u00e1sakor, feldolgoz\u00e1sakor vagy az azokra adott v\u00e1laszreakci\u00f3k eset\u00e9ben m\u00e1shogy reag\u00e1l, mint ahogyan az elv\u00e1rhat\u00f3 lenne \u2013 emelte ki Dobrovodszky Anik\u00f3, a ker\u00fcletben dolgoz\u00f3 DSZIT terapeuta. A megold\u00e1si lehet\u0151s\u00e9gek szerencs\u00e9re ebben a ker\u00fcletben sz\u00e9lesk\u00f6r\u0171en rendelkez\u00e9sre \u00e1llnak, egy komplex felm\u00e9r\u00e9s ut\u00e1n kialak\u00edthat\u00f3 a szem\u00e9lyre szabott, legt\u00f6bbsz\u00f6r mozg\u00e1ster\u00e1pi\u00e1n alapul\u00f3 fejleszt\u00e9s \u2013 monda el Bartha Eszter pszichol\u00f3gus \u00e9s mozg\u00e1sfejleszt\u0151 terapeuta, a Gyermekkert Tag\u00f3voda munkat\u00e1rsa.\u00a0 A gyermekek agyi fejl\u0151d\u00e9s\u00e9hez, idegrendszeri \u00e9r\u00e9s\u00e9hez rendk\u00edv\u00fcl fontos a digit\u00e1lis vil\u00e1g ingereinek cs\u00f6kkent\u00e9se, a k\u00e9perny\u0151id\u0151 korl\u00e1toz\u00e1sa, eg\u00e9sz kis korban pedig annak teljes tilt\u00e1sa \u2013 erre h\u00edvta fel a figyelmet Toma Andrea v\u00e9d\u0151n\u0151, valamint Dr. Papp Magor h\u00e1ziorvos, a Semmelweis Eg\u00e9szs\u00e9gfejleszt\u00e9si K\u00f6zpont igazgat\u00f3ja.<\/span><\/p>\n<p><span style=\"font-weight: 400\">A rendezv\u00e9nyt egy ker\u00fcleti \u00f3vod\u00e1s, a n\u00e9gy\u00e9ves Borenszki D\u00e1niel k\u00e9pki\u00e1ll\u00edt\u00e1sa k\u00eds\u00e9rte, ahol a l\u00e1togat\u00f3k megtekinthett\u00e9k, hogyan k\u00fczd meg egy gyermek a mindennapi ingerekkel az alkot\u00e1s seg\u00edts\u00e9g\u00e9vel. Dani az \u00e9rzelmeihez, a napi \u00e9lethelyzetekhez t\u00e1rs\u00edtja a sz\u00edneket, ezt jelen\u00edti meg a v\u00e1sznon. Az alkot\u00e1s \u00e1ltal \u00faj neuronkapcsolatok j\u00f6hetnek l\u00e9tre, fejleszthetj\u00fck \u00f6nmagunkat, \u00e9s ez\u00e1ltal megold\u00e1st tal\u00e1lhatunk a probl\u00e9m\u00e1inkra is \u2013 hangs\u00falyozta B\u00f3dis Ox\u00e1na k\u00e9pz\u0151m\u0171v\u00e9sz, pedag\u00f3gus, aki a ker\u00fcletben egyed\u00fcl\u00e1ll\u00f3 m\u00f3don tehets\u00e9ggondoz\u00f3 foglalkoz\u00e1st tart a gyermekeknek.<\/span><\/p>\n<p><span style=\"font-weight: 400\">A legfontosabb, hogy minden gyermek megtal\u00e1lja azt a ter\u00fcletet, amivel kifejezheti \u00f6nmag\u00e1t, kezelni tudja az \u00e9rzelmeit \u00e9s az \u0151t \u00e9rt ingereket, ehhez pedig elengedhetetlen mind a sz\u00fcl\u0151k, mind pedig a pedag\u00f3gusok t\u00e1mogat\u00e1sa, egy\u00fcttm\u0171k\u00f6d\u00e9se.<\/span><\/p>\n<p><span style=\"font-size: 12pt\"><em>K\u00e9p: SEK<\/em><\/span><\/p>\n","protected":false},"excerpt":{"rendered":"<p><a href=\"https:\/\/semmelweis.hu\/egeszsegfejlesztes\/files\/2024\/12\/Honlap-allo-kepek-1.jpg\"><\/a> A szenzoros feldolgoz\u00e1si zavarral egyre t\u00f6bb f\u00f3rumon tal\u00e1lkoznak az \u00e9rintettek \u00e9s az \u00e9rdekl\u0151d\u0151k. Nem v\u00e9letlen, hiszen ez a neh\u00e9zs\u00e9g \u2013 b\u00e1r bizony\u00e1ra l\u00e9tezett a r\u00e9gi id\u0151kben is \u2013 feler\u0151s\u00f6dik a minket k\u00f6r\u00fclvev\u0151 digit\u00e1lis zajban, az ingergazdag k\u00f6rnyezetben. Feln\u0151tteket ugyan\u00fagy \u00e9rint, ahogy gyermekeket, ugyanakkor a kicsik m\u00e9g nem tudj\u00e1k minden esetben j\u00f3l megfogalmazni a probl\u00e9m\u00e1ikat, \u00edgy &hellip;<\/p>\n","protected":false},"author":101613,"featured_media":0,"parent":52284,"menu_order":2,"comment_status":"closed","ping_status":"closed","template":"","meta":{"_acf_changed":false,"footnotes":""},"categories":[],"tags":[],"class_list":["post-52287","page","type-page","status-publish","hentry"],"acf":[],"_links":{"self":[{"href":"https:\/\/semmelweis.hu\/egeszsegfejlesztes\/wp-json\/wp\/v2\/pages\/52287","targetHints":{"allow":["GET"]}}],"collection":[{"href":"https:\/\/semmelweis.hu\/egeszsegfejlesztes\/wp-json\/wp\/v2\/pages"}],"about":[{"href":"https:\/\/semmelweis.hu\/egeszsegfejlesztes\/wp-json\/wp\/v2\/types\/page"}],"author":[{"embeddable":true,"href":"https:\/\/semmelweis.hu\/egeszsegfejlesztes\/wp-json\/wp\/v2\/users\/101613"}],"replies":[{"embeddable":true,"href":"https:\/\/semmelweis.hu\/egeszsegfejlesztes\/wp-json\/wp\/v2\/comments?post=52287"}],"version-history":[{"count":7,"href":"https:\/\/semmelweis.hu\/egeszsegfejlesztes\/wp-json\/wp\/v2\/pages\/52287\/revisions"}],"predecessor-version":[{"id":53042,"href":"https:\/\/semmelweis.hu\/egeszsegfejlesztes\/wp-json\/wp\/v2\/pages\/52287\/revisions\/53042"}],"up":[{"embeddable":true,"href":"https:\/\/semmelweis.hu\/egeszsegfejlesztes\/wp-json\/wp\/v2\/pages\/52284"}],"wp:attachment":[{"href":"https:\/\/semmelweis.hu\/egeszsegfejlesztes\/wp-json\/wp\/v2\/media?parent=52287"}],"wp:term":[{"taxonomy":"category","embeddable":true,"href":"https:\/\/semmelweis.hu\/egeszsegfejlesztes\/wp-json\/wp\/v2\/categories?post=52287"},{"taxonomy":"post_tag","embeddable":true,"href":"https:\/\/semmelweis.hu\/egeszsegfejlesztes\/wp-json\/wp\/v2\/tags?post=52287"}],"curies":[{"name":"wp","href":"https:\/\/api.w.org\/{rel}","templated":true}]}}