{"id":52235,"date":"2024-12-09T15:15:20","date_gmt":"2024-12-09T14:15:20","guid":{"rendered":"https:\/\/semmelweis.hu\/egeszsegfejlesztes\/?page_id=52235"},"modified":"2025-07-20T16:11:24","modified_gmt":"2025-07-20T14:11:24","slug":"egeszsegertes-noi-egeszseg","status":"publish","type":"page","link":"https:\/\/semmelweis.hu\/egeszsegfejlesztes\/rendezvenyek\/konferenciak-es-szakmai-forumok\/egeszsegertes-noi-egeszseg\/","title":{"rendered":"Eg\u00e9szs\u00e9g\u00e9rt\u00e9s &#8211; N\u0151i eg\u00e9szs\u00e9g 2024.07.03."},"content":{"rendered":"<p>Nagy \u00e9rdekl\u0151d\u00e9s \u00f6vezte a 2024.07.03-\u00e1n megtartott <strong>Eg\u00e9szs\u00e9g\u00c9RT\u00c9S \u2013 N\u0151i eg\u00e9szs\u00e9g<\/strong> kerekasztal rendezv\u00e9ny\u00fcnket, amelyen k\u00f6zel 40 r\u00e9sztvev\u0151 mutatta be szervezet\u00e9t \u00e9s elk\u00e9pzel\u00e9s\u00e9t arr\u00f3l, mire lenne sz\u00fcks\u00e9g a n\u0151i eg\u00e9szs\u00e9ggel kapcsolatos teend\u0151k n\u00e9pszer\u0171s\u00edt\u00e9se kapcs\u00e1n, mely ter\u00fcletek kapjanak nagyobb hangs\u00falyt a t\u00e9m\u00e1ban.<\/p>\n<p><a href=\"https:\/\/semmelweis.hu\/egeszsegfejlesztes\/files\/2024\/12\/17.jpg\"><img loading=\"lazy\" decoding=\"async\" class=\"aligncenter wp-image-52236\" src=\"https:\/\/semmelweis.hu\/egeszsegfejlesztes\/files\/2024\/12\/17-400x284.jpg\" alt=\"\" width=\"663\" height=\"471\" srcset=\"https:\/\/semmelweis.hu\/egeszsegfejlesztes\/files\/2024\/12\/17-400x284.jpg 400w, https:\/\/semmelweis.hu\/egeszsegfejlesztes\/files\/2024\/12\/17-1024x726.jpg 1024w, https:\/\/semmelweis.hu\/egeszsegfejlesztes\/files\/2024\/12\/17-768x545.jpg 768w, https:\/\/semmelweis.hu\/egeszsegfejlesztes\/files\/2024\/12\/17-1536x1090.jpg 1536w, https:\/\/semmelweis.hu\/egeszsegfejlesztes\/files\/2024\/12\/17-753x534.jpg 753w, https:\/\/semmelweis.hu\/egeszsegfejlesztes\/files\/2024\/12\/17.jpg 1600w\" sizes=\"auto, (max-width: 663px) 100vw, 663px\" \/><\/a><\/p>\n<p>A kezdem\u00e9nyez\u00e9s els\u0151 l\u00e9p\u00e9sek\u00e9nt kontaktlista, k\u00f6z\u00f6s rendezv\u00e9nynapt\u00e1r \u00e9s a t\u00e9m\u00e1ban el\u00e9rhet\u0151 j\u00f3 gyakorlatok \u00f6sszegy\u0171jt\u00e9se val\u00f3sul meg. A koal\u00edci\u00f3hoz t\u00f6rt\u00e9n\u0151 csatlakoz\u00e1s nyitott, minden \u00e9rdekl\u0151d\u0151 szervezetet sz\u00edvesen l\u00e1tunk, a csatlakoz\u00e1s m\u00f3dj\u00e1r\u00f3l e-mailben (sek@semmelweis.hu) vagy Facebook \u00fczenetben k\u00e9rhettek b\u0151vebb t\u00e1j\u00e9koztat\u00e1st. A k\u00e9sz\u00fcl\u0151 h\u00edrlevelet negyed\u00e9ves rendszeress\u00e9ggel kapj\u00e1k meg a tagok, \u00e9v v\u00e9g\u00e9ig pedig kialak\u00edt\u00e1sra ker\u00fcl egy olyan fel\u00fcletet, ahov\u00e1 a szakmailag hiteles\u00edtett tartalmak felker\u00fclhetnek majd.<\/p>\n\r\n        [slb_exclude]\r\n        <div class=\"row galeria-wrapper mx-0 h-auto\">\r\n            <div class=\"col-9 pl-0 pr-2\">\r\n            <span class=\"gallery-item frame\">\r\n\t\t\t\t<div class=\"galeria-left-img\"><a href=\"https:\/\/semmelweis.hu\/egeszsegfejlesztes\/files\/2024\/12\/18.jpg\"><img src=https:\/\/semmelweis.hu\/egeszsegfejlesztes\/files\/2024\/12\/18.jpg  \r\n                            alt=\"\" \r\n                            class=\"attachment-sote-gallery-big size-sote-gallery-big\" \r\n                            srcset=\"https:\/\/semmelweis.hu\/egeszsegfejlesztes\/files\/2024\/12\/18-400x284.jpg 400w, https:\/\/semmelweis.hu\/egeszsegfejlesztes\/files\/2024\/12\/18-1024x726.jpg 1024w, https:\/\/semmelweis.hu\/egeszsegfejlesztes\/files\/2024\/12\/18-768x545.jpg 768w, https:\/\/semmelweis.hu\/egeszsegfejlesztes\/files\/2024\/12\/18-1536x1090.jpg 1536w, https:\/\/semmelweis.hu\/egeszsegfejlesztes\/files\/2024\/12\/18-753x534.jpg 753w, https:\/\/semmelweis.hu\/egeszsegfejlesztes\/files\/2024\/12\/18.jpg 1600w\" ><\/a><\/div>\r\n            <\/span>\r\n\r\n            <\/div>\r\n\r\n\t\t\t<div class=\"col-3 pl-0 pr-0\">\r\n\t\t\t\t<div class=\"galeria-right-img d-flex justify-content-between flex-column h-100 w-100 px-0 mx-0 \">\r\n                <div class=\"galeria-box\">\r\n\t\t\t\t\t<h3 class=\"galeria-title\">Gal\u00e9ria<\/h3>\r\n\t\t\t\t\t<div class=\"galeria-subtitle\">\r\n\r\n\t\t\t\t\t\t<div class=\"galeria-page-counter\"><span>5<\/span>k\u00e9p<\/div>\r\n                    <\/div> <\/div>\r\n                    <span class=\"gallery-item frame d-none d-md-flex\">\r\n\t\t\t\t\t<div class=\"galeria-small-img mt-0\"><a href=\"https:\/\/semmelweis.hu\/egeszsegfejlesztes\/files\/2024\/12\/1.jpg\"><img src=https:\/\/semmelweis.hu\/egeszsegfejlesztes\/files\/2024\/12\/1.jpg \r\n                                alt=\"\"  \r\n                                class=\"attachment-sote-gallery-small size-sote-gallery-small\" \r\n                                srcset=\"https:\/\/semmelweis.hu\/egeszsegfejlesztes\/files\/2024\/12\/1-400x284.jpg 400w, https:\/\/semmelweis.hu\/egeszsegfejlesztes\/files\/2024\/12\/1-1024x726.jpg 1024w, https:\/\/semmelweis.hu\/egeszsegfejlesztes\/files\/2024\/12\/1-768x545.jpg 768w, https:\/\/semmelweis.hu\/egeszsegfejlesztes\/files\/2024\/12\/1-1536x1090.jpg 1536w, https:\/\/semmelweis.hu\/egeszsegfejlesztes\/files\/2024\/12\/1-753x534.jpg 753w, https:\/\/semmelweis.hu\/egeszsegfejlesztes\/files\/2024\/12\/1.jpg 1600w\" ><\/a><\/div>\r\n                    <\/span>\r\n                    <span class=\"gallery-item frame d-none d-md-flex\">\r\n\t\t\t\t\t<div class=\"galeria-small-img mt-0\"><a href=\"https:\/\/semmelweis.hu\/egeszsegfejlesztes\/files\/2024\/12\/3.jpg\"><img src=https:\/\/semmelweis.hu\/egeszsegfejlesztes\/files\/2024\/12\/3.jpg \r\n                                alt=\"\" \r\n                                class=\"attachment-sote-gallery-small size-sote-gallery-small\" \r\n                                srcset=\"https:\/\/semmelweis.hu\/egeszsegfejlesztes\/files\/2024\/12\/3-400x284.jpg 400w, https:\/\/semmelweis.hu\/egeszsegfejlesztes\/files\/2024\/12\/3-1024x726.jpg 1024w, https:\/\/semmelweis.hu\/egeszsegfejlesztes\/files\/2024\/12\/3-768x545.jpg 768w, https:\/\/semmelweis.hu\/egeszsegfejlesztes\/files\/2024\/12\/3-1536x1090.jpg 1536w, https:\/\/semmelweis.hu\/egeszsegfejlesztes\/files\/2024\/12\/3-753x534.jpg 753w, https:\/\/semmelweis.hu\/egeszsegfejlesztes\/files\/2024\/12\/3.jpg 1600w\" ><\/a><\/div>\r\n                    <\/span>\r\n\r\n                <\/div>\r\n\r\n            <\/div>\r\n\r\n            <span class=\"gallery-item\"><div class=\"hidden\"><a href=\"https:\/\/semmelweis.hu\/egeszsegfejlesztes\/files\/2024\/12\/7.jpg\">\r\n        <img src=https:\/\/semmelweis.hu\/egeszsegfejlesztes\/files\/2024\/12\/7.jpg alt=\"\" class=\"attachment-sote-gallery-big size-sote-gallery-big\" srcset=\"https:\/\/semmelweis.hu\/egeszsegfejlesztes\/files\/2024\/12\/7-400x284.jpg 400w, https:\/\/semmelweis.hu\/egeszsegfejlesztes\/files\/2024\/12\/7-1024x726.jpg 1024w, https:\/\/semmelweis.hu\/egeszsegfejlesztes\/files\/2024\/12\/7-768x545.jpg 768w, https:\/\/semmelweis.hu\/egeszsegfejlesztes\/files\/2024\/12\/7-1536x1090.jpg 1536w, https:\/\/semmelweis.hu\/egeszsegfejlesztes\/files\/2024\/12\/7-753x534.jpg 753w, https:\/\/semmelweis.hu\/egeszsegfejlesztes\/files\/2024\/12\/7.jpg 1600w\" >\r\n        <\/a><\/div><\/span><span class=\"gallery-item\"><div class=\"hidden\"><a href=\"https:\/\/semmelweis.hu\/egeszsegfejlesztes\/files\/2024\/12\/12.jpg\">\r\n        <img src=https:\/\/semmelweis.hu\/egeszsegfejlesztes\/files\/2024\/12\/12.jpg alt=\"\" class=\"attachment-sote-gallery-big size-sote-gallery-big\" srcset=\"https:\/\/semmelweis.hu\/egeszsegfejlesztes\/files\/2024\/12\/12-400x284.jpg 400w, https:\/\/semmelweis.hu\/egeszsegfejlesztes\/files\/2024\/12\/12-1024x726.jpg 1024w, https:\/\/semmelweis.hu\/egeszsegfejlesztes\/files\/2024\/12\/12-768x545.jpg 768w, https:\/\/semmelweis.hu\/egeszsegfejlesztes\/files\/2024\/12\/12-1536x1090.jpg 1536w, https:\/\/semmelweis.hu\/egeszsegfejlesztes\/files\/2024\/12\/12-753x534.jpg 753w, https:\/\/semmelweis.hu\/egeszsegfejlesztes\/files\/2024\/12\/12.jpg 1600w\" >\r\n        <\/a><\/div><\/span>\r\n            <\/div>\r\n\r\n            [\/slb_exclude]\r\n\t\n<p><em><span style=\"font-size: 12pt\">Fot\u00f3k: SEK<\/span><\/em><\/p>\n","protected":false},"excerpt":{"rendered":"<p>Nagy \u00e9rdekl\u0151d\u00e9s \u00f6vezte a 2024.07.03-\u00e1n megtartott Eg\u00e9szs\u00e9g\u00c9RT\u00c9S \u2013 N\u0151i eg\u00e9szs\u00e9g kerekasztal rendezv\u00e9ny\u00fcnket, amelyen k\u00f6zel 40 r\u00e9sztvev\u0151 mutatta be szervezet\u00e9t \u00e9s elk\u00e9pzel\u00e9s\u00e9t arr\u00f3l, mire lenne sz\u00fcks\u00e9g a n\u0151i eg\u00e9szs\u00e9ggel kapcsolatos teend\u0151k n\u00e9pszer\u0171s\u00edt\u00e9se kapcs\u00e1n, mely ter\u00fcletek kapjanak nagyobb hangs\u00falyt a t\u00e9m\u00e1ban. <a href=\"https:\/\/semmelweis.hu\/egeszsegfejlesztes\/files\/2024\/12\/17.jpg\"><\/a> A kezdem\u00e9nyez\u00e9s els\u0151 l\u00e9p\u00e9sek\u00e9nt kontaktlista, k\u00f6z\u00f6s rendezv\u00e9nynapt\u00e1r \u00e9s a t\u00e9m\u00e1ban el\u00e9rhet\u0151 j\u00f3 gyakorlatok \u00f6sszegy\u0171jt\u00e9se val\u00f3sul meg. &hellip;<\/p>\n","protected":false},"author":101613,"featured_media":0,"parent":50427,"menu_order":4,"comment_status":"closed","ping_status":"closed","template":"","meta":{"_acf_changed":false,"footnotes":""},"categories":[],"tags":[],"class_list":["post-52235","page","type-page","status-publish","hentry"],"acf":[],"_links":{"self":[{"href":"https:\/\/semmelweis.hu\/egeszsegfejlesztes\/wp-json\/wp\/v2\/pages\/52235","targetHints":{"allow":["GET"]}}],"collection":[{"href":"https:\/\/semmelweis.hu\/egeszsegfejlesztes\/wp-json\/wp\/v2\/pages"}],"about":[{"href":"https:\/\/semmelweis.hu\/egeszsegfejlesztes\/wp-json\/wp\/v2\/types\/page"}],"author":[{"embeddable":true,"href":"https:\/\/semmelweis.hu\/egeszsegfejlesztes\/wp-json\/wp\/v2\/users\/101613"}],"replies":[{"embeddable":true,"href":"https:\/\/semmelweis.hu\/egeszsegfejlesztes\/wp-json\/wp\/v2\/comments?post=52235"}],"version-history":[{"count":6,"href":"https:\/\/semmelweis.hu\/egeszsegfejlesztes\/wp-json\/wp\/v2\/pages\/52235\/revisions"}],"predecessor-version":[{"id":53035,"href":"https:\/\/semmelweis.hu\/egeszsegfejlesztes\/wp-json\/wp\/v2\/pages\/52235\/revisions\/53035"}],"up":[{"embeddable":true,"href":"https:\/\/semmelweis.hu\/egeszsegfejlesztes\/wp-json\/wp\/v2\/pages\/50427"}],"wp:attachment":[{"href":"https:\/\/semmelweis.hu\/egeszsegfejlesztes\/wp-json\/wp\/v2\/media?parent=52235"}],"wp:term":[{"taxonomy":"category","embeddable":true,"href":"https:\/\/semmelweis.hu\/egeszsegfejlesztes\/wp-json\/wp\/v2\/categories?post=52235"},{"taxonomy":"post_tag","embeddable":true,"href":"https:\/\/semmelweis.hu\/egeszsegfejlesztes\/wp-json\/wp\/v2\/tags?post=52235"}],"curies":[{"name":"wp","href":"https:\/\/api.w.org\/{rel}","templated":true}]}}