{"id":52232,"date":"2024-12-09T14:15:08","date_gmt":"2024-12-09T13:15:08","guid":{"rendered":"https:\/\/semmelweis.hu\/egeszsegfejlesztes\/?page_id=52232"},"modified":"2025-07-20T16:17:25","modified_gmt":"2025-07-20T14:17:25","slug":"egeszsegertes-workshop","status":"publish","type":"page","link":"https:\/\/semmelweis.hu\/egeszsegfejlesztes\/rendezvenyek\/egyuttmukodeseink\/egeszsegertes-workshop\/","title":{"rendered":"Eg\u00e9szs\u00e9g\u00e9rt\u00e9s workshop"},"content":{"rendered":"<p><a href=\"https:\/\/semmelweis.hu\/egeszsegfejlesztes\/files\/2024\/12\/EgeszsegERTES_plakat.jpg\"><img loading=\"lazy\" decoding=\"async\" class=\"alignleft wp-image-52227\" style=\"font-size: 1rem\" src=\"https:\/\/semmelweis.hu\/egeszsegfejlesztes\/files\/2024\/12\/EgeszsegERTES_plakat-283x400.jpg\" alt=\"\" width=\"347\" height=\"491\" srcset=\"https:\/\/semmelweis.hu\/egeszsegfejlesztes\/files\/2024\/12\/EgeszsegERTES_plakat-283x400.jpg 283w, https:\/\/semmelweis.hu\/egeszsegfejlesztes\/files\/2024\/12\/EgeszsegERTES_plakat-724x1024.jpg 724w, https:\/\/semmelweis.hu\/egeszsegfejlesztes\/files\/2024\/12\/EgeszsegERTES_plakat-768x1087.jpg 768w, https:\/\/semmelweis.hu\/egeszsegfejlesztes\/files\/2024\/12\/EgeszsegERTES_plakat-753x1066.jpg 753w, https:\/\/semmelweis.hu\/egeszsegfejlesztes\/files\/2024\/12\/EgeszsegERTES_plakat.jpg 848w\" sizes=\"auto, (max-width: 347px) 100vw, 347px\" \/><\/a>A Magyarorsz\u00e1gi Sz\u00f3viv\u0151k Orsz\u00e1gos Egyes\u00fclete id\u00e9n \u00fcnnepli alap\u00edt\u00e1s\u00e1nak 20. \u00e9vfordul\u00f3j\u00e1t. Ennek keret\u00e9ben 2024-ben szakmai kommunik\u00e1ci\u00f3s programsorozatot ind\u00edtott, amelynek j\u00faniusban az eg\u00e9szs\u00e9gkommunik\u00e1ci\u00f3 volt a t\u00e9m\u00e1ja. Az Egyes\u00fclet imm\u00e1r 1,5 \u00e9ve szorosan egy\u00fcttm\u0171k\u00f6dik Eg\u00e9szs\u00e9gfejleszt\u00e9si K\u00f6zpontunkkal, ez\u00e9rt nagy \u00f6r\u00f6m\u00fcnkre szolg\u00e1lt, hogy k\u00f6z\u00f6sen szervezhett\u00fck meg 2024.06.12-\u00e9n az Eg\u00e9szs\u00e9g\u00c9RT\u00c9S workshopot, amely az impoz\u00e1ns Semmelweis Szalonban ker\u00fclt megrendez\u00e9sre.<\/p>\n<p>Az esem\u00e9ny megh\u00edvott el\u0151ad\u00f3i Prof. Dr. B\u00e1nhidy Ferenc, egyetem\u00fcnk \u00e1ltal\u00e1nos rektorhelyettese, valamint Dr. Szl\u00e1vik J\u00e1nos infektol\u00f3gus szakorvos voltak, akik a k\u00f6z\u00f6ss\u00e9gim\u00e9dia-fel\u00fcleteken val\u00f3 jelenl\u00e9tr\u0151l, az innen \u00e9rkez\u0151 pozit\u00edv \u00e9s negat\u00edv visszajelz\u00e9sekre val\u00f3 reflekt\u00e1l\u00e1sr\u00f3l \u00e9s a m\u00e9mekr\u0151l tartottak r\u00f6vid el\u0151ad\u00e1sokat. A t\u00e9m\u00e1t Dr. Papp Magor, K\u00f6zpontunk igazgat\u00f3j\u00e1nak moder\u00e1l\u00e1s\u00e1val m\u00e9ly\u00edtett\u00e9k tov\u00e1bb egy kerekasztal besz\u00e9lget\u00e9s keret\u00e9ben, amely sor\u00e1n a megh\u00edvott szakemberek r\u00e9sz\u00e9r\u0151l is sz\u00e1mtalan fontos k\u00e9rd\u00e9s mer\u00fclt fel.<\/p>\n","protected":false},"excerpt":{"rendered":"<p><a href=\"https:\/\/semmelweis.hu\/egeszsegfejlesztes\/files\/2024\/12\/EgeszsegERTES_plakat.jpg\"><\/a> A Magyarorsz\u00e1gi Sz\u00f3viv\u0151k Orsz\u00e1gos Egyes\u00fclete id\u00e9n \u00fcnnepli alap\u00edt\u00e1s\u00e1nak 20. \u00e9vfordul\u00f3j\u00e1t. Ennek keret\u00e9ben 2024-ben szakmai kommunik\u00e1ci\u00f3s programsorozatot ind\u00edtott, amelynek j\u00faniusban az eg\u00e9szs\u00e9gkommunik\u00e1ci\u00f3 volt a t\u00e9m\u00e1ja. Az Egyes\u00fclet imm\u00e1r 1,5 \u00e9ve szorosan egy\u00fcttm\u0171k\u00f6dik Eg\u00e9szs\u00e9gfejleszt\u00e9si K\u00f6zpontunkkal, ez\u00e9rt nagy \u00f6r\u00f6m\u00fcnkre szolg\u00e1lt, hogy k\u00f6z\u00f6sen szervezhett\u00fck meg 2024.06.12-\u00e9n az Eg\u00e9szs\u00e9g\u00c9RT\u00c9S workshopot, amely az impoz\u00e1ns Semmelweis Szalonban ker\u00fclt megrendez\u00e9sre. Az esem\u00e9ny megh\u00edvott &hellip;<\/p>\n","protected":false},"author":101613,"featured_media":0,"parent":52284,"menu_order":1,"comment_status":"closed","ping_status":"closed","template":"","meta":{"_acf_changed":false,"footnotes":""},"categories":[],"tags":[],"class_list":["post-52232","page","type-page","status-publish","hentry"],"acf":[],"_links":{"self":[{"href":"https:\/\/semmelweis.hu\/egeszsegfejlesztes\/wp-json\/wp\/v2\/pages\/52232","targetHints":{"allow":["GET"]}}],"collection":[{"href":"https:\/\/semmelweis.hu\/egeszsegfejlesztes\/wp-json\/wp\/v2\/pages"}],"about":[{"href":"https:\/\/semmelweis.hu\/egeszsegfejlesztes\/wp-json\/wp\/v2\/types\/page"}],"author":[{"embeddable":true,"href":"https:\/\/semmelweis.hu\/egeszsegfejlesztes\/wp-json\/wp\/v2\/users\/101613"}],"replies":[{"embeddable":true,"href":"https:\/\/semmelweis.hu\/egeszsegfejlesztes\/wp-json\/wp\/v2\/comments?post=52232"}],"version-history":[{"count":2,"href":"https:\/\/semmelweis.hu\/egeszsegfejlesztes\/wp-json\/wp\/v2\/pages\/52232\/revisions"}],"predecessor-version":[{"id":53040,"href":"https:\/\/semmelweis.hu\/egeszsegfejlesztes\/wp-json\/wp\/v2\/pages\/52232\/revisions\/53040"}],"up":[{"embeddable":true,"href":"https:\/\/semmelweis.hu\/egeszsegfejlesztes\/wp-json\/wp\/v2\/pages\/52284"}],"wp:attachment":[{"href":"https:\/\/semmelweis.hu\/egeszsegfejlesztes\/wp-json\/wp\/v2\/media?parent=52232"}],"wp:term":[{"taxonomy":"category","embeddable":true,"href":"https:\/\/semmelweis.hu\/egeszsegfejlesztes\/wp-json\/wp\/v2\/categories?post=52232"},{"taxonomy":"post_tag","embeddable":true,"href":"https:\/\/semmelweis.hu\/egeszsegfejlesztes\/wp-json\/wp\/v2\/tags?post=52232"}],"curies":[{"name":"wp","href":"https:\/\/api.w.org\/{rel}","templated":true}]}}