{"id":52018,"date":"2024-11-18T11:22:12","date_gmt":"2024-11-18T10:22:12","guid":{"rendered":"https:\/\/semmelweis.hu\/egeszsegfejlesztes\/?page_id=52018"},"modified":"2026-05-07T10:34:34","modified_gmt":"2026-05-07T08:34:34","slug":"egyetemi-es-kulsos-erdeklodoknek","status":"publish","type":"page","link":"https:\/\/semmelweis.hu\/egeszsegfejlesztes\/szolgaltatasok\/egyetemi-es-kulsos-erdeklodoknek\/","title":{"rendered":"Mozg\u00e1s programjaink k\u00fcls\u0151s \u00e9rdekl\u0151d\u0151knek"},"content":{"rendered":"<div class=\"keretes w-100\">\n<p><a href=\"https:\/\/semmelweis.hu\/egeszsegfejlesztes\/files\/2022\/06\/DSC_9778.jpg\"><img loading=\"lazy\" decoding=\"async\" class=\"size-medium wp-image-51195 alignright\" src=\"https:\/\/semmelweis.hu\/egeszsegfejlesztes\/files\/2022\/06\/DSC_9778-400x265.jpg\" alt=\"\" width=\"400\" height=\"265\" srcset=\"https:\/\/semmelweis.hu\/egeszsegfejlesztes\/files\/2022\/06\/DSC_9778-400x265.jpg 400w, https:\/\/semmelweis.hu\/egeszsegfejlesztes\/files\/2022\/06\/DSC_9778-1024x678.jpg 1024w, https:\/\/semmelweis.hu\/egeszsegfejlesztes\/files\/2022\/06\/DSC_9778-768x509.jpg 768w, https:\/\/semmelweis.hu\/egeszsegfejlesztes\/files\/2022\/06\/DSC_9778-1536x1018.jpg 1536w, https:\/\/semmelweis.hu\/egeszsegfejlesztes\/files\/2022\/06\/DSC_9778-753x499.jpg 753w, https:\/\/semmelweis.hu\/egeszsegfejlesztes\/files\/2022\/06\/DSC_9778-203x135.jpg 203w, https:\/\/semmelweis.hu\/egeszsegfejlesztes\/files\/2022\/06\/DSC_9778.jpg 1600w\" sizes=\"auto, (max-width: 400px) 100vw, 400px\" \/><\/a>Mindazon fel\u00fcl, hogy az Egyetem egyik f\u0151 feladata a hallgat\u00f3k \u00e9s dolgoz\u00f3k eg\u00e9szs\u00e9gi \u00e1llapot\u00e1nak jav\u00edt\u00e1sa \u00e9s szinten tart\u00e1sa, az Eg\u00e9szs\u00e9gfejleszt\u00e9si K\u00f6zpont kiemelt hivat\u00e1s\u00e1nak \u00e9rzi, hogy mindezt lehet\u0151s\u00e9g szerint lakoss\u00e1gi k\u00f6rben is rendelkez\u00e9sre bocs\u00e1jtsa.\u00a0<\/p>\n<p>\u00c9pp ez\u00e9rt egyes szolg\u00e1ltat\u00e1sainkat ingyenesen el\u00e9rhet\u0151v\u00e9 tett\u00fcnk olyan k\u00fcls\u0151s \u00e9rdekl\u0151d\u0151k sz\u00e1m\u00e1ra is, akik <em>nem a Semmelweis Egyetem polg\u00e1rai<\/em>, viszont szeretn\u00e9nek tenni az\u00e9rt, hogy h\u00e9tk\u00f6znapjaikat akt\u00edvabban \u00e9s egy magasabb energia szinten tudj\u00e1k le\u00e9lni. Ha Te is ebbe a csoportba tartozol, akkor itt a helyed!<\/p>\n<\/div>\n<h5>V\u00e1lassz csoportos edz\u00e9seink, el\u00e9rhet\u0151 mozg\u00e1sanyagaink k\u00f6z\u00fcl \u00e9s csatlakozz \u00f3r\u00e1inkhoz!<\/h5>\n<style>\n           #page-grid .card-body > .line-clamp-box.excerpt{\n        width: inherit;\n        max-width: inherit;\n        display:flex;\n        min-height: 2.4em;\n        flex-direction: column;\n        justify-content: space-around;\n        background-color: #D6E4EA;\n        min-height: 3.4rem;\n        font-family: \"Montserrat\", sans-serif;\n    }\n\n    #page-grid a:hover .card-body > .line-clamp-box.excerpt {\n        background-color: #fff;\n        color: #313B40;\n    }\n\n    #page-grid .card-body .line-clamp-box.excerpt section{\n        max-width: inherit;\n        display: -webkit-box;\n        -webkit-line-clamp: 2;\n        -webkit-box-orient: vertical;\n        overflow: hidden;\n        text-overflow: ellipsis;\n        hyphens: auto;\n        margin: auto;\n        \n    }\n    .line-clamp-box.excerpt section, .line-clamp-box.excerpt section p{\n        font-size:0.8em;\n    }\n    \n<\/style>\n    <section id=\"page-grid\">\n        <section class=\"d-block d-md-flex title-row my-3 ml-0 ml-md-1\">\n<div class=\"section-title  mb-1 \">\n<h2>\n    Programjaink\n<\/h2>\n<\/div>\n<\/section>\n        <div class=\"row row-cols-1 row-cols-md-2 row-cols-lg-3 no-gutters mx-0 \">    <div class =\"col  mb-2 card-wrapper\">\n        <a class=\"d-flex flex-fill card-link-warapper m-md-1\" href=\"https:\/\/semmelweis.hu\/egeszsegfejlesztes\/szolgaltatasok\/egyetemi-es-kulsos-erdeklodoknek\/csoportos-orak\/\">\n            <div class=\"card border border-secondary se-border flex-fill\">\n                <div class=\"row no-gutters mx-0 d-flex flex-nowrap flex-md-wrap align-items-center\">\n                    <div class =\"  col-5 col-md-12   card-image justify-content-center\">\n                        <img loading=\"lazy\" decoding=\"async\" width=\"753\" height=\"532\" src=\"https:\/\/semmelweis.hu\/egeszsegfejlesztes\/files\/2025\/09\/1-1-1024x724.png\" class=\"landscape wp-post-image\" alt=\"\" srcset=\"https:\/\/semmelweis.hu\/egeszsegfejlesztes\/files\/2025\/09\/1-1-1024x724.png 1024w, https:\/\/semmelweis.hu\/egeszsegfejlesztes\/files\/2025\/09\/1-1-400x283.png 400w, https:\/\/semmelweis.hu\/egeszsegfejlesztes\/files\/2025\/09\/1-1-768x543.png 768w, https:\/\/semmelweis.hu\/egeszsegfejlesztes\/files\/2025\/09\/1-1-1536x1086.png 1536w, https:\/\/semmelweis.hu\/egeszsegfejlesztes\/files\/2025\/09\/1-1-753x532.png 753w, https:\/\/semmelweis.hu\/egeszsegfejlesztes\/files\/2025\/09\/1-1-e1757770711179.png 1600w\" sizes=\"auto, (max-width: 753px) 100vw, 753px\" \/>\n                    <\/div>\n                    <div class=\"card-body  col flex-column  col-md-12 p-0\">\n                        <div class=\"line-clamp-box p-3\">\n                            <h5 class=\"ml-0 ml-sm-1 mt-2 align-items-center\"  >Csoportos edz\u00e9sek<\/h5>\n                        <\/div>\n                        \n                    <\/div>\n                <\/div>\n\n            <\/div>\n        <\/a>\n    <\/div>    <div class =\"col  mb-2 card-wrapper\">\n        <a class=\"d-flex flex-fill card-link-warapper m-md-1\" href=\"https:\/\/semmelweis.hu\/egeszsegfejlesztes\/szolgaltatasok\/egyetemi-es-kulsos-erdeklodoknek\/szenior-torna\/\">\n            <div class=\"card border border-secondary se-border flex-fill\">\n                <div class=\"row no-gutters mx-0 d-flex flex-nowrap flex-md-wrap align-items-center\">\n                    <div class =\"  col-5 col-md-12   card-image justify-content-center\">\n                        <img loading=\"lazy\" decoding=\"async\" width=\"753\" height=\"499\" src=\"https:\/\/semmelweis.hu\/egeszsegfejlesztes\/files\/2024\/12\/DSC_9812-1024x678.jpg\" class=\"landscape wp-post-image\" alt=\"\" srcset=\"https:\/\/semmelweis.hu\/egeszsegfejlesztes\/files\/2024\/12\/DSC_9812-1024x678.jpg 1024w, https:\/\/semmelweis.hu\/egeszsegfejlesztes\/files\/2024\/12\/DSC_9812-400x265.jpg 400w, https:\/\/semmelweis.hu\/egeszsegfejlesztes\/files\/2024\/12\/DSC_9812-768x509.jpg 768w, https:\/\/semmelweis.hu\/egeszsegfejlesztes\/files\/2024\/12\/DSC_9812-1536x1018.jpg 1536w, https:\/\/semmelweis.hu\/egeszsegfejlesztes\/files\/2024\/12\/DSC_9812-753x499.jpg 753w, https:\/\/semmelweis.hu\/egeszsegfejlesztes\/files\/2024\/12\/DSC_9812-203x135.jpg 203w, https:\/\/semmelweis.hu\/egeszsegfejlesztes\/files\/2024\/12\/DSC_9812.jpg 1600w\" sizes=\"auto, (max-width: 753px) 100vw, 753px\" \/>\n                    <\/div>\n                    <div class=\"card-body  col flex-column  col-md-12 p-0\">\n                        <div class=\"line-clamp-box p-3\">\n                            <h5 class=\"ml-0 ml-sm-1 mt-2 align-items-center\"  >Szenior torna<\/h5>\n                        <\/div>\n                        \n                    <\/div>\n                <\/div>\n\n            <\/div>\n        <\/a>\n    <\/div>    <div class =\"col  mb-2 card-wrapper\">\n        <a class=\"d-flex flex-fill card-link-warapper m-md-1\" href=\"https:\/\/semmelweis.hu\/egeszsegfejlesztes\/szolgaltatasok\/egyetemi-es-kulsos-erdeklodoknek\/online-elerheto-mozgasanyagaink\/\">\n            <div class=\"card border border-secondary se-border flex-fill\">\n                <div class=\"row no-gutters mx-0 d-flex flex-nowrap flex-md-wrap align-items-center\">\n                    <div class =\"  col-5 col-md-12   card-image justify-content-center\">\n                        <img loading=\"lazy\" decoding=\"async\" width=\"753\" height=\"550\" src=\"https:\/\/semmelweis.hu\/egeszsegfejlesztes\/files\/2025\/08\/csoportos1-1024x748.png\" class=\"landscape wp-post-image\" alt=\"\" srcset=\"https:\/\/semmelweis.hu\/egeszsegfejlesztes\/files\/2025\/08\/csoportos1-1024x748.png 1024w, https:\/\/semmelweis.hu\/egeszsegfejlesztes\/files\/2025\/08\/csoportos1-400x292.png 400w, https:\/\/semmelweis.hu\/egeszsegfejlesztes\/files\/2025\/08\/csoportos1-768x561.png 768w, https:\/\/semmelweis.hu\/egeszsegfejlesztes\/files\/2025\/08\/csoportos1-753x550.png 753w, https:\/\/semmelweis.hu\/egeszsegfejlesztes\/files\/2025\/08\/csoportos1.png 1300w\" sizes=\"auto, (max-width: 753px) 100vw, 753px\" \/>\n                    <\/div>\n                    <div class=\"card-body  col flex-column  col-md-12 p-0\">\n                        <div class=\"line-clamp-box p-3\">\n                            <h5 class=\"ml-0 ml-sm-1 mt-2 align-items-center\"  >Online el\u00e9rhet\u0151 mozg\u00e1sanyagaink<\/h5>\n                        <\/div>\n                        \n                    <\/div>\n                <\/div>\n\n            <\/div>\n        <\/a>\n    <\/div>        <\/div>\n    <\/section>\n","protected":false},"excerpt":{"rendered":"<p><a href=\"https:\/\/semmelweis.hu\/egeszsegfejlesztes\/files\/2022\/06\/DSC_9778.jpg\"><\/a> Mindazon fel\u00fcl, hogy az Egyetem egyik f\u0151 feladata a hallgat\u00f3k \u00e9s dolgoz\u00f3k eg\u00e9szs\u00e9gi \u00e1llapot\u00e1nak jav\u00edt\u00e1sa \u00e9s szinten tart\u00e1sa, az Eg\u00e9szs\u00e9gfejleszt\u00e9si K\u00f6zpont kiemelt hivat\u00e1s\u00e1nak \u00e9rzi, hogy mindezt lehet\u0151s\u00e9g szerint lakoss\u00e1gi k\u00f6rben is rendelkez\u00e9sre bocs\u00e1jtsa.\u00a0 \u00c9pp ez\u00e9rt egyes szolg\u00e1ltat\u00e1sainkat ingyenesen el\u00e9rhet\u0151v\u00e9 tett\u00fcnk olyan k\u00fcls\u0151s \u00e9rdekl\u0151d\u0151k sz\u00e1m\u00e1ra is, akik nem a Semmelweis Egyetem polg\u00e1rai, viszont szeretn\u00e9nek tenni az\u00e9rt, &hellip;<\/p>\n","protected":false},"author":101613,"featured_media":0,"parent":52015,"menu_order":0,"comment_status":"closed","ping_status":"closed","template":"template-fullwidth.php","meta":{"_acf_changed":false,"footnotes":""},"categories":[],"tags":[],"class_list":["post-52018","page","type-page","status-publish","hentry"],"acf":[],"_links":{"self":[{"href":"https:\/\/semmelweis.hu\/egeszsegfejlesztes\/wp-json\/wp\/v2\/pages\/52018","targetHints":{"allow":["GET"]}}],"collection":[{"href":"https:\/\/semmelweis.hu\/egeszsegfejlesztes\/wp-json\/wp\/v2\/pages"}],"about":[{"href":"https:\/\/semmelweis.hu\/egeszsegfejlesztes\/wp-json\/wp\/v2\/types\/page"}],"author":[{"embeddable":true,"href":"https:\/\/semmelweis.hu\/egeszsegfejlesztes\/wp-json\/wp\/v2\/users\/101613"}],"replies":[{"embeddable":true,"href":"https:\/\/semmelweis.hu\/egeszsegfejlesztes\/wp-json\/wp\/v2\/comments?post=52018"}],"version-history":[{"count":10,"href":"https:\/\/semmelweis.hu\/egeszsegfejlesztes\/wp-json\/wp\/v2\/pages\/52018\/revisions"}],"predecessor-version":[{"id":53795,"href":"https:\/\/semmelweis.hu\/egeszsegfejlesztes\/wp-json\/wp\/v2\/pages\/52018\/revisions\/53795"}],"up":[{"embeddable":true,"href":"https:\/\/semmelweis.hu\/egeszsegfejlesztes\/wp-json\/wp\/v2\/pages\/52015"}],"wp:attachment":[{"href":"https:\/\/semmelweis.hu\/egeszsegfejlesztes\/wp-json\/wp\/v2\/media?parent=52018"}],"wp:term":[{"taxonomy":"category","embeddable":true,"href":"https:\/\/semmelweis.hu\/egeszsegfejlesztes\/wp-json\/wp\/v2\/categories?post=52018"},{"taxonomy":"post_tag","embeddable":true,"href":"https:\/\/semmelweis.hu\/egeszsegfejlesztes\/wp-json\/wp\/v2\/tags?post=52018"}],"curies":[{"name":"wp","href":"https:\/\/api.w.org\/{rel}","templated":true}]}}