{"id":51511,"date":"2023-01-30T14:24:36","date_gmt":"2023-01-30T13:24:36","guid":{"rendered":"https:\/\/semmelweis.hu\/egeszsegfejlesztes\/?page_id=51511"},"modified":"2025-07-20T15:52:14","modified_gmt":"2025-07-20T13:52:14","slug":"ajanlott-szuresek-onvizsgalatok-gyakorisaga","status":"publish","type":"page","link":"https:\/\/semmelweis.hu\/egeszsegfejlesztes\/elvitelre\/szurovizsgalatok\/ajanlott-szuresek-onvizsgalatok-gyakorisaga\/","title":{"rendered":"Aj\u00e1nlott sz\u0171r\u00e9sek, \u00f6nvizsg\u00e1latok gyakoris\u00e1ga"},"content":{"rendered":"<p><a href=\"https:\/\/semmelweis.hu\/egeszsegfejlesztes\/files\/2025\/03\/szures-infografika-1-MAGYAR.jpg\"><img loading=\"lazy\" decoding=\"async\" class=\"alignnone wp-image-52767\" src=\"https:\/\/semmelweis.hu\/egeszsegfejlesztes\/files\/2025\/03\/szures-infografika-1-MAGYAR-400x292.jpg\" alt=\"\" width=\"966\" height=\"705\" srcset=\"https:\/\/semmelweis.hu\/egeszsegfejlesztes\/files\/2025\/03\/szures-infografika-1-MAGYAR-400x292.jpg 400w, https:\/\/semmelweis.hu\/egeszsegfejlesztes\/files\/2025\/03\/szures-infografika-1-MAGYAR-1024x748.jpg 1024w, https:\/\/semmelweis.hu\/egeszsegfejlesztes\/files\/2025\/03\/szures-infografika-1-MAGYAR-768x561.jpg 768w, https:\/\/semmelweis.hu\/egeszsegfejlesztes\/files\/2025\/03\/szures-infografika-1-MAGYAR-753x550.jpg 753w, https:\/\/semmelweis.hu\/egeszsegfejlesztes\/files\/2025\/03\/szures-infografika-1-MAGYAR.jpg 1300w\" sizes=\"auto, (max-width: 966px) 100vw, 966px\" \/><\/a><\/p>\n<p><a href=\"https:\/\/semmelweis.hu\/egeszsegfejlesztes\/files\/2025\/03\/szures-infografika-2-MAGYAR.jpg\"><img loading=\"lazy\" decoding=\"async\" class=\"alignnone wp-image-52769\" src=\"https:\/\/semmelweis.hu\/egeszsegfejlesztes\/files\/2025\/03\/szures-infografika-2-MAGYAR-400x292.jpg\" alt=\"\" width=\"964\" height=\"704\" srcset=\"https:\/\/semmelweis.hu\/egeszsegfejlesztes\/files\/2025\/03\/szures-infografika-2-MAGYAR-400x292.jpg 400w, https:\/\/semmelweis.hu\/egeszsegfejlesztes\/files\/2025\/03\/szures-infografika-2-MAGYAR-1024x748.jpg 1024w, https:\/\/semmelweis.hu\/egeszsegfejlesztes\/files\/2025\/03\/szures-infografika-2-MAGYAR-768x561.jpg 768w, https:\/\/semmelweis.hu\/egeszsegfejlesztes\/files\/2025\/03\/szures-infografika-2-MAGYAR-753x550.jpg 753w, https:\/\/semmelweis.hu\/egeszsegfejlesztes\/files\/2025\/03\/szures-infografika-2-MAGYAR.jpg 1300w\" sizes=\"auto, (max-width: 964px) 100vw, 964px\" \/><\/a><\/p>\n<p><a href=\"https:\/\/semmelweis.hu\/egeszsegfejlesztes\/files\/2025\/03\/szures-infografika-3-MAGYAR.jpg\"><img loading=\"lazy\" decoding=\"async\" class=\"alignnone wp-image-52771\" src=\"https:\/\/semmelweis.hu\/egeszsegfejlesztes\/files\/2025\/03\/szures-infografika-3-MAGYAR-400x292.jpg\" alt=\"\" width=\"964\" height=\"704\" srcset=\"https:\/\/semmelweis.hu\/egeszsegfejlesztes\/files\/2025\/03\/szures-infografika-3-MAGYAR-400x292.jpg 400w, https:\/\/semmelweis.hu\/egeszsegfejlesztes\/files\/2025\/03\/szures-infografika-3-MAGYAR-1024x748.jpg 1024w, https:\/\/semmelweis.hu\/egeszsegfejlesztes\/files\/2025\/03\/szures-infografika-3-MAGYAR-768x561.jpg 768w, https:\/\/semmelweis.hu\/egeszsegfejlesztes\/files\/2025\/03\/szures-infografika-3-MAGYAR-753x550.jpg 753w, https:\/\/semmelweis.hu\/egeszsegfejlesztes\/files\/2025\/03\/szures-infografika-3-MAGYAR.jpg 1300w\" sizes=\"auto, (max-width: 964px) 100vw, 964px\" \/><\/a><\/p>\n","protected":false},"excerpt":{"rendered":"<p><a href=\"https:\/\/semmelweis.hu\/egeszsegfejlesztes\/files\/2025\/03\/szures-infografika-1-MAGYAR.jpg\"><\/a><br \/>\n<a href=\"https:\/\/semmelweis.hu\/egeszsegfejlesztes\/files\/2025\/03\/szures-infografika-2-MAGYAR.jpg\"><\/a><br \/>\n<a href=\"https:\/\/semmelweis.hu\/egeszsegfejlesztes\/files\/2025\/03\/szures-infografika-3-MAGYAR.jpg\"><\/a><\/p>\n","protected":false},"author":102071,"featured_media":52767,"parent":48819,"menu_order":4,"comment_status":"closed","ping_status":"closed","template":"","meta":{"_acf_changed":false,"footnotes":""},"categories":[],"tags":[],"class_list":["post-51511","page","type-page","status-publish","has-post-thumbnail","hentry"],"acf":[],"_links":{"self":[{"href":"https:\/\/semmelweis.hu\/egeszsegfejlesztes\/wp-json\/wp\/v2\/pages\/51511","targetHints":{"allow":["GET"]}}],"collection":[{"href":"https:\/\/semmelweis.hu\/egeszsegfejlesztes\/wp-json\/wp\/v2\/pages"}],"about":[{"href":"https:\/\/semmelweis.hu\/egeszsegfejlesztes\/wp-json\/wp\/v2\/types\/page"}],"author":[{"embeddable":true,"href":"https:\/\/semmelweis.hu\/egeszsegfejlesztes\/wp-json\/wp\/v2\/users\/102071"}],"replies":[{"embeddable":true,"href":"https:\/\/semmelweis.hu\/egeszsegfejlesztes\/wp-json\/wp\/v2\/comments?post=51511"}],"version-history":[{"count":9,"href":"https:\/\/semmelweis.hu\/egeszsegfejlesztes\/wp-json\/wp\/v2\/pages\/51511\/revisions"}],"predecessor-version":[{"id":53020,"href":"https:\/\/semmelweis.hu\/egeszsegfejlesztes\/wp-json\/wp\/v2\/pages\/51511\/revisions\/53020"}],"up":[{"embeddable":true,"href":"https:\/\/semmelweis.hu\/egeszsegfejlesztes\/wp-json\/wp\/v2\/pages\/48819"}],"wp:featuredmedia":[{"embeddable":true,"href":"https:\/\/semmelweis.hu\/egeszsegfejlesztes\/wp-json\/wp\/v2\/media\/52767"}],"wp:attachment":[{"href":"https:\/\/semmelweis.hu\/egeszsegfejlesztes\/wp-json\/wp\/v2\/media?parent=51511"}],"wp:term":[{"taxonomy":"category","embeddable":true,"href":"https:\/\/semmelweis.hu\/egeszsegfejlesztes\/wp-json\/wp\/v2\/categories?post=51511"},{"taxonomy":"post_tag","embeddable":true,"href":"https:\/\/semmelweis.hu\/egeszsegfejlesztes\/wp-json\/wp\/v2\/tags?post=51511"}],"curies":[{"name":"wp","href":"https:\/\/api.w.org\/{rel}","templated":true}]}}