{"id":51152,"date":"2022-06-08T14:01:09","date_gmt":"2022-06-08T12:01:09","guid":{"rendered":"https:\/\/semmelweis.hu\/egeszsegfejlesztes\/?page_id=51152"},"modified":"2024-12-02T14:06:48","modified_gmt":"2024-12-02T13:06:48","slug":"waist-circumference","status":"publish","type":"page","link":"https:\/\/semmelweis.hu\/egeszsegfejlesztes\/en\/health-to-go\/3-nutritional-status-and-body-type\/waist-circumference\/","title":{"rendered":"Waist circumference measurement"},"content":{"rendered":"<h5><span style=\"font-size: 14pt;color: #6fa14a\"><em>Do you know how to measure your waist circumference correctly?<\/em><\/span><\/h5>\n<p>The graphic below will help you to learn this step by step. All you have to do is follow the instructions precisely.<\/p>\n<p><a href=\"https:\/\/semmelweis.hu\/egeszsegfejlesztes\/files\/2022\/06\/meres_angol.jpg\"><img loading=\"lazy\" decoding=\"async\" class=\"wp-image-51153 aligncenter\" src=\"https:\/\/semmelweis.hu\/egeszsegfejlesztes\/files\/2022\/06\/meres_angol-400x267.jpg\" alt=\"\" width=\"930\" height=\"621\" srcset=\"https:\/\/semmelweis.hu\/egeszsegfejlesztes\/files\/2022\/06\/meres_angol-400x267.jpg 400w, https:\/\/semmelweis.hu\/egeszsegfejlesztes\/files\/2022\/06\/meres_angol-768x512.jpg 768w, https:\/\/semmelweis.hu\/egeszsegfejlesztes\/files\/2022\/06\/meres_angol-753x502.jpg 753w, https:\/\/semmelweis.hu\/egeszsegfejlesztes\/files\/2022\/06\/meres_angol-203x135.jpg 203w, https:\/\/semmelweis.hu\/egeszsegfejlesztes\/files\/2022\/06\/meres_angol.jpg 1600w\" sizes=\"auto, (max-width: 930px) 100vw, 930px\" \/><\/a>Abdominal obesity increases the risk of certain chronic (e.g. cardiovascular) diseases; therefore, it is important to consider the risk associated with your results.<\/p>\n<table class=\"middle-border\">\n<tbody>\n<tr style=\"height: 95px\">\n<td style=\"height: 95px\" width=\"199\">\n<h5><span style=\"font-size: 14pt;color: #6fa14a\">Risk of cardiovascular disease<\/span><\/h5>\n<\/td>\n<td style=\"height: 95px\" width=\"272\">\n<h5><span style=\"font-size: 14pt\">Low risk<\/span><\/h5>\n<\/td>\n<td style=\"height: 95px\" width=\"235\">\n<h5><span style=\"font-size: 14pt\">Medium risk<\/span><\/h5>\n<\/td>\n<td style=\"height: 95px\" width=\"235\">\n<h5><span style=\"font-size: 14pt\">High risk<\/span><\/h5>\n<\/td>\n<\/tr>\n<tr style=\"height: 53px\">\n<td style=\"height: 53px\" width=\"199\">\n<h5><em><span style=\"font-size: 14pt\">female<\/span><\/em><\/h5>\n<\/td>\n<td style=\"height: 53px\" width=\"272\">\n<p>under 80 cm<\/p>\n<\/td>\n<td style=\"height: 53px\" width=\"235\">\n<p>80\u201388 cm<\/p>\n<\/td>\n<td style=\"height: 53px\" width=\"235\">\n<p>over 88 cm<\/p>\n<\/td>\n<\/tr>\n<tr style=\"height: 53px\">\n<td style=\"height: 53px\" width=\"199\">\n<h5><em><span style=\"font-size: 14pt\">male<\/span><\/em><\/h5>\n<\/td>\n<td style=\"height: 53px\" width=\"272\">\n<p>under 94 cm<\/p>\n<\/td>\n<td style=\"height: 53px\" width=\"235\">\n<p>94\u2013102 cm<\/p>\n<\/td>\n<td style=\"height: 53px\" width=\"235\">\n<p>over 102 cm<\/p>\n<\/td>\n<\/tr>\n<\/tbody>\n<\/table>\n<p>If your result indicates medium or high risk, it may be time to change certain habits and start devising a new lifestyle. Luckily, this is no mission impossible; with professional help, the right amount of resolve, and efficient work, you can achieve the desired results.<\/p>\n<h5 style=\"text-align: center\"><em><span style=\"font-size: 14pt;color: #6fa14a\">Always rely on credible sources of information, and consult a dietician or a certified nutritionist to achieve long-term results.<\/span><\/em><\/h5>\n<p><em><span style=\"font-size: 10pt\">Reference:<\/span><\/em><\/p>\n<p><span style=\"font-size: 10pt\">Papp M. (2021) <em>Eg\u00e9szs\u00e9g elvitelre<\/em>, Semmelweis Kiad\u00f3, Budapest<\/span><\/p>\n<p><span style=\"font-size: 10pt\">Tulassay Zs. (2011) <em>A belgy\u00f3gy\u00e1szat alapjai,<\/em> Medicina K\u00f6nyvkiad\u00f3, Budapest<\/span><\/p>\n<p><span style=\"font-size: 10pt\">Lelovics Zs., Figler M. (2008) <em>T\u00e1pl\u00e1lts\u00e1gi \u00e1llapotot felm\u00e9r\u0151 valid\u00e1lt m\u00f3dszerek<\/em>, \u00daj Di\u00e9ta Online 2008\/5<\/span><\/p>\n","protected":false},"excerpt":{"rendered":"<p>Do you know how to measure your waist circumference correctly? The graphic below will help you to learn this step by step. All you have to do is follow the instructions precisely. <a href=\"https:\/\/semmelweis.hu\/egeszsegfejlesztes\/files\/2022\/06\/meres_angol.jpg\"><\/a> Abdominal obesity increases the risk of certain chronic (e.g. cardiovascular) diseases; therefore, it is important to consider the risk associated with your results. &hellip;<\/p>\n","protected":false},"author":101613,"featured_media":0,"parent":51129,"menu_order":1,"comment_status":"closed","ping_status":"closed","template":"","meta":{"_acf_changed":false,"footnotes":""},"categories":[],"tags":[],"class_list":["post-51152","page","type-page","status-publish","hentry"],"acf":[],"_links":{"self":[{"href":"https:\/\/semmelweis.hu\/egeszsegfejlesztes\/wp-json\/wp\/v2\/pages\/51152","targetHints":{"allow":["GET"]}}],"collection":[{"href":"https:\/\/semmelweis.hu\/egeszsegfejlesztes\/wp-json\/wp\/v2\/pages"}],"about":[{"href":"https:\/\/semmelweis.hu\/egeszsegfejlesztes\/wp-json\/wp\/v2\/types\/page"}],"author":[{"embeddable":true,"href":"https:\/\/semmelweis.hu\/egeszsegfejlesztes\/wp-json\/wp\/v2\/users\/101613"}],"replies":[{"embeddable":true,"href":"https:\/\/semmelweis.hu\/egeszsegfejlesztes\/wp-json\/wp\/v2\/comments?post=51152"}],"version-history":[{"count":6,"href":"https:\/\/semmelweis.hu\/egeszsegfejlesztes\/wp-json\/wp\/v2\/pages\/51152\/revisions"}],"predecessor-version":[{"id":52193,"href":"https:\/\/semmelweis.hu\/egeszsegfejlesztes\/wp-json\/wp\/v2\/pages\/51152\/revisions\/52193"}],"up":[{"embeddable":true,"href":"https:\/\/semmelweis.hu\/egeszsegfejlesztes\/wp-json\/wp\/v2\/pages\/51129"}],"wp:attachment":[{"href":"https:\/\/semmelweis.hu\/egeszsegfejlesztes\/wp-json\/wp\/v2\/media?parent=51152"}],"wp:term":[{"taxonomy":"category","embeddable":true,"href":"https:\/\/semmelweis.hu\/egeszsegfejlesztes\/wp-json\/wp\/v2\/categories?post=51152"},{"taxonomy":"post_tag","embeddable":true,"href":"https:\/\/semmelweis.hu\/egeszsegfejlesztes\/wp-json\/wp\/v2\/tags?post=51152"}],"curies":[{"name":"wp","href":"https:\/\/api.w.org\/{rel}","templated":true}]}}