{"id":51010,"date":"2022-03-31T11:22:17","date_gmt":"2022-03-31T09:22:17","guid":{"rendered":"https:\/\/semmelweis.hu\/egeszsegfejlesztes\/?page_id=51010"},"modified":"2025-07-31T16:25:54","modified_gmt":"2025-07-31T14:25:54","slug":"efott","status":"publish","type":"page","link":"https:\/\/semmelweis.hu\/egeszsegfejlesztes\/rendezvenyek\/prevencios-programok\/efott\/","title":{"rendered":"EFOTT fesztiv\u00e1l 2024"},"content":{"rendered":"<h5><span style=\"font-size: 14pt;color: #000080\">EFOTT 2024<\/span><\/h5>\n<p>A Semmelweis Egyetem Hallgat\u00f3i \u00d6nkorm\u00e1nyzat\u00e1val kar\u00f6ltve id\u00e9n is kitelep\u00fclt\u00fcnk az EFOTT Fesztiv\u00e1lra, ahol n\u00e9gy nap alatt <strong>444 ell\u00e1t\u00e1st v\u00e9gezt\u00fcnk<\/strong> az Orsz\u00e1gos K\u00f3rh\u00e1zi F\u0151igazgat\u00f3s\u00e1g (OKF\u0150) \u00e9s a D\u00e9l-pesti Centrumk\u00f3rh\u00e1z \u00e1ltal biztos\u00edtott sz\u0171r\u0151buszon.<\/p>\n<p><a href=\"https:\/\/semmelweis.hu\/egeszsegfejlesztes\/files\/2024\/12\/efott-2024-sek-1.jpg\"><img loading=\"lazy\" decoding=\"async\" class=\"aligncenter wp-image-52302\" src=\"https:\/\/semmelweis.hu\/egeszsegfejlesztes\/files\/2024\/12\/efott-2024-sek-1-400x292.jpg\" alt=\"\" width=\"632\" height=\"461\" srcset=\"https:\/\/semmelweis.hu\/egeszsegfejlesztes\/files\/2024\/12\/efott-2024-sek-1-400x292.jpg 400w, https:\/\/semmelweis.hu\/egeszsegfejlesztes\/files\/2024\/12\/efott-2024-sek-1-1024x748.jpg 1024w, https:\/\/semmelweis.hu\/egeszsegfejlesztes\/files\/2024\/12\/efott-2024-sek-1-768x561.jpg 768w, https:\/\/semmelweis.hu\/egeszsegfejlesztes\/files\/2024\/12\/efott-2024-sek-1-753x550.jpg 753w, https:\/\/semmelweis.hu\/egeszsegfejlesztes\/files\/2024\/12\/efott-2024-sek-1.jpg 1300w\" sizes=\"auto, (max-width: 632px) 100vw, 632px\" \/><\/a><\/p>\n<p>Komplex kardiovaszkul\u00e1ris rizik\u00f3becsl\u00e9ssel, professzion\u00e1lis test\u00f6sszet\u00e9tel-elemz\u00e9ssel, sz\u00e1j\u00fcregi sz\u0171r\u00e9ssel \u00e9s eg\u00e9szs\u00e9gfejleszt\u0151 j\u00e1t\u00e9kokkal v\u00e1rtuk a r\u00e9sztvev\u0151ket. K\u00f6sz\u00f6nj\u00fck a Curaprox t\u00e1mogat\u00e1s\u00e1t a nagysiker\u0171 sz\u00e1j\u00fcregi prevenci\u00f3s foglalkoz\u00e1sokhoz.<\/p>\n<p>A kitelep\u00fcl\u00e9sen 15 hallgat\u00f3 \u00e9s v\u00e9gzett szakember v\u00e1rta az \u00e9rdekl\u0151d\u0151ket. Ha Te is semmelweises hallgat\u00f3 vagy, \u00e9s j\u00f6v\u0151re szeretn\u00e9l vel\u00fcnk tartani, k\u00f6vess minket, hogy nehogy lemaradj \u0151szi \u00f6nk\u00e9ntes k\u00e9pz\u00e9s\u00fcnkr\u0151l.<\/p>\n<p>K\u00f6sz\u00f6nj\u00fck a H\u00d6OK-nak a felk\u00e9r\u00e9st, \u00e9s hogy id\u00e9n is ott lehett\u00fcnk.<\/p>\n\r\n        [slb_exclude]\r\n        <div class=\"row galeria-wrapper mx-0 h-auto\">\r\n            <div class=\"col-9 pl-0 pr-2\">\r\n            <span class=\"gallery-item frame\">\r\n\t\t\t\t<div class=\"galeria-left-img\"><a href=\"https:\/\/semmelweis.hu\/egeszsegfejlesztes\/files\/2024\/12\/1-1.jpg\"><img src=https:\/\/semmelweis.hu\/egeszsegfejlesztes\/files\/2024\/12\/1-1.jpg  \r\n                            alt=\"\" \r\n                            class=\"attachment-sote-gallery-big size-sote-gallery-big\" \r\n                            srcset=\"https:\/\/semmelweis.hu\/egeszsegfejlesztes\/files\/2024\/12\/1-1-400x320.jpg 400w, https:\/\/semmelweis.hu\/egeszsegfejlesztes\/files\/2024\/12\/1-1-1024x819.jpg 1024w, https:\/\/semmelweis.hu\/egeszsegfejlesztes\/files\/2024\/12\/1-1-768x614.jpg 768w, https:\/\/semmelweis.hu\/egeszsegfejlesztes\/files\/2024\/12\/1-1-753x602.jpg 753w, https:\/\/semmelweis.hu\/egeszsegfejlesztes\/files\/2024\/12\/1-1.jpg 1500w\" ><\/a><\/div>\r\n            <\/span>\r\n\r\n            <\/div>\r\n\r\n\t\t\t<div class=\"col-3 pl-0 pr-0\">\r\n\t\t\t\t<div class=\"galeria-right-img d-flex justify-content-between flex-column h-100 w-100 px-0 mx-0 \">\r\n                <div class=\"galeria-box\">\r\n\t\t\t\t\t<h3 class=\"galeria-title\">Gal\u00e9ria<\/h3>\r\n\t\t\t\t\t<div class=\"galeria-subtitle\">\r\n\r\n\t\t\t\t\t\t<div class=\"galeria-page-counter\"><span>12<\/span>k\u00e9p<\/div>\r\n                    <\/div> <\/div>\r\n                    <span class=\"gallery-item frame d-none d-md-flex\">\r\n\t\t\t\t\t<div class=\"galeria-small-img mt-0\"><a href=\"https:\/\/semmelweis.hu\/egeszsegfejlesztes\/files\/2024\/12\/8-1.jpg\"><img src=https:\/\/semmelweis.hu\/egeszsegfejlesztes\/files\/2024\/12\/8-1.jpg \r\n                                alt=\"\"  \r\n                                class=\"attachment-sote-gallery-small size-sote-gallery-small\" \r\n                                srcset=\"https:\/\/semmelweis.hu\/egeszsegfejlesztes\/files\/2024\/12\/8-1-400x320.jpg 400w, https:\/\/semmelweis.hu\/egeszsegfejlesztes\/files\/2024\/12\/8-1-1024x819.jpg 1024w, https:\/\/semmelweis.hu\/egeszsegfejlesztes\/files\/2024\/12\/8-1-768x614.jpg 768w, https:\/\/semmelweis.hu\/egeszsegfejlesztes\/files\/2024\/12\/8-1-753x602.jpg 753w, https:\/\/semmelweis.hu\/egeszsegfejlesztes\/files\/2024\/12\/8-1.jpg 1500w\" ><\/a><\/div>\r\n                    <\/span>\r\n                    <span class=\"gallery-item frame d-none d-md-flex\">\r\n\t\t\t\t\t<div class=\"galeria-small-img mt-0\"><a href=\"https:\/\/semmelweis.hu\/egeszsegfejlesztes\/files\/2024\/12\/10.jpg\"><img src=https:\/\/semmelweis.hu\/egeszsegfejlesztes\/files\/2024\/12\/10.jpg \r\n                                alt=\"\" \r\n                                class=\"attachment-sote-gallery-small size-sote-gallery-small\" \r\n                                srcset=\"https:\/\/semmelweis.hu\/egeszsegfejlesztes\/files\/2024\/12\/10-400x320.jpg 400w, https:\/\/semmelweis.hu\/egeszsegfejlesztes\/files\/2024\/12\/10-1024x819.jpg 1024w, https:\/\/semmelweis.hu\/egeszsegfejlesztes\/files\/2024\/12\/10-768x614.jpg 768w, https:\/\/semmelweis.hu\/egeszsegfejlesztes\/files\/2024\/12\/10-753x602.jpg 753w, https:\/\/semmelweis.hu\/egeszsegfejlesztes\/files\/2024\/12\/10.jpg 1500w\" ><\/a><\/div>\r\n                    <\/span>\r\n\r\n                <\/div>\r\n\r\n            <\/div>\r\n\r\n            <span class=\"gallery-item\"><div class=\"hidden\"><a href=\"https:\/\/semmelweis.hu\/egeszsegfejlesztes\/files\/2024\/12\/27.jpg\">\r\n        <img src=https:\/\/semmelweis.hu\/egeszsegfejlesztes\/files\/2024\/12\/27.jpg alt=\"\" class=\"attachment-sote-gallery-big size-sote-gallery-big\" srcset=\"https:\/\/semmelweis.hu\/egeszsegfejlesztes\/files\/2024\/12\/27-320x400.jpg 320w, https:\/\/semmelweis.hu\/egeszsegfejlesztes\/files\/2024\/12\/27-819x1024.jpg 819w, https:\/\/semmelweis.hu\/egeszsegfejlesztes\/files\/2024\/12\/27-768x960.jpg 768w, https:\/\/semmelweis.hu\/egeszsegfejlesztes\/files\/2024\/12\/27-753x941.jpg 753w, https:\/\/semmelweis.hu\/egeszsegfejlesztes\/files\/2024\/12\/27.jpg 960w\" >\r\n        <\/a><\/div><\/span><span class=\"gallery-item\"><div class=\"hidden\"><a href=\"https:\/\/semmelweis.hu\/egeszsegfejlesztes\/files\/2024\/12\/a1.jpg\">\r\n        <img src=https:\/\/semmelweis.hu\/egeszsegfejlesztes\/files\/2024\/12\/a1.jpg alt=\"\" class=\"attachment-sote-gallery-big size-sote-gallery-big\" srcset=\"https:\/\/semmelweis.hu\/egeszsegfejlesztes\/files\/2024\/12\/a1-320x400.jpg 320w, https:\/\/semmelweis.hu\/egeszsegfejlesztes\/files\/2024\/12\/a1-819x1024.jpg 819w, https:\/\/semmelweis.hu\/egeszsegfejlesztes\/files\/2024\/12\/a1-768x960.jpg 768w, https:\/\/semmelweis.hu\/egeszsegfejlesztes\/files\/2024\/12\/a1-753x941.jpg 753w, https:\/\/semmelweis.hu\/egeszsegfejlesztes\/files\/2024\/12\/a1.jpg 960w\" >\r\n        <\/a><\/div><\/span><span class=\"gallery-item\"><div class=\"hidden\"><a href=\"https:\/\/semmelweis.hu\/egeszsegfejlesztes\/files\/2024\/12\/a4.jpg\">\r\n        <img src=https:\/\/semmelweis.hu\/egeszsegfejlesztes\/files\/2024\/12\/a4.jpg alt=\"\" class=\"attachment-sote-gallery-big size-sote-gallery-big\" srcset=\"https:\/\/semmelweis.hu\/egeszsegfejlesztes\/files\/2024\/12\/a4-320x400.jpg 320w, https:\/\/semmelweis.hu\/egeszsegfejlesztes\/files\/2024\/12\/a4-819x1024.jpg 819w, https:\/\/semmelweis.hu\/egeszsegfejlesztes\/files\/2024\/12\/a4-768x960.jpg 768w, https:\/\/semmelweis.hu\/egeszsegfejlesztes\/files\/2024\/12\/a4-753x941.jpg 753w, https:\/\/semmelweis.hu\/egeszsegfejlesztes\/files\/2024\/12\/a4.jpg 960w\" >\r\n        <\/a><\/div><\/span><span class=\"gallery-item\"><div class=\"hidden\"><a href=\"https:\/\/semmelweis.hu\/egeszsegfejlesztes\/files\/2024\/12\/a11.jpg\">\r\n        <img src=https:\/\/semmelweis.hu\/egeszsegfejlesztes\/files\/2024\/12\/a11.jpg alt=\"\" class=\"attachment-sote-gallery-big size-sote-gallery-big\" srcset=\"https:\/\/semmelweis.hu\/egeszsegfejlesztes\/files\/2024\/12\/a11-320x400.jpg 320w, https:\/\/semmelweis.hu\/egeszsegfejlesztes\/files\/2024\/12\/a11-819x1024.jpg 819w, https:\/\/semmelweis.hu\/egeszsegfejlesztes\/files\/2024\/12\/a11-768x960.jpg 768w, https:\/\/semmelweis.hu\/egeszsegfejlesztes\/files\/2024\/12\/a11-753x941.jpg 753w, https:\/\/semmelweis.hu\/egeszsegfejlesztes\/files\/2024\/12\/a11.jpg 960w\" >\r\n        <\/a><\/div><\/span><span class=\"gallery-item\"><div class=\"hidden\"><a href=\"https:\/\/semmelweis.hu\/egeszsegfejlesztes\/files\/2024\/12\/a13.jpg\">\r\n        <img src=https:\/\/semmelweis.hu\/egeszsegfejlesztes\/files\/2024\/12\/a13.jpg alt=\"\" class=\"attachment-sote-gallery-big size-sote-gallery-big\" srcset=\"https:\/\/semmelweis.hu\/egeszsegfejlesztes\/files\/2024\/12\/a13-320x400.jpg 320w, https:\/\/semmelweis.hu\/egeszsegfejlesztes\/files\/2024\/12\/a13-819x1024.jpg 819w, https:\/\/semmelweis.hu\/egeszsegfejlesztes\/files\/2024\/12\/a13-768x960.jpg 768w, https:\/\/semmelweis.hu\/egeszsegfejlesztes\/files\/2024\/12\/a13-753x941.jpg 753w, https:\/\/semmelweis.hu\/egeszsegfejlesztes\/files\/2024\/12\/a13.jpg 960w\" >\r\n        <\/a><\/div><\/span><span class=\"gallery-item\"><div class=\"hidden\"><a href=\"https:\/\/semmelweis.hu\/egeszsegfejlesztes\/files\/2024\/12\/a15.jpg\">\r\n        <img src=https:\/\/semmelweis.hu\/egeszsegfejlesztes\/files\/2024\/12\/a15.jpg alt=\"\" class=\"attachment-sote-gallery-big size-sote-gallery-big\" srcset=\"https:\/\/semmelweis.hu\/egeszsegfejlesztes\/files\/2024\/12\/a15-320x400.jpg 320w, https:\/\/semmelweis.hu\/egeszsegfejlesztes\/files\/2024\/12\/a15-819x1024.jpg 819w, https:\/\/semmelweis.hu\/egeszsegfejlesztes\/files\/2024\/12\/a15-768x960.jpg 768w, https:\/\/semmelweis.hu\/egeszsegfejlesztes\/files\/2024\/12\/a15-753x941.jpg 753w, https:\/\/semmelweis.hu\/egeszsegfejlesztes\/files\/2024\/12\/a15.jpg 960w\" >\r\n        <\/a><\/div><\/span><span class=\"gallery-item\"><div class=\"hidden\"><a href=\"https:\/\/semmelweis.hu\/egeszsegfejlesztes\/files\/2024\/12\/2.jpg\">\r\n        <img src=https:\/\/semmelweis.hu\/egeszsegfejlesztes\/files\/2024\/12\/2.jpg alt=\"\" class=\"attachment-sote-gallery-big size-sote-gallery-big\" srcset=\"https:\/\/semmelweis.hu\/egeszsegfejlesztes\/files\/2024\/12\/2-400x320.jpg 400w, https:\/\/semmelweis.hu\/egeszsegfejlesztes\/files\/2024\/12\/2-1024x819.jpg 1024w, https:\/\/semmelweis.hu\/egeszsegfejlesztes\/files\/2024\/12\/2-768x614.jpg 768w, https:\/\/semmelweis.hu\/egeszsegfejlesztes\/files\/2024\/12\/2-753x602.jpg 753w, https:\/\/semmelweis.hu\/egeszsegfejlesztes\/files\/2024\/12\/2.jpg 1500w\" >\r\n        <\/a><\/div><\/span><span class=\"gallery-item\"><div class=\"hidden\"><a href=\"https:\/\/semmelweis.hu\/egeszsegfejlesztes\/files\/2024\/12\/4.jpg\">\r\n        <img src=https:\/\/semmelweis.hu\/egeszsegfejlesztes\/files\/2024\/12\/4.jpg alt=\"\" class=\"attachment-sote-gallery-big size-sote-gallery-big\" srcset=\"https:\/\/semmelweis.hu\/egeszsegfejlesztes\/files\/2024\/12\/4-400x320.jpg 400w, https:\/\/semmelweis.hu\/egeszsegfejlesztes\/files\/2024\/12\/4-1024x819.jpg 1024w, https:\/\/semmelweis.hu\/egeszsegfejlesztes\/files\/2024\/12\/4-768x614.jpg 768w, https:\/\/semmelweis.hu\/egeszsegfejlesztes\/files\/2024\/12\/4-753x602.jpg 753w, https:\/\/semmelweis.hu\/egeszsegfejlesztes\/files\/2024\/12\/4.jpg 1500w\" >\r\n        <\/a><\/div><\/span><span class=\"gallery-item\"><div class=\"hidden\"><a href=\"https:\/\/semmelweis.hu\/egeszsegfejlesztes\/files\/2024\/12\/6.jpg\">\r\n        <img src=https:\/\/semmelweis.hu\/egeszsegfejlesztes\/files\/2024\/12\/6.jpg alt=\"\" class=\"attachment-sote-gallery-big size-sote-gallery-big\" srcset=\"https:\/\/semmelweis.hu\/egeszsegfejlesztes\/files\/2024\/12\/6-400x320.jpg 400w, https:\/\/semmelweis.hu\/egeszsegfejlesztes\/files\/2024\/12\/6-1024x819.jpg 1024w, https:\/\/semmelweis.hu\/egeszsegfejlesztes\/files\/2024\/12\/6-768x614.jpg 768w, https:\/\/semmelweis.hu\/egeszsegfejlesztes\/files\/2024\/12\/6-753x602.jpg 753w, https:\/\/semmelweis.hu\/egeszsegfejlesztes\/files\/2024\/12\/6.jpg 1500w\" >\r\n        <\/a><\/div><\/span>\r\n            <\/div>\r\n\r\n            [\/slb_exclude]\r\n\t\n<p><span style=\"font-size: 12pt\"><em>Fot\u00f3k: SEK<\/em><\/span><\/p>\n","protected":false},"excerpt":{"rendered":"<p>EFOTT 2024 A Semmelweis Egyetem Hallgat\u00f3i \u00d6nkorm\u00e1nyzat\u00e1val kar\u00f6ltve id\u00e9n is kitelep\u00fclt\u00fcnk az EFOTT Fesztiv\u00e1lra, ahol n\u00e9gy nap alatt 444 ell\u00e1t\u00e1st v\u00e9gezt\u00fcnk az Orsz\u00e1gos K\u00f3rh\u00e1zi F\u0151igazgat\u00f3s\u00e1g (OKF\u0150) \u00e9s a D\u00e9l-pesti Centrumk\u00f3rh\u00e1z \u00e1ltal biztos\u00edtott sz\u0171r\u0151buszon. <a href=\"https:\/\/semmelweis.hu\/egeszsegfejlesztes\/files\/2024\/12\/efott-2024-sek-1.jpg\"><\/a> Komplex kardiovaszkul\u00e1ris rizik\u00f3becsl\u00e9ssel, professzion\u00e1lis test\u00f6sszet\u00e9tel-elemz\u00e9ssel, sz\u00e1j\u00fcregi sz\u0171r\u00e9ssel \u00e9s eg\u00e9szs\u00e9gfejleszt\u0151 j\u00e1t\u00e9kokkal v\u00e1rtuk a r\u00e9sztvev\u0151ket. K\u00f6sz\u00f6nj\u00fck a Curaprox t\u00e1mogat\u00e1s\u00e1t a nagysiker\u0171 sz\u00e1j\u00fcregi prevenci\u00f3s foglalkoz\u00e1sokhoz. &hellip;<\/p>\n","protected":false},"author":101613,"featured_media":50998,"parent":49450,"menu_order":1,"comment_status":"closed","ping_status":"closed","template":"","meta":{"_acf_changed":false,"footnotes":""},"categories":[],"tags":[],"class_list":["post-51010","page","type-page","status-publish","has-post-thumbnail","hentry"],"acf":[],"_links":{"self":[{"href":"https:\/\/semmelweis.hu\/egeszsegfejlesztes\/wp-json\/wp\/v2\/pages\/51010","targetHints":{"allow":["GET"]}}],"collection":[{"href":"https:\/\/semmelweis.hu\/egeszsegfejlesztes\/wp-json\/wp\/v2\/pages"}],"about":[{"href":"https:\/\/semmelweis.hu\/egeszsegfejlesztes\/wp-json\/wp\/v2\/types\/page"}],"author":[{"embeddable":true,"href":"https:\/\/semmelweis.hu\/egeszsegfejlesztes\/wp-json\/wp\/v2\/users\/101613"}],"replies":[{"embeddable":true,"href":"https:\/\/semmelweis.hu\/egeszsegfejlesztes\/wp-json\/wp\/v2\/comments?post=51010"}],"version-history":[{"count":9,"href":"https:\/\/semmelweis.hu\/egeszsegfejlesztes\/wp-json\/wp\/v2\/pages\/51010\/revisions"}],"predecessor-version":[{"id":53104,"href":"https:\/\/semmelweis.hu\/egeszsegfejlesztes\/wp-json\/wp\/v2\/pages\/51010\/revisions\/53104"}],"up":[{"embeddable":true,"href":"https:\/\/semmelweis.hu\/egeszsegfejlesztes\/wp-json\/wp\/v2\/pages\/49450"}],"wp:featuredmedia":[{"embeddable":true,"href":"https:\/\/semmelweis.hu\/egeszsegfejlesztes\/wp-json\/wp\/v2\/media\/50998"}],"wp:attachment":[{"href":"https:\/\/semmelweis.hu\/egeszsegfejlesztes\/wp-json\/wp\/v2\/media?parent=51010"}],"wp:term":[{"taxonomy":"category","embeddable":true,"href":"https:\/\/semmelweis.hu\/egeszsegfejlesztes\/wp-json\/wp\/v2\/categories?post=51010"},{"taxonomy":"post_tag","embeddable":true,"href":"https:\/\/semmelweis.hu\/egeszsegfejlesztes\/wp-json\/wp\/v2\/tags?post=51010"}],"curies":[{"name":"wp","href":"https:\/\/api.w.org\/{rel}","templated":true}]}}