{"id":50381,"date":"2021-10-29T11:08:04","date_gmt":"2021-10-29T09:08:04","guid":{"rendered":"https:\/\/semmelweis.hu\/egeszsegfejlesztes\/?page_id=50381"},"modified":"2025-02-27T15:24:57","modified_gmt":"2025-02-27T14:24:57","slug":"contact-us","status":"publish","type":"page","link":"https:\/\/semmelweis.hu\/egeszsegfejlesztes\/en\/contact-us\/","title":{"rendered":"Contact us"},"content":{"rendered":"<h1><span style=\"font-size: 14pt\"><img loading=\"lazy\" decoding=\"async\" class=\"alignnone  wp-image-51999\" src=\"https:\/\/semmelweis.hu\/egeszsegfejlesztes\/files\/2024\/11\/2-400x292.jpg\" alt=\"\" width=\"137\" height=\"100\" srcset=\"https:\/\/semmelweis.hu\/egeszsegfejlesztes\/files\/2024\/11\/2-400x292.jpg 400w, https:\/\/semmelweis.hu\/egeszsegfejlesztes\/files\/2024\/11\/2-1024x748.jpg 1024w, https:\/\/semmelweis.hu\/egeszsegfejlesztes\/files\/2024\/11\/2-768x561.jpg 768w, https:\/\/semmelweis.hu\/egeszsegfejlesztes\/files\/2024\/11\/2-753x550.jpg 753w, https:\/\/semmelweis.hu\/egeszsegfejlesztes\/files\/2024\/11\/2.jpg 1300w\" sizes=\"auto, (max-width: 137px) 100vw, 137px\" \/>Semmelweis Health Promotion Center<\/span><\/h1>\n<p><strong><img loading=\"lazy\" decoding=\"async\" class=\"alignnone  wp-image-52001\" src=\"https:\/\/semmelweis.hu\/egeszsegfejlesztes\/files\/2024\/11\/2-400x400.png\" alt=\"\" width=\"38\" height=\"38\" srcset=\"https:\/\/semmelweis.hu\/egeszsegfejlesztes\/files\/2024\/11\/2-400x400.png 400w, https:\/\/semmelweis.hu\/egeszsegfejlesztes\/files\/2024\/11\/2-150x150.png 150w, https:\/\/semmelweis.hu\/egeszsegfejlesztes\/files\/2024\/11\/2.png 500w\" sizes=\"auto, (max-width: 38px) 100vw, 38px\" \/>Address<\/strong>: 1085 Budapest, \u00dcll\u0151i \u00fat 26<\/p>\n<p><strong><img loading=\"lazy\" decoding=\"async\" class=\"alignnone  wp-image-52001\" src=\"https:\/\/semmelweis.hu\/egeszsegfejlesztes\/files\/2024\/11\/2-400x400.png\" alt=\"\" width=\"38\" height=\"38\" srcset=\"https:\/\/semmelweis.hu\/egeszsegfejlesztes\/files\/2024\/11\/2-400x400.png 400w, https:\/\/semmelweis.hu\/egeszsegfejlesztes\/files\/2024\/11\/2-150x150.png 150w, https:\/\/semmelweis.hu\/egeszsegfejlesztes\/files\/2024\/11\/2.png 500w\" sizes=\"auto, (max-width: 38px) 100vw, 38px\" \/>Establishment<\/strong>: 1082. Budapest Fut\u00f3 u. 47-53.<\/p>\n<p><strong><img loading=\"lazy\" decoding=\"async\" class=\"alignnone  wp-image-52001\" src=\"https:\/\/semmelweis.hu\/egeszsegfejlesztes\/files\/2024\/11\/2-400x400.png\" alt=\"\" width=\"38\" height=\"38\" srcset=\"https:\/\/semmelweis.hu\/egeszsegfejlesztes\/files\/2024\/11\/2-400x400.png 400w, https:\/\/semmelweis.hu\/egeszsegfejlesztes\/files\/2024\/11\/2-150x150.png 150w, https:\/\/semmelweis.hu\/egeszsegfejlesztes\/files\/2024\/11\/2.png 500w\" sizes=\"auto, (max-width: 38px) 100vw, 38px\" \/>Counselling<\/strong>: Basic Medical Science Center (EOK) <em>1094 Budapest, T\u0171zolt\u00f3 utca 37-47, Ground Floor 0.808, Health Promotion Center Counselling Room<\/em><\/p>\n<h1><span style=\"font-size: 14pt\">E-mail<\/span><\/h1>\n<p><strong><img loading=\"lazy\" decoding=\"async\" class=\"alignnone  wp-image-52000\" src=\"https:\/\/semmelweis.hu\/egeszsegfejlesztes\/files\/2024\/11\/1-400x400.png\" alt=\"\" width=\"36\" height=\"36\" srcset=\"https:\/\/semmelweis.hu\/egeszsegfejlesztes\/files\/2024\/11\/1-400x400.png 400w, https:\/\/semmelweis.hu\/egeszsegfejlesztes\/files\/2024\/11\/1-150x150.png 150w, https:\/\/semmelweis.hu\/egeszsegfejlesztes\/files\/2024\/11\/1.png 500w\" sizes=\"auto, (max-width: 36px) 100vw, 36px\" \/>Main e-mail:<\/strong> <a href=\"mailto:sek@semmelweis-univ.hu\">sek@semmelweis.hu<\/a><\/p>\n<p><strong><img loading=\"lazy\" decoding=\"async\" class=\"alignnone  wp-image-52000\" src=\"https:\/\/semmelweis.hu\/egeszsegfejlesztes\/files\/2024\/11\/1-400x400.png\" alt=\"\" width=\"36\" height=\"36\" srcset=\"https:\/\/semmelweis.hu\/egeszsegfejlesztes\/files\/2024\/11\/1-400x400.png 400w, https:\/\/semmelweis.hu\/egeszsegfejlesztes\/files\/2024\/11\/1-150x150.png 150w, https:\/\/semmelweis.hu\/egeszsegfejlesztes\/files\/2024\/11\/1.png 500w\" sizes=\"auto, (max-width: 36px) 100vw, 36px\" \/>Prevention services:<\/strong> <a href=\"mailto:egeszsegfejlesztesikp@semmelweis-univ.hu\">egeszsegfejlesztesikp@semmelweis.hu<\/a><\/p>\n<p><strong><img loading=\"lazy\" decoding=\"async\" class=\"alignnone  wp-image-52000\" src=\"https:\/\/semmelweis.hu\/egeszsegfejlesztes\/files\/2024\/11\/1-400x400.png\" alt=\"\" width=\"36\" height=\"36\" srcset=\"https:\/\/semmelweis.hu\/egeszsegfejlesztes\/files\/2024\/11\/1-400x400.png 400w, https:\/\/semmelweis.hu\/egeszsegfejlesztes\/files\/2024\/11\/1-150x150.png 150w, https:\/\/semmelweis.hu\/egeszsegfejlesztes\/files\/2024\/11\/1.png 500w\" sizes=\"auto, (max-width: 36px) 100vw, 36px\" \/>Staff Counselling Service:<\/strong> <a href=\"mailto:dolgozoi.tanacsado@semmelweis-univ.hu\">dolgozoi.tanacsado@semmelweis.hu<\/a><\/p>\n<p>&nbsp;<\/p>\n\n<!-- iframe plugin v.4.9 wordpress.org\/plugins\/iframe\/ -->\n<iframe loading=\"lazy\" src=\"https:\/\/www.google.com\/maps\/embed?pb=!1m18!1m12!1m3!1d2696.2376020178967!2d19.07187797587855!3d47.48528449634773!2m3!1f0!2f0!3f0!3m2!1i1024!2i768!4f13.1!3m3!1m2!1s0x4741dd8dd36f0477%3A0xb81dda60cb30c6c1!2sBudapest%2C%20Fut%C3%B3%20u.%2047-53%2C%201085!5e0!3m2!1sen!2shu!4v1739801121232!5m2!1sen!2shu\" width=\"600\" height=\"450\" scrolling=\"yes\" class=\"iframe-class\" frameborder=\"0\"><\/iframe>\n\n","protected":false},"excerpt":{"rendered":"<p>Semmelweis Health Promotion Center<br \/>\nAddress: 1085 Budapest, \u00dcll\u0151i \u00fat 26<br \/>\nEstablishment: 1082. Budapest Fut\u00f3 u. 47-53.<br \/>\nCounselling: Basic Medical Science Center (EOK) 1094 Budapest, T\u0171zolt\u00f3 utca 37-47, Ground Floor 0.808, Health Promotion Center Counselling Room<br \/>\nE-mail<br \/>\nMain e-mail: <a href=\"mailto:sek@semmelweis-univ.hu\">sek@semmelweis.hu<\/a><br \/>\nPrevention services: <a href=\"mailto:egeszsegfejlesztesikp@semmelweis-univ.hu\">egeszsegfejlesztesikp@semmelweis.hu<\/a><br \/>\nStaff Counselling Service: <a href=\"mailto:dolgozoi.tanacsado@semmelweis-univ.hu\">dolgozoi.tanacsado@semmelweis.hu<\/a><br \/>\n&nbsp;<br \/>\n\u00a0<\/p>\n","protected":false},"author":101613,"featured_media":0,"parent":0,"menu_order":10,"comment_status":"closed","ping_status":"closed","template":"","meta":{"_acf_changed":false,"footnotes":""},"categories":[],"tags":[],"class_list":["post-50381","page","type-page","status-publish","hentry"],"acf":[],"_links":{"self":[{"href":"https:\/\/semmelweis.hu\/egeszsegfejlesztes\/wp-json\/wp\/v2\/pages\/50381","targetHints":{"allow":["GET"]}}],"collection":[{"href":"https:\/\/semmelweis.hu\/egeszsegfejlesztes\/wp-json\/wp\/v2\/pages"}],"about":[{"href":"https:\/\/semmelweis.hu\/egeszsegfejlesztes\/wp-json\/wp\/v2\/types\/page"}],"author":[{"embeddable":true,"href":"https:\/\/semmelweis.hu\/egeszsegfejlesztes\/wp-json\/wp\/v2\/users\/101613"}],"replies":[{"embeddable":true,"href":"https:\/\/semmelweis.hu\/egeszsegfejlesztes\/wp-json\/wp\/v2\/comments?post=50381"}],"version-history":[{"count":7,"href":"https:\/\/semmelweis.hu\/egeszsegfejlesztes\/wp-json\/wp\/v2\/pages\/50381\/revisions"}],"predecessor-version":[{"id":52178,"href":"https:\/\/semmelweis.hu\/egeszsegfejlesztes\/wp-json\/wp\/v2\/pages\/50381\/revisions\/52178"}],"wp:attachment":[{"href":"https:\/\/semmelweis.hu\/egeszsegfejlesztes\/wp-json\/wp\/v2\/media?parent=50381"}],"wp:term":[{"taxonomy":"category","embeddable":true,"href":"https:\/\/semmelweis.hu\/egeszsegfejlesztes\/wp-json\/wp\/v2\/categories?post=50381"},{"taxonomy":"post_tag","embeddable":true,"href":"https:\/\/semmelweis.hu\/egeszsegfejlesztes\/wp-json\/wp\/v2\/tags?post=50381"}],"curies":[{"name":"wp","href":"https:\/\/api.w.org\/{rel}","templated":true}]}}