{"id":503,"date":"2020-04-27T15:12:38","date_gmt":"2020-04-27T13:12:38","guid":{"rendered":"http:\/\/semmelweis.hu\/egeszsegfejlesztes\/?page_id=503"},"modified":"2026-03-03T14:23:55","modified_gmt":"2026-03-03T13:23:55","slug":"onkenteseink","status":"publish","type":"page","link":"https:\/\/semmelweis.hu\/egeszsegfejlesztes\/akozpontrol\/onkenteseink\/","title":{"rendered":"\u00d6nk\u00e9nteseink"},"content":{"rendered":"<p style=\"text-align: justify\"><span style=\"font-family: Montserrat\">2019 okt\u00f3ber\u00e9ben ind\u00edtottuk el a K\u00f6zpont \u00f6nk\u00e9nteseinek toborz\u00e1s\u00e1t, melyre az \u00c1OK, ETK, GYTK, FOK hallgat\u00f3it h\u00edvtuk els\u0151 k\u00f6rben. A toborz\u00e1s mintegy h\u00e1rom h\u00e9t alatt zajlott le, t\u00f6bb mint 130 jelentkez\u0151vel.<\/span><\/p>\n<h1 style=\"text-align: center\"><strong><span style=\"font-family: Montserrat\">Legy\u00e9l Te is az \u00d6nk\u00e9nteSEK tagja!<br \/>\n<a id=\"button\" class=\"button\" href=\"https:\/\/docs.google.com\/forms\/d\/e\/1FAIpQLScah_V2ZnaYDajORYRK2tJembSY-oqezyv6s5TJOVGgY1qP9g\/viewform\" target=\"_blank\" rel=\"noopener\">Jelenzkett ITT!<\/a><br \/>\n<\/span><\/strong><\/h1>\n<p style=\"text-align: justify\"><span style=\"font-family: Montserrat\">Az \u00f6nk\u00e9tesek k\u00e9pz\u00e9s\u00e9vel \u00e9s bevon\u00e1s\u00e1val c\u00e9lunk az, hogy a Semmelweis Egyetem hallgat\u00f3i a gyakorlatban is kipr\u00f3b\u00e1lhass\u00e1k elm\u00e9leti szakmai tud\u00e1sukat.<\/span><\/p>\n<div class=\"keretes w-100\">\n<p><span style=\"font-family: Montserrat\"><strong>T\u00e1j\u00e9koztat\u00f3 hallgat\u00f3knak:<br \/>\n<\/strong>A k\u00f6vetkez\u0151 \u00f6nk\u00e9ntes k\u00e9pz\u00e9s id\u0151pontja: <strong>2026.03.12.<\/strong> cs\u00fct\u00f6rt\u00f6k 17:30-19:30.<br \/>\nA k\u00e9pz\u00e9sre jelentkezni <a id=\"btn btn-dark\" class=\"btn btn-dark\" href=\"https:\/\/forms.office.com\/e\/DTsLcrsVg4?origin=lprLink\" target=\"_blank\" rel=\"noopener\">ITT<\/a> tudtok.<br \/>\nEgy\u00e9b k\u00e9rd\u00e9s eset\u00e9n \u00edrjatok Csorba Istv\u00e1n koll\u00e9g\u00e1nknak a csorba.istvan@semmelweis.hu c\u00edmre.<\/span><\/p>\n<\/div>\n<p style=\"text-align: justify\"><span style=\"font-family: Montserrat\">Els\u0151 alkalommal minden jelentkez\u0151nek r\u00e9szt kell vennie egy &#8211; a Semmelweis Eg\u00e9szs\u00e9gfejleszt\u00e9si K\u00f6zpont szakemberei \u00e1ltal kidolgozott &#8211; k\u00e9pz\u00e9si alkalmon.\u00a0<\/span><\/p>\n<p style=\"text-align: justify\"><span style=\"font-family: Montserrat\"><a href=\"https:\/\/semmelweis.hu\/egeszsegfejlesztes\/files\/2024\/11\/onkenteSEK_2024.jpg\"><img loading=\"lazy\" decoding=\"async\" class=\"aligncenter wp-image-52165 size-full\" src=\"https:\/\/semmelweis.hu\/egeszsegfejlesztes\/files\/2024\/11\/onkenteSEK_2024.jpg\" alt=\"\" width=\"1300\" height=\"950\" srcset=\"https:\/\/semmelweis.hu\/egeszsegfejlesztes\/files\/2024\/11\/onkenteSEK_2024.jpg 1300w, https:\/\/semmelweis.hu\/egeszsegfejlesztes\/files\/2024\/11\/onkenteSEK_2024-400x292.jpg 400w, https:\/\/semmelweis.hu\/egeszsegfejlesztes\/files\/2024\/11\/onkenteSEK_2024-1024x748.jpg 1024w, https:\/\/semmelweis.hu\/egeszsegfejlesztes\/files\/2024\/11\/onkenteSEK_2024-768x561.jpg 768w, https:\/\/semmelweis.hu\/egeszsegfejlesztes\/files\/2024\/11\/onkenteSEK_2024-753x550.jpg 753w\" sizes=\"auto, (max-width: 1300px) 100vw, 1300px\" \/><\/a><\/span><\/p>\n<p style=\"text-align: justify\"><span style=\"font-family: Montserrat\">A k\u00e9pz\u00e9sek c\u00e9lja els\u0151 k\u00f6rben a hallgat\u00f3k bevon\u00e1sa, egy els\u0151 kapcsolatfelv\u00e9tel, melynek sor\u00e1n k\u00e9pet kapnak arr\u00f3l, hogy milyen tev\u00e9kenys\u00e9gekben vehetnek r\u00e9szt jelenleg \u00e9s a k\u00e9s\u0151bbiekben is az Eg\u00e9szs\u00e9gfejleszt\u00e9si K\u00f6zpont m\u0171k\u00f6d\u00e9s\u00e9nek keret\u00e9ben.<\/span><\/p>\n<h4 style=\"text-align: justify\"><span style=\"font-family: Montserrat\"><strong>A becsatorn\u00e1z\u00e1s sor\u00e1n:<\/strong><\/span><\/h4>\n<ul>\n<li style=\"text-align: justify\"><span style=\"font-family: Montserrat\">k\u00e9pz\u00e9sekre,<\/span><\/li>\n<li style=\"text-align: justify\"><span style=\"font-family: Montserrat\">esem\u00e9nyeken val\u00f3 \u00f6nk\u00e9ntes r\u00e9szv\u00e9telre,<\/span><\/li>\n<li style=\"text-align: justify\"><span style=\"font-family: Montserrat\">gyakorlati tapasztalatok szerz\u00e9s\u00e9re,<\/span><\/li>\n<li style=\"text-align: justify\"><span style=\"font-family: Montserrat\">karok k\u00f6z\u00f6tti egy\u00fcttm\u0171k\u00f6d\u00e9sre<\/span><\/li>\n<li style=\"text-align: justify\"><span style=\"font-family: Montserrat\">szakmai kapcsol\u00f3d\u00e1si lehet\u0151s\u00e9gekre,<\/span><\/li>\n<li style=\"text-align: justify\"><span style=\"font-family: Montserrat\">k\u00e9s\u0151bbi kutat\u00e1si lehet\u0151s\u00e9gekre,<\/span><\/li>\n<li style=\"text-align: justify\"><span style=\"font-family: Montserrat\">oktat\u00e1si tev\u00e9kenys\u00e9gekre helyezz\u00fck a hangs\u00falyt.<\/span><\/li>\n<\/ul>\n<div class=\"keretes w-100\">\n<p><span style=\"font-family: Montserrat\">\u00c9vente t\u00f6bbsz\u00f6r toborzunk \u00e9s k\u00e9pez\u00fcnk \u00faj \u00f6nk\u00e9nteseket, \u00fajabb alkalmakat szervez\u00fcnk, tematikus tov\u00e1bbk\u00e9pz\u00e9si lehet\u0151s\u00e9geket biztos\u00edtunk a Semmelweis Egyetem hallgat\u00f3i sz\u00e1m\u00e1ra.<\/span><\/p>\n<\/div>\n<p style=\"text-align: justify\"><span style=\"font-family: Montserrat\">Az \u00f6nk\u00e9ntesek kor\u00e1bban m\u00e1r lehet\u0151s\u00e9get kaptak elm\u00e9leti tud\u00e1suk kipr\u00f3b\u00e1l\u00e1s\u00e1ra az eg\u00e9szs\u00e9gnapokon, lakoss\u00e1gi sz\u0171r\u00e9seken, \u00e9s\u00a0 a j\u00f6v\u0151ben az Egyetem \u00e9s a K\u00f6zpont tov\u00e1bbi esem\u00e9nyeire is megh\u00edv\u00e1st, r\u00e9szv\u00e9teli lehet\u0151s\u00e9get biztos\u00edtunk sz\u00e1mukra.<\/span><\/p>\n<p style=\"text-align: justify\"><span style=\"font-family: Montserrat\">Az els\u0151 l\u00e9pcs\u0151s k\u00e9pz\u00e9s ut\u00e1n tov\u00e1bbi, t\u00e9maspecifikus alkalmakat is tervez\u00fcnk, melyek seg\u00edtik az elm\u00e9leti tapasztalataik gyakorlatba t\u00f6rt\u00e9n\u0151 \u00e1t\u00e9p\u00edt\u00e9s\u00e9t is.<\/span><\/p>\n<h3><span style=\"font-family: Montserrat\">Tekintsd \u00e1t gal\u00e9ri\u00e1nkat a k\u00f6zelm\u00falt esem\u00e9nyir\u0151l, ahol \u00f6nk\u00e9nteseinkkel egy\u00fctt vett\u00fcnk r\u00e9szt:<\/span><\/h3>\n\r\n        [slb_exclude]\r\n        <div class=\"row galeria-wrapper mx-0 h-auto\">\r\n            <div class=\"col-9 pl-0 pr-2\">\r\n            <span class=\"gallery-item frame\">\r\n\t\t\t\t<div class=\"galeria-left-img\"><a href=\"https:\/\/semmelweis.hu\/egeszsegfejlesztes\/files\/2026\/03\/onkentes7.jpg\"><img src=https:\/\/semmelweis.hu\/egeszsegfejlesztes\/files\/2026\/03\/onkentes7.jpg  \r\n                            alt=\"\" \r\n                            class=\"attachment-sote-gallery-big size-sote-gallery-big\" \r\n                            srcset=\"https:\/\/semmelweis.hu\/egeszsegfejlesztes\/files\/2026\/03\/onkentes7-400x292.jpg 400w, https:\/\/semmelweis.hu\/egeszsegfejlesztes\/files\/2026\/03\/onkentes7-1024x748.jpg 1024w, https:\/\/semmelweis.hu\/egeszsegfejlesztes\/files\/2026\/03\/onkentes7-768x561.jpg 768w, https:\/\/semmelweis.hu\/egeszsegfejlesztes\/files\/2026\/03\/onkentes7-753x550.jpg 753w, https:\/\/semmelweis.hu\/egeszsegfejlesztes\/files\/2026\/03\/onkentes7.jpg 1300w\" ><\/a><\/div>\r\n            <\/span>\r\n\r\n            <\/div>\r\n\r\n\t\t\t<div class=\"col-3 pl-0 pr-0\">\r\n\t\t\t\t<div class=\"galeria-right-img d-flex justify-content-between flex-column h-100 w-100 px-0 mx-0 \">\r\n                <div class=\"galeria-box\">\r\n\t\t\t\t\t<h3 class=\"galeria-title\">Gal\u00e9ria<\/h3>\r\n\t\t\t\t\t<div class=\"galeria-subtitle\">\r\n\r\n\t\t\t\t\t\t<div class=\"galeria-page-counter\"><span>12<\/span>k\u00e9p<\/div>\r\n                    <\/div> <\/div>\r\n                    <span class=\"gallery-item frame d-none d-md-flex\">\r\n\t\t\t\t\t<div class=\"galeria-small-img mt-0\"><a href=\"https:\/\/semmelweis.hu\/egeszsegfejlesztes\/files\/2026\/03\/onkentes3.jpg\"><img src=https:\/\/semmelweis.hu\/egeszsegfejlesztes\/files\/2026\/03\/onkentes3.jpg \r\n                                alt=\"\"  \r\n                                class=\"attachment-sote-gallery-small size-sote-gallery-small\" \r\n                                srcset=\"https:\/\/semmelweis.hu\/egeszsegfejlesztes\/files\/2026\/03\/onkentes3-400x292.jpg 400w, https:\/\/semmelweis.hu\/egeszsegfejlesztes\/files\/2026\/03\/onkentes3-1024x748.jpg 1024w, https:\/\/semmelweis.hu\/egeszsegfejlesztes\/files\/2026\/03\/onkentes3-768x561.jpg 768w, https:\/\/semmelweis.hu\/egeszsegfejlesztes\/files\/2026\/03\/onkentes3-753x550.jpg 753w, https:\/\/semmelweis.hu\/egeszsegfejlesztes\/files\/2026\/03\/onkentes3.jpg 1300w\" ><\/a><\/div>\r\n                    <\/span>\r\n                    <span class=\"gallery-item frame d-none d-md-flex\">\r\n\t\t\t\t\t<div class=\"galeria-small-img mt-0\"><a href=\"https:\/\/semmelweis.hu\/egeszsegfejlesztes\/files\/2026\/03\/onkentes2.jpg\"><img src=https:\/\/semmelweis.hu\/egeszsegfejlesztes\/files\/2026\/03\/onkentes2.jpg \r\n                                alt=\"\" \r\n                                class=\"attachment-sote-gallery-small size-sote-gallery-small\" \r\n                                srcset=\"https:\/\/semmelweis.hu\/egeszsegfejlesztes\/files\/2026\/03\/onkentes2-400x292.jpg 400w, https:\/\/semmelweis.hu\/egeszsegfejlesztes\/files\/2026\/03\/onkentes2-1024x748.jpg 1024w, https:\/\/semmelweis.hu\/egeszsegfejlesztes\/files\/2026\/03\/onkentes2-768x561.jpg 768w, https:\/\/semmelweis.hu\/egeszsegfejlesztes\/files\/2026\/03\/onkentes2-753x550.jpg 753w, https:\/\/semmelweis.hu\/egeszsegfejlesztes\/files\/2026\/03\/onkentes2.jpg 1300w\" ><\/a><\/div>\r\n                    <\/span>\r\n\r\n                <\/div>\r\n\r\n            <\/div>\r\n\r\n            <span class=\"gallery-item\"><div class=\"hidden\"><a href=\"https:\/\/semmelweis.hu\/egeszsegfejlesztes\/files\/2026\/03\/onkentes1.jpg\">\r\n        <img src=https:\/\/semmelweis.hu\/egeszsegfejlesztes\/files\/2026\/03\/onkentes1.jpg alt=\"\" class=\"attachment-sote-gallery-big size-sote-gallery-big\" srcset=\"https:\/\/semmelweis.hu\/egeszsegfejlesztes\/files\/2026\/03\/onkentes1-400x292.jpg 400w, https:\/\/semmelweis.hu\/egeszsegfejlesztes\/files\/2026\/03\/onkentes1-1024x748.jpg 1024w, https:\/\/semmelweis.hu\/egeszsegfejlesztes\/files\/2026\/03\/onkentes1-768x561.jpg 768w, https:\/\/semmelweis.hu\/egeszsegfejlesztes\/files\/2026\/03\/onkentes1-753x550.jpg 753w, https:\/\/semmelweis.hu\/egeszsegfejlesztes\/files\/2026\/03\/onkentes1.jpg 1300w\" >\r\n        <\/a><\/div><\/span><span class=\"gallery-item\"><div class=\"hidden\"><a href=\"https:\/\/semmelweis.hu\/egeszsegfejlesztes\/files\/2026\/03\/onkentes4.jpg\">\r\n        <img src=https:\/\/semmelweis.hu\/egeszsegfejlesztes\/files\/2026\/03\/onkentes4.jpg alt=\"\" class=\"attachment-sote-gallery-big size-sote-gallery-big\" srcset=\"https:\/\/semmelweis.hu\/egeszsegfejlesztes\/files\/2026\/03\/onkentes4-400x292.jpg 400w, https:\/\/semmelweis.hu\/egeszsegfejlesztes\/files\/2026\/03\/onkentes4-1024x748.jpg 1024w, https:\/\/semmelweis.hu\/egeszsegfejlesztes\/files\/2026\/03\/onkentes4-768x561.jpg 768w, https:\/\/semmelweis.hu\/egeszsegfejlesztes\/files\/2026\/03\/onkentes4-753x550.jpg 753w, https:\/\/semmelweis.hu\/egeszsegfejlesztes\/files\/2026\/03\/onkentes4.jpg 1300w\" >\r\n        <\/a><\/div><\/span><span class=\"gallery-item\"><div class=\"hidden\"><a href=\"https:\/\/semmelweis.hu\/egeszsegfejlesztes\/files\/2026\/03\/onkentes5.jpg\">\r\n        <img src=https:\/\/semmelweis.hu\/egeszsegfejlesztes\/files\/2026\/03\/onkentes5.jpg alt=\"\" class=\"attachment-sote-gallery-big size-sote-gallery-big\" srcset=\"https:\/\/semmelweis.hu\/egeszsegfejlesztes\/files\/2026\/03\/onkentes5-400x292.jpg 400w, https:\/\/semmelweis.hu\/egeszsegfejlesztes\/files\/2026\/03\/onkentes5-1024x748.jpg 1024w, https:\/\/semmelweis.hu\/egeszsegfejlesztes\/files\/2026\/03\/onkentes5-768x561.jpg 768w, https:\/\/semmelweis.hu\/egeszsegfejlesztes\/files\/2026\/03\/onkentes5-753x550.jpg 753w, https:\/\/semmelweis.hu\/egeszsegfejlesztes\/files\/2026\/03\/onkentes5.jpg 1300w\" >\r\n        <\/a><\/div><\/span><span class=\"gallery-item\"><div class=\"hidden\"><a href=\"https:\/\/semmelweis.hu\/egeszsegfejlesztes\/files\/2026\/03\/onkentes6.jpg\">\r\n        <img src=https:\/\/semmelweis.hu\/egeszsegfejlesztes\/files\/2026\/03\/onkentes6.jpg alt=\"\" class=\"attachment-sote-gallery-big size-sote-gallery-big\" srcset=\"https:\/\/semmelweis.hu\/egeszsegfejlesztes\/files\/2026\/03\/onkentes6-400x292.jpg 400w, https:\/\/semmelweis.hu\/egeszsegfejlesztes\/files\/2026\/03\/onkentes6-1024x748.jpg 1024w, https:\/\/semmelweis.hu\/egeszsegfejlesztes\/files\/2026\/03\/onkentes6-768x561.jpg 768w, https:\/\/semmelweis.hu\/egeszsegfejlesztes\/files\/2026\/03\/onkentes6-753x550.jpg 753w, https:\/\/semmelweis.hu\/egeszsegfejlesztes\/files\/2026\/03\/onkentes6.jpg 1300w\" >\r\n        <\/a><\/div><\/span><span class=\"gallery-item\"><div class=\"hidden\"><a href=\"https:\/\/semmelweis.hu\/egeszsegfejlesztes\/files\/2026\/03\/onkentes8.jpg\">\r\n        <img src=https:\/\/semmelweis.hu\/egeszsegfejlesztes\/files\/2026\/03\/onkentes8.jpg alt=\"\" class=\"attachment-sote-gallery-big size-sote-gallery-big\" srcset=\"https:\/\/semmelweis.hu\/egeszsegfejlesztes\/files\/2026\/03\/onkentes8-400x292.jpg 400w, https:\/\/semmelweis.hu\/egeszsegfejlesztes\/files\/2026\/03\/onkentes8-1024x748.jpg 1024w, https:\/\/semmelweis.hu\/egeszsegfejlesztes\/files\/2026\/03\/onkentes8-768x561.jpg 768w, https:\/\/semmelweis.hu\/egeszsegfejlesztes\/files\/2026\/03\/onkentes8-753x550.jpg 753w, https:\/\/semmelweis.hu\/egeszsegfejlesztes\/files\/2026\/03\/onkentes8.jpg 1300w\" >\r\n        <\/a><\/div><\/span><span class=\"gallery-item\"><div class=\"hidden\"><a href=\"https:\/\/semmelweis.hu\/egeszsegfejlesztes\/files\/2026\/03\/onkentes9.jpg\">\r\n        <img src=https:\/\/semmelweis.hu\/egeszsegfejlesztes\/files\/2026\/03\/onkentes9.jpg alt=\"\" class=\"attachment-sote-gallery-big size-sote-gallery-big\" srcset=\"https:\/\/semmelweis.hu\/egeszsegfejlesztes\/files\/2026\/03\/onkentes9-400x292.jpg 400w, https:\/\/semmelweis.hu\/egeszsegfejlesztes\/files\/2026\/03\/onkentes9-1024x748.jpg 1024w, https:\/\/semmelweis.hu\/egeszsegfejlesztes\/files\/2026\/03\/onkentes9-768x561.jpg 768w, https:\/\/semmelweis.hu\/egeszsegfejlesztes\/files\/2026\/03\/onkentes9-753x550.jpg 753w, https:\/\/semmelweis.hu\/egeszsegfejlesztes\/files\/2026\/03\/onkentes9.jpg 1300w\" >\r\n        <\/a><\/div><\/span><span class=\"gallery-item\"><div class=\"hidden\"><a href=\"https:\/\/semmelweis.hu\/egeszsegfejlesztes\/files\/2026\/03\/onkentes10.jpg\">\r\n        <img src=https:\/\/semmelweis.hu\/egeszsegfejlesztes\/files\/2026\/03\/onkentes10.jpg alt=\"\" class=\"attachment-sote-gallery-big size-sote-gallery-big\" srcset=\"https:\/\/semmelweis.hu\/egeszsegfejlesztes\/files\/2026\/03\/onkentes10-400x292.jpg 400w, https:\/\/semmelweis.hu\/egeszsegfejlesztes\/files\/2026\/03\/onkentes10-1024x748.jpg 1024w, https:\/\/semmelweis.hu\/egeszsegfejlesztes\/files\/2026\/03\/onkentes10-768x561.jpg 768w, https:\/\/semmelweis.hu\/egeszsegfejlesztes\/files\/2026\/03\/onkentes10-753x550.jpg 753w, https:\/\/semmelweis.hu\/egeszsegfejlesztes\/files\/2026\/03\/onkentes10.jpg 1300w\" >\r\n        <\/a><\/div><\/span><span class=\"gallery-item\"><div class=\"hidden\"><a href=\"https:\/\/semmelweis.hu\/egeszsegfejlesztes\/files\/2026\/03\/onkentes11.jpg\">\r\n        <img src=https:\/\/semmelweis.hu\/egeszsegfejlesztes\/files\/2026\/03\/onkentes11.jpg alt=\"\" class=\"attachment-sote-gallery-big size-sote-gallery-big\" srcset=\"https:\/\/semmelweis.hu\/egeszsegfejlesztes\/files\/2026\/03\/onkentes11-400x292.jpg 400w, https:\/\/semmelweis.hu\/egeszsegfejlesztes\/files\/2026\/03\/onkentes11-1024x748.jpg 1024w, https:\/\/semmelweis.hu\/egeszsegfejlesztes\/files\/2026\/03\/onkentes11-768x561.jpg 768w, https:\/\/semmelweis.hu\/egeszsegfejlesztes\/files\/2026\/03\/onkentes11-753x550.jpg 753w, https:\/\/semmelweis.hu\/egeszsegfejlesztes\/files\/2026\/03\/onkentes11.jpg 1300w\" >\r\n        <\/a><\/div><\/span><span class=\"gallery-item\"><div class=\"hidden\"><a href=\"https:\/\/semmelweis.hu\/egeszsegfejlesztes\/files\/2026\/03\/onkentes12.jpg\">\r\n        <img src=https:\/\/semmelweis.hu\/egeszsegfejlesztes\/files\/2026\/03\/onkentes12.jpg alt=\"\" class=\"attachment-sote-gallery-big size-sote-gallery-big\" srcset=\"https:\/\/semmelweis.hu\/egeszsegfejlesztes\/files\/2026\/03\/onkentes12-400x292.jpg 400w, https:\/\/semmelweis.hu\/egeszsegfejlesztes\/files\/2026\/03\/onkentes12-1024x748.jpg 1024w, https:\/\/semmelweis.hu\/egeszsegfejlesztes\/files\/2026\/03\/onkentes12-768x561.jpg 768w, https:\/\/semmelweis.hu\/egeszsegfejlesztes\/files\/2026\/03\/onkentes12-753x550.jpg 753w, https:\/\/semmelweis.hu\/egeszsegfejlesztes\/files\/2026\/03\/onkentes12.jpg 1300w\" >\r\n        <\/a><\/div><\/span>\r\n            <\/div>\r\n\r\n            [\/slb_exclude]\r\n\t\n<p>&nbsp;<\/p>\n<p>&nbsp;<\/p>\n<p>&nbsp;<\/p>\n<p>&nbsp;<\/p>\n<p>&nbsp;<\/p>\n<p>&nbsp;<\/p>\n","protected":false},"excerpt":{"rendered":"<p>2019 okt\u00f3ber\u00e9ben ind\u00edtottuk el a K\u00f6zpont \u00f6nk\u00e9nteseinek toborz\u00e1s\u00e1t, melyre az \u00c1OK, ETK, GYTK, FOK hallgat\u00f3it h\u00edvtuk els\u0151 k\u00f6rben. A toborz\u00e1s mintegy h\u00e1rom h\u00e9t alatt zajlott le, t\u00f6bb mint 130 jelentkez\u0151vel. Legy\u00e9l Te is az \u00d6nk\u00e9nteSEK tagja! <a id=\"button\" class=\"button\" href=\"https:\/\/docs.google.com\/forms\/d\/e\/1FAIpQLScah_V2ZnaYDajORYRK2tJembSY-oqezyv6s5TJOVGgY1qP9g\/viewform\" target=\"_blank\" rel=\"noopener\">Jelenzkett ITT!<\/a> Az \u00f6nk\u00e9tesek k\u00e9pz\u00e9s\u00e9vel \u00e9s bevon\u00e1s\u00e1val c\u00e9lunk az, hogy a Semmelweis Egyetem hallgat\u00f3i a gyakorlatban is kipr\u00f3b\u00e1lhass\u00e1k elm\u00e9leti szakmai tud\u00e1sukat. &hellip;<\/p>\n","protected":false},"author":101613,"featured_media":0,"parent":9,"menu_order":4,"comment_status":"closed","ping_status":"closed","template":"","meta":{"_acf_changed":false,"footnotes":""},"categories":[],"tags":[],"class_list":["post-503","page","type-page","status-publish","hentry"],"acf":[],"_links":{"self":[{"href":"https:\/\/semmelweis.hu\/egeszsegfejlesztes\/wp-json\/wp\/v2\/pages\/503","targetHints":{"allow":["GET"]}}],"collection":[{"href":"https:\/\/semmelweis.hu\/egeszsegfejlesztes\/wp-json\/wp\/v2\/pages"}],"about":[{"href":"https:\/\/semmelweis.hu\/egeszsegfejlesztes\/wp-json\/wp\/v2\/types\/page"}],"author":[{"embeddable":true,"href":"https:\/\/semmelweis.hu\/egeszsegfejlesztes\/wp-json\/wp\/v2\/users\/101613"}],"replies":[{"embeddable":true,"href":"https:\/\/semmelweis.hu\/egeszsegfejlesztes\/wp-json\/wp\/v2\/comments?post=503"}],"version-history":[{"count":12,"href":"https:\/\/semmelweis.hu\/egeszsegfejlesztes\/wp-json\/wp\/v2\/pages\/503\/revisions"}],"predecessor-version":[{"id":53693,"href":"https:\/\/semmelweis.hu\/egeszsegfejlesztes\/wp-json\/wp\/v2\/pages\/503\/revisions\/53693"}],"up":[{"embeddable":true,"href":"https:\/\/semmelweis.hu\/egeszsegfejlesztes\/wp-json\/wp\/v2\/pages\/9"}],"wp:attachment":[{"href":"https:\/\/semmelweis.hu\/egeszsegfejlesztes\/wp-json\/wp\/v2\/media?parent=503"}],"wp:term":[{"taxonomy":"category","embeddable":true,"href":"https:\/\/semmelweis.hu\/egeszsegfejlesztes\/wp-json\/wp\/v2\/categories?post=503"},{"taxonomy":"post_tag","embeddable":true,"href":"https:\/\/semmelweis.hu\/egeszsegfejlesztes\/wp-json\/wp\/v2\/tags?post=503"}],"curies":[{"name":"wp","href":"https:\/\/api.w.org\/{rel}","templated":true}]}}