{"id":49772,"date":"2021-03-01T14:57:22","date_gmt":"2021-03-01T13:57:22","guid":{"rendered":"https:\/\/semmelweis.hu\/egeszsegfejlesztes\/?page_id=49772"},"modified":"2025-09-05T08:57:02","modified_gmt":"2025-09-05T06:57:02","slug":"szenior-torna-bejelentkezes","status":"publish","type":"page","link":"https:\/\/semmelweis.hu\/egeszsegfejlesztes\/szolgaltatasok\/egyetemi-es-kulsos-erdeklodoknek\/szenior-torna\/szenior-torna-bejelentkezes\/","title":{"rendered":"Szenior torna bejelentkez\u00e9s"},"content":{"rendered":"<p>Tisztelt \u00c9rdekl\u0151d\u0151!<\/p>\n<p>Az al\u00e1bbi \u0171rlap kit\u00f6lt\u00e9s\u00e9vel e-mail c\u00edm\u00e9t regisztr\u00e1lhatja levelez\u0151 list\u00e1nkra, melyen kereszt\u00fcl az online szenior torna alkalmakr\u00f3l eml\u00e9keztet\u0151t k\u00fcld\u00fcnk a mozg\u00e1sprogramot megel\u0151z\u0151en hetente.\u00a0<\/p>\n<div class=\"fontos_div\">\n<p>A levelez\u00e9si c\u00edm r\u00f6gz\u00edt\u00e9s\u00e9hez <strong>elegend\u0151 egyszer regisztr\u00e1lnia<\/strong>, ezut\u00e1n 1-2 napon bel\u00fcl megk\u00fcldj\u00fck \u00d6nnek a sz\u00fcks\u00e9ges inform\u00e1ci\u00f3kat. A regisztr\u00e1ci\u00f3 ut\u00e1n visszaigazol\u00f3 e-mail nem \u00e9rkezik! Ha \u00d6n m\u00e1r kor\u00e1bban elk\u00fcldte e-mail el\u00e9rhet\u0151s\u00e9g\u00e9t nincs tov\u00e1bbi teend\u0151je!<\/p>\n<\/div>\n<div class=\"w-100\">\n<h5>\u00a0<\/h5>\n<h5>Edz\u00e9s vide\u00f3k\u00e9rt l\u00e1togasson el\u00a0<a href=\"http:\/\/www.youtube.com\/@semmelweisegeszsegfejleszt236\">YouTube csatorn\u00e1nkra<\/a>!<\/h5>\n<\/div>\n<p>&nbsp;<\/p>\n<p style=\"text-align: left\"><!--noptimize-->\n        <script type=\"text\/javascript\">\n         var cp_hourbk_cancel_label = 'M\u00e9gsem';\n         var cp_hourbk_quantity_label = 'Mennyis\u00e9g';\n         var message_ffile_accept = 'Please upload a valid file type';         \n         var cp_hourbk_message_ffile_size = 'File size exceeds limit';\n         var cp_hourbk_cost_label = 'K\u00f6lts\u00e9g';\n         var cp_hourbk_overlapping_label = 'Selected time is no longer available. Please select a different time.';\n         var cp_hourbk_nomore_label = 'No more slots available.';\n         var cp_hourbk_preselect = cp_hourbk_preselect || [];\n         cp_hourbk_preselect[\"_1\"] = '';\n         var cp_hourbk_cmpublic = true;\n         var cp_hourbk_avoid_overlapping = 0;         var apphboverbooking_handler0 = false;\n         function cp_appbooking_pform_doValidate_1(form)\n         { \n            $dexQuery = jQuery.noConflict();\n            try { document.cp_appbooking_pform_1.cp_ref_page.value = document.location; } catch (e) {}\n            $dexQuery = jQuery.noConflict();            var result = '';\n            try {\n            if (!apphboverbooking_handler0) {\n            if (document.cp_appbooking_pform_1.hdcaptcha_cp_appbooking_post.value == '') { setTimeout( \"cp_appbooking_cerror_1()\", 100); return false; }\n            result = $dexQuery.ajax({ type: \"GET\", url: \"https:\/\/semmelweis.hu\/egeszsegfejlesztes\/?ps=_1&cp_appbooking_pform_process=2&cp_appbooking_id=5&inAdmin=1&ps=_1&hdcaptcha_cp_appbooking_post=\"+document.cp_appbooking_pform_1.hdcaptcha_cp_appbooking_post.value, async: false }).responseText;\n            } \n            } catch (e) {result='';console.log('AHB: Captcha not detected.');}\n            if (!apphboverbooking_handler0 && result.indexOf(\"captchafailed\") != -1) {\n                $dexQuery(\"#captchaimg_1\").attr('src', $dexQuery(\"#captchaimg_1\").attr('src')+'&'+Math.floor((Math.random() * 99999) + 1));\n                setTimeout( \"cp_appbooking_cerror_1()\", 100);\n                return false;\n            } else             {\n                var cpefb_error = 0;\n                $dexQuery(\"#cp_appbooking_pform_1\").find(\".cpefb_error\").each(function(index){\n                    if ($dexQuery(this).css(\"display\")!=\"none\")\n                        if ($dexQuery(this).html() != cp_hourbk_overlapping_label) cpefb_error++;  \n                    });               \n                if (cpefb_error==0)\n                {if (!apphboverbooking_handler0)\n                    {\n                        apphbblink_1(\".pbSubmit:visible\");\n                        $dexQuery(\"#cp_appbooking_pform_1\").find(\".avoid_overlapping_before\").not(\".ignore,.ignorepb\").each(function(){\n                            if ($dexQuery(this).parent().is(\":visible\")) $dexQuery(this).removeClass(\"avoid_overlapping_before\").removeClass(\"valid\").addClass(\"avoid_overlapping\");\n                        })\n                        cp_hourbk_avoid_overlapping = 1;\n                        try {\n                            $dexQuery(\"#cp_appbooking_pform_1\").find(\".avoid_overlapping\").valid();\n                        } catch (e) { cp_hourbk_avoid_overlapping = 0; }\n                        function check_cp_hourbk_avoid_overlapping(){\n\t\t                    if (cp_hourbk_avoid_overlapping>0)\n\t\t                        setTimeout(check_cp_hourbk_avoid_overlapping,100);\n\t\t                    else\n\t\t                    {\n                                var cpefb_error = 0;\n                                $dexQuery(\"#cp_appbooking_pform_1\").find(\".cpefb_error\").each(function(index){\n                                    if ($dexQuery(this).css(\"display\")!=\"none\")\n                                        cpefb_error++;    \n                                    });\n                                if (cpefb_error==0 && !apphboverbooking_handler0)    \n                                {\n                                    apphboverbooking_handler0 = true;\n                                    if (cp_appbooking_pform_doValidate_1(form))\n                                        document.getElementById(\"cp_appbooking_pform_1\").submit();                                }\n\t\t                    }  \n\t\t                }\n\t\t                check_cp_hourbk_avoid_overlapping();\n                        return false;\n                    }                    \n\t        \t\t$dexQuery(\"#cp_appbooking_pform_1\").find( '.ignore' ).closest( '.fields' ).remove();\n\t        \t}\n                if (cpefb_error) return false;\n\t        \tdocument.getElementById(\"form_structure_1\").value = '';    \n\t        \tdocument.getElementById(\"refpage_1\").value = document.location;    \n                try { if (document.cp_appbooking_pform_1.cp_appbooking_pform_status.value != '0')\n                return false; } catch (e) {}\n                apphbblink_1(\".pbSubmit:visible\");\n                try { document.cp_appbooking_pform_1.cp_appbooking_pform_status.value = '1';\t } catch (e) {}\n                $dexQuery(document).trigger(\"beforeOnSubmitAhb\",{id:\"cp_appbooking_pform_1\"});\n                return true;\n            }  \n         }\n         function apphbblink_1(selector){\n             try {   \n                 $dexQuery = jQuery.noConflict();\n                 $dexQuery(selector).fadeOut(1000, function(){\n                     $dexQuery(this).fadeIn(1000, function(){\n                             try {                     \n                                 if (document.cp_appbooking_pform_1.cp_appbooking_pform_status.value != '0')\n                                     apphbblink_1(this);                                  \n                             } catch (e) {}  \n                     });\n                 });             \n             } catch (e) {}                 \n         }         \n         function cp_appbooking_cerror_1(){$dexQuery = jQuery.noConflict();$dexQuery(\"#hdcaptcha_error_1\").css('top',$dexQuery(\"#hdcaptcha_cp_appbooking_post_1\").outerHeight());$dexQuery(\"#hdcaptcha_error_1\").css(\"display\",\"inline\");}\n        <\/script><!--\/noptimize-->\n        <form autocomplete=\"off\" class=\"cpp_form\" name=\"cp_appbooking_pform_1\" id=\"cp_appbooking_pform_1\" action=\"\" method=\"post\" enctype=\"multipart\/form-data\" onsubmit=\"return cp_appbooking_pform_doValidate_1(this);\"><input type=\"hidden\" name=\"cp_pform_psequence\" value=\"_1\" \/><input type=\"hidden\" name=\"cp_appbooking_pform_process\" value=\"1\" \/><input type=\"hidden\" name=\"cp_appbooking_id\" value=\"5\" \/><input type=\"hidden\" name=\"cp_ref_page\" value=\"\" \/><input type=\"hidden\" name=\"form_structure_1\" id=\"form_structure_1\" size=\"180\" value=\"[[{&quot;form_identifier&quot;:&quot;&quot;,&quot;name&quot;:&quot;fieldname2&quot;,&quot;shortlabel&quot;:&quot;&quot;,&quot;index&quot;:0,&quot;ftype&quot;:&quot;ftext&quot;,&quot;userhelp&quot;:&quot;&quot;,&quot;userhelpTooltip&quot;:false,&quot;csslayout&quot;:&quot;&quot;,&quot;title&quot;:&quot;N\\u00e9v&quot;,&quot;predefined&quot;:&quot;&quot;,&quot;predefinedClick&quot;:false,&quot;required&quot;:true,&quot;size&quot;:&quot;medium&quot;,&quot;minlength&quot;:&quot;&quot;,&quot;maxlength&quot;:&quot;&quot;,&quot;equalTo&quot;:&quot;&quot;,&quot;fBuild&quot;:{}},{&quot;form_identifier&quot;:&quot;&quot;,&quot;name&quot;:&quot;email&quot;,&quot;shortlabel&quot;:&quot;&quot;,&quot;index&quot;:1,&quot;ftype&quot;:&quot;femail&quot;,&quot;userhelp&quot;:&quot;&quot;,&quot;userhelpTooltip&quot;:false,&quot;csslayout&quot;:&quot;hiddenMail&quot;,&quot;title&quot;:&quot;E-mail c\\u00edm&quot;,&quot;predefined&quot;:&quot;&quot;,&quot;predefinedClick&quot;:false,&quot;required&quot;:true,&quot;size&quot;:&quot;medium&quot;,&quot;equalTo&quot;:&quot;&quot;,&quot;fBuild&quot;:{}},{&quot;form_identifier&quot;:&quot;&quot;,&quot;name&quot;:&quot;fieldname5&quot;,&quot;shortlabel&quot;:&quot;&quot;,&quot;index&quot;:2,&quot;ftype&quot;:&quot;femail&quot;,&quot;userhelp&quot;:&quot;&quot;,&quot;userhelpTooltip&quot;:false,&quot;csslayout&quot;:&quot;&quot;,&quot;title&quot;:&quot;Email meger\\u0151s\\u00edt\\u00e9se&quot;,&quot;predefined&quot;:&quot;&quot;,&quot;predefinedClick&quot;:false,&quot;required&quot;:true,&quot;size&quot;:&quot;medium&quot;,&quot;equalTo&quot;:&quot;email&quot;,&quot;fBuild&quot;:{}},{&quot;form_identifier&quot;:&quot;&quot;,&quot;name&quot;:&quot;fieldname8&quot;,&quot;shortlabel&quot;:&quot;&quot;,&quot;index&quot;:3,&quot;ftype&quot;:&quot;facceptance&quot;,&quot;userhelp&quot;:&quot;&quot;,&quot;userhelpTooltip&quot;:false,&quot;csslayout&quot;:&quot;&quot;,&quot;title&quot;:&quot;Elfogadom a r\\u00e9szv\\u00e9telhez sz\\u00fcks\\u00e9ges nyilatkozatot \\u00e9s jelentkezem az \\u00f3r\\u00e1ra&quot;,&quot;value&quot;:&quot;Elfogadtam&quot;,&quot;url&quot;:&quot;&quot;,&quot;message&quot;:&quot;Jelentkez\\u00e9s\\u00e9vel elfogadja, hogy a csoportos foglalkoz\\u00e1s sor\\u00e1n nem k\\u00e9sz\\u00edt k\\u00e9p- \\u00e9s hangfelv\\u00e9telt.\\nHozz\\u00e1j\\u00e1rul ahhoz, hogy megadott adatait a csoportos foglalkoz\\u00e1s c\\u00e9lj\\u00e1b\\u00f3l kezelj\\u00fck, tov\\u00e1bb\\u00e1 elfogadja, hogy az \\u00f3r\\u00e1k sor\\u00e1n egyik f\\u00e9l sem k\\u00e9sz\\u00edt k\\u00e9p \\u00e9s hangfelv\\u00e9telt. Adatait az Eg\\u00e9szs\\u00e9gfejleszt\\u00e9si K\\u00f6zpont szakemberei bizalmasan kezelik, harmadik f\\u00e9l sz\\u00e1m\\u00e1ra nem adj\\u00e1k ki. \\nA feleknek a foglalkoz\\u00e1sok sor\\u00e1n megismert szem\\u00e9lyes adatokra vonatkoz\\u00f3an t\\u00e9rbeli \\u00e9s id\\u0151beli korl\\u00e1toz\\u00e1s n\\u00e9lk\\u00fcl titoktart\\u00e1si k\\u00f6telezetts\\u00e9g\\u00fck \\u00e1ll fenn.\\nA csoportos \\u00f3r\\u00e1k alkalm\\u00e1val megismert inform\\u00e1ci\\u00f3kat a kiz\\u00e1r\\u00f3lag szem\\u00e9lyes haszn\\u00e1laton t\\u00fal nem t\\u00f6lti fel, nem osztja meg \\u00e9s nem teszi el\\u00e9rhet\\u0151v\\u00e9 olyan platformon, csoportban, vagy m\\u00e1s form\\u00e1ban, amelynek eredm\\u00e9nyek\\u00e9nt arra jogosulatlan felhaszn\\u00e1l\\u00f3k is el\\u00e9rhetik.\\nA felek a foglalkoz\\u00e1sokon val\\u00f3 r\\u00e9szv\\u00e9tel \\u00e9s az adatkezel\\u00e9s szab\\u00e1lyainak megszeg\\u00e9s\\u00e9\\u00e9rt etikai \\u00e9s jogi felel\\u0151ss\\u00e9ggel tartoznak. A fenti szab\\u00e1lyok megs\\u00e9rt\\u00e9se ennek megfelel\\u0151en fegyelmi elj\\u00e1r\\u00e1st von maga ut\\u00e1n.&quot;,&quot;required&quot;:true,&quot;fBuild&quot;:{}}],[{&quot;title&quot;:&quot;&quot;,&quot;description&quot;:&quot;&quot;,&quot;formlayout&quot;:&quot;top_aligned&quot;,&quot;formtemplate&quot;:&quot;&quot;,&quot;evalequations&quot;:1,&quot;autocomplete&quot;:1,&quot;autofocus&quot;:false}]]\" \/><input type=\"hidden\" name=\"refpage_1\" id=\"refpage_1\" value=\"\"><input type=\"hidden\" name=\"cp_appbooking_pform_status\" value=\"0\" \/><input name=\"anonce\" type=\"hidden\" value=\"ca70226551\"\/><div id=\"fbuilder\">    \r\n    <div id=\"fbuilder_1\">\r\n        <div id=\"formheader_1\"><\/div>\r\n        <div id=\"fieldlist_1\"><\/div>\r\n    <\/div>\r\n<\/div>    \r\n<div style=\"display:none\">\r\n<div id=\"cpcaptchalayer_1\" class=\"cpcaptchalayer\">\r\n <div class=\"fields\" id=\"field-c0\" style=\"display:none\">\r\n    <label><\/label>\r\n    <div class=\"dfield\"><!--addons-payment-options--><\/div>\r\n    <div class=\"clearer\"><\/div>\r\n <\/div><!--addons-payment-fields-->\r\n  Biztons\u00e1gi k\u00f3d:<br \/>\r\n  <img decoding=\"async\" src=\"https:\/\/semmelweis.hu\/egeszsegfejlesztes\/?cp_appbooking_captcha=captcha&ps=_1&inAdmin=1&width=180&height=60&letter_count=5&min_size=25&max_size=35&noise=200&noiselength=4&bcolor=ffffff&border=000000&font=font1\"  id=\"captchaimg_1\" alt=\"security code\" border=\"0\" class=\"skip-lazy\" \/>\r\n  <br \/>K\u00e9rj\u00fck, \u00edrja be a biztons\u00e1gi k\u00f3dot:<br \/>\r\n  <div class=\"dfield\"><input type=\"text\" size=\"20\" name=\"hdcaptcha_cp_appbooking_post\" id=\"hdcaptcha_cp_appbooking_post_1\" value=\"\" autocomplete=\"off\" \/>\r\n  <div class=\"cpefb_error message\" id=\"hdcaptcha_error_1\" generated=\"true\" style=\"display:none;position: absolute; left: 0px; top: 25px;\">K\u00e9rj\u00fck adja meg helyesen a karaktereket<\/div>\r\n  <\/div><br \/>\r\n<!-- rcadon -->\r\n<\/div>\r\n<\/div>\r\n<div id=\"cp_subbtn_1\" class=\"cp_subbtn\">Jelentkezem az \u00f3r\u00e1ra<\/div>\r\n<div style=\"clear:both;\"><\/div>\r\n<\/form>\r\n<\/p>\n","protected":false},"excerpt":{"rendered":"<p>Tisztelt \u00c9rdekl\u0151d\u0151! Az al\u00e1bbi \u0171rlap kit\u00f6lt\u00e9s\u00e9vel e-mail c\u00edm\u00e9t regisztr\u00e1lhatja levelez\u0151 list\u00e1nkra, melyen kereszt\u00fcl az online szenior torna alkalmakr\u00f3l eml\u00e9keztet\u0151t k\u00fcld\u00fcnk a mozg\u00e1sprogramot megel\u0151z\u0151en hetente.\u00a0 A levelez\u00e9si c\u00edm r\u00f6gz\u00edt\u00e9s\u00e9hez elegend\u0151 egyszer regisztr\u00e1lnia, ezut\u00e1n 1-2 napon bel\u00fcl megk\u00fcldj\u00fck \u00d6nnek a sz\u00fcks\u00e9ges inform\u00e1ci\u00f3kat. A regisztr\u00e1ci\u00f3 ut\u00e1n visszaigazol\u00f3 e-mail nem \u00e9rkezik! Ha \u00d6n m\u00e1r kor\u00e1bban elk\u00fcldte e-mail el\u00e9rhet\u0151s\u00e9g\u00e9t nincs &hellip;<\/p>\n","protected":false},"author":101613,"featured_media":0,"parent":50056,"menu_order":0,"comment_status":"closed","ping_status":"closed","template":"","meta":{"_acf_changed":false,"footnotes":""},"categories":[],"tags":[],"class_list":["post-49772","page","type-page","status-publish","hentry"],"acf":[],"_links":{"self":[{"href":"https:\/\/semmelweis.hu\/egeszsegfejlesztes\/wp-json\/wp\/v2\/pages\/49772","targetHints":{"allow":["GET"]}}],"collection":[{"href":"https:\/\/semmelweis.hu\/egeszsegfejlesztes\/wp-json\/wp\/v2\/pages"}],"about":[{"href":"https:\/\/semmelweis.hu\/egeszsegfejlesztes\/wp-json\/wp\/v2\/types\/page"}],"author":[{"embeddable":true,"href":"https:\/\/semmelweis.hu\/egeszsegfejlesztes\/wp-json\/wp\/v2\/users\/101613"}],"replies":[{"embeddable":true,"href":"https:\/\/semmelweis.hu\/egeszsegfejlesztes\/wp-json\/wp\/v2\/comments?post=49772"}],"version-history":[{"count":11,"href":"https:\/\/semmelweis.hu\/egeszsegfejlesztes\/wp-json\/wp\/v2\/pages\/49772\/revisions"}],"predecessor-version":[{"id":53202,"href":"https:\/\/semmelweis.hu\/egeszsegfejlesztes\/wp-json\/wp\/v2\/pages\/49772\/revisions\/53202"}],"up":[{"embeddable":true,"href":"https:\/\/semmelweis.hu\/egeszsegfejlesztes\/wp-json\/wp\/v2\/pages\/50056"}],"wp:attachment":[{"href":"https:\/\/semmelweis.hu\/egeszsegfejlesztes\/wp-json\/wp\/v2\/media?parent=49772"}],"wp:term":[{"taxonomy":"category","embeddable":true,"href":"https:\/\/semmelweis.hu\/egeszsegfejlesztes\/wp-json\/wp\/v2\/categories?post=49772"},{"taxonomy":"post_tag","embeddable":true,"href":"https:\/\/semmelweis.hu\/egeszsegfejlesztes\/wp-json\/wp\/v2\/tags?post=49772"}],"curies":[{"name":"wp","href":"https:\/\/api.w.org\/{rel}","templated":true}]}}