{"id":49450,"date":"2021-01-07T15:21:15","date_gmt":"2021-01-07T14:21:15","guid":{"rendered":"https:\/\/semmelweis.hu\/egeszsegfejlesztes\/?page_id=49450"},"modified":"2025-07-20T16:11:51","modified_gmt":"2025-07-20T14:11:51","slug":"prevencios-programok","status":"publish","type":"page","link":"https:\/\/semmelweis.hu\/egeszsegfejlesztes\/rendezvenyek\/prevencios-programok\/","title":{"rendered":"Prevenci\u00f3s programok"},"content":{"rendered":"<h1><span style=\"font-size: 14pt;color: #000080\">Szolg\u00e1ltat\u00e1saink sz\u00e1mokban:<\/span><\/h1>\n<ul>\n<li style=\"text-align: justify\">\u00e9vente t\u00f6bb mint 1000 egyetemi polg\u00e1r eg\u00e9szs\u00e9gi \u00e1llapot felm\u00e9r\u00e9se;<\/li>\n<li style=\"text-align: justify\">\u00e9vente t\u00f6bb mint 250 egyetemi polg\u00e1r egy\u00e9ni \u00e9letm\u00f3d tan\u00e1csad\u00e1sa;<\/li>\n<li style=\"text-align: justify\">\u00e9vente t\u00f6bb mint 500 egyetemi polg\u00e1r rendszeres csoportos edz\u00e9se, k\u00fcl\u00f6nb\u00f6z\u0151 mozg\u00e1sprogramokban val\u00f3 r\u00e9szes\u00edt\u00e9se;<\/li>\n<li style=\"text-align: justify\">2020 december 1-t\u0151l \u2013 a Csal\u00e1dbar\u00e1t Egyetem Program keret\u00e9ben \u2013 pszichol\u00f3giai Dolgoz\u00f3i Tan\u00e1csad\u00e1s biztos\u00edt\u00e1sa;<\/li>\n<li style=\"text-align: justify\">k\u00f6zrem\u0171k\u00f6d\u00e9s az egyetem eg\u00e9szs\u00e9gfejleszt\u00e9si sz\u00edntereinek a b\u0151v\u00edt\u00e9s\u00e9ben;<\/li>\n<li style=\"text-align: justify\">reprezentat\u00edv eg\u00e9szs\u00e9gismeret \u00e9s -magatart\u00e1s felm\u00e9r\u00e9s az els\u0151\u00e9ves hallgat\u00f3k k\u00f6r\u00e9ben;<\/li>\n<li>sz\u0171r\u0151buszos sz\u00ednt\u00e9rprogramok biztos\u00edt\u00e1sa minden \u00e9vben az EFOTT fesztiv\u00e1lon;<\/li>\n<li>sorozatos kitelep\u00fcl\u00e9sek lakoss\u00e1gi eg\u00e9szs\u00e9gnapokon, k\u00fcls\u0151 partnerek \u00e9s c\u00e9gek rendezv\u00e9nyein, konferenci\u00e1k \u00e9s sportesem\u00e9nyek keret\u00e9ben<\/li>\n<li style=\"text-align: justify\">prevenci\u00f3s szolg\u00e1ltat\u00e1sny\u00fajt\u00e1s az egyetemi rendezv\u00e9nyek keret\u00e9ben<a href=\"https:\/\/semmelweis.hu\/egeszsegfejlesztes\/files\/2024\/12\/Honlap-kepek_FEKVO.jpg\"><img loading=\"lazy\" decoding=\"async\" class=\"aligncenter wp-image-52246\" src=\"https:\/\/semmelweis.hu\/egeszsegfejlesztes\/files\/2024\/12\/Honlap-kepek_FEKVO-400x292.jpg\" alt=\"\" width=\"631\" height=\"460\" srcset=\"https:\/\/semmelweis.hu\/egeszsegfejlesztes\/files\/2024\/12\/Honlap-kepek_FEKVO-400x292.jpg 400w, https:\/\/semmelweis.hu\/egeszsegfejlesztes\/files\/2024\/12\/Honlap-kepek_FEKVO-1024x748.jpg 1024w, https:\/\/semmelweis.hu\/egeszsegfejlesztes\/files\/2024\/12\/Honlap-kepek_FEKVO-768x561.jpg 768w, https:\/\/semmelweis.hu\/egeszsegfejlesztes\/files\/2024\/12\/Honlap-kepek_FEKVO-753x550.jpg 753w, https:\/\/semmelweis.hu\/egeszsegfejlesztes\/files\/2024\/12\/Honlap-kepek_FEKVO.jpg 1300w\" sizes=\"auto, (max-width: 631px) 100vw, 631px\" \/><\/a><\/li>\n<\/ul>\n","protected":false},"excerpt":{"rendered":"<p>Szolg\u00e1ltat\u00e1saink sz\u00e1mokban: \u00e9vente t\u00f6bb mint 1000 egyetemi polg\u00e1r eg\u00e9szs\u00e9gi \u00e1llapot felm\u00e9r\u00e9se; \u00e9vente t\u00f6bb mint 250 egyetemi polg\u00e1r egy\u00e9ni \u00e9letm\u00f3d tan\u00e1csad\u00e1sa; \u00e9vente t\u00f6bb mint 500 egyetemi polg\u00e1r rendszeres csoportos edz\u00e9se, k\u00fcl\u00f6nb\u00f6z\u0151 mozg\u00e1sprogramokban val\u00f3 r\u00e9szes\u00edt\u00e9se; 2020 december 1-t\u0151l \u2013 a Csal\u00e1dbar\u00e1t Egyetem Program keret\u00e9ben \u2013 pszichol\u00f3giai Dolgoz\u00f3i Tan\u00e1csad\u00e1s biztos\u00edt\u00e1sa; k\u00f6zrem\u0171k\u00f6d\u00e9s az egyetem eg\u00e9szs\u00e9gfejleszt\u00e9si sz\u00edntereinek a b\u0151v\u00edt\u00e9s\u00e9ben; reprezentat\u00edv &hellip;<\/p>\n","protected":false},"author":101613,"featured_media":0,"parent":296,"menu_order":2,"comment_status":"closed","ping_status":"closed","template":"","meta":{"_acf_changed":false,"footnotes":""},"categories":[],"tags":[],"class_list":["post-49450","page","type-page","status-publish","hentry"],"acf":[],"_links":{"self":[{"href":"https:\/\/semmelweis.hu\/egeszsegfejlesztes\/wp-json\/wp\/v2\/pages\/49450","targetHints":{"allow":["GET"]}}],"collection":[{"href":"https:\/\/semmelweis.hu\/egeszsegfejlesztes\/wp-json\/wp\/v2\/pages"}],"about":[{"href":"https:\/\/semmelweis.hu\/egeszsegfejlesztes\/wp-json\/wp\/v2\/types\/page"}],"author":[{"embeddable":true,"href":"https:\/\/semmelweis.hu\/egeszsegfejlesztes\/wp-json\/wp\/v2\/users\/101613"}],"replies":[{"embeddable":true,"href":"https:\/\/semmelweis.hu\/egeszsegfejlesztes\/wp-json\/wp\/v2\/comments?post=49450"}],"version-history":[{"count":10,"href":"https:\/\/semmelweis.hu\/egeszsegfejlesztes\/wp-json\/wp\/v2\/pages\/49450\/revisions"}],"predecessor-version":[{"id":53036,"href":"https:\/\/semmelweis.hu\/egeszsegfejlesztes\/wp-json\/wp\/v2\/pages\/49450\/revisions\/53036"}],"up":[{"embeddable":true,"href":"https:\/\/semmelweis.hu\/egeszsegfejlesztes\/wp-json\/wp\/v2\/pages\/296"}],"wp:attachment":[{"href":"https:\/\/semmelweis.hu\/egeszsegfejlesztes\/wp-json\/wp\/v2\/media?parent=49450"}],"wp:term":[{"taxonomy":"category","embeddable":true,"href":"https:\/\/semmelweis.hu\/egeszsegfejlesztes\/wp-json\/wp\/v2\/categories?post=49450"},{"taxonomy":"post_tag","embeddable":true,"href":"https:\/\/semmelweis.hu\/egeszsegfejlesztes\/wp-json\/wp\/v2\/tags?post=49450"}],"curies":[{"name":"wp","href":"https:\/\/api.w.org\/{rel}","templated":true}]}}