{"id":49389,"date":"2021-01-05T15:19:14","date_gmt":"2021-01-05T14:19:14","guid":{"rendered":"https:\/\/semmelweis.hu\/egeszsegfejlesztes\/?page_id=49389"},"modified":"2025-07-20T16:14:01","modified_gmt":"2025-07-20T14:14:01","slug":"golyatabor","status":"publish","type":"page","link":"https:\/\/semmelweis.hu\/egeszsegfejlesztes\/rendezvenyek\/prevencios-programok\/golyatabor\/","title":{"rendered":"Semmelweis G\u00f3lyat\u00e1bor"},"content":{"rendered":"<p class=\"kvgmc6g5 cxmmr5t8 oygrvhab hcukyx3x c1et5uql ii04i59q\"><span style=\"text-align: justify;color: #1e2326;font-family: 'PT serif', serif;font-size: 1rem;font-weight: 400\">A 2024-es G\u00f3lyat\u00e1bor a mes\u00e9k vil\u00e1g\u00e1ba rep\u00edtette a g\u00f3ly\u00e1kat. Eg\u00e9szs\u00e9gfejleszt\u00e9si K\u00f6zpontunk Fejhadisz\u00e1ll\u00e1s\u00e1n a testi-lelki j\u00f3ll\u00e9t ker\u00fclt f\u00f3kuszba. Agyman\u00f3karaktereknek \u00f6lt\u00f6z\u00f6tt koll\u00e9g\u00e1ink seg\u00edts\u00e9g\u00e9vel a r\u00e9sztvev\u0151k mozg\u00e1ssal termelhettek boldogs\u00e1ghormon Der\u0171 seg\u00edts\u00e9g\u00e9vel, Undorn\u00e1l t\u00e1rhatt\u00e1k fel a doh\u00e1nyz\u00e1s k\u00e1ros hat\u00e1sait, B\u00e1natn\u00e1l az \u00e9lelmiszerek \u00e9s italok cukortartalm\u00e1ra vonatkoz\u00f3 inform\u00e1ci\u00f3kr\u00f3l t\u00e1j\u00e9koz\u00f3dhattak. A ment\u00e1lis szekci\u00f3ban Haragn\u00e1l probl\u00e9mamegold\u00e1si, Majr\u00e9n\u00e1l pedig stresszkezel\u00e9si-technik\u00e1kat saj\u00e1t\u00edthattak el.<\/span><\/p>\n<div class=\"o9v6fnle cxmmr5t8 oygrvhab hcukyx3x c1et5uql ii04i59q\">\n\r\n        [slb_exclude]\r\n        <div class=\"row galeria-wrapper mx-0 h-auto\">\r\n            <div class=\"col-9 pl-0 pr-2\">\r\n            <span class=\"gallery-item frame\">\r\n\t\t\t\t<div class=\"galeria-left-img\"><a href=\"https:\/\/semmelweis.hu\/egeszsegfejlesztes\/files\/2024\/12\/20240822_110404.jpg\"><img src=https:\/\/semmelweis.hu\/egeszsegfejlesztes\/files\/2024\/12\/20240822_110404.jpg  \r\n                            alt=\"\" \r\n                            class=\"attachment-sote-gallery-big size-sote-gallery-big\" \r\n                            srcset=\"https:\/\/semmelweis.hu\/egeszsegfejlesztes\/files\/2024\/12\/20240822_110404-400x300.jpg 400w, https:\/\/semmelweis.hu\/egeszsegfejlesztes\/files\/2024\/12\/20240822_110404-1024x768.jpg 1024w, https:\/\/semmelweis.hu\/egeszsegfejlesztes\/files\/2024\/12\/20240822_110404-768x576.jpg 768w, https:\/\/semmelweis.hu\/egeszsegfejlesztes\/files\/2024\/12\/20240822_110404-1536x1152.jpg 1536w, https:\/\/semmelweis.hu\/egeszsegfejlesztes\/files\/2024\/12\/20240822_110404-753x565.jpg 753w, https:\/\/semmelweis.hu\/egeszsegfejlesztes\/files\/2024\/12\/20240822_110404.jpg 1600w\" ><\/a><\/div>\r\n            <\/span>\r\n\r\n            <\/div>\r\n\r\n\t\t\t<div class=\"col-3 pl-0 pr-0\">\r\n\t\t\t\t<div class=\"galeria-right-img d-flex justify-content-between flex-column h-100 w-100 px-0 mx-0 \">\r\n                <div class=\"galeria-box\">\r\n\t\t\t\t\t<h3 class=\"galeria-title\">Gal\u00e9ria<\/h3>\r\n\t\t\t\t\t<div class=\"galeria-subtitle\">\r\n\r\n\t\t\t\t\t\t<div class=\"galeria-page-counter\"><span>3<\/span>k\u00e9p<\/div>\r\n                    <\/div> <\/div>\r\n                    <span class=\"gallery-item frame d-none d-md-flex\">\r\n\t\t\t\t\t<div class=\"galeria-small-img mt-0\"><a href=\"https:\/\/semmelweis.hu\/egeszsegfejlesztes\/files\/2024\/12\/20240822_105037.jpg\"><img src=https:\/\/semmelweis.hu\/egeszsegfejlesztes\/files\/2024\/12\/20240822_105037.jpg \r\n                                alt=\"\"  \r\n                                class=\"attachment-sote-gallery-small size-sote-gallery-small\" \r\n                                srcset=\"https:\/\/semmelweis.hu\/egeszsegfejlesztes\/files\/2024\/12\/20240822_105037-400x300.jpg 400w, https:\/\/semmelweis.hu\/egeszsegfejlesztes\/files\/2024\/12\/20240822_105037-1024x768.jpg 1024w, https:\/\/semmelweis.hu\/egeszsegfejlesztes\/files\/2024\/12\/20240822_105037-768x576.jpg 768w, https:\/\/semmelweis.hu\/egeszsegfejlesztes\/files\/2024\/12\/20240822_105037-1536x1152.jpg 1536w, https:\/\/semmelweis.hu\/egeszsegfejlesztes\/files\/2024\/12\/20240822_105037-753x565.jpg 753w, https:\/\/semmelweis.hu\/egeszsegfejlesztes\/files\/2024\/12\/20240822_105037.jpg 1600w\" ><\/a><\/div>\r\n                    <\/span>\r\n                    <span class=\"gallery-item frame d-none d-md-flex\">\r\n\t\t\t\t\t<div class=\"galeria-small-img mt-0\"><a href=\"https:\/\/semmelweis.hu\/egeszsegfejlesztes\/files\/2024\/12\/20240822_104007.jpg\"><img src=https:\/\/semmelweis.hu\/egeszsegfejlesztes\/files\/2024\/12\/20240822_104007.jpg \r\n                                alt=\"\" \r\n                                class=\"attachment-sote-gallery-small size-sote-gallery-small\" \r\n                                srcset=\"https:\/\/semmelweis.hu\/egeszsegfejlesztes\/files\/2024\/12\/20240822_104007-400x300.jpg 400w, https:\/\/semmelweis.hu\/egeszsegfejlesztes\/files\/2024\/12\/20240822_104007-1024x768.jpg 1024w, https:\/\/semmelweis.hu\/egeszsegfejlesztes\/files\/2024\/12\/20240822_104007-768x576.jpg 768w, https:\/\/semmelweis.hu\/egeszsegfejlesztes\/files\/2024\/12\/20240822_104007-1536x1152.jpg 1536w, https:\/\/semmelweis.hu\/egeszsegfejlesztes\/files\/2024\/12\/20240822_104007-753x565.jpg 753w, https:\/\/semmelweis.hu\/egeszsegfejlesztes\/files\/2024\/12\/20240822_104007.jpg 1600w\" ><\/a><\/div>\r\n                    <\/span>\r\n\r\n                <\/div>\r\n\r\n            <\/div>\r\n\r\n            \r\n            <\/div>\r\n\r\n            [\/slb_exclude]\r\n\t\n<h5><span style=\"color: #000080;font-size: 14pt\">Tal\u00e1lkozunk j\u00f6v\u0151re is!<\/span><\/h5>\n<p><span style=\"font-size: 12pt\"><em>K\u00e9pek: SEK<\/em><\/span><\/p>\n<\/div>\n","protected":false},"excerpt":{"rendered":"<p>A 2024-es G\u00f3lyat\u00e1bor a mes\u00e9k vil\u00e1g\u00e1ba rep\u00edtette a g\u00f3ly\u00e1kat. Eg\u00e9szs\u00e9gfejleszt\u00e9si K\u00f6zpontunk Fejhadisz\u00e1ll\u00e1s\u00e1n a testi-lelki j\u00f3ll\u00e9t ker\u00fclt f\u00f3kuszba. Agyman\u00f3karaktereknek \u00f6lt\u00f6z\u00f6tt koll\u00e9g\u00e1ink seg\u00edts\u00e9g\u00e9vel a r\u00e9sztvev\u0151k mozg\u00e1ssal termelhettek boldogs\u00e1ghormon Der\u0171 seg\u00edts\u00e9g\u00e9vel, Undorn\u00e1l t\u00e1rhatt\u00e1k fel a doh\u00e1nyz\u00e1s k\u00e1ros hat\u00e1sait, B\u00e1natn\u00e1l az \u00e9lelmiszerek \u00e9s italok cukortartalm\u00e1ra vonatkoz\u00f3 inform\u00e1ci\u00f3kr\u00f3l t\u00e1j\u00e9koz\u00f3dhattak. A ment\u00e1lis szekci\u00f3ban Haragn\u00e1l probl\u00e9mamegold\u00e1si, Majr\u00e9n\u00e1l pedig stresszkezel\u00e9si-technik\u00e1kat saj\u00e1t\u00edthattak el. Tal\u00e1lkozunk &hellip;<\/p>\n","protected":false},"author":101613,"featured_media":0,"parent":49450,"menu_order":1,"comment_status":"closed","ping_status":"closed","template":"","meta":{"_acf_changed":false,"footnotes":""},"categories":[],"tags":[],"class_list":["post-49389","page","type-page","status-publish","hentry"],"acf":[],"_links":{"self":[{"href":"https:\/\/semmelweis.hu\/egeszsegfejlesztes\/wp-json\/wp\/v2\/pages\/49389","targetHints":{"allow":["GET"]}}],"collection":[{"href":"https:\/\/semmelweis.hu\/egeszsegfejlesztes\/wp-json\/wp\/v2\/pages"}],"about":[{"href":"https:\/\/semmelweis.hu\/egeszsegfejlesztes\/wp-json\/wp\/v2\/types\/page"}],"author":[{"embeddable":true,"href":"https:\/\/semmelweis.hu\/egeszsegfejlesztes\/wp-json\/wp\/v2\/users\/101613"}],"replies":[{"embeddable":true,"href":"https:\/\/semmelweis.hu\/egeszsegfejlesztes\/wp-json\/wp\/v2\/comments?post=49389"}],"version-history":[{"count":10,"href":"https:\/\/semmelweis.hu\/egeszsegfejlesztes\/wp-json\/wp\/v2\/pages\/49389\/revisions"}],"predecessor-version":[{"id":53038,"href":"https:\/\/semmelweis.hu\/egeszsegfejlesztes\/wp-json\/wp\/v2\/pages\/49389\/revisions\/53038"}],"up":[{"embeddable":true,"href":"https:\/\/semmelweis.hu\/egeszsegfejlesztes\/wp-json\/wp\/v2\/pages\/49450"}],"wp:attachment":[{"href":"https:\/\/semmelweis.hu\/egeszsegfejlesztes\/wp-json\/wp\/v2\/media?parent=49389"}],"wp:term":[{"taxonomy":"category","embeddable":true,"href":"https:\/\/semmelweis.hu\/egeszsegfejlesztes\/wp-json\/wp\/v2\/categories?post=49389"},{"taxonomy":"post_tag","embeddable":true,"href":"https:\/\/semmelweis.hu\/egeszsegfejlesztes\/wp-json\/wp\/v2\/tags?post=49389"}],"curies":[{"name":"wp","href":"https:\/\/api.w.org\/{rel}","templated":true}]}}