{"id":48856,"date":"2020-08-29T13:08:19","date_gmt":"2020-08-29T11:08:19","guid":{"rendered":"http:\/\/test.semmelweis.hu\/peldaintezet\/?page_id=48856"},"modified":"2023-11-15T14:42:40","modified_gmt":"2023-11-15T13:42:40","slug":"copd-kerdoiv","status":"publish","type":"page","link":"https:\/\/semmelweis.hu\/egeszsegfejlesztes\/elvitelre\/szurovizsgalatok\/copd-kerdoiv\/","title":{"rendered":"COPD k\u00e9rd\u0151\u00edv"},"content":{"rendered":"","protected":false},"excerpt":{"rendered":"","protected":false},"author":101614,"featured_media":51750,"parent":48819,"menu_order":1,"comment_status":"closed","ping_status":"closed","template":"template-fullwidth-k.php","meta":{"_acf_changed":false,"footnotes":""},"categories":[],"tags":[],"class_list":["post-48856","page","type-page","status-publish","has-post-thumbnail","hentry"],"acf":[],"_links":{"self":[{"href":"https:\/\/semmelweis.hu\/egeszsegfejlesztes\/wp-json\/wp\/v2\/pages\/48856","targetHints":{"allow":["GET"]}}],"collection":[{"href":"https:\/\/semmelweis.hu\/egeszsegfejlesztes\/wp-json\/wp\/v2\/pages"}],"about":[{"href":"https:\/\/semmelweis.hu\/egeszsegfejlesztes\/wp-json\/wp\/v2\/types\/page"}],"author":[{"embeddable":true,"href":"https:\/\/semmelweis.hu\/egeszsegfejlesztes\/wp-json\/wp\/v2\/users\/101614"}],"replies":[{"embeddable":true,"href":"https:\/\/semmelweis.hu\/egeszsegfejlesztes\/wp-json\/wp\/v2\/comments?post=48856"}],"version-history":[{"count":1,"href":"https:\/\/semmelweis.hu\/egeszsegfejlesztes\/wp-json\/wp\/v2\/pages\/48856\/revisions"}],"predecessor-version":[{"id":49331,"href":"https:\/\/semmelweis.hu\/egeszsegfejlesztes\/wp-json\/wp\/v2\/pages\/48856\/revisions\/49331"}],"up":[{"embeddable":true,"href":"https:\/\/semmelweis.hu\/egeszsegfejlesztes\/wp-json\/wp\/v2\/pages\/48819"}],"wp:featuredmedia":[{"embeddable":true,"href":"https:\/\/semmelweis.hu\/egeszsegfejlesztes\/wp-json\/wp\/v2\/media\/51750"}],"wp:attachment":[{"href":"https:\/\/semmelweis.hu\/egeszsegfejlesztes\/wp-json\/wp\/v2\/media?parent=48856"}],"wp:term":[{"taxonomy":"category","embeddable":true,"href":"https:\/\/semmelweis.hu\/egeszsegfejlesztes\/wp-json\/wp\/v2\/categories?post=48856"},{"taxonomy":"post_tag","embeddable":true,"href":"https:\/\/semmelweis.hu\/egeszsegfejlesztes\/wp-json\/wp\/v2\/tags?post=48856"}],"curies":[{"name":"wp","href":"https:\/\/api.w.org\/{rel}","templated":true}]}}