{"id":48836,"date":"2020-08-29T12:43:19","date_gmt":"2020-08-29T10:43:19","guid":{"rendered":"http:\/\/test.semmelweis.hu\/peldaintezet\/?page_id=48836"},"modified":"2025-07-20T16:04:08","modified_gmt":"2025-07-20T14:04:08","slug":"virtualis-fuggoseg","status":"publish","type":"page","link":"https:\/\/semmelweis.hu\/egeszsegfejlesztes\/elvitelre\/virtualis-fuggoseg\/","title":{"rendered":"10. Virtu\u00e1lis f\u00fcgg\u0151s\u00e9g"},"content":{"rendered":"<h5><b><a href=\"https:\/\/semmelweis.hu\/egeszsegfejlesztes\/files\/2021\/11\/pikto-10-01.jpg\"><img loading=\"lazy\" decoding=\"async\" class=\"alignnone wp-image-50552\" src=\"https:\/\/semmelweis.hu\/egeszsegfejlesztes\/files\/2021\/11\/pikto-10-01-400x400.jpg\" alt=\"\" width=\"140\" height=\"140\" srcset=\"https:\/\/semmelweis.hu\/egeszsegfejlesztes\/files\/2021\/11\/pikto-10-01-400x400.jpg 400w, https:\/\/semmelweis.hu\/egeszsegfejlesztes\/files\/2021\/11\/pikto-10-01-1024x1024.jpg 1024w, https:\/\/semmelweis.hu\/egeszsegfejlesztes\/files\/2021\/11\/pikto-10-01-150x150.jpg 150w, https:\/\/semmelweis.hu\/egeszsegfejlesztes\/files\/2021\/11\/pikto-10-01-768x768.jpg 768w, https:\/\/semmelweis.hu\/egeszsegfejlesztes\/files\/2021\/11\/pikto-10-01-753x753.jpg 753w, https:\/\/semmelweis.hu\/egeszsegfejlesztes\/files\/2021\/11\/pikto-10-01.jpg 1200w\" sizes=\"auto, (max-width: 140px) 100vw, 140px\" \/><\/a><\/b><span style=\"color: #5a2656;font-size: 14pt\"><em>Virtu\u00e1lis vagy val\u00f3di \u00e9letet is \u00e9lsz?<\/em><\/span><\/h5>\n<p><span style=\"font-weight: 400\">A technol\u00f3giai v\u00edvm\u00e1nyok kor\u00e1ban szinte elker\u00fclhetetlen, hogy a mindennapok egy r\u00e9sz\u00e9t a virtu\u00e1lis t\u00e9rben t\u00f6lts\u00fck. Ez a jelens\u00e9g valamennyi gener\u00e1ci\u00f3t \u00e9rint, de ez nem felt\u00e9tlen\u00fcl negat\u00edv, gondoljunk p\u00e9ld\u00e1ul arra, mikor \u2013 a sz\u00fcks\u00e9ges m\u00e9rt\u00e9kig \u2013 t\u00e1j\u00e9koz\u00f3d\u00e1sra, kapcsolattart\u00e1sra vagy \u00fcgyint\u00e9z\u00e9sre haszn\u00e1ljuk az eszk\u00f6zeinket. A probl\u00e9ma akkor kezd\u0151dik, amikor a digit\u00e1lis eszk\u00f6z\u00f6k haszn\u00e1lata h\u00e1tt\u00e9rbe szor\u00edtja emberi kapcsolatainkat, illetve napi feladatainkat, s\u0151t, egy id\u0151 ut\u00e1n f\u00fcgg\u0151s\u00e9gg\u00e9 v\u00e1lik, hi\u00e1nyuk pedig fesz\u00fclts\u00e9get, ingerl\u00e9kenys\u00e9get okoz. Nem baj, ha \u00e9l\u00fcnk a technol\u00f3gia ny\u00fajtotta lehet\u0151s\u00e9gekkel, de ne hagyjuk, hogy uralj\u00e1k az \u00e9let\u00fcnket. Legy\u00fcnk tudatos haszn\u00e1l\u00f3k!<\/span><\/p>\n<div class=\"keretes-12 w-100\">\n<p><span style=\"color: #5a2656\"><b>Viselked\u00e9si addikci\u00f3<\/b><\/span><span style=\"font-weight: 400\">r\u00f3l akkor besz\u00e9l\u00fcnk, ha az ember k\u00e9ptelen kontrollt gyakorolni egy tev\u00e9kenys\u00e9ge felett, \u00e9s azt k\u00e9nyszeresen \u00fajra \u00e9s \u00fajra v\u00e9grehajtja annak ellen\u00e9re, hogy ennek r\u00e1, illetve a k\u00f6rnyezet\u00e9re n\u00e9zve k\u00e1ros k\u00f6vetkezm\u00e9nyei vannak. \u00c9rz\u00e9kelve a kiv\u00e1lt\u00f3 okot (triggert) megjelenik a s\u00f3v\u00e1rg\u00e1s \u00e9rz\u00e9se, ami csak azzal cs\u00f6kkenthet\u0151, ha az \u00e9rintett szem\u00e9ly elv\u00e9gzi a szokott tev\u00e9kenys\u00e9get.<\/span><\/p>\n<\/div>\n<p><span style=\"font-weight: 400\"><a href=\"https:\/\/semmelweis.hu\/egeszsegfejlesztes\/files\/2024\/12\/virtualis-1.jpg\"><img loading=\"lazy\" decoding=\"async\" class=\"alignleft wp-image-52380 size-medium\" src=\"https:\/\/semmelweis.hu\/egeszsegfejlesztes\/files\/2024\/12\/virtualis-1-400x292.jpg\" alt=\"\" width=\"400\" height=\"292\" srcset=\"https:\/\/semmelweis.hu\/egeszsegfejlesztes\/files\/2024\/12\/virtualis-1-400x292.jpg 400w, https:\/\/semmelweis.hu\/egeszsegfejlesztes\/files\/2024\/12\/virtualis-1-1024x748.jpg 1024w, https:\/\/semmelweis.hu\/egeszsegfejlesztes\/files\/2024\/12\/virtualis-1-768x561.jpg 768w, https:\/\/semmelweis.hu\/egeszsegfejlesztes\/files\/2024\/12\/virtualis-1-753x550.jpg 753w, https:\/\/semmelweis.hu\/egeszsegfejlesztes\/files\/2024\/12\/virtualis-1.jpg 1300w\" sizes=\"auto, (max-width: 400px) 100vw, 400px\" \/><\/a><span style=\"font-weight: 400\">Az <\/span><span style=\"color: #5a2656\"><b>internetf\u00fcgg\u0151s\u00e9g <\/b><\/span><span style=\"font-weight: 400\">sokf\u00e9le form\u00e1t \u00f6lthet. Az egyik ilyen, amikor konkr\u00e9t tev\u00e9kenys\u00e9ghez \u2013 p\u00e9ld\u00e1ul egy k\u00f6z\u00f6ss\u00e9gi oldal haszn\u00e1lat\u00e1hoz \u2013 k\u00f6t\u0151dik a probl\u00e9m\u00e1s viselked\u00e9s. B\u00e1r a serd\u00fcl\u0151k \u00e9s a fiatal feln\u0151ttek a legink\u00e1bb \u00e9rintettek, a f\u00fcgg\u0151s\u00e9g vesz\u00e9lye minden \u00e9letkorban fenn\u00e1ll! Amikor valaki \u00f3r\u00e1kat t\u00f6lt profilok b\u00f6ng\u00e9sz\u00e9s\u00e9vel vagy id\u0151vonalak g\u00f6rget\u00e9s\u00e9vel, azt az id\u0151t m\u00e1s tev\u00e9kenys\u00e9gek elv\u00e9gz\u00e9s\u00e9t\u0151l veszi el, vagy a szeretteit\u0151l, ismer\u0151seit\u0151l vonja meg. Ez k\u00e1ros hat\u00e1ssal lehet az iskolai vagy munkahelyi teljes\u00edtm\u00e9nyre \u00e9s a val\u00f3di szoci\u00e1lis kapcsolatokra is.<\/span><\/span><\/p>\n<p><span style=\"font-weight: 400\">M\u00e9gis, mi\u00e9rt nem tudjuk egyszer\u0171en abbahagyni ezt a tev\u00e9kenys\u00e9get? Ahogy m\u00e1s addikci\u00f3k eset\u00e9n, \u00fagy enn\u00e9l a f\u00fcgg\u0151s\u00e9gn\u00e9l is sz\u00e1mos motiv\u00e1ci\u00f3 \u00e1llhat a viselked\u00e9s\u00fcnk h\u00e1tter\u00e9ben.<\/span><\/p>\n<p><span style=\"font-weight: 400\">A k\u00f6z\u00f6ss\u00e9gim\u00e9dia-haszn\u00e1lat gyakori mozgat\u00f3rug\u00f3ja a <\/span><span style=\"color: #5a2656\"><b>sz\u00f3rakoz\u00e1s<\/b><\/span><span style=\"font-weight: 400\">, az <\/span><span style=\"color: #5a2656\"><b>inform\u00e1ci\u00f3keres\u00e9s<\/b><\/span><span style=\"font-weight: 400\"> vagy a <\/span><span style=\"color: #5a2656\"><b>rossz \u00e9rz\u00e9sek el\u0151l val\u00f3 menek\u00fcl\u00e9s<\/b><\/span><span style=\"font-weight: 400\">. Emellett az ilyen t\u00edpus\u00fa oldalak rendszeres felkeres\u00e9se m\u00f6g\u00f6tt az <\/span><span style=\"color: #5a2656\"><b>\u00e9nmegjelen\u00edt\u00e9s<\/b><\/span><span style=\"font-weight: 400\"> \u00e9s a <\/span><span style=\"color: #5a2656\"><b>valahov\u00e1 tartoz\u00e1s<\/b><\/span><span style=\"font-weight: 400\"> motiv\u00e1ci\u00f3ja is \u00e1llhat. Ut\u00f3bbi eset\u00e9ben a t\u00e1rsas impulzusokra, \u00faj kapcsolatok kialak\u00edt\u00e1s\u00e1ra v\u00e1gyunk, m\u00edg az \u00e9nbemutat\u00e1s arra ad lehet\u0151s\u00e9get, hogy n\u00e9pszer\u0171bbnek \u00e9rezz\u00fck magunkat vagy <\/span><span style=\"color: #5a2656\"><b>alternat\u00edv szelf<\/b><\/span><span style=\"font-weight: 400\">eket jelen\u00edts\u00fcnk meg. A k\u00f6z\u00f6ss\u00e9gi m\u00e9dia fel\u00fcletein olyan k\u00e9pet alkothatunk magunkr\u00f3l, amilyennek szeretn\u00e9nk, hogy m\u00e1sok l\u00e1ssanak minket. Legink\u00e1bb a szoci\u00e1lis szorong\u00f3k hajlamosak ezeken a fel\u00fcleteken olyan k\u00e9pet kialak\u00edtani magukr\u00f3l, ami a mindennapokban ki nem fejezett, ide\u00e1lis \u00e1llapotot mutatja.<\/span><\/p>\n<div class=\"keretes-12 w-100\">\n<p><span style=\"font-weight: 400\"><strong><em><span style=\"color: #5a2656\">A Pancastic: Megosztasz vagy Meg\u00e9lsz<\/span><\/em><\/strong> c\u00edm\u0171 sz\u00e1ma arr\u00f3l sz\u00f3l, hogyan alkalmazz\u00e1k a felhaszn\u00e1l\u00f3k a sz\u0171r\u0151ket, applik\u00e1ci\u00f3kat \u00e9s egy\u00e9b eszk\u00f6z\u00f6ket ahhoz, hogy kedvez\u0151bb k\u00e9pet alak\u00edtsanak ki magukr\u00f3l a k\u00f6z\u00f6ss\u00e9gim\u00e9dia-fel\u00fcleteken.<\/span><\/p>\n<p><iframe loading=\"lazy\" src=\"https:\/\/www.youtube.com\/embed\/omaZ94-DMjA\" width=\"560\" height=\"315\"><\/iframe><\/div>\n<p><span style=\"font-weight: 400\">Az emberek k\u00fcl\u00f6nb\u00f6znek abban, mennyire agg\u00f3dnak m\u00e1sok t\u00f6rt\u00e9net\u00e9nek alakul\u00e1sa miatt. Aki n\u00e9pszer\u0171 akar lenni, vagy azt akarja \u00e9rezni, hogy egy k\u00f6z\u00f6ss\u00e9ghez tartozik, az szoronghat amiatt, hogy esetleg kimarad valamib\u0151l, ez\u00e9rt egyre gyakrabban b\u00f6ng\u00e9szi a k\u00f6z\u00f6ss\u00e9gi oldalakat. Ezt a jelens\u00e9get FOMO-nak (<\/span><i><span style=\"font-weight: 400\">fear of missing ou<\/span><\/i><span style=\"font-weight: 400\">t) is nevezz\u00fck. Mikor m\u00e1sok posztjait, k\u00e9peit n\u00e9zz\u00fck, hajlamosak vagyunk az \u00e1ltaluk bemutatott val\u00f3s\u00e1got\/\u00f6nk\u00e9pet magunkkal, illetve saj\u00e1t \u00e9let\u00fcnk esem\u00e9nyeivel \u00f6sszehasonl\u00edtani. Ilyenkor fontos gondolnunk r\u00e1, hogy a t\u00f6bbs\u00e9g ezeken az oldalakon a h\u00e9tk\u00f6znapok nehezebb kih\u00edv\u00e1sai helyett ink\u00e1bb az idilli k\u00e9peket, t\u00f6rt\u00e9neteket osztja meg mag\u00e1r\u00f3l. Ez k\u00f6nnyen vezethet a passz\u00edv felhaszn\u00e1l\u00f3n\u00e1l negat\u00edv \u00e9nk\u00e9p kialakul\u00e1s\u00e1hoz, el\u00e9gedetlens\u00e9g \u00e9rz\u00e9s\u00e9hez, s\u0151t, s\u00falyosabb esetben ak\u00e1r depresszi\u00f3t is okozhat.\u00a0 \u00d6nmag\u00e1ban a k\u00f6z\u00f6ss\u00e9gi oldalakon elt\u00f6lt\u00f6tt id\u0151 nincs \u00f6sszef\u00fcgg\u00e9sben a rossz hangulattal, sokkal ink\u00e1bb sz\u00e1m\u00edt a haszn\u00e1lat probl\u00e9m\u00e1s jellege. Aki eleve depresszi\u00f3s hangulatot \u00e9l meg a mindennapokban, hajlamosabb addikt\u00edv haszn\u00e1latra, hiszen ez a tev\u00e9kenys\u00e9g sz\u00e1m\u00e1ra a hangulatszab\u00e1lyoz\u00e1s eszk\u00f6z\u00e9v\u00e9 v\u00e1lik (eltereli a figyelm\u00e9t, pr\u00f3b\u00e1lja vele felvid\u00edtani mag\u00e1t).<\/span><\/p>\n<div class=\"keretes-12 w-100\">\n<p><span style=\"font-weight: 400\">A digit\u00e1lis eszk\u00f6z\u00f6k haszn\u00e1lat\u00e1r\u00f3l, a val\u00f3s \u00e9s virtu\u00e1lis \u00e9let k\u00f6z\u00f6tti egyens\u00faly felborul\u00e1s\u00e1r\u00f3l fest szeml\u00e9letes, bor\u00fas k\u00e9pet \u200b\u200b<\/span><span style=\"color: #5a2656\"><strong><i>Steve Cutts Are You Lost In The World Like Me?<\/i><\/strong><\/span><span style=\"font-weight: 400\"> c\u00edm\u0171 anim\u00e1ci\u00f3ja is:<\/span><\/p>\n<p><iframe loading=\"lazy\" src=\"https:\/\/www.youtube.com\/embed\/VASywEuqFd8\" width=\"560\" height=\"315\"><\/iframe><\/div>\n<h5><span style=\"font-size: 14pt;color: #5a2656\">Multitasking<\/span><\/h5>\n<p><span style=\"font-weight: 400\">A multitasking megosztott figyelemmel j\u00e1r, vagyis egyszerre t\u00f6bb dolgot v\u00e9gz\u00fcnk, mik\u00f6zben ugr\u00e1lunk az egyes tev\u00e9kenys\u00e9gek k\u00f6z\u00f6tt. B\u00e1r hat\u00e9konynak t\u0171nhet, ha egyidej\u0171leg t\u00f6bb mindent el tudunk int\u00e9zni, ez a fajta feladatv\u00e9gz\u00e9s cs\u00f6kkenti a figyelmet, rontja a probl\u00e9mamegold\u00f3 k\u00e9pess\u00e9get \u00e9s a teljes\u00edtm\u00e9nyt is. A technikai eszk\u00f6z\u00f6k p\u00e1rhuzamos haszn\u00e1lata \u00e1rtalmas a tanul\u00e1sra, a munk\u00e1ra \u00e9s a t\u00e1rsas kapcsolatokra is. Hatv\u00e1nyozottan vesz\u00e9lyes, ha k\u00f6zben j\u00e1rm\u0171vet vezet\u00fcnk vagy gyalogosan k\u00f6zleked\u00fcnk, ahol ez a fajta viselked\u00e9s ak\u00e1r ember\u00e9leteket is k\u00f6vetelhet.\u00a0<\/span><\/p>\n<h5><span style=\"font-size: 14pt;color: #5a2656\">Internetes zaklat\u00e1s<\/span><\/h5>\n<p><span style=\"font-weight: 400\"><a href=\"https:\/\/semmelweis.hu\/egeszsegfejlesztes\/files\/2022\/01\/22-01-29-bully.jpg\"><img loading=\"lazy\" decoding=\"async\" class=\"alignleft wp-image-50768 size-medium\" src=\"https:\/\/semmelweis.hu\/egeszsegfejlesztes\/files\/2022\/01\/22-01-29-bully-400x267.jpg\" alt=\"\" width=\"400\" height=\"267\" srcset=\"https:\/\/semmelweis.hu\/egeszsegfejlesztes\/files\/2022\/01\/22-01-29-bully-400x267.jpg 400w, https:\/\/semmelweis.hu\/egeszsegfejlesztes\/files\/2022\/01\/22-01-29-bully-1024x683.jpg 1024w, https:\/\/semmelweis.hu\/egeszsegfejlesztes\/files\/2022\/01\/22-01-29-bully-768x512.jpg 768w, https:\/\/semmelweis.hu\/egeszsegfejlesztes\/files\/2022\/01\/22-01-29-bully-1536x1024.jpg 1536w, https:\/\/semmelweis.hu\/egeszsegfejlesztes\/files\/2022\/01\/22-01-29-bully-753x502.jpg 753w, https:\/\/semmelweis.hu\/egeszsegfejlesztes\/files\/2022\/01\/22-01-29-bully-203x135.jpg 203w, https:\/\/semmelweis.hu\/egeszsegfejlesztes\/files\/2022\/01\/22-01-29-bully.jpg 1600w\" sizes=\"auto, (max-width: 400px) 100vw, 400px\" \/><\/a>A virtu\u00e1lis val\u00f3s\u00e1g \u00e9s a helytelen k\u00f6z\u00f6ss\u00e9gim\u00e9dia-haszn\u00e1lat m\u00e1sik vesz\u00e9lye a f\u00fcgg\u0151s\u00e9g kialakul\u00e1sa mellett a <\/span><span style=\"color: #5a2656\"><b>cyberbulling<\/b><\/span><span style=\"font-weight: 400\"> (internetes zaklat\u00e1s). Mivel ez a fajta zaklat\u00e1s az interneten kereszt\u00fcl t\u00f6rt\u00e9nik, \u00e1tl\u00e9pi az iskola\/munkahely hat\u00e1rait, ez\u00e1ltal a zaklat\u00f3 a legbiztons\u00e1gosabbnak hitt \u00e9letter\u00fcnkbe is bef\u00e9rk\u0151zik az \u00fczeneteivel vagy bejegyz\u00e9seivel. Az ilyen t\u00edpus\u00fa zaklat\u00e1sok eset\u00e9ben el\u0151fordulhat, hogy az elk\u00f6vet\u0151 ismeretlen, ez\u00e9rt nehezebb ellene v\u00e9dekezni. Mindannyiunkra igaz, hogy online hajlamosabbak vagyunk agressz\u00edvebben kommunik\u00e1lni, mint ha szem\u00e9lyesen besz\u00e9lgetn\u00e9nk valakivel. Ha valami felker\u00fcl a vil\u00e1gh\u00e1l\u00f3ra \u2013 legyen sz\u00f3 ciki\/megal\u00e1z\u00f3\/lej\u00e1rat\u00f3 vide\u00f3r\u00f3l\/k\u00e9pr\u0151l vagy sz\u00f6vegr\u0151l \u2013, az a legv\u00e1ratlanabb helyzetekben ker\u00fclhet ism\u00e9t el\u0151 az \u00e9let\u00fcnk sor\u00e1n.<\/span><\/p>\n<h6 style=\"text-align: center\"><strong><em><span style=\"color: #5a2656\">Amit az interneten megosztunk az potenci\u00e1lisan \u00f6r\u00f6k \u00e9let\u0171 \u00e9s nyilv\u00e1nos, ez\u00e9rt j\u00f3l gondoljuk meg, mit tesz\u00fcnk fel magunkr\u00f3l vagy m\u00e1sokr\u00f3l!<\/span><\/em><\/strong><\/h6>\n<p><span style=\"font-weight: 400\">A<\/span> <span style=\"font-weight: 400\">cyberbullying eredm\u00e9nyezhet megn\u00f6vekedett stressz-szintet, szoci\u00e1lis szorong\u00e1st, szerhaszn\u00e1latot, depresszi\u00f3t, \u00f6ngyilkoss\u00e1gi gondolatot vagy k\u00eds\u00e9rletet is, ez\u00e9rt nagyon komolyan kell venn\u00fcnk.<\/span><\/p>\n<h5><span style=\"color: #5a2656;font-size: 14pt\">Eg\u00e9szs\u00e9g\u00fcgyi probl\u00e9m\u00e1k<\/span><\/h5>\n<p><span style=\"font-weight: 400\">A t\u00falzott internethaszn\u00e1lat eg\u00e9szs\u00e9g\u00fcgyi probl\u00e9m\u00e1khoz is vezethet, p\u00e9ld\u00e1ul figyelem- \u00e9s alv\u00e1szavarhoz. Gyakran k\u00f6zrej\u00e1tszik olyan testi probl\u00e9m\u00e1k megjelen\u00e9s\u00e9ben is, mint a t\u00fals\u00faly, a nyak-, v\u00e1ll-, fej- \u00e9s h\u00e1tf\u00e1jdalom, illetve a l\u00e1t\u00e1sroml\u00e1s.<\/span><\/p>\n<h5><span style=\"font-size: 14pt;color: #5a2656\"><a href=\"https:\/\/semmelweis.hu\/egeszsegfejlesztes\/files\/2024\/12\/virtualis-2.jpg\"><img loading=\"lazy\" decoding=\"async\" class=\"alignleft wp-image-52379 size-medium\" src=\"https:\/\/semmelweis.hu\/egeszsegfejlesztes\/files\/2024\/12\/virtualis-2-343x400.jpg\" alt=\"\" width=\"343\" height=\"400\" srcset=\"https:\/\/semmelweis.hu\/egeszsegfejlesztes\/files\/2024\/12\/virtualis-2-343x400.jpg 343w, https:\/\/semmelweis.hu\/egeszsegfejlesztes\/files\/2024\/12\/virtualis-2.jpg 600w\" sizes=\"auto, (max-width: 343px) 100vw, 343px\" \/><\/a>Virtu\u00e1lis vagy val\u00f3di \u00e9letet is \u00e9lsz?<\/span><\/h5>\n<p><span style=\"font-weight: 400\">Az \u00e9let igaz\u00e1b\u00f3l az interneten k\u00edv\u00fcl zajlik. Ha az offline vil\u00e1gban jelen tudunk lenni, akkor nem kell azon agg\u00f3dnunk, hogy az igaz\u00e1n fontos dolgokb\u00f3l kimaradunk.\u00a0<\/span><\/p>\n<p><span style=\"font-weight: 400\">A <\/span><span style=\"color: #5a2656\"><b>mindfulness <\/b><\/span><span style=\"font-weight: 400\">jelentudatoss\u00e1got jelent, vagyis azt a jelenl\u00e9tet a pillanatban, ami hozz\u00e1seg\u00edt, hogy teljesen \u00e1t tudjuk \u00e9lni azt, ami vel\u00fcnk t\u00f6rt\u00e9nik, vagy amit \u00e9ppen csin\u00e1lunk.<\/span><\/p>\n<h5>\u00a0<\/h5>\n<h5>\u00a0<\/h5>\n<h5><span style=\"color: #5a2656;font-size: 14pt\">Tov\u00e1bbi vide\u00f3s tartalmaink a t\u00e9m\u00e1ban:<\/span><\/h5>\n<p><iframe loading=\"lazy\" src=\"https:\/\/www.youtube.com\/embed\/-aL12TgKFGo?si=fJUes6-kwt394zbQ\" width=\"560\" height=\"315\"><span data-mce-type=\"bookmark\" style=\"width: 0px;overflow: hidden;line-height: 0\" class=\"mce_SELRES_start\">\ufeff<\/span><em><span style=\"font-size: 12pt\">Vide\u00f3k: YouTube<\/span><\/em><br \/>\n<iframe loading=\"lazy\" width=\"560\" height=\"315\" src=\"https:\/\/www.youtube.com\/embed\/9K8n9OKrA_0?si=b4VEe-4UTFNLqXuD\"><\/iframe><\/iframe><\/p>\n<p><iframe loading=\"lazy\" src=\"https:\/\/www.youtube.com\/embed\/9K8n9OKrA_0?si=b4VEe-4UTFNLqXuD\" width=\"560\" height=\"315\"><span data-mce-type=\"bookmark\" style=\"width: 0px;overflow: hidden;line-height: 0\" class=\"mce_SELRES_start\">\ufeff<\/span><span style=\"font-size: 10pt\"><em><br \/>\n<iframe loading=\"lazy\" width=\"560\" height=\"315\" src=\"https:\/\/www.youtube.com\/embed\/emMaz2YXWyA?si=lOkXecKND2T0gS5T\"><span data-mce-type=\"bookmark\" style=\"width: 0px;overflow: hidden;line-height: 0\" class=\"mce_SELRES_start\">\ufeff<\/span><\/span><br \/>\n&lt;iframe width=&quot;560&quot; height=&quot;315&quot; src=&quot;https:\/\/www.youtube.com\/embed\/emMaz2YXWyA?si=lOkXecKND2T0gS5T&quot;<br \/>\n<span data-mce-type=\"bookmark\" style=\"width: 0px;overflow: hidden;line-height: 0\" class=\"mce_SELRES_start\">\ufeff<\/span>&lt;iframe width=&quot;560&quot; height=&quot;315&quot; src=&quot;https:\/\/www.youtube.com\/embed\/i-gRkM96RKU?si=xc8jovdVE-TJJjzw&quot; <\/iframe><\/em><\/span><\/iframe><\/p>\n<p><iframe loading=\"lazy\" src=\"https:\/\/www.youtube.com\/embed\/i-gRkM96RKU?si=xc8jovdVE-TJJjzw\" width=\"560\" height=\"315\">\u00a0<br \/>\n<iframe loading=\"lazy\" width=\"560\" height=\"315\" src=\"https:\/\/www.youtube.com\/embed\/emMaz2YXWyA?si=jI4Gfg28-RfDHcS_\">&nbsp;<\/p>\n<p><span data-mce-type=\"bookmark\" style=\"width: 0px;overflow: hidden;line-height: 0\" class=\"mce_SELRES_start\">\ufeff<\/span>&lt;iframe width=&quot;560&quot; height=&quot;315&quot; src=&quot;https:\/\/www.youtube.com\/embed\/_bl3wwQNdrU?si=tsAllEyf_TT5pIu3&quot;<br \/>\n<\/iframe><\/iframe><\/p>\n<p><iframe loading=\"lazy\" src=\"https:\/\/www.youtube.com\/embed\/_bl3wwQNdrU?si=tsAllEyf_TT5pIu3\" width=\"560\" height=\"315\"><span data-mce-type=\"bookmark\" style=\"width: 0px;overflow: hidden;line-height: 0\" class=\"mce_SELRES_start\">\ufeff<\/span>\u00a0<\/iframe><\/p>\n<p><iframe loading=\"lazy\" src=\"https:\/\/www.youtube.com\/embed\/emMaz2YXWyA?si=XLWdLpuiEGgsFx-r\" width=\"560\" height=\"315\"><span data-mce-type=\"bookmark\" style=\"width: 0px;overflow: hidden;line-height: 0\" class=\"mce_SELRES_start\">\ufeff<\/span>\u00a0<\/p>\n<p>&nbsp;<\/p>\n<p><\/iframe><\/p>\n<p><span style=\"font-size: 10pt\"><em>Fot\u00f31: cottonbro studio: https:\/\/www.pexels.com\/hu-hu\/foto\/emberek-okostelefon-kapcsolat-fuggoseg-8088452\/<\/em><\/span><\/p>\n<p><span style=\"font-size: 10pt\"><em>Fot\u00f32:\u00a0RDNE Stock project: https:\/\/www.pexels.com\/hu-hu\/foto\/par-szeretet-szerelem-okostelefon-6414839\/<\/em><\/span><\/p>\n","protected":false},"excerpt":{"rendered":"<p><a href=\"https:\/\/semmelweis.hu\/egeszsegfejlesztes\/files\/2021\/11\/pikto-10-01.jpg\"><\/a> Virtu\u00e1lis vagy val\u00f3di \u00e9letet is \u00e9lsz? A technol\u00f3giai v\u00edvm\u00e1nyok kor\u00e1ban szinte elker\u00fclhetetlen, hogy a mindennapok egy r\u00e9sz\u00e9t a virtu\u00e1lis t\u00e9rben t\u00f6lts\u00fck. Ez a jelens\u00e9g valamennyi gener\u00e1ci\u00f3t \u00e9rint, de ez nem felt\u00e9tlen\u00fcl negat\u00edv, gondoljunk p\u00e9ld\u00e1ul arra, mikor \u2013 a sz\u00fcks\u00e9ges m\u00e9rt\u00e9kig \u2013 t\u00e1j\u00e9koz\u00f3d\u00e1sra, kapcsolattart\u00e1sra vagy \u00fcgyint\u00e9z\u00e9sre haszn\u00e1ljuk az eszk\u00f6zeinket. A probl\u00e9ma akkor kezd\u0151dik, amikor a digit\u00e1lis &hellip;<\/p>\n","protected":false},"author":101613,"featured_media":52380,"parent":49324,"menu_order":10,"comment_status":"closed","ping_status":"closed","template":"","meta":{"_acf_changed":false,"footnotes":""},"categories":[],"tags":[],"class_list":["post-48836","page","type-page","status-publish","has-post-thumbnail","hentry"],"acf":[],"_links":{"self":[{"href":"https:\/\/semmelweis.hu\/egeszsegfejlesztes\/wp-json\/wp\/v2\/pages\/48836","targetHints":{"allow":["GET"]}}],"collection":[{"href":"https:\/\/semmelweis.hu\/egeszsegfejlesztes\/wp-json\/wp\/v2\/pages"}],"about":[{"href":"https:\/\/semmelweis.hu\/egeszsegfejlesztes\/wp-json\/wp\/v2\/types\/page"}],"author":[{"embeddable":true,"href":"https:\/\/semmelweis.hu\/egeszsegfejlesztes\/wp-json\/wp\/v2\/users\/101613"}],"replies":[{"embeddable":true,"href":"https:\/\/semmelweis.hu\/egeszsegfejlesztes\/wp-json\/wp\/v2\/comments?post=48836"}],"version-history":[{"count":10,"href":"https:\/\/semmelweis.hu\/egeszsegfejlesztes\/wp-json\/wp\/v2\/pages\/48836\/revisions"}],"predecessor-version":[{"id":53029,"href":"https:\/\/semmelweis.hu\/egeszsegfejlesztes\/wp-json\/wp\/v2\/pages\/48836\/revisions\/53029"}],"up":[{"embeddable":true,"href":"https:\/\/semmelweis.hu\/egeszsegfejlesztes\/wp-json\/wp\/v2\/pages\/49324"}],"wp:featuredmedia":[{"embeddable":true,"href":"https:\/\/semmelweis.hu\/egeszsegfejlesztes\/wp-json\/wp\/v2\/media\/52380"}],"wp:attachment":[{"href":"https:\/\/semmelweis.hu\/egeszsegfejlesztes\/wp-json\/wp\/v2\/media?parent=48836"}],"wp:term":[{"taxonomy":"category","embeddable":true,"href":"https:\/\/semmelweis.hu\/egeszsegfejlesztes\/wp-json\/wp\/v2\/categories?post=48836"},{"taxonomy":"post_tag","embeddable":true,"href":"https:\/\/semmelweis.hu\/egeszsegfejlesztes\/wp-json\/wp\/v2\/tags?post=48836"}],"curies":[{"name":"wp","href":"https:\/\/api.w.org\/{rel}","templated":true}]}}