{"id":48833,"date":"2020-08-29T12:42:14","date_gmt":"2020-08-29T10:42:14","guid":{"rendered":"http:\/\/test.semmelweis.hu\/peldaintezet\/?page_id=48833"},"modified":"2025-07-20T16:02:22","modified_gmt":"2025-07-20T14:02:22","slug":"szerhasznalat","status":"publish","type":"page","link":"https:\/\/semmelweis.hu\/egeszsegfejlesztes\/elvitelre\/szerhasznalat\/","title":{"rendered":"9. Szerhaszn\u00e1lat"},"content":{"rendered":"<h5><b><a href=\"https:\/\/semmelweis.hu\/egeszsegfejlesztes\/files\/2021\/11\/pikto-9-01.jpg\"><img loading=\"lazy\" decoding=\"async\" class=\"alignnone wp-image-50551\" src=\"https:\/\/semmelweis.hu\/egeszsegfejlesztes\/files\/2021\/11\/pikto-9-01-400x400.jpg\" alt=\"\" width=\"140\" height=\"140\" srcset=\"https:\/\/semmelweis.hu\/egeszsegfejlesztes\/files\/2021\/11\/pikto-9-01-400x400.jpg 400w, https:\/\/semmelweis.hu\/egeszsegfejlesztes\/files\/2021\/11\/pikto-9-01-1024x1024.jpg 1024w, https:\/\/semmelweis.hu\/egeszsegfejlesztes\/files\/2021\/11\/pikto-9-01-150x150.jpg 150w, https:\/\/semmelweis.hu\/egeszsegfejlesztes\/files\/2021\/11\/pikto-9-01-768x768.jpg 768w, https:\/\/semmelweis.hu\/egeszsegfejlesztes\/files\/2021\/11\/pikto-9-01-753x753.jpg 753w, https:\/\/semmelweis.hu\/egeszsegfejlesztes\/files\/2021\/11\/pikto-9-01.jpg 1200w\" sizes=\"auto, (max-width: 140px) 100vw, 140px\" \/><\/a><\/b><em><span style=\"color: #6d1466;font-size: 14pt\">Csak szer n\u00e9lk\u00fcl maradsz szabad!<\/span><\/em><\/h5>\n<p><span style=\"font-weight: 400\">A pszichoakt\u00edv szerek haszn\u00e1lati zavarai a f\u00fcgg\u0151s\u00e9g kialakul\u00e1sa mellett sz\u00e1mos m\u00e1s eg\u00e9szs\u00e9g\u00fcgyi probl\u00e9m\u00e1t is okozhatnak, tov\u00e1bb\u00e1 negat\u00edv viselked\u00e9s- \u00e9s \u00e9letm\u00f3dv\u00e1ltoz\u00e1ssal j\u00e1rnak. Ezen esetekben a szerhaszn\u00e1l\u00f3 nemcsak \u00f6nmag\u00e1t vesz\u00e9lyezteti, hanem k\u00f6rnyezet\u00e9re, illetve t\u00e1rsas kapcsolatainak a min\u0151s\u00e9g\u00e9re is k\u00e1ros hat\u00e1ssal van. <\/span><span style=\"font-weight: 400\"><br \/>\n<\/span><span style=\"font-weight: 400\">A pszichoakt\u00edv szerek egy r\u00e9sz\u00e9r\u0151l m\u00e1shol ejt\u00fcnk sz\u00f3t (pl. a doh\u00e1nyz\u00e1sr\u00f3l, illetve az alkoholfogyaszt\u00e1sr\u00f3l sz\u00f3l\u00f3 fejezetekben), itt a szerhaszn\u00e1latr\u00f3l sz\u00f3l\u00f3 r\u00e9szben a haz\u00e1nkban leggyakrabban fogyasztott illeg\u00e1lis k\u00e1b\u00edt\u00f3szerek \u2013 a kannabisz \u00e9s a stimul\u00e1ns drogok \u2013 haszn\u00e1lat\u00e1nak a vesz\u00e9lyeit, illetve a nyugtat\u00f3, altat\u00f3 vagy szorong\u00e1sold\u00f3 gy\u00f3gyszerek szed\u00e9s\u00e9nek a kock\u00e1zatait foglaljuk \u00f6ssze.\u00a0<\/span><\/p>\n<h5><span style=\"font-size: 14pt;color: #6d1466\">Kannabisz <em>(marihu\u00e1na\/hasis\/THC\/\u201df\u0171\u201d)<\/em><\/span><\/h5>\n<p><span style=\"font-weight: 400\">A kannabisz illeg\u00e1lis k\u00f6nny\u0171 drog, rendszeres haszn\u00e1lata f\u00fcgg\u0151s\u00e9get okoz.\u00a0<\/span><\/p>\n<div class=\"keretes-11 w-100\">\n<p><strong><span style=\"color: #6d1466\">A \u201cf\u00fcvez\u00e9s\u201d az \u00e1lmatlans\u00e1g, a s\u00f3v\u00e1rg\u00e1s \u00e9s az ingerl\u00e9kenys\u00e9g mellett az al\u00e1bbi k\u00e1ros hat\u00e1sokat, illetve k\u00f3r\u00e1llapotokat v\u00e1lthatja ki:<\/span><\/strong><\/p>\n<ul>\n<li><span style=\"color: #6d1466\"><b>Motiv\u00e1ci\u00f3veszt\u00e9s:<\/b><\/span><span style=\"font-weight: 400\"> a szer fogyaszt\u00f3ja fokozatosan elvesz\u00edti a tanul\u00e1sra, munk\u00e1ra, t\u00e1rsas kapcsolatok \u00e1pol\u00e1s\u00e1ra ir\u00e1nyul\u00f3 k\u00e9sztet\u00e9seit. Nincs kedve kimozdulni, \u00faj c\u00e9lokat kit\u0171zni, \u00faj ismerets\u00e9geket kialak\u00edtani. Az \u00e9lettere besz\u0171k\u00fcl.<\/span><\/li>\n<li><span style=\"color: #6d1466\"><b>Drog kiv\u00e1ltotta pszich\u00f3zis<\/b><\/span><span style=\"font-weight: 400\"><span style=\"color: #6d1466\">:<\/span> a kannabiszhaszn\u00e1l\u00f3k egy r\u00e9sz\u00e9n\u00e9l \u2013 az idegrendszerre gyakorolt hat\u00e1s r\u00e9v\u00e9n \u2013 t\u00e9veszm\u00e9k \u00e9s hallucin\u00e1ci\u00f3k lepik el a tudatot. Fogyaszt\u00e1sa balesetvesz\u00e9llyel \u00e9s fokozottabb \u00f6ngyilkoss\u00e1gi k\u00e9sztet\u00e9s kock\u00e1zat\u00e1val j\u00e1r. Az \u00e1tmeneti elmezavar miatt ak\u00e1r pszichi\u00e1triai kezel\u00e9s is sz\u00fcks\u00e9gess\u00e9 v\u00e1lhat.<\/span><\/li>\n<li><b><span style=\"color: #6d1466\">Tart\u00f3s \u00e9szlel\u00e9szavar:<\/span> <\/b><span style=\"font-weight: 400\">esetenk\u00e9nt a \u201cf\u00fcvez\u00e9s\u201d olyan hallucin\u00e1ci\u00f3kat v\u00e1lt ki, melyek szerhaszn\u00e1lat n\u00e9lk\u00fcl is visszat\u00e9rnek. Ez a tart\u00f3s percepci\u00f3zavar ak\u00e1r egyszeri haszn\u00e1latot k\u00f6vet\u0151en is kialakulhat.<\/span><span style=\"font-weight: 400\"><br \/>\n<\/span><\/li>\n<\/ul>\n<\/div>\n<h5><span style=\"font-size: 14pt;color: #6d1466\">Stimul\u00e1nsok\/partidrogok<\/span><\/h5>\n<p><span style=\"font-weight: 400\">Sz\u00e1mtalan partidrog van, amit a d\u00edlerek pillanatnyi ekszt\u00e1zis, p\u00f6rg\u00e9s \u00edg\u00e9ret\u00e9vel aj\u00e1nlanak, \u00e1m a szervezetre gyakorolt rombol\u00f3, puszt\u00edt\u00f3 hat\u00e1suk miatt jobb, ha mindenki t\u00e1vol tartja mag\u00e1t t\u0151l\u00fck. Ebbe a k\u00f6rbe tartozik t\u00f6bbek k\u00f6z\u00f6tt az ecstasy, az amfetamin, tov\u00e1bb\u00e1 ide sorolhat\u00f3k az \u00faj t\u00edpus\u00fa stimul\u00e1nsok is, mint p\u00e9ld\u00e1ul a szintetikus katinon-sz\u00e1rmaz\u00e9kok (pl. mefedron\/Kati, MDPV\/Zene, 4-MEC, penta krist\u00e1ly, alfa-PVP, stb.).<\/span><\/p>\n<p><span style=\"font-weight: 400\">A stimul\u00e1nsdrogok haszn\u00e1lata m\u00e9g kis mennyis\u00e9g eset\u00e9n is illeg\u00e1lis. Ezen k\u00e1b\u00edt\u00f3szerek fogyaszt\u00f3in\u00e1l sok esetben f\u00fcgg\u0151s\u00e9g alakul ki, ami pszich\u00e9s \u00e9s testi megvon\u00e1si t\u00fcnetek jelentkez\u00e9s\u00e9vel j\u00e1r. Szerhaszn\u00e1lat hi\u00e1ny\u00e1ban jellemz\u0151en intenz\u00edv s\u00f3v\u00e1rg\u00e1s, k\u00e9zremeg\u00e9s, verejt\u00e9kez\u00e9s \u00e9s \u00e1lmatlans\u00e1g l\u00e9p fel. R\u00f6vid t\u00e1von is kock\u00e1zatot jelenthet a haszn\u00e1latot k\u00f6vet\u0151 epilepszi\u00e1s roham. A szerek t\u00faladagol\u00e1sa pedig ak\u00e1r hal\u00e1lhoz is vezethet, melynek h\u00e1tter\u00e9ben t\u00f6bbnyire t\u00falmeleged\u00e9s, sz\u00edv-\u00e9rrendszeri m\u0171k\u00f6d\u00e9szavar, a v\u00e1zizomzat k\u00e1rosod\u00e1sa vagy l\u00e9gz\u00e9sb\u00e9nul\u00e1s \u00e1ll.<\/span><\/p>\n<h5><span style=\"color: #6d1466;font-size: 14pt\">Nyugtat\u00f3, altat\u00f3, szorong\u00e1sold\u00f3 gy\u00f3gyszerek<\/span><\/h5>\n<p><span style=\"font-weight: 400\">A legt\u00f6bb, ma haszn\u00e1latban l\u00e9v\u0151 nyugtat\u00f3, altat\u00f3, szorong\u00e1sold\u00f3 hat\u00e1ssal rendelkez\u0151 gy\u00f3gyszer ugyanabba a csoportba, a benzodiazepinek k\u00f6z\u00e9 tartozik. Ez\u00e9rt ez a bekezd\u00e9s a benzodiazepinekr\u0151l sz\u00f3l (ugyanakkor elmondhat\u00f3, hogy a t\u00f6bbi, hasonl\u00f3 hat\u00e1s\u00fa gy\u00f3gyszerrel is k\u00f6r\u00fclbel\u00fcl ugyanez a helyzet).<\/span><\/p>\n<p><span style=\"font-weight: 400\">A <\/span><span style=\"color: #6d1466\"><b>benzodiazepin<\/b><\/span><span style=\"font-weight: 400\"> k\u00e9miai vegy\u00fclet, amely nyugtat\u00f3, izomlaz\u00edt\u00f3 \u00e9s fesz\u00fclts\u00e9gold\u00f3 hat\u00e1st gyakorol a szervezetre. Ezeket gyakran id\u0151sebb p\u00e1ciensek alv\u00e1szavaraira \u00edrj\u00e1k fel, de megtal\u00e1lhat\u00f3k a nyugat\u00f3kban \u00e9s a szorong\u00e1sold\u00f3 gy\u00f3gyszerekben is. Csak a legsz\u00fcks\u00e9gesebb esetben \u00e9rdemes gy\u00f3gyszert fel\u00edratni, a hangulati probl\u00e9m\u00e1k, alv\u00e1szavar \u00e9s szorong\u00e1s kezel\u00e9s\u00e9t \u00e9rdemes ink\u00e1bb pszichoter\u00e1pi\u00e1val kezdeni. <\/span><em><span style=\"color: #6d1466\"><b>Ha valaki nem a kezel\u0151orvos \u00e1ltal el\u0151\u00edrt gyakoris\u00e1ggal \u00e9s mennyis\u00e9gben szedi ezeket a gy\u00f3gyszereket, akkor a gy\u00f3gy\u00edt\u00f3 hat\u00e1suk h\u00e1tt\u00e9rbe szorul, \u00e9s ehelyett rombol\u00f3, f\u00fcgg\u0151s\u00e9get okoz\u00f3 szerr\u00e9 v\u00e1lnak.<\/b><\/span><\/em><span style=\"font-weight: 400\"> A vissza\u00e9l\u00e9sszer\u0171 gy\u00f3gyszerszed\u00e9skor megjelenik a s\u00f3v\u00e1rg\u00e1s \u00e9rz\u00e9se.\u00a0<\/span><\/p>\n<h5 style=\"text-align: center\"><span style=\"font-size: 14pt\"><em><span style=\"color: #6d1466\">A toxikol\u00f3giai oszt\u00e1lyokra sokkal nagyobb sz\u00e1mban visznek be gy\u00f3gyszerm\u00e9rgez\u00e9ses eseteket, mint drogt\u00faladagol\u00e1s k\u00f6vetkezt\u00e9ben rosszul l\u00e9v\u0151ket.<\/span><\/em><\/span><\/h5>\n<p><span style=\"font-weight: 400\">Folyamatos szerhaszn\u00e1lat eset\u00e9n hossz\u00fa t\u00e1von, fokozatosan alakul ki a hozz\u00e1szok\u00e1s, ennek k\u00f6vetkezt\u00e9ben emelni kell az adagot a kell\u0151 hat\u00e1s el\u00e9r\u00e9s\u00e9hez. Mivel egyre t\u00f6bbet szed bel\u0151l\u00fck a beteg, a megn\u00f6velt mennyis\u00e9g miatt er\u0151sebb lehet a hat\u00e1s, illetve a t\u00falhaszn\u00e1lat ak\u00e1r gy\u00f3gyszerm\u00e9rgez\u00e9st is okozhat. A benzodiazepin t\u00edpus\u00fa szerek szed\u00e9se nem sz\u00fcntethet\u0151 meg egyik pillanatr\u00f3l a m\u00e1sikra, mert a megvon\u00e1s heves t\u00fcneteket okoz. Az adag csak orvosi fel\u00fcgyelet mellett, fokozatosan cs\u00f6kkenthet\u0151.<\/span><\/p>\n<h5><span style=\"font-size: 14pt;color: #6d1466\">Leszok\u00e1s<\/span><\/h5>\n<p><span style=\"font-weight: 400\">Ahhoz, hogy a leszok\u00e1s hossz\u00fa t\u00e1von is sikeres legyen, fontos, hogy a f\u00fcgg\u0151s\u00e9g h\u00e1tter\u00e9ben megh\u00faz\u00f3d\u00f3 oko(ka)t is kezelj\u00e9k, megsz\u00fcntess\u00e9k, legyenek azok ak\u00e1r szervi eredet\u0171ek, ak\u00e1r lelki term\u00e9szet\u0171ek.\u00a0<\/span><\/p>\n<div class=\"keretes-11 w-100\">\n<p><span style=\"font-weight: 400\">Ez\u00e9rt l\u00e9nyeges, hogy a szerhaszn\u00e1l\u00f3k ismerj\u00e9k a haszn\u00e1lattal kapcsolatos motiv\u00e1ci\u00f3jukat, ami lehet:<\/span><\/p>\n<ul>\n<li><span style=\"font-weight: 400\">a pillanatnyilag \u00e1t\u00e9lt \u00e9lm\u00e9ny fokoz\u00e1sa;<\/span><\/li>\n<li><span style=\"font-weight: 400\">olyan megk\u00fczd\u00e9si m\u00f3d, amivel a szerhaszn\u00e1l\u00f3 igyekszik elmenek\u00fclni a mindennapok kih\u00edv\u00e1sai \u00e9s a szem\u00e9lyes probl\u00e9m\u00e1i el\u0151l;<\/span><\/li>\n<li><span style=\"font-weight: 400\">a t\u00e1rsas\u00e1ggal val\u00f3 k\u00f6z\u00f6s egy\u00fcttl\u00e9t \u00e9lm\u00e9ny\u00e9nek n\u00f6vel\u00e9se;<\/span><\/li>\n<li><span style=\"font-weight: 400\">a m\u00e1soknak val\u00f3 megfelel\u00e9si k\u00e9nyszer;<\/span><\/li>\n<li><span style=\"font-weight: 400\">a tudat t\u00e1g\u00edt\u00e1sa, az \u00f6nismeret el\u0151seg\u00edt\u00e9se;<\/span><\/li>\n<li><span style=\"font-weight: 400\">f\u00e1jdalom, alv\u00e1sszavar, szorong\u00e1s kezel\u00e9se;<\/span><\/li>\n<li><span style=\"font-weight: 400\">egy\u00e9b szervi t\u00fcnet kezel\u00e9se.<\/span><\/li>\n<\/ul>\n<\/div>\n<h5>\u00a0<\/h5>\n<h5 style=\"text-align: center\"><span style=\"font-size: 14pt\"><span style=\"color: #6d1466\"><em>Ha \u00fagy \u00e9rzi, hogy \u00d6nn\u00e9l vagy k\u00f6zeli csal\u00e1dtagj\u00e1n\u00e1l, ismer\u0151s\u00e9n\u00e9l fenn\u00e1ll valamilyen szerf\u00fcgg\u0151s\u00e9g, k\u00e9rjen h\u00e1ziorvos\u00e1t\u00f3l, klinikai szakpszichol\u00f3gust\u00f3l vagy pszichi\u00e1tert\u0151l seg\u00edts\u00e9get!\u00a0<\/em><\/span><\/span><\/h5>\n<h6 style=\"text-align: center\"><span style=\"font-size: 14pt\"><span style=\"color: #6d1466\"><em>Anonim m\u00f3don az al\u00e1bbi<strong> <a href=\"http:\/\/nahungary.hu\/\">linken kereszt\u00fcl<\/a> <\/strong>k\u00e9rhet szak\u00e9rt\u0151i seg\u00edts\u00e9get.<\/em><\/span><\/span><\/h6>\n<h5><span style=\"color: #6d1466\">Vide\u00f3s tartalmaink a t\u00e9m\u00e1ban:<\/span><\/h5>\n<p><iframe loading=\"lazy\" src=\"https:\/\/www.youtube.com\/embed\/0s7KfN6wQuw?si=yql2A3IAkdHXVuTD\" width=\"560\" height=\"315\"><\/iframe><\/p>\n<p><iframe loading=\"lazy\" src=\"https:\/\/www.youtube.com\/embed\/BqowkEuPMyg?si=kgn2e27Q90t8NvJW\" width=\"560\" height=\"315\"><\/iframe><\/p>\n<p><iframe loading=\"lazy\" src=\"https:\/\/www.youtube.com\/embed\/pJherY_TToE?si=oycrJSMYmNwVonw2\" width=\"560\" height=\"315\"><\/iframe><\/p>\n","protected":false},"excerpt":{"rendered":"<p><a href=\"https:\/\/semmelweis.hu\/egeszsegfejlesztes\/files\/2021\/11\/pikto-9-01.jpg\"><\/a> Csak szer n\u00e9lk\u00fcl maradsz szabad! A pszichoakt\u00edv szerek haszn\u00e1lati zavarai a f\u00fcgg\u0151s\u00e9g kialakul\u00e1sa mellett sz\u00e1mos m\u00e1s eg\u00e9szs\u00e9g\u00fcgyi probl\u00e9m\u00e1t is okozhatnak, tov\u00e1bb\u00e1 negat\u00edv viselked\u00e9s- \u00e9s \u00e9letm\u00f3dv\u00e1ltoz\u00e1ssal j\u00e1rnak. Ezen esetekben a szerhaszn\u00e1l\u00f3 nemcsak \u00f6nmag\u00e1t vesz\u00e9lyezteti, hanem k\u00f6rnyezet\u00e9re, illetve t\u00e1rsas kapcsolatainak a min\u0151s\u00e9g\u00e9re is k\u00e1ros hat\u00e1ssal van. A pszichoakt\u00edv szerek egy r\u00e9sz\u00e9r\u0151l m\u00e1shol ejt\u00fcnk sz\u00f3t (pl. a doh\u00e1nyz\u00e1sr\u00f3l, &hellip;<\/p>\n","protected":false},"author":101613,"featured_media":0,"parent":49324,"menu_order":9,"comment_status":"closed","ping_status":"closed","template":"","meta":{"_acf_changed":false,"footnotes":""},"categories":[],"tags":[],"class_list":["post-48833","page","type-page","status-publish","hentry"],"acf":[],"_links":{"self":[{"href":"https:\/\/semmelweis.hu\/egeszsegfejlesztes\/wp-json\/wp\/v2\/pages\/48833","targetHints":{"allow":["GET"]}}],"collection":[{"href":"https:\/\/semmelweis.hu\/egeszsegfejlesztes\/wp-json\/wp\/v2\/pages"}],"about":[{"href":"https:\/\/semmelweis.hu\/egeszsegfejlesztes\/wp-json\/wp\/v2\/types\/page"}],"author":[{"embeddable":true,"href":"https:\/\/semmelweis.hu\/egeszsegfejlesztes\/wp-json\/wp\/v2\/users\/101613"}],"replies":[{"embeddable":true,"href":"https:\/\/semmelweis.hu\/egeszsegfejlesztes\/wp-json\/wp\/v2\/comments?post=48833"}],"version-history":[{"count":10,"href":"https:\/\/semmelweis.hu\/egeszsegfejlesztes\/wp-json\/wp\/v2\/pages\/48833\/revisions"}],"predecessor-version":[{"id":53027,"href":"https:\/\/semmelweis.hu\/egeszsegfejlesztes\/wp-json\/wp\/v2\/pages\/48833\/revisions\/53027"}],"up":[{"embeddable":true,"href":"https:\/\/semmelweis.hu\/egeszsegfejlesztes\/wp-json\/wp\/v2\/pages\/49324"}],"wp:attachment":[{"href":"https:\/\/semmelweis.hu\/egeszsegfejlesztes\/wp-json\/wp\/v2\/media?parent=48833"}],"wp:term":[{"taxonomy":"category","embeddable":true,"href":"https:\/\/semmelweis.hu\/egeszsegfejlesztes\/wp-json\/wp\/v2\/categories?post=48833"},{"taxonomy":"post_tag","embeddable":true,"href":"https:\/\/semmelweis.hu\/egeszsegfejlesztes\/wp-json\/wp\/v2\/tags?post=48833"}],"curies":[{"name":"wp","href":"https:\/\/api.w.org\/{rel}","templated":true}]}}