{"id":48831,"date":"2020-08-29T12:41:50","date_gmt":"2020-08-29T10:41:50","guid":{"rendered":"http:\/\/test.semmelweis.hu\/peldaintezet\/?page_id=48831"},"modified":"2025-07-20T16:00:54","modified_gmt":"2025-07-20T14:00:54","slug":"alkoholfogyasztas","status":"publish","type":"page","link":"https:\/\/semmelweis.hu\/egeszsegfejlesztes\/elvitelre\/alkoholfogyasztas\/","title":{"rendered":"8. Alkoholfogyaszt\u00e1s"},"content":{"rendered":"<h5><a href=\"https:\/\/semmelweis.hu\/egeszsegfejlesztes\/files\/2021\/11\/pikto-8-01.jpg\"><img loading=\"lazy\" decoding=\"async\" class=\"alignnone wp-image-50550\" src=\"https:\/\/semmelweis.hu\/egeszsegfejlesztes\/files\/2021\/11\/pikto-8-01-400x400.jpg\" alt=\"\" width=\"140\" height=\"140\" srcset=\"https:\/\/semmelweis.hu\/egeszsegfejlesztes\/files\/2021\/11\/pikto-8-01-400x400.jpg 400w, https:\/\/semmelweis.hu\/egeszsegfejlesztes\/files\/2021\/11\/pikto-8-01-1024x1024.jpg 1024w, https:\/\/semmelweis.hu\/egeszsegfejlesztes\/files\/2021\/11\/pikto-8-01-150x150.jpg 150w, https:\/\/semmelweis.hu\/egeszsegfejlesztes\/files\/2021\/11\/pikto-8-01-768x768.jpg 768w, https:\/\/semmelweis.hu\/egeszsegfejlesztes\/files\/2021\/11\/pikto-8-01-753x753.jpg 753w, https:\/\/semmelweis.hu\/egeszsegfejlesztes\/files\/2021\/11\/pikto-8-01.jpg 1200w\" sizes=\"auto, (max-width: 140px) 100vw, 140px\" \/><\/a><span style=\"font-size: 14pt;color: #153870\"><em>Ne hagyd, hogy az alkohol vezessen!<\/em><\/span><\/h5>\n<p><span style=\"font-weight: 400\">A szervezet\u00fcnk fenntart\u00e1s\u00e1hoz nincs sz\u00fcks\u00e9g\u00fcnk az alkoholra. B\u00e1r az energiatartalma igen magas \u2013 egy gramm alkohol 7 kal\u00f3ri\u00e1t tartalmaz \u2013, t\u00e1panyagot m\u00e9gsem visz\u00fcnk be vele, ez\u00e9rt igaz\u00e1b\u00f3l felesleges sz\u00e1munkra.\u00a0<\/span><\/p>\n<p><span style=\"font-weight: 400\">Az alkohollal val\u00f3 viszonyunk alapvet\u0151en n\u00e9gyf\u00e9le lehet. <\/span><span style=\"color: #153870\"><b>Absztinens<\/b><\/span><span style=\"font-weight: 400\">, aki soha nem iszik semennyit; <\/span><span style=\"color: #153870\"><b>m\u00e9rt\u00e9kletes fogyaszt\u00f3<\/b><\/span><span style=\"font-weight: 400\">, aki az aj\u00e1nlott hat\u00e1rok k\u00f6z\u00f6tt marad; <\/span><span style=\"color: #153870\"><b>nagyiv\u00f3<\/b><\/span><span style=\"font-weight: 400\">, akinek a fogyaszt\u00e1si mennyis\u00e9g\u00e9b\u0151l m\u00e1r komoly probl\u00e9m\u00e1ja lehet; <\/span><span style=\"color: #153870\"><b>alkoholbeteg<\/b><\/span><span style=\"font-weight: 400\"> pedig az, akinek az italoz\u00e1s befejez\u00e9se olyan komoly probl\u00e9m\u00e1kat okoz, hogy azok lek\u00fczd\u00e9s\u00e9hez ter\u00e1pi\u00e1ra van sz\u00fcks\u00e9ge. K\u00fcl\u00f6n kateg\u00f3ria a <\/span><span style=\"color: #153870\"><b>rohamiv\u00f3<\/b><\/span><span style=\"font-weight: 400\">, aki a ber\u00fag\u00e1s rem\u00e9ny\u00e9ben r\u00f6vid id\u0151 alatt sok alkoholos italt fogyaszt, \u00e9s mindezt legal\u00e1bb havonta teszi.<\/span><\/p>\n<p><span style=\"font-weight: 400\">A legt\u00f6bben m\u00e9rt\u00e9ktart\u00f3nak gondoljuk magunkat az italoz\u00e1s ter\u00e9n, illetve biztosak vagyunk abban, hogy nem \u00e9rhet minket eg\u00e9szs\u00e9gk\u00e1rosod\u00e1s. Azonban a t\u00e9nyleges m\u00e9rc\u00e9t nem a szubjekt\u00edv meg\u00edt\u00e9l\u00e9s\u00fcnk adja, hanem a szervezet\u00fcnk \u00e9lettani korl\u00e1tai. A szakmai aj\u00e1nl\u00e1sok is ezen alapulnak.<\/span><\/p>\n<p><span style=\"color: #153870\"><em><b>Csak 18 \u00e9ves kor ut\u00e1n fogyasszunk alkoholt! <\/b><\/em><\/span><span style=\"font-weight: 400\">Egy\u00e9nt\u0151l f\u00fcgg\u0151en k\u00f6r\u00fclbel\u00fcl ekkor fejez\u0151dik be az agy \u00e9r\u00e9si folyamata, amelyre a rendszeres tin\u00e9dzserkori italoz\u00e1s negat\u00edvan hat.<\/span><b>\u00a0<\/b><\/p>\n<div class=\"keretes-10 w-100\">\n<p><span style=\"font-weight: 400\">Feln\u0151tt f\u00e9rfiaknak napi maximum 2 standard ital az aj\u00e1nlott mennyis\u00e9g, feln\u0151tt n\u0151knek pedig napi maximum 1 standard ital \u2013 legal\u00e1bb heti 2 nap sz\u00fcnettel. V\u00e1rand\u00f3ss\u00e1g \u00e9s szoptat\u00e1s alatt fontos, hogy a kismama ker\u00fclje az alkoholfogyaszt\u00e1st, mert az h\u00e1tr\u00e1ltatja a magzat\/gyermek fejl\u0151d\u00e9s\u00e9t.<\/span><\/p>\n<\/div>\n<h5><span style=\"font-size: 14pt;color: #153870\">Vajon mennyi egy standard egys\u00e9g?<\/span><\/h5>\n<p><span style=\"font-weight: 400\">10 gramm alkoholt tartalmaz\u00f3 ital sz\u00e1m\u00edt egy <\/span><span style=\"color: #153870\"><b>standard egys\u00e9g<\/b><\/span><span style=\"font-weight: 400\">nek. Az otthon elfogyasztott vagy vend\u00e9gl\u00e1t\u00f3helyeken felszolg\u00e1lt mennyis\u00e9gek \u00e1ltal\u00e1ban nagyobbak egy egys\u00e9gn\u00e9l (p\u00e9ld\u00e1ul egy kors\u00f3 s\u00f6r 2 standard italnak felel meg).\u00a0<\/span><\/p>\n<p><a href=\"https:\/\/semmelweis.hu\/egeszsegfejlesztes\/files\/2021\/12\/jav-Alkohol-IG1-v3-01.jpg\"><img loading=\"lazy\" decoding=\"async\" class=\"aligncenter wp-image-50658\" src=\"https:\/\/semmelweis.hu\/egeszsegfejlesztes\/files\/2021\/12\/jav-Alkohol-IG1-v3-01-400x171.jpg\" alt=\"\" width=\"1043\" height=\"446\" srcset=\"https:\/\/semmelweis.hu\/egeszsegfejlesztes\/files\/2021\/12\/jav-Alkohol-IG1-v3-01-400x171.jpg 400w, https:\/\/semmelweis.hu\/egeszsegfejlesztes\/files\/2021\/12\/jav-Alkohol-IG1-v3-01-1024x437.jpg 1024w, https:\/\/semmelweis.hu\/egeszsegfejlesztes\/files\/2021\/12\/jav-Alkohol-IG1-v3-01-768x328.jpg 768w, https:\/\/semmelweis.hu\/egeszsegfejlesztes\/files\/2021\/12\/jav-Alkohol-IG1-v3-01-753x321.jpg 753w, https:\/\/semmelweis.hu\/egeszsegfejlesztes\/files\/2021\/12\/jav-Alkohol-IG1-v3-01.jpg 1441w\" sizes=\"auto, (max-width: 1043px) 100vw, 1043px\" \/><\/a><\/p>\n<p><span style=\"font-weight: 400\">A honlapunkon el\u00e9rhet\u0151 <\/span><span style=\"color: #153870\"><strong>kalkul\u00e1tor<\/strong><\/span><span style=\"font-weight: 400\"> seg\u00edt meghat\u00e1rozni, hogy az elfogyasztott italok h\u00e1ny standard egys\u00e9gnek felelnek meg.<\/span><\/p>\n<p style=\"text-align: center\"><a class=\"btn btn-secondary\" href=\"https:\/\/semmelweis.hu\/egeszsegfejlesztes\/adv-alc-calc\/\">V\u00c9RALKOHOLSZINT KALKUL\u00c1TOR<\/a><\/p>\n<p><span style=\"font-weight: 400\">Az alkohol hat\u00e1sa nem csup\u00e1n a bevitt mennyis\u00e9gt\u0151l, hanem annak felsz\u00edv\u00f3d\u00e1si \u00e9s leboml\u00e1si sebess\u00e9g\u00e9t\u0151l is f\u00fcgg (p\u00e9ld\u00e1ul ev\u00e9s ut\u00e1n, teli gyomorb\u00f3l lassabban jut be a v\u00e9r\u00e1ramba). <\/span><\/p>\n<div class=\"keretes-10 w-100\">\n<p><span style=\"font-weight: 400\">Az aktu\u00e1lis v\u00e9ralkoholszintet befoly\u00e1solja az is, hogy <\/span><span style=\"color: #153870\"><b>a m\u00e1j \u00f3r\u00e1nk\u00e9nt csak k\u00f6r\u00fclbel\u00fcl 5\u20138 grammt\u00f3l<\/b><\/span><span style=\"font-weight: 400\"> szabad\u00edt meg.\u00a0<\/span><\/p>\n<\/div>\n<h5><span style=\"font-size: 14pt;color: #153870\">A fogyaszt\u00e1s mell\u00e9khat\u00e1sai<\/span><\/h5>\n<p><span style=\"font-weight: 400\">A m\u00e1snaposs\u00e1ggal j\u00e1r\u00f3 fejf\u00e1j\u00e1st egy, a boml\u00e1s sor\u00e1n felszabadul\u00f3 molekula \u2013 az acetaldehid \u2013 okozza. B\u00e1r ez a kellemetlen \u00e1llapot hamar elm\u00falik, az aj\u00e1nlott mennyis\u00e9g feletti alkoholfogyaszt\u00e1snak sz\u00e1mos hossz\u00fa t\u00e1v\u00fa, negat\u00edv hat\u00e1sa van. Rontja az \u00e9letmin\u0151s\u00e9get, s\u0151t, meg is r\u00f6vid\u00edtheti az \u00e9letet. Eg\u00e9szs\u00e9gk\u00e1ros\u00edt\u00f3 hat\u00e1sai k\u00f6z\u00e9 tartozik a b\u0151r korai \u00f6reged\u00e9se, a cs\u00f6kkent immunv\u00e9dekez\u00e9s (p\u00e9ld\u00e1ul nagyobb hajlam a t\u00fcd\u0151gyullad\u00e1sra), a m\u00e1jk\u00e1rosod\u00e1s, a zsibbad\u00f3 v\u00e9gtagok, az irracion\u00e1lis viselked\u00e9s, f\u00e9rfiakn\u00e1l a potenciazavarok, n\u0151kn\u00e9l pedig a sz\u00fcletend\u0151 gyermek fejl\u0151d\u00e9si rendelleness\u00e9gei.<\/span><\/p>\n<p><span style=\"font-weight: 400\">A szervezetre gyakorolt hat\u00e1s m\u00e9rt\u00e9k\u00e9t a v\u00e9ralkoholszint mutatja meg. Min\u00e9l nagyobb ez az \u00e9rt\u00e9k, ann\u00e1l er\u0151sebb ez a hat\u00e1s. A v\u00e9ralkoholszintr\u0151l <\/span><a href=\"https:\/\/semmelweis.hu\/egeszsegfejlesztes\/adv-alc-calc\/\"><b>kalkul\u00e1torunk<\/b> <\/a><span style=\"font-weight: 400\">ad <\/span><strong><span style=\"color: #153870\"><em>becs\u00fclt<\/em><\/span><\/strong><span style=\"font-weight: 400\"> \u00e9rt\u00e9ket.<\/span><\/p>\n<h5><span style=\"color: #153870;font-size: 14pt\">Ha ennyi negat\u00edv hat\u00e1sa van, m\u00e9gis mi\u00e9rt fogyasztjuk?\u00a0<\/span><\/h5>\n<p><span style=\"font-weight: 400\">Ha v\u00e1ltoztatni szeretn\u00e9nk egy szok\u00e1sunkon, el\u0151tte fontos meg\u00e9rten\u00fcnk, mi k\u00e9sztet minket arra. Az alkoholfogyaszt\u00e1s motiv\u00e1ci\u00f3ja<\/span> <span style=\"font-weight: 400\">sokf\u00e9le lehet, \u00e9s az \u00e9letkor el\u0151rehaladt\u00e1val v\u00e1ltozhat is. Az <\/span><strong><a href=\"https:\/\/www.semmelweiskiado.hu\/termek\/1730\/egeszseg-elvitelre-minden-amit-onmagadert-tehetsz-lehetoseg-onmagamnak-melleklettel\"><i>Eg\u00e9szs\u00e9g elvitelre<\/i><\/a><\/strong><span style=\"font-weight: 400\"> c. k\u00f6nyv\u00fcnkben haszn\u00e1lt feloszt\u00e1ssal \u2013 a k\u00fcls\u0151\/bels\u0151, illetve pozit\u00edv\/negat\u00edv meger\u0151s\u00edt\u00e9s szempontjai szerint \u2013 n\u00e9gyf\u00e9le k\u00e9sztet\u00e9si t\u00edpust hat\u00e1roztunk meg:<\/span><\/p>\n<div class=\"keretes-10 w-100\">\n<ul>\n<li><span style=\"font-weight: 400\">K\u00fcls\u0151\/pozit\u00edv meger\u0151s\u00edt\u00e9s\u0171, azaz <\/span><span style=\"color: #153870\"><b>t\u00e1rsas vagy szoci\u00e1lis motiv\u00e1ci\u00f3<\/b><\/span><span style=\"font-weight: 400\">r\u00f3l besz\u00e9l\u00fcnk, ha valaki els\u0151sorban az\u00e9rt iszik, hogy j\u00f3 t\u00e1rsas\u00e1gban, bar\u00e1tai, szerettei k\u00f6r\u00e9ben t\u00f6ltse az id\u0151t.<\/span><\/li>\n<li><span style=\"font-weight: 400\">Bels\u0151\/pozit\u00edv meger\u0151s\u00edt\u00e9s\u0171, azaz <\/span><span style=\"color: #153870\"><b>fokoz\u00e1sos motiv\u00e1ci\u00f3<\/b><\/span><span style=\"font-weight: 400\"> \u00e1ll fenn, ha valaki els\u0151sorban az\u00e9rt iszik, mert v\u00e1gyik az izgalmakra \u00e9s az intenz\u00edv \u00e9lm\u00e9nyekre. Az ilyen emberek \u00e1ltal\u00e1ban impulz\u00edvak, k\u00f6nnyen bar\u00e1tkoznak \u00e9s nyitottak a k\u00fclvil\u00e1g fel\u00e9. El\u0151fordulhat, hogy n\u00e9ha r\u00e1men\u0151sek \u00e9s agressz\u00edvek, k\u00f6nnyen elvesz\u00edtik az \u00f6nuralmukat.<\/span><\/li>\n<li><span style=\"font-weight: 400\">A bels\u0151\/negat\u00edv meger\u0151s\u00edt\u00e9s\u0171, azaz <\/span><span style=\"color: #153870\"><b>megk\u00fczd\u00e9ses motiv\u00e1ci\u00f3<\/b><\/span><span style=\"font-weight: 400\">j\u00fa italoz\u00e1s els\u0151dleges oka olyan negat\u00edv \u00e1llapot (p\u00e9ld\u00e1ul szorong\u00e1s, fesz\u00fclts\u00e9g, rossz hangulat), amit a fogyaszt\u00f3 szeretne elker\u00fclni.\u00a0 \u00c1ltal\u00e1ban ezek az emberek nehezen bar\u00e1tkoznak, fokozott agg\u00f3d\u00e1s jellemzi \u0151ket, illetve nem ritka, hogy \u00f6nbizalomhi\u00e1nnyal k\u00fczdenek.<\/span><\/li>\n<li><span style=\"font-weight: 400\">A k\u00fcls\u0151\/negat\u00edv meger\u0151s\u00edt\u00e9s\u0171 motiv\u00e1ci\u00f3 a <\/span><span style=\"color: #153870\"><b>konformit\u00e1s alap\u00fa iv\u00f3<\/b><\/span><span style=\"font-weight: 400\">kra jellemz\u0151. \u0150k azok, akik sokszor a t\u00e1rsas\u00e1g unszol\u00e1s\u00e1ra issz\u00e1k le magukat. Ez elker\u00fclhet\u0151 azzal, ha az erre hajlamos szem\u00e9ly megtanul nemet mondani, ak\u00e1r \u0151szint\u00e9n, ak\u00e1r humorral vagy egy kis f\u00fcllent\u00e9ssel (,,Most \u00e9pp gy\u00f3gyszert szedek, nem k\u00e9rek!\u201d).<\/span><\/li>\n<\/ul>\n<\/div>\n<p><span style=\"font-weight: 400\">Ha m\u00e1r felismerj\u00fck, melyik motiv\u00e1ci\u00f3 jellemz\u0151 r\u00e1nk, \u00e9s ezt \u00f6ssze tudjuk vetni a fogyaszt\u00e1sunk m\u00e9rt\u00e9k\u00e9vel, j\u00f3 \u00faton vagyunk annak meghat\u00e1roz\u00e1s\u00e1hoz, sz\u00fcks\u00e9ges-e az eg\u00e9szs\u00e9g\u00fcnk \u00e9rdek\u00e9ben v\u00e1ltoztatnunk a szok\u00e1sunkon.<\/span><\/p>\n<h5 style=\"text-align: center\"><em><span style=\"font-size: 14pt;color: #153870\">Ha \u00fagy \u00e9rzi, hogy \u00d6nn\u00e9l is fenn\u00e1ll a f\u00fcgg\u0151s\u00e9g vesz\u00e9lye, akkor k\u00e9rje h\u00e1ziorvosa vagy pszichol\u00f3gus seg\u00edts\u00e9g\u00e9t. Ezen fel\u00fcl az <a href=\"http:\/\/www.anonimalkoholistak.hu\/\">al\u00e1bbi honlapon<\/a> is k\u00e9rhet seg\u00edts\u00e9get.<\/span><\/em><\/h5>\n<p>&nbsp;<\/p>\n<p><span style=\"font-size: 10pt\"><em>Grafika: Eg\u00e9szs\u00e9gfejleszt\u00e9si K\u00f6zpont<\/em><\/span><\/p>\n","protected":false},"excerpt":{"rendered":"<p><a href=\"https:\/\/semmelweis.hu\/egeszsegfejlesztes\/files\/2021\/11\/pikto-8-01.jpg\"><\/a> Ne hagyd, hogy az alkohol vezessen! A szervezet\u00fcnk fenntart\u00e1s\u00e1hoz nincs sz\u00fcks\u00e9g\u00fcnk az alkoholra. B\u00e1r az energiatartalma igen magas \u2013 egy gramm alkohol 7 kal\u00f3ri\u00e1t tartalmaz \u2013, t\u00e1panyagot m\u00e9gsem visz\u00fcnk be vele, ez\u00e9rt igaz\u00e1b\u00f3l felesleges sz\u00e1munkra.\u00a0 Az alkohollal val\u00f3 viszonyunk alapvet\u0151en n\u00e9gyf\u00e9le lehet. Absztinens, aki soha nem iszik semennyit; m\u00e9rt\u00e9kletes fogyaszt\u00f3, aki az aj\u00e1nlott hat\u00e1rok k\u00f6z\u00f6tt &hellip;<\/p>\n","protected":false},"author":101614,"featured_media":50658,"parent":49324,"menu_order":8,"comment_status":"closed","ping_status":"closed","template":"","meta":{"_acf_changed":false,"footnotes":""},"categories":[],"tags":[],"class_list":["post-48831","page","type-page","status-publish","has-post-thumbnail","hentry"],"acf":[],"_links":{"self":[{"href":"https:\/\/semmelweis.hu\/egeszsegfejlesztes\/wp-json\/wp\/v2\/pages\/48831","targetHints":{"allow":["GET"]}}],"collection":[{"href":"https:\/\/semmelweis.hu\/egeszsegfejlesztes\/wp-json\/wp\/v2\/pages"}],"about":[{"href":"https:\/\/semmelweis.hu\/egeszsegfejlesztes\/wp-json\/wp\/v2\/types\/page"}],"author":[{"embeddable":true,"href":"https:\/\/semmelweis.hu\/egeszsegfejlesztes\/wp-json\/wp\/v2\/users\/101614"}],"replies":[{"embeddable":true,"href":"https:\/\/semmelweis.hu\/egeszsegfejlesztes\/wp-json\/wp\/v2\/comments?post=48831"}],"version-history":[{"count":6,"href":"https:\/\/semmelweis.hu\/egeszsegfejlesztes\/wp-json\/wp\/v2\/pages\/48831\/revisions"}],"predecessor-version":[{"id":53026,"href":"https:\/\/semmelweis.hu\/egeszsegfejlesztes\/wp-json\/wp\/v2\/pages\/48831\/revisions\/53026"}],"up":[{"embeddable":true,"href":"https:\/\/semmelweis.hu\/egeszsegfejlesztes\/wp-json\/wp\/v2\/pages\/49324"}],"wp:featuredmedia":[{"embeddable":true,"href":"https:\/\/semmelweis.hu\/egeszsegfejlesztes\/wp-json\/wp\/v2\/media\/50658"}],"wp:attachment":[{"href":"https:\/\/semmelweis.hu\/egeszsegfejlesztes\/wp-json\/wp\/v2\/media?parent=48831"}],"wp:term":[{"taxonomy":"category","embeddable":true,"href":"https:\/\/semmelweis.hu\/egeszsegfejlesztes\/wp-json\/wp\/v2\/categories?post=48831"},{"taxonomy":"post_tag","embeddable":true,"href":"https:\/\/semmelweis.hu\/egeszsegfejlesztes\/wp-json\/wp\/v2\/tags?post=48831"}],"curies":[{"name":"wp","href":"https:\/\/api.w.org\/{rel}","templated":true}]}}