{"id":48819,"date":"2020-08-29T12:32:34","date_gmt":"2020-08-29T10:32:34","guid":{"rendered":"http:\/\/test.semmelweis.hu\/peldaintezet\/?page_id=48819"},"modified":"2025-07-20T15:51:26","modified_gmt":"2025-07-20T13:51:26","slug":"szurovizsgalatok","status":"publish","type":"page","link":"https:\/\/semmelweis.hu\/egeszsegfejlesztes\/elvitelre\/szurovizsgalatok\/","title":{"rendered":"2. Milyen sz\u0171r\u0151vizsg\u00e1latokra van sz\u00fcks\u00e9g\u00fcnk?"},"content":{"rendered":"<h5><b><i><span style=\"font-weight: 400\"><a href=\"https:\/\/semmelweis.hu\/egeszsegfejlesztes\/files\/2021\/11\/pikto-2-01.jpg\"><img loading=\"lazy\" decoding=\"async\" class=\"alignnone wp-image-50503\" src=\"https:\/\/semmelweis.hu\/egeszsegfejlesztes\/files\/2021\/11\/pikto-2-01-400x400.jpg\" alt=\"\" width=\"145\" height=\"145\" srcset=\"https:\/\/semmelweis.hu\/egeszsegfejlesztes\/files\/2021\/11\/pikto-2-01-400x400.jpg 400w, https:\/\/semmelweis.hu\/egeszsegfejlesztes\/files\/2021\/11\/pikto-2-01-1024x1024.jpg 1024w, https:\/\/semmelweis.hu\/egeszsegfejlesztes\/files\/2021\/11\/pikto-2-01-150x150.jpg 150w, https:\/\/semmelweis.hu\/egeszsegfejlesztes\/files\/2021\/11\/pikto-2-01-768x768.jpg 768w, https:\/\/semmelweis.hu\/egeszsegfejlesztes\/files\/2021\/11\/pikto-2-01-753x753.jpg 753w, https:\/\/semmelweis.hu\/egeszsegfejlesztes\/files\/2021\/11\/pikto-2-01.jpg 1200w\" sizes=\"auto, (max-width: 145px) 100vw, 145px\" \/><\/a><\/span><\/i><\/b><span style=\"font-size: 14pt;color: #daca05\"><em>Az aut\u00f3dat viszed\u2026 Te mikor volt\u00e1l \u201cm\u0171szaki vizsg\u00e1n\u201d?<\/em><\/span><\/h5>\n<p><span style=\"font-weight: 400\">Szervezet\u00fcnkben naponta sz\u00e1mtalan \u201eid\u0151z\u00edtett bomba\u201d gy\u00e1rt\u00e1sa indul el. Ezek lehetnek fert\u0151z\u0151 \u00e9s nem fert\u0151z\u0151 betegs\u00e9gek, akut vagy kr\u00f3nikus lefoly\u00e1s\u00faak, azonnali t\u00fcnettel, panasszal j\u00e1r\u00f3k, esetleg sok\u00e1ig panaszmentesek. Ez\u00e9rt egy\u00e1ltal\u00e1n nem mindegy az, hogy a k\u00f3r\u00e1llapotok megel\u0151z\u00e9s\u00e9ben, kialakul\u00e1s\u00e1ban, illetve t\u00fcnetmentess\u00e9 t\u00e9tel\u00e9ben milyen szerepet v\u00e1llalunk. Eg\u00e9szs\u00e9g\u00fcnk meg\u0151rz\u00e9s\u00e9ben kulcsk\u00e9rd\u00e9s immunrendszer\u00fcnk t\u00e1mogat\u00e1sa, aminek alapja az eg\u00e9szs\u00e9ges t\u00e1pl\u00e1lkoz\u00e1s, a rendszeres fizikai aktivit\u00e1s, a kontroll\u00e1lt stressz-szint \u00e9ppen \u00fagy, mint a m\u00e9rs\u00e9kelt alkoholfogyaszt\u00e1s, a doh\u00e1nyz\u00e1smentes \u00e9letm\u00f3d, a megfelel\u0151 mennyis\u00e9g\u0171 \u00e9s min\u0151s\u00e9g\u0171 alv\u00e1s \u00e9s a v\u00e9d\u0151olt\u00e1sok.\u00a0 Szerencs\u00e9re az id\u0151ben felt\u00e1rt betegs\u00e9gek t\u00f6bbs\u00e9ge gy\u00f3gy\u00edthat\u00f3, illetve megfelel\u0151 gondoz\u00e1ssal t\u00fcnetmentes \u00e1llapotban tarthat\u00f3.\u00a0<\/span><\/p>\n<p><strong>H\u00e1romf\u00e9le eszk\u00f6z \u00e1ll rendelkez\u00e9s\u00fcnkre annak \u00e9rdek\u00e9ben, hogy a betegs\u00e9gek \u00e9s sz\u00f6v\u0151dm\u00e9nyeik kialakul\u00e1s\u00e1nak a kock\u00e1zat\u00e1t a lehet\u0151 legalacsonyabb szintre cs\u00f6kkents\u00fck:<\/strong><\/p>\n<ul>\n<li style=\"font-weight: 400\"><span style=\"font-weight: 400\">legyen az \u00e9letm\u00f3dunk\u00a0 eg\u00e9szs\u00e9gtudatos;<\/span><\/li>\n<li style=\"font-weight: 400\"><span style=\"font-weight: 400\">figyelj\u00fck szervezet\u00fcnk jelz\u00e9seit, v\u00e9gezz\u00fck el az el\u0151\u00edrt \u00f6nvizsg\u00e1latokat;<\/span><\/li>\n<li style=\"font-weight: 400\"><span style=\"font-weight: 400\">rendszeresen vegy\u00fcnk r\u00e9szt a nek\u00fcnk sz\u00f3l\u00f3 sz\u0171r\u0151vizsg\u00e1latokon.<\/span><\/li>\n<\/ul>\n<h5>\u00a0<\/h5>\n<h5><span style=\"font-size: 14pt;color: #daca05\">Sz\u0171r\u00e9s, kivizsg\u00e1l\u00e1s, rizik\u00f3faktor \u2013 mir\u0151l is van sz\u00f3?<\/span><\/h5>\n<div class=\"keretes-4 w-100\">\n<p><span style=\"color: #daca05\"><b>Sz\u0171r\u00e9s<\/b><\/span><span style=\"font-weight: 400\">re panasz- \u00e9s t\u00fcnetmentes id\u0151szakban ker\u00fcl sor az \u00e9letkor, nem, csal\u00e1di anamn\u00e9zis \u00e9s egy\u00e9b kock\u00e1zati t\u00e9nyez\u0151k f\u00fcggv\u00e9ny\u00e9ben. A sz\u0171r\u00e9sek sor\u00e1n el\u0151re \u00fctemezett menetrend alapj\u00e1n ker\u00fclhetnek id\u0151ben felder\u00edt\u00e9sre a rejtett kr\u00f3nikus, nem fert\u0151z\u0151 betegs\u00e9gek, illetve azok k\u00f3rmegel\u0151z\u0151 \u00e1llapotai. Az el\u0151\u00edrt sz\u0171r\u00e9sek az\u00e9rt fontosak, mert a kr\u00f3nikus, nem fert\u0151z\u0151 betegs\u00e9gek legt\u00f6bbsz\u00f6r t\u00fcnetmentesen alakulnak ki, \u00e9s csak el\u0151rehaladottabb \u00e1llapotban okoznak panaszt, l\u00e1that\u00f3 elv\u00e1ltoz\u00e1st.\u00a0<\/span><\/p>\n<p><span style=\"color: #daca05\"><b>Kivizsg\u00e1l\u00e1s<\/b><\/span><span style=\"font-weight: 400\">ra olyan panaszok \u00e9s\/vagy t\u00fcnetek megl\u00e9tekor ker\u00fcl sor, amelyeknek indokolt felder\u00edteni az oki h\u00e1tter\u00e9t. Ebben az esetben az orvos hat\u00e1rozza meg a vizsg\u00e1lat id\u0151belis\u00e9g\u00e9t, a felmer\u00fcl\u0151 betegs\u00e9g s\u00fcrg\u0151ss\u00e9ge \u00e9s s\u00falyoss\u00e1ga alapj\u00e1n.\u00a0<\/span><\/p>\n<p><span style=\"color: #daca05\"><b>Rizik\u00f3faktor<\/b><\/span><span style=\"font-weight: 400\">nak nevezz\u00fck azokat a testi adotts\u00e1gokat, \u00e9letm\u00f3dbeli szok\u00e1sokat, k\u00f6rnyezeti hat\u00e1sokat, szoci\u00e1lis k\u00f6r\u00fclm\u00e9nyeket, melyek egy adott betegs\u00e9g kialakul\u00e1s\u00e1nak es\u00e9ly\u00e9t n\u00f6velik. Sz\u00e1mos olyan rizik\u00f3faktor van jelen az \u00e9let\u00fcnkben, amelyek t\u00f6bbs\u00e9ge befoly\u00e1solhat\u00f3, m\u00edg egy r\u00e9sz\u00fckre \u2013 p\u00e9ld\u00e1ul az \u00e9letkorunkra \u2013 nincs r\u00e1hat\u00e1sunk.<\/span><\/p>\n<\/div>\n<p><span style=\"font-weight: 400\"><a href=\"https:\/\/semmelweis.hu\/egeszsegfejlesztes\/files\/2021\/11\/jav-Sz\u0171r\u00e9s-IG1-01.jpg\"><img loading=\"lazy\" decoding=\"async\" class=\"aligncenter wp-image-50504\" src=\"https:\/\/semmelweis.hu\/egeszsegfejlesztes\/files\/2021\/11\/jav-Sz\u0171r\u00e9s-IG1-01-400x308.jpg\" alt=\"\" width=\"824\" height=\"634\" srcset=\"https:\/\/semmelweis.hu\/egeszsegfejlesztes\/files\/2021\/11\/jav-Sz\u0171r\u00e9s-IG1-01-400x308.jpg 400w, https:\/\/semmelweis.hu\/egeszsegfejlesztes\/files\/2021\/11\/jav-Sz\u0171r\u00e9s-IG1-01-1024x789.jpg 1024w, https:\/\/semmelweis.hu\/egeszsegfejlesztes\/files\/2021\/11\/jav-Sz\u0171r\u00e9s-IG1-01-768x592.jpg 768w, https:\/\/semmelweis.hu\/egeszsegfejlesztes\/files\/2021\/11\/jav-Sz\u0171r\u00e9s-IG1-01.jpg 1441w\" sizes=\"auto, (max-width: 824px) 100vw, 824px\" \/><\/a><\/span><\/p>\n<p><span style=\"font-weight: 400\">A kr\u00f3nikus betegs\u00e9gek kezel\u00e9se \u2013 sz\u00edv-\u00e9rrendszeri, daganatos, anyagcsere-, l\u00e9gz\u0151szervi \u00e9s ment\u00e1lis betegs\u00e9gek \u2013 gyakran \u00e9lethosszig tart\u00f3 gy\u00f3gyszerszed\u00e9ssel, \u00e9s minden esetben \u00e9letm\u00f3dbeli teend\u0151kkel is egy\u00fctt j\u00e1r. A legt\u00f6bb sz\u0171r\u0151vizsg\u00e1lat a m\u00e1r eml\u00edtett betegs\u00e9gcsoportok felismer\u00e9s\u00e9t c\u00e9lozza meg, viszont egyes betegs\u00e9gek felder\u00edt\u00e9se hat\u00e9kony sz\u0171r\u0151eszk\u00f6z h\u00edj\u00e1n nem lehets\u00e9ges, emiatt k\u00fcl\u00f6n\u00f6sen fontos az is, hogy figyelj\u00fcnk a test\u00fcnk jelz\u00e9seire.\u00a0 <\/span><b><\/p>\n<p><\/b><\/p>\n<h5><span style=\"font-size: 14pt;color: #daca05\">Valamennyi koroszt\u00e1ly sz\u00e1m\u00e1ra aj\u00e1nlott teend\u0151k\u00a0<\/span><\/h5>\n<ul>\n<li><span style=\"font-weight: 400\">Csal\u00e1di anamn\u00e9zis felv\u00e9tele, rizik\u00f3t\u00e9nyez\u0151k azonos\u00edt\u00e1sa<\/span><\/li>\n<li><span style=\"font-weight: 400\">\u00c9letm\u00f3dbeli rizik\u00f3\u00e1llapotok felm\u00e9r\u00e9se<\/span><\/li>\n<li><span style=\"font-weight: 400\">Fizik\u00e1lis \u00e1llapot vizsg\u00e1lata<\/span><\/li>\n<li><span style=\"font-weight: 400\">Hipert\u00f3niasz\u0171r\u00e9s<\/span><\/li>\n<li><span style=\"font-weight: 400\">Sz\u00e9nhidr\u00e1tanyagcsere-zavar sz\u0171r\u00e9se<\/span><\/li>\n<li><span style=\"font-weight: 400\">Lipidanyagcsere-zavar sz\u0171r\u00e9se<\/span><\/li>\n<li><span style=\"font-weight: 400\">Sz\u00edv-\u00e9rrendszeri (kardiovaszkul\u00e1ris) rizik\u00f3becsl\u00e9s<\/span><\/li>\n<li><span style=\"font-weight: 400\">Sz\u00e1j\u00fcregi sz\u0171r\u00e9s\u00a0<\/span><\/li>\n<li><span style=\"font-weight: 400\">Depresszi\u00f3sz\u0171r\u00e9s<\/span><\/li>\n<li><span style=\"font-weight: 400\">Melan\u00f3ma megel\u0151z\u00e9se, anyajegyek \u00f6nvizsg\u00e1lata, melan\u00f3ma korai felismer\u00e9se<\/span><\/li>\n<\/ul>\n<h5>\u00a0<\/h5>\n<h5><span style=\"color: #daca05;font-size: 14pt\">Rizik\u00f3csoportba tartoz\u00f3k sz\u00e1m\u00e1ra aj\u00e1nlott teend\u0151k<\/span><\/h5>\n<ul>\n<li style=\"font-weight: 400\"><span style=\"font-weight: 400\">Vastag- \u00e9s v\u00e9gb\u00e9lsz\u0171r\u00e9s<\/span><\/li>\n<li style=\"font-weight: 400\"><span style=\"font-weight: 400\">M\u00e9hnyaksz\u0171r\u00e9s, m\u00e9hnyakr\u00e1k olt\u00e1ssal t\u00f6rt\u00e9n\u0151 megel\u0151z\u00e9se<\/span><\/li>\n<li style=\"font-weight: 400\"><span style=\"font-weight: 400\">Eml\u0151sz\u0171r\u00e9s, eml\u0151 \u00f6nvizsg\u00e1lata<\/span><\/li>\n<li style=\"font-weight: 400\"><span style=\"font-weight: 400\">COPD-sz\u0171r\u00e9s<\/span><\/li>\n<li style=\"font-weight: 400\"><span style=\"font-weight: 400\">Kr\u00f3nikus vesebetegs\u00e9g sz\u0171r\u00e9se<\/span><\/li>\n<li style=\"font-weight: 400\"><span style=\"font-weight: 400\">L\u00e1t\u00e1svizsg\u00e1lat<\/span><\/li>\n<li style=\"font-weight: 400\"><span style=\"font-weight: 400\">Hall\u00e1sk\u00e1rosod\u00e1s vizsg\u00e1lata<\/span><\/li>\n<li style=\"font-weight: 400\"><span style=\"font-weight: 400\">Csontritkul\u00e1s vizsg\u00e1lata<\/span><\/li>\n<li style=\"font-weight: 400\"><span style=\"font-weight: 400\">T\u00fcd\u0151sz\u0171r\u00e9s<\/span><\/li>\n<li style=\"font-weight: 400\"><span style=\"font-weight: 400\">Prosztata vizsg\u00e1lata, prosztatar\u00e1k sz\u0171r\u00e9se<\/span><\/li>\n<li style=\"font-weight: 400\"><span style=\"font-weight: 400\">Her\u00e9k \u00f6nvizsg\u00e1lata<\/span><\/li>\n<\/ul>\n<p style=\"text-align: left\">Az al\u00e1bbi kalkul\u00e1torok seg\u00edts\u00e9g\u00e9vel \u00d6n is k\u00f6nnyed\u00e9n kisz\u00e1molhatja, jelenleg aktu\u00e1lis eg\u00e9szs\u00e9gi \u00e1llapot\u00e1ra milyen javaslatokat kap az eredm\u00e9nyeknek megfelel\u0151en. Fontos inform\u00e1ci\u00f3, hogy nem felt\u00e9tlen minden k\u00e9rd\u0151\u00edv \u00e9rtelmezhet\u0151 az \u00d6n sz\u00e1m\u00e1ra az al\u00e1bbiak k\u00f6z\u00fcl, \u00edgy ennek megfelel\u0151en v\u00e1lassza ki az \u00d6nre jellemz\u0151 t\u00e9mak\u00f6rt.<\/p>\n<h5 style=\"text-align: left\"><span style=\"font-size: 14pt;color: #daca05\">Kr\u00f3nikus obstrukt\u00edv t\u00fcd\u0151betegs\u00e9g (COPD) rizik\u00f3j\u00e1t felm\u00e9r\u0151 k\u00e9rd\u0151\u00edv<\/span><\/h5>\n<p style=\"text-align: left\">Ez a k\u00e9rd\u0151\u00edv annak ad ir\u00e1nymutat\u00e1st, akinek m\u00e9g nincs igazolt kr\u00f3nikus obstrukt\u00edv t\u00fcd\u0151betegs\u00e9ge (COPD) vagy egy\u00e9b kr\u00f3nikus l\u00e9g\u00fati betegs\u00e9ge.<\/p>\n<h5 style=\"text-align: center\"><a class=\"btn btn-secondary\" href=\"https:\/\/semmelweis.hu\/egeszsegfejlesztes\/copd-kerdoiv\/\">COPD K\u00c9RD\u0150\u00cdV<\/a><\/h5>\n<h5 style=\"text-align: left\"><span style=\"color: #daca05;font-size: 14pt\">Lelki eg\u00e9szs\u00e9g k\u00e9rd\u0151\u00edv<\/span><\/h5>\n<p style=\"text-align: left\">A k\u00e9rd\u0151\u00edv a depresszi\u00f3s t\u00fcnetek m\u00e9r\u00e9s\u00e9re alkalmas \u00f6njellemz\u0151 sk\u00e1la. A betegs\u00e9g fenn\u00e1ll\u00e1s\u00e1nak a val\u00f3sz\u00edn\u0171s\u00e9g\u00e9re vonatkoz\u00f3an ad visszajelz\u00e9st, nem tekinthet\u0151 \u00f6n\u00e1ll\u00f3 diagnosztikai eszk\u00f6znek.<\/p>\n<h5 style=\"text-align: center\"><a class=\"btn btn-secondary\" href=\"https:\/\/semmelweis.hu\/egeszsegfejlesztes\/lelki-segely\/\">LELKI eg\u00e9szs\u00e9g k\u00e9rd\u0151\u00edv<\/a><\/h5>\n<h5 style=\"text-align: left\"><span style=\"color: #daca05;font-size: 14pt\">A vizel\u00e9ssel \u00e9s vizelettart\u00e1ssal kapcsolatos panaszokat felm\u00e9r\u0151 k\u00e9rd\u0151\u00edv<\/span><\/h5>\n<p style=\"text-align: left\">Ez a k\u00e9rd\u0151\u00edv a 40-45 \u00e9v feletti f\u00e9rfiak sz\u00e1m\u00e1ra ad ir\u00e1nymutat\u00e1st. Hogyha \u00d6n \u00e9rintett, t\u00f6ltse ki!\u00a0<\/p>\n<h5 style=\"text-align: center\"><a class=\"btn btn-secondary\" href=\"https:\/\/semmelweis.hu\/egeszsegfejlesztes\/vizelettartas-kerdoiv\/\">Vizelettart\u00e1s k\u00e9rd\u0151\u00edv<\/a><\/h5>\n<h5><span style=\"color: #daca05;font-size: 14pt\">Szem\u00e9lyre szabott teend\u0151ir\u0151l r\u00e9szletesen az <a href=\"https:\/\/www.semmelweiskiado.hu\/termek\/1730\/egeszseg-elvitelre-minden-amit-onmagadert-tehetsz-lehetoseg-onmagamnak-melleklettel\">Eg\u00e9szs\u00e9g elvitelre c. k\u00f6nyv\u00fcnkben<\/a> olvashat!<\/span><\/h5>\n<div class=\"keretes-4 w-100\">\n<p><span style=\"font-weight: 400\"><strong>A k\u00f6telez\u0151 eg\u00e9szs\u00e9gbiztos\u00edt\u00e1s keret\u00e9ben ig\u00e9nybe vehet\u0151 betegs\u00e9gek megel\u0151z\u00e9s\u00e9t \u00e9s korai felismer\u00e9s\u00e9t szolg\u00e1l\u00f3 eg\u00e9szs\u00e9g\u00fcgyi szolg\u00e1ltat\u00e1sokat \u00e9s sz\u0171r\u0151vizsg\u00e1latokat az<span style=\"color: #000000\"> 51\/1997-es NM<\/span><\/strong> rendelet tartalmazza, amely az<strong> <a href=\"https:\/\/net.jogtar.hu\/jogszabaly?docid=99700051.NM\">al\u00e1bbi linken<\/a><\/strong> \u00e9rhet\u0151 el a jogt\u00e1rban.<\/span><\/p>\n<p><span style=\"font-weight: 400\"><strong>A vastagb\u00e9lsz\u0171r\u00e9s fontoss\u00e1g\u00e1r\u00f3l \u00e9s folyamat\u00e1r\u00f3l<\/strong> az<strong> <a href=\"https:\/\/szures.nnk.gov.hu\/portal\/pfile\/file?path=\/Tartalmak\/Kiadvanyok\/Mit-kell-tudni-a-vastagbelszuresrol\">NNK \u00e1ltal k\u00e9sz\u00edtett kiadv\u00e1nyban<\/a> <\/strong>t\u00e1j\u00e9koz\u00f3dhat.<\/span><\/p>\n<p><span style=\"font-weight: 400\">Ha r\u00e9szletesebben t\u00e1j\u00e9koz\u00f3dna a t\u00e9m\u00e1ban az <strong><a href=\"https:\/\/szures.nnk.gov.hu\/portal\/pfile\/file?path=\/Tartalmak\/Kiadvanyok\/Mit-kell-tudni-a-vastagbelszuresrol\">al\u00e1bbi oldalon<\/a><\/strong> teheti meg.<\/span><\/p>\n<p><span style=\"font-weight: 400\"><strong>A HPV \u00e9s m\u00e9hnyakr\u00e1k megel\u0151z\u00e9s\u00e9r\u0151l<\/strong> az<strong> <a href=\"https:\/\/szures.nnk.gov.hu\/portal\/pfile\/file?path=\/Tartalmak\/Lakossagi-informaciok\/Mehnyakszures\/Tajekoztatok\/A-HPV-es-a-mehnyakrak-megelozese\">NNK \u00e1ltal k\u00e9sz\u00edtett kiadv\u00e1nyban,<\/a> illetve a <a href=\"https:\/\/semmelweis.hu\/noionkologia\/daganatok\/mehnyakrak\/?fbclid=IwAR0nQWe_ejMDuPiDaZJinP52tYXxE8Zim4OlgQRxmu2CF5z7DS5NrFD7ZT8\">Semmelweis Egyetem Sz\u00fcl\u00e9szeti \u00e9s N\u0151gy\u00f3gy\u00e1szat Klinik\u00e1j\u00e1nak honlapj\u00e1n <\/a><\/strong>t\u00e1j\u00e9koz\u00f3dhat a felsorolt linkekre kattintva.<\/span><\/p>\n<p><strong>Az eml\u0151r\u00e1k megel\u0151z\u00e9s\u00e9nek fontoss\u00e1g\u00e1r\u00f3l<\/strong> a <strong><a href=\"https:\/\/semmelweis.hu\/hirek\/files\/2019\/10\/RichterAnnaVideo.mp4?_=1&amp;fbclid=IwAR1eAC43oyxol4QSX3WcB3rrh7JEe2plvWA7lf0Gbu4tHW-n1mtIPzL91Ds\">Semmelweis Egyetem honlapj\u00e1n<\/a><\/strong> tal\u00e1lhat\u00f3 videoanyagot aj\u00e1nljuk sz\u00edves figyelm\u00e9be.<\/p>\n<p><span style=\"font-weight: 400\">Ha r\u00e9szletesebben t\u00e1j\u00e9koz\u00f3dna a t\u00e9m\u00e1ban az<strong> <a href=\"https:\/\/szures.nnk.gov.hu\/portal\/Tartalmak\/Lakossagi-informaciok\/Mehnyakszures\/Miert-menjek-el-a-szurovizsgalatra\">al\u00e1bbi oldalon<\/a> <\/strong>teheti meg.<\/span><\/p>\n<\/div>\n<p>Ha tudni szeretn\u00e9, milyen gyakoris\u00e1ggal, mely sz\u0171r\u00e9sek \u00e9s \u00f6nvizsg\u00e1latok javasoltak a rizik\u00f3csoportba tartoz\u00f3k sz\u00e1m\u00e1ra, akkor n\u00e9zze meg erre vonatkoz\u00f3 aloldalunkat <a href=\"https:\/\/semmelweis.hu\/egeszsegfejlesztes\/elvitelre\/szurovizsgalatok\/ajanlott-szuresek-onvizsgalatok-gyakorisaga\/\">itt<\/a>.<\/p>\n<p>&nbsp;<\/p>\n<p><span style=\"font-size: 10pt\"><em>Grafika: Eg\u00e9szs\u00e9gfejleszt\u00e9si K\u00f6zpont<\/em><\/span><\/p>\n","protected":false},"excerpt":{"rendered":"<p><a href=\"https:\/\/semmelweis.hu\/egeszsegfejlesztes\/files\/2021\/11\/pikto-2-01.jpg\"><\/a> Az aut\u00f3dat viszed\u2026 Te mikor volt\u00e1l \u201cm\u0171szaki vizsg\u00e1n\u201d? Szervezet\u00fcnkben naponta sz\u00e1mtalan \u201eid\u0151z\u00edtett bomba\u201d gy\u00e1rt\u00e1sa indul el. Ezek lehetnek fert\u0151z\u0151 \u00e9s nem fert\u0151z\u0151 betegs\u00e9gek, akut vagy kr\u00f3nikus lefoly\u00e1s\u00faak, azonnali t\u00fcnettel, panasszal j\u00e1r\u00f3k, esetleg sok\u00e1ig panaszmentesek. Ez\u00e9rt egy\u00e1ltal\u00e1n nem mindegy az, hogy a k\u00f3r\u00e1llapotok megel\u0151z\u00e9s\u00e9ben, kialakul\u00e1s\u00e1ban, illetve t\u00fcnetmentess\u00e9 t\u00e9tel\u00e9ben milyen szerepet v\u00e1llalunk. Eg\u00e9szs\u00e9g\u00fcnk meg\u0151rz\u00e9s\u00e9ben kulcsk\u00e9rd\u00e9s immunrendszer\u00fcnk t\u00e1mogat\u00e1sa, &hellip;<\/p>\n","protected":false},"author":101614,"featured_media":50504,"parent":49324,"menu_order":2,"comment_status":"closed","ping_status":"closed","template":"","meta":{"_acf_changed":false,"footnotes":""},"categories":[],"tags":[],"class_list":["post-48819","page","type-page","status-publish","has-post-thumbnail","hentry"],"acf":[],"_links":{"self":[{"href":"https:\/\/semmelweis.hu\/egeszsegfejlesztes\/wp-json\/wp\/v2\/pages\/48819","targetHints":{"allow":["GET"]}}],"collection":[{"href":"https:\/\/semmelweis.hu\/egeszsegfejlesztes\/wp-json\/wp\/v2\/pages"}],"about":[{"href":"https:\/\/semmelweis.hu\/egeszsegfejlesztes\/wp-json\/wp\/v2\/types\/page"}],"author":[{"embeddable":true,"href":"https:\/\/semmelweis.hu\/egeszsegfejlesztes\/wp-json\/wp\/v2\/users\/101614"}],"replies":[{"embeddable":true,"href":"https:\/\/semmelweis.hu\/egeszsegfejlesztes\/wp-json\/wp\/v2\/comments?post=48819"}],"version-history":[{"count":11,"href":"https:\/\/semmelweis.hu\/egeszsegfejlesztes\/wp-json\/wp\/v2\/pages\/48819\/revisions"}],"predecessor-version":[{"id":53019,"href":"https:\/\/semmelweis.hu\/egeszsegfejlesztes\/wp-json\/wp\/v2\/pages\/48819\/revisions\/53019"}],"up":[{"embeddable":true,"href":"https:\/\/semmelweis.hu\/egeszsegfejlesztes\/wp-json\/wp\/v2\/pages\/49324"}],"wp:featuredmedia":[{"embeddable":true,"href":"https:\/\/semmelweis.hu\/egeszsegfejlesztes\/wp-json\/wp\/v2\/media\/50504"}],"wp:attachment":[{"href":"https:\/\/semmelweis.hu\/egeszsegfejlesztes\/wp-json\/wp\/v2\/media?parent=48819"}],"wp:term":[{"taxonomy":"category","embeddable":true,"href":"https:\/\/semmelweis.hu\/egeszsegfejlesztes\/wp-json\/wp\/v2\/categories?post=48819"},{"taxonomy":"post_tag","embeddable":true,"href":"https:\/\/semmelweis.hu\/egeszsegfejlesztes\/wp-json\/wp\/v2\/tags?post=48819"}],"curies":[{"name":"wp","href":"https:\/\/api.w.org\/{rel}","templated":true}]}}