{"id":48747,"date":"2020-08-28T10:26:46","date_gmt":"2020-08-28T08:26:46","guid":{"rendered":"http:\/\/test.semmelweis.hu\/peldaintezet\/?page_id=48747"},"modified":"2021-11-19T14:49:34","modified_gmt":"2021-11-19T13:49:34","slug":"lelki-segely","status":"publish","type":"page","link":"https:\/\/semmelweis.hu\/egeszsegfejlesztes\/elvitelre\/szurovizsgalatok\/lelki-segely\/","title":{"rendered":"Lelki eg\u00e9szs\u00e9g k\u00e9rd\u0151\u00edv"},"content":{"rendered":"<p>g<\/p>\n","protected":false},"excerpt":{"rendered":"<p>g<\/p>\n","protected":false},"author":101614,"featured_media":0,"parent":48819,"menu_order":2,"comment_status":"closed","ping_status":"closed","template":"template-fullwidth-k.php","meta":{"_acf_changed":false,"footnotes":""},"categories":[],"tags":[],"class_list":["post-48747","page","type-page","status-publish","hentry"],"acf":[],"_links":{"self":[{"href":"https:\/\/semmelweis.hu\/egeszsegfejlesztes\/wp-json\/wp\/v2\/pages\/48747","targetHints":{"allow":["GET"]}}],"collection":[{"href":"https:\/\/semmelweis.hu\/egeszsegfejlesztes\/wp-json\/wp\/v2\/pages"}],"about":[{"href":"https:\/\/semmelweis.hu\/egeszsegfejlesztes\/wp-json\/wp\/v2\/types\/page"}],"author":[{"embeddable":true,"href":"https:\/\/semmelweis.hu\/egeszsegfejlesztes\/wp-json\/wp\/v2\/users\/101614"}],"replies":[{"embeddable":true,"href":"https:\/\/semmelweis.hu\/egeszsegfejlesztes\/wp-json\/wp\/v2\/comments?post=48747"}],"version-history":[{"count":2,"href":"https:\/\/semmelweis.hu\/egeszsegfejlesztes\/wp-json\/wp\/v2\/pages\/48747\/revisions"}],"predecessor-version":[{"id":50187,"href":"https:\/\/semmelweis.hu\/egeszsegfejlesztes\/wp-json\/wp\/v2\/pages\/48747\/revisions\/50187"}],"up":[{"embeddable":true,"href":"https:\/\/semmelweis.hu\/egeszsegfejlesztes\/wp-json\/wp\/v2\/pages\/48819"}],"wp:attachment":[{"href":"https:\/\/semmelweis.hu\/egeszsegfejlesztes\/wp-json\/wp\/v2\/media?parent=48747"}],"wp:term":[{"taxonomy":"category","embeddable":true,"href":"https:\/\/semmelweis.hu\/egeszsegfejlesztes\/wp-json\/wp\/v2\/categories?post=48747"},{"taxonomy":"post_tag","embeddable":true,"href":"https:\/\/semmelweis.hu\/egeszsegfejlesztes\/wp-json\/wp\/v2\/tags?post=48747"}],"curies":[{"name":"wp","href":"https:\/\/api.w.org\/{rel}","templated":true}]}}