{"id":385,"date":"2020-03-26T15:13:02","date_gmt":"2020-03-26T14:13:02","guid":{"rendered":"http:\/\/semmelweis.hu\/egeszsegfejlesztes\/?page_id=385"},"modified":"2025-03-03T12:51:10","modified_gmt":"2025-03-03T11:51:10","slug":"letoltendo-dokumentumok-egyeni-tanacsadashoz","status":"publish","type":"page","link":"https:\/\/semmelweis.hu\/egeszsegfejlesztes\/szolgaltatasok-semmelweis-polgaroknak\/egyeni-tanacsadas\/letoltendo-dokumentumok-egyeni-tanacsadashoz\/","title":{"rendered":"Let\u00f6ltend\u0151 dokumentumok egy\u00e9ni tan\u00e1csad\u00e1shoz"},"content":{"rendered":"<h5><a href=\"https:\/\/semmelweis.hu\/egeszsegfejlesztes\/en\/personal-lifestyle-counselling\/downloadable-documents\/\"><span style=\"font-size: 14pt\"><em>For the english documents click here.<\/em><\/span><\/a><\/h5>\n<h1><span style=\"font-size: 12pt\">El\u0151zetes eg\u00e9szs\u00e9gi \u00e1llapot felm\u00e9r\u0151 adatlap<\/span><\/h1>\n<p style=\"text-align: justify\">K\u00e9rj\u00fck, hogy az eg\u00e9szs\u00e9gi \u00e1llapot\u00e1nak min\u00e9l pontosabb felm\u00e9r\u00e9s\u00e9hez t\u00f6ltse ki az al\u00e1bbi adatlapot <strong>g\u00e9ppel<\/strong>, majd a honlapon le\u00edrtaknak megfelel\u0151en k\u00fcldje el <strong>v\u00e1lasz emailben<\/strong> legk\u00e9s\u0151bb a tan\u00e1csad\u00e1s el\u0151tti napon. A kit\u00f6lt\u00e9shez nincs sz\u00fcks\u00e9g leletre\/m\u00e1s dokumentumra, azt a c\u00e9lt szolg\u00e1lja, hogy az \u00d6n eg\u00e9szs\u00e9gi \u00e1llapot\u00e1nak \u00e9s \u00e9letm\u00f3di saj\u00e1toss\u00e1gainak megfelel\u0151, szem\u00e9lyre szabott eg\u00e9szs\u00e9gtervet k\u00e9sz\u00edthess\u00fcnk. Ennek megfelel\u0151en k\u00e9rj\u00fck, hogy a dokumentumot prec\u00edzen t\u00f6ltse ki, ugyanis annak kit\u00f6lt\u00e9se a tan\u00e1csad\u00e1s el\u0151felt\u00e9tele.<\/p>\n<p><em>Let\u00f6lt\u00e9s innen:<\/em> <a href=\"https:\/\/semmelweis.hu\/egeszsegfejlesztes\/files\/2025\/03\/Allapotfelmero-adatlap_vezeteknev_keresztnev_sablon_EGFK06_V2.docx\">Allapotfelmero-adatlap_Vezeteknev_Keresztnev<\/a><\/p>\n<h1><span style=\"font-size: 12pt\">H\u00e1rom napos t\u00e1pl\u00e1lkoz\u00e1si napl\u00f3<\/span><\/h1>\n<p style=\"text-align: justify\">K\u00e9rj\u00fck, hogy t\u00e1pl\u00e1lkoz\u00e1sa min\u00e9l pontosabb felm\u00e9r\u00e9s\u00e9hez a lehet\u0151 legr\u00e9szletesebben \u00edrja le k\u00e9t nem egym\u00e1st k\u00f6vet\u0151 h\u00e9tk\u00f6znap \u00e9s egy h\u00e9tv\u00e9gi nap (pl. kedd, cs\u00fct\u00f6rt\u00f6k \u00e9s vas\u00e1rnap) sor\u00e1n elfogyasztott \u00f6sszes \u00e9telt \u00e9s italt a MINTA munkalapon l\u00e9v\u0151 \u00fatmutat\u00f3 szerint az excel file <em>T\u00e1pl\u00e1lkoz\u00e1si Napl\u00f3<\/em> munkalapj\u00e1ra. K\u00e9rj\u00fck, t\u00fcntesse fel az \u00e9tkez\u00e9sek id\u0151pontj\u00e1t is, illetve azt is, ha valamilyen vitamint \u00e9s\/vagy \u00e9trend-kieg\u00e9sz\u00edt\u0151t fogyasztott. A t\u00e1pl\u00e1lkoz\u00e1s elemz\u00e9s\u00e9nek pontoss\u00e1ga a k\u00e9rd\u0151\u00edv kit\u00f6lt\u00e9s\u00e9nek alaposs\u00e1g\u00e1n is m\u00falik, ez\u00e9rt javasoljuk, hogy \u00e9tkez\u00e9sek ut\u00e1n <strong>r\u00f6gt\u00f6n r\u00f6gz\u00edtse<\/strong> az elfogyasztott \u00e9tel \u00f6sszet\u00e9tel\u00e9t \u00e9s mennyis\u00e9g\u00e9t, ne pedig este eml\u00e9kezetb\u0151l t\u00f6ltse ki az \u0171rlapot.<\/p>\n<p><em>Let\u00f6lt\u00e9s innen: <\/em><a href=\"https:\/\/semmelweis.hu\/egeszsegfejlesztes\/files\/2023\/12\/Taplalkozasi-naplo_Vezeteknev_Keresztnev_EGFK07-V01.xlsx\">Taplalkozasi-naplo_Vezeteknev_Keresztnev<\/a><\/p>\n<div class=\"fontos_div\">\n<p style=\"text-align: left\"><strong><em>K\u00e9rj\u00fck, hogy a kit\u00f6lt\u00f6tt munkalapokat visszak\u00fcld\u00e9s el\u0151tt nevezze \u00e1t saj\u00e1t nev\u00e9nek megjel\u00f6l\u00e9s\u00e9vel az al\u00e1bbi m\u00f3don:<\/em><\/strong><\/p>\n<p style=\"text-align: left\">pl: Allapotfelmero adatlap_Minta_P\u00e9ter_\u00c9\u00c9\u00c9\u00c9.HH.NN.<\/p>\n<\/div>\n","protected":false},"excerpt":{"rendered":"<p><a href=\"https:\/\/semmelweis.hu\/egeszsegfejlesztes\/en\/personal-lifestyle-counselling\/downloadable-documents\/\">For the english documents click here.<\/a> El\u0151zetes eg\u00e9szs\u00e9gi \u00e1llapot felm\u00e9r\u0151 adatlap K\u00e9rj\u00fck, hogy az eg\u00e9szs\u00e9gi \u00e1llapot\u00e1nak min\u00e9l pontosabb felm\u00e9r\u00e9s\u00e9hez t\u00f6ltse ki az al\u00e1bbi adatlapot g\u00e9ppel, majd a honlapon le\u00edrtaknak megfelel\u0151en k\u00fcldje el v\u00e1lasz emailben legk\u00e9s\u0151bb a tan\u00e1csad\u00e1s el\u0151tti napon. A kit\u00f6lt\u00e9shez nincs sz\u00fcks\u00e9g leletre\/m\u00e1s dokumentumra, azt a c\u00e9lt szolg\u00e1lja, hogy az \u00d6n eg\u00e9szs\u00e9gi \u00e1llapot\u00e1nak \u00e9s \u00e9letm\u00f3di saj\u00e1toss\u00e1gainak megfelel\u0151, szem\u00e9lyre szabott eg\u00e9szs\u00e9gtervet &hellip;<\/p>\n","protected":false},"author":101613,"featured_media":0,"parent":350,"menu_order":3,"comment_status":"closed","ping_status":"closed","template":"","meta":{"_acf_changed":false,"footnotes":""},"categories":[],"tags":[],"class_list":["post-385","page","type-page","status-publish","hentry"],"acf":[],"_links":{"self":[{"href":"https:\/\/semmelweis.hu\/egeszsegfejlesztes\/wp-json\/wp\/v2\/pages\/385","targetHints":{"allow":["GET"]}}],"collection":[{"href":"https:\/\/semmelweis.hu\/egeszsegfejlesztes\/wp-json\/wp\/v2\/pages"}],"about":[{"href":"https:\/\/semmelweis.hu\/egeszsegfejlesztes\/wp-json\/wp\/v2\/types\/page"}],"author":[{"embeddable":true,"href":"https:\/\/semmelweis.hu\/egeszsegfejlesztes\/wp-json\/wp\/v2\/users\/101613"}],"replies":[{"embeddable":true,"href":"https:\/\/semmelweis.hu\/egeszsegfejlesztes\/wp-json\/wp\/v2\/comments?post=385"}],"version-history":[{"count":10,"href":"https:\/\/semmelweis.hu\/egeszsegfejlesztes\/wp-json\/wp\/v2\/pages\/385\/revisions"}],"predecessor-version":[{"id":52738,"href":"https:\/\/semmelweis.hu\/egeszsegfejlesztes\/wp-json\/wp\/v2\/pages\/385\/revisions\/52738"}],"up":[{"embeddable":true,"href":"https:\/\/semmelweis.hu\/egeszsegfejlesztes\/wp-json\/wp\/v2\/pages\/350"}],"wp:attachment":[{"href":"https:\/\/semmelweis.hu\/egeszsegfejlesztes\/wp-json\/wp\/v2\/media?parent=385"}],"wp:term":[{"taxonomy":"category","embeddable":true,"href":"https:\/\/semmelweis.hu\/egeszsegfejlesztes\/wp-json\/wp\/v2\/categories?post=385"},{"taxonomy":"post_tag","embeddable":true,"href":"https:\/\/semmelweis.hu\/egeszsegfejlesztes\/wp-json\/wp\/v2\/tags?post=385"}],"curies":[{"name":"wp","href":"https:\/\/api.w.org\/{rel}","templated":true}]}}