{"id":350,"date":"2025-02-21T11:18:22","date_gmt":"2025-02-21T10:18:22","guid":{"rendered":"http:\/\/semmelweis.hu\/egeszsegfejlesztes\/?page_id=350"},"modified":"2026-03-12T10:39:10","modified_gmt":"2026-03-12T09:39:10","slug":"egyeni-tanacsadas","status":"publish","type":"page","link":"https:\/\/semmelweis.hu\/egeszsegfejlesztes\/szolgaltatasok-semmelweis-polgaroknak\/egyeni-tanacsadas\/","title":{"rendered":"Egy\u00e9ni \u00e9letm\u00f3d tan\u00e1csad\u00e1s"},"content":{"rendered":"<h2 style=\"text-align: left\"><span style=\"font-size: 14pt;color: #333399\">A szolg\u00e1ltat\u00e1s c\u00e9lja az \u00d6n eg\u00e9szs\u00e9gi \u00e1llapot\u00e1nak jav\u00edt\u00e1sa. <\/span><\/h2>\n<p><a href=\"https:\/\/semmelweis.hu\/egeszsegfejlesztes\/files\/2023\/08\/DSC_7036.jpg\"><img loading=\"lazy\" decoding=\"async\" class=\"alignleft wp-image-51672 size-medium\" style=\"text-align: justify\" src=\"https:\/\/semmelweis.hu\/egeszsegfejlesztes\/files\/2023\/08\/DSC_7036-400x305.jpg\" alt=\"\" width=\"400\" height=\"305\" srcset=\"https:\/\/semmelweis.hu\/egeszsegfejlesztes\/files\/2023\/08\/DSC_7036-400x305.jpg 400w, https:\/\/semmelweis.hu\/egeszsegfejlesztes\/files\/2023\/08\/DSC_7036-1024x782.jpg 1024w, https:\/\/semmelweis.hu\/egeszsegfejlesztes\/files\/2023\/08\/DSC_7036-768x586.jpg 768w, https:\/\/semmelweis.hu\/egeszsegfejlesztes\/files\/2023\/08\/DSC_7036-1536x1173.jpg 1536w, https:\/\/semmelweis.hu\/egeszsegfejlesztes\/files\/2023\/08\/DSC_7036-753x575.jpg 753w, https:\/\/semmelweis.hu\/egeszsegfejlesztes\/files\/2023\/08\/DSC_7036.jpg 1572w\" sizes=\"auto, (max-width: 400px) 100vw, 400px\" \/><\/a><\/p>\n<p style=\"text-align: left\">Az egy\u00e9ni tan\u00e1csad\u00e1s sor\u00e1n felm\u00e9rj\u00fck eg\u00e9szs\u00e9gi \u00e1llapot\u00e1t, illetve ezt k\u00f6vet\u0151en egy &#8211; az ig\u00e9nyeihez igaz\u00edtott &#8211; <strong>komplex eg\u00e9szs\u00e9gtervet \u00e1ll\u00edtunk \u00f6ssze<\/strong>. Ez\u00a0 sz\u00fcks\u00e9g szerint\u00a0<span style=\"font-size: 1rem\">tartalmazhat t<\/span><span style=\"font-size: 1rem\">\u00e1pl\u00e1lkoz\u00e1si tan\u00e1csad\u00e1st, \u00e9trendtervez\u00e9st, konzult\u00e1ci\u00f3s lehet\u0151s\u00e9get okleveles t\u00e1pl\u00e1lkoz\u00e1studom\u00e1nyi szakemberrel, tov\u00e1bb\u00e1 egy\u00e9ni vagy csoportos mozg\u00e1sprogramot is. <\/span><\/p>\n<p style=\"text-align: left\">A tan\u00e1csad\u00e1sokat okleveles t\u00e1pl\u00e1lkoz\u00e1studom\u00e1nyi szakembereink, <strong>J\u00f3b Vikt\u00f3ria <\/strong>\u00e9s\u00a0<strong>Czibere Erika, <\/strong>illetve dietetikusunk<strong> Csorba Istv\u00e1n<\/strong> tartj\u00e1k. Konzult\u00e1ci\u00f3ra a bejelentkez\u00e9si fel\u00fcleten felt\u00fcntetett id\u0151pontokban van lehet\u0151s\u00e9g.<\/p>\n<h2><span style=\"font-size: 18pt\">A prevenci\u00f3s csomag tartalma:<\/span><\/h2>\n<div class=\"keretes w-100\">\n<p><strong>T\u00e1j\u00e9koztat\u00f3:<\/strong><\/p>\n<p>\nFriss edz\u00e9svide\u00f3inkat az al\u00e1bbi linken tekinthetik meg: <a href=\"https:\/\/www.youtube.com\/@semmelweisegeszsegfejleszt236\/videos\">https:\/\/www.youtube.com\/@semmelweisegeszsegfejleszt236\/videos\u00a0<\/a><br \/>\nSEK csapata<\/p>\n<\/div>\n<h5>Els\u0151 tan\u00e1csad\u00e1s<a href=\"https:\/\/semmelweis.hu\/egeszsegfejlesztes\/files\/2020\/11\/InBody-1424-scaled.jpg\"><img loading=\"lazy\" decoding=\"async\" class=\"alignright wp-image-824 size-medium\" style=\"font-weight: bold;text-align: justify\" src=\"https:\/\/semmelweis.hu\/egeszsegfejlesztes\/files\/2020\/11\/InBody-1424-267x400.jpg\" alt=\"\" width=\"267\" height=\"400\" srcset=\"https:\/\/semmelweis.hu\/egeszsegfejlesztes\/files\/2020\/11\/InBody-1424-267x400.jpg 267w, https:\/\/semmelweis.hu\/egeszsegfejlesztes\/files\/2020\/11\/InBody-1424-683x1024.jpg 683w, https:\/\/semmelweis.hu\/egeszsegfejlesztes\/files\/2020\/11\/InBody-1424-768x1152.jpg 768w, https:\/\/semmelweis.hu\/egeszsegfejlesztes\/files\/2020\/11\/InBody-1424-1024x1536.jpg 1024w, https:\/\/semmelweis.hu\/egeszsegfejlesztes\/files\/2020\/11\/InBody-1424-1365x2048.jpg 1365w, https:\/\/semmelweis.hu\/egeszsegfejlesztes\/files\/2020\/11\/InBody-1424-753x1130.jpg 753w, https:\/\/semmelweis.hu\/egeszsegfejlesztes\/files\/2020\/11\/InBody-1424-scaled.jpg 800w\" sizes=\"auto, (max-width: 267px) 100vw, 267px\" \/><\/a><\/h5>\n<p>Az els\u0151 alkalom sor\u00e1n felm\u00e9rj\u00fck az egy\u00e9n <strong>aktu\u00e1lis eg\u00e9szs\u00e9gi \u00e1llapot\u00e1t \u00a0\u00e9s a t\u00e1pl\u00e1lkoz\u00e1si szok\u00e1sait<\/strong>, megbesz\u00e9lj\u00fck napi rutinj\u00e1t \u00e9s felt\u00e9rk\u00e9pezz\u00fck az \u00e9letm\u00f3dj\u00e1t meghat\u00e1roz\u00f3 t\u00e9nyez\u0151ket. Ezt k\u00f6vet\u0151en olyan szem\u00e9lyre szabott c\u00e9lokat \u00e9s v\u00e1llal\u00e1sokat t\u0171z\u00fcnk ki az el\u0151tt\u00fcnk \u00e1ll\u00f3 id\u0151szakra, melyeket a p\u00e1ciens saj\u00e1t \u00e9letter\u00e9ben, k\u00f6rnyezet\u00e9ben meg tud val\u00f3s\u00edtani, k\u00f6z\u00f6sen elk\u00e9sz\u00edtj\u00fck az egy\u00e9ni eg\u00e9szs\u00e9gterv\u00e9t. Az els\u0151 tan\u00e1csad\u00e1s <strong>egy \u00f3r\u00e1t<\/strong> vesz ig\u00e9nybe.<span style=\"color: #000000\"><span style=\"font-size: 12pt\"><br \/>\n<\/span><\/span><\/p>\n<p>Els\u0151 tan\u00e1csad\u00e1s eset\u00e9n lehet\u0151s\u00e9get biztos\u00edtunk <strong>professzion\u00e1lis test\u00f6sszet\u00e9tel-elemz\u00e9sre is InBody 270-es k\u00e9sz\u00fcl\u00e9kkel<\/strong>, melyet a r\u00e9sztvev\u0151k szem\u00e9lyesen, ingyen ig\u00e9nybe vehetnek az Elm\u00e9leti Orvostudom\u00e1nyi K\u00f6zpont (EOK)\u00a0 fsz. 808-as Tan\u00e1csad\u00f3 szob\u00e1j\u00e1ban.<\/p>\n<h5>Kontroll tan\u00e1csad\u00e1sok<\/h5>\n<p>Az egy\u00e9ni eg\u00e9szs\u00e9gtervben <strong>meghat\u00e1rozott id\u0151k\u00f6z\u00f6nk\u00e9nt<\/strong>, k\u00f6z\u00f6sen egyeztetett alkalom sor\u00e1n \u00e1tbesz\u00e9lj\u00fck az el\u0151rehalad\u00e1st \u00e9s a felmer\u00fclt k\u00e9rd\u00e9seket.<\/p>\n<div class=\"keretes w-100\">\n<p>Jelenleg <strong>kiz\u00e1r\u00f3lag a Semmelweis Egyetem hallgat\u00f3inak \u00e9s dolgoz\u00f3inak \u00e1ll m\u00f3dunkban<\/strong> ingyenes <strong>\u00e9letm\u00f3d tan\u00e1csad\u00e1st ny\u00fajtani<\/strong>, azonban ha \u00d6n nem egyetemi polg\u00e1r, de szeretne bekapcsol\u00f3dni, szeretettel v\u00e1rjuk a <strong><a href=\"https:\/\/semmelweis.hu\/egeszsegfejlesztes\/online-egeszsegszolgaltatasok\/csoportos-orak\/\">csoportos mozg\u00e1sprogramjainkon<\/a>.<\/strong><\/p>\n<\/div>\n<h2><span style=\"font-size: 18pt\">Tan\u00e1csad\u00f3ink bemutatkoz\u00e1sa:<\/span><\/h2>\n<p>&nbsp;<\/p>\n<hr \/>\n<p><a href=\"https:\/\/semmelweis.hu\/egeszsegfejlesztes\/files\/2025\/05\/Viki20251.jpg\"><img loading=\"lazy\" decoding=\"async\" class=\"alignright wp-image-52895\" style=\"text-align: justify\" src=\"https:\/\/semmelweis.hu\/egeszsegfejlesztes\/files\/2025\/05\/Viki20251-283x400.jpg\" alt=\"\" width=\"211\" height=\"299\" srcset=\"https:\/\/semmelweis.hu\/egeszsegfejlesztes\/files\/2025\/05\/Viki20251-283x400.jpg 283w, https:\/\/semmelweis.hu\/egeszsegfejlesztes\/files\/2025\/05\/Viki20251-724x1024.jpg 724w, https:\/\/semmelweis.hu\/egeszsegfejlesztes\/files\/2025\/05\/Viki20251-768x1087.jpg 768w, https:\/\/semmelweis.hu\/egeszsegfejlesztes\/files\/2025\/05\/Viki20251-753x1066.jpg 753w, https:\/\/semmelweis.hu\/egeszsegfejlesztes\/files\/2025\/05\/Viki20251.jpg 848w\" sizes=\"auto, (max-width: 211px) 100vw, 211px\" \/><\/a><\/p>\n<h5 style=\"text-align: left\">J\u00f3b Vikt\u00f3ria<\/h5>\n<h5 style=\"text-align: left\"><span style=\"color: #000080\">Okleveles t\u00e1pl\u00e1lkoz\u00e1studom\u00e1nyi szakember<\/span><\/h5>\n<p style=\"text-align: left\"><em>\u201eT\u00e1pl\u00e1lkoz\u00e1studom\u00e1nyi szakember, eg\u00e9szs\u00e9gfejleszt\u0151 \u00e9s edz\u0151 v\u00e9gzetts\u00e9geimnek k\u00f6sz\u00f6nhet\u0151en komplex seg\u00edts\u00e9get tudok ny\u00fajtani az eg\u00e9szs\u00e9ges \u00e9letm\u00f3d \u00fatveszt\u0151j\u00e9ben. A tan\u00e1csaimat az egyszer\u0171s\u00e9g \u00e9s a fenntarthat\u00f3s\u00e1g jellemzi. Kedvelt szakter\u00fcletem a sportt\u00e1pl\u00e1lkoz\u00e1s. Kis k\u00f6lts\u00e9gvet\u00e9sb\u0151l, kev\u00e9s id\u0151r\u00e1ford\u00edt\u00e1ssal is lehet eg\u00e9szs\u00e9gesen \u00e9lni, ha \u00e9rdekel hogyan, jelentkezz be hozz\u00e1m tan\u00e1csad\u00e1sra.\u201d<\/em><\/p>\n<hr \/>\n<h5 style=\"text-align: center\"><a href=\"https:\/\/semmelweis.hu\/egeszsegfejlesztes\/files\/2025\/05\/Isti20251.jpg\"><img loading=\"lazy\" decoding=\"async\" class=\"alignright wp-image-52893\" style=\"text-align: justify\" src=\"https:\/\/semmelweis.hu\/egeszsegfejlesztes\/files\/2025\/05\/Isti20251-283x400.jpg\" alt=\"\" width=\"211\" height=\"299\" srcset=\"https:\/\/semmelweis.hu\/egeszsegfejlesztes\/files\/2025\/05\/Isti20251-283x400.jpg 283w, https:\/\/semmelweis.hu\/egeszsegfejlesztes\/files\/2025\/05\/Isti20251-724x1024.jpg 724w, https:\/\/semmelweis.hu\/egeszsegfejlesztes\/files\/2025\/05\/Isti20251-768x1087.jpg 768w, https:\/\/semmelweis.hu\/egeszsegfejlesztes\/files\/2025\/05\/Isti20251-753x1066.jpg 753w, https:\/\/semmelweis.hu\/egeszsegfejlesztes\/files\/2025\/05\/Isti20251.jpg 848w\" sizes=\"auto, (max-width: 211px) 100vw, 211px\" \/><\/a><\/h5>\n<h5 style=\"text-align: left\">Csorba Istv\u00e1n<\/h5>\n<h5 style=\"text-align: left\"><span style=\"color: #000080\">Dietetikus<\/span><\/h5>\n<p style=\"text-align: left\"><em>\u201eDietetikusk\u00e9nt az a feladatom, hogy seg\u00edts\u00e9get ny\u00fajtsak mind az eg\u00e9szs\u00e9ges, mind pedig a k\u00fcl\u00f6nf\u00e9le betegs\u00e9gekkel k\u00fczd\u0151 embereknek egy kiegyens\u00falyozott \u00e9s eg\u00e9szs\u00e9ges \u00e9letm\u00f3d kialak\u00edt\u00e1s\u00e1ban. Hiszem, hogy a helyes t\u00e1pl\u00e1lkoz\u00e1s nemcsak a betegs\u00e9gek kezel\u00e9s\u00e9ben, hanem azok megel\u0151z\u00e9s\u00e9ben \u00e9s az eg\u00e9szs\u00e9g meg\u0151rz\u00e9s\u00e9ben is alapvet\u0151 fontoss\u00e1g\u00fa. Mivel ez a mindennapokban egyre nehezebb feladat, fontosnak tartom, hogy tudom\u00e1nyosan megalapozott tan\u00e1csokkal seg\u00edtsem az egy\u00e9ni ig\u00e9nyekhez igazod\u00f3, fenntarthat\u00f3 \u00e9trend kialak\u00edt\u00e1s\u00e1t. Legyen sz\u00f3 ak\u00e1r az optim\u00e1lis testt\u00f6meg el\u00e9r\u00e9s\u00e9r\u0151l, ak\u00e1r cukorbetegs\u00e9g, inzulinrezisztencia, em\u00e9szt\u00e9si panaszok, PCOS vagy allergi\u00e1s betegs\u00e9gek kezel\u00e9s\u00e9nek t\u00e1mogat\u00e1s\u00e1r\u00f3l, jelentkezz hozz\u00e1m b\u00e1tran tan\u00e1csad\u00e1sra.\u201d<\/em><\/p>\n<hr \/>\n<p><span style=\"font-size: 1rem\">A k\u00f6nnyebb el\u00e9rhet\u0151s\u00e9g \u00e9rdek\u00e9ben tan\u00e1csad\u00e1sra <\/span><strong style=\"font-size: 1rem\">online<\/strong><span style=\"font-size: 1rem\">, <\/span><strong style=\"font-size: 1rem\">Teams<\/strong><span style=\"font-size: 1rem\">-en, illetve <\/span><strong style=\"font-size: 1rem\">szem\u00e9lyesen is<\/strong><span style=\"font-size: 1rem\"> van lehet\u0151s\u00e9g, <\/span><strong style=\"font-size: 1rem\">el\u0151zetes bejelentkez\u00e9st k\u00f6vet\u0151en<\/strong><span style=\"font-size: 1rem\"> az al\u00e1bbi id\u0151intervallumokban:<\/span><\/p>\n<p><a href=\"https:\/\/semmelweis.hu\/egeszsegfejlesztes\/files\/2024\/11\/Egyeni-eletmod-tanacsadasok_20241125.jpg\"><img loading=\"lazy\" decoding=\"async\" class=\"aligncenter wp-image-52108\" src=\"https:\/\/semmelweis.hu\/egeszsegfejlesztes\/files\/2024\/11\/Egyeni-eletmod-tanacsadasok_20241125-400x292.jpg\" alt=\"\" width=\"732\" height=\"534\" srcset=\"https:\/\/semmelweis.hu\/egeszsegfejlesztes\/files\/2024\/11\/Egyeni-eletmod-tanacsadasok_20241125-400x292.jpg 400w, https:\/\/semmelweis.hu\/egeszsegfejlesztes\/files\/2024\/11\/Egyeni-eletmod-tanacsadasok_20241125-1024x748.jpg 1024w, https:\/\/semmelweis.hu\/egeszsegfejlesztes\/files\/2024\/11\/Egyeni-eletmod-tanacsadasok_20241125-768x561.jpg 768w, https:\/\/semmelweis.hu\/egeszsegfejlesztes\/files\/2024\/11\/Egyeni-eletmod-tanacsadasok_20241125-753x550.jpg 753w, https:\/\/semmelweis.hu\/egeszsegfejlesztes\/files\/2024\/11\/Egyeni-eletmod-tanacsadasok_20241125.jpg 1300w\" sizes=\"auto, (max-width: 732px) 100vw, 732px\" \/><\/a><\/p>\n<p>&nbsp;<\/p>\n<p style=\"text-align: center\"><b style=\"text-align: justify;font-size: 1rem\"><a class=\"button-big\" href=\"https:\/\/semmelweis.hu\/egeszsegfejlesztes\/online-egeszsegszolgaltatasok\/egyeni-tanacsadas\/szemelyes-egyeni-eletmod-tanacsadas-bejelentkezes\/\">BEJELENTKEZ\u00c9S tan\u00e1csad\u00e1sra<\/a><\/b><b style=\"text-align: justify;font-size: 1rem\"><\/b><\/p>\n<h2><span style=\"font-size: 18pt\">FONTOS!<\/span><\/h2>\n<ol>\n<li>Egy h\u00e9tre el\u0151re foglaljon id\u0151pontot!<\/li>\n<li style=\"text-align: justify\">Jelentkez\u00e9st \u00e9s id\u0151pontfoglal\u00e1st k\u00f6vet\u0151en emailben visszaigazol\u00e1st kap.<\/li>\n<li style=\"text-align: justify\"><b>Ezt k\u00f6vet\u0151en, az els\u0151 tan\u00e1csad\u00e1s el\u0151tt <\/b>k<span style=\"font-weight: 400\">\u00e9rj\u00fck, t\u00f6ltse ki a <\/span><a class=\"btn\" href=\"https:\/\/semmelweis.hu\/egeszsegfejlesztes\/letoltendo-dokumentumok-egyeni-tanacsadashoz\/\">LET\u00d6LTEND\u0150 DOKUMENTUMOK<\/a><span style=\"font-weight: 400\"> men\u00fcpont alatt tal\u00e1lhat\u00f3 \u00e1llapotfelm\u00e9r\u00e9s adatlapot, illetve a 3 napos \u00e9trendi napl\u00f3t a dokumentumban tal\u00e1lhat\u00f3 instrukci\u00f3k szerint. <\/span><\/li>\n<li style=\"text-align: justify\"><span style=\"font-weight: 400\">Ezeket <strong>digit\u00e1lis form\u00e1ban <\/strong>(word\/excel\/pdf), prec\u00edzen kit\u00f6ltve k\u00fcldje meg a jelentkez\u00e9s\u00e9re \u00e9rkez\u0151 visszaigazol\u00e1st k\u00f6vet\u0151en, <strong>v\u00e1lasz emailben<\/strong> legk\u00e9s\u0151bb a tan\u00e1csad\u00e1s el\u0151tti napon<\/span><span style=\"font-weight: 400\">.\u00a0 <\/span><\/li>\n<li style=\"text-align: justify\"><span style=\"font-weight: 400\">Lehet\u0151s\u00e9g szerint <strong>az els\u0151 tan\u00e1csad\u00e1st megel\u0151z\u0151en <\/strong>egyik reggel, \u00e9bred\u00e9st k\u00f6vet\u0151en m\u00e9rje meg <em>testmagass\u00e1g\u00e1t \u00e9s testt\u00f6meg\u00e9t.<\/em><\/span><\/li>\n<li><strong>Lemond\u00e1s menete:\u00a0<\/strong><em>K\u00e9rj\u00fck, hogy legk\u00e9s\u0151bb a foglalt id\u0151pont el\u0151tt 24 \u00f3r\u00e1val emailben jelezze lemond\u00e1s\u00e1t a egeszsegfejlesztesikp@semmelweis.hu e-mail c\u00edmen!<\/em><\/li>\n<\/ol>\n<h2><span style=\"font-size: 18pt\">Kapcsolatok:<\/span><\/h2>\n<h6>\u00a0<span style=\"font-size: 14pt\"><a href=\"https:\/\/semmelweis.hu\/egeszsegfejlesztes\/files\/2024\/11\/1-2.jpg\"><img loading=\"lazy\" decoding=\"async\" class=\"alignnone  wp-image-52076\" src=\"https:\/\/semmelweis.hu\/egeszsegfejlesztes\/files\/2024\/11\/1-2-400x400.jpg\" alt=\"\" width=\"26\" height=\"26\" srcset=\"https:\/\/semmelweis.hu\/egeszsegfejlesztes\/files\/2024\/11\/1-2-400x400.jpg 400w, https:\/\/semmelweis.hu\/egeszsegfejlesztes\/files\/2024\/11\/1-2-150x150.jpg 150w, https:\/\/semmelweis.hu\/egeszsegfejlesztes\/files\/2024\/11\/1-2.jpg 500w\" sizes=\"auto, (max-width: 26px) 100vw, 26px\" \/><\/a><strong>egeszsegfejlesztesikp@semmelweis.hu<\/strong><\/span><\/h6>\n<p style=\"text-align: justify\"><span style=\"font-size: 14pt\"><strong><a href=\"https:\/\/semmelweis.hu\/egeszsegfejlesztes\/files\/2024\/11\/2.png\"><img loading=\"lazy\" decoding=\"async\" class=\"alignnone  wp-image-52001\" src=\"https:\/\/semmelweis.hu\/egeszsegfejlesztes\/files\/2024\/11\/2-400x400.png\" alt=\"\" width=\"38\" height=\"38\" srcset=\"https:\/\/semmelweis.hu\/egeszsegfejlesztes\/files\/2024\/11\/2-400x400.png 400w, https:\/\/semmelweis.hu\/egeszsegfejlesztes\/files\/2024\/11\/2-150x150.png 150w, https:\/\/semmelweis.hu\/egeszsegfejlesztes\/files\/2024\/11\/2.png 500w\" sizes=\"auto, (max-width: 38px) 100vw, 38px\" \/><\/a>Eg\u00e9szs\u00e9gfejleszt\u00e9si K\u00f6zpont Tan\u00e1csad\u00f3 szoba<\/strong>: 1094 Budapest, T\u0171zolt\u00f3 u. 37-47., fsz. 0.808., Elm\u00e9leti Orvostudom\u00e1nyi K\u00f6zpont (EOK)<\/span><\/p>\n<p style=\"text-align: justify\"><span style=\"font-size: 18pt;color: #313b40;font-family: Montserrat, sans-serif;font-weight: 600;text-align: left\">Tov\u00e1bbi lehet\u0151s\u00e9gek:<\/span><\/p>\n<p>A Semmelweis Egyetemen el\u00e9rhet\u0151 tov\u00e1bbi \u00e9letm\u00f3d- \u00e9s eg\u00e9szs\u00e9g szolg\u00e1ltat\u00e1sok megismer\u00e9s\u00e9hez, illetve m\u00e1s, Semmelweis polg\u00e1roknak sz\u00f3l\u00f3 programokhoz, kedvezm\u00e9nyekhez \u00e9s jogosults\u00e1gokhoz kattintson a\u00a0<strong><a href=\"https:\/\/semmelweis.hu\/csaladbarat\/\">Csal\u00e1dbar\u00e1t Egyetem Program<\/a><\/strong>\u00a0honlapj\u00e1ra.<\/p>\n","protected":false},"excerpt":{"rendered":"<p>A szolg\u00e1ltat\u00e1s c\u00e9lja az \u00d6n eg\u00e9szs\u00e9gi \u00e1llapot\u00e1nak jav\u00edt\u00e1sa. <a href=\"https:\/\/semmelweis.hu\/egeszsegfejlesztes\/files\/2023\/08\/DSC_7036.jpg\"><\/a> Az egy\u00e9ni tan\u00e1csad\u00e1s sor\u00e1n felm\u00e9rj\u00fck eg\u00e9szs\u00e9gi \u00e1llapot\u00e1t, illetve ezt k\u00f6vet\u0151en egy &#8211; az ig\u00e9nyeihez igaz\u00edtott &#8211; komplex eg\u00e9szs\u00e9gtervet \u00e1ll\u00edtunk \u00f6ssze. Ez\u00a0 sz\u00fcks\u00e9g szerint\u00a0tartalmazhat t\u00e1pl\u00e1lkoz\u00e1si tan\u00e1csad\u00e1st, \u00e9trendtervez\u00e9st, konzult\u00e1ci\u00f3s lehet\u0151s\u00e9get okleveles t\u00e1pl\u00e1lkoz\u00e1studom\u00e1nyi szakemberrel, tov\u00e1bb\u00e1 egy\u00e9ni vagy csoportos mozg\u00e1sprogramot is. A tan\u00e1csad\u00e1sokat okleveles t\u00e1pl\u00e1lkoz\u00e1studom\u00e1nyi szakembereink, J\u00f3b Vikt\u00f3ria \u00e9s\u00a0Czibere Erika, illetve &hellip;<\/p>\n","protected":false},"author":101613,"featured_media":53259,"parent":347,"menu_order":2,"comment_status":"closed","ping_status":"closed","template":"","meta":{"_acf_changed":false,"footnotes":""},"categories":[153],"tags":[],"class_list":["post-350","page","type-page","status-publish","has-post-thumbnail","hentry","category-nyitolap-kartyak"],"acf":[],"_links":{"self":[{"href":"https:\/\/semmelweis.hu\/egeszsegfejlesztes\/wp-json\/wp\/v2\/pages\/350","targetHints":{"allow":["GET"]}}],"collection":[{"href":"https:\/\/semmelweis.hu\/egeszsegfejlesztes\/wp-json\/wp\/v2\/pages"}],"about":[{"href":"https:\/\/semmelweis.hu\/egeszsegfejlesztes\/wp-json\/wp\/v2\/types\/page"}],"author":[{"embeddable":true,"href":"https:\/\/semmelweis.hu\/egeszsegfejlesztes\/wp-json\/wp\/v2\/users\/101613"}],"replies":[{"embeddable":true,"href":"https:\/\/semmelweis.hu\/egeszsegfejlesztes\/wp-json\/wp\/v2\/comments?post=350"}],"version-history":[{"count":13,"href":"https:\/\/semmelweis.hu\/egeszsegfejlesztes\/wp-json\/wp\/v2\/pages\/350\/revisions"}],"predecessor-version":[{"id":53715,"href":"https:\/\/semmelweis.hu\/egeszsegfejlesztes\/wp-json\/wp\/v2\/pages\/350\/revisions\/53715"}],"up":[{"embeddable":true,"href":"https:\/\/semmelweis.hu\/egeszsegfejlesztes\/wp-json\/wp\/v2\/pages\/347"}],"wp:featuredmedia":[{"embeddable":true,"href":"https:\/\/semmelweis.hu\/egeszsegfejlesztes\/wp-json\/wp\/v2\/media\/53259"}],"wp:attachment":[{"href":"https:\/\/semmelweis.hu\/egeszsegfejlesztes\/wp-json\/wp\/v2\/media?parent=350"}],"wp:term":[{"taxonomy":"category","embeddable":true,"href":"https:\/\/semmelweis.hu\/egeszsegfejlesztes\/wp-json\/wp\/v2\/categories?post=350"},{"taxonomy":"post_tag","embeddable":true,"href":"https:\/\/semmelweis.hu\/egeszsegfejlesztes\/wp-json\/wp\/v2\/tags?post=350"}],"curies":[{"name":"wp","href":"https:\/\/api.w.org\/{rel}","templated":true}]}}