{"id":324,"date":"2020-03-25T16:44:28","date_gmt":"2020-03-25T15:44:28","guid":{"rendered":"http:\/\/semmelweis.hu\/egeszsegfejlesztes\/?page_id=324"},"modified":"2021-11-12T10:51:32","modified_gmt":"2021-11-12T09:51:32","slug":"egeszsegugyi-hozzaferes-konferencia-es-egeszsegfejlesztesi-szakmai-forum","status":"publish","type":"page","link":"https:\/\/semmelweis.hu\/egeszsegfejlesztes\/rendezvenyek\/konferenciak-es-szakmai-forumok\/egeszsegugyi-hozzaferes-konferencia-es-egeszsegfejlesztesi-szakmai-forum\/","title":{"rendered":"Eg\u00e9szs\u00e9g\u00fcgyi Hozz\u00e1f\u00e9r\u00e9s Konferencia \u00e9s Eg\u00e9szs\u00e9gfejleszt\u00e9si Szakmai F\u00f3rum"},"content":{"rendered":"<p>&nbsp;<\/p>\n<p style=\"text-align: justify\"><strong>2019. m\u00e1jus 11<\/strong>-\u00e9n els\u0151 alkalommal ker\u00fclt megrendez\u00e9sre a Semmelweis Eg\u00e9szs\u00e9gfejleszt\u00e9si K\u00f6zpont \u00e9s a Budapesti Orvostanhallgat\u00f3k Egyes\u00fclet\u00e9nek egy\u00fcttm\u0171k\u00f6d\u00e9s\u00e9vel az <strong>Eg\u00e9szs\u00e9g\u00fcgyi Hozz\u00e1f\u00e9r\u00e9s Konferencia \u00e9s Eg\u00e9szs\u00e9gfejleszt\u00e9si Szakmai F\u00f3rum<\/strong> a Semmelweis Egyetem Elm\u00e9leti orvostudom\u00e1nyi K\u00f6zpont (EOK) \u00e9p\u00fclet\u00e9ben. Az eg\u00e9sz napos rendezv\u00e9ny c\u00e9lja volt t\u00f6bbek k\u00f6z\u00f6tt, hogy az egyetemi polg\u00e1rok sz\u00e1m\u00e1ra nyitott f\u00f3rumon bemutat\u00e1sra ker\u00fclhessen az \u00fajonnan l\u00e9trej\u00f6tt Eg\u00e9szs\u00e9gfejleszt\u00e9si K\u00f6zpont hivat\u00e1sa, mely el\u0151seg\u00edti, hogy a Semmelweis Egyetem egy olyan eg\u00e9szs\u00e9ges sz\u00ednt\u00e9rr\u00e9 v\u00e1ljon, mely m\u0171k\u00f6d\u00e9s\u00e9nek minden szintj\u00e9n az eg\u00e9szs\u00e9gtudatoss\u00e1got k\u00e9pviseli, a rendelkez\u00e9sre \u00e1ll\u00f3 eszk\u00f6zt\u00e1r\u00e1t b\u0151v\u00edti, fejleszti, hogy az Egyetem az eg\u00e9szs\u00e9gfejleszt\u00e9s kiemelt rang\u00fa szerepl\u0151jek\u00e9nt l\u00e9pjen ki a t\u00e1rsadalom el\u00e9.<\/p>\n<div style=\"text-align: justify\">Egy ilyen m\u00e9rt\u00e9k\u0171 integr\u00e1lt, innovat\u00edv koncepci\u00f3 l\u00e9trehoz\u00e1s\u00e1hoz elengedhetetlen, hogy minden szerepl\u0151 ismerje egym\u00e1st. Ezen okb\u00f3l els\u0151k\u00e9nt szervezt\u00fck meg a konferencia r\u00e9szek\u00e9nt a Szakmai F\u00f3rumot az Egyetem vezet\u0151s\u00e9gi k\u00f6rein bel\u00fcl, \u00edgy minden szerepl\u0151 megismerhette egym\u00e1s programj\u00e1t, c\u00e9lkit\u0171z\u00e9seit, sikereit. A F\u00f3rum nyitott volt az Egyetem hallgat\u00f3i sz\u00e1m\u00e1ra is.<\/div>\n<div style=\"text-align: justify\">A program keret\u00e9ben a Szakmai F\u00f3rumot megel\u0151z\u0151en aktu\u00e1lisan az egyetemes eg\u00e9szs\u00e9g\u00fcgyi hozz\u00e1f\u00e9r\u00e9s t\u00e9m\u00e1j\u00e1ban tartottunk plen\u00e1ris el\u0151ad\u00e1sokat, valamint workshopokat. Ezek kiemelt c\u00e9lja volt, hogy a k\u00fcl\u00f6nb\u00f6z\u0151 eg\u00e9szs\u00e9g\u00fcgyi karok hallgat\u00f3i \u00e9s dolgoz\u00f3i egy\u00fctt gondolkodhassanak a modern eg\u00e9szs\u00e9g\u00fcgy probl\u00e9m\u00e1in \u00e9s azok megold\u00e1sain.\u00a0<\/div>\n<div>\u00a0<\/div>\n<div>A konferenci\u00e1r\u00f3l k\u00e9sz\u00fclt hivatalos sajt\u00f3 \u00f6sszefoglal\u00f3t <a href=\"https:\/\/semmelweis.hu\/hirek\/2019\/05\/13\/egeszsegfejlesztesi-szakmai-forumot-rendeztek\/\">itt tekintheti meg<\/a>.<\/div>\n","protected":false},"excerpt":{"rendered":"<p>&nbsp; 2019. m\u00e1jus 11-\u00e9n els\u0151 alkalommal ker\u00fclt megrendez\u00e9sre a Semmelweis Eg\u00e9szs\u00e9gfejleszt\u00e9si K\u00f6zpont \u00e9s a Budapesti Orvostanhallgat\u00f3k Egyes\u00fclet\u00e9nek egy\u00fcttm\u0171k\u00f6d\u00e9s\u00e9vel az Eg\u00e9szs\u00e9g\u00fcgyi Hozz\u00e1f\u00e9r\u00e9s Konferencia \u00e9s Eg\u00e9szs\u00e9gfejleszt\u00e9si Szakmai F\u00f3rum a Semmelweis Egyetem Elm\u00e9leti orvostudom\u00e1nyi K\u00f6zpont (EOK) \u00e9p\u00fclet\u00e9ben. Az eg\u00e9sz napos rendezv\u00e9ny c\u00e9lja volt t\u00f6bbek k\u00f6z\u00f6tt, hogy az egyetemi polg\u00e1rok sz\u00e1m\u00e1ra nyitott f\u00f3rumon bemutat\u00e1sra ker\u00fclhessen az \u00fajonnan l\u00e9trej\u00f6tt Eg\u00e9szs\u00e9gfejleszt\u00e9si &hellip;<\/p>\n","protected":false},"author":101613,"featured_media":0,"parent":50427,"menu_order":1,"comment_status":"closed","ping_status":"closed","template":"","meta":{"_acf_changed":false,"footnotes":""},"categories":[],"tags":[],"class_list":["post-324","page","type-page","status-publish","hentry"],"acf":[],"_links":{"self":[{"href":"https:\/\/semmelweis.hu\/egeszsegfejlesztes\/wp-json\/wp\/v2\/pages\/324","targetHints":{"allow":["GET"]}}],"collection":[{"href":"https:\/\/semmelweis.hu\/egeszsegfejlesztes\/wp-json\/wp\/v2\/pages"}],"about":[{"href":"https:\/\/semmelweis.hu\/egeszsegfejlesztes\/wp-json\/wp\/v2\/types\/page"}],"author":[{"embeddable":true,"href":"https:\/\/semmelweis.hu\/egeszsegfejlesztes\/wp-json\/wp\/v2\/users\/101613"}],"replies":[{"embeddable":true,"href":"https:\/\/semmelweis.hu\/egeszsegfejlesztes\/wp-json\/wp\/v2\/comments?post=324"}],"version-history":[{"count":1,"href":"https:\/\/semmelweis.hu\/egeszsegfejlesztes\/wp-json\/wp\/v2\/pages\/324\/revisions"}],"predecessor-version":[{"id":325,"href":"https:\/\/semmelweis.hu\/egeszsegfejlesztes\/wp-json\/wp\/v2\/pages\/324\/revisions\/325"}],"up":[{"embeddable":true,"href":"https:\/\/semmelweis.hu\/egeszsegfejlesztes\/wp-json\/wp\/v2\/pages\/50427"}],"wp:attachment":[{"href":"https:\/\/semmelweis.hu\/egeszsegfejlesztes\/wp-json\/wp\/v2\/media?parent=324"}],"wp:term":[{"taxonomy":"category","embeddable":true,"href":"https:\/\/semmelweis.hu\/egeszsegfejlesztes\/wp-json\/wp\/v2\/categories?post=324"},{"taxonomy":"post_tag","embeddable":true,"href":"https:\/\/semmelweis.hu\/egeszsegfejlesztes\/wp-json\/wp\/v2\/tags?post=324"}],"curies":[{"name":"wp","href":"https:\/\/api.w.org\/{rel}","templated":true}]}}