{"id":115,"date":"2019-10-28T15:56:25","date_gmt":"2019-10-28T14:56:25","guid":{"rendered":"http:\/\/semmelweis.hu\/egeszsegfejlesztes\/?page_id=115"},"modified":"2021-11-17T16:35:38","modified_gmt":"2021-11-17T15:35:38","slug":"civilexpo","status":"publish","type":"page","link":"https:\/\/semmelweis.hu\/egeszsegfejlesztes\/rendezvenyek\/konferenciak-es-szakmai-forumok\/i-hek\/civilexpo\/","title":{"rendered":"Eg\u00e9szs\u00e9gfejleszt\u00e9si Civil Expo &#8211; 2019"},"content":{"rendered":"<p style=\"text-align: center\"><img loading=\"lazy\" decoding=\"async\" class=\"wp-image-148 alignnone\" src=\"https:\/\/semmelweis.hu\/egeszsegfejlesztes\/files\/2019\/10\/ECE_cover_1022-1024x536.png\" alt=\"\" width=\"501\" height=\"262\" srcset=\"https:\/\/semmelweis.hu\/egeszsegfejlesztes\/files\/2019\/10\/ECE_cover_1022-1024x536.png 1024w, https:\/\/semmelweis.hu\/egeszsegfejlesztes\/files\/2019\/10\/ECE_cover_1022-400x209.png 400w, https:\/\/semmelweis.hu\/egeszsegfejlesztes\/files\/2019\/10\/ECE_cover_1022-768x402.png 768w, https:\/\/semmelweis.hu\/egeszsegfejlesztes\/files\/2019\/10\/ECE_cover_1022-753x394.png 753w, https:\/\/semmelweis.hu\/egeszsegfejlesztes\/files\/2019\/10\/ECE_cover_1022.png 1600w\" sizes=\"auto, (max-width: 501px) 100vw, 501px\" \/><b><\/b><\/p>\n<p style=\"text-align: justify\">Eg\u00e9szs\u00e9gtudom\u00e1nyi egyetemk\u00e9nt az eg\u00e9szs\u00e9g\u00fcnk meg\u0151rz\u00e9s\u00e9t, annak helyre\u00e1ll\u00edt\u00e1s\u00e1t kiemelt priorit\u00e1sk\u00e9nt kezelj\u00fck a Semmelweis Egyetemen, ennek megfelel\u0151en 2019-ben els\u0151 alkalommal h<span style=\"font-size: 1rem\">i\u00e1nyp\u00f3tl\u00f3 \u00f6sszefog\u00e1sra h\u00edvtuk a magyar civil szervezetek k\u00e9pvisel\u0151it.<\/span><span style=\"font-size: 1rem\"> Az ezzel kapcsolatos k\u00f6z\u00f6s gondolkod\u00e1st \u00e9s a felt\u00e1rt j\u00f3gyakorlatok k\u00e9zzelfoghat\u00f3 kivitelez\u00e9s\u00e9t a civil t\u00e1rsadalom azon tagjaival szerett\u00fck volna folytatni, akik sz\u00e1m\u00e1ra szint\u00e9n fontos az eg\u00e9szs\u00e9gfejleszt\u00e9s. Ez\u00e9rt 22 eg\u00e9szs\u00e9gnevel\u0151, eg\u00e9szs\u00e9gfejleszt\u0151 civil szervezet sz\u00e1m\u00e1ra biztos\u00edtottunk ki\u00e1ll\u00edt\u00e1si lehet\u0151s\u00e9get egyetem\u00fcnk\u00f6n. Hiszen a magyar t\u00e1rsadalom eg\u00e9szs\u00e9gi \u00e1llapota mindannyiunk felel\u0151ss\u00e9ge, civilek\u00e9 \u00e9s a tudom\u00e1nyos \u00e9let k\u00e9pvisel\u0151i\u00e9 egyar\u00e1nt. M\u0171k\u00f6d\u00e9s\u00fcnk k\u00fcl\u00f6nb\u00f6z\u0151 ter\u00fcletein mindannyian tesz\u00fcnk a magyarok \u00e1ltal\u00e1nos testi \u00e9s lelki j\u00f3ll\u00e9t\u00e9\u00e9rt. Ezen a rendezv\u00e9nyen azonban \u00e9rv\u00e9nyre juttattuk azon felismer\u00e9s\u00fcnket, hogy partners\u00e9gben, k\u00f6z\u00f6s strat\u00e9gia ment\u00e9n hat\u00e9konyabbak lehet\u00fcnk saj\u00e1t \u00e9s k\u00f6z\u00f6ss\u00e9g\u00fcnk eg\u00e9szs\u00e9gfejleszt\u00e9s\u00e9ben. Ezzel k\u00edv\u00e1ntuk megteremteni egy\u00fcttm\u0171k\u00f6d\u00e9s\u00fcnk alapjait, \u00e9s letenni a k\u00f6z\u00f6s felel\u0151ss\u00e9gv\u00e1llal\u00e1s alapk\u00f6veit.\u00a0<\/span><\/p>\n<p style=\"text-align: justify\">Az Eg\u00e9szs\u00e9gfejleszt\u00e9si Civil Expon a r\u00e9szv\u00e9tel p\u00e1ly\u00e1zathoz volt k\u00f6tve. A be\u00e9rkezett p\u00e1ly\u00e1zatok k\u00f6z\u00fcl a kimagasl\u00f3 eg\u00e9szs\u00e9gfejleszt\u00e9si tev\u00e9kenys\u00e9get folytat\u00f3 22 civil szervezet kapott megh\u00edv\u00e1st a rendezv\u00e9nyre.\u00a0<\/p>\n","protected":false},"excerpt":{"rendered":"<p>Eg\u00e9szs\u00e9gtudom\u00e1nyi egyetemk\u00e9nt az eg\u00e9szs\u00e9g\u00fcnk meg\u0151rz\u00e9s\u00e9t, annak helyre\u00e1ll\u00edt\u00e1s\u00e1t kiemelt priorit\u00e1sk\u00e9nt kezelj\u00fck a Semmelweis Egyetemen, ennek megfelel\u0151en 2019-ben els\u0151 alkalommal hi\u00e1nyp\u00f3tl\u00f3 \u00f6sszefog\u00e1sra h\u00edvtuk a magyar civil szervezetek k\u00e9pvisel\u0151it. Az ezzel kapcsolatos k\u00f6z\u00f6s gondolkod\u00e1st \u00e9s a felt\u00e1rt j\u00f3gyakorlatok k\u00e9zzelfoghat\u00f3 kivitelez\u00e9s\u00e9t a civil t\u00e1rsadalom azon tagjaival szerett\u00fck volna folytatni, akik sz\u00e1m\u00e1ra szint\u00e9n fontos az eg\u00e9szs\u00e9gfejleszt\u00e9s. Ez\u00e9rt 22 eg\u00e9szs\u00e9gnevel\u0151, eg\u00e9szs\u00e9gfejleszt\u0151 &hellip;<\/p>\n","protected":false},"author":101614,"featured_media":0,"parent":108,"menu_order":0,"comment_status":"closed","ping_status":"closed","template":"","meta":{"_acf_changed":false,"footnotes":""},"categories":[],"tags":[],"class_list":["post-115","page","type-page","status-publish","hentry"],"acf":[],"_links":{"self":[{"href":"https:\/\/semmelweis.hu\/egeszsegfejlesztes\/wp-json\/wp\/v2\/pages\/115","targetHints":{"allow":["GET"]}}],"collection":[{"href":"https:\/\/semmelweis.hu\/egeszsegfejlesztes\/wp-json\/wp\/v2\/pages"}],"about":[{"href":"https:\/\/semmelweis.hu\/egeszsegfejlesztes\/wp-json\/wp\/v2\/types\/page"}],"author":[{"embeddable":true,"href":"https:\/\/semmelweis.hu\/egeszsegfejlesztes\/wp-json\/wp\/v2\/users\/101614"}],"replies":[{"embeddable":true,"href":"https:\/\/semmelweis.hu\/egeszsegfejlesztes\/wp-json\/wp\/v2\/comments?post=115"}],"version-history":[{"count":10,"href":"https:\/\/semmelweis.hu\/egeszsegfejlesztes\/wp-json\/wp\/v2\/pages\/115\/revisions"}],"predecessor-version":[{"id":315,"href":"https:\/\/semmelweis.hu\/egeszsegfejlesztes\/wp-json\/wp\/v2\/pages\/115\/revisions\/315"}],"up":[{"embeddable":true,"href":"https:\/\/semmelweis.hu\/egeszsegfejlesztes\/wp-json\/wp\/v2\/pages\/108"}],"wp:attachment":[{"href":"https:\/\/semmelweis.hu\/egeszsegfejlesztes\/wp-json\/wp\/v2\/media?parent=115"}],"wp:term":[{"taxonomy":"category","embeddable":true,"href":"https:\/\/semmelweis.hu\/egeszsegfejlesztes\/wp-json\/wp\/v2\/categories?post=115"},{"taxonomy":"post_tag","embeddable":true,"href":"https:\/\/semmelweis.hu\/egeszsegfejlesztes\/wp-json\/wp\/v2\/tags?post=115"}],"curies":[{"name":"wp","href":"https:\/\/api.w.org\/{rel}","templated":true}]}}