{"id":108,"date":"2019-10-28T15:46:44","date_gmt":"2019-10-28T14:46:44","guid":{"rendered":"http:\/\/semmelweis.hu\/egeszsegfejlesztes\/?page_id=108"},"modified":"2025-07-20T16:10:33","modified_gmt":"2025-07-20T14:10:33","slug":"i-hek","status":"publish","type":"page","link":"https:\/\/semmelweis.hu\/egeszsegfejlesztes\/rendezvenyek\/konferenciak-es-szakmai-forumok\/i-hek\/","title":{"rendered":"I. Hat\u00e9kony Eg\u00e9szs\u00e9gfejleszt\u00e9si Konferencia"},"content":{"rendered":"<p style=\"text-align: center\"><a href=\"https:\/\/semmelweis.hu\/egeszsegfejlesztes\/files\/2019\/11\/HEK-cover_1113.png\"><img loading=\"lazy\" decoding=\"async\" class=\"alignnone wp-image-203\" src=\"https:\/\/semmelweis.hu\/egeszsegfejlesztes\/files\/2019\/11\/HEK-cover_1113-1024x536.png\" alt=\"\" width=\"677\" height=\"354\" srcset=\"https:\/\/semmelweis.hu\/egeszsegfejlesztes\/files\/2019\/11\/HEK-cover_1113-1024x536.png 1024w, https:\/\/semmelweis.hu\/egeszsegfejlesztes\/files\/2019\/11\/HEK-cover_1113-400x209.png 400w, https:\/\/semmelweis.hu\/egeszsegfejlesztes\/files\/2019\/11\/HEK-cover_1113-768x402.png 768w, https:\/\/semmelweis.hu\/egeszsegfejlesztes\/files\/2019\/11\/HEK-cover_1113-753x394.png 753w, https:\/\/semmelweis.hu\/egeszsegfejlesztes\/files\/2019\/11\/HEK-cover_1113.png 1600w\" sizes=\"auto, (max-width: 677px) 100vw, 677px\" \/><\/a><\/p>\n<p>&nbsp;<\/p>\n<p style=\"text-align: justify\">\u00c1der J\u00e1nos k\u00f6zt\u00e1rsas\u00e1gi eln\u00f6k \u00far f\u0151v\u00e9dn\u00f6ks\u00e9ge \u00e9s Horv\u00e1th Ildik\u00f3 \u00e1llamtitk\u00e1r asszony v\u00e9dn\u00f6ks\u00e9ge alatt 2019. november 29-30-\u00e1n megrendez\u00e9sre ker\u00fclt az I. Hat\u00e9kony Eg\u00e9szs\u00e9gfejleszt\u00e9si Konferencia a Semmelweis Eg\u00e9szs\u00e9gfejleszt\u00e9si K\u00f6zpont szervez\u00e9s\u00e9ben a Semmelweis Egyetemen. A rendezv\u00e9ny h\u00e1zigazd\u00e1ja Merkely B\u00e9la, a Semmelweis Egyetem rektora volt.<\/p>\n<p style=\"text-align: justify\">A konferenciasorozat els\u0151 rendezv\u00e9ny\u00e9nek c\u00e9lja, hogy k\u00e9zzelfoghat\u00f3 m\u00f3don, gyakorlati oldalr\u00f3l k\u00f6zel\u00edts\u00fcnk az eg\u00e9szs\u00e9gfejleszt\u00e9shez. A f\u00f3kuszban a szem\u00e9lyess\u00e9g, az eg\u00e9szs\u00e9ghez val\u00f3 szem\u00e9lyes \u00e9s felel\u0151ss\u00e9gteljes k\u00f6zel\u00edt\u00e9s \u00e1ll. Ennek jegy\u00e9ben h\u00edvtunk 2019-ben civil szervezeteket Eg\u00e9szs\u00e9gfejleszt\u00e9si Civil Expora, szakembereket, \u00e9rdekl\u0151d\u0151ket \u00e9s egyetemi hallgat\u00f3kat szakmai szimp\u00f3zium plen\u00e1ris \u00fcl\u00e9sre \u00e9s m\u0171helymunk\u00e1ra, az orvos- \u00e9s eg\u00e9szs\u00e9gtudom\u00e1nyi egyetemek vezet\u0151it egyeztet\u00e9sre a n\u00e9peg\u00e9szs\u00e9gtan oktat\u00e1s aktu\u00e1lis k\u00e9rd\u00e9sk\u00f6reinek megvitat\u00e1s\u00e1ra, hogy k\u00f6z\u00f6sen t\u00e1rjuk fel \u00e9s mutassuk be azokat az \u00fajdons\u00e1gokat, j\u00f3 gyakorlatokat, ismereteket, amelyek seg\u00edts\u00e9g\u00e9vel a saj\u00e1t \u00e9s k\u00f6z\u00f6ss\u00e9g\u00fcnk eg\u00e9szs\u00e9g\u00e9t fejleszthetj\u00fck, tehetj\u00fck jobb\u00e1.<\/p>\n<p style=\"text-align: justify\">Az\u00a0<strong>Eg\u00e9szs\u00e9gfejleszt\u00e9si Civil Expo<\/strong>ra eg\u00e9szs\u00e9gnevel\u0151, eg\u00e9szs\u00e9gfejleszt\u0151 programjaikkal kiemelked\u0151 teljes\u00edtm\u00e9nyt ny\u00fajt\u00f3 30 civil szervezetet h\u00edvtunk meg. A kiv\u00e1lasztott szervezetek k\u00e9t napon kereszt\u00fcl ki\u00e1ll\u00edt\u00e1si lehet\u0151s\u00e9get kaptak a Semmelweis Egyetem impoz\u00e1ns \u00e9p\u00fclet\u00e9ben, az Elm\u00e9leti Orvostudom\u00e1nyi K\u00f6zpontban (EOK), ahol bemutatt\u00e1k j\u00f3 gyakorlataikat, \u00e9s k\u00f6z\u00f6sen t\u00e1rtuk fel<span style=\"font-size: 1rem\">\u00a0<\/span><span style=\"font-size: 1rem\">a<\/span><span style=\"font-size: 1rem\"> lehets\u00e9ges k\u00e9s\u0151bbi kapcsol\u00f3d\u00e1si pontokat. C\u00e9lunk az volt, hogy ezzel a kezdem\u00e9nyez\u00e9ssel a Semmelweis Egyetem \u2013 \u00e9vsz\u00e1zados tud\u00e1sb\u00e1zis\u00e1ra alapozva \u2013 szakmai platformot teremtsen a magyar civil kezdem\u00e9nyez\u00e9s\u0171 eg\u00e9szs\u00e9gfejleszt\u00e9si tev\u00e9kenys\u00e9gek sz\u00e1m\u00e1ra. A szakmai zs\u0171ri \u00e1ltal \u00e9s a k\u00f6z\u00f6ns\u00e9gszavazatokkal kiv\u00e1lasztott legjobb p\u00e1ly\u00e1zatokat d\u00edjakat nyertek.<\/span><\/p>\n<p style=\"text-align: justify\">A\u00a0<strong>szakmai szimp\u00f3zium<\/strong> sor\u00e1n plen\u00e1ris \u00fcl\u00e9seken \u00e9s workshop-okon az \u00e1llam, a lakoss\u00e1g \u00e9s az eg\u00e9szs\u00e9g\u00fcgy fel\u0151l k\u00f6zel\u00edtett\u00fcnk az eg\u00e9szs\u00e9gfejleszt\u00e9s lehet\u0151s\u00e9geihez.\u00a0\u00a0<\/p>\n<p style=\"text-align: justify\">A konferencia szerves r\u00e9sz\u00e9t k\u00e9pezte tov\u00e1bb\u00e1 az Emberi Er\u0151forr\u00e1sok Miniszt\u00e9riuma (EMMI) \u00e9s az Eg\u00e9szs\u00e9g\u00fcgyi Vil\u00e1gszervezet (WHO) \u00e1ltal t\u00e1mogatott Partneri Egy\u00fcttm\u0171k\u00f6d\u00e9s el\u0151k\u00e9sz\u00edt\u00e9se \u00e9s bemutat\u00e1sa, valamint a 60 \u00e9ves Eg\u00e9szs\u00e9gfejleszt\u00e9s foly\u00f3irat jubileumi rendezv\u00e9nye is.<\/p>\n<p style=\"text-align: justify\">Hiszen hit\u00fcnk szerint partners\u00e9gben, k\u00f6z\u00f6s szakmai strat\u00e9gia ment\u00e9n hat\u00e9konyabbak lehet\u00fcnk saj\u00e1t \u00e9s k\u00f6z\u00f6ss\u00e9g\u00fcnk eg\u00e9szs\u00e9gfejleszt\u00e9s\u00e9ben!<\/p>\n","protected":false},"excerpt":{"rendered":"<p><a href=\"https:\/\/semmelweis.hu\/egeszsegfejlesztes\/files\/2019\/11\/HEK-cover_1113.png\"><\/a> &nbsp; \u00c1der J\u00e1nos k\u00f6zt\u00e1rsas\u00e1gi eln\u00f6k \u00far f\u0151v\u00e9dn\u00f6ks\u00e9ge \u00e9s Horv\u00e1th Ildik\u00f3 \u00e1llamtitk\u00e1r asszony v\u00e9dn\u00f6ks\u00e9ge alatt 2019. november 29-30-\u00e1n megrendez\u00e9sre ker\u00fclt az I. Hat\u00e9kony Eg\u00e9szs\u00e9gfejleszt\u00e9si Konferencia a Semmelweis Eg\u00e9szs\u00e9gfejleszt\u00e9si K\u00f6zpont szervez\u00e9s\u00e9ben a Semmelweis Egyetemen. A rendezv\u00e9ny h\u00e1zigazd\u00e1ja Merkely B\u00e9la, a Semmelweis Egyetem rektora volt. A konferenciasorozat els\u0151 rendezv\u00e9ny\u00e9nek c\u00e9lja, hogy k\u00e9zzelfoghat\u00f3 m\u00f3don, gyakorlati oldalr\u00f3l k\u00f6zel\u00edts\u00fcnk az eg\u00e9szs\u00e9gfejleszt\u00e9shez. &hellip;<\/p>\n","protected":false},"author":101614,"featured_media":0,"parent":50427,"menu_order":2,"comment_status":"closed","ping_status":"closed","template":"","meta":{"_acf_changed":false,"footnotes":""},"categories":[],"tags":[],"class_list":["post-108","page","type-page","status-publish","hentry"],"acf":[],"_links":{"self":[{"href":"https:\/\/semmelweis.hu\/egeszsegfejlesztes\/wp-json\/wp\/v2\/pages\/108","targetHints":{"allow":["GET"]}}],"collection":[{"href":"https:\/\/semmelweis.hu\/egeszsegfejlesztes\/wp-json\/wp\/v2\/pages"}],"about":[{"href":"https:\/\/semmelweis.hu\/egeszsegfejlesztes\/wp-json\/wp\/v2\/types\/page"}],"author":[{"embeddable":true,"href":"https:\/\/semmelweis.hu\/egeszsegfejlesztes\/wp-json\/wp\/v2\/users\/101614"}],"replies":[{"embeddable":true,"href":"https:\/\/semmelweis.hu\/egeszsegfejlesztes\/wp-json\/wp\/v2\/comments?post=108"}],"version-history":[{"count":11,"href":"https:\/\/semmelweis.hu\/egeszsegfejlesztes\/wp-json\/wp\/v2\/pages\/108\/revisions"}],"predecessor-version":[{"id":53034,"href":"https:\/\/semmelweis.hu\/egeszsegfejlesztes\/wp-json\/wp\/v2\/pages\/108\/revisions\/53034"}],"up":[{"embeddable":true,"href":"https:\/\/semmelweis.hu\/egeszsegfejlesztes\/wp-json\/wp\/v2\/pages\/50427"}],"wp:attachment":[{"href":"https:\/\/semmelweis.hu\/egeszsegfejlesztes\/wp-json\/wp\/v2\/media?parent=108"}],"wp:term":[{"taxonomy":"category","embeddable":true,"href":"https:\/\/semmelweis.hu\/egeszsegfejlesztes\/wp-json\/wp\/v2\/categories?post=108"},{"taxonomy":"post_tag","embeddable":true,"href":"https:\/\/semmelweis.hu\/egeszsegfejlesztes\/wp-json\/wp\/v2\/tags?post=108"}],"curies":[{"name":"wp","href":"https:\/\/api.w.org\/{rel}","templated":true}]}}