{"id":7,"date":"2022-06-22T16:05:26","date_gmt":"2022-06-22T14:05:26","guid":{"rendered":"https:\/\/semmelweis.hu\/dolgozoivizsgalat\/?page_id=7"},"modified":"2025-06-03T14:43:28","modified_gmt":"2025-06-03T12:43:28","slug":"kapcsolat","status":"publish","type":"page","link":"https:\/\/semmelweis.hu\/dolgozoivizsgalat\/kapcsolat\/","title":{"rendered":"Kapcsolat"},"content":{"rendered":"<h6>El\u00e9rhet\u0151s\u00e9gek<\/h6>\n<p><i class=\"fa fa-map-marker\" aria-hidden=\"true\"><\/i>\u00a0Magyarorsz\u00e1g &#8211; 1089 Budapest, Nagyv\u00e1rad t\u00e9r 4.\u00a0 21. emelet<\/p>\n<p><i class=\"fa fa-phone\" aria-hidden=\"true\">\u00a0 <em>+36<b data-olk-copy-source=\"MessageBody\">30 878 0597 vagy\u00a0 +3620 825 0598<\/b><\/em><\/i><\/p>\n<p><strong>E-mail<\/strong>:\u00a0<a href=\"mailto:semmelweis.study@semmelweis.hu\">semmelweis.study@semmelweis.hu<\/a><\/p>\n\n<!-- iframe plugin v.4.9 wordpress.org\/plugins\/iframe\/ -->\n<iframe src=\"https:\/\/www.google.com\/maps\/embed?pb=!1m18!1m12!1m3!1d2696.547662880478!2d19.089003875140165!3d47.47924349676517!2m3!1f0!2f0!3f0!3m2!1i1024!2i768!4f13.1!3m3!1m2!1s0x4741dce663d65943%3A0xf5391fc3337d063b!2zQnVkYXBlc3QsIE5hZ3l2w6FyYWQgdMOpciA0LCAxMDg5!5e0!3m2!1sen!2shu!4v1709300661715!5m2!1sen!2shu\" width=\"100%\" height=\"450\" style=\"border:0;\" allowfullscreen loading=\"lazy\" referrerpolicy=\"no-referrer-when-downgrade\" scrolling=\"yes\" class=\"iframe-class\" frameborder=\"0\"><\/iframe>\n\n","protected":false},"excerpt":{"rendered":"<p>Semmelweis Study munkat\u00e1rsakkal val\u00f3 kapcsolattart\u00e1s, k\u00e9rd\u00e9sek eset\u00e9n<\/p>\n","protected":false},"author":12,"featured_media":0,"parent":0,"menu_order":8,"comment_status":"closed","ping_status":"closed","template":"","meta":{"_acf_changed":false,"footnotes":""},"categories":[],"tags":[],"class_list":["post-7","page","type-page","status-publish","hentry"],"acf":[],"_links":{"self":[{"href":"https:\/\/semmelweis.hu\/dolgozoivizsgalat\/wp-json\/wp\/v2\/pages\/7","targetHints":{"allow":["GET"]}}],"collection":[{"href":"https:\/\/semmelweis.hu\/dolgozoivizsgalat\/wp-json\/wp\/v2\/pages"}],"about":[{"href":"https:\/\/semmelweis.hu\/dolgozoivizsgalat\/wp-json\/wp\/v2\/types\/page"}],"author":[{"embeddable":true,"href":"https:\/\/semmelweis.hu\/dolgozoivizsgalat\/wp-json\/wp\/v2\/users\/12"}],"replies":[{"embeddable":true,"href":"https:\/\/semmelweis.hu\/dolgozoivizsgalat\/wp-json\/wp\/v2\/comments?post=7"}],"version-history":[{"count":10,"href":"https:\/\/semmelweis.hu\/dolgozoivizsgalat\/wp-json\/wp\/v2\/pages\/7\/revisions"}],"predecessor-version":[{"id":800,"href":"https:\/\/semmelweis.hu\/dolgozoivizsgalat\/wp-json\/wp\/v2\/pages\/7\/revisions\/800"}],"wp:attachment":[{"href":"https:\/\/semmelweis.hu\/dolgozoivizsgalat\/wp-json\/wp\/v2\/media?parent=7"}],"wp:term":[{"taxonomy":"category","embeddable":true,"href":"https:\/\/semmelweis.hu\/dolgozoivizsgalat\/wp-json\/wp\/v2\/categories?post=7"},{"taxonomy":"post_tag","embeddable":true,"href":"https:\/\/semmelweis.hu\/dolgozoivizsgalat\/wp-json\/wp\/v2\/tags?post=7"}],"curies":[{"name":"wp","href":"https:\/\/api.w.org\/{rel}","templated":true}]}}