{"id":66,"date":"2022-09-12T20:06:55","date_gmt":"2022-09-12T18:06:55","guid":{"rendered":"https:\/\/semmelweis.hu\/dolgozoivizsgalat\/?page_id=66"},"modified":"2025-06-03T14:38:51","modified_gmt":"2025-06-03T12:38:51","slug":"fontos-informaciok","status":"publish","type":"page","link":"https:\/\/semmelweis.hu\/dolgozoivizsgalat\/semmelweis-study-bemutatasa\/fontos-informaciok\/","title":{"rendered":"Fontos dokumentumok"},"content":{"rendered":"<p>A Semmelweis Study egyed\u00fcl\u00e1ll\u00f3 kezdem\u00e9nyez\u00e9s haz\u00e1nkban. A kutat\u00e1s Semmelweis Egyetem dolgoz\u00f3i k\u00f6r\u00e9ben zajlik, t\u00f6bb \u00e9ven kereszt\u00fcl. A kutat\u00e1s az eg\u00e9szs\u00e9gi \u00e1llapotot, a megbeteged\u00e9seket \u00e9s az azt meghat\u00e1roz\u00f3 t\u00e9nyez\u0151k sz\u00e9les k\u00f6r\u00e9nek \u00f6sszef\u00fcgg\u00e9seit vizsg\u00e1lja. A kutat\u00e1s c\u00e9lcsoportja a 25 \u00e9vn\u00e9l id\u0151sebb egyetemi dolgoz\u00f3k. A r\u00e9szv\u00e9tel teljesen \u00f6nk\u00e9ntes, \u00e9s egy\u00e9ni \u00e9s t\u00e1rsadalmi szinten egyar\u00e1nt hasznos.\u00a0<\/p>\n<p><span data-contrast=\"none\">A kutat\u00e1s kiindul\u00e1si adatfelv\u00e9tellel kezd\u0151dik, melynek r\u00e9sze k\u00e9rd\u0151\u00edves \u00e9s m\u0171szeres \u00e1llapotfelm\u00e9r\u00e9s. Az adatgy\u0171jt\u00e9seket 5 \u00e9vente megism\u00e9telj\u00fck.\u00a0 Az eg\u00e9szs\u00e9get meghat\u00e1roz\u00f3 legfontosabb t\u00e9nyez\u0151ket egy k\u00e9rd\u0151\u00edv seg\u00edts\u00e9g\u00e9vel m\u00e9rj\u00fck fel. Ezt k\u00f6vet\u0151en fizik\u00e1lis, fiziol\u00f3giai, kognit\u00edv \u00e9s laborvizsg\u00e1latban vehet r\u00e9szt. Tov\u00e1bbi r\u00e9szletek\u00e9rt k\u00e9rj\u00fck olvassa el az egyes vizsg\u00e1latokhoz kapcsol\u00f3d\u00f3 <\/span><span data-contrast=\"none\">T\u00e1j\u00e9koztat\u00f3 leveleket, valamint a <a href=\"https:\/\/semmelweis.hu\/dolgozoivizsgalat\/fontos-informaciok\/reszletes-tajekoztato-level\/\">R\u00e9szletes T\u00e1j\u00e9koztat\u00f3t<\/a>. A kutat\u00e1sr\u00f3l ill. a kutatat\u00e1sban val\u00f3 r\u00e9szv\u00e9tel menet\u00e9r\u0151l\u00a0 ebben az <a href=\"https:\/\/semmelweis.hu\/dolgozoivizsgalat\/semmelweis-study-bemutatasa\/toborzo-level\/\">\u00f6sszefoglal\u00f3ban<\/a> tudhat meg t\u00f6bbet.<\/span><span data-ccp-props=\"{&quot;201341983&quot;:0,&quot;335559739&quot;:160,&quot;335559740&quot;:259}\">\u00a0<\/span><\/p>\n<p><span data-contrast=\"none\">A kutat\u00e1s megfelel a hazai \u00e9s eur\u00f3pai hat\u00e1lyos adatv\u00e9delmi szab\u00e1lyzatnak, melyet az Egyetem Adatv\u00e9delmi tisztvisel\u0151j\u00e9nek bevon\u00e1s\u00e1val dolgoztunk ki. Tov\u00e1bbi r\u00e9szletek\u00e9rt k\u00e9rj\u00fck olvassa el az <\/span><a href=\"https:\/\/semmelweis.hu\/dolgozoivizsgalat\/fontos-informaciok\/adatkezelesi-tajekoztato\/\"><span data-contrast=\"none\">Adatkezel\u00e9si T\u00e1j\u00e9koztat\u00f3t<\/span><span data-contrast=\"none\">.<\/span><span data-ccp-props=\"{&quot;201341983&quot;:0,&quot;335559739&quot;:160,&quot;335559740&quot;:259}\">\u00a0<\/span><\/a><\/p>\n<p><b><span data-contrast=\"auto\">Az adatgy\u0171jt\u00e9s kiz\u00e1r\u00f3lag kutat\u00e1si c\u00e9llal t\u00f6rt\u00e9nik, az adatait bizalmasan kezelj\u00fck.<\/span><\/b><span data-ccp-props=\"{&quot;201341983&quot;:0,&quot;335559739&quot;:160,&quot;335559740&quot;:259}\">\u00a0<\/span><\/p>\n<p><b><span data-contrast=\"auto\">K\u00e9rj\u00fck olvassa el a bal men\u00fcsoron el\u00e9rhet\u0151\u00a0 t\u00e1j\u00e9koztat\u00f3 dokumentumokat.<\/span><\/b><span data-ccp-props=\"{&quot;201341983&quot;:0,&quot;335559739&quot;:160,&quot;335559740&quot;:259}\">\u00a0<\/span><\/p>\n<p><span class=\"TextRun SCXW151817396 BCX0\" lang=\"HU-HU\" xml:lang=\"HU-HU\" data-contrast=\"auto\"><span class=\"NormalTextRun SCXW151817396 BCX0\" data-ccp-charstyle=\"normaltextrun\" data-ccp-charstyle-defn=\"{&quot;ObjectId&quot;:&quot;df2abf48-cc01-4697-82f8-9e0dd7ca5688|5&quot;,&quot;ClassId&quot;:1073872969,&quot;Properties&quot;:[469775450,&quot;normaltextrun&quot;,201340122,&quot;1&quot;,134233614,&quot;true&quot;,469778129,&quot;normaltextrun&quot;,335572020,&quot;1&quot;,469778324,&quot;Default Paragraph Font&quot;]}\">Amennyiben r\u00e9szt k\u00edv\u00e1n venni a kutat\u00e1sban, k\u00e9rj\u00fck keressen benn\u00fcnket <\/span><span class=\"NormalTextRun SCXW151817396 BCX0\" data-ccp-charstyle=\"normaltextrun\">az al\u00e1bbi<\/span><span class=\"NormalTextRun SCXW151817396 BCX0\" data-ccp-charstyle=\"normaltextrun\"> el\u00e9rhet\u0151s\u00e9gek egyik\u00e9<\/span><span class=\"NormalTextRun SCXW151817396 BCX0\" data-ccp-charstyle=\"normaltextrun\">n vagy foglaljon id\u0151pontot, <a href=\"https:\/\/semmelweis.hu\/dolgozoivizsgalat\/se-study-idopontfoglalo\/\">itt a honlapon.<\/a><\/span><\/span><span class=\"EOP SCXW151817396 BCX0\" data-ccp-props=\"{&quot;201341983&quot;:0,&quot;335559739&quot;:160,&quot;335559740&quot;:259}\">\u00a0<\/span><\/p>\n<div>\n<div class=\"keretes w-100\">\n<p><strong>Telefonsz\u00e1m:<\/strong> +3630 878 0597\u00a0 vagy +3620 825 0598<br \/>\n<strong>E-mail:<\/strong><a href=\"mailto:semmelweis.study@semmelweis.hu\"> semmelweis.study@semmelweis.hu<\/a>\u00a0<\/p>\n<p><strong>A kutat\u00e1s nyilv\u00e1ntart\u00e1si sz\u00e1ma:<\/strong>\u00a0 OGY\u00c9I\/53981-2\/2023 \u2013 809<br \/>\n<strong>Kutat\u00e1s szakmai vezet\u0151je: <\/strong>Prof. Dr. Tab\u00e1k Gy. \u00c1d\u00e1m\u00a0<\/p>\n<\/div>\n<\/div>\n<style>\n           #page-grid .card-body > .line-clamp-box.excerpt{\n        width: inherit;\n        max-width: inherit;\n        display:flex;\n        min-height: 2.4em;\n        flex-direction: column;\n        justify-content: space-around;\n        background-color: #D6E4EA;\n        min-height: 3.4rem;\n        font-family: \"Montserrat\", sans-serif;\n    }\n\n    #page-grid a:hover .card-body > .line-clamp-box.excerpt {\n        background-color: #fff;\n        color: #313B40;\n    }\n\n    #page-grid .card-body .line-clamp-box.excerpt section{\n        max-width: inherit;\n        display: -webkit-box;\n        -webkit-line-clamp: 2;\n        -webkit-box-orient: vertical;\n        overflow: hidden;\n        text-overflow: ellipsis;\n        hyphens: auto;\n        margin: auto;\n        \n    }\n    .line-clamp-box.excerpt section, .line-clamp-box.excerpt section p{\n        font-size:0.8em;\n    }\n    \n<\/style>\n    <section id=\"page-grid\">\n        \n        <div class=\"row row-cols-1 row-cols-md-2 row-cols-lg-2 no-gutters mx-0 \">    <div class =\"col  mb-2 card-wrapper\">\n        <a class=\"d-flex flex-fill card-link-warapper m-md-1\" href=\"https:\/\/semmelweis.hu\/dolgozoivizsgalat\/semmelweis-study-bemutatasa\/fontos-informaciok\/adatkezelesi-tajekoztato\/\">\n            <div class=\"card border border-secondary se-border flex-fill\">\n                <div class=\"row no-gutters mx-0 d-flex flex-nowrap flex-md-wrap align-items-center\">\n                    <div class =\"  col-5 col-md-12  d-none  d-md-none d-md-none  bg-image  card-image justify-content-center\">\n                        <img class='wp-post-image img-fluid landscape' src='https:\/\/semmelweis.hu\/dolgozoivizsgalat\/wp-content\/themes\/se18\/dist\/images\/svg\/bg-image.svg' \/>\n                    <\/div>\n                    <div class=\"card-body  col flex-column  col-md-12 p-0\">\n                        <div class=\"line-clamp-box p-3\">\n                            <h5 class=\"ml-0 ml-sm-1 mt-2 align-items-center\"  >Adatkezel\u00e9si T\u00e1j\u00e9koztat\u00f3<\/h5>\n                        <\/div>\n                        \n                    <\/div>\n                <\/div>\n\n            <\/div>\n        <\/a>\n    <\/div>    <div class =\"col  mb-2 card-wrapper\">\n        <a class=\"d-flex flex-fill card-link-warapper m-md-1\" href=\"https:\/\/semmelweis.hu\/dolgozoivizsgalat\/semmelweis-study-bemutatasa\/fontos-informaciok\/kutatast-engedelyezo-etikai-engedely-nnk-tukeb\/\">\n            <div class=\"card border border-secondary se-border flex-fill\">\n                <div class=\"row no-gutters mx-0 d-flex flex-nowrap flex-md-wrap align-items-center\">\n                    <div class =\"  col-5 col-md-12  d-none  d-md-none d-md-none  bg-image  card-image justify-content-center\">\n                        <img class='wp-post-image img-fluid landscape' src='https:\/\/semmelweis.hu\/dolgozoivizsgalat\/wp-content\/themes\/se18\/dist\/images\/svg\/bg-image.svg' \/>\n                    <\/div>\n                    <div class=\"card-body  col flex-column  col-md-12 p-0\">\n                        <div class=\"line-clamp-box p-3\">\n                            <h5 class=\"ml-0 ml-sm-1 mt-2 align-items-center\"  >Etikai enged\u00e9ly<\/h5>\n                        <\/div>\n                        \n                    <\/div>\n                <\/div>\n\n            <\/div>\n        <\/a>\n    <\/div>    <div class =\"col  mb-2 card-wrapper\">\n        <a class=\"d-flex flex-fill card-link-warapper m-md-1\" href=\"https:\/\/semmelweis.hu\/dolgozoivizsgalat\/semmelweis-study-bemutatasa\/fontos-informaciok\/genetikai-vizsgalat-tajekoztato\/\">\n            <div class=\"card border border-secondary se-border flex-fill\">\n                <div class=\"row no-gutters mx-0 d-flex flex-nowrap flex-md-wrap align-items-center\">\n                    <div class =\"  col-5 col-md-12  d-none  d-md-none d-md-none  bg-image  card-image justify-content-center\">\n                        <img class='wp-post-image img-fluid landscape' src='https:\/\/semmelweis.hu\/dolgozoivizsgalat\/wp-content\/themes\/se18\/dist\/images\/svg\/bg-image.svg' \/>\n                    <\/div>\n                    <div class=\"card-body  col flex-column  col-md-12 p-0\">\n                        <div class=\"line-clamp-box p-3\">\n                            <h5 class=\"ml-0 ml-sm-1 mt-2 align-items-center\"  >Genetikai vizsg\u00e1lat T\u00e1j\u00e9koztat\u00f3<\/h5>\n                        <\/div>\n                        \n                    <\/div>\n                <\/div>\n\n            <\/div>\n        <\/a>\n    <\/div>    <div class =\"col  mb-2 card-wrapper\">\n        <a class=\"d-flex flex-fill card-link-warapper m-md-1\" href=\"https:\/\/semmelweis.hu\/dolgozoivizsgalat\/semmelweis-study-bemutatasa\/fontos-informaciok\/hozzajarulo-nyilatkozat-kerdoiv\/\">\n            <div class=\"card border border-secondary se-border flex-fill\">\n                <div class=\"row no-gutters mx-0 d-flex flex-nowrap flex-md-wrap align-items-center\">\n                    <div class =\"  col-5 col-md-12  d-none  d-md-none d-md-none  bg-image  card-image justify-content-center\">\n                        <img class='wp-post-image img-fluid landscape' src='https:\/\/semmelweis.hu\/dolgozoivizsgalat\/wp-content\/themes\/se18\/dist\/images\/svg\/bg-image.svg' \/>\n                    <\/div>\n                    <div class=\"card-body  col flex-column  col-md-12 p-0\">\n                        <div class=\"line-clamp-box p-3\">\n                            <h5 class=\"ml-0 ml-sm-1 mt-2 align-items-center\"  >Hozz\u00e1j\u00e1rul\u00f3 Nyilatkozat  - K\u00e9rd\u0151\u00edv<\/h5>\n                        <\/div>\n                        \n                    <\/div>\n                <\/div>\n\n            <\/div>\n        <\/a>\n    <\/div>    <div class =\"col  mb-2 card-wrapper\">\n        <a class=\"d-flex flex-fill card-link-warapper m-md-1\" href=\"https:\/\/semmelweis.hu\/dolgozoivizsgalat\/semmelweis-study-bemutatasa\/fontos-informaciok\/hozzajarulo-nyilatkozat-biobank\/\">\n            <div class=\"card border border-secondary se-border flex-fill\">\n                <div class=\"row no-gutters mx-0 d-flex flex-nowrap flex-md-wrap align-items-center\">\n                    <div class =\"  col-5 col-md-12  d-none  d-md-none d-md-none  bg-image  card-image justify-content-center\">\n                        <img class='wp-post-image img-fluid landscape' src='https:\/\/semmelweis.hu\/dolgozoivizsgalat\/wp-content\/themes\/se18\/dist\/images\/svg\/bg-image.svg' \/>\n                    <\/div>\n                    <div class=\"card-body  col flex-column  col-md-12 p-0\">\n                        <div class=\"line-clamp-box p-3\">\n                            <h5 class=\"ml-0 ml-sm-1 mt-2 align-items-center\"  >Hozz\u00e1j\u00e1rul\u00f3 Nyilatkozat - Biobank<\/h5>\n                        <\/div>\n                        \n                    <\/div>\n                <\/div>\n\n            <\/div>\n        <\/a>\n    <\/div>    <div class =\"col  mb-2 card-wrapper\">\n        <a class=\"d-flex flex-fill card-link-warapper m-md-1\" href=\"https:\/\/semmelweis.hu\/dolgozoivizsgalat\/semmelweis-study-bemutatasa\/fontos-informaciok\/hozzajarulo-nyilatkozat-genetikai-vizsgalat\/\">\n            <div class=\"card border border-secondary se-border flex-fill\">\n                <div class=\"row no-gutters mx-0 d-flex flex-nowrap flex-md-wrap align-items-center\">\n                    <div class =\"  col-5 col-md-12  d-none  d-md-none d-md-none  bg-image  card-image justify-content-center\">\n                        <img class='wp-post-image img-fluid landscape' src='https:\/\/semmelweis.hu\/dolgozoivizsgalat\/wp-content\/themes\/se18\/dist\/images\/svg\/bg-image.svg' \/>\n                    <\/div>\n                    <div class=\"card-body  col flex-column  col-md-12 p-0\">\n                        <div class=\"line-clamp-box p-3\">\n                            <h5 class=\"ml-0 ml-sm-1 mt-2 align-items-center\"  >Hozz\u00e1j\u00e1rul\u00f3 Nyilatkozat - Genetikai vizsg\u00e1lat<\/h5>\n                        <\/div>\n                        \n                    <\/div>\n                <\/div>\n\n            <\/div>\n        <\/a>\n    <\/div>    <div class =\"col  mb-2 card-wrapper\">\n        <a class=\"d-flex flex-fill card-link-warapper m-md-1\" href=\"https:\/\/semmelweis.hu\/dolgozoivizsgalat\/semmelweis-study-bemutatasa\/fontos-informaciok\/hozzajarulo-nyilatkozat-human-vizsgalatok\/\">\n            <div class=\"card border border-secondary se-border flex-fill\">\n                <div class=\"row no-gutters mx-0 d-flex flex-nowrap flex-md-wrap align-items-center\">\n                    <div class =\"  col-5 col-md-12  d-none  d-md-none d-md-none  bg-image  card-image justify-content-center\">\n                        <img class='wp-post-image img-fluid landscape' src='https:\/\/semmelweis.hu\/dolgozoivizsgalat\/wp-content\/themes\/se18\/dist\/images\/svg\/bg-image.svg' \/>\n                    <\/div>\n                    <div class=\"card-body  col flex-column  col-md-12 p-0\">\n                        <div class=\"line-clamp-box p-3\">\n                            <h5 class=\"ml-0 ml-sm-1 mt-2 align-items-center\"  >Hozz\u00e1j\u00e1rul\u00f3 Nyilatkozat - M\u0171szeres vizsg\u00e1latok<\/h5>\n                        <\/div>\n                        \n                    <\/div>\n                <\/div>\n\n            <\/div>\n        <\/a>\n    <\/div>    <div class =\"col  mb-2 card-wrapper\">\n        <a class=\"d-flex flex-fill card-link-warapper m-md-1\" href=\"https:\/\/semmelweis.hu\/dolgozoivizsgalat\/semmelweis-study-bemutatasa\/fontos-informaciok\/informacios-level-vizsgalatban-resztvevoknek\/\">\n            <div class=\"card border border-secondary se-border flex-fill\">\n                <div class=\"row no-gutters mx-0 d-flex flex-nowrap flex-md-wrap align-items-center\">\n                    <div class =\"  col-5 col-md-12  d-none  d-md-none d-md-none  bg-image  card-image justify-content-center\">\n                        <img class='wp-post-image img-fluid landscape' src='https:\/\/semmelweis.hu\/dolgozoivizsgalat\/wp-content\/themes\/se18\/dist\/images\/svg\/bg-image.svg' \/>\n                    <\/div>\n                    <div class=\"card-body  col flex-column  col-md-12 p-0\">\n                        <div class=\"line-clamp-box p-3\">\n                            <h5 class=\"ml-0 ml-sm-1 mt-2 align-items-center\"  >Inform\u00e1ci\u00f3s lev\u00e9l a vizsg\u00e1latokra val\u00f3 felk\u00e9sz\u00fcl\u00e9shez<\/h5>\n                        <\/div>\n                        \n                    <\/div>\n                <\/div>\n\n            <\/div>\n        <\/a>\n    <\/div>    <div class =\"col  mb-2 card-wrapper\">\n        <a class=\"d-flex flex-fill card-link-warapper m-md-1\" href=\"https:\/\/semmelweis.hu\/dolgozoivizsgalat\/semmelweis-study-bemutatasa\/fontos-informaciok\/reszletes-tajekoztato-level\/\">\n            <div class=\"card border border-secondary se-border flex-fill\">\n                <div class=\"row no-gutters mx-0 d-flex flex-nowrap flex-md-wrap align-items-center\">\n                    <div class =\"  col-5 col-md-12  d-none  d-md-none d-md-none  bg-image  card-image justify-content-center\">\n                        <img class='wp-post-image img-fluid landscape' src='https:\/\/semmelweis.hu\/dolgozoivizsgalat\/wp-content\/themes\/se18\/dist\/images\/svg\/bg-image.svg' \/>\n                    <\/div>\n                    <div class=\"card-body  col flex-column  col-md-12 p-0\">\n                        <div class=\"line-clamp-box p-3\">\n                            <h5 class=\"ml-0 ml-sm-1 mt-2 align-items-center\"  >R\u00e9szletes T\u00e1j\u00e9koztat\u00f3 lev\u00e9l<\/h5>\n                        <\/div>\n                        \n                    <\/div>\n                <\/div>\n\n            <\/div>\n        <\/a>\n    <\/div>        <\/div>\n    <\/section>\n","protected":false},"excerpt":{"rendered":"<p>A Semmelweis Study egyed\u00fcl\u00e1ll\u00f3 kezdem\u00e9nyez\u00e9s haz\u00e1nkban. A kutat\u00e1s Semmelweis Egyetem dolgoz\u00f3i k\u00f6r\u00e9ben zajlik, t\u00f6bb \u00e9ven kereszt\u00fcl. A kutat\u00e1s az eg\u00e9szs\u00e9gi \u00e1llapotot, a megbeteged\u00e9seket \u00e9s az azt meghat\u00e1roz\u00f3 t\u00e9nyez\u0151k sz\u00e9les k\u00f6r\u00e9nek \u00f6sszef\u00fcgg\u00e9seit vizsg\u00e1lja. A kutat\u00e1s c\u00e9lcsoportja a 25 \u00e9vn\u00e9l id\u0151sebb egyetemi dolgoz\u00f3k. A r\u00e9szv\u00e9tel teljesen \u00f6nk\u00e9ntes, \u00e9s egy\u00e9ni \u00e9s t\u00e1rsadalmi szinten egyar\u00e1nt hasznos.\u00a0 A kutat\u00e1s kiindul\u00e1si &hellip;<\/p>\n","protected":false},"author":102104,"featured_media":0,"parent":5,"menu_order":0,"comment_status":"closed","ping_status":"closed","template":"","meta":{"_acf_changed":false,"footnotes":""},"categories":[],"tags":[],"class_list":["post-66","page","type-page","status-publish","hentry"],"acf":[],"_links":{"self":[{"href":"https:\/\/semmelweis.hu\/dolgozoivizsgalat\/wp-json\/wp\/v2\/pages\/66","targetHints":{"allow":["GET"]}}],"collection":[{"href":"https:\/\/semmelweis.hu\/dolgozoivizsgalat\/wp-json\/wp\/v2\/pages"}],"about":[{"href":"https:\/\/semmelweis.hu\/dolgozoivizsgalat\/wp-json\/wp\/v2\/types\/page"}],"author":[{"embeddable":true,"href":"https:\/\/semmelweis.hu\/dolgozoivizsgalat\/wp-json\/wp\/v2\/users\/102104"}],"replies":[{"embeddable":true,"href":"https:\/\/semmelweis.hu\/dolgozoivizsgalat\/wp-json\/wp\/v2\/comments?post=66"}],"version-history":[{"count":10,"href":"https:\/\/semmelweis.hu\/dolgozoivizsgalat\/wp-json\/wp\/v2\/pages\/66\/revisions"}],"predecessor-version":[{"id":796,"href":"https:\/\/semmelweis.hu\/dolgozoivizsgalat\/wp-json\/wp\/v2\/pages\/66\/revisions\/796"}],"up":[{"embeddable":true,"href":"https:\/\/semmelweis.hu\/dolgozoivizsgalat\/wp-json\/wp\/v2\/pages\/5"}],"wp:attachment":[{"href":"https:\/\/semmelweis.hu\/dolgozoivizsgalat\/wp-json\/wp\/v2\/media?parent=66"}],"wp:term":[{"taxonomy":"category","embeddable":true,"href":"https:\/\/semmelweis.hu\/dolgozoivizsgalat\/wp-json\/wp\/v2\/categories?post=66"},{"taxonomy":"post_tag","embeddable":true,"href":"https:\/\/semmelweis.hu\/dolgozoivizsgalat\/wp-json\/wp\/v2\/tags?post=66"}],"curies":[{"name":"wp","href":"https:\/\/api.w.org\/{rel}","templated":true}]}}