{"id":601,"date":"2024-04-25T12:53:48","date_gmt":"2024-04-25T10:53:48","guid":{"rendered":"https:\/\/semmelweis.hu\/dolgozoivizsgalat\/?page_id=601"},"modified":"2025-12-15T15:55:13","modified_gmt":"2025-12-15T14:55:13","slug":"nemzetkozi-tanacsado-testulet","status":"publish","type":"page","link":"https:\/\/semmelweis.hu\/dolgozoivizsgalat\/semmelweis-study-bemutatasa\/munkatarsak\/nemzetkozi-tanacsado-testulet\/","title":{"rendered":"Nemzetk\u00f6zi Tan\u00e1csad\u00f3 Test\u00fclet"},"content":{"rendered":"<h3><span style=\"font-size: 12pt;\"><img loading=\"lazy\" decoding=\"async\" class=\"wp-image-611 alignleft\" src=\"https:\/\/semmelweis.hu\/dolgozoivizsgalat\/files\/2024\/04\/Mika-Kivimaki.jpg\" alt=\"\" width=\"193\" height=\"131\" \/><\/span>Prof. Dr. Mika Kivimaki<\/h3>\n<h6>(University College London)<\/h6>\n<h6>Whitehall Study Kutat\u00e1svezet\u0151<\/h6>\n<hr \/>\n<h5><span style=\"font-size: 12pt;\"><img loading=\"lazy\" decoding=\"async\" class=\"wp-image-612 alignleft\" src=\"https:\/\/semmelweis.hu\/dolgozoivizsgalat\/files\/2024\/04\/Andre-Maier.jpg\" alt=\"\" width=\"175\" height=\"175\" srcset=\"https:\/\/semmelweis.hu\/dolgozoivizsgalat\/files\/2024\/04\/Andre-Maier.jpg 238w, https:\/\/semmelweis.hu\/dolgozoivizsgalat\/files\/2024\/04\/Andre-Maier-150x150.jpg 150w\" sizes=\"auto, (max-width: 175px) 100vw, 175px\" \/><\/span><\/h5>\n<h3>Prof. Dr. Andrea Maier<\/h3>\n<h6>(National University of Singapore)<\/h6>\n<hr \/>\n<h5><img loading=\"lazy\" decoding=\"async\" class=\"alignleft\" src=\"https:\/\/semmelweis.hu\/dolgozoivizsgalat\/files\/2024\/04\/Daniel-Belsky.jpg\" alt=\"\" width=\"176\" height=\"156\" \/><\/h5>\n<h3>Dr. PhD. Daniel W. Belsky<\/h3>\n<h6>(Columbia University)<\/h6>\n<hr \/>\n<h5><img loading=\"lazy\" decoding=\"async\" class=\"alignleft\" src=\"https:\/\/semmelweis.hu\/dolgozoivizsgalat\/files\/2024\/04\/Piroska-Ostlin.jpg\" alt=\"\" width=\"165\" height=\"196\" \/><\/h5>\n<h3>Dr. Piroska \u00d6stlin<\/h3>\n<h6>(Karolinska Institutet)<\/h6>\n<hr \/>\n<h5><img loading=\"lazy\" decoding=\"async\" class=\"alignleft\" src=\"https:\/\/semmelweis.hu\/dolgozoivizsgalat\/files\/2024\/04\/Yongjie-Yon-400x400.jpg\" alt=\"\" width=\"169\" height=\"169\" \/><\/h5>\n<h3>PhD. Yongjie Yon<\/h3>\n<h6>(World Health Organization)<\/h6>\n<hr \/>\n<h5><img loading=\"lazy\" decoding=\"async\" class=\"alignleft\" src=\"https:\/\/semmelweis.hu\/dolgozoivizsgalat\/files\/2024\/04\/Anna-Csiszar.jpg\" alt=\"\" width=\"159\" height=\"186\" \/><\/h5>\n<h3>Dr. PhD. Csisz\u00e1r Anna<\/h3>\n<h6>(University of Oklahoma)<\/h6>\n<hr \/>\n<h5><img loading=\"lazy\" decoding=\"async\" class=\"alignleft\" src=\"https:\/\/semmelweis.hu\/dolgozoivizsgalat\/files\/2024\/04\/Yabluchanskiy.jpg\" alt=\"\" width=\"141\" height=\"165\" \/><\/h5>\n<h3>Dr. PhD. Andriy Yabluchanskiy<\/h3>\n<h6>(University of Oklahoma)<\/h6>\n","protected":false},"excerpt":{"rendered":"<p>Prof. Dr. Mika Kivimaki<br \/>\n(University College London)<br \/>\nWhitehall Study Kutat\u00e1svezet\u0151<\/p>\n<p>Prof. Dr. Andrea Maier<br \/>\n(National University of Singapore)<\/p>\n<p>Dr. PhD. Daniel W. Belsky<br \/>\n(Columbia University)<\/p>\n<p>Dr. Piroska \u00d6stlin<br \/>\n(Karolinska Institutet)<\/p>\n<p>PhD. Yongjie Yon<br \/>\n(World Health Organization)<\/p>\n<p>Dr. PhD. Csisz\u00e1r Anna<br \/>\n(University of Oklahoma)<\/p>\n<p>Dr. PhD. Andriy Yabluchanskiy<br \/>\n(University of Oklahoma)<\/p>\n","protected":false},"author":102104,"featured_media":0,"parent":41,"menu_order":0,"comment_status":"closed","ping_status":"closed","template":"","meta":{"_acf_changed":false,"footnotes":""},"categories":[],"tags":[],"class_list":["post-601","page","type-page","status-publish","hentry"],"acf":[],"_links":{"self":[{"href":"https:\/\/semmelweis.hu\/dolgozoivizsgalat\/wp-json\/wp\/v2\/pages\/601","targetHints":{"allow":["GET"]}}],"collection":[{"href":"https:\/\/semmelweis.hu\/dolgozoivizsgalat\/wp-json\/wp\/v2\/pages"}],"about":[{"href":"https:\/\/semmelweis.hu\/dolgozoivizsgalat\/wp-json\/wp\/v2\/types\/page"}],"author":[{"embeddable":true,"href":"https:\/\/semmelweis.hu\/dolgozoivizsgalat\/wp-json\/wp\/v2\/users\/102104"}],"replies":[{"embeddable":true,"href":"https:\/\/semmelweis.hu\/dolgozoivizsgalat\/wp-json\/wp\/v2\/comments?post=601"}],"version-history":[{"count":7,"href":"https:\/\/semmelweis.hu\/dolgozoivizsgalat\/wp-json\/wp\/v2\/pages\/601\/revisions"}],"predecessor-version":[{"id":830,"href":"https:\/\/semmelweis.hu\/dolgozoivizsgalat\/wp-json\/wp\/v2\/pages\/601\/revisions\/830"}],"up":[{"embeddable":true,"href":"https:\/\/semmelweis.hu\/dolgozoivizsgalat\/wp-json\/wp\/v2\/pages\/41"}],"wp:attachment":[{"href":"https:\/\/semmelweis.hu\/dolgozoivizsgalat\/wp-json\/wp\/v2\/media?parent=601"}],"wp:term":[{"taxonomy":"category","embeddable":true,"href":"https:\/\/semmelweis.hu\/dolgozoivizsgalat\/wp-json\/wp\/v2\/categories?post=601"},{"taxonomy":"post_tag","embeddable":true,"href":"https:\/\/semmelweis.hu\/dolgozoivizsgalat\/wp-json\/wp\/v2\/tags?post=601"}],"curies":[{"name":"wp","href":"https:\/\/api.w.org\/{rel}","templated":true}]}}