{"id":599,"date":"2024-04-25T12:53:13","date_gmt":"2024-04-25T10:53:13","guid":{"rendered":"https:\/\/semmelweis.hu\/dolgozoivizsgalat\/?page_id=599"},"modified":"2026-04-21T11:23:20","modified_gmt":"2026-04-21T09:23:20","slug":"kutatas-megvalositasban-resztvevok","status":"publish","type":"page","link":"https:\/\/semmelweis.hu\/dolgozoivizsgalat\/semmelweis-study-bemutatasa\/munkatarsak\/kutatas-megvalositasban-resztvevok\/","title":{"rendered":"Kutat\u00e1s megval\u00f3s\u00edt\u00e1sban r\u00e9sztvev\u0151k"},"content":{"rendered":"<p>&nbsp;<\/p>\n<p>\u00a0 \u00a0 \u00a0 \u00a0 \u00a0 \u00a0 \u00a0 <strong>\u00a0Oszl\u00e1r Julianna\u00a0 \u00a0 \u00a0 \u00a0 \u00a0 \u00a0 \u00a0 \u00a0 \u00a0 \u00a0 \u00a0 \u00a0 \u00a0 \u00a0T\u00f3th Mel\u00e1nia<\/strong><\/p>\n<p>\u00a0 \u00a0 \u00a0 \u00a0 \u00a0<img loading=\"lazy\" decoding=\"async\" class=\"alignnone  wp-image-875\" src=\"https:\/\/semmelweis.hu\/dolgozoivizsgalat\/files\/2026\/04\/Oszlar-Julanna-300x400.jpg\" alt=\"\" width=\"160\" height=\"213\" srcset=\"https:\/\/semmelweis.hu\/dolgozoivizsgalat\/files\/2026\/04\/Oszlar-Julanna-300x400.jpg 300w, https:\/\/semmelweis.hu\/dolgozoivizsgalat\/files\/2026\/04\/Oszlar-Julanna-768x1024.jpg 768w, https:\/\/semmelweis.hu\/dolgozoivizsgalat\/files\/2026\/04\/Oszlar-Julanna-1152x1536.jpg 1152w, https:\/\/semmelweis.hu\/dolgozoivizsgalat\/files\/2026\/04\/Oszlar-Julanna-753x1004.jpg 753w, https:\/\/semmelweis.hu\/dolgozoivizsgalat\/files\/2026\/04\/Oszlar-Julanna.jpg 1536w\" sizes=\"auto, (max-width: 160px) 100vw, 160px\" \/>\u00a0 \u00a0 \u00a0 \u00a0 \u00a0 \u00a0 \u00a0 \u00a0 <img loading=\"lazy\" decoding=\"async\" class=\"alignnone  wp-image-876\" src=\"https:\/\/semmelweis.hu\/dolgozoivizsgalat\/files\/2026\/04\/Toth-Melania-300x400.jpg\" alt=\"\" width=\"166\" height=\"222\" srcset=\"https:\/\/semmelweis.hu\/dolgozoivizsgalat\/files\/2026\/04\/Toth-Melania-300x400.jpg 300w, https:\/\/semmelweis.hu\/dolgozoivizsgalat\/files\/2026\/04\/Toth-Melania-768x1024.jpg 768w, https:\/\/semmelweis.hu\/dolgozoivizsgalat\/files\/2026\/04\/Toth-Melania-1152x1536.jpg 1152w, https:\/\/semmelweis.hu\/dolgozoivizsgalat\/files\/2026\/04\/Toth-Melania-753x1004.jpg 753w, https:\/\/semmelweis.hu\/dolgozoivizsgalat\/files\/2026\/04\/Toth-Melania.jpg 1536w\" sizes=\"auto, (max-width: 166px) 100vw, 166px\" \/><\/p>\n<p><span style=\"font-size: 10pt\"><strong>\u00a0 \u00a0 Prof. Dr. Ungv\u00e1ri Zolt\u00e1n\u00a0 \u00a0 \u00a0 \u00a0 Prof. Dr. Tab\u00e1k \u00c1d\u00e1m\u00a0 \u00a0 \u00a0 \u00a0 \u00a0<\/strong><strong>\u00a0 Dr. Cs\u00edp\u0151 Tam\u00e1s\u00a0 \u00a0 \u00a0 \u00a0 \u00a0 \u00a0 \u00a0 \u00a0 \u00a0 \u00a0 Kaposv\u00e1ri Csilla\u00a0 \u00a0 \u00a0\u00a0<\/strong><\/span><\/p>\n<p><img loading=\"lazy\" decoding=\"async\" class=\"alignnone  wp-image-342 alignleft\" src=\"https:\/\/semmelweis.hu\/dolgozoivizsgalat\/files\/2023\/12\/Ungvari-Zoltan-267x400.jpg\" alt=\"\" width=\"130\" height=\"195\" srcset=\"https:\/\/semmelweis.hu\/dolgozoivizsgalat\/files\/2023\/12\/Ungvari-Zoltan-267x400.jpg 267w, https:\/\/semmelweis.hu\/dolgozoivizsgalat\/files\/2023\/12\/Ungvari-Zoltan-683x1024.jpg 683w, https:\/\/semmelweis.hu\/dolgozoivizsgalat\/files\/2023\/12\/Ungvari-Zoltan-768x1152.jpg 768w, https:\/\/semmelweis.hu\/dolgozoivizsgalat\/files\/2023\/12\/Ungvari-Zoltan-1024x1536.jpg 1024w, https:\/\/semmelweis.hu\/dolgozoivizsgalat\/files\/2023\/12\/Ungvari-Zoltan-1365x2048.jpg 1365w, https:\/\/semmelweis.hu\/dolgozoivizsgalat\/files\/2023\/12\/Ungvari-Zoltan-753x1130.jpg 753w, https:\/\/semmelweis.hu\/dolgozoivizsgalat\/files\/2023\/12\/Ungvari-Zoltan-scaled.jpg 1707w\" sizes=\"auto, (max-width: 130px) 100vw, 130px\" \/> <img loading=\"lazy\" decoding=\"async\" class=\"wp-image-181 alignleft\" src=\"https:\/\/semmelweis.hu\/dolgozoivizsgalat\/files\/2023\/10\/Tabak-Adam-267x400.jpg\" alt=\"\" width=\"132\" height=\"198\" srcset=\"https:\/\/semmelweis.hu\/dolgozoivizsgalat\/files\/2023\/10\/Tabak-Adam-267x400.jpg 267w, https:\/\/semmelweis.hu\/dolgozoivizsgalat\/files\/2023\/10\/Tabak-Adam-684x1024.jpg 684w, https:\/\/semmelweis.hu\/dolgozoivizsgalat\/files\/2023\/10\/Tabak-Adam-768x1150.jpg 768w, https:\/\/semmelweis.hu\/dolgozoivizsgalat\/files\/2023\/10\/Tabak-Adam-1025x1536.jpg 1025w, https:\/\/semmelweis.hu\/dolgozoivizsgalat\/files\/2023\/10\/Tabak-Adam-1367x2048.jpg 1367w, https:\/\/semmelweis.hu\/dolgozoivizsgalat\/files\/2023\/10\/Tabak-Adam-753x1128.jpg 753w, https:\/\/semmelweis.hu\/dolgozoivizsgalat\/files\/2023\/10\/Tabak-Adam-scaled.jpg 1709w\" sizes=\"auto, (max-width: 132px) 100vw, 132px\" \/> <img loading=\"lazy\" decoding=\"async\" class=\"wp-image-868 alignleft\" src=\"https:\/\/semmelweis.hu\/dolgozoivizsgalat\/files\/2026\/04\/Csipo-Tamas-351x400.jpg\" alt=\"\" width=\"176\" height=\"200\" srcset=\"https:\/\/semmelweis.hu\/dolgozoivizsgalat\/files\/2026\/04\/Csipo-Tamas-351x400.jpg 351w, https:\/\/semmelweis.hu\/dolgozoivizsgalat\/files\/2026\/04\/Csipo-Tamas-899x1024.jpg 899w, https:\/\/semmelweis.hu\/dolgozoivizsgalat\/files\/2026\/04\/Csipo-Tamas-768x875.jpg 768w, https:\/\/semmelweis.hu\/dolgozoivizsgalat\/files\/2026\/04\/Csipo-Tamas-753x858.jpg 753w, https:\/\/semmelweis.hu\/dolgozoivizsgalat\/files\/2026\/04\/Csipo-Tamas.jpg 918w\" sizes=\"auto, (max-width: 176px) 100vw, 176px\" \/><img loading=\"lazy\" decoding=\"async\" class=\"wp-image-879 alignnone\" src=\"https:\/\/semmelweis.hu\/dolgozoivizsgalat\/files\/2026\/04\/Kaposvari-Csilla-267x400-1.jpg\" alt=\"\" width=\"137\" height=\"205\" \/><\/p>\n<p class=\"x_MsoNormal\" data-olk-copy-source=\"MessageBody\"><strong><span style=\"font-size: 10pt\">\u00a0 \u00a0 \u00a0Prof. Dr. \u00c1d\u00e1ny R\u00f3za\u00a0 \u00a0 \u00a0 \u00a0 \u00a0 \u00a0 \u00a0 Dr. Varga P\u00e9ter\u00a0 \u00a0 \u00a0 \u00a0 \u00a0 \u00a0 \u00a0 \u00a0 \u00a0 Prof. Dr. Vok\u00f3 Zolt\u00e1n\u00a0 \u00a0 \u00a0 \u00a0 \u00a0 \u00a0 \u00a0 \u00a0Prof. Dr. V\u00e1s\u00e1rhelyi Barna\u00a0 \u00a0 \u00a0 <\/span><\/strong><\/p>\n<p class=\"x_MsoNormal\" data-olk-copy-source=\"MessageBody\"><strong><span style=\"font-size: 10pt\">\u00a0<\/span><\/strong><img loading=\"lazy\" decoding=\"async\" class=\"alignnone  wp-image-878\" src=\"https:\/\/semmelweis.hu\/dolgozoivizsgalat\/files\/2026\/04\/Adany-Roza.jpg\" alt=\"\" width=\"133\" height=\"175\" \/> \u00a0<img loading=\"lazy\" decoding=\"async\" class=\"alignnone  wp-image-880\" src=\"https:\/\/semmelweis.hu\/dolgozoivizsgalat\/files\/2026\/04\/Varga-Peter.jpg\" alt=\"\" width=\"136\" height=\"169\" \/> <img loading=\"lazy\" decoding=\"async\" class=\"alignnone  wp-image-636\" src=\"https:\/\/semmelweis.hu\/dolgozoivizsgalat\/files\/2024\/04\/Voko-Zoltan.jpg\" alt=\"\" width=\"161\" height=\"161\" srcset=\"https:\/\/semmelweis.hu\/dolgozoivizsgalat\/files\/2024\/04\/Voko-Zoltan.jpg 200w, https:\/\/semmelweis.hu\/dolgozoivizsgalat\/files\/2024\/04\/Voko-Zoltan-150x150.jpg 150w\" sizes=\"auto, (max-width: 161px) 100vw, 161px\" \/>\u00a0\u00a0<img loading=\"lazy\" decoding=\"async\" class=\"alignnone  wp-image-881\" src=\"https:\/\/semmelweis.hu\/dolgozoivizsgalat\/files\/2026\/04\/Vasarhelyi-Barna.jpg\" alt=\"\" width=\"116\" height=\"175\" \/><\/p>\n<p class=\"x_MsoNormal\" data-olk-copy-source=\"MessageBody\"><strong><span style=\"font-size: 10pt\">Prof. Dr. Purebl Gy\u00f6rgy<\/span><\/strong><\/p>\n<p data-olk-copy-source=\"MessageBody\"><img loading=\"lazy\" decoding=\"async\" class=\"alignnone  wp-image-882\" src=\"https:\/\/semmelweis.hu\/dolgozoivizsgalat\/files\/2026\/04\/Purebl-Gyorgy.jpg\" alt=\"\" width=\"149\" height=\"149\" srcset=\"https:\/\/semmelweis.hu\/dolgozoivizsgalat\/files\/2026\/04\/Purebl-Gyorgy.jpg 200w, https:\/\/semmelweis.hu\/dolgozoivizsgalat\/files\/2026\/04\/Purebl-Gyorgy-150x150.jpg 150w\" sizes=\"auto, (max-width: 149px) 100vw, 149px\" \/>\u00a0<\/p>\n<p data-olk-copy-source=\"MessageBody\"><strong><span style=\"font-size: 10pt\" data-olk-copy-source=\"MessageBody\">\u00a0 Dr. Fazekas Pongor Vince\u00a0 \u00a0 \u00a0Dr. Fekete M\u00f3nika\u00a0 \u00a0 \u00a0 \u00a0 \u00a0 \u00a0 Dr. Cegl\u00e9di Andrea\u00a0 \u00a0 \u00a0 \u00a0 \u00a0 \u00a0 \u00a0 Dr. Major D\u00e1vid\u00a0 \u00a0 \u00a0 \u00a0 \u00a0 \u00a0 \u00a0 \u00a0 \u00a0 \u00a0 \u00a0 \u00a0 \u00a0 \u00a0 \u00a0\u00a0<\/span><\/strong><\/p>\n<p data-olk-copy-source=\"MessageBody\"><img loading=\"lazy\" decoding=\"async\" class=\"wp-image-883 alignleft\" src=\"https:\/\/semmelweis.hu\/dolgozoivizsgalat\/files\/2026\/04\/Vince-ez-a-jo-282x400.jpg\" alt=\"\" width=\"132\" height=\"188\" srcset=\"https:\/\/semmelweis.hu\/dolgozoivizsgalat\/files\/2026\/04\/Vince-ez-a-jo-282x400.jpg 282w, https:\/\/semmelweis.hu\/dolgozoivizsgalat\/files\/2026\/04\/Vince-ez-a-jo-721x1024.jpg 721w, https:\/\/semmelweis.hu\/dolgozoivizsgalat\/files\/2026\/04\/Vince-ez-a-jo-768x1090.jpg 768w, https:\/\/semmelweis.hu\/dolgozoivizsgalat\/files\/2026\/04\/Vince-ez-a-jo-1082x1536.jpg 1082w, https:\/\/semmelweis.hu\/dolgozoivizsgalat\/files\/2026\/04\/Vince-ez-a-jo-753x1069.jpg 753w, https:\/\/semmelweis.hu\/dolgozoivizsgalat\/files\/2026\/04\/Vince-ez-a-jo.jpg 1442w\" sizes=\"auto, (max-width: 132px) 100vw, 132px\" \/>\u00a0 \u00a0\u00a0<img loading=\"lazy\" decoding=\"async\" class=\"wp-image-884 alignleft\" src=\"https:\/\/semmelweis.hu\/dolgozoivizsgalat\/files\/2026\/04\/Dr.-Fekete-Monika-267x400.jpg\" alt=\"\" width=\"123\" height=\"185\" srcset=\"https:\/\/semmelweis.hu\/dolgozoivizsgalat\/files\/2026\/04\/Dr.-Fekete-Monika-267x400.jpg 267w, https:\/\/semmelweis.hu\/dolgozoivizsgalat\/files\/2026\/04\/Dr.-Fekete-Monika.jpg 593w\" sizes=\"auto, (max-width: 123px) 100vw, 123px\" \/>\u00a0 \u00a0 <img loading=\"lazy\" decoding=\"async\" class=\"wp-image-885 alignleft\" src=\"https:\/\/semmelweis.hu\/dolgozoivizsgalat\/files\/2026\/04\/Dr.-Cegledi-Andrea-288x400.jpg\" alt=\"\" width=\"134\" height=\"186\" srcset=\"https:\/\/semmelweis.hu\/dolgozoivizsgalat\/files\/2026\/04\/Dr.-Cegledi-Andrea-288x400.jpg 288w, https:\/\/semmelweis.hu\/dolgozoivizsgalat\/files\/2026\/04\/Dr.-Cegledi-Andrea-736x1024.jpg 736w, https:\/\/semmelweis.hu\/dolgozoivizsgalat\/files\/2026\/04\/Dr.-Cegledi-Andrea-768x1069.jpg 768w, https:\/\/semmelweis.hu\/dolgozoivizsgalat\/files\/2026\/04\/Dr.-Cegledi-Andrea-1104x1536.jpg 1104w, https:\/\/semmelweis.hu\/dolgozoivizsgalat\/files\/2026\/04\/Dr.-Cegledi-Andrea-753x1048.jpg 753w, https:\/\/semmelweis.hu\/dolgozoivizsgalat\/files\/2026\/04\/Dr.-Cegledi-Andrea.jpg 1150w\" sizes=\"auto, (max-width: 134px) 100vw, 134px\" \/>\u00a0 \u00a0 <img loading=\"lazy\" decoding=\"async\" class=\"wp-image-886 alignleft\" src=\"https:\/\/semmelweis.hu\/dolgozoivizsgalat\/files\/2026\/04\/MajorDavid-353x400.jpg\" alt=\"\" width=\"162\" height=\"183\" srcset=\"https:\/\/semmelweis.hu\/dolgozoivizsgalat\/files\/2026\/04\/MajorDavid-353x400.jpg 353w, https:\/\/semmelweis.hu\/dolgozoivizsgalat\/files\/2026\/04\/MajorDavid-768x870.jpg 768w, https:\/\/semmelweis.hu\/dolgozoivizsgalat\/files\/2026\/04\/MajorDavid-753x853.jpg 753w, https:\/\/semmelweis.hu\/dolgozoivizsgalat\/files\/2026\/04\/MajorDavid.jpg 885w\" sizes=\"auto, (max-width: 162px) 100vw, 162px\" \/>\u00a0 \u00a0 \u00a0<\/p>\n<p data-olk-copy-source=\"MessageBody\">\u00a0<\/p>\n<p data-olk-copy-source=\"MessageBody\">\u00a0<\/p>\n<p data-olk-copy-source=\"MessageBody\">\u00a0<\/p>\n<p data-olk-copy-source=\"MessageBody\"><strong><span style=\"font-size: 10pt\">\u00a0 \u00a0 Dr. Lip\u00e9cz \u00c1gnes\u00a0 \u00a0 \u00a0 \u00a0 \u00a0 \u00a0 \u00a0 \u00a0 Dr. Feh\u00e9r \u00c1gnes\u00a0 \u00a0 \u00a0 \u00a0 \u00a0 \u00a0 \u00a0 \u00a0 \u00a0 De. Alliquander Anna\u00a0 \u00a0 \u00a0 \u00a0 \u00a0 \u00a0 \u00a0 \u00a0Dr. P\u00e9terfi Anna<\/span><\/strong><\/p>\n<p data-olk-copy-source=\"MessageBody\"><img loading=\"lazy\" decoding=\"async\" class=\"wp-image-887 alignleft\" src=\"https:\/\/semmelweis.hu\/dolgozoivizsgalat\/files\/2026\/04\/Dr.-Lipecz-Agnes-267x400.jpeg\" alt=\"\" width=\"124\" height=\"185\" srcset=\"https:\/\/semmelweis.hu\/dolgozoivizsgalat\/files\/2026\/04\/Dr.-Lipecz-Agnes-267x400.jpeg 267w, https:\/\/semmelweis.hu\/dolgozoivizsgalat\/files\/2026\/04\/Dr.-Lipecz-Agnes.jpeg 408w\" sizes=\"auto, (max-width: 124px) 100vw, 124px\" \/><\/p>\n<p data-olk-copy-source=\"MessageBody\"><img loading=\"lazy\" decoding=\"async\" class=\"wp-image-349 alignleft\" src=\"https:\/\/semmelweis.hu\/dolgozoivizsgalat\/files\/2023\/12\/Feher-Agnes-267x400.jpg\" alt=\"\" width=\"125\" height=\"188\" srcset=\"https:\/\/semmelweis.hu\/dolgozoivizsgalat\/files\/2023\/12\/Feher-Agnes-267x400.jpg 267w, https:\/\/semmelweis.hu\/dolgozoivizsgalat\/files\/2023\/12\/Feher-Agnes-683x1024.jpg 683w, https:\/\/semmelweis.hu\/dolgozoivizsgalat\/files\/2023\/12\/Feher-Agnes-768x1152.jpg 768w, https:\/\/semmelweis.hu\/dolgozoivizsgalat\/files\/2023\/12\/Feher-Agnes-1024x1536.jpg 1024w, https:\/\/semmelweis.hu\/dolgozoivizsgalat\/files\/2023\/12\/Feher-Agnes-1365x2048.jpg 1365w, https:\/\/semmelweis.hu\/dolgozoivizsgalat\/files\/2023\/12\/Feher-Agnes-753x1130.jpg 753w, https:\/\/semmelweis.hu\/dolgozoivizsgalat\/files\/2023\/12\/Feher-Agnes-scaled.jpg 1707w\" sizes=\"auto, (max-width: 125px) 100vw, 125px\" \/><\/p>\n<p data-olk-copy-source=\"MessageBody\"><img loading=\"lazy\" decoding=\"async\" class=\"wp-image-873 alignleft\" src=\"https:\/\/semmelweis.hu\/dolgozoivizsgalat\/files\/2026\/04\/aanna_semm_study_2026_03_27-306x400.png\" alt=\"\" width=\"144\" height=\"189\" srcset=\"https:\/\/semmelweis.hu\/dolgozoivizsgalat\/files\/2026\/04\/aanna_semm_study_2026_03_27-306x400.png 306w, https:\/\/semmelweis.hu\/dolgozoivizsgalat\/files\/2026\/04\/aanna_semm_study_2026_03_27.png 587w\" sizes=\"auto, (max-width: 144px) 100vw, 144px\" \/><\/p>\n<p data-olk-copy-source=\"MessageBody\"><img loading=\"lazy\" decoding=\"async\" class=\"alignnone  wp-image-872\" src=\"https:\/\/semmelweis.hu\/dolgozoivizsgalat\/files\/2026\/04\/Peterfi-Anna-303x400.jpg\" alt=\"\" width=\"143\" height=\"189\" srcset=\"https:\/\/semmelweis.hu\/dolgozoivizsgalat\/files\/2026\/04\/Peterfi-Anna-303x400.jpg 303w, https:\/\/semmelweis.hu\/dolgozoivizsgalat\/files\/2026\/04\/Peterfi-Anna-777x1024.jpg 777w, https:\/\/semmelweis.hu\/dolgozoivizsgalat\/files\/2026\/04\/Peterfi-Anna-768x1013.jpg 768w, https:\/\/semmelweis.hu\/dolgozoivizsgalat\/files\/2026\/04\/Peterfi-Anna-753x993.jpg 753w, https:\/\/semmelweis.hu\/dolgozoivizsgalat\/files\/2026\/04\/Peterfi-Anna.jpg 876w\" sizes=\"auto, (max-width: 143px) 100vw, 143px\" \/><\/p>\n<p data-olk-copy-source=\"MessageBody\"><strong><span style=\"font-size: 10pt\">\u00a0 \u00a0 \u00a0Dr. T\u00edm\u00e1r T\u00edmea\u00a0 \u00a0 \u00a0 \u00a0 \u00a0 \u00a0 \u00a0 \u00a0 \u00a0 \u00a0Dr. Hung Wei Yi\u00a0 \u00a0 \u00a0 \u00a0 \u00a0 \u00a0 \u00a0Kir\u00e1ly D\u00e1vid<\/span><\/strong><\/p>\n<p><span style=\"font-size: 10pt\"><strong> <img loading=\"lazy\" decoding=\"async\" class=\"wp-image-912 alignleft\" src=\"https:\/\/semmelweis.hu\/dolgozoivizsgalat\/files\/2026\/04\/Timar-Timea-327x400.jpg\" alt=\"\" width=\"137\" height=\"168\" srcset=\"https:\/\/semmelweis.hu\/dolgozoivizsgalat\/files\/2026\/04\/Timar-Timea-327x400.jpg 327w, https:\/\/semmelweis.hu\/dolgozoivizsgalat\/files\/2026\/04\/Timar-Timea-838x1024.jpg 838w, https:\/\/semmelweis.hu\/dolgozoivizsgalat\/files\/2026\/04\/Timar-Timea-768x939.jpg 768w, https:\/\/semmelweis.hu\/dolgozoivizsgalat\/files\/2026\/04\/Timar-Timea-1257x1536.jpg 1257w, https:\/\/semmelweis.hu\/dolgozoivizsgalat\/files\/2026\/04\/Timar-Timea-1676x2048.jpg 1676w, https:\/\/semmelweis.hu\/dolgozoivizsgalat\/files\/2026\/04\/Timar-Timea-753x920.jpg 753w\" sizes=\"auto, (max-width: 137px) 100vw, 137px\" \/><\/strong><\/span>\u00a0 \u00a0<img loading=\"lazy\" decoding=\"async\" class=\"wp-image-890 alignleft\" src=\"https:\/\/semmelweis.hu\/dolgozoivizsgalat\/files\/2026\/04\/HWY-002_kesz-1-300x400.png\" alt=\"\" width=\"134\" height=\"179\" srcset=\"https:\/\/semmelweis.hu\/dolgozoivizsgalat\/files\/2026\/04\/HWY-002_kesz-1-300x400.png 300w, https:\/\/semmelweis.hu\/dolgozoivizsgalat\/files\/2026\/04\/HWY-002_kesz-1-767x1024.png 767w, https:\/\/semmelweis.hu\/dolgozoivizsgalat\/files\/2026\/04\/HWY-002_kesz-1-768x1025.png 768w, https:\/\/semmelweis.hu\/dolgozoivizsgalat\/files\/2026\/04\/HWY-002_kesz-1-753x1005.png 753w, https:\/\/semmelweis.hu\/dolgozoivizsgalat\/files\/2026\/04\/HWY-002_kesz-1.png 959w\" sizes=\"auto, (max-width: 134px) 100vw, 134px\" \/><\/p>\n<p><span style=\"font-size: 10pt\"><strong>\u00a0 \u00a0<\/strong><\/span><\/p>\n<p>&nbsp;<\/p>\n<p>&nbsp;<\/p>\n<p><span style=\"font-size: 10pt\"><strong> \u00a0 <span data-olk-copy-source=\"MessageBody\">Dr. Cs\u00edk Bogl\u00e1rka\u00a0 \u00a0 \u00a0 \u00a0 \u00a0 \u00a0 \u00a0 \u00a0 \u00a0 \u00a0Dr. Susk\u00f3 Eszter\u00a0 \u00a0 \u00a0 \u00a0 \u00a0 \u00a0 \u00a0 \u00a0 \u00a0 \u00a0 \u00a0 \u00a0 \u00a0 \u00a0 Cser \u00c1gnes\u00a0 \u00a0 \u00a0 \u00a0 \u00a0 \u00a0 \u00a0 Horv\u00e1th Kriszti\u00e1n<\/span><\/strong><\/span><\/p>\n<p><img loading=\"lazy\" decoding=\"async\" class=\"alignnone  wp-image-891\" src=\"https:\/\/semmelweis.hu\/dolgozoivizsgalat\/files\/2026\/04\/Csik-Boglarka-300x400.jpg\" alt=\"\" width=\"131\" height=\"175\" srcset=\"https:\/\/semmelweis.hu\/dolgozoivizsgalat\/files\/2026\/04\/Csik-Boglarka-300x400.jpg 300w, https:\/\/semmelweis.hu\/dolgozoivizsgalat\/files\/2026\/04\/Csik-Boglarka-768x1024.jpg 768w, https:\/\/semmelweis.hu\/dolgozoivizsgalat\/files\/2026\/04\/Csik-Boglarka-1152x1536.jpg 1152w, https:\/\/semmelweis.hu\/dolgozoivizsgalat\/files\/2026\/04\/Csik-Boglarka-1536x2048.jpg 1536w, https:\/\/semmelweis.hu\/dolgozoivizsgalat\/files\/2026\/04\/Csik-Boglarka-753x1004.jpg 753w, https:\/\/semmelweis.hu\/dolgozoivizsgalat\/files\/2026\/04\/Csik-Boglarka-scaled.jpg 1920w\" sizes=\"auto, (max-width: 131px) 100vw, 131px\" \/> <img loading=\"lazy\" decoding=\"async\" class=\"alignnone  wp-image-892\" src=\"https:\/\/semmelweis.hu\/dolgozoivizsgalat\/files\/2026\/04\/susko-eszter.jpg\" alt=\"\" width=\"170\" height=\"160\" \/> <img loading=\"lazy\" decoding=\"async\" class=\"alignnone  wp-image-896\" src=\"https:\/\/semmelweis.hu\/dolgozoivizsgalat\/files\/2026\/04\/Cser-Agnes.jpg\" alt=\"\" width=\"126\" height=\"168\" \/>\u00a0 <img loading=\"lazy\" decoding=\"async\" class=\"alignnone  wp-image-895\" src=\"https:\/\/semmelweis.hu\/dolgozoivizsgalat\/files\/2026\/04\/Krisztian-Horvath-301x400.jpg\" alt=\"\" width=\"136\" height=\"181\" srcset=\"https:\/\/semmelweis.hu\/dolgozoivizsgalat\/files\/2026\/04\/Krisztian-Horvath-301x400.jpg 301w, https:\/\/semmelweis.hu\/dolgozoivizsgalat\/files\/2026\/04\/Krisztian-Horvath-769x1024.jpg 769w, https:\/\/semmelweis.hu\/dolgozoivizsgalat\/files\/2026\/04\/Krisztian-Horvath-768x1022.jpg 768w, https:\/\/semmelweis.hu\/dolgozoivizsgalat\/files\/2026\/04\/Krisztian-Horvath-1154x1536.jpg 1154w, https:\/\/semmelweis.hu\/dolgozoivizsgalat\/files\/2026\/04\/Krisztian-Horvath-1539x2048.jpg 1539w, https:\/\/semmelweis.hu\/dolgozoivizsgalat\/files\/2026\/04\/Krisztian-Horvath-753x1002.jpg 753w, https:\/\/semmelweis.hu\/dolgozoivizsgalat\/files\/2026\/04\/Krisztian-Horvath-scaled.jpg 1923w\" sizes=\"auto, (max-width: 136px) 100vw, 136px\" \/><\/p>\n<p><span style=\"font-size: 10pt\"><strong>\u00a0 \u00a0 Matiscs\u00e1k\u00a0 Attila\u00a0 \u00a0 \u00a0 \u00a0 \u00a0 \u00a0 \u00a0 \u00a0 \u00a0 \u00a0 \u00a0 <span data-olk-copy-source=\"MessageBody\">Dr. \u00c9li\u00e1s Anna J\u00falia\u00a0 \u00a0 \u00a0 \u00a0 \u00a0 \u00a0 \u00a0 \u00a0 \u00a0 T\u00f3th Jova Erzs\u00e9bet\u00a0 \u00a0 \u00a0 \u00a0 \u00a0 \u00a0 \u00a0 <\/span>Dr. Kiss-B\u00e1lv\u00e1nyossy Eszter<\/strong><\/span><\/p>\n<p><img loading=\"lazy\" decoding=\"async\" class=\"alignnone  wp-image-871\" src=\"https:\/\/semmelweis.hu\/dolgozoivizsgalat\/files\/2026\/04\/Matiscsak-Attila.jpg\" alt=\"\" width=\"163\" height=\"193\" \/>\u00a0\u00a0<img loading=\"lazy\" decoding=\"async\" class=\"alignnone  wp-image-893\" src=\"https:\/\/semmelweis.hu\/dolgozoivizsgalat\/files\/2026\/04\/Dr.-Elias-Anna-Julia-267x400.jpg\" alt=\"\" width=\"128\" height=\"192\" srcset=\"https:\/\/semmelweis.hu\/dolgozoivizsgalat\/files\/2026\/04\/Dr.-Elias-Anna-Julia-267x400.jpg 267w, https:\/\/semmelweis.hu\/dolgozoivizsgalat\/files\/2026\/04\/Dr.-Elias-Anna-Julia-683x1024.jpg 683w, https:\/\/semmelweis.hu\/dolgozoivizsgalat\/files\/2026\/04\/Dr.-Elias-Anna-Julia-768x1152.jpg 768w, https:\/\/semmelweis.hu\/dolgozoivizsgalat\/files\/2026\/04\/Dr.-Elias-Anna-Julia-1024x1536.jpg 1024w, https:\/\/semmelweis.hu\/dolgozoivizsgalat\/files\/2026\/04\/Dr.-Elias-Anna-Julia-1365x2048.jpg 1365w, https:\/\/semmelweis.hu\/dolgozoivizsgalat\/files\/2026\/04\/Dr.-Elias-Anna-Julia-753x1130.jpg 753w, https:\/\/semmelweis.hu\/dolgozoivizsgalat\/files\/2026\/04\/Dr.-Elias-Anna-Julia-scaled.jpg 1707w\" sizes=\"auto, (max-width: 128px) 100vw, 128px\" \/>\u00a0 \u00a0<img loading=\"lazy\" decoding=\"async\" class=\"alignnone  wp-image-894\" src=\"https:\/\/semmelweis.hu\/dolgozoivizsgalat\/files\/2026\/04\/Toth-Jova-Erzsebet.jpg\" alt=\"\" width=\"127\" height=\"205\" \/>\u00a0 \u00a0 <img loading=\"lazy\" decoding=\"async\" class=\"alignnone  wp-image-870\" src=\"https:\/\/semmelweis.hu\/dolgozoivizsgalat\/files\/2026\/04\/Kiss-Balvanyossy-Eszter_porte-297x400.jpeg\" alt=\"\" width=\"143\" height=\"193\" srcset=\"https:\/\/semmelweis.hu\/dolgozoivizsgalat\/files\/2026\/04\/Kiss-Balvanyossy-Eszter_porte-297x400.jpeg 297w, https:\/\/semmelweis.hu\/dolgozoivizsgalat\/files\/2026\/04\/Kiss-Balvanyossy-Eszter_porte-760x1024.jpeg 760w, https:\/\/semmelweis.hu\/dolgozoivizsgalat\/files\/2026\/04\/Kiss-Balvanyossy-Eszter_porte-768x1035.jpeg 768w, https:\/\/semmelweis.hu\/dolgozoivizsgalat\/files\/2026\/04\/Kiss-Balvanyossy-Eszter_porte-1140x1536.jpeg 1140w, https:\/\/semmelweis.hu\/dolgozoivizsgalat\/files\/2026\/04\/Kiss-Balvanyossy-Eszter_porte-1520x2048.jpeg 1520w, https:\/\/semmelweis.hu\/dolgozoivizsgalat\/files\/2026\/04\/Kiss-Balvanyossy-Eszter_porte-753x1015.jpeg 753w, https:\/\/semmelweis.hu\/dolgozoivizsgalat\/files\/2026\/04\/Kiss-Balvanyossy-Eszter_porte.jpeg 1640w\" sizes=\"auto, (max-width: 143px) 100vw, 143px\" \/><\/p>\n<p>&nbsp;<\/p>\n<p><span style=\"font-size: 10pt\"><strong>\u00a0 \u00a0<\/strong><\/span> \u00a0<\/p>\n<p>&nbsp;<\/p>\n<p>&nbsp;<\/p>\n","protected":false},"excerpt":{"rendered":"<p>&nbsp; \u00a0 \u00a0 \u00a0 \u00a0 \u00a0 \u00a0 \u00a0 \u00a0Oszl\u00e1r Julianna\u00a0 \u00a0 \u00a0 \u00a0 \u00a0 \u00a0 \u00a0 \u00a0 \u00a0 \u00a0 \u00a0 \u00a0 \u00a0 \u00a0T\u00f3th Mel\u00e1nia \u00a0 \u00a0 \u00a0 \u00a0 \u00a0\u00a0 \u00a0 \u00a0 \u00a0 \u00a0 \u00a0 \u00a0 \u00a0 \u00a0 \u00a0 Prof. Dr. Ungv\u00e1ri Zolt\u00e1n\u00a0 \u00a0 \u00a0 \u00a0 Prof. Dr. Tab\u00e1k \u00c1d\u00e1m\u00a0 \u00a0 \u00a0 \u00a0 \u00a0\u00a0 Dr. Cs\u00edp\u0151 &hellip;<\/p>\n","protected":false},"author":102104,"featured_media":0,"parent":41,"menu_order":0,"comment_status":"closed","ping_status":"closed","template":"","meta":{"_acf_changed":false,"footnotes":""},"categories":[],"tags":[],"class_list":["post-599","page","type-page","status-publish","hentry"],"acf":[],"_links":{"self":[{"href":"https:\/\/semmelweis.hu\/dolgozoivizsgalat\/wp-json\/wp\/v2\/pages\/599","targetHints":{"allow":["GET"]}}],"collection":[{"href":"https:\/\/semmelweis.hu\/dolgozoivizsgalat\/wp-json\/wp\/v2\/pages"}],"about":[{"href":"https:\/\/semmelweis.hu\/dolgozoivizsgalat\/wp-json\/wp\/v2\/types\/page"}],"author":[{"embeddable":true,"href":"https:\/\/semmelweis.hu\/dolgozoivizsgalat\/wp-json\/wp\/v2\/users\/102104"}],"replies":[{"embeddable":true,"href":"https:\/\/semmelweis.hu\/dolgozoivizsgalat\/wp-json\/wp\/v2\/comments?post=599"}],"version-history":[{"count":10,"href":"https:\/\/semmelweis.hu\/dolgozoivizsgalat\/wp-json\/wp\/v2\/pages\/599\/revisions"}],"predecessor-version":[{"id":915,"href":"https:\/\/semmelweis.hu\/dolgozoivizsgalat\/wp-json\/wp\/v2\/pages\/599\/revisions\/915"}],"up":[{"embeddable":true,"href":"https:\/\/semmelweis.hu\/dolgozoivizsgalat\/wp-json\/wp\/v2\/pages\/41"}],"wp:attachment":[{"href":"https:\/\/semmelweis.hu\/dolgozoivizsgalat\/wp-json\/wp\/v2\/media?parent=599"}],"wp:term":[{"taxonomy":"category","embeddable":true,"href":"https:\/\/semmelweis.hu\/dolgozoivizsgalat\/wp-json\/wp\/v2\/categories?post=599"},{"taxonomy":"post_tag","embeddable":true,"href":"https:\/\/semmelweis.hu\/dolgozoivizsgalat\/wp-json\/wp\/v2\/tags?post=599"}],"curies":[{"name":"wp","href":"https:\/\/api.w.org\/{rel}","templated":true}]}}