{"id":595,"date":"2024-04-25T12:48:46","date_gmt":"2024-04-25T10:48:46","guid":{"rendered":"https:\/\/semmelweis.hu\/dolgozoivizsgalat\/?page_id=595"},"modified":"2026-04-20T09:19:21","modified_gmt":"2026-04-20T07:19:21","slug":"szakmai-iranyitas-es-strategiai-donteshozatal","status":"publish","type":"page","link":"https:\/\/semmelweis.hu\/dolgozoivizsgalat\/semmelweis-study-bemutatasa\/munkatarsak\/szakmai-iranyitas-es-strategiai-donteshozatal\/","title":{"rendered":"Szakmai ir\u00e1ny\u00edt\u00e1s \u00e9s strat\u00e9giai d\u00f6nt\u00e9shozatal"},"content":{"rendered":"<h3><img loading=\"lazy\" decoding=\"async\" class=\"wp-image-623 alignleft\" src=\"https:\/\/semmelweis.hu\/dolgozoivizsgalat\/files\/2024\/04\/Merkely-Bela.jpg\" alt=\"\" width=\"155\" height=\"227\" \/>Prof. Dr. Merkely B\u00e9la<\/h3>\n<h6>Semmelweis Egyetem, Rektor<\/h6>\n<hr \/>\n<h3><img loading=\"lazy\" decoding=\"async\" class=\"wp-image-342 alignleft\" src=\"https:\/\/semmelweis.hu\/dolgozoivizsgalat\/files\/2023\/12\/Ungvari-Zoltan-267x400.jpg\" alt=\"\" width=\"155\" height=\"232\" srcset=\"https:\/\/semmelweis.hu\/dolgozoivizsgalat\/files\/2023\/12\/Ungvari-Zoltan-267x400.jpg 267w, https:\/\/semmelweis.hu\/dolgozoivizsgalat\/files\/2023\/12\/Ungvari-Zoltan-683x1024.jpg 683w, https:\/\/semmelweis.hu\/dolgozoivizsgalat\/files\/2023\/12\/Ungvari-Zoltan-768x1152.jpg 768w, https:\/\/semmelweis.hu\/dolgozoivizsgalat\/files\/2023\/12\/Ungvari-Zoltan-1024x1536.jpg 1024w, https:\/\/semmelweis.hu\/dolgozoivizsgalat\/files\/2023\/12\/Ungvari-Zoltan-1365x2048.jpg 1365w, https:\/\/semmelweis.hu\/dolgozoivizsgalat\/files\/2023\/12\/Ungvari-Zoltan-753x1130.jpg 753w, https:\/\/semmelweis.hu\/dolgozoivizsgalat\/files\/2023\/12\/Ungvari-Zoltan-scaled.jpg 1707w\" sizes=\"auto, (max-width: 155px) 100vw, 155px\" \/><span style=\"font-size: 14pt\">Prof. Dr. Ungv\u00e1ri Zolt\u00e1n<\/span><\/h3>\n<h6>Megel\u0151z\u0151 Orvostani \u00e9s N\u00e9peg\u00e9szs\u00e9gtani, Int\u00e9zetigazgat\u00f3<\/h6>\n<hr \/>\n<p><img loading=\"lazy\" decoding=\"async\" class=\"wp-image-181 alignleft\" src=\"https:\/\/semmelweis.hu\/dolgozoivizsgalat\/files\/2023\/10\/Tabak-Adam-267x400.jpg\" alt=\"\" width=\"161\" height=\"241\" srcset=\"https:\/\/semmelweis.hu\/dolgozoivizsgalat\/files\/2023\/10\/Tabak-Adam-267x400.jpg 267w, https:\/\/semmelweis.hu\/dolgozoivizsgalat\/files\/2023\/10\/Tabak-Adam-684x1024.jpg 684w, https:\/\/semmelweis.hu\/dolgozoivizsgalat\/files\/2023\/10\/Tabak-Adam-768x1150.jpg 768w, https:\/\/semmelweis.hu\/dolgozoivizsgalat\/files\/2023\/10\/Tabak-Adam-1025x1536.jpg 1025w, https:\/\/semmelweis.hu\/dolgozoivizsgalat\/files\/2023\/10\/Tabak-Adam-1367x2048.jpg 1367w, https:\/\/semmelweis.hu\/dolgozoivizsgalat\/files\/2023\/10\/Tabak-Adam-753x1128.jpg 753w, https:\/\/semmelweis.hu\/dolgozoivizsgalat\/files\/2023\/10\/Tabak-Adam-scaled.jpg 1709w\" sizes=\"auto, (max-width: 161px) 100vw, 161px\" \/><strong>Prof. Dr. Tab\u00e1k \u00c1d\u00e1m<\/strong><\/p>\n<p>Semmelweis Study, Kutat\u00e1svezet\u0151<\/p>\n<hr \/>\n<h3><img loading=\"lazy\" decoding=\"async\" class=\" wp-image-882 alignleft\" src=\"https:\/\/semmelweis.hu\/dolgozoivizsgalat\/files\/2026\/04\/Purebl-Gyorgy.jpg\" alt=\"\" width=\"195\" height=\"195\" srcset=\"https:\/\/semmelweis.hu\/dolgozoivizsgalat\/files\/2026\/04\/Purebl-Gyorgy.jpg 200w, https:\/\/semmelweis.hu\/dolgozoivizsgalat\/files\/2026\/04\/Purebl-Gyorgy-150x150.jpg 150w\" sizes=\"auto, (max-width: 195px) 100vw, 195px\" \/><\/h3>\n<h3>Dr. Purebl Gy\u00f6rgy<\/h3>\n<h6>Magatart\u00e1studom\u00e1ny Int\u00e9zet, Int\u00e9zetigazgat\u00f3<\/h6>\n<h3>\u00a0<\/h3>\n<h6>\u00a0<\/h6>\n<h6>\u00a0<\/h6>\n<h3>\u00a0Dr. Szab\u00f3 Attila<\/h3>\n<h6>\u00a0 \u00a0Klinikai Rektorhelyette<img loading=\"lazy\" decoding=\"async\" class=\" wp-image-900 alignleft\" src=\"https:\/\/semmelweis.hu\/dolgozoivizsgalat\/files\/2026\/04\/Szabo-Attila-272x400.jpg\" alt=\"\" width=\"163\" height=\"240\" srcset=\"https:\/\/semmelweis.hu\/dolgozoivizsgalat\/files\/2026\/04\/Szabo-Attila-272x400.jpg 272w, https:\/\/semmelweis.hu\/dolgozoivizsgalat\/files\/2026\/04\/Szabo-Attila.jpg 612w\" sizes=\"auto, (max-width: 163px) 100vw, 163px\" \/>s<\/h6>\n<hr \/>\n<h3>\u00a0<\/h3>\n<h3><img loading=\"lazy\" decoding=\"async\" class=\" wp-image-901 alignleft\" src=\"https:\/\/semmelweis.hu\/dolgozoivizsgalat\/files\/2026\/04\/Ferdinandy-Peter-266x400.jpg\" alt=\"\" width=\"136\" height=\"205\" srcset=\"https:\/\/semmelweis.hu\/dolgozoivizsgalat\/files\/2026\/04\/Ferdinandy-Peter-266x400.jpg 266w, https:\/\/semmelweis.hu\/dolgozoivizsgalat\/files\/2026\/04\/Ferdinandy-Peter.jpg 499w\" sizes=\"auto, (max-width: 136px) 100vw, 136px\" \/>Dr. Ferdinandy P\u00e9ter<\/h3>\n<h6>Tudom\u00e1nyos \u00e9s Innov\u00e1ci\u00f3s Rektorhelyettes<\/h6>\n<hr \/>\n<h3><img loading=\"lazy\" decoding=\"async\" class=\"wp-image-705 alignleft\" src=\"https:\/\/semmelweis.hu\/dolgozoivizsgalat\/files\/2024\/09\/Nyirady-Peter.jpg\" alt=\"\" width=\"155\" height=\"233\" \/>Dr. Nyir\u00e1dy P\u00e9ter<\/h3>\n<h6>\u00c1ltal\u00e1nos Orvostudom\u00e1nyi Kar, D\u00e9k\u00e1n<\/h6>\n<hr \/>\n<h3><img loading=\"lazy\" decoding=\"async\" class=\"wp-image-628 alignleft\" src=\"https:\/\/semmelweis.hu\/dolgozoivizsgalat\/files\/2024\/04\/Dornyei-Gabriella.jpeg\" alt=\"\" width=\"155\" height=\"219\" \/>Bedn\u00e1rikn\u00e9 Dr. D\u00f6rnyei Gabriella<\/h3>\n<h6>Eg\u00e9szs\u00e9gtudom\u00e1nyi Kar,\u00a0 D\u00e9k\u00e1n<\/h6>\n<hr \/>\n<h3><img loading=\"lazy\" decoding=\"async\" class=\"wp-image-629 alignleft\" src=\"https:\/\/semmelweis.hu\/dolgozoivizsgalat\/files\/2024\/04\/Benyo-Zoltan.jpg\" alt=\"\" width=\"155\" height=\"221\" \/>Dr. Beny\u00f3 Zolt\u00e1n<\/h3>\n<h6>Doktori Tan\u00e1cs, Eln\u00f6k<\/h6>\n<hr \/>\n<h3><img loading=\"lazy\" decoding=\"async\" class=\"alignleft wp-image-630\" src=\"https:\/\/semmelweis.hu\/dolgozoivizsgalat\/files\/2024\/04\/Moizs-Mariann-246x400.jpg\" alt=\"\" width=\"154\" height=\"251\" \/>Dr. Moizs Mariann<\/h3>\n<h6>Szakmai F\u0151tan\u00e1csad\u00f3<\/h6>\n","protected":false},"excerpt":{"rendered":"<p>Prof. Dr. Merkely B\u00e9la Semmelweis Egyetem, Rektor Prof. Dr. Ungv\u00e1ri Zolt\u00e1n Megel\u0151z\u0151 Orvostani \u00e9s N\u00e9peg\u00e9szs\u00e9gtani, Int\u00e9zetigazgat\u00f3 Prof. Dr. Tab\u00e1k \u00c1d\u00e1m Semmelweis Study, Kutat\u00e1svezet\u0151 Dr. Purebl Gy\u00f6rgy Magatart\u00e1studom\u00e1ny Int\u00e9zet, Int\u00e9zetigazgat\u00f3 \u00a0 \u00a0 \u00a0 \u00a0Dr. Szab\u00f3 Attila \u00a0 \u00a0Klinikai Rektorhelyettes \u00a0 Dr. Ferdinandy P\u00e9ter Tudom\u00e1nyos \u00e9s Innov\u00e1ci\u00f3s Rektorhelyettes Dr. Nyir\u00e1dy P\u00e9ter \u00c1ltal\u00e1nos Orvostudom\u00e1nyi Kar, D\u00e9k\u00e1n Bedn\u00e1rikn\u00e9 Dr. &hellip;<\/p>\n","protected":false},"author":102104,"featured_media":0,"parent":41,"menu_order":0,"comment_status":"closed","ping_status":"closed","template":"","meta":{"_acf_changed":false,"footnotes":""},"categories":[],"tags":[],"class_list":["post-595","page","type-page","status-publish","hentry"],"acf":[],"_links":{"self":[{"href":"https:\/\/semmelweis.hu\/dolgozoivizsgalat\/wp-json\/wp\/v2\/pages\/595","targetHints":{"allow":["GET"]}}],"collection":[{"href":"https:\/\/semmelweis.hu\/dolgozoivizsgalat\/wp-json\/wp\/v2\/pages"}],"about":[{"href":"https:\/\/semmelweis.hu\/dolgozoivizsgalat\/wp-json\/wp\/v2\/types\/page"}],"author":[{"embeddable":true,"href":"https:\/\/semmelweis.hu\/dolgozoivizsgalat\/wp-json\/wp\/v2\/users\/102104"}],"replies":[{"embeddable":true,"href":"https:\/\/semmelweis.hu\/dolgozoivizsgalat\/wp-json\/wp\/v2\/comments?post=595"}],"version-history":[{"count":9,"href":"https:\/\/semmelweis.hu\/dolgozoivizsgalat\/wp-json\/wp\/v2\/pages\/595\/revisions"}],"predecessor-version":[{"id":902,"href":"https:\/\/semmelweis.hu\/dolgozoivizsgalat\/wp-json\/wp\/v2\/pages\/595\/revisions\/902"}],"up":[{"embeddable":true,"href":"https:\/\/semmelweis.hu\/dolgozoivizsgalat\/wp-json\/wp\/v2\/pages\/41"}],"wp:attachment":[{"href":"https:\/\/semmelweis.hu\/dolgozoivizsgalat\/wp-json\/wp\/v2\/media?parent=595"}],"wp:term":[{"taxonomy":"category","embeddable":true,"href":"https:\/\/semmelweis.hu\/dolgozoivizsgalat\/wp-json\/wp\/v2\/categories?post=595"},{"taxonomy":"post_tag","embeddable":true,"href":"https:\/\/semmelweis.hu\/dolgozoivizsgalat\/wp-json\/wp\/v2\/tags?post=595"}],"curies":[{"name":"wp","href":"https:\/\/api.w.org\/{rel}","templated":true}]}}