{"id":59,"date":"2022-09-12T19:53:40","date_gmt":"2022-09-12T17:53:40","guid":{"rendered":"https:\/\/semmelweis.hu\/dolgozoivizsgalat\/?page_id=59"},"modified":"2024-03-01T16:48:59","modified_gmt":"2024-03-01T15:48:59","slug":"statikus-szemfenek-vizsgalat","status":"publish","type":"page","link":"https:\/\/semmelweis.hu\/dolgozoivizsgalat\/vizsgalatok\/statikus-szemfenek-vizsgalat\/","title":{"rendered":"Szemfen\u00e9ki \u00e9rrendszer vizsg\u00e1lat"},"content":{"rendered":"<h4><b><span data-contrast=\"none\">Mi\u00e9rt v\u00e9gz\u00fcnk ilyen vizsg\u00e1latot?<\/span><\/b><span data-ccp-props=\"{&quot;201341983&quot;:0,&quot;335559739&quot;:160,&quot;335559740&quot;:259}\">\u00a0<\/span><\/h4>\n<p>A vizsg\u00e1lat c\u00e9lja a retina \u00e9rh\u00e1l\u00f3zat\u00e1nak vizsg\u00e1lata, egy a retin\u00e1r\u00f3l k\u00e9sz\u00edtett f\u00e9nyk\u00e9p seg\u00edts\u00e9g\u00e9vel, a f\u00e9nyk\u00e9p k\u00e9sz\u00edt\u00e9s\u00e9hez a pupill\u00e1k t\u00e1g\u00edt\u00e1sa nem sz\u00fcks\u00e9ges, idegen test nem ker\u00fcl a szembe. A vizsg\u00e1latb\u00f3l kiz\u00e1r\u00e1st jelent\u0151 \u00e1llapot nincs.\u00a0<\/p>\n<h4><b><span data-contrast=\"none\">Mire sz\u00e1m\u00edtson a vizsg\u00e1lat sor\u00e1n?<\/span><\/b><span data-ccp-props=\"{&quot;201341983&quot;:0,&quot;335559739&quot;:160,&quot;335559740&quot;:259}\">\u00a0<\/span><\/h4>\n<p>Els\u00f6t\u00e9t\u00edtett szob\u00e1ban zajlik a vizsg\u00e1lat, \u00fcl\u0151 helyzetben. A vizsg\u00e1lat sor\u00e1n a fejet egy a homlok \u00e9s j\u00e1romcsontoknak megfelel\u0151 felfekv\u00e9se fel\u00fclet\u0171 keretbe kell helyezni, az ehhez sz\u00fcks\u00e9ges k\u00e9nyelmes \u00fcl\u0151magass\u00e1g el\u00e9r\u00e9s\u00e9hez mind az asztal mind a vizsg\u00e1lati sz\u00e9k \u00e1ll\u00edthat\u00f3 magass\u00e1g\u00fa. A vizsg\u00e1latot v\u00e9gz\u0151 szem\u00e9ly fel\u00e9 tudja jelezni, ha valamely magass\u00e1g m\u00f3dos\u00edt\u00e1s\u00e1t szeretn\u00e9. A fej keretben t\u00f6rt\u00e9n\u0151 beigaz\u00edt\u00e1s\u00e1t a vizsg\u00e1latot v\u00e9gz\u0151 szem\u00e9lyutas\u00edt\u00e1ssal jav\u00edthatja. Megk\u00e9rve a vizsg\u00e1lati szem\u00e9lyt a fej kiss\u00e9 fel vagy lefel\u00e9 mozgat\u00e1s\u00e1ra. A vizsg\u00e1lati kamera automatikusan keresi a pupill\u00e1t, a vizsg\u00e1lati alanynak \u00e9s a vizsg\u00e1latot v\u00e9gz\u0151 szem\u00e9lynek ebben akkor sz\u00fcks\u00e9ges akt\u00edvan \u201er\u00e9szt vennie\u201d-ha a vizsg\u00e1latot v\u00e9gz\u0151 szem\u00e9ly a szem poz\u00edci\u00f3j\u00e1t mutat\u00f3 kamera k\u00e9p alapj\u00e1n igaz\u00edt\u00e1st l\u00e1t sz\u00fcks\u00e9gesnek, ekkor megk\u00e9ri a vizsg\u00e1lati szem\u00e9lyt fej\u00e9nek kism\u00e9rt\u00e9k\u0171 elmozd\u00edt\u00e1s\u00e1ra a keretben. Megfelel\u0151 poz\u00edci\u00f3k eset\u00e9n a l\u00e9pek k\u00e9sz\u00edt\u00e9se automatikus egy-egy f\u00e9nyk\u00e9p elk\u00e9sz\u00edt\u00e9s\u00e9nek megfelel\u0151en pillanatokat ig\u00e9nyel csup\u00e1n. A hagyom\u00e1nyos f\u00e9nyk\u00e9pez\u0151g\u00e9pek vakuj\u00e1hoz hasonl\u00f3 villan\u00e1ssal k\u00e9sz\u00fcl a k\u00e9p, ennek megfelel\u0151en az \u00e9rzet is egy vakuba val\u00f3 hirtelen \u201ebelefordul\u00e1shoz\u201d hasonl\u00edt, kellemetlen lehet, de nem f\u00e1jdalmas. A k\u00e9pek elk\u00e9sz\u00edt\u00e9s\u00e9t k\u00f6vet\u0151en azok min\u0151s\u00e9g\u00e9t ellen\u0151rzi a vizsg\u00e1latot v\u00e9gz\u0151 szem\u00e9ly, sz\u00fcks\u00e9g eset\u00e9n megk\u00e9ri a vizsg\u00e1lat alany\u00e1t az ism\u00e9tl\u00e9sre. Az elk\u00e9sz\u00fclt k\u00e9pek ki\u00e9rt\u00e9kel\u00e9se a vizsg\u00e1latt\u00f3l elk\u00fcl\u00f6n\u00edtve m\u00e1sik id\u0151pontban t\u00f6rt\u00e9nik. A vizsg\u00e1lat v\u00e9gezt\u00e9vel egy\u00e9b teend\u0151je nincs a vizsg\u00e1lati alanynak.\u00a0<\/p>\n<style>\n           #page-grid .card-body > .line-clamp-box.excerpt{\n        width: inherit;\n        max-width: inherit;\n        display:flex;\n        min-height: 2.4em;\n        flex-direction: column;\n        justify-content: space-around;\n        background-color: #D6E4EA;\n        min-height: 3.4rem;\n        font-family: \"Montserrat\", sans-serif;\n    }\n\n    #page-grid a:hover .card-body > .line-clamp-box.excerpt {\n        background-color: #fff;\n        color: #313B40;\n    }\n\n    #page-grid .card-body .line-clamp-box.excerpt section{\n        max-width: inherit;\n        display: -webkit-box;\n        -webkit-line-clamp: 2;\n        -webkit-box-orient: vertical;\n        overflow: hidden;\n        text-overflow: ellipsis;\n        hyphens: auto;\n        margin: auto;\n        \n    }\n    .line-clamp-box.excerpt section, .line-clamp-box.excerpt section p{\n        font-size:0.8em;\n    }\n    \n<\/style>\n    <section id=\"page-grid\">\n        <section class=\"d-block d-md-flex title-row my-3 ml-0 ml-md-1\">\n<div class=\"section-title  mb-1 \">\n<h2>\n    \u00d6sszes vizsg\u00e1lat\n<\/h2>\n<\/div>\n<\/section>\n        <div class=\"row row-cols-1 row-cols-md-2 row-cols-lg-4 no-gutters mx-0 \">    <div class =\"col  mb-2 card-wrapper\">\n        <a class=\"d-flex flex-fill card-link-warapper m-md-1\" href=\"https:\/\/semmelweis.hu\/dolgozoivizsgalat\/vizsgalatok\/vernyomasmeres\/\">\n            <div class=\"card border border-secondary se-border flex-fill\">\n                <div class=\"row no-gutters mx-0 d-flex flex-nowrap flex-md-wrap align-items-center\">\n                    <div class =\"  col-5 col-md-12  d-none  d-md-none d-md-none  bg-image  card-image justify-content-center\">\n                        <img class='wp-post-image img-fluid landscape' src='https:\/\/semmelweis.hu\/dolgozoivizsgalat\/wp-content\/themes\/se18\/dist\/images\/svg\/bg-image.svg' \/>\n                    <\/div>\n                    <div class=\"card-body  col flex-column  col-md-12 p-0\">\n                        <div class=\"line-clamp-box p-3\">\n                            <h5 class=\"ml-0 ml-sm-1 mt-2 align-items-center\"  >V\u00e9rnyom\u00e1sm\u00e9r\u00e9s<\/h5>\n                        <\/div>\n                        \n                    <\/div>\n                <\/div>\n\n            <\/div>\n        <\/a>\n    <\/div>    <div class =\"col  mb-2 card-wrapper\">\n        <a class=\"d-flex flex-fill card-link-warapper m-md-1\" href=\"https:\/\/semmelweis.hu\/dolgozoivizsgalat\/vizsgalatok\/boka-kar-index-meres\/\">\n            <div class=\"card border border-secondary se-border flex-fill\">\n                <div class=\"row no-gutters mx-0 d-flex flex-nowrap flex-md-wrap align-items-center\">\n                    <div class =\"  col-5 col-md-12  d-none  d-md-none d-md-none  bg-image  card-image justify-content-center\">\n                        <img class='wp-post-image img-fluid landscape' src='https:\/\/semmelweis.hu\/dolgozoivizsgalat\/wp-content\/themes\/se18\/dist\/images\/svg\/bg-image.svg' \/>\n                    <\/div>\n                    <div class=\"card-body  col flex-column  col-md-12 p-0\">\n                        <div class=\"line-clamp-box p-3\">\n                            <h5 class=\"ml-0 ml-sm-1 mt-2 align-items-center\"  >Boka-kar index vizsg\u00e1lat<\/h5>\n                        <\/div>\n                        \n                    <\/div>\n                <\/div>\n\n            <\/div>\n        <\/a>\n    <\/div>    <div class =\"col  mb-2 card-wrapper\">\n        <a class=\"d-flex flex-fill card-link-warapper m-md-1\" href=\"https:\/\/semmelweis.hu\/dolgozoivizsgalat\/vizsgalatok\/lezeres-cirkulacio\/\">\n            <div class=\"card border border-secondary se-border flex-fill\">\n                <div class=\"row no-gutters mx-0 d-flex flex-nowrap flex-md-wrap align-items-center\">\n                    <div class =\"  col-5 col-md-12  d-none  d-md-none d-md-none  bg-image  card-image justify-content-center\">\n                        <img class='wp-post-image img-fluid landscape' src='https:\/\/semmelweis.hu\/dolgozoivizsgalat\/wp-content\/themes\/se18\/dist\/images\/svg\/bg-image.svg' \/>\n                    <\/div>\n                    <div class=\"card-body  col flex-column  col-md-12 p-0\">\n                        <div class=\"line-clamp-box p-3\">\n                            <h5 class=\"ml-0 ml-sm-1 mt-2 align-items-center\"  >Perif\u00e9ri\u00e1s Mikrocirkul\u00e1ci\u00f3 vizsg\u00e1lat<\/h5>\n                        <\/div>\n                        \n                    <\/div>\n                <\/div>\n\n            <\/div>\n        <\/a>\n    <\/div>    <div class =\"col  mb-2 card-wrapper\">\n        <a class=\"d-flex flex-fill card-link-warapper m-md-1\" href=\"https:\/\/semmelweis.hu\/dolgozoivizsgalat\/vizsgalatok\/marok-szoritoero-vizsgalat\/\">\n            <div class=\"card border border-secondary se-border flex-fill\">\n                <div class=\"row no-gutters mx-0 d-flex flex-nowrap flex-md-wrap align-items-center\">\n                    <div class =\"  col-5 col-md-12  d-none  d-md-none d-md-none  bg-image  card-image justify-content-center\">\n                        <img class='wp-post-image img-fluid landscape' src='https:\/\/semmelweis.hu\/dolgozoivizsgalat\/wp-content\/themes\/se18\/dist\/images\/svg\/bg-image.svg' \/>\n                    <\/div>\n                    <div class=\"card-body  col flex-column  col-md-12 p-0\">\n                        <div class=\"line-clamp-box p-3\">\n                            <h5 class=\"ml-0 ml-sm-1 mt-2 align-items-center\"  >Marok szor\u00edt\u00f3er\u0151 vizsg\u00e1lat<\/h5>\n                        <\/div>\n                        \n                    <\/div>\n                <\/div>\n\n            <\/div>\n        <\/a>\n    <\/div>    <div class =\"col  mb-2 card-wrapper\">\n        <a class=\"d-flex flex-fill card-link-warapper m-md-1\" href=\"https:\/\/semmelweis.hu\/dolgozoivizsgalat\/vizsgalatok\/vizelet-mintavetel\/\">\n            <div class=\"card border border-secondary se-border flex-fill\">\n                <div class=\"row no-gutters mx-0 d-flex flex-nowrap flex-md-wrap align-items-center\">\n                    <div class =\"  col-5 col-md-12  d-none  d-md-none d-md-none  bg-image  card-image justify-content-center\">\n                        <img class='wp-post-image img-fluid landscape' src='https:\/\/semmelweis.hu\/dolgozoivizsgalat\/wp-content\/themes\/se18\/dist\/images\/svg\/bg-image.svg' \/>\n                    <\/div>\n                    <div class=\"card-body  col flex-column  col-md-12 p-0\">\n                        <div class=\"line-clamp-box p-3\">\n                            <h5 class=\"ml-0 ml-sm-1 mt-2 align-items-center\"  >V\u00e9r- \u00e9s vizeletminta gy\u0171jt\u00e9s laborvizsg\u00e1latokhoz<\/h5>\n                        <\/div>\n                        \n                    <\/div>\n                <\/div>\n\n            <\/div>\n        <\/a>\n    <\/div>    <div class =\"col  mb-2 card-wrapper\">\n        <a class=\"d-flex flex-fill card-link-warapper m-md-1\" href=\"https:\/\/semmelweis.hu\/dolgozoivizsgalat\/vizsgalatok\/vervetel-es-oralis-glukoz-terhelesi-teszt\/\">\n            <div class=\"card border border-secondary se-border flex-fill\">\n                <div class=\"row no-gutters mx-0 d-flex flex-nowrap flex-md-wrap align-items-center\">\n                    <div class =\"  col-5 col-md-12  d-none  d-md-none d-md-none  bg-image  card-image justify-content-center\">\n                        <img class='wp-post-image img-fluid landscape' src='https:\/\/semmelweis.hu\/dolgozoivizsgalat\/wp-content\/themes\/se18\/dist\/images\/svg\/bg-image.svg' \/>\n                    <\/div>\n                    <div class=\"card-body  col flex-column  col-md-12 p-0\">\n                        <div class=\"line-clamp-box p-3\">\n                            <h5 class=\"ml-0 ml-sm-1 mt-2 align-items-center\"  >Terhel\u00e9ses v\u00e9rcukor vizsg\u00e1lat (OGTT)<\/h5>\n                        <\/div>\n                        \n                    <\/div>\n                <\/div>\n\n            <\/div>\n        <\/a>\n    <\/div>    <div class =\"col  mb-2 card-wrapper\">\n        <a class=\"d-flex flex-fill card-link-warapper m-md-1\" href=\"https:\/\/semmelweis.hu\/dolgozoivizsgalat\/vizsgalatok\/jarasvizsgalat\/\">\n            <div class=\"card border border-secondary se-border flex-fill\">\n                <div class=\"row no-gutters mx-0 d-flex flex-nowrap flex-md-wrap align-items-center\">\n                    <div class =\"  col-5 col-md-12  d-none  d-md-none d-md-none  bg-image  card-image justify-content-center\">\n                        <img class='wp-post-image img-fluid landscape' src='https:\/\/semmelweis.hu\/dolgozoivizsgalat\/wp-content\/themes\/se18\/dist\/images\/svg\/bg-image.svg' \/>\n                    <\/div>\n                    <div class=\"card-body  col flex-column  col-md-12 p-0\">\n                        <div class=\"line-clamp-box p-3\">\n                            <h5 class=\"ml-0 ml-sm-1 mt-2 align-items-center\"  >J\u00e1r\u00e1svizsg\u00e1lat<\/h5>\n                        <\/div>\n                        \n                    <\/div>\n                <\/div>\n\n            <\/div>\n        <\/a>\n    <\/div>    <div class =\"col  mb-2 card-wrapper\">\n        <a class=\"d-flex flex-fill card-link-warapper m-md-1\" href=\"https:\/\/semmelweis.hu\/dolgozoivizsgalat\/vizsgalatok\/antropometriai-meresek\/\">\n            <div class=\"card border border-secondary se-border flex-fill\">\n                <div class=\"row no-gutters mx-0 d-flex flex-nowrap flex-md-wrap align-items-center\">\n                    <div class =\"  col-5 col-md-12  d-none  d-md-none d-md-none  bg-image  card-image justify-content-center\">\n                        <img class='wp-post-image img-fluid landscape' src='https:\/\/semmelweis.hu\/dolgozoivizsgalat\/wp-content\/themes\/se18\/dist\/images\/svg\/bg-image.svg' \/>\n                    <\/div>\n                    <div class=\"card-body  col flex-column  col-md-12 p-0\">\n                        <div class=\"line-clamp-box p-3\">\n                            <h5 class=\"ml-0 ml-sm-1 mt-2 align-items-center\"  >Antropometriai m\u00e9r\u00e9sek<\/h5>\n                        <\/div>\n                        \n                    <\/div>\n                <\/div>\n\n            <\/div>\n        <\/a>\n    <\/div>    <div class =\"col  mb-2 card-wrapper\">\n        <a class=\"d-flex flex-fill card-link-warapper m-md-1\" href=\"https:\/\/semmelweis.hu\/dolgozoivizsgalat\/vizsgalatok\/pulzushullam-terjedesi-sebesseg-meres\/\">\n            <div class=\"card border border-secondary se-border flex-fill\">\n                <div class=\"row no-gutters mx-0 d-flex flex-nowrap flex-md-wrap align-items-center\">\n                    <div class =\"  col-5 col-md-12  d-none  d-md-none d-md-none  bg-image  card-image justify-content-center\">\n                        <img class='wp-post-image img-fluid landscape' src='https:\/\/semmelweis.hu\/dolgozoivizsgalat\/wp-content\/themes\/se18\/dist\/images\/svg\/bg-image.svg' \/>\n                    <\/div>\n                    <div class=\"card-body  col flex-column  col-md-12 p-0\">\n                        <div class=\"line-clamp-box p-3\">\n                            <h5 class=\"ml-0 ml-sm-1 mt-2 align-items-center\"  >Pulzushull\u00e1m-terjed\u00e9si sebess\u00e9g m\u00e9r\u00e9s<\/h5>\n                        <\/div>\n                        \n                    <\/div>\n                <\/div>\n\n            <\/div>\n        <\/a>\n    <\/div>    <div class =\"col  mb-2 card-wrapper\">\n        <a class=\"d-flex flex-fill card-link-warapper m-md-1\" href=\"https:\/\/semmelweis.hu\/dolgozoivizsgalat\/vizsgalatok\/szivfrekvencia-variabilitas-meres-ekg\/\">\n            <div class=\"card border border-secondary se-border flex-fill\">\n                <div class=\"row no-gutters mx-0 d-flex flex-nowrap flex-md-wrap align-items-center\">\n                    <div class =\"  col-5 col-md-12  d-none  d-md-none d-md-none  bg-image  card-image justify-content-center\">\n                        <img class='wp-post-image img-fluid landscape' src='https:\/\/semmelweis.hu\/dolgozoivizsgalat\/wp-content\/themes\/se18\/dist\/images\/svg\/bg-image.svg' \/>\n                    <\/div>\n                    <div class=\"card-body  col flex-column  col-md-12 p-0\">\n                        <div class=\"line-clamp-box p-3\">\n                            <h5 class=\"ml-0 ml-sm-1 mt-2 align-items-center\"  >Sz\u00edvfrekvencia-variabilit\u00e1s m\u00e9r\u00e9s  (EKG)<\/h5>\n                        <\/div>\n                        \n                    <\/div>\n                <\/div>\n\n            <\/div>\n        <\/a>\n    <\/div>    <div class =\"col  mb-2 card-wrapper\">\n        <a class=\"d-flex flex-fill card-link-warapper m-md-1\" href=\"https:\/\/semmelweis.hu\/dolgozoivizsgalat\/vizsgalatok\/statikus-szemfenek-vizsgalat\/\">\n            <div class=\"card border border-secondary se-border flex-fill\">\n                <div class=\"row no-gutters mx-0 d-flex flex-nowrap flex-md-wrap align-items-center\">\n                    <div class =\"  col-5 col-md-12  d-none  d-md-none d-md-none  bg-image  card-image justify-content-center\">\n                        <img class='wp-post-image img-fluid landscape' src='https:\/\/semmelweis.hu\/dolgozoivizsgalat\/wp-content\/themes\/se18\/dist\/images\/svg\/bg-image.svg' \/>\n                    <\/div>\n                    <div class=\"card-body  col flex-column  col-md-12 p-0\">\n                        <div class=\"line-clamp-box p-3\">\n                            <h5 class=\"ml-0 ml-sm-1 mt-2 align-items-center\"  >Szemfen\u00e9ki \u00e9rrendszer vizsg\u00e1lat<\/h5>\n                        <\/div>\n                        \n                    <\/div>\n                <\/div>\n\n            <\/div>\n        <\/a>\n    <\/div>    <div class =\"col  mb-2 card-wrapper\">\n        <a class=\"d-flex flex-fill card-link-warapper m-md-1\" href=\"https:\/\/semmelweis.hu\/dolgozoivizsgalat\/vizsgalatok\/kognitiv-vizsgalat\/\">\n            <div class=\"card border border-secondary se-border flex-fill\">\n                <div class=\"row no-gutters mx-0 d-flex flex-nowrap flex-md-wrap align-items-center\">\n                    <div class =\"  col-5 col-md-12  d-none  d-md-none d-md-none  bg-image  card-image justify-content-center\">\n                        <img class='wp-post-image img-fluid landscape' src='https:\/\/semmelweis.hu\/dolgozoivizsgalat\/wp-content\/themes\/se18\/dist\/images\/svg\/bg-image.svg' \/>\n                    <\/div>\n                    <div class=\"card-body  col flex-column  col-md-12 p-0\">\n                        <div class=\"line-clamp-box p-3\">\n                            <h5 class=\"ml-0 ml-sm-1 mt-2 align-items-center\"  >Kognit\u00edv  vizsg\u00e1lat<\/h5>\n                        <\/div>\n                        \n                    <\/div>\n                <\/div>\n\n            <\/div>\n        <\/a>\n    <\/div>        <\/div>\n    <\/section>\n","protected":false},"excerpt":{"rendered":"<p>Mi\u00e9rt v\u00e9gz\u00fcnk ilyen vizsg\u00e1latot?\u00a0 A vizsg\u00e1lat c\u00e9lja a retina \u00e9rh\u00e1l\u00f3zat\u00e1nak vizsg\u00e1lata, egy a retin\u00e1r\u00f3l k\u00e9sz\u00edtett f\u00e9nyk\u00e9p seg\u00edts\u00e9g\u00e9vel, a f\u00e9nyk\u00e9p k\u00e9sz\u00edt\u00e9s\u00e9hez a pupill\u00e1k t\u00e1g\u00edt\u00e1sa nem sz\u00fcks\u00e9ges, idegen test nem ker\u00fcl a szembe. A vizsg\u00e1latb\u00f3l kiz\u00e1r\u00e1st jelent\u0151 \u00e1llapot nincs.\u00a0 Mire sz\u00e1m\u00edtson a vizsg\u00e1lat sor\u00e1n?\u00a0 Els\u00f6t\u00e9t\u00edtett szob\u00e1ban zajlik a vizsg\u00e1lat, \u00fcl\u0151 helyzetben. A vizsg\u00e1lat sor\u00e1n a fejet egy &hellip;<\/p>\n","protected":false},"author":102104,"featured_media":0,"parent":19,"menu_order":11,"comment_status":"closed","ping_status":"closed","template":"template-fullwidth.php","meta":{"_acf_changed":false,"footnotes":""},"categories":[],"tags":[],"class_list":["post-59","page","type-page","status-publish","hentry"],"acf":[],"_links":{"self":[{"href":"https:\/\/semmelweis.hu\/dolgozoivizsgalat\/wp-json\/wp\/v2\/pages\/59","targetHints":{"allow":["GET"]}}],"collection":[{"href":"https:\/\/semmelweis.hu\/dolgozoivizsgalat\/wp-json\/wp\/v2\/pages"}],"about":[{"href":"https:\/\/semmelweis.hu\/dolgozoivizsgalat\/wp-json\/wp\/v2\/types\/page"}],"author":[{"embeddable":true,"href":"https:\/\/semmelweis.hu\/dolgozoivizsgalat\/wp-json\/wp\/v2\/users\/102104"}],"replies":[{"embeddable":true,"href":"https:\/\/semmelweis.hu\/dolgozoivizsgalat\/wp-json\/wp\/v2\/comments?post=59"}],"version-history":[{"count":5,"href":"https:\/\/semmelweis.hu\/dolgozoivizsgalat\/wp-json\/wp\/v2\/pages\/59\/revisions"}],"predecessor-version":[{"id":510,"href":"https:\/\/semmelweis.hu\/dolgozoivizsgalat\/wp-json\/wp\/v2\/pages\/59\/revisions\/510"}],"up":[{"embeddable":true,"href":"https:\/\/semmelweis.hu\/dolgozoivizsgalat\/wp-json\/wp\/v2\/pages\/19"}],"wp:attachment":[{"href":"https:\/\/semmelweis.hu\/dolgozoivizsgalat\/wp-json\/wp\/v2\/media?parent=59"}],"wp:term":[{"taxonomy":"category","embeddable":true,"href":"https:\/\/semmelweis.hu\/dolgozoivizsgalat\/wp-json\/wp\/v2\/categories?post=59"},{"taxonomy":"post_tag","embeddable":true,"href":"https:\/\/semmelweis.hu\/dolgozoivizsgalat\/wp-json\/wp\/v2\/tags?post=59"}],"curies":[{"name":"wp","href":"https:\/\/api.w.org\/{rel}","templated":true}]}}