{"id":57,"date":"2022-09-12T19:52:38","date_gmt":"2022-09-12T17:52:38","guid":{"rendered":"https:\/\/semmelweis.hu\/dolgozoivizsgalat\/?page_id=57"},"modified":"2024-03-01T16:42:09","modified_gmt":"2024-03-01T15:42:09","slug":"lezeres-cirkulacio","status":"publish","type":"page","link":"https:\/\/semmelweis.hu\/dolgozoivizsgalat\/vizsgalatok\/lezeres-cirkulacio\/","title":{"rendered":"Perif\u00e9ri\u00e1s Mikrocirkul\u00e1ci\u00f3 vizsg\u00e1lat"},"content":{"rendered":"<h4><strong>Mi\u00e9rt v\u00e9gz\u00fcnk ilyen vizsg\u00e1latot?<\/strong><\/h4>\n<p>A vizsg\u00e1lat sor\u00e1n a k\u00e9zh\u00e1t \u00e9s k\u00f6r\u00f6m\u00e1gy \u00e9rh\u00e1l\u00f3zat\u00e1nak elszor\u00edt\u00e1st k\u00f6vet\u0151 visszatel\u00edt\u0151d\u00e9si k\u00e9pess\u00e9g\u00e9t m\u00e9rj\u00fck. A m\u00e9r\u00e9sb\u0151l sz\u00e1rmaz\u00f3 adatokb\u00f3l az \u00e9rrendszer \u00e1llapota k\u00f6vetkeztethet\u00fcnk. A l\u00e9zeres cirkul\u00e1ci\u00f3s vizsg\u00e1lat a v\u00e9rnyom\u00e1sm\u00e9r\u00e9sre alkalmas szem\u00e9lyek eset\u00e9ben nem j\u00e1r a v\u00e9rnyom\u00e1sm\u00e9r\u00e9st\u0151l elt\u00e9r\u0151 kock\u00e1zattal.\u00a0<\/p>\n<h4><b><span data-contrast=\"auto\">Mire sz\u00e1m\u00edtson a vizsg\u00e1lat sor\u00e1n?<\/span><\/b><span data-ccp-props=\"{&quot;134233117&quot;:false,&quot;134233118&quot;:false,&quot;201341983&quot;:0,&quot;335551550&quot;:6,&quot;335551620&quot;:6,&quot;335559685&quot;:0,&quot;335559737&quot;:0,&quot;335559738&quot;:0,&quot;335559739&quot;:160,&quot;335559740&quot;:360}\">\u00a0<\/span><\/h4>\n<p>A vizsg\u00e1lat k\u00e9nyelmes \u00fcl\u0151 testhelyzetben t\u00f6rt\u00e9nik, a vizsg\u00e1lati eszk\u00f6z mozgathat\u00f3 karja a vizsg\u00e1lt k\u00e9z felett 10 \u00e9s 20 cm k\u00f6z\u00f6tti magass\u00e1gban r\u00f6gz\u00edti az adatokat kamera seg\u00edts\u00e9g\u00e9vel.\u00a0 A felv\u00e9telhez haszn\u00e1lt l\u00e9zerf\u00e9ny a b\u0151r felsz\u00edn\u00e9n nem \u00e9rz\u00e9kelhet\u0151, a vizsg\u00e1l\u00f3 asztalon megjelen\u0151 kijel\u00f6l\u0151 n\u00e9gyzet a vizsg\u00e1lt k\u00e9z megfelel\u0151 elhelyez\u00e9s\u00e9t seg\u00edti el\u0151.\u00a0 A vizsg\u00e1lat els\u0151 5 perc\u00e9ben v\u00e9rnyom\u00e1sm\u00e9r\u0151 mandzsett\u00e1val t\u00f6rt\u00e9nik a felkar leszor\u00edt\u00e1sa, az ekkor tapasztalt \u00e9rz\u00e9s legjobban \u00fcl\u00e9s k\u00f6zben elzsibbadt l\u00e1bhoz hasonl\u00edthat\u00f3. A zsibbad\u00e1s\/bizserg\u00e9s az adott szem\u00e9ly \u00e9rz\u00e9kenys\u00e9g\u00e9t\u0151l f\u00fcgg\u0151en v\u00e1ltoz\u00f3 er\u0151ss\u00e9g\u0171. Amennyiben \u00d6n ezt kifejezetten f\u00e1jdalmasnak \u00edt\u00e9li meg jelezze a vizsg\u00e1latot v\u00e9gz\u0151 szem\u00e9ly sz\u00e1m\u00e1ra- lehet\u0151s\u00e9g van a vizsg\u00e1lat megszak\u00edt\u00e1s\u00e1ra. Felenged\u00e9st k\u00f6vet\u0151en hirtelen jelentkez\u0151 v\u00e9rb\u0151s\u00e9g okozta \u00e9rz\u00e9s szokatlan azonban nem f\u00e1jdalmas, m\u00e9rs\u00e9kl\u0151d\u00e9se legink\u00e1bb a felenged\u00e9st\u0151l eltelt id\u0151vel ar\u00e1nyos, 20-30 m\u00e1sodperc alatt jelent\u0151sen cs\u00f6kken. Az adatok r\u00f6gz\u00edt\u00e9se a felenged\u00e9st megel\u0151z\u0151 f\u00e9l perccel indul \u00e9s azt k\u00f6vet\u0151en k\u00e9t percig tart. Ebben az id\u0151szakban a vizsg\u00e1lati szem\u00e9ly mozdulatlanul tartja a vizsg\u00e1lt kezet, a v\u00e9gtagokat \u00e9s a test t\u00f6bbi r\u00e9sz\u00e9t is. Az adatr\u00f6gz\u00edt\u00e9si id\u0151szak v\u00e9g\u00e9t a vizsg\u00e1latot v\u00e9gz\u0151 szem\u00e9ly jelzi a r\u00e9sztvev\u0151 fel\u00e9, ezt k\u00f6vet\u0151en lehets\u00e9ges a vizsg\u00e1lati v\u00e9gtagot \u00e1tmozgatni. A vizsg\u00e1lat teljes id\u0151tartama az el\u0151k\u00e9sz\u00edt\u00e9ssel egy\u00fctt megk\u00f6zel\u00edt\u0151leg 10 perc, majd ezt k\u00f6vet\u0151en p\u00e1r perc sz\u00fcks\u00e9ges a vizsg\u00e1lat sor\u00e1n tapasztalt n\u00e9ha zsibbad\u00e1s\/bizserg\u00e9s teljes megsz\u0171n\u00e9s\u00e9ig.\u00a0<\/p>\n<style>\n           #page-grid .card-body > .line-clamp-box.excerpt{\n        width: inherit;\n        max-width: inherit;\n        display:flex;\n        min-height: 2.4em;\n        flex-direction: column;\n        justify-content: space-around;\n        background-color: #D6E4EA;\n        min-height: 3.4rem;\n        font-family: \"Montserrat\", sans-serif;\n    }\n\n    #page-grid a:hover .card-body > .line-clamp-box.excerpt {\n        background-color: #fff;\n        color: #313B40;\n    }\n\n    #page-grid .card-body .line-clamp-box.excerpt section{\n        max-width: inherit;\n        display: -webkit-box;\n        -webkit-line-clamp: 2;\n        -webkit-box-orient: vertical;\n        overflow: hidden;\n        text-overflow: ellipsis;\n        hyphens: auto;\n        margin: auto;\n        \n    }\n    .line-clamp-box.excerpt section, .line-clamp-box.excerpt section p{\n        font-size:0.8em;\n    }\n    \n<\/style>\n    <section id=\"page-grid\">\n        <section class=\"d-block d-md-flex title-row my-3 ml-0 ml-md-1\">\n<div class=\"section-title  mb-1 \">\n<h2>\n    \u00d6sszes vizsg\u00e1lat\n<\/h2>\n<\/div>\n<\/section>\n        <div class=\"row row-cols-1 row-cols-md-2 row-cols-lg-4 no-gutters mx-0 \">    <div class =\"col  mb-2 card-wrapper\">\n        <a class=\"d-flex flex-fill card-link-warapper m-md-1\" href=\"https:\/\/semmelweis.hu\/dolgozoivizsgalat\/vizsgalatok\/vernyomasmeres\/\">\n            <div class=\"card border border-secondary se-border flex-fill\">\n                <div class=\"row no-gutters mx-0 d-flex flex-nowrap flex-md-wrap align-items-center\">\n                    <div class =\"  col-5 col-md-12  d-none  d-md-none d-md-none  bg-image  card-image justify-content-center\">\n                        <img class='wp-post-image img-fluid landscape' src='https:\/\/semmelweis.hu\/dolgozoivizsgalat\/wp-content\/themes\/se18\/dist\/images\/svg\/bg-image.svg' \/>\n                    <\/div>\n                    <div class=\"card-body  col flex-column  col-md-12 p-0\">\n                        <div class=\"line-clamp-box p-3\">\n                            <h5 class=\"ml-0 ml-sm-1 mt-2 align-items-center\"  >V\u00e9rnyom\u00e1sm\u00e9r\u00e9s<\/h5>\n                        <\/div>\n                        \n                    <\/div>\n                <\/div>\n\n            <\/div>\n        <\/a>\n    <\/div>    <div class =\"col  mb-2 card-wrapper\">\n        <a class=\"d-flex flex-fill card-link-warapper m-md-1\" href=\"https:\/\/semmelweis.hu\/dolgozoivizsgalat\/vizsgalatok\/boka-kar-index-meres\/\">\n            <div class=\"card border border-secondary se-border flex-fill\">\n                <div class=\"row no-gutters mx-0 d-flex flex-nowrap flex-md-wrap align-items-center\">\n                    <div class =\"  col-5 col-md-12  d-none  d-md-none d-md-none  bg-image  card-image justify-content-center\">\n                        <img class='wp-post-image img-fluid landscape' src='https:\/\/semmelweis.hu\/dolgozoivizsgalat\/wp-content\/themes\/se18\/dist\/images\/svg\/bg-image.svg' \/>\n                    <\/div>\n                    <div class=\"card-body  col flex-column  col-md-12 p-0\">\n                        <div class=\"line-clamp-box p-3\">\n                            <h5 class=\"ml-0 ml-sm-1 mt-2 align-items-center\"  >Boka-kar index vizsg\u00e1lat<\/h5>\n                        <\/div>\n                        \n                    <\/div>\n                <\/div>\n\n            <\/div>\n        <\/a>\n    <\/div>    <div class =\"col  mb-2 card-wrapper\">\n        <a class=\"d-flex flex-fill card-link-warapper m-md-1\" href=\"https:\/\/semmelweis.hu\/dolgozoivizsgalat\/vizsgalatok\/lezeres-cirkulacio\/\">\n            <div class=\"card border border-secondary se-border flex-fill\">\n                <div class=\"row no-gutters mx-0 d-flex flex-nowrap flex-md-wrap align-items-center\">\n                    <div class =\"  col-5 col-md-12  d-none  d-md-none d-md-none  bg-image  card-image justify-content-center\">\n                        <img class='wp-post-image img-fluid landscape' src='https:\/\/semmelweis.hu\/dolgozoivizsgalat\/wp-content\/themes\/se18\/dist\/images\/svg\/bg-image.svg' \/>\n                    <\/div>\n                    <div class=\"card-body  col flex-column  col-md-12 p-0\">\n                        <div class=\"line-clamp-box p-3\">\n                            <h5 class=\"ml-0 ml-sm-1 mt-2 align-items-center\"  >Perif\u00e9ri\u00e1s Mikrocirkul\u00e1ci\u00f3 vizsg\u00e1lat<\/h5>\n                        <\/div>\n                        \n                    <\/div>\n                <\/div>\n\n            <\/div>\n        <\/a>\n    <\/div>    <div class =\"col  mb-2 card-wrapper\">\n        <a class=\"d-flex flex-fill card-link-warapper m-md-1\" href=\"https:\/\/semmelweis.hu\/dolgozoivizsgalat\/vizsgalatok\/marok-szoritoero-vizsgalat\/\">\n            <div class=\"card border border-secondary se-border flex-fill\">\n                <div class=\"row no-gutters mx-0 d-flex flex-nowrap flex-md-wrap align-items-center\">\n                    <div class =\"  col-5 col-md-12  d-none  d-md-none d-md-none  bg-image  card-image justify-content-center\">\n                        <img class='wp-post-image img-fluid landscape' src='https:\/\/semmelweis.hu\/dolgozoivizsgalat\/wp-content\/themes\/se18\/dist\/images\/svg\/bg-image.svg' \/>\n                    <\/div>\n                    <div class=\"card-body  col flex-column  col-md-12 p-0\">\n                        <div class=\"line-clamp-box p-3\">\n                            <h5 class=\"ml-0 ml-sm-1 mt-2 align-items-center\"  >Marok szor\u00edt\u00f3er\u0151 vizsg\u00e1lat<\/h5>\n                        <\/div>\n                        \n                    <\/div>\n                <\/div>\n\n            <\/div>\n        <\/a>\n    <\/div>    <div class =\"col  mb-2 card-wrapper\">\n        <a class=\"d-flex flex-fill card-link-warapper m-md-1\" href=\"https:\/\/semmelweis.hu\/dolgozoivizsgalat\/vizsgalatok\/vizelet-mintavetel\/\">\n            <div class=\"card border border-secondary se-border flex-fill\">\n                <div class=\"row no-gutters mx-0 d-flex flex-nowrap flex-md-wrap align-items-center\">\n                    <div class =\"  col-5 col-md-12  d-none  d-md-none d-md-none  bg-image  card-image justify-content-center\">\n                        <img class='wp-post-image img-fluid landscape' src='https:\/\/semmelweis.hu\/dolgozoivizsgalat\/wp-content\/themes\/se18\/dist\/images\/svg\/bg-image.svg' \/>\n                    <\/div>\n                    <div class=\"card-body  col flex-column  col-md-12 p-0\">\n                        <div class=\"line-clamp-box p-3\">\n                            <h5 class=\"ml-0 ml-sm-1 mt-2 align-items-center\"  >V\u00e9r- \u00e9s vizeletminta gy\u0171jt\u00e9s laborvizsg\u00e1latokhoz<\/h5>\n                        <\/div>\n                        \n                    <\/div>\n                <\/div>\n\n            <\/div>\n        <\/a>\n    <\/div>    <div class =\"col  mb-2 card-wrapper\">\n        <a class=\"d-flex flex-fill card-link-warapper m-md-1\" href=\"https:\/\/semmelweis.hu\/dolgozoivizsgalat\/vizsgalatok\/vervetel-es-oralis-glukoz-terhelesi-teszt\/\">\n            <div class=\"card border border-secondary se-border flex-fill\">\n                <div class=\"row no-gutters mx-0 d-flex flex-nowrap flex-md-wrap align-items-center\">\n                    <div class =\"  col-5 col-md-12  d-none  d-md-none d-md-none  bg-image  card-image justify-content-center\">\n                        <img class='wp-post-image img-fluid landscape' src='https:\/\/semmelweis.hu\/dolgozoivizsgalat\/wp-content\/themes\/se18\/dist\/images\/svg\/bg-image.svg' \/>\n                    <\/div>\n                    <div class=\"card-body  col flex-column  col-md-12 p-0\">\n                        <div class=\"line-clamp-box p-3\">\n                            <h5 class=\"ml-0 ml-sm-1 mt-2 align-items-center\"  >Terhel\u00e9ses v\u00e9rcukor vizsg\u00e1lat (OGTT)<\/h5>\n                        <\/div>\n                        \n                    <\/div>\n                <\/div>\n\n            <\/div>\n        <\/a>\n    <\/div>    <div class =\"col  mb-2 card-wrapper\">\n        <a class=\"d-flex flex-fill card-link-warapper m-md-1\" href=\"https:\/\/semmelweis.hu\/dolgozoivizsgalat\/vizsgalatok\/jarasvizsgalat\/\">\n            <div class=\"card border border-secondary se-border flex-fill\">\n                <div class=\"row no-gutters mx-0 d-flex flex-nowrap flex-md-wrap align-items-center\">\n                    <div class =\"  col-5 col-md-12  d-none  d-md-none d-md-none  bg-image  card-image justify-content-center\">\n                        <img class='wp-post-image img-fluid landscape' src='https:\/\/semmelweis.hu\/dolgozoivizsgalat\/wp-content\/themes\/se18\/dist\/images\/svg\/bg-image.svg' \/>\n                    <\/div>\n                    <div class=\"card-body  col flex-column  col-md-12 p-0\">\n                        <div class=\"line-clamp-box p-3\">\n                            <h5 class=\"ml-0 ml-sm-1 mt-2 align-items-center\"  >J\u00e1r\u00e1svizsg\u00e1lat<\/h5>\n                        <\/div>\n                        \n                    <\/div>\n                <\/div>\n\n            <\/div>\n        <\/a>\n    <\/div>    <div class =\"col  mb-2 card-wrapper\">\n        <a class=\"d-flex flex-fill card-link-warapper m-md-1\" href=\"https:\/\/semmelweis.hu\/dolgozoivizsgalat\/vizsgalatok\/antropometriai-meresek\/\">\n            <div class=\"card border border-secondary se-border flex-fill\">\n                <div class=\"row no-gutters mx-0 d-flex flex-nowrap flex-md-wrap align-items-center\">\n                    <div class =\"  col-5 col-md-12  d-none  d-md-none d-md-none  bg-image  card-image justify-content-center\">\n                        <img class='wp-post-image img-fluid landscape' src='https:\/\/semmelweis.hu\/dolgozoivizsgalat\/wp-content\/themes\/se18\/dist\/images\/svg\/bg-image.svg' \/>\n                    <\/div>\n                    <div class=\"card-body  col flex-column  col-md-12 p-0\">\n                        <div class=\"line-clamp-box p-3\">\n                            <h5 class=\"ml-0 ml-sm-1 mt-2 align-items-center\"  >Antropometriai m\u00e9r\u00e9sek<\/h5>\n                        <\/div>\n                        \n                    <\/div>\n                <\/div>\n\n            <\/div>\n        <\/a>\n    <\/div>    <div class =\"col  mb-2 card-wrapper\">\n        <a class=\"d-flex flex-fill card-link-warapper m-md-1\" href=\"https:\/\/semmelweis.hu\/dolgozoivizsgalat\/vizsgalatok\/pulzushullam-terjedesi-sebesseg-meres\/\">\n            <div class=\"card border border-secondary se-border flex-fill\">\n                <div class=\"row no-gutters mx-0 d-flex flex-nowrap flex-md-wrap align-items-center\">\n                    <div class =\"  col-5 col-md-12  d-none  d-md-none d-md-none  bg-image  card-image justify-content-center\">\n                        <img class='wp-post-image img-fluid landscape' src='https:\/\/semmelweis.hu\/dolgozoivizsgalat\/wp-content\/themes\/se18\/dist\/images\/svg\/bg-image.svg' \/>\n                    <\/div>\n                    <div class=\"card-body  col flex-column  col-md-12 p-0\">\n                        <div class=\"line-clamp-box p-3\">\n                            <h5 class=\"ml-0 ml-sm-1 mt-2 align-items-center\"  >Pulzushull\u00e1m-terjed\u00e9si sebess\u00e9g m\u00e9r\u00e9s<\/h5>\n                        <\/div>\n                        \n                    <\/div>\n                <\/div>\n\n            <\/div>\n        <\/a>\n    <\/div>    <div class =\"col  mb-2 card-wrapper\">\n        <a class=\"d-flex flex-fill card-link-warapper m-md-1\" href=\"https:\/\/semmelweis.hu\/dolgozoivizsgalat\/vizsgalatok\/szivfrekvencia-variabilitas-meres-ekg\/\">\n            <div class=\"card border border-secondary se-border flex-fill\">\n                <div class=\"row no-gutters mx-0 d-flex flex-nowrap flex-md-wrap align-items-center\">\n                    <div class =\"  col-5 col-md-12  d-none  d-md-none d-md-none  bg-image  card-image justify-content-center\">\n                        <img class='wp-post-image img-fluid landscape' src='https:\/\/semmelweis.hu\/dolgozoivizsgalat\/wp-content\/themes\/se18\/dist\/images\/svg\/bg-image.svg' \/>\n                    <\/div>\n                    <div class=\"card-body  col flex-column  col-md-12 p-0\">\n                        <div class=\"line-clamp-box p-3\">\n                            <h5 class=\"ml-0 ml-sm-1 mt-2 align-items-center\"  >Sz\u00edvfrekvencia-variabilit\u00e1s m\u00e9r\u00e9s  (EKG)<\/h5>\n                        <\/div>\n                        \n                    <\/div>\n                <\/div>\n\n            <\/div>\n        <\/a>\n    <\/div>    <div class =\"col  mb-2 card-wrapper\">\n        <a class=\"d-flex flex-fill card-link-warapper m-md-1\" href=\"https:\/\/semmelweis.hu\/dolgozoivizsgalat\/vizsgalatok\/statikus-szemfenek-vizsgalat\/\">\n            <div class=\"card border border-secondary se-border flex-fill\">\n                <div class=\"row no-gutters mx-0 d-flex flex-nowrap flex-md-wrap align-items-center\">\n                    <div class =\"  col-5 col-md-12  d-none  d-md-none d-md-none  bg-image  card-image justify-content-center\">\n                        <img class='wp-post-image img-fluid landscape' src='https:\/\/semmelweis.hu\/dolgozoivizsgalat\/wp-content\/themes\/se18\/dist\/images\/svg\/bg-image.svg' \/>\n                    <\/div>\n                    <div class=\"card-body  col flex-column  col-md-12 p-0\">\n                        <div class=\"line-clamp-box p-3\">\n                            <h5 class=\"ml-0 ml-sm-1 mt-2 align-items-center\"  >Szemfen\u00e9ki \u00e9rrendszer vizsg\u00e1lat<\/h5>\n                        <\/div>\n                        \n                    <\/div>\n                <\/div>\n\n            <\/div>\n        <\/a>\n    <\/div>    <div class =\"col  mb-2 card-wrapper\">\n        <a class=\"d-flex flex-fill card-link-warapper m-md-1\" href=\"https:\/\/semmelweis.hu\/dolgozoivizsgalat\/vizsgalatok\/kognitiv-vizsgalat\/\">\n            <div class=\"card border border-secondary se-border flex-fill\">\n                <div class=\"row no-gutters mx-0 d-flex flex-nowrap flex-md-wrap align-items-center\">\n                    <div class =\"  col-5 col-md-12  d-none  d-md-none d-md-none  bg-image  card-image justify-content-center\">\n                        <img class='wp-post-image img-fluid landscape' src='https:\/\/semmelweis.hu\/dolgozoivizsgalat\/wp-content\/themes\/se18\/dist\/images\/svg\/bg-image.svg' \/>\n                    <\/div>\n                    <div class=\"card-body  col flex-column  col-md-12 p-0\">\n                        <div class=\"line-clamp-box p-3\">\n                            <h5 class=\"ml-0 ml-sm-1 mt-2 align-items-center\"  >Kognit\u00edv  vizsg\u00e1lat<\/h5>\n                        <\/div>\n                        \n                    <\/div>\n                <\/div>\n\n            <\/div>\n        <\/a>\n    <\/div>        <\/div>\n    <\/section>\n","protected":false},"excerpt":{"rendered":"<p>Mi\u00e9rt v\u00e9gz\u00fcnk ilyen vizsg\u00e1latot? A vizsg\u00e1lat sor\u00e1n a k\u00e9zh\u00e1t \u00e9s k\u00f6r\u00f6m\u00e1gy \u00e9rh\u00e1l\u00f3zat\u00e1nak elszor\u00edt\u00e1st k\u00f6vet\u0151 visszatel\u00edt\u0151d\u00e9si k\u00e9pess\u00e9g\u00e9t m\u00e9rj\u00fck. A m\u00e9r\u00e9sb\u0151l sz\u00e1rmaz\u00f3 adatokb\u00f3l az \u00e9rrendszer \u00e1llapota k\u00f6vetkeztethet\u00fcnk. A l\u00e9zeres cirkul\u00e1ci\u00f3s vizsg\u00e1lat a v\u00e9rnyom\u00e1sm\u00e9r\u00e9sre alkalmas szem\u00e9lyek eset\u00e9ben nem j\u00e1r a v\u00e9rnyom\u00e1sm\u00e9r\u00e9st\u0151l elt\u00e9r\u0151 kock\u00e1zattal.\u00a0 Mire sz\u00e1m\u00edtson a vizsg\u00e1lat sor\u00e1n?\u00a0 A vizsg\u00e1lat k\u00e9nyelmes \u00fcl\u0151 testhelyzetben t\u00f6rt\u00e9nik, a vizsg\u00e1lati eszk\u00f6z mozgathat\u00f3 &hellip;<\/p>\n","protected":false},"author":102104,"featured_media":0,"parent":19,"menu_order":2,"comment_status":"closed","ping_status":"closed","template":"template-fullwidth.php","meta":{"_acf_changed":false,"footnotes":""},"categories":[],"tags":[],"class_list":["post-57","page","type-page","status-publish","hentry"],"acf":[],"_links":{"self":[{"href":"https:\/\/semmelweis.hu\/dolgozoivizsgalat\/wp-json\/wp\/v2\/pages\/57","targetHints":{"allow":["GET"]}}],"collection":[{"href":"https:\/\/semmelweis.hu\/dolgozoivizsgalat\/wp-json\/wp\/v2\/pages"}],"about":[{"href":"https:\/\/semmelweis.hu\/dolgozoivizsgalat\/wp-json\/wp\/v2\/types\/page"}],"author":[{"embeddable":true,"href":"https:\/\/semmelweis.hu\/dolgozoivizsgalat\/wp-json\/wp\/v2\/users\/102104"}],"replies":[{"embeddable":true,"href":"https:\/\/semmelweis.hu\/dolgozoivizsgalat\/wp-json\/wp\/v2\/comments?post=57"}],"version-history":[{"count":7,"href":"https:\/\/semmelweis.hu\/dolgozoivizsgalat\/wp-json\/wp\/v2\/pages\/57\/revisions"}],"predecessor-version":[{"id":507,"href":"https:\/\/semmelweis.hu\/dolgozoivizsgalat\/wp-json\/wp\/v2\/pages\/57\/revisions\/507"}],"up":[{"embeddable":true,"href":"https:\/\/semmelweis.hu\/dolgozoivizsgalat\/wp-json\/wp\/v2\/pages\/19"}],"wp:attachment":[{"href":"https:\/\/semmelweis.hu\/dolgozoivizsgalat\/wp-json\/wp\/v2\/media?parent=57"}],"wp:term":[{"taxonomy":"category","embeddable":true,"href":"https:\/\/semmelweis.hu\/dolgozoivizsgalat\/wp-json\/wp\/v2\/categories?post=57"},{"taxonomy":"post_tag","embeddable":true,"href":"https:\/\/semmelweis.hu\/dolgozoivizsgalat\/wp-json\/wp\/v2\/tags?post=57"}],"curies":[{"name":"wp","href":"https:\/\/api.w.org\/{rel}","templated":true}]}}