{"id":546,"date":"2024-04-06T12:31:48","date_gmt":"2024-04-06T10:31:48","guid":{"rendered":"https:\/\/semmelweis.hu\/dolgozoivizsgalat\/?page_id=546"},"modified":"2025-06-03T14:39:22","modified_gmt":"2025-06-03T12:39:22","slug":"adatvedelem","status":"publish","type":"page","link":"https:\/\/semmelweis.hu\/dolgozoivizsgalat\/adatvedelem\/","title":{"rendered":"Adatv\u00e9delem"},"content":{"rendered":"<p>Az adatv\u00e9delmi \u00e9s inform\u00e1ci\u00f3biztons\u00e1gi szempontok sz\u00e9lesk\u00f6r\u0171 figyelembev\u00e9tele \u00e9s biztos\u00edt\u00e1sa \u00e9rdek\u00e9ben a Semmelweis Study-ra vonatkoz\u00f3 adatv\u00e9delmi hat\u00e1svizsg\u00e1latot v\u00e9gezt\u00fcnk a <strong>Nemzeti Adatv\u00e9delmi \u00e9s Inform\u00e1ci\u00f3szabads\u00e1g Hat\u00f3s\u00e1g<\/strong> (NAIH) \u00e1ltal aj\u00e1nlott szempontok alapj\u00e1n. A hat\u00e1svizsg\u00e1lat a Semmelweis\u00a0 Egyetem (SE)\u00a0 Adatv\u00e9delmi tisztvisel\u0151j\u00e9nek, valamint az Adatv\u00e9delmi \u00e9s Betegjogi K\u00f6zpontj\u00e1nak bevon\u00e1s\u00e1val t\u00f6rt\u00e9nt. <strong>Ezen tev\u00e9kenys\u00e9gek biztos\u00edtj\u00e1k, hogy a kutat\u00e1s megfelel a hat\u00e1lyos nemzeti \u00e9s EU-s szint\u0171 jogi k\u00f6vetelm\u00e9nyeknek, valamint a GDPR vonatkoz\u00f3 rendelkez\u00e9seinek.<\/strong><\/p>\n<p>A kutat\u00e1s tervez\u00e9s\u00e9nek egyik kulcseleme a felm\u00e9r\u00e9sben r\u00e9sztvev\u0151k szem\u00e9lyhez f\u0171z\u0151d\u0151 \u00e9s egy\u00e9b jogainak v\u00e9delme, a kutat\u00e1sban val\u00f3 r\u00e9szv\u00e9tel kock\u00e1zat\u00e1nak cs\u00f6kkent\u00e9se \u00e9s a hat\u00e1lyos jogszab\u00e1lyoknak megfelel\u0151 adatv\u00e9delem, amelyet a kutat\u00e1s tervez\u00e9sekor az Adatv\u00e9delmi \u00e9s Betegjogi K\u00f6zpont bevon\u00e1s\u00e1val elv\u00e9gzett adatv\u00e9delmi hat\u00e1stanulm\u00e1nyr\u00f3l kiadott jogi megfelel\u0151s\u00e9gi v\u00e9lem\u00e9ny garant\u00e1l.<\/p>\n<p style=\"text-align: justify\">A kutat\u00e1sban r\u00e9sztvev\u0151k Semmelweis Study <a href=\"https:\/\/semmelweis.hu\/dolgozoivizsgalat\/semmelweis-study-bemutatasa\/fontos-informaciok\/adatkezelesi-tajekoztato\/\">Adatkezel\u00e9si T\u00e1j\u00e9koztat\u00f3<\/a> dokumentum alapj\u00e1n t\u00e1j\u00e9koz\u00f3dhatnak r\u00e9szletesen.<\/p>\n<div class=\"fontos_div\">\n<p>B\u0151vebb inform\u00e1ci\u00f3k\u00e9rt az al\u00e1bbi el\u00e9rhet\u0151s\u00e9geken keresse koll\u00e9g\u00e1inkat!<\/p>\n<p><strong>Telefonsz\u00e1m<\/strong>: +3630 878 0597 vagy a +3620 825 0598<br \/>\n<strong>E-mail<\/strong>:\u00a0<a href=\"mailto:semmelweis.study@semmelweis.hu\">semmelweis.study@semmelweis.hu<\/a><\/p>\n<\/div>\n<p><strong>Az \u00e9rintettek adatv\u00e9delmi k\u00e9rd\u00e9ssel, panasszal fordulhatnak a Semmelweis Egyetem adatv\u00e9delmi tisztvisel\u0151j\u00e9hez:<\/strong><\/p>\n<p><strong>Tr\u00f3cs\u00e1nyi S\u00e1ra<\/strong><br \/>\nE-mail:\u00a0<a href=\"mailto:adatvedelem@semmelweis-univ.hu\">adatvedelem@semmelweis.hu<\/a><br \/>\nSemmelweis Egyetem<br \/>\nSz\u00e9khely: 1085 Budapest, \u00dcll\u0151i \u00fat 26.<br \/>\nPostac\u00edm: 1428 Budapest, Pf.2)<\/p>\n<div class=\"keretes w-100\">\n<p style=\"text-align: center\">Semmelweis Egyetem Adatv\u00e9delmi szab\u00e1lyzatait r\u00e9szletesen <a href=\"https:\/\/semmelweis.hu\/jogigfoig\/adatvedelem-betegjog\/\">itt olvashatja.<\/a><\/p>\n<\/div>\n<h1>\u00a0<\/h1>\n<h1>AZ ADATKEZEL\u00c9S FOLYAMATA, ID\u0150TARTAMA<\/h1>\n<p>A Megel\u0151z\u0151 Orvostani \u00e9s N\u00e9peg\u00e9szs\u00e9gtani Int\u00e9zet (NEI), mint a Semmelweis Egyetem a kutat\u00e1s vonatkoz\u00e1s\u00e1ban adatkezel\u00e9sre kijel\u00f6lt szervezeti egys\u00e9ge biztos\u00edtja az adatok v\u00e9delm\u00e9t \u00e9s az adatbiztons\u00e1got. Kiz\u00e1r\u00f3lag ez az Int\u00e9zet gy\u0171jti, t\u00e1rolja \u00e9s v\u00e9di a m\u0171szeres vizsg\u00e1latok \u00e1ltal keletkezett adatokat \u00e9s mint\u00e1kat kutat\u00e1si azonos\u00edt\u00f3 ment\u00e9n. Az egyes mint\u00e1k feldolgoz\u00e1s\u00e1ban az egyetem m\u00e1s egys\u00e9gei, Laborat\u00f3riumi Medicina Int\u00e9zet, illetve Semmelweis Egyetem Biobank H\u00e1l\u00f3zat is r\u00e9szt vesznek. A Laborat\u00f3riumi Medicina Int\u00e9zetben a v\u00e9r- \u00e9s vizeletmint\u00e1k azonos\u00edt\u00e1sa kiz\u00e1r\u00f3lag a kutat\u00e1si azonos\u00edt\u00f3 ment\u00e9n t\u00f6rt\u00e9nik. Mivel a referencia \u00e9rt\u00e9kek meg\u00e1llap\u00edt\u00e1s\u00e1hoz sz\u00fcks\u00e9ges a r\u00e9sztvev\u0151 kora \u00e9s neme, ezen adatok is \u00e1tad\u00e1sra ker\u00fclnek az egyetemi informatikai rendszerbe.\u00a0 A biol\u00f3giai mint\u00e1k t\u00e1rol\u00e1sa a Megel\u0151z\u0151 Orvostani \u00e9s N\u00e9peg\u00e9szs\u00e9gtani Int\u00e9zetben egy m\u00e1sik azonos\u00edt\u00f3 ment\u00e9n t\u00f6rt\u00e9nik, illetve a genetikai eredm\u00e9nyek ezen azonos\u00edt\u00f3 ment\u00e9n ker\u00fclnek a Semmelweis Egyetem Biobank H\u00e1l\u00f3zat\u00e1ban t\u00e1rol\u00e1sra, ahol a szem\u00e9lyes adatok m\u00e1r nem \u00e1llnak rendelkez\u00e9sre, \u00edgy az azonos\u00edt\u00e1sra nincsen m\u00f3d.<\/p>\n<p>Az SE Megel\u0151z\u0151 Orvostani \u00e9s N\u00e9peg\u00e9szs\u00e9gtani Int\u00e9zetadatkezel\u0151k\u00e9nt kezeli a munkat\u00e1rsak munkahelyi email c\u00edm\u00e9t \u00e9s telefonsz\u00e1m\u00e1t, amelyeket a HR igazgat\u00f3s\u00e1g bocs\u00e1tott rendelkez\u00e9s\u00e9re a kutat\u00e1s c\u00e9lj\u00e1b\u00f3l az \u00e9rintettek toborz\u00e1s\u00e1hoz \u00e9s id\u0151pontegyeztet\u00e9s c\u00e9lj\u00e1b\u00f3l.<\/p>\n<p>Az SE Megel\u0151z\u0151 Orvostani \u00e9s N\u00e9peg\u00e9szs\u00e9gtani Int\u00e9zet a munkahelyi email c\u00edmen \u00e9s telefonsz\u00e1mon k\u00f6zvetlen\u00fcl keresi meg a c\u00e9lcsoportot, emailben elk\u00fcldi a toborz\u00e1si levelet, valamint felh\u00edvja az \u00e9rintettek figyelm\u00e9t a kutat\u00e1s honlapj\u00e1n el\u00e9rhet\u0151 fontos dokumentumokra: az adatkezel\u00e9si t\u00e1j\u00e9koztat\u00f3ra, a t\u00e1j\u00e9koztat\u00f3 levelekre, a hozz\u00e1j\u00e1rul\u00f3 nyilatkozatokra.<\/p>\n<p>&nbsp;<\/p>\n<p>Ebben az emailben megk\u00fcld\u00e9sre ker\u00fcl egy link is, amely a Szinapszis Kft. rendszer\u00e9hez vezet, itt gener\u00e1l\u00f3dik az egyedi kutat\u00e1si azonos\u00edt\u00f3, megval\u00f3s\u00edthat\u00f3 a hozz\u00e1j\u00e1rul\u00f3 nyilatkozatok elektronikus, valamint a k\u00e9rd\u0151\u00edv kit\u00f6lt\u00e9se. Az adatkezel\u0151 \u00e9s adatfeldolgoz\u00f3 k\u00f6z\u00f6tt az adatkezel\u00e9sre l\u00e9trej\u00f6v\u0151 szerz\u0151d\u00e9sben az adatfeldolgoz\u00f3 garanci\u00e1t v\u00e1llal, hogy nem f\u00e9rhetnek hozz\u00e1 a k\u00f3dkulcsokhoz a szerver\u00e9n. Az id\u0151pontfoglal\u00e1si rendszert a NEI m\u0171k\u00f6dteti, abba a r\u00e9sztvev\u0151k maguk, vagy a NEI munkat\u00e1rsai is r\u00f6gz\u00edthetik a klinikai vizsg\u00e1latok pontos id\u0151pontj\u00e1t a r\u00e9sztvev\u0151 nev\u00e9vel a szem\u00e9lyes, telefonos, vagy e-mailes egyeztet\u00e9s alapj\u00e1n.\u00a0<\/p>\n<p>A k\u00e9rd\u0151\u00edv elektronikus form\u00e1ban t\u00f6lthet\u0151 ki. A k\u00e9rd\u0151\u00edvek a Szinapszis Kft. \u00e1ltal k\u00e9sz\u00edtett \u00e9s \u00fczemeltetett fel\u00fcleten \u00e9rhet\u0151k el, az ott megadott adatok az SE NEI szerver\u00e9n ker\u00fclnek hossz\u00fat\u00e1v\u00fa t\u00e1rol\u00e1sra \u00e9s gy\u0171jt\u00e9sre. Az adatok \u00e9s az elektronikus beleegyez\u0151 nyilatkozatok \u00e1tad\u00e1sa heti id\u0151k\u00f6z\u00f6nk\u00e9nt t\u00f6rt\u00e9nik v\u00e9dett adattov\u00e1bb\u00edt\u00f3 rendszeren (emailben, jelsz\u00f3val v\u00e9dett Excel f\u00e1jlban; a jelsz\u00f3 k\u00fcl\u00f6n email c\u00edmre ker\u00fcl elk\u00fcld\u00e9sre).<\/p>\n<p>A vizsg\u00e1latok az SE NEI k\u00fcl\u00f6n, a kutat\u00e1sra kialak\u00edtott helysz\u00ednein t\u00f6rt\u00e9nnek. \u00c9rkez\u00e9skor, a n\u00e9v, \u00e9s a munkahelyi email alapj\u00e1n azonos\u00edtjuk a vizsg\u00e1lati szem\u00e9lyt. A vizsg\u00e1latok el\u0151tt megt\u00f6rt\u00e9nik a szem\u00e9lyes t\u00e1j\u00e9koztat\u00e1s, tov\u00e1bbi k\u00e9rd\u00e9sek tehet\u0151k fel a vizsg\u00e1latokkal kapcsolatban. \u00c1tad\u00e1sra ker\u00fcl a teljes kutat\u00e1si dokument\u00e1ci\u00f3 (t\u00e1j\u00e9koztat\u00f3k, hozz\u00e1j\u00e1rul\u00f3 nyilatkozatok), al\u00e1\u00edr\u00e1sra ker\u00fclnek a hozz\u00e1j\u00e1rul\u00f3 nyilatkozatok, az \u00e9rintett megkapja a kutat\u00e1si azonos\u00edt\u00f3j\u00e1t \u00e9s viszi mag\u00e1val az egyes vizsg\u00e1latokra. A recepci\u00f3 ut\u00e1n a vizsg\u00e1lati szem\u00e9lyzet kiz\u00e1r\u00f3lag a kutat\u00e1si azonos\u00edt\u00f3 ment\u00e9n r\u00f6gz\u00edti a vizsg\u00e1lat eredm\u00e9nyeit, a r\u00e9sztvev\u0151k a vizsg\u00e1latokban m\u00e1r csak kutat\u00e1si azonos\u00edt\u00f3val vesznek r\u00e9szt. A Semmelweis Study vizsg\u00e1lati adatai a vizsg\u00e1l\u00f3eszk\u00f6z\u00f6k t\u00e1rhely\u00e9re ment\u0151dnek az SE NEI vizsg\u00e1lati helyis\u00e9geiben, onnan napi ment\u00e9ssel ker\u00fclnek \u00e1t az SE NEI szerver\u00e9re, amely a Semmelweis Study saj\u00e1t szervere, nem \u00e1tj\u00e1rhat\u00f3 az egyetem szervereivel. A vizsg\u00e1lati adatokat, a k\u00e9rd\u0151\u00edves adatokat a NEI, mint adatkezel\u0151 kezeli a kutat\u00e1si azonos\u00edt\u00f3 ment\u00e9n.<\/p>\n<p>A pap\u00edr alap\u00fa hozz\u00e1j\u00e1rul\u00f3 nyilatkozatokat \u00e9s az al\u00e1\u00edrt vizsg\u00e1lati t\u00e1j\u00e9koztat\u00f3kat az SE NEI t\u00e1rolja elk\u00fcl\u00f6n\u00edtve z\u00e1rhat\u00f3 p\u00e1nc\u00e9lszekr\u00e9nyben. \u00a0Ezekhez az adatokhoz csak a vizsg\u00e1latvezet\u0151nek van hozz\u00e1f\u00e9r\u00e9se, a p\u00e1nc\u00e9lszekr\u00e9nyhez val\u00f3 hozz\u00e1f\u00e9r\u00e9s napl\u00f3zott, \u00e9s ezt a vizsg\u00e1latvezet\u0151 \u0151rzi.<\/p>\n<p>&nbsp;<\/p>\n<p><strong>Szinapszis Kft-t \u00e9rint\u0151 adatfeldolgoz\u00e1si folyamatok.:<\/strong><\/p>\n<ul>\n<li>a k\u00e9rd\u0151\u00edvben val\u00f3 r\u00e9szv\u00e9telre vonatkoz\u00f3 elektronikus hozz\u00e1j\u00e1rul\u00f3 nyilatkozat szem\u00e9lyes adatokat is tartalmaz, illetve az automatikusan gener\u00e1l\u00f3d\u00f3 kutat\u00e1si azonos\u00edt\u00f3t. A vizsg\u00e1lat sor\u00e1n gy\u0171jt\u00f6tt adatok a hozz\u00e1j\u00e1rul\u00f3 nyilatkozatokt\u00f3l elk\u00fcl\u00f6n\u00edtve, k\u00fcl\u00f6n szerveren ker\u00fclnek t\u00e1rol\u00e1sra. K\u00f3dkulcsot az adatfeldolgoz\u00f3 nem kezelhet (nem kapcsolhat \u00f6ssze azonos\u00edt\u00f3 adatot vizsg\u00e1lati adattal).<\/li>\n<li>k\u00e9rd\u0151\u00edvre adott v\u00e1laszok t\u00e1rol\u00e1sa kutat\u00e1si azonos\u00edt\u00f3 ment\u00e9n t\u00f6rt\u00e9nik (pszeudonimiz\u00e1lt form\u00e1ban)<\/li>\n<li>k\u00f6vetkez\u0151 kutat\u00e1si hull\u00e1mokban val\u00f3 r\u00e9szv\u00e9telhez t\u00f6rt\u00e9n\u0151 megkeres\u00e9sre t\u00f6rt\u00e9n\u0151 hozz\u00e1j\u00e1rul\u00e1s<\/li>\n<li>kutat\u00e1s fiziol\u00f3giai, fizik\u00e1lis vizsg\u00e1latokhoz val\u00f3 id\u0151pont egyeztet\u00e9shez kontakt adatok r\u00f6gz\u00edt\u00e9se azokn\u00e1l, akik a k\u00e9rd\u0151\u00edvet a vizsg\u00e1latok el\u0151tt t\u00f6ltik ki<\/li>\n<li>beleegyez\u0151 \u00e9s k\u00e9rd\u0151\u00edvre adott adatokat meghat\u00e1rozott (pl: heti) rendszeress\u00e9ggel adja \u00e1t a NEI-nek<\/li>\n<li>t\u00f6rl\u00e9si ig\u00e9ny eset\u00e9n Semmelweis NEI jelzi a Szinapszisnak \u00e9s az adatfeldolgoz\u00f3 adatv\u00e9delmi tisztvisel\u0151je int\u00e9zkedik az adott adat t\u00f6rl\u00e9s\u00e9r\u0151l jogszab\u00e1lyban meghat\u00e1rozott hat\u00e1rid\u0151n bel\u00fcl\/adatkezel\u0151 k\u00e9r\u00e9s\u00e9nek megfelel\u0151en<\/li>\n<li>Szinapszis Kf.t abban az esetben v\u00e9gez adatt\u00f6rl\u00e9st, ha azt a Semmelweis \u00edr\u00e1sban k\u00e9ri.<\/li>\n<\/ul>\n<p>&nbsp;<\/p>\n<p>A Szinapszis Kft. az adatkezel\u00e9st a GDPR kompatibilis informatikai biztons\u00e1gi szab\u00e1lyzat\u00e1ban foglaltaknak megfelel\u0151en v\u00e9gzi el, mely megfelel\u0151 technikai, fizikai \u00e9s szem\u00e9lyi hozz\u00e1f\u00e9r\u00e9si garanci\u00e1kat biztos\u00edt, amely garanci\u00e1kat az adatkezel\u0151vel al\u00e1\u00edrt szerz\u0151d\u00e9s r\u00f6gz\u00edt.<\/p>\n<p>Az adatfeldolgoz\u00f3 Szinapszis Kft. adatv\u00e9delmet \u00e9s inform\u00e1ci\u00f3biztons\u00e1got biztos\u00edt\u00f3 rendelkez\u00e9sei:<\/p>\n<ol>\n<li>a) Felhaszn\u00e1l\u00f3k rendszeres inform\u00e1ci\u00f3biztons\u00e1g-tudatoss\u00e1gi k\u00e9pz\u00e9se (6 havonta).<\/li>\n<li>b) Naprak\u00e9sz oper\u00e1ci\u00f3s rendszer \u00e9s alkalmaz\u00e1s-friss\u00edt\u00e9s.<\/li>\n<li>c) Malware\/antiv\u00edrus sz\u0171r\u00e9s szerveren \u00e9s kliens g\u00e9peken.<\/li>\n<li>d) T\u0171zfal rendszer haszn\u00e1lata szerveren \u00e9s kliens g\u00e9peken.<\/li>\n<li>e) Felhaszn\u00e1l\u00f3k k\u00f6zponti c\u00edmt\u00e1r alap\u00fa hiteles\u00edt\u00e9se: er\u0151s jelsz\u00f3 haszn\u00e1lata, (rendszeres jelsz\u00f3csere \u2013 havonta, el\u0151z\u0151 3 jelsz\u00f3 ism\u00e9telt felhaszn\u00e1l\u00e1sa nem megengedett), k\u00fcl\u00f6nb\u00f6z\u0151 jogosults\u00e1gi szintek alkalmaz\u00e1sa.<\/li>\n<li>f) Automatiz\u00e1lt napi ment\u00e9s, ill. ezen fel\u00fcl automatiz\u00e1lt heti ment\u00e9s m\u00e1sik telephelyre: titkos\u00edtott, jelsz\u00f3val v\u00e9dett ment\u00e9s.<\/li>\n<li>g) Szerver fizikai v\u00e9delem: z\u00e1rhat\u00f3 helys\u00e9g, riaszt\u00f3 \u00e9s t\u0171zjelz\u0151 alkalmaz\u00e1sa.<\/li>\n<\/ol>\n<p>&nbsp;<\/p>\n<h1>AZ ADATV\u00c9DELMET \u00c9S INFORM\u00c1CI\u00d3BIZTONS\u00c1GOT BIZTOS\u00cdT\u00d3 TECHNIKAI \u00c9S SZERVEZ\u00c9SI INT\u00c9ZKED\u00c9SEK<\/h1>\n<p>A kutat\u00e1s lebonyol\u00edt\u00e1sa sor\u00e1n a Semmelweis Egyetem adatkezel\u00e9si, inform\u00e1ci\u00f3biztons\u00e1gi szab\u00e1lyzat\u00e1ban foglalt el\u0151\u00edr\u00e1sok, valamint a nemzeti \u00e9s EU-s hat\u00e1lyos t\u00f6rv\u00e9nyek \u00e9s rendelkez\u00e9sek \u00e9rv\u00e9nyes\u00fclnek az adatok v\u00e9delme kapcs\u00e1n is.<\/p>\n<p>A vizsg\u00e1lat sor\u00e1n gy\u0171jt\u00f6tt, kezelt \u00e9s t\u00e1rolt adatok biztons\u00e1g\u00e1t k\u00fcl\u00f6nb\u00f6z\u0151 technikai, informatikai \u00e9s szervezeti int\u00e9zked\u00e9sekkel garant\u00e1ljuk. A vizsg\u00e1lat kiindul\u00f3 adatfelv\u00e9tel\u00e9nek (k\u00e9rd\u0151\u00edves + biol\u00f3giai, laborat\u00f3riumi \u00e9s genetikai adatok) lebonyol\u00edt\u00e1s\u00e1hoz sz\u00fcks\u00e9ges szem\u00e9lyazonos\u00edt\u00e1sra alkalmas szem\u00e9lyes adatokhoz, valamint az 5 \u00e9vente megism\u00e9telni tervezett adatfelv\u00e9telek sor\u00e1n gy\u0171jt\u00f6tt, \u00e1lneves\u00edtett form\u00e1ban t\u00e1rolt k\u00e9rd\u0151\u00edves, biol\u00f3giai, laborat\u00f3riumi \u00e9s genetikai adatokhoz val\u00f3 hozz\u00e1f\u00e9r\u00e9shez egy\u00e9rtelm\u0171en szab\u00e1lyozott, jogosults\u00e1gi rendszert dolgozunk ki.<\/p>\n<p>A v\u00e9delem els\u0151 vonal\u00e1t az\u00a0<strong>adatok k\u00fcl\u00f6nv\u00e1laszt\u00e1sa\u00a0<\/strong>jelenti, valamint a logikai \u00e9s fizikai\u00a0<strong>hozz\u00e1f\u00e9r\u00e9s korl\u00e1toz\u00e1sa.<\/strong><\/p>\n<p>A szem\u00e9lyazonos\u00edt\u00e1sra alkalmas szem\u00e9lyes adatokat minden esetben (fizikailag \u00e9s digit\u00e1lisan is) k\u00fcl\u00f6n kezelj\u00fck a vizsg\u00e1lat sor\u00e1n gy\u0171jt\u00f6tt, pszeudonim k\u00e9rd\u0151\u00edves \/ fiziol\u00f3giai \/ biol\u00f3giai \/ genetikai adatokt\u00f3l. A vizsg\u00e1lat sor\u00e1n gy\u0171jt\u00f6tt adatokat t\u00e1rol\u00f3 adatb\u00e1zis strukt\u00far\u00e1ja, valamint a hozz\u00e1f\u00e9r\u00e9si jogosults\u00e1gok szab\u00e1lyz\u00e1sa \u00e1ltal is biztos\u00edtjuk az adatok teljesk\u00f6r\u0171 v\u00e9delm\u00e9t.<\/p>\n<p>Fizikai k\u00fcl\u00f6nv\u00e1laszt\u00e1st biztos\u00edtj\u00e1k, hogy a kiindul\u00f3 adatfelv\u00e9tel sor\u00e1n al\u00e1\u00edrt beleegyez\u0151 nyilatkozatok \u00e9s t\u00e1j\u00e9koztat\u00f3k eredeti (pap\u00edr alap\u00fa) p\u00e9ld\u00e1nyait, a szem\u00e9lyazonos\u00edt\u00e1sra alkalmas szem\u00e9lyes adatok, a szem\u00e9lyazonos\u00edt\u00e1sra alkalmatlan k\u00e9rd\u0151\u00edves \/ biol\u00f3giai \/ fiziol\u00f3giai \/ genetikai adatok \u00e9s a kutat\u00e1si azonos\u00edt\u00f3 k\u00fcl\u00f6n helyis\u00e9gben ker\u00fclnek t\u00e1rol\u00e1s\u00e1ra.<\/p>\n<p>Tov\u00e1bbi garancia, hogy a szem\u00e9lyazonos\u00edt\u00e1sra alkalmatlan biol\u00f3giai \u00e9s genetikai adatok, valamint szem\u00e9lyazonos\u00edt\u00e1sra alkalmas szem\u00e9lyes adatok \u00f6sszekapcsol\u00e1s\u00e1ra alkalmas els\u0151dleges (logikai) kulcsot t\u00f6bbsz\u00f6r\u00f6sen v\u00e9dett digit\u00e1lis form\u00e1ban t\u00e1roljuk. A k\u00f3d kombin\u00e1ci\u00f3j\u00e1t csak a kutat\u00e1s vezet\u0151je \u00e9s adatkezel\u0151 informatikusa ismerheti.<\/p>\n<p>A logikai hozz\u00e1f\u00e9r\u00e9s biztos\u00edt\u00e1s\u00e1hoz t\u00f6bb szint\u0171 v\u00e9delmet alkalmazunk, hogy kiz\u00e1rjuk \/ minimaliz\u00e1ljuk az illet\u00e9ktelen szem\u00e9lyek szem\u00e9lyes adatokhoz val\u00f3 hozz\u00e1f\u00e9r\u00e9s\u00e9t. Az adatokhoz hozz\u00e1f\u00e9r\u0151 vizsg\u00e1lati dolgoz\u00f3kat \/ kutat\u00f3kat (mint felhaszn\u00e1l\u00f3k) csoportokra osztjuk, jogosults\u00e1g szerint, \u00edgy a szerepek meghat\u00e1rozz\u00e1k a hozz\u00e1f\u00e9rhet\u0151 adatok k\u00f6r\u00e9t.\u00a0<\/p>\n<p>H\u00e1rom jogosults\u00e1gi szerepet alak\u00edtunk ki:<\/p>\n<p>\u00a0\u00a0\u00a0\u00a0\u00a0\u00a0\u00a0\u00a0<strong>Adatmenedzser<\/strong>: legsz\u00e9lesebb hozz\u00e1f\u00e9r\u00e9st biztos\u00edtja, kiz\u00e1r\u00f3lag ez a felhaszn\u00e1l\u00f3 l\u00e1t r\u00e1 az adminisztrat\u00edv (szem\u00e9lyes adatok) \u00e9s a szem\u00e9lyazonos\u00edt\u00e1sra alkalmatlan (biol\u00f3giai) adatok \u00f6sszekapcsol\u00e1s\u00e1t lehet\u0151v\u00e9 tev\u0151 els\u0151dleges kulcsra. Az ilyen hozz\u00e1f\u00e9r\u00e9ssel t\u00f6rt\u00e9nt beavatkoz\u00e1sokat napl\u00f3zzuk.<\/p>\n<p>\u00a0\u00a0\u00a0<strong>Adminisztr\u00e1tor<\/strong>: csak a vizsg\u00e1lat lebonyol\u00edt\u00e1s\u00e1hoz, vizsg\u00e1lati szem\u00e9lyekkel val\u00f3 kommunik\u00e1ci\u00f3hoz sz\u00fcks\u00e9ges (szem\u00e9lyes) adatok k\u00f6r\u00e9re l\u00e1t r\u00e1.<\/p>\n<p>\u00a0\u00a0\u00a0\u00a0\u00a0\u00a0\u00a0\u00a0\u00a0<strong>Kutat\u00f3<\/strong>: csak a szem\u00e9lyes azonos\u00edt\u00e1sra alkalmatlan, a k\u00e9rd\u0151\u00edves \u00e9s fiziol\u00f3giai vizsg\u00e1latok sor\u00e1n \u201ekeletkez\u0151\u201d kutat\u00e1si adatokra l\u00e1t r\u00e1 kiz\u00e1r\u00f3lag a kutat\u00e1si azonos\u00edt\u00f3 ment\u00e9n.<\/p>\n<p>&nbsp;<\/p>\n<p>A vizsg\u00e1latokb\u00f3l sz\u00e1rmaz\u00f3 adatokat az SE NEI maga t\u00e1rolja a vizsg\u00e1lati eszk\u00f6z\u00f6k saj\u00e1t hardver\u00e9n, amelyet naponta lement a NEI \u00e1ltal kiz\u00e1r\u00f3lag a kutat\u00e1s c\u00e9ljaira fenntartott \u00e9s v\u00e9dett biztons\u00e1gos szerveren.<\/p>\n<p>A passz\u00edv adatk\u00f6vet\u00e9sb\u0151l sz\u00e1rmaz\u00f3 adatokat a be\u00e9rkez\u00e9st k\u00f6vet\u0151en azonnal \u00a0\u00e1lneves\u00edtj\u00fck, majd az SE NEI saj\u00e1t, az egyetem szerver\u00e9t\u0151l elk\u00fcl\u00f6n\u00edtett szerver\u00e9n t\u00e1roljuk kutat\u00e1si azonos\u00edt\u00f3 ment\u00e9n. Az adatb\u00e1zisokat a kutat\u00e1si azonos\u00edt\u00f3 ment\u00e9n \u00f6sszekapcsoljuk, az adatmenedzser v\u00e1ltoz\u00f3kat \u00e9s sz\u00e1rmaztatott v\u00e1ltoz\u00f3kat k\u00e9pez, amelyek adatsz\u00f3t\u00e1rban t\u00e1rol\u00f3dnak. Az adatelemz\u00e9s kiz\u00e1r\u00f3lag kutat\u00e1si azonos\u00edt\u00f3 ment\u00e9n, azonos\u00edt\u00e1sra alkalmatlan m\u00f3don t\u00f6rt\u00e9nik.<\/p>\n<p>A kutat\u00e1s adatfelv\u00e9tel\u00e9ben, adatkezel\u00e9s\u00e9ben r\u00e9sztvev\u0151 minden szem\u00e9lynek titoktart\u00e1si nyilatkozatot kell al\u00e1\u00edrnia, melyben v\u00e1llalja, hogy b\u00fcntet\u0151jogi felel\u0151ss\u00e9g\u00e9nek tudat\u00e1ban kezeli az adatokat a kutat\u00e1s c\u00e9lj\u00e1b\u00f3l. A felhaszn\u00e1l\u00f3k csak az Adatmenedzsert\u0151l kapott jelsz\u00f3val f\u00e9rhetnek hozz\u00e1 b\u00e1rmilyen adathoz. A felhaszn\u00e1l\u00f3k az SE Inform\u00e1ci\u00f3biztons\u00e1gi Szab\u00e1lyzat\u00e1nak vonatkoz\u00f3 rendelkez\u00e9seit, valamint a GDPR rendelkez\u00e9sek megismer\u00e9s\u00e9t \u00e9s betart\u00e1s\u00e1t nyilatkozatban v\u00e1llalj\u00e1k.<\/p>\n<p>Az adatok v\u00e9delm\u00e9t szolg\u00e1lja tov\u00e1bb\u00e1, hogy a vizsg\u00e1lat lebonyol\u00edt\u00e1sa sor\u00e1n folyamatosan gondoskodunk minden gy\u0171jt\u00f6tt adat biztons\u00e1gi m\u00e1solat\u00e1r\u00f3l, automatiz\u00e1lt, meghat\u00e1rozott rendszeress\u00e9g\u0171 (napi vagy heti)\u00a0<strong>biztons\u00e1gi ment\u00e9sekkel<\/strong>, egy\u00a0<strong>m\u00e1sodlagos (backup) szerver t\u00e1rol\u00f3egys\u00e9g\u00e9re<\/strong>. A m\u00e1sodlagos server fizikailag is k\u00fcl\u00f6n, elz\u00e1rt helyis\u00e9gben foglal helyet, kidolgozott jogosults\u00e1gkioszt\u00e1ssal, ezzel is n\u00f6velve a biztons\u00e1got, figyelembe v\u00e9ve az SE Munkahelyi biztons\u00e1gszervez\u00e9si Szab\u00e1lyzatban foglaltakat.<\/p>\n<p>A Szinapszis Kft. szem\u00e9lyes adatokat csak a hozz\u00e1j\u00e1rul\u00f3 nyilatkozatban ismerhet meg, de csak azut\u00e1n, hogy a vizsg\u00e1lati szem\u00e9lyek al\u00e1\u00edrt\u00e1k azt, hozz\u00e1j\u00e1rulva azok megad\u00e1s\u00e1hoz. Csak az adatok legsz\u0171kebb k\u00f6r\u00e9re terjed ki, t\u00f6bbi adat opcion\u00e1lisan adhat\u00f3 meg az \u00e9rintettek \u00e1ltal.\u00a0<\/p>\n<p>A fizikai, fizik\u00e1lis \u00e9s laborvizsg\u00e1latokat v\u00e9gz\u0151 eg\u00e9szs\u00e9g\u00fcgyi szem\u00e9lyzet l\u00e1tja a vizsg\u00e1latra \u00e9rkezett szem\u00e9ly kutat\u00e1si azonos\u00edt\u00f3j\u00e1t, illetve azt, hogy kit\u00f6lt\u00f6tte- e a k\u00e9rd\u0151\u00edvet, avagy nem. A megadott v\u00e1laszokat nem l\u00e1tja.<\/p>\n<p>&nbsp;<\/p>\n<p><strong>A kutat\u00e1sban val\u00f3 r\u00e9szv\u00e9tel eset\u00e9n biztos\u00edtjuk, hogy a r\u00e9sztvev\u0151k v\u00e1laszait, eg\u00e9szs\u00e9g\u00fcgyi adatait a munk\u00e1ltat\u00f3i jogokat gyakorl\u00f3 szem\u00e9ly, illetve felettese nem ismerheti meg, azokba semmilyen m\u00f3don nem nyerhet betekint\u00e9st. A kutat\u00e1s adatfelv\u00e9tel\u00e9ben, adatkezel\u00e9s\u00e9ben r\u00e9sztvev\u0151 szem\u00e9lyzet az alapul fekv\u0151 jogviszonyuk fenn\u00e1ll\u00e1s\u00e1t\u00f3l f\u00fcggetlen\u00fcl, id\u0151beli korl\u00e1toz\u00e1s n\u00e9lk\u00fcl titoktart\u00e1sra k\u00f6telezettek. E k\u00f6telezetts\u00e9g\u00fcket a munka megkezd\u00e9s\u00e9t megel\u0151z\u0151en \u00edr\u00e1sbeli nyilatkozatban ismerik el.<\/strong><\/p>\n","protected":false},"excerpt":{"rendered":"<p>Az adatv\u00e9delmi \u00e9s inform\u00e1ci\u00f3biztons\u00e1gi szempontok sz\u00e9lesk\u00f6r\u0171 figyelembev\u00e9tele \u00e9s biztos\u00edt\u00e1sa \u00e9rdek\u00e9ben a Semmelweis Study-ra vonatkoz\u00f3 adatv\u00e9delmi hat\u00e1svizsg\u00e1latot v\u00e9gezt\u00fcnk a Nemzeti Adatv\u00e9delmi \u00e9s Inform\u00e1ci\u00f3szabads\u00e1g Hat\u00f3s\u00e1g (NAIH) \u00e1ltal aj\u00e1nlott szempontok alapj\u00e1n. A hat\u00e1svizsg\u00e1lat a Semmelweis\u00a0 Egyetem (SE)\u00a0 Adatv\u00e9delmi tisztvisel\u0151j\u00e9nek, valamint az Adatv\u00e9delmi \u00e9s Betegjogi K\u00f6zpontj\u00e1nak bevon\u00e1s\u00e1val t\u00f6rt\u00e9nt. Ezen tev\u00e9kenys\u00e9gek biztos\u00edtj\u00e1k, hogy a kutat\u00e1s megfelel a hat\u00e1lyos nemzeti \u00e9s &hellip;<\/p>\n","protected":false},"author":102104,"featured_media":0,"parent":0,"menu_order":0,"comment_status":"closed","ping_status":"closed","template":"","meta":{"_acf_changed":false,"footnotes":""},"categories":[],"tags":[],"class_list":["post-546","page","type-page","status-publish","hentry"],"acf":[],"_links":{"self":[{"href":"https:\/\/semmelweis.hu\/dolgozoivizsgalat\/wp-json\/wp\/v2\/pages\/546","targetHints":{"allow":["GET"]}}],"collection":[{"href":"https:\/\/semmelweis.hu\/dolgozoivizsgalat\/wp-json\/wp\/v2\/pages"}],"about":[{"href":"https:\/\/semmelweis.hu\/dolgozoivizsgalat\/wp-json\/wp\/v2\/types\/page"}],"author":[{"embeddable":true,"href":"https:\/\/semmelweis.hu\/dolgozoivizsgalat\/wp-json\/wp\/v2\/users\/102104"}],"replies":[{"embeddable":true,"href":"https:\/\/semmelweis.hu\/dolgozoivizsgalat\/wp-json\/wp\/v2\/comments?post=546"}],"version-history":[{"count":10,"href":"https:\/\/semmelweis.hu\/dolgozoivizsgalat\/wp-json\/wp\/v2\/pages\/546\/revisions"}],"predecessor-version":[{"id":797,"href":"https:\/\/semmelweis.hu\/dolgozoivizsgalat\/wp-json\/wp\/v2\/pages\/546\/revisions\/797"}],"wp:attachment":[{"href":"https:\/\/semmelweis.hu\/dolgozoivizsgalat\/wp-json\/wp\/v2\/media?parent=546"}],"wp:term":[{"taxonomy":"category","embeddable":true,"href":"https:\/\/semmelweis.hu\/dolgozoivizsgalat\/wp-json\/wp\/v2\/categories?post=546"},{"taxonomy":"post_tag","embeddable":true,"href":"https:\/\/semmelweis.hu\/dolgozoivizsgalat\/wp-json\/wp\/v2\/tags?post=546"}],"curies":[{"name":"wp","href":"https:\/\/api.w.org\/{rel}","templated":true}]}}