{"id":5,"date":"2022-06-22T16:05:13","date_gmt":"2022-06-22T14:05:13","guid":{"rendered":"https:\/\/semmelweis.hu\/dolgozoivizsgalat\/?page_id=5"},"modified":"2025-09-16T15:43:58","modified_gmt":"2025-09-16T13:43:58","slug":"semmelweis-study-bemutatasa","status":"publish","type":"page","link":"https:\/\/semmelweis.hu\/dolgozoivizsgalat\/semmelweis-study-bemutatasa\/","title":{"rendered":"Semmelweis Study bemutat\u00e1sa"},"content":{"rendered":"<p><img loading=\"lazy\" decoding=\"async\" class=\"alignright wp-image-527 size-thumbnail\" src=\"https:\/\/semmelweis.hu\/dolgozoivizsgalat\/files\/2024\/03\/Semmelweis-Study-2024-1-150x150.jpg\" alt=\"\" width=\"150\" height=\"150\" srcset=\"https:\/\/semmelweis.hu\/dolgozoivizsgalat\/files\/2024\/03\/Semmelweis-Study-2024-1-150x150.jpg 150w, https:\/\/semmelweis.hu\/dolgozoivizsgalat\/files\/2024\/03\/Semmelweis-Study-2024-1-400x400.jpg 400w, https:\/\/semmelweis.hu\/dolgozoivizsgalat\/files\/2024\/03\/Semmelweis-Study-2024-1-1024x1024.jpg 1024w, https:\/\/semmelweis.hu\/dolgozoivizsgalat\/files\/2024\/03\/Semmelweis-Study-2024-1-768x768.jpg 768w, https:\/\/semmelweis.hu\/dolgozoivizsgalat\/files\/2024\/03\/Semmelweis-Study-2024-1-1536x1536.jpg 1536w, https:\/\/semmelweis.hu\/dolgozoivizsgalat\/files\/2024\/03\/Semmelweis-Study-2024-1-2048x2048.jpg 2048w, https:\/\/semmelweis.hu\/dolgozoivizsgalat\/files\/2024\/03\/Semmelweis-Study-2024-1-753x753.jpg 753w\" sizes=\"auto, (max-width: 150px) 100vw, 150px\" \/><\/p>\n<h2>K\u00e9rj\u00fck, vegyen r\u00e9szt \u00d6n is a Semmelweis Study dolgoz\u00f3i kohorsz kutat\u00e1sban! \u00a0<\/h2>\n<p><strong>A kutat\u00e1s indokolts\u00e1ga<\/strong><\/p>\n<p style=\"text-align: justify\">Magyarorsz\u00e1g szembes\u00fcl az \u00f6reged\u0151 n\u00e9pess\u00e9g \u00e1ltal okozott n\u00e9peg\u00e9szs\u00e9g\u00fcgyi kih\u00edv\u00e1sokkal, k\u00fcl\u00f6n\u00f6sen az eg\u00e9szs\u00e9gtelen \u00f6reged\u00e9s \u00e9s az ezzel \u00f6sszef\u00fcgg\u0151 betegs\u00e9gek n\u00f6vekv\u0151 el\u0151fordul\u00e1sa miatt. Ez a k\u00f6r\u00fclm\u00e9ny hangs\u00falyozza az eg\u00e9szs\u00e9ges \u00f6reged\u00e9s el\u0151seg\u00edt\u00e9s\u00e9nek fontoss\u00e1g\u00e1t.<\/p>\n<p style=\"text-align: justify\">A Semmelweis Egyetem, Magyarorsz\u00e1g vezet\u0151 int\u00e9zm\u00e9nye az orvostudom\u00e1ny \u00e9s eg\u00e9szs\u00e9gtudom\u00e1ny ter\u00fclet\u00e9n, v\u00e1laszt keres ezekre a kih\u00edv\u00e1sokra az Eg\u00e9szs\u00e9ges Id\u0151s\u00f6d\u00e9s Programon kereszt\u00fcl. Ennek r\u00e9szek\u00e9nt a 2024-ben indult longitudin\u00e1lis munkahelyi kohorszvizsg\u00e1latunk a Megel\u0151z\u0151 Orvostani \u00e9s N\u00e9peg\u00e9szs\u00e9gtani Int\u00e9zet vezet\u00e9s\u00e9vel t\u00f6bb \u00e9vtizeden \u00e1t, \u00f6t\u00e9vente ism\u00e9tl\u0151d\u0151 ciklusokban zajlik. Kutat\u00e1sunk c\u00e9lja, hogy \u00e1tfog\u00f3 k\u00e9pet kapjunk azon kock\u00e1zati t\u00e9nyez\u0151kr\u0151l, amelyek Magyarorsz\u00e1gon az \u00f6reged\u00e9s biol\u00f3giai folyamatait felgyors\u00edtj\u00e1k \u00e9s ez\u00e1ltal az \u00f6reged\u00e9ssel \u00f6sszef\u00fcgg\u0151 betegs\u00e9geket befoly\u00e1solj\u00e1k.<\/p>\n<p style=\"text-align: center\"><strong><span style=\"font-size: 24pt;color: #0000ff\"><a href=\"https:\/\/kerdoiv.szinapszis.hu\/SE\/1\/SZ231116\/?tui=auto&amp;nocookie=1\">Jelentkezem a kutat\u00e1sba!<\/a><\/span><\/strong><\/p>\n<p style=\"text-align: justify\">A kutat\u00e1s 2024 elej\u00e9n indul, amelynek keret\u00e9ben v\u00e1rhat\u00f3an t\u00f6bb \u00e9vtizeden kereszt\u00fcl gy\u0171jt majd adatokat a Megel\u0151z\u0151 Orvostani \u00e9s N\u00e9peg\u00e9szs\u00e9gtani Int\u00e9zet kutat\u00e1si csapata az egyetemi dolgoz\u00f3k eg\u00e9szs\u00e9gi \u00e1llapot\u00e1r\u00f3l \u00e9s az azt meghat\u00e1roz\u00f3 fontos t\u00e9nyez\u0151kr\u0151l. C\u00e9lunk a haz\u00e1nkban nagy betegs\u00e9gterhet jelent\u0151 kr\u00f3nikus megbeteged\u00e9sek kialakul\u00e1s\u00e1t \u00e9s kock\u00e1zati t\u00e9nyez\u0151it r\u00e9szletesen megismerni.\u00a0\u00a0<\/p>\n<p style=\"text-align: justify\">Hosszabb t\u00e1von c\u00e9l a szem\u00e9lyre szabott eg\u00e9szs\u00e9gfejleszt\u00e9s \u00e9s betegs\u00e9gmegel\u0151z\u00e9s fejleszt\u00e9se az emberek saj\u00e1t biol\u00f3giai, pszichol\u00f3giai, munkahelyi \u00e9s t\u00e1rsadalmi k\u00f6rnyezet\u00e9t figyelembe v\u00e9ve. Tov\u00e1bb\u00e1 az eg\u00e9szs\u00e9ges \u00f6reged\u00e9st t\u00e1mogat\u00f3 d\u00f6nt\u00e9sek \u00e9s beavatkoz\u00e1sok fejleszt\u00e9se.\u00a0<\/p>\n<p style=\"text-align: center\"><strong>\u00a0\u00a0<\/strong><\/p>\n<div class=\"fontos_div\">\n<p style=\"text-align: center\"><span style=\"font-size: 18pt\"><strong>A Semmelweis Study-ban val\u00f3 r\u00e9szv\u00e9tele egy\u00e9ni \u00e9s t\u00e1rsadalmi szinten egyar\u00e1nt hasznos. Ezen megfontol\u00e1sb\u00f3l az Egyetem vezet\u0151s\u00e9ge a Semmelweis\u00a0 Study vizsg\u00e1lataiban val\u00f3 r\u00e9szv\u00e9telre a napi munkaid\u0151b\u0151l 4 \u00f3r\u00e1t enged\u00e9lyez a r\u00e9sztvev\u0151knek, a k\u00f6zvetlen felettessel val\u00f3 egyeztet\u00e9s ut\u00e1n.<\/strong><\/span><\/p>\n<\/div>\n<p>&nbsp;<\/p>\n<p style=\"text-align: center\"><a class=\"button\" href=\"https:\/\/semmelweis.hu\/dolgozoivizsgalat\/se-study-idopontfoglalo\/\" target=\"_blank\" rel=\"noopener\">id\u0151pontot foglalok<\/a><\/p>\n<p style=\"text-align: center\"><span style=\"color: #003366\"><strong>K\u00e9rj\u00fck az \u00d6n \u00e1ltal foglalt vizsg\u00e1lati napra hozza mag\u00e1val a TAJ &#8211; k\u00e1rty\u00e1j\u00e1t, vagy annak m\u00e1solat\u00e1t (ak\u00e1r fot\u00f3 form\u00e1tumban)<\/strong><\/span><\/p>\n<div class=\"lead w-100\" style=\"text-align: center\">\u00a0<\/div>\n<p><strong>C\u00e9lkit\u0171z\u00e9s\u00fcnk<\/strong><\/p>\n<p style=\"text-align: justify\">A Semmelweis Egyetem c\u00e9lja, hogy az \u00f6sszegy\u0171jt\u00f6tt adatok seg\u00edts\u00e9g\u00e9vel szem\u00e9lyre szabott eg\u00e9szs\u00e9gfejleszt\u00e9si \u00e9s betegs\u00e9gmegel\u0151z\u00e9si programokat hozzon l\u00e9tre. E programok kiemelten kezelik az egy\u00e9nek biol\u00f3giai, pszichol\u00f3giai, munkahelyi \u00e9s t\u00e1rsadalmi saj\u00e1toss\u00e1gait, hogy hat\u00e9konyan t\u00e1mogass\u00e1k az eg\u00e9szs\u00e9ges \u00f6reged\u00e9si folyamatokat \u00e9s \u00faj\u00edt\u00e1sokat vezessenek be a megel\u0151z\u0151 orvostudom\u00e1ny ter\u00e9n.<\/p>\n<div>\n<h5>A kutat\u00e1s t\u00f6bb elemb\u0151l \u00e1ll:<\/h5>\n<\/div>\n<div class=\"fontos_div\">\n<p style=\"text-align: justify\"><span style=\"font-size: 14pt\"><strong>K\u00e9rd\u0151\u00edvek:<\/strong> A r\u00e9sztvev\u0151k fontos eg\u00e9szs\u00e9g\u00fcgyi t\u00e9nyez\u0151ket felt\u00e1r\u00f3 k\u00e9rd\u00e9seket v\u00e1laszolnak meg.<\/span><\/p>\n<p style=\"text-align: justify\"><span style=\"font-size: 14pt\"><strong>\u00c9lettani \u00e9s biok\u00e9miai vizsg\u00e1latok<\/strong>: K\u00fcl\u00f6nf\u00e9le tesztekkel \u2013 mint az \u00e9rfunkci\u00f3, j\u00e1r\u00e1s, szemfen\u00e9ki erek vizsg\u00e1lata \u00e9s test\u00f6sszet\u00e9tel m\u00e9r\u00e9s \u2013, valamint v\u00e9r- \u00e9s vizeletmint\u00e1k elemz\u00e9s\u00e9vel \u00e9rt\u00e9kelj\u00fck a szervrendszerek eg\u00e9szs\u00e9gi \u00e1llapot\u00e1t.<\/span><\/p>\n<p style=\"text-align: justify\"><span style=\"font-size: 14pt\"><strong>Adatelemz\u00e9s: <\/strong>Az eg\u00e9szs\u00e9g\u00fcgyi ell\u00e1t\u00e1sb\u00f3l sz\u00e1rmaz\u00f3 adatokat a t\u00f6bbi adattal egy\u00fctt statisztikailag elemezz\u00fck, az adatok anonimit\u00e1s\u00e1t biztos\u00edtva.<\/span><\/p>\n<p style=\"text-align: justify\"><span style=\"font-size: 14pt\"><strong>Be\u00e1gyazott vizsg\u00e1latok:<\/strong> Kisebb csoportokon tesztelj\u00fck az eg\u00e9szs\u00e9gfejleszt\u00e9si \u00e9s betegs\u00e9gmegel\u0151z\u00e9si beavatkoz\u00e1sokat, k\u00fcl\u00f6n megkeres\u00e9s alapj\u00e1n.<\/span><\/p>\n<\/div>\n<div class=\"lead\" style=\"text-align: justify\">Az adatgy\u0171jt\u00e9s az EU adatv\u00e9delmi szab\u00e1lyainak megfelel\u0151en, szigor\u00fa anonimit\u00e1ssal t\u00f6rt\u00e9nik. Tov\u00e1bbi inform\u00e1ci\u00f3\u00e9rt k\u00e9rj\u00fck olvassa el az <a href=\"https:\/\/semmelweis.hu\/dolgozoivizsgalat\/adatvedelem\/\">Adatv\u00e9delem<\/a> men\u00fcpontban tal\u00e1lhat\u00f3 inform\u00e1ci\u00f3kat.\u00a0 A kutat\u00e1st\u00a0 a Nemzeti N\u00e9peg\u00e9szs\u00e9g\u00fcgyi \u00e9s Gy\u00f3gyszer\u00e9szeti K\u00f6zpont enged\u00e9lyezte. A <a href=\"https:\/\/semmelweis.hu\/dolgozoivizsgalat\/files\/2023\/10\/Semmelweis-Study-etikai-engedely_KVO_58981.pdf\">Semmelweis Study etikai enged\u00e9ly<\/a> megtekinthet\u0151 a honlapon.<\/div>\n<div>\n<p><strong>Mit\u0151l k\u00fcl\u00f6nleges a Semmelweis Study?<\/strong><\/p>\n<p style=\"text-align: justify\">A Semmelweis Study t\u00f6bb mint egy kutat\u00e1si projekt; az \u00e1ltala szolg\u00e1ltatott ismeretek \u00faj dimenzi\u00f3kat nyitnak a kr\u00f3nikus betegs\u00e9gek megel\u0151z\u00e9s\u00e9ben \u00e9s a prevent\u00edv orvosl\u00e1sban. Az eredm\u00e9nyek nemcsak a tudom\u00e1nyos k\u00f6z\u00f6ss\u00e9g sz\u00e1m\u00e1ra jelentenek \u00e9rt\u00e9ket, hanem konkr\u00e9t javul\u00e1st hoznak a munkahelyi eg\u00e9szs\u00e9gfejleszt\u00e9s \u00e9s betegs\u00e9gmegel\u0151z\u00e9s ter\u00e9n, \u00edgy k\u00f6zvetlen\u00fcl hozz\u00e1j\u00e1rulnak a dolgoz\u00f3k eg\u00e9szs\u00e9g\u00e9nek \u00e9s j\u00f3l\u00e9t\u00e9nek n\u00f6vel\u00e9s\u00e9hez.<\/p>\n<p style=\"text-align: justify\">Ezen t\u00falmen\u0151en, a kutat\u00e1s siker\u00e9t az egyetemi k\u00f6z\u00f6ss\u00e9g rendk\u00edv\u00fcli lelkesed\u00e9se \u00e9s k\u00f6z\u00f6s elk\u00f6telezetts\u00e9ge f\u00e9mjelzi, amely egyed\u00fcl\u00e1ll\u00f3v\u00e1 teszi ezt a v\u00e1llalkoz\u00e1st. Az egyetem polg\u00e1rainak \u00f6nk\u00e9ntes r\u00e9szv\u00e9tele nem csup\u00e1n az eg\u00e9szs\u00e9ges j\u00f6v\u0151 ir\u00e1nti v\u00e1gyukat t\u00fckr\u00f6zi, hanem azt a k\u00f6z\u00f6s c\u00e9lt is, hogy Magyarorsz\u00e1g vezet\u0151 orvostudom\u00e1nyi egyetem\u00e9nek b\u00fcszke polg\u00e1raik\u00e9nt jav\u00edts\u00e1k a t\u00e1rsadalom eg\u00e9szs\u00e9g\u00fcgyi \u00e1llapot\u00e1t. Ez a kollekt\u00edv er\u0151fesz\u00edt\u00e9s \u00e9s a k\u00f6z\u00f6ss\u00e9g ereje biztos\u00edtja, hogy a Semmelweis Study val\u00f3ban hozz\u00e1j\u00e1ruljon egy eg\u00e9szs\u00e9gesebb t\u00e1rsadalom, egy eg\u00e9szs\u00e9gesebb magyar j\u00f6v\u0151 kialak\u00edt\u00e1s\u00e1hoz. B\u00fcszk\u00e9k vagyunk arra, hogy ez a kezdem\u00e9nyez\u00e9s egyed\u00fcl\u00e1ll\u00f3 az Eur\u00f3pai Uni\u00f3ban, \u00e9s kiemelked\u0151 helyet biztos\u00edt sz\u00e1munkra a nemzetk\u00f6zi eg\u00e9szs\u00e9g\u00fcgyi kutat\u00e1sok t\u00e9rk\u00e9p\u00e9n.<\/p>\n<\/div>\n<p style=\"text-align: center\">\u00a0<strong> <span style=\"font-size: 24pt;color: #0000ff\"><a href=\"https:\/\/kerdoiv.szinapszis.hu\/SE\/1\/SZ231116\/?tui=auto&amp;nocookie=1\">Jelentkezem a kutat\u00e1sba!<\/a><\/span><\/strong><\/p>\n<p><strong>Hogyan csatlakozhat?<\/strong><\/p>\n<p style=\"text-align: justify\">Amennyiben \u00d6n is r\u00e9szt szeretne venni ebben a m\u00e9rf\u00f6ldk\u0151nek sz\u00e1m\u00edt\u00f3 kutat\u00e1sban, k\u00e9rj\u00fck, vegye fel vel\u00fcnk a kapcsolatot az al\u00e1bbi el\u00e9rhet\u0151s\u00e9geken, k\u00f6vesse a <a href=\"semmelweis.study@semmelweis.hu\">semmelweis.study@semmelweis.hu<\/a> email c\u00edmr\u0151l \u00e9rkez\u0151 leveleket, vagy foglaljon id\u0151pontot a m\u0171szeres vizsg\u00e1latokra online.<\/p>\n<p style=\"text-align: center\"><a class=\"button\" href=\"https:\/\/semmelweis.hu\/dolgozoivizsgalat\/se-study-idopontfoglalo\/\" target=\"_blank\" rel=\"noopener\">id\u0151pontot foglalok<\/a><\/p>\n<div class=\"keretes w-100\">\n<p>B\u0151vebb inform\u00e1ci\u00f3k\u00e9rt az al\u00e1bbi el\u00e9rhet\u0151s\u00e9geken keresse koll\u00e9g\u00e1inkat!<\/p>\n<p><strong>Telefonsz\u00e1m<\/strong>: +3630 878 0597 illetve +3620 825 0598<br \/>\n<strong>E-mail<\/strong>: <a href=\"mailto:semmelweis.study@semmelweis.hu\">semmelweis.study@semmelweis.hu<\/a><\/p>\n<\/div>\n<p style=\"text-align: justify\"><span class=\"NormalTextRun SCXW245475455 BCX0\">A kutat\u00e1s a\u00a0 <\/span><span class=\"NormalTextRun SCXW245475455 BCX0\">2021-<\/span><span class=\"NormalTextRun SCXW245475455 BCX0\">ben meghirdetett <\/span><span class=\"NormalTextRun SCXW245475455 BCX0\">T\u00e9mater\u00fcleti Kiv\u00e1l\u00f3s\u00e1gi Program (TKP2021-NKTA-47) keret\u00e9n bel\u00fcl val\u00f3sul meg, a Semmelweis Egyetem \u00e1ltal sikeresen megp\u00e1ly\u00e1zott <\/span><span class=\"NormalTextRun SCXW245475455 BCX0\">\u00a0<\/span><span class=\"NormalTextRun SCXW245475455 BCX0\">\u201c<\/span><span class=\"NormalTextRun SCXW245475455 BCX0\">Interdiszciplin\u00e1ris \u00f6reged\u00e9studom\u00e1nyi kutat\u00e1sok a Semmelweis Egyetemen\u201d <\/span><span class=\"NormalTextRun SCXW245475455 BCX0\">c\u00edm\u0171 <\/span>\u00a0<span class=\"NormalTextRun SCXW245475455 BCX0\">kutat\u00e1si <\/span><span class=\"NormalTextRun SCXW245475455 BCX0\">program r\u00e9szek\u00e9nt.<\/span><\/p>\n<p><a href=\"https:\/\/semmelweis.hu\/dolgozoivizsgalat\/files\/2025\/09\/Semmelweis-Study-szorolap-NYOMTATVA.pdf\">Tekintse meg az egy oldalas \u00f6sszefoglal\u00f3t, a Semmelweis Study sz\u00f3r\u00f3lapat!<\/a><\/p>\n<p>A <a href=\"https:\/\/semmelweis.hu\/dolgozoivizsgalat\/files\/2023\/10\/Semmelweis-Study-etikai-engedely_KVO_58981.pdf\">Semmelweis Study -t enged\u00e9lyez\u0151 etikai enged\u00e9ly<\/a> megtekinthet\u0151, azonos\u00edt\u00f3 sz\u00e1ma:\u00a0 OGY\u00c9I\/53981-2\/2023\u00a0 &#8211; 809.<\/p>\n<p>Prof. Dr. Tab\u00e1k Gy. \u00c1d\u00e1m, Kutat\u00e1svezet\u0151<br \/>\nProf. Dr. Ungv\u00e1ri Zolt\u00e1n, \u00a0Megel\u0151z\u0151 Orvostani \u00e9s N\u00e9peg\u00e9szs\u00e9gtani Int\u00e9zet Igazgat\u00f3<\/p>\n","protected":false},"excerpt":{"rendered":"<p> \u00dcdv\u00f6z\u00f6lj\u00fck a Semmelweis Study honlapj\u00e1n!<\/p>\n<p>Fedezze fel, hogyan vehet r\u00e9szt Magyarorsz\u00e1g eg\u00e9szs\u00e9gesebb j\u00f6v\u0151j\u00e9nek alak\u00edt\u00e1s\u00e1ban!<\/p>\n<p>Mi\u00e9rt fontos a Semmelweis Study?<\/p>\n<p> A Semmelweis Egyetem b\u00fcszk\u00e9n mutatja be a Semmelweis Study-t, K\u00f6z\u00e9p-Eur\u00f3pa legnagyobb prospekt\u00edv munkahelyi kohorszvizsg\u00e1lat\u00e1t, melynek k\u00f6z\u00e9ppontj\u00e1ban Magyarorsz\u00e1g egyik legnagyobb kih\u00edv\u00e1sa \u00e1ll: a lakoss\u00e1g eg\u00e9szs\u00e9gtelen \u00f6reged\u00e9se. Az Eg\u00e9szs\u00e9ges Id\u0151s\u00f6d\u00e9s Program r\u00e9szek\u00e9nt a kutat\u00e1s c\u00e9lja, hogy \u00e1tfog\u00f3 k\u00e9pet adjon a biol\u00f3giai \u00e9s t\u00e1rsadalmi rizik\u00f3faktorokr\u00f3l, amelyek befoly\u00e1solj\u00e1k az magyar lakoss\u00e1g eg\u00e9szs\u00e9g\u00e9t.  <\/p>\n<p>Mi\u00e9rt \u00e9rdemes r\u00e9szt vennie?<\/p>\n<p> Csatlakozzon a Semmelweis Study-hoz, \u00e9s legyen r\u00e9sze annak a k\u00f6z\u00f6ss\u00e9gnek, amely egy\u00fctt dolgozik Magyarorsz\u00e1g eg\u00e9szs\u00e9gesebb j\u00f6v\u0151j\u00e9\u00e9rt. <\/p>\n<p> Hogyan vehet r\u00e9szt?<\/p>\n<p> A r\u00e9szv\u00e9telhez egyszer\u0171en foglaljon id\u0151pontot a vizsg\u00e1lathoz vagy kattintson az \u00d6nnek c\u00edmzett emailben szerepl\u0151 linkre! Tov\u00e1bbi inform\u00e1ci\u00f3k\u00e9rt \u00e9s id\u0151pontfoglal\u00e1s\u00e9rt k\u00e9rj\u00fck, h\u00edvja a +3630 878 0597   telefonsz\u00e1mot vagy \u00edrjon nek\u00fcnk a semmelweis.study@semmelweis.hu e-mail c\u00edmen.<\/p>\n<p>L\u00e9pjen \u00d6n is a saj\u00e1t eg\u00e9szs\u00e9g\u00e9\u00e9rt a kutat\u00e1sban val\u00f3 r\u00e9szv\u00e9tel, \u00e9s az egyetem \u00e1ltal k\u00edn\u00e1lt megel\u0151z\u0151 \u00e9s gy\u00f3gy\u00edt\u00f3 ell\u00e1t\u00e1sok keret\u00e9ben, \u00e9s tegyen az eg\u00e9szs\u00e9gesebb j\u00f6v\u0151\u00e9rt!<\/p>\n","protected":false},"author":12,"featured_media":270,"parent":0,"menu_order":0,"comment_status":"closed","ping_status":"closed","template":"","meta":{"_acf_changed":false,"footnotes":""},"categories":[],"tags":[],"class_list":["post-5","page","type-page","status-publish","has-post-thumbnail","hentry"],"acf":[],"_links":{"self":[{"href":"https:\/\/semmelweis.hu\/dolgozoivizsgalat\/wp-json\/wp\/v2\/pages\/5","targetHints":{"allow":["GET"]}}],"collection":[{"href":"https:\/\/semmelweis.hu\/dolgozoivizsgalat\/wp-json\/wp\/v2\/pages"}],"about":[{"href":"https:\/\/semmelweis.hu\/dolgozoivizsgalat\/wp-json\/wp\/v2\/types\/page"}],"author":[{"embeddable":true,"href":"https:\/\/semmelweis.hu\/dolgozoivizsgalat\/wp-json\/wp\/v2\/users\/12"}],"replies":[{"embeddable":true,"href":"https:\/\/semmelweis.hu\/dolgozoivizsgalat\/wp-json\/wp\/v2\/comments?post=5"}],"version-history":[{"count":11,"href":"https:\/\/semmelweis.hu\/dolgozoivizsgalat\/wp-json\/wp\/v2\/pages\/5\/revisions"}],"predecessor-version":[{"id":823,"href":"https:\/\/semmelweis.hu\/dolgozoivizsgalat\/wp-json\/wp\/v2\/pages\/5\/revisions\/823"}],"wp:featuredmedia":[{"embeddable":true,"href":"https:\/\/semmelweis.hu\/dolgozoivizsgalat\/wp-json\/wp\/v2\/media\/270"}],"wp:attachment":[{"href":"https:\/\/semmelweis.hu\/dolgozoivizsgalat\/wp-json\/wp\/v2\/media?parent=5"}],"wp:term":[{"taxonomy":"category","embeddable":true,"href":"https:\/\/semmelweis.hu\/dolgozoivizsgalat\/wp-json\/wp\/v2\/categories?post=5"},{"taxonomy":"post_tag","embeddable":true,"href":"https:\/\/semmelweis.hu\/dolgozoivizsgalat\/wp-json\/wp\/v2\/tags?post=5"}],"curies":[{"name":"wp","href":"https:\/\/api.w.org\/{rel}","templated":true}]}}