{"id":32,"date":"2022-09-11T17:04:20","date_gmt":"2022-09-11T15:04:20","guid":{"rendered":"https:\/\/semmelweis.hu\/dolgozoivizsgalat\/?page_id=32"},"modified":"2024-06-12T16:43:13","modified_gmt":"2024-06-12T14:43:13","slug":"adatgyujtes","status":"publish","type":"page","link":"https:\/\/semmelweis.hu\/dolgozoivizsgalat\/adatgyujtes\/","title":{"rendered":"Adatgy\u0171jt\u00e9s"},"content":{"rendered":"<p>A Semmelweis Study kiindul\u00e1si adatfelv\u00e9tele a k\u00f6vetkez\u0151 elemekb\u0151l \u00e1ll, melyekr\u0151l b\u0151vebb inform\u00e1ci\u00f3t a<a href=\"https:\/\/semmelweis.hu\/dolgozoivizsgalat\/semmelweis-study-bemutatasa\/fontos-informaciok\/reszletes-tajekoztato-level\/\"> R\u00e9szletes T\u00e1j\u00e9koztat\u00f3ban tal\u00e1l.<\/a><\/p>\n<h4><strong>\u00d6nkit\u00f6lt\u0151s k\u00e9rd\u0151\u00edv:\u00a0<\/strong><\/h4>\n<p>ebben a legfontosabb t\u00e1rsadalmi-t\u00e1rsas-gazdas\u00e1gi, k\u00f6rnyezeti, \u00e9letm\u00f3dbeli t\u00e9nyez\u0151kr\u0151l \u00e9s az eg\u00e9szs\u00e9gi \u00e1llapot\u00e1r\u00f3l \u00e9rdekl\u0151d\u00fcnk, amelynek kit\u00f6lt\u00e9se el\u0151rel\u00e1that\u00f3lag kb. 1,5 \u00f3r\u00e1t vesz ig\u00e9nybe. (Ezt a k\u00e9rd\u0151\u00edvet m\u00f3dja van a klinikai vizsg\u00e1lat el\u0151tt, ak\u00e1r t\u00f6bb r\u00e9szletben otthon\u00e1ban is kit\u00f6lteni.) A k\u00e9rd\u0151\u00edv PDF form\u00e1tumban <a href=\"https:\/\/semmelweis.hu\/dolgozoivizsgalat\/files\/2023\/10\/18_SeS_kerdoiv.pdf\">megtekinthet\u0151 ezen a linken<\/a>.<\/p>\n<h4><strong>Fizik\u00e1lis, fiziol\u00f3giai, laborat\u00f3riumi \u00e9s kognit\u00edv vizsg\u00e1latok:\u00a0<\/strong><\/h4>\n<p>ezekre a lent r\u00e9szletezett vizsg\u00e1latokra az egyetem k\u00fcl\u00f6n, a kutat\u00e1s c\u00e9ljaira kialak\u00edtott helyis\u00e9geiben ker\u00fcl sor. A laborat\u00f3riumi meghat\u00e1roz\u00e1sok mellett v\u00e9r- \u00e9s vizeletmint\u00e1k lefagyaszt\u00e1s\u00e1val m\u00f3d ny\u00edlik a k\u00e9s\u0151bbiekben olyan meghat\u00e1roz\u00e1sok elv\u00e9gz\u00e9s\u00e9re, \u00e9s \u00edgy a betegs\u00e9gek kialakul\u00e1s\u00e1ban bet\u00f6lt\u00f6tt szerep\u00e9nek vizsg\u00e1lat\u00e1ra, amelyek jelent\u0151s\u00e9ge ma m\u00e9g nem ismert.<\/p>\n<h4><strong>Adatkapcsol\u00e1s:<\/strong>\u00a0<\/h4>\n<p>Hozz\u00e1j\u00e1rul\u00e1sa eset\u00e9n a Nemzeti Eg\u00e9szs\u00e9gbiztos\u00edt\u00e1si Alapkezel\u0151n\u00e9l (NEAK) finansz\u00edroz\u00e1si adatb\u00e1zisaiban keletkez\u0151 adatait a kutat\u00e1s sor\u00e1n keletkezett t\u00f6bbi adattal egy\u00fctt elemezz\u00fck. Ez az \u00fan. passz\u00edv k\u00f6vet\u00e9s lehet\u0151v\u00e9 teszi, hogy ak\u00e1r csak egyszeri vizsg\u00e1lattal is esszenci\u00e1lis inform\u00e1ci\u00f3kat kaphassunk az \u00e9vekkel, \u00e9vtizedekkel k\u00e9s\u0151bb jelentkez\u0151 betegs\u00e9gek kialakul\u00e1s\u00e1r\u00f3l. A NEAK ut\u00f3k\u00f6vet\u00e9s Hozz\u00e1j\u00e1rul\u00f3 Nyilatkozat <a href=\"https:\/\/semmelweis.hu\/dolgozoivizsgalat\/files\/2024\/02\/14_SeS_etikai_NEAK_Hozzajarulo_Nyilatkozat-1.pdf\">mint\u00e1t itt tekinthet meg.<\/a><\/p>\n<h4><strong>Genetikai mint\u00e1k<\/strong><\/h4>\n<p>A kutat\u00e1s sor\u00e1n keletkez\u0151 genetikai mint\u00e1k feldolgoz\u00e1sa sor\u00e1n az \u00f6r\u00f6k\u00edt\u0151anyag gyakori vari\u00e1nsait hat\u00e1rozzuk meg, amelyek \u00f6sszef\u00fcgg\u00e9st mutathatnak bizonyos betegs\u00e9gek kialakul\u00e1s\u00e1val, de azok diagnosztiz\u00e1l\u00e1s\u00e1ra nem alkalmasak.<\/p>\n<div class=\"keretes w-100\">\n<p><strong>A kutat\u00e1s b\u00e1rmely elem\u00e9ben val\u00f3 r\u00e9szv\u00e9tele saj\u00e1t \u00f6nk\u00e9ntes hozz\u00e1j\u00e1rul\u00e1s\u00e1n alapszik.<\/strong><\/p>\n<p>Jelen vizsg\u00e1latot a Nemzeti N\u00e9peg\u00e9szs\u00e9g\u00fcgyi \u00e9s Gy\u00f3gyszer\u00e9szeti K\u00f6zpont enged\u00e9lyezte.\u00a0 <a href=\"https:\/\/semmelweis.hu\/dolgozoivizsgalat\/files\/2023\/10\/Semmelweis-Study-etikai-engedely_KVO_58981.pdf\">Semmelweis Study etikai enged\u00e9ly itt tekinthet\u0151 meg.<\/a>\u00a0A kutat\u00e1st az enged\u00e9lynek megfelel\u0151en v\u00e9gezz\u00fck, azonban az enged\u00e9lyez\u0151 hat\u00f3s\u00e1gok b\u00e1rmikor le\u00e1ll\u00edthatj\u00e1k a kutat\u00e1st, amennyiben erre alapos okuk van.\u00a0<\/p>\n<\/div>\n","protected":false},"excerpt":{"rendered":"<p>A Semmelweis Study kiindul\u00e1si adatfelv\u00e9tele a k\u00f6vetkez\u0151 elemekb\u0151l \u00e1ll, melyekr\u0151l b\u0151vebb inform\u00e1ci\u00f3t a <a href=\"https:\/\/semmelweis.hu\/dolgozoivizsgalat\/semmelweis-study-bemutatasa\/fontos-informaciok\/reszletes-tajekoztato-level\/\"> R\u00e9szletes T\u00e1j\u00e9koztat\u00f3ban tal\u00e1l.<\/a> \u00d6nkit\u00f6lt\u0151s k\u00e9rd\u0151\u00edv:\u00a0 ebben a legfontosabb t\u00e1rsadalmi-t\u00e1rsas-gazdas\u00e1gi, k\u00f6rnyezeti, \u00e9letm\u00f3dbeli t\u00e9nyez\u0151kr\u0151l \u00e9s az eg\u00e9szs\u00e9gi \u00e1llapot\u00e1r\u00f3l \u00e9rdekl\u0151d\u00fcnk, amelynek kit\u00f6lt\u00e9se el\u0151rel\u00e1that\u00f3lag kb. 1,5 \u00f3r\u00e1t vesz ig\u00e9nybe. (Ezt a k\u00e9rd\u0151\u00edvet m\u00f3dja van a klinikai vizsg\u00e1lat el\u0151tt, ak\u00e1r t\u00f6bb r\u00e9szletben otthon\u00e1ban is kit\u00f6lteni.) A k\u00e9rd\u0151\u00edv PDF form\u00e1tumban <a href=\"https:\/\/semmelweis.hu\/dolgozoivizsgalat\/files\/2023\/10\/18_SeS_kerdoiv.pdf\">megtekinthet\u0151 ezen a linken<\/a> . &hellip;<\/p>\n","protected":false},"author":102104,"featured_media":0,"parent":0,"menu_order":1,"comment_status":"closed","ping_status":"closed","template":"","meta":{"_acf_changed":false,"footnotes":""},"categories":[],"tags":[],"class_list":["post-32","page","type-page","status-publish","hentry"],"acf":[],"_links":{"self":[{"href":"https:\/\/semmelweis.hu\/dolgozoivizsgalat\/wp-json\/wp\/v2\/pages\/32","targetHints":{"allow":["GET"]}}],"collection":[{"href":"https:\/\/semmelweis.hu\/dolgozoivizsgalat\/wp-json\/wp\/v2\/pages"}],"about":[{"href":"https:\/\/semmelweis.hu\/dolgozoivizsgalat\/wp-json\/wp\/v2\/types\/page"}],"author":[{"embeddable":true,"href":"https:\/\/semmelweis.hu\/dolgozoivizsgalat\/wp-json\/wp\/v2\/users\/102104"}],"replies":[{"embeddable":true,"href":"https:\/\/semmelweis.hu\/dolgozoivizsgalat\/wp-json\/wp\/v2\/comments?post=32"}],"version-history":[{"count":10,"href":"https:\/\/semmelweis.hu\/dolgozoivizsgalat\/wp-json\/wp\/v2\/pages\/32\/revisions"}],"predecessor-version":[{"id":687,"href":"https:\/\/semmelweis.hu\/dolgozoivizsgalat\/wp-json\/wp\/v2\/pages\/32\/revisions\/687"}],"wp:attachment":[{"href":"https:\/\/semmelweis.hu\/dolgozoivizsgalat\/wp-json\/wp\/v2\/media?parent=32"}],"wp:term":[{"taxonomy":"category","embeddable":true,"href":"https:\/\/semmelweis.hu\/dolgozoivizsgalat\/wp-json\/wp\/v2\/categories?post=32"},{"taxonomy":"post_tag","embeddable":true,"href":"https:\/\/semmelweis.hu\/dolgozoivizsgalat\/wp-json\/wp\/v2\/tags?post=32"}],"curies":[{"name":"wp","href":"https:\/\/api.w.org\/{rel}","templated":true}]}}