{"id":253,"date":"2023-10-24T21:56:48","date_gmt":"2023-10-24T19:56:48","guid":{"rendered":"https:\/\/semmelweis.hu\/dolgozoivizsgalat\/?page_id=253"},"modified":"2024-05-28T14:55:20","modified_gmt":"2024-05-28T12:55:20","slug":"hozzajarulo-nyilatkozat-biobank","status":"publish","type":"page","link":"https:\/\/semmelweis.hu\/dolgozoivizsgalat\/semmelweis-study-bemutatasa\/fontos-informaciok\/hozzajarulo-nyilatkozat-biobank\/","title":{"rendered":"Hozz\u00e1j\u00e1rul\u00f3 Nyilatkozat &#8211; Biobank"},"content":{"rendered":"<p><strong>8 jegy\u0171 vizsg\u00e1lati azonos\u00edt\u00f3:<\/strong><\/p>\n<p style=\"text-align: center\"><strong>Hozz\u00e1j\u00e1rul\u00f3 Nyilatkozat<\/strong><\/p>\n<p style=\"text-align: center\"><strong>Molekul\u00e1ris genetikai diagnosztik\u00e1hoz val\u00f3 felhaszn\u00e1l\u00e1sra \u00e9s Semmelweis Egyetem Biobankban t\u00f6rt\u00e9n\u0151 t\u00e1rol\u00e1sba, valamint a biol\u00f3giai minta kutat\u00e1si c\u00e9lokra t\u00f6rt\u00e9nz\u0151 felhaszn\u00e1l\u00e1shoz<\/strong><\/p>\n<p>A r\u00e9sztvev\u0151 neve:_________________________<\/p>\n<p>Sz\u00fclet\u00e9si ideje:___________________________<\/p>\n<p>TAJ sz\u00e1ma:_______________________________<\/p>\n<p>A t\u0151lem vett v\u00e9rb\u0151l\/ biol\u00f3giai mint\u00e1b\u00f3l DNS, RNS, plazma izol\u00e1lhat\u00f3 \u00e9s az ahhoz tartoz\u00f3 adatok szem\u00e9lyazonos\u00edt\u00f3 adataimmal egy\u00fctt k\u00f3dolt form\u00e1ban vagy pszeudonimiz\u00e1lt form\u00e1ban vagy anonimiz\u00e1lt m\u00f3don (k\u00e9rj\u00fck a megfelel\u0151 r\u00e9szt al\u00e1h\u00fazni) t\u00e1rolhat\u00f3k. A k\u00e9s\u0151bbiekben ebb\u0151l a biol\u00f3giai mint\u00e1b\u00f3l genomikai vizsg\u00e1latok v\u00e9gezhet\u0151k.<\/p>\n<p><strong>A vizsg\u00e1latok c\u00e9lja:<\/strong> \u00d6reged\u00e9ssel \u00f6sszef\u00fcgg\u0151, gyakori betegs\u00e9gekre (diab\u00e9tesz, magas v\u00e9rnyom\u00e1s, kardiovaszkul\u00e1ris betegs\u00e9gek, stroke, szarkop\u00e9nia, stb.) hajlamos\u00edt\u00f3 genetikai vari\u00e1nsok azonos\u00edt\u00e1sa.<\/p>\n<p>A molekul\u00e1ris biol\u00f3giai vizsg\u00e1lat seg\u00edts\u00e9g\u00e9vel a fenti betegs\u00e9gre hajlamos\u00edt\u00f3 rizik\u00f3t\u00e9nyez\u0151k, vagy az egyes gy\u00f3gyszerek hat\u00e9konys\u00e1g\u00e1t, mell\u00e9khat\u00e1sait befoly\u00e1sol\u00f3 genetikai faktorok \u00e1llap\u00edthat\u00f3k meg.<\/p>\n<p>Tudom\u00e1sul vettem, hogy a vizsg\u00e1lat eredm\u00e9nye nem szolg\u00e1ltat megfelel\u0151 inform\u00e1ci\u00f3t az al\u00e1bbi okok, ill. azok kombin\u00e1ci\u00f3ja eset\u00e9n. l) meghat\u00e1roz\u00f3 csal\u00e1dtagok hi\u00e1nyz\u00f3 v\u00e9r vagy sz\u00f6vetmint\u00e1ja; 2) a rendelkez\u00e9sre \u00e1ll\u00f3 genetikai markerek nem informat\u00edvak; 3) technikai okok.<\/p>\n<p>Abban az esetben, ha eg\u00e9szs\u00e9gi \u00e1llapotom \/ j\u00f6v\u0151beli betegs\u00e9geim vonatkoz\u00e1s\u00e1ban a kutat\u00e1sok relev\u00e1ns inform\u00e1ci\u00f3kat eredm\u00e9nyeznek:<\/p>\n<p><strong>K\u00e9rj\u00fck X-el jel\u00f6lje be az \u00d6n sz\u00e1m\u00e1ra megfelel\u0151 r\u00e9szt!<\/strong><\/p>\n<p>&#8211;\u00a0 k\u00e9rem annak k\u00f6zl\u00e9s\u00e9t\u00a0\u00a0<br \/>\n&#8211; nem k\u00e9rem annak k\u00f6zl\u00e9s\u00e9t\u00a0<\/p>\n<p>A v\u00e9r\/sz\u00f6vetminta:\u00a0 (K\u00e9rj\u00fck jel\u00f6lje be az \u00d6n sz\u00e1m\u00e1ra megfelel\u0151 r\u00e9szt!)<\/p>\n<p>\u00a0&#8211; molekul\u00e1ris biol\u00f3giai diagnosztikai,\u00a0<\/p>\n<p>&#8211; kutat\u00e1si\u00a0 \u00e9s<\/p>\n<p>&#8211; min\u0151s\u00e9gfejleszt\u00e9si\u00a0 c\u00e9lokra val\u00f3 felhaszn\u00e1l\u00e1s\u00e1ba beleegyezem.<\/p>\n<p>A genetikai mint\u00e1k \u00e9s az ebb\u0151l nyert adatok a Semmelweis Egyetem Biobank H\u00e1l\u00f3zat\u00e1ban ker\u00fclnek t\u00e1rol\u00e1sra a megfelel\u0151 biztons\u00e1gi \u00e9s adatv\u00e9delmi rendelkez\u00e9sek mellett. A Biobank H\u00e1l\u00f3zat az \u00d6n azonos\u00edt\u00f3 adatait nem kezeli, azok a Semmelweis Egyetem Megel\u0151z\u0151 Orvostani \u00e9s N\u00e9peg\u00e9szs\u00e9gtani Int\u00e9zet\u00e9ben ker\u00fclnek t\u00e1rol\u00e1sra, a mint\u00e1k azonos\u00edt\u00e1sa minden esetben pszeudonimiz\u00e1lt form\u00e1ban t\u00f6rt\u00e9nik.<\/p>\n<p>Beleegyezem abba, hogy biol\u00f3giai mint\u00e1imat a Semmelweis Egyetem Biobank H\u00e1l\u00f3zat vagy m\u00e1s molekul\u00e1ris biol\u00f3giai laborat\u00f3rium a megfelel\u0151 adatv\u00e9delem mellett kutat\u00e1si, metodikai fejleszt\u00e9si, min\u0151s\u00e9gfejleszt\u00e9si c\u00e9lokra felhaszn\u00e1lja, amennyiben megfelel\u0151 kutat\u00e1setikai enged\u00e9llyel rendelkezik. Tudom\u00e1sul veszem, hogy a szem\u00e9lyemet illet\u0151 inform\u00e1ci\u00f3k bizalmasan kezelend\u0151k. Szem\u00e9lyes adataimat a Semmelweis Egyetem Megel\u0151z\u0151 Orvostani \u00e9s N\u00e9peg\u00e9szs\u00e9gtani Int\u00e9zet nem bocs\u00e1jthatja m\u00e1s int\u00e9zet rendelkez\u00e9s\u00e9re addig, am\u00edg arr\u00f3l k\u00fcl\u00f6n \u00edr\u00e1sban nem nyilatkozom.<\/p>\n<p>A beleegyez\u00e9semet jogomban \u00e1ll b\u00e1rmikor visszavonni tov\u00e1bbi indokl\u00e1s, ill. b\u00e1rmif\u00e9le, a j\u00f6v\u0151beni orvosi ell\u00e1t\u00e1somat \u00e9rint\u0151 h\u00e1tr\u00e1nyos k\u00f6vetkezm\u00e9ny n\u00e9lk\u00fcl. Ezt \u00edr\u00e1sban tehetem meg. Tudom\u00e1sul veszem, hogy a biol\u00f3giai mint\u00e1m kutat\u00e1sban ill. fejleszt\u00e9sben val\u00f3 r\u00e9szv\u00e9tel\u00e9\u00e9rt anyagi juttat\u00e1sban nem r\u00e9szes\u00fcl\u00f6k.<\/p>\n<p>Az \u00d6n al\u00e1\u00edr\u00e1sa azt jelzi, hogy elolvasta a betegt\u00e1j\u00e9koztat\u00f3t, meg\u00e9rtette azt \u00e9s ezen inform\u00e1ci\u00f3k elfogad\u00e1s\u00e1val vesz r\u00e9szt a molekul\u00e1ris genetikai vizsg\u00e1latban, ill. a biobankban. A biol\u00f3giai mint\u00e1t a Semmelweis Egyetem minimum 5 \u00e9vig t\u00e9r\u00edt\u00e9smentesen \u0151rzi, \u00e9s b\u00e1rmikor az \u00d6n rendelkez\u00e9s\u00e9re bocs\u00e1tja, ha arra egy\u00e9b betegs\u00e9g vonatkoz\u00e1s\u00e1ban sz\u00fcks\u00e9ge lenne. A beleegyez\u00e9s nem mentes\u00edti a vizsg\u00e1l\u00f3kat, az \u00e9rintett int\u00e9zetet a jogi \u00e9s szakmai felel\u0151ss\u00e9g al\u00f3l. Ha tov\u00e1bbi inform\u00e1ci\u00f3ra van sz\u00fcks\u00e9ge a fenti t\u00e9m\u00e1t illet\u0151en, forduljon bizalommal kezel\u0151 orvos\u00e1hoz, genetikai tan\u00e1csad\u00f3j\u00e1hoz.<\/p>\n<p>A beteg vagy t\u00f6rv\u00e9nyes k\u00e9pvisel\u0151j\u00e9nek al\u00e1\u00edr\u00e1sa:________________________<\/p>\n<p>A tan\u00fa al\u00e1\u00edr\u00e1sa: _________________________________________________<\/p>\n<p>A felvil\u00e1gos\u00edt\u00e1st ny\u00fajt\u00f3 orvos neve: _________________________________<\/p>\n<p>A felvil\u00e1gos\u00edt\u00e1st ny\u00fajt\u00f3 orvos al\u00e1\u00edr\u00e1sa:_______________________________<\/p>\n<p>D\u00e1tum: ________________________<\/p>\n","protected":false},"excerpt":{"rendered":"<p>8 jegy\u0171 vizsg\u00e1lati azonos\u00edt\u00f3: Hozz\u00e1j\u00e1rul\u00f3 Nyilatkozat Molekul\u00e1ris genetikai diagnosztik\u00e1hoz val\u00f3 felhaszn\u00e1l\u00e1sra \u00e9s Semmelweis Egyetem Biobankban t\u00f6rt\u00e9n\u0151 t\u00e1rol\u00e1sba, valamint a biol\u00f3giai minta kutat\u00e1si c\u00e9lokra t\u00f6rt\u00e9nz\u0151 felhaszn\u00e1l\u00e1shoz A r\u00e9sztvev\u0151 neve:_________________________ Sz\u00fclet\u00e9si ideje:___________________________ TAJ sz\u00e1ma:_______________________________ A t\u0151lem vett v\u00e9rb\u0151l\/ biol\u00f3giai mint\u00e1b\u00f3l DNS, RNS, plazma izol\u00e1lhat\u00f3 \u00e9s az ahhoz tartoz\u00f3 adatok szem\u00e9lyazonos\u00edt\u00f3 adataimmal egy\u00fctt k\u00f3dolt form\u00e1ban vagy pszeudonimiz\u00e1lt form\u00e1ban &hellip;<\/p>\n","protected":false},"author":102104,"featured_media":0,"parent":66,"menu_order":0,"comment_status":"closed","ping_status":"closed","template":"","meta":{"_acf_changed":false,"footnotes":""},"categories":[],"tags":[],"class_list":["post-253","page","type-page","status-publish","hentry"],"acf":[],"_links":{"self":[{"href":"https:\/\/semmelweis.hu\/dolgozoivizsgalat\/wp-json\/wp\/v2\/pages\/253","targetHints":{"allow":["GET"]}}],"collection":[{"href":"https:\/\/semmelweis.hu\/dolgozoivizsgalat\/wp-json\/wp\/v2\/pages"}],"about":[{"href":"https:\/\/semmelweis.hu\/dolgozoivizsgalat\/wp-json\/wp\/v2\/types\/page"}],"author":[{"embeddable":true,"href":"https:\/\/semmelweis.hu\/dolgozoivizsgalat\/wp-json\/wp\/v2\/users\/102104"}],"replies":[{"embeddable":true,"href":"https:\/\/semmelweis.hu\/dolgozoivizsgalat\/wp-json\/wp\/v2\/comments?post=253"}],"version-history":[{"count":4,"href":"https:\/\/semmelweis.hu\/dolgozoivizsgalat\/wp-json\/wp\/v2\/pages\/253\/revisions"}],"predecessor-version":[{"id":670,"href":"https:\/\/semmelweis.hu\/dolgozoivizsgalat\/wp-json\/wp\/v2\/pages\/253\/revisions\/670"}],"up":[{"embeddable":true,"href":"https:\/\/semmelweis.hu\/dolgozoivizsgalat\/wp-json\/wp\/v2\/pages\/66"}],"wp:attachment":[{"href":"https:\/\/semmelweis.hu\/dolgozoivizsgalat\/wp-json\/wp\/v2\/media?parent=253"}],"wp:term":[{"taxonomy":"category","embeddable":true,"href":"https:\/\/semmelweis.hu\/dolgozoivizsgalat\/wp-json\/wp\/v2\/categories?post=253"},{"taxonomy":"post_tag","embeddable":true,"href":"https:\/\/semmelweis.hu\/dolgozoivizsgalat\/wp-json\/wp\/v2\/tags?post=253"}],"curies":[{"name":"wp","href":"https:\/\/api.w.org\/{rel}","templated":true}]}}