{"id":240,"date":"2023-10-23T19:21:27","date_gmt":"2023-10-23T17:21:27","guid":{"rendered":"https:\/\/semmelweis.hu\/dolgozoivizsgalat\/?page_id=240"},"modified":"2026-02-24T08:38:44","modified_gmt":"2026-02-24T07:38:44","slug":"vervetel-es-oralis-glukoz-terhelesi-teszt","status":"publish","type":"page","link":"https:\/\/semmelweis.hu\/dolgozoivizsgalat\/vizsgalatok\/vervetel-es-oralis-glukoz-terhelesi-teszt\/","title":{"rendered":"Terhel\u00e9ses v\u00e9rcukor vizsg\u00e1lat (OGTT)"},"content":{"rendered":"<h4><strong>Mi\u00e9rt v\u00e9gz\u00fcnk ilyen vizsg\u00e1latot?<\/strong><\/h4>\n<p>Az or\u00e1lis gl\u00fck\u00f3ztolerancia tesztet (OGTT), m\u00e1s n\u00e9ven a cukorterhel\u00e9ses vizsg\u00e1latot a cukoranyagcsere aktu\u00e1lis \u00e1llapot\u00e1nak pontos meg\u00edt\u00e9l\u00e9se \u00e9rdek\u00e9ben v\u00e9gezz\u00fck. Amennyiben a vizsg\u00e1latot megel\u0151z\u0151en cukorbetegs\u00e9get diagnosztiz\u00e1ltak \u00d6nn\u00e9l, az OGTT nem v\u00e9gezhet\u0151 el.\u00a0<\/p>\n<div class=\"fontos_div\">\n<div class=\"x_elementToProof\" style=\"text-align: center\" data-olk-copy-source=\"MessageBody\"><strong><span style=\"color: #800000\">Fontos, hogy itt kiz\u00e1r\u00f3lag a Semmelweis Study-ban r\u00e9sztvev\u0151, 25. \u00e9let\u00e9v\u00fcket bet\u00f6lt\u00f6tt Semmelweis Egyetem munkav\u00e1llal\u00f3k, valamint a Megel\u0151z\u0151 Orvostani \u00e9s N\u00e9peg\u00e9szs\u00e9gtani Int\u00e9zetben fut\u00f3 kutat\u00e1sok r\u00e9sztvev\u0151i jelentkezhetnek terhel\u00e9ses v\u00e9rcukor vizsg\u00e1latra.<\/span><\/strong><\/div>\n<div data-olk-copy-source=\"MessageBody\">\u00a0<\/div>\n<p style=\"text-align: center\">FONTOS, HOGY A TERHEL\u00c9SES V\u00c9RCUKOR VIZSG\u00c1LAT A T\u00d6BBI, M\u0170SZERES VIZSG\u00c1LATT\u00d3L ELT\u00c9R\u0150 NAPON T\u00d6RT\u00c9NIK.\u00a0<\/p>\n<p style=\"text-align: center\">K\u00dcL\u00d6N T\u00d6RT\u00c9NIK EZ\u00c9RT\u00a0 AZ ID\u0150PONTFOGLAL\u00c1S IS, MELYET AL\u00c1BB TUD MEGTENNI.<\/p>\n<p>&nbsp;<\/p>\n<p style=\"text-align: center\"><span style=\"color: #ff0000;font-size: 18pt\">K\u00c9RJ\u00dcK, CSAK A M\u0170SZERES VIZSG\u00c1LATI NAPOT K\u00d6VET\u0150 NAPRA FOGLALJON ID\u0150PONTOT A TERHEL\u00c9SES V\u00c9RCUKOR VIZSG\u00c1LATRA!!!<\/span><\/p>\n<p>&nbsp;<\/p>\n<p style=\"text-align: center\"><span style=\"color: #000000\">Al\u00e1bb, fontos inform\u00e1ci\u00f3kat olvashat a terhel\u00e9s v\u00e9rcukorvizsg\u00e1latra val\u00f3 felk\u00e9sz\u00fcl\u00e9shez! K\u00e9rj\u00fck, ezeket mindenk\u00e9pp olvassa el a vizsg\u00e1lati nap el\u0151tt!<\/span><\/p>\n<p>&nbsp;<\/p>\n<\/div>\n<p>&nbsp;<\/p>\n<p>&nbsp;<\/p>\n\n<!-- iframe plugin v.4.9 wordpress.org\/plugins\/iframe\/ -->\n<iframe loading=\"lazy\" src=\"https:\/\/outlook.office.com\/book\/SeSBelgygyszatOGTT@unisemmelweis.onmicrosoft.com\/\" width=\"100%\" height=\"1200px\" 0=\"scrolling=yes&quot;\" style=\"border:0\" scrolling=\"yes\" class=\"iframe-class\" frameborder=\"0\"><\/iframe>\n\n<p>&nbsp;<\/p>\n<p>&nbsp;<\/p>\n<h4><strong>Hogyan k\u00e9sz\u00fclj\u00f6n a vizsg\u00e1latra?<\/strong><\/h4>\n<ul>\n<li>A vizsg\u00e1latot reggel, \u00e9hgyomorra kell elv\u00e9gezni, el\u0151zetes (minimum 10-12 \u00f3r\u00e1n kereszt\u00fcli) koplal\u00e1st k\u00f6vet\u0151en. Inni kiz\u00e1r\u00f3lag sz\u00e9nsavmentes vizet lehet!<\/li>\n<li>Rendszeresen szedett gy\u00f3gyszereit a szokott id\u0151pontban vegye be.<\/li>\n<li>A terhel\u00e9st megel\u0151z\u0151 3 napon kereszt\u00fcl korl\u00e1toz\u00e1s n\u00e9lk\u00fcli, de legal\u00e1bb 150 gramm sz\u00e9nhidr\u00e1tot tartalmaz\u00f3 \u00e9trend tart\u00e1sa sz\u00fcks\u00e9ges.<\/li>\n<li>A vizsg\u00e1latot megel\u0151z\u0151 napokban a terhelend\u0151 szem\u00e9lynek \u00e1tlagos fizikai tev\u00e9kenys\u00e9get kell v\u00e9geznie.<\/li>\n<li>A vizsg\u00e1lat k\u00f6r\u00fclbel\u00fcl 2 \u00f3r\u00e1t vesz ig\u00e9nybe<\/li>\n<\/ul>\n<p><b>HELYSZ\u00cdN \u00c9S MEGK\u00d6ZEL\u00cdTHET\u0150S\u00c9G<\/b><\/p>\n<ul>\n<li style=\"text-align: left\"><strong>Belgy\u00f3gy\u00e1szati \u00e9s Onkol\u00f3giai Klinika<\/strong><br \/>\n<strong>C\u00edm: 1083 Budapest, Kor\u00e1nyi S\u00e1ndor u. 2\/a.<\/strong><\/li>\n<li style=\"text-align: left\"><strong style=\"font-size: 1rem\">1. emelet I. Nyugati Oszt\u00e1ly<\/strong><\/li>\n<\/ul>\n<p><strong>(F\u0151bej\u00e1rat -&gt; els\u0151 emelet -&gt;b\u00fcf\u00e9n\u00e9l balra a folyos\u00f3 v\u00e9g\u00e9n)<\/strong><br \/>\nA f\u0151bej\u00e1raton bel\u00e9pve, els\u0151 emeltre kell felmenni, majd a b\u00fcf\u00e9n\u00e9l balra a folyos\u00f3 v\u00e9g\u00e9n.<\/p>\n<p>K\u00e9rj\u00fck, hogy csengessen be, amint meg\u00e9rkezett az id\u0151pontj\u00e1ra!<\/p>\n<ul>\n<li>K\u00e9rj\u00fck, hogy csengessen be, ahogy meg\u00e9rkezett az id\u0151pontj\u00e1ra!<\/li>\n<\/ul>\n<h4><strong>Mire sz\u00e1m\u00edtson a vizsg\u00e1lat sor\u00e1n?\u00a0<\/strong><\/h4>\n<p>A mintav\u00e9telt t\u00f6bb a minta azonos\u00edt\u00e1s\u00e1hoz sz\u00fcks\u00e9ges adat egyeztet\u00e9se el\u0151zi meg, valamint az eredm\u00e9nyt befoly\u00e1sol\u00f3 t\u00e9nyez\u0151kre ir\u00e1nyul\u00f3 k\u00e9rd\u00e9seket tesz\u00fcnk fel (pl.: utols\u00f3 \u00e9tkez\u00e9s, fizikai aktivit\u00e1s, megbeteged\u00e9s).\u00a0 A sz\u00fcks\u00e9ges v\u00e1laszok r\u00f6gz\u00edt\u00e9s\u00e9t k\u00f6vet\u0151en ujjbegyb\u0151l vett v\u00e9rcukorm\u00e9r\u00e9s t\u00f6rt\u00e9nik, amennyiben t\u00fal magas \u00e9rt\u00e9ket kapunk (&gt;7,1 mmol\/l), nem ker\u00fcl sor az OGTT elv\u00e9gz\u00e9s\u00e9re.<\/p>\n<p>Amennyiben a vizsg\u00e1lat elv\u00e9gezhet\u0151, a v\u00e9rv\u00e9tel \u00e1ltal\u00e1nos szab\u00e1lyainak megfelel\u0151en megt\u00f6rt\u00e9nik az els\u0151 v\u00e9n\u00e1s mintav\u00e9tel (sz\u00fcks\u00e9ges eszk\u00f6z\u00f6k \u00f6sszek\u00e9sz\u00edt\u00e9se, megfelel\u0151 ter\u00fclet kiv\u00e1laszt\u00e1sa, fert\u0151tlen\u00edt\u00e9se stb.). A v\u00e9rv\u00e9tel \u00fcl\u0151 testhelyzetben t\u00f6rt\u00e9nik, k\u00e9rj\u00fck olyan testhelyzetben helyezkedjen el, ami mind az \u00f6n, mind a mintavev\u0151 sz\u00e1m\u00e1ra k\u00e9nyelmes, a mintav\u00e9tel ism\u00e9tl\u00e9se azt csak az ellenoldalon lehets\u00e9ges.\u00a0\u00a0<\/p>\n<p>Az OGTT vizsg\u00e1lat sor\u00e1n 75 gramm gl\u00fck\u00f3zt tartalmaz\u00f3 oldatot kell 5 perc alatt elfogyasztani, ezt k\u00f6vet\u0151en 60 perccel illetve 2 \u00f3r\u00e1val k\u00e9s\u0151bb \u00fajabb v\u00e9rv\u00e9telekre ker\u00fcl sor.<\/p>\n<p>A v\u00e9rv\u00e9telt k\u00f6vet\u0151en erre hajlamos szem\u00e9lyekn\u00e9l el\u0151fordulhat sz\u00e9d\u00fcl\u00e9s, kisebb rosszull\u00e9t, amennyiben b\u00e1rmilyen t\u00fcnetet tapasztal, k\u00e9rj\u00fck ezt jelezze a v\u00e9rv\u00e9telt v\u00e9gz\u0151 szem\u00e9lynek, akik a tapasztalt t\u00fcneteknek megfelel\u0151en j\u00e1rnak el. V\u00e9rv\u00e9tel ut\u00e1n a leggyakoribb sz\u00f6v\u0151dm\u00e9ny a v\u00e9ral\u00e1fut\u00e1s, ennek megel\u0151z\u00e9se \u00e9rdek\u00e9ben kell a sz\u00far\u00e1s hely\u00e9t addig leszor\u00edtva tartani, am\u00edg meg nem sz\u0171nik a v\u00e9rsziv\u00e1rg\u00e1s (kb. 5-10 perc).\u202f\u00a0<\/p>\n<p>Tov\u00e1bbi inform\u00e1ci\u00f3\u00e9rt \u00edrjon nek\u00fcnk a semmelweis.study@semmelweis.hu email c\u00edmen, vagy munkanapokon 07:00-14:00\u00a0 \u00f3ra k\u00f6z\u00f6tt h\u00edvja az al\u00e1bbi telefonsz\u00e1mokat: <strong>+3630 016 4308 vagy +3620 663 2213.<\/strong><\/p>\n<p>&nbsp;<\/p>\n<p><strong>\u00a0<style>\n           #page-grid .card-body > .line-clamp-box.excerpt{\n        width: inherit;\n        max-width: inherit;\n        display:flex;\n        min-height: 2.4em;\n        flex-direction: column;\n        justify-content: space-around;\n        background-color: #D6E4EA;\n        min-height: 3.4rem;\n        font-family: \"Montserrat\", sans-serif;\n    }\n\n    #page-grid a:hover .card-body > .line-clamp-box.excerpt {\n        background-color: #fff;\n        color: #313B40;\n    }\n\n    #page-grid .card-body .line-clamp-box.excerpt section{\n        max-width: inherit;\n        display: -webkit-box;\n        -webkit-line-clamp: 2;\n        -webkit-box-orient: vertical;\n        overflow: hidden;\n        text-overflow: ellipsis;\n        hyphens: auto;\n        margin: auto;\n        \n    }\n    .line-clamp-box.excerpt section, .line-clamp-box.excerpt section p{\n        font-size:0.8em;\n    }\n    \n<\/style>\n    <section id=\"page-grid\">\n        <section class=\"d-block d-md-flex title-row my-3 ml-0 ml-md-1\">\n<div class=\"section-title  mb-1 \">\n<h2>\n    \u00d6sszes vizsg\u00e1lat\n<\/h2>\n<\/div>\n<\/section>\n        <div class=\"row row-cols-1 row-cols-md-2 row-cols-lg-4 no-gutters mx-0 \">    <div class =\"col  mb-2 card-wrapper\">\n        <a class=\"d-flex flex-fill card-link-warapper m-md-1\" href=\"https:\/\/semmelweis.hu\/dolgozoivizsgalat\/vizsgalatok\/vernyomasmeres\/\">\n            <div class=\"card border border-secondary se-border flex-fill\">\n                <div class=\"row no-gutters mx-0 d-flex flex-nowrap flex-md-wrap align-items-center\">\n                    <div class =\"  col-5 col-md-12  d-none  d-md-none d-md-none  bg-image  card-image justify-content-center\">\n                        <img class='wp-post-image img-fluid landscape' src='https:\/\/semmelweis.hu\/dolgozoivizsgalat\/wp-content\/themes\/se18\/dist\/images\/svg\/bg-image.svg' \/>\n                    <\/div>\n                    <div class=\"card-body  col flex-column  col-md-12 p-0\">\n                        <div class=\"line-clamp-box p-3\">\n                            <h5 class=\"ml-0 ml-sm-1 mt-2 align-items-center\"  >V\u00e9rnyom\u00e1sm\u00e9r\u00e9s<\/h5>\n                        <\/div>\n                        \n                    <\/div>\n                <\/div>\n\n            <\/div>\n        <\/a>\n    <\/div>    <div class =\"col  mb-2 card-wrapper\">\n        <a class=\"d-flex flex-fill card-link-warapper m-md-1\" href=\"https:\/\/semmelweis.hu\/dolgozoivizsgalat\/vizsgalatok\/boka-kar-index-meres\/\">\n            <div class=\"card border border-secondary se-border flex-fill\">\n                <div class=\"row no-gutters mx-0 d-flex flex-nowrap flex-md-wrap align-items-center\">\n                    <div class =\"  col-5 col-md-12  d-none  d-md-none d-md-none  bg-image  card-image justify-content-center\">\n                        <img class='wp-post-image img-fluid landscape' src='https:\/\/semmelweis.hu\/dolgozoivizsgalat\/wp-content\/themes\/se18\/dist\/images\/svg\/bg-image.svg' \/>\n                    <\/div>\n                    <div class=\"card-body  col flex-column  col-md-12 p-0\">\n                        <div class=\"line-clamp-box p-3\">\n                            <h5 class=\"ml-0 ml-sm-1 mt-2 align-items-center\"  >Boka-kar index vizsg\u00e1lat<\/h5>\n                        <\/div>\n                        \n                    <\/div>\n                <\/div>\n\n            <\/div>\n        <\/a>\n    <\/div>    <div class =\"col  mb-2 card-wrapper\">\n        <a class=\"d-flex flex-fill card-link-warapper m-md-1\" href=\"https:\/\/semmelweis.hu\/dolgozoivizsgalat\/vizsgalatok\/lezeres-cirkulacio\/\">\n            <div class=\"card border border-secondary se-border flex-fill\">\n                <div class=\"row no-gutters mx-0 d-flex flex-nowrap flex-md-wrap align-items-center\">\n                    <div class =\"  col-5 col-md-12  d-none  d-md-none d-md-none  bg-image  card-image justify-content-center\">\n                        <img class='wp-post-image img-fluid landscape' src='https:\/\/semmelweis.hu\/dolgozoivizsgalat\/wp-content\/themes\/se18\/dist\/images\/svg\/bg-image.svg' \/>\n                    <\/div>\n                    <div class=\"card-body  col flex-column  col-md-12 p-0\">\n                        <div class=\"line-clamp-box p-3\">\n                            <h5 class=\"ml-0 ml-sm-1 mt-2 align-items-center\"  >Perif\u00e9ri\u00e1s Mikrocirkul\u00e1ci\u00f3 vizsg\u00e1lat<\/h5>\n                        <\/div>\n                        \n                    <\/div>\n                <\/div>\n\n            <\/div>\n        <\/a>\n    <\/div>    <div class =\"col  mb-2 card-wrapper\">\n        <a class=\"d-flex flex-fill card-link-warapper m-md-1\" href=\"https:\/\/semmelweis.hu\/dolgozoivizsgalat\/vizsgalatok\/marok-szoritoero-vizsgalat\/\">\n            <div class=\"card border border-secondary se-border flex-fill\">\n                <div class=\"row no-gutters mx-0 d-flex flex-nowrap flex-md-wrap align-items-center\">\n                    <div class =\"  col-5 col-md-12  d-none  d-md-none d-md-none  bg-image  card-image justify-content-center\">\n                        <img class='wp-post-image img-fluid landscape' src='https:\/\/semmelweis.hu\/dolgozoivizsgalat\/wp-content\/themes\/se18\/dist\/images\/svg\/bg-image.svg' \/>\n                    <\/div>\n                    <div class=\"card-body  col flex-column  col-md-12 p-0\">\n                        <div class=\"line-clamp-box p-3\">\n                            <h5 class=\"ml-0 ml-sm-1 mt-2 align-items-center\"  >Marok szor\u00edt\u00f3er\u0151 vizsg\u00e1lat<\/h5>\n                        <\/div>\n                        \n                    <\/div>\n                <\/div>\n\n            <\/div>\n        <\/a>\n    <\/div>    <div class =\"col  mb-2 card-wrapper\">\n        <a class=\"d-flex flex-fill card-link-warapper m-md-1\" href=\"https:\/\/semmelweis.hu\/dolgozoivizsgalat\/vizsgalatok\/vizelet-mintavetel\/\">\n            <div class=\"card border border-secondary se-border flex-fill\">\n                <div class=\"row no-gutters mx-0 d-flex flex-nowrap flex-md-wrap align-items-center\">\n                    <div class =\"  col-5 col-md-12  d-none  d-md-none d-md-none  bg-image  card-image justify-content-center\">\n                        <img class='wp-post-image img-fluid landscape' src='https:\/\/semmelweis.hu\/dolgozoivizsgalat\/wp-content\/themes\/se18\/dist\/images\/svg\/bg-image.svg' \/>\n                    <\/div>\n                    <div class=\"card-body  col flex-column  col-md-12 p-0\">\n                        <div class=\"line-clamp-box p-3\">\n                            <h5 class=\"ml-0 ml-sm-1 mt-2 align-items-center\"  >V\u00e9r- \u00e9s vizeletminta gy\u0171jt\u00e9s laborvizsg\u00e1latokhoz<\/h5>\n                        <\/div>\n                        \n                    <\/div>\n                <\/div>\n\n            <\/div>\n        <\/a>\n    <\/div>    <div class =\"col  mb-2 card-wrapper\">\n        <a class=\"d-flex flex-fill card-link-warapper m-md-1\" href=\"https:\/\/semmelweis.hu\/dolgozoivizsgalat\/vizsgalatok\/vervetel-es-oralis-glukoz-terhelesi-teszt\/\">\n            <div class=\"card border border-secondary se-border flex-fill\">\n                <div class=\"row no-gutters mx-0 d-flex flex-nowrap flex-md-wrap align-items-center\">\n                    <div class =\"  col-5 col-md-12  d-none  d-md-none d-md-none  bg-image  card-image justify-content-center\">\n                        <img class='wp-post-image img-fluid landscape' src='https:\/\/semmelweis.hu\/dolgozoivizsgalat\/wp-content\/themes\/se18\/dist\/images\/svg\/bg-image.svg' \/>\n                    <\/div>\n                    <div class=\"card-body  col flex-column  col-md-12 p-0\">\n                        <div class=\"line-clamp-box p-3\">\n                            <h5 class=\"ml-0 ml-sm-1 mt-2 align-items-center\"  >Terhel\u00e9ses v\u00e9rcukor vizsg\u00e1lat (OGTT)<\/h5>\n                        <\/div>\n                        \n                    <\/div>\n                <\/div>\n\n            <\/div>\n        <\/a>\n    <\/div>    <div class =\"col  mb-2 card-wrapper\">\n        <a class=\"d-flex flex-fill card-link-warapper m-md-1\" href=\"https:\/\/semmelweis.hu\/dolgozoivizsgalat\/vizsgalatok\/jarasvizsgalat\/\">\n            <div class=\"card border border-secondary se-border flex-fill\">\n                <div class=\"row no-gutters mx-0 d-flex flex-nowrap flex-md-wrap align-items-center\">\n                    <div class =\"  col-5 col-md-12  d-none  d-md-none d-md-none  bg-image  card-image justify-content-center\">\n                        <img class='wp-post-image img-fluid landscape' src='https:\/\/semmelweis.hu\/dolgozoivizsgalat\/wp-content\/themes\/se18\/dist\/images\/svg\/bg-image.svg' \/>\n                    <\/div>\n                    <div class=\"card-body  col flex-column  col-md-12 p-0\">\n                        <div class=\"line-clamp-box p-3\">\n                            <h5 class=\"ml-0 ml-sm-1 mt-2 align-items-center\"  >J\u00e1r\u00e1svizsg\u00e1lat<\/h5>\n                        <\/div>\n                        \n                    <\/div>\n                <\/div>\n\n            <\/div>\n        <\/a>\n    <\/div>    <div class =\"col  mb-2 card-wrapper\">\n        <a class=\"d-flex flex-fill card-link-warapper m-md-1\" href=\"https:\/\/semmelweis.hu\/dolgozoivizsgalat\/vizsgalatok\/antropometriai-meresek\/\">\n            <div class=\"card border border-secondary se-border flex-fill\">\n                <div class=\"row no-gutters mx-0 d-flex flex-nowrap flex-md-wrap align-items-center\">\n                    <div class =\"  col-5 col-md-12  d-none  d-md-none d-md-none  bg-image  card-image justify-content-center\">\n                        <img class='wp-post-image img-fluid landscape' src='https:\/\/semmelweis.hu\/dolgozoivizsgalat\/wp-content\/themes\/se18\/dist\/images\/svg\/bg-image.svg' \/>\n                    <\/div>\n                    <div class=\"card-body  col flex-column  col-md-12 p-0\">\n                        <div class=\"line-clamp-box p-3\">\n                            <h5 class=\"ml-0 ml-sm-1 mt-2 align-items-center\"  >Antropometriai m\u00e9r\u00e9sek<\/h5>\n                        <\/div>\n                        \n                    <\/div>\n                <\/div>\n\n            <\/div>\n        <\/a>\n    <\/div>    <div class =\"col  mb-2 card-wrapper\">\n        <a class=\"d-flex flex-fill card-link-warapper m-md-1\" href=\"https:\/\/semmelweis.hu\/dolgozoivizsgalat\/vizsgalatok\/pulzushullam-terjedesi-sebesseg-meres\/\">\n            <div class=\"card border border-secondary se-border flex-fill\">\n                <div class=\"row no-gutters mx-0 d-flex flex-nowrap flex-md-wrap align-items-center\">\n                    <div class =\"  col-5 col-md-12  d-none  d-md-none d-md-none  bg-image  card-image justify-content-center\">\n                        <img class='wp-post-image img-fluid landscape' src='https:\/\/semmelweis.hu\/dolgozoivizsgalat\/wp-content\/themes\/se18\/dist\/images\/svg\/bg-image.svg' \/>\n                    <\/div>\n                    <div class=\"card-body  col flex-column  col-md-12 p-0\">\n                        <div class=\"line-clamp-box p-3\">\n                            <h5 class=\"ml-0 ml-sm-1 mt-2 align-items-center\"  >Pulzushull\u00e1m-terjed\u00e9si sebess\u00e9g m\u00e9r\u00e9s<\/h5>\n                        <\/div>\n                        \n                    <\/div>\n                <\/div>\n\n            <\/div>\n        <\/a>\n    <\/div>    <div class =\"col  mb-2 card-wrapper\">\n        <a class=\"d-flex flex-fill card-link-warapper m-md-1\" href=\"https:\/\/semmelweis.hu\/dolgozoivizsgalat\/vizsgalatok\/szivfrekvencia-variabilitas-meres-ekg\/\">\n            <div class=\"card border border-secondary se-border flex-fill\">\n                <div class=\"row no-gutters mx-0 d-flex flex-nowrap flex-md-wrap align-items-center\">\n                    <div class =\"  col-5 col-md-12  d-none  d-md-none d-md-none  bg-image  card-image justify-content-center\">\n                        <img class='wp-post-image img-fluid landscape' src='https:\/\/semmelweis.hu\/dolgozoivizsgalat\/wp-content\/themes\/se18\/dist\/images\/svg\/bg-image.svg' \/>\n                    <\/div>\n                    <div class=\"card-body  col flex-column  col-md-12 p-0\">\n                        <div class=\"line-clamp-box p-3\">\n                            <h5 class=\"ml-0 ml-sm-1 mt-2 align-items-center\"  >Sz\u00edvfrekvencia-variabilit\u00e1s m\u00e9r\u00e9s  (EKG)<\/h5>\n                        <\/div>\n                        \n                    <\/div>\n                <\/div>\n\n            <\/div>\n        <\/a>\n    <\/div>    <div class =\"col  mb-2 card-wrapper\">\n        <a class=\"d-flex flex-fill card-link-warapper m-md-1\" href=\"https:\/\/semmelweis.hu\/dolgozoivizsgalat\/vizsgalatok\/statikus-szemfenek-vizsgalat\/\">\n            <div class=\"card border border-secondary se-border flex-fill\">\n                <div class=\"row no-gutters mx-0 d-flex flex-nowrap flex-md-wrap align-items-center\">\n                    <div class =\"  col-5 col-md-12  d-none  d-md-none d-md-none  bg-image  card-image justify-content-center\">\n                        <img class='wp-post-image img-fluid landscape' src='https:\/\/semmelweis.hu\/dolgozoivizsgalat\/wp-content\/themes\/se18\/dist\/images\/svg\/bg-image.svg' \/>\n                    <\/div>\n                    <div class=\"card-body  col flex-column  col-md-12 p-0\">\n                        <div class=\"line-clamp-box p-3\">\n                            <h5 class=\"ml-0 ml-sm-1 mt-2 align-items-center\"  >Szemfen\u00e9ki \u00e9rrendszer vizsg\u00e1lat<\/h5>\n                        <\/div>\n                        \n                    <\/div>\n                <\/div>\n\n            <\/div>\n        <\/a>\n    <\/div>    <div class =\"col  mb-2 card-wrapper\">\n        <a class=\"d-flex flex-fill card-link-warapper m-md-1\" href=\"https:\/\/semmelweis.hu\/dolgozoivizsgalat\/vizsgalatok\/kognitiv-vizsgalat\/\">\n            <div class=\"card border border-secondary se-border flex-fill\">\n                <div class=\"row no-gutters mx-0 d-flex flex-nowrap flex-md-wrap align-items-center\">\n                    <div class =\"  col-5 col-md-12  d-none  d-md-none d-md-none  bg-image  card-image justify-content-center\">\n                        <img class='wp-post-image img-fluid landscape' src='https:\/\/semmelweis.hu\/dolgozoivizsgalat\/wp-content\/themes\/se18\/dist\/images\/svg\/bg-image.svg' \/>\n                    <\/div>\n                    <div class=\"card-body  col flex-column  col-md-12 p-0\">\n                        <div class=\"line-clamp-box p-3\">\n                            <h5 class=\"ml-0 ml-sm-1 mt-2 align-items-center\"  >Kognit\u00edv  vizsg\u00e1lat<\/h5>\n                        <\/div>\n                        \n                    <\/div>\n                <\/div>\n\n            <\/div>\n        <\/a>\n    <\/div>        <\/div>\n    <\/section><\/strong><\/p>\n","protected":false},"excerpt":{"rendered":"<p>Mi\u00e9rt v\u00e9gz\u00fcnk ilyen vizsg\u00e1latot? Az or\u00e1lis gl\u00fck\u00f3ztolerancia tesztet (OGTT), m\u00e1s n\u00e9ven a cukorterhel\u00e9ses vizsg\u00e1latot a cukoranyagcsere aktu\u00e1lis \u00e1llapot\u00e1nak pontos meg\u00edt\u00e9l\u00e9se \u00e9rdek\u00e9ben v\u00e9gezz\u00fck. Amennyiben a vizsg\u00e1latot megel\u0151z\u0151en cukorbetegs\u00e9get diagnosztiz\u00e1ltak \u00d6nn\u00e9l, az OGTT nem v\u00e9gezhet\u0151 el.\u00a0 Fontos, hogy itt kiz\u00e1r\u00f3lag a Semmelweis Study-ban r\u00e9sztvev\u0151, 25. \u00e9let\u00e9v\u00fcket bet\u00f6lt\u00f6tt Semmelweis Egyetem munkav\u00e1llal\u00f3k, valamint a Megel\u0151z\u0151 Orvostani \u00e9s N\u00e9peg\u00e9szs\u00e9gtani Int\u00e9zetben &hellip;<\/p>\n","protected":false},"author":102104,"featured_media":0,"parent":19,"menu_order":5,"comment_status":"closed","ping_status":"closed","template":"template-fullwidth.php","meta":{"_acf_changed":false,"footnotes":""},"categories":[],"tags":[],"class_list":["post-240","page","type-page","status-publish","hentry"],"acf":[],"_links":{"self":[{"href":"https:\/\/semmelweis.hu\/dolgozoivizsgalat\/wp-json\/wp\/v2\/pages\/240","targetHints":{"allow":["GET"]}}],"collection":[{"href":"https:\/\/semmelweis.hu\/dolgozoivizsgalat\/wp-json\/wp\/v2\/pages"}],"about":[{"href":"https:\/\/semmelweis.hu\/dolgozoivizsgalat\/wp-json\/wp\/v2\/types\/page"}],"author":[{"embeddable":true,"href":"https:\/\/semmelweis.hu\/dolgozoivizsgalat\/wp-json\/wp\/v2\/users\/102104"}],"replies":[{"embeddable":true,"href":"https:\/\/semmelweis.hu\/dolgozoivizsgalat\/wp-json\/wp\/v2\/comments?post=240"}],"version-history":[{"count":10,"href":"https:\/\/semmelweis.hu\/dolgozoivizsgalat\/wp-json\/wp\/v2\/pages\/240\/revisions"}],"predecessor-version":[{"id":842,"href":"https:\/\/semmelweis.hu\/dolgozoivizsgalat\/wp-json\/wp\/v2\/pages\/240\/revisions\/842"}],"up":[{"embeddable":true,"href":"https:\/\/semmelweis.hu\/dolgozoivizsgalat\/wp-json\/wp\/v2\/pages\/19"}],"wp:attachment":[{"href":"https:\/\/semmelweis.hu\/dolgozoivizsgalat\/wp-json\/wp\/v2\/media?parent=240"}],"wp:term":[{"taxonomy":"category","embeddable":true,"href":"https:\/\/semmelweis.hu\/dolgozoivizsgalat\/wp-json\/wp\/v2\/categories?post=240"},{"taxonomy":"post_tag","embeddable":true,"href":"https:\/\/semmelweis.hu\/dolgozoivizsgalat\/wp-json\/wp\/v2\/tags?post=240"}],"curies":[{"name":"wp","href":"https:\/\/api.w.org\/{rel}","templated":true}]}}