{"id":220,"date":"2023-10-23T18:18:00","date_gmt":"2023-10-23T16:18:00","guid":{"rendered":"https:\/\/semmelweis.hu\/dolgozoivizsgalat\/?page_id=220"},"modified":"2024-05-28T14:30:45","modified_gmt":"2024-05-28T12:30:45","slug":"hozzajarulo-nyilatkozat-genetikai-vizsgalat","status":"publish","type":"page","link":"https:\/\/semmelweis.hu\/dolgozoivizsgalat\/semmelweis-study-bemutatasa\/fontos-informaciok\/hozzajarulo-nyilatkozat-genetikai-vizsgalat\/","title":{"rendered":"Hozz\u00e1j\u00e1rul\u00f3 Nyilatkozat &#8211; Genetikai vizsg\u00e1lat"},"content":{"rendered":"<p><strong>8 jegy\u0171 <\/strong><strong>vizsg\u00e1lati azonos\u00edt\u00f3:<\/strong><\/p>\n<p>&nbsp;<\/p>\n<p style=\"text-align: center\"><strong>HOZZ\u00c1J\u00c1RUL\u00d3 NYILATKOZAT<\/strong><\/p>\n<p><strong>A Semmelweis Study keret\u00e9ben v\u00e9gzett molekul\u00e1ris genetikai vizsg\u00e1lat c\u00e9lj\u00e1b\u00f3l t\u00f6rt\u00e9n\u0151 mintav\u00e9telhez<\/strong><\/p>\n<p><strong>A jelen vizsg\u00e1lat c\u00edme<\/strong>: Semmelweis Study &#8211; prospekt\u00edv munkahelyi kohorsz vizsg\u00e1lat<\/p>\n<p>K\u00f6sz\u00f6nj\u00fck, hogy elolvasta a Semmelweis Study R\u00e9szletes T\u00e1j\u00e9koztat\u00f3t, valamint a genetikai vizsg\u00e1latr\u00f3l sz\u00f3l\u00f3 T\u00e1j\u00e9koztat\u00f3t. K\u00e9rj\u00fck, olvassa el jelen molekul\u00e1ris genetikai vizsg\u00e1lat c\u00e9lj\u00e1b\u00f3l t\u00f6rt\u00e9n\u0151 mintav\u00e9telhez Hozz\u00e1j\u00e1rul\u00f3 Nyilatkozatot, \u00e9s al\u00e1\u00edr\u00e1s\u00e1val j\u00e1ruljon hozz\u00e1 a Semmelweis Study tudom\u00e1nyos c\u00e9lkit\u0171z\u00e9seihez.<\/p>\n<p>Term\u00e9szetesen amennyiben \u00d6n nem szeretne mint\u00e1t adni, akkor d\u00f6nt\u00e9s\u00e9t tiszteletben tartjuk, mely nincs hat\u00e1ssal a kutat\u00e1s egy\u00e9b elemeire.<\/p>\n<p>&nbsp;<\/p>\n<p><strong>Alul\u00edrott al\u00e1\u00edr\u00e1sommal kijelentem, hogy: <\/strong><\/p>\n<ul>\n<li>Meg\u00e9rtettem \u00e9s hozz\u00e1j\u00e1rulok, hogy a jelen beleegyez\u00e9si nyilatkozat keret\u00e9ben megadott szem\u00e9lyes adataimat:\n<ul>\n<li>Inform\u00e1ci\u00f3s \u00f6nrendelkez\u00e9si jogr\u00f3l \u00e9s az inform\u00e1ci\u00f3szabads\u00e1gr\u00f3l sz\u00f3l\u00f3 2011. \u00e9vi CXII. t\u00f6rv\u00e9ny, valamint az Eur\u00f3pai Parlament \u00e9s a Tan\u00e1cs (EU) 2016\/679 rendelete (2016. \u00e1prilis 27.) \u2013 a term\u00e9szetes szem\u00e9lyeknek a szem\u00e9lyes adatok kezel\u00e9se tekintet\u00e9ben t\u00f6rt\u00e9n\u0151 v\u00e9delm\u00e9r\u0151l \u00e9s az ilyen adatok szabad \u00e1raml\u00e1s\u00e1r\u00f3l, valamint a 95\/46\/EK rendelet hat\u00e1lyon k\u00edv\u00fcl helyez\u00e9s\u00e9r\u0151l (\u00e1ltal\u00e1nos adatv\u00e9delmi rendelet, GDPR) el\u0151\u00edr\u00e1sainak megfelel\u0151en kezelje jelen nyilatkozat kelt\u00e9t\u0151l sz\u00e1m\u00edtott 50 \u00e9vig vagy visszavon\u00e1sig;<\/li>\n<li>Kiz\u00e1r\u00f3lag a kutat\u00e1si azonos\u00edt\u00f3 sz\u00e1mommal azonos\u00edts\u00e1k;<\/li>\n<li>A t\u00e1j\u00e9koztat\u00f3 levelekben \u00e9s az adatkezel\u00e9si t\u00e1j\u00e9koztat\u00f3ban r\u00e9szletezettek szerint kutat\u00e1si c\u00e9lokra a Semmelweis Study kutat\u00e1si k\u00e9pvisel\u0151i \u00e9s kutat\u00f3i megkapj\u00e1k, megtekints\u00e9k \u00e9s feldolgozz\u00e1k;<\/li>\n<li>Szem\u00e9lyazonos\u00edt\u00e1sra alkalmatlan m\u00f3don az enged\u00e9lyez\u0151 hat\u00f3s\u00e1g megtekintse \u00e9s ellen\u0151rizze, \u00e9s a k\u00f6zponti vagy helyi etikai bizotts\u00e1gok megtekints\u00e9k;<\/li>\n<li>Szem\u00e9lyazonos\u00edt\u00e1sra alkalmatlan m\u00f3don elk\u00fcldj\u00e9k az enged\u00e9lyez\u0151 hat\u00f3s\u00e1goknak, \u00e9s<\/li>\n<li>Szem\u00e9lyazonos\u00edt\u00e1sra alkalmatlan m\u00f3don kutat\u00e1si c\u00e9lra el\u00e9rhet\u0151v\u00e9 tegy\u00e9k nemzetk\u00f6zi \u00f6sszehasonl\u00edt\u00f3 vizsg\u00e1latokhoz.<\/li>\n<\/ul>\n<\/li>\n<li>Beleegyezem, hogy k\u00e9s\u0151bbi id\u0151pont(ok)ban is felkereshetnek, hogy ezzel vagy m\u00e1s hasonl\u00f3 alvizsg\u00e1lattal kapcsolatban beleegyez\u00e9st vagy hozz\u00e1j\u00e1rul\u00e1st k\u00e9rjenek t\u0151lem.<\/li>\n<li>Hozz\u00e1j\u00e1rulok, hogy a levett biol\u00f3giai mint\u00e1kat kutat\u00e1si c\u00e9lb\u00f3l lefagyaszthass\u00e1k, \u00e9s t\u00e1rolj\u00e1k.<\/li>\n<li>A Hozz\u00e1j\u00e1rul\u00f3 Nyilatkozatot, valamint a molekul\u00e1ris genetikai vizsg\u00e1latokr\u00f3l sz\u00f3l\u00f3 T\u00e1j\u00e9koztat\u00f3t, valamint a Semmelweis Study eg\u00e9sz\u00e9t bemutat\u00f3 r\u00e9szletes T\u00e1j\u00e9koztat\u00f3t elolvastam, k\u00e9rd\u00e9seket tehettem fel, erre a felvil\u00e1gos\u00edt\u00e1st ad\u00f3 szem\u00e9ly sz\u00e1momra kiel\u00e9g\u00edt\u0151 v\u00e1laszokat adott.<\/li>\n<li>Kijelentem, hogy a kutat\u00e1si c\u00e9l\u00fa genetikai \/ biol\u00f3giai mintav\u00e9telhez t\u00f6rt\u00e9n\u0151 hozz\u00e1j\u00e1rul\u00e1som a vonatkoz\u00f3 t\u00e1j\u00e9koztat\u00e1st vagy az arr\u00f3l val\u00f3 lemond\u00e1st k\u00f6vet\u0151en \u00f6nk\u00e9nt, befoly\u00e1st\u00f3l mentesen adom meg, annak tudat\u00e1ban, hogy azt b\u00e1rmikor, sz\u00f3ban vagy \u00edr\u00e1sban, indokol\u00e1s n\u00e9lk\u00fcl visszavonhatom.<\/li>\n<li>Az olvasottakat meg\u00e9rtettem, \u00edgy hozz\u00e1j\u00e1rulok ahhoz, hogy t\u0151lem \u2013 el\u0151re meghat\u00e1rozott \u00e9s \u00e1ltalam elfogadott c\u00e9llal \u2013 mint\u00e1t vegyenek kutat\u00e1si c\u00e9l\u00fa genetikai vizsg\u00e1lat elv\u00e9gz\u00e9s\u00e9re. Hozz\u00e1j\u00e1rulok a t\u00e1j\u00e9koztat\u00f3ban megjel\u00f6lt mennyis\u00e9g\u0171 \u00e9s min\u0151s\u00e9g\u0171 minta v\u00e9tel\u00e9hez, az eredm\u00e9nyek \u00e9s az adataim kutat\u00e1si c\u00e9l\u00fa felhaszn\u00e1l\u00e1s\u00e1hoz.<\/li>\n<\/ul>\n<p>&nbsp;<\/p>\n<p>N\u00e9v (nagybet\u0171vel): __________________________________________________<\/p>\n<p>Anyja neve: ______________________________________________________<\/p>\n<p>Sz\u00fclet\u00e9si helye \u00e9s ideje: _____________________________________________<\/p>\n<p>Lakc\u00edme: _______________________________________________________<\/p>\n<p>D\u00e1tum: _________________________________________________________<\/p>\n<p>A vizsg\u00e1lati szem\u00e9ly al\u00e1\u00edr\u00e1sa: ________________________________________<\/p>\n","protected":false},"excerpt":{"rendered":"<p>8 jegy\u0171 vizsg\u00e1lati azonos\u00edt\u00f3: &nbsp; HOZZ\u00c1J\u00c1RUL\u00d3 NYILATKOZAT A Semmelweis Study keret\u00e9ben v\u00e9gzett molekul\u00e1ris genetikai vizsg\u00e1lat c\u00e9lj\u00e1b\u00f3l t\u00f6rt\u00e9n\u0151 mintav\u00e9telhez A jelen vizsg\u00e1lat c\u00edme: Semmelweis Study &#8211; prospekt\u00edv munkahelyi kohorsz vizsg\u00e1lat K\u00f6sz\u00f6nj\u00fck, hogy elolvasta a Semmelweis Study R\u00e9szletes T\u00e1j\u00e9koztat\u00f3t, valamint a genetikai vizsg\u00e1latr\u00f3l sz\u00f3l\u00f3 T\u00e1j\u00e9koztat\u00f3t. K\u00e9rj\u00fck, olvassa el jelen molekul\u00e1ris genetikai vizsg\u00e1lat c\u00e9lj\u00e1b\u00f3l t\u00f6rt\u00e9n\u0151 mintav\u00e9telhez Hozz\u00e1j\u00e1rul\u00f3 Nyilatkozatot, &hellip;<\/p>\n","protected":false},"author":102104,"featured_media":0,"parent":66,"menu_order":0,"comment_status":"closed","ping_status":"closed","template":"","meta":{"_acf_changed":false,"footnotes":""},"categories":[],"tags":[],"class_list":["post-220","page","type-page","status-publish","hentry"],"acf":[],"_links":{"self":[{"href":"https:\/\/semmelweis.hu\/dolgozoivizsgalat\/wp-json\/wp\/v2\/pages\/220","targetHints":{"allow":["GET"]}}],"collection":[{"href":"https:\/\/semmelweis.hu\/dolgozoivizsgalat\/wp-json\/wp\/v2\/pages"}],"about":[{"href":"https:\/\/semmelweis.hu\/dolgozoivizsgalat\/wp-json\/wp\/v2\/types\/page"}],"author":[{"embeddable":true,"href":"https:\/\/semmelweis.hu\/dolgozoivizsgalat\/wp-json\/wp\/v2\/users\/102104"}],"replies":[{"embeddable":true,"href":"https:\/\/semmelweis.hu\/dolgozoivizsgalat\/wp-json\/wp\/v2\/comments?post=220"}],"version-history":[{"count":5,"href":"https:\/\/semmelweis.hu\/dolgozoivizsgalat\/wp-json\/wp\/v2\/pages\/220\/revisions"}],"predecessor-version":[{"id":668,"href":"https:\/\/semmelweis.hu\/dolgozoivizsgalat\/wp-json\/wp\/v2\/pages\/220\/revisions\/668"}],"up":[{"embeddable":true,"href":"https:\/\/semmelweis.hu\/dolgozoivizsgalat\/wp-json\/wp\/v2\/pages\/66"}],"wp:attachment":[{"href":"https:\/\/semmelweis.hu\/dolgozoivizsgalat\/wp-json\/wp\/v2\/media?parent=220"}],"wp:term":[{"taxonomy":"category","embeddable":true,"href":"https:\/\/semmelweis.hu\/dolgozoivizsgalat\/wp-json\/wp\/v2\/categories?post=220"},{"taxonomy":"post_tag","embeddable":true,"href":"https:\/\/semmelweis.hu\/dolgozoivizsgalat\/wp-json\/wp\/v2\/tags?post=220"}],"curies":[{"name":"wp","href":"https:\/\/api.w.org\/{rel}","templated":true}]}}