{"id":197,"date":"2023-10-21T23:11:07","date_gmt":"2023-10-21T21:11:07","guid":{"rendered":"https:\/\/semmelweis.hu\/dolgozoivizsgalat\/?page_id=197"},"modified":"2024-04-23T16:48:00","modified_gmt":"2024-04-23T14:48:00","slug":"kutatast-engedelyezo-etikai-engedely-nnk-tukeb","status":"publish","type":"page","link":"https:\/\/semmelweis.hu\/dolgozoivizsgalat\/semmelweis-study-bemutatasa\/fontos-informaciok\/kutatast-engedelyezo-etikai-engedely-nnk-tukeb\/","title":{"rendered":"Etikai enged\u00e9ly"},"content":{"rendered":"<p>Ezen a linken tekintheti meg a Semmelweis Study-t enged\u00e9lyez\u0151 etikai enged\u00e9lyt<br \/>\n<a href=\"https:\/\/semmelweis.hu\/dolgozoivizsgalat\/files\/2023\/10\/Semmelweis-Study-etikai-engedely_KVO_58981.pdf\">Semmelweis Study etikai engedely_KVO_58981<\/a><\/p>\n","protected":false},"excerpt":{"rendered":"<p>Ezen a linken tekintheti meg a Semmelweis Study-t enged\u00e9lyez\u0151 etikai enged\u00e9lyt<br \/>\n<a href=\"https:\/\/semmelweis.hu\/dolgozoivizsgalat\/files\/2023\/10\/Semmelweis-Study-etikai-engedely_KVO_58981.pdf\">Semmelweis Study etikai engedely_KVO_58981<\/a><\/p>\n","protected":false},"author":102104,"featured_media":0,"parent":66,"menu_order":0,"comment_status":"closed","ping_status":"closed","template":"","meta":{"_acf_changed":false,"footnotes":""},"categories":[],"tags":[],"class_list":["post-197","page","type-page","status-publish","hentry"],"acf":[],"_links":{"self":[{"href":"https:\/\/semmelweis.hu\/dolgozoivizsgalat\/wp-json\/wp\/v2\/pages\/197","targetHints":{"allow":["GET"]}}],"collection":[{"href":"https:\/\/semmelweis.hu\/dolgozoivizsgalat\/wp-json\/wp\/v2\/pages"}],"about":[{"href":"https:\/\/semmelweis.hu\/dolgozoivizsgalat\/wp-json\/wp\/v2\/types\/page"}],"author":[{"embeddable":true,"href":"https:\/\/semmelweis.hu\/dolgozoivizsgalat\/wp-json\/wp\/v2\/users\/102104"}],"replies":[{"embeddable":true,"href":"https:\/\/semmelweis.hu\/dolgozoivizsgalat\/wp-json\/wp\/v2\/comments?post=197"}],"version-history":[{"count":3,"href":"https:\/\/semmelweis.hu\/dolgozoivizsgalat\/wp-json\/wp\/v2\/pages\/197\/revisions"}],"predecessor-version":[{"id":587,"href":"https:\/\/semmelweis.hu\/dolgozoivizsgalat\/wp-json\/wp\/v2\/pages\/197\/revisions\/587"}],"up":[{"embeddable":true,"href":"https:\/\/semmelweis.hu\/dolgozoivizsgalat\/wp-json\/wp\/v2\/pages\/66"}],"wp:attachment":[{"href":"https:\/\/semmelweis.hu\/dolgozoivizsgalat\/wp-json\/wp\/v2\/media?parent=197"}],"wp:term":[{"taxonomy":"category","embeddable":true,"href":"https:\/\/semmelweis.hu\/dolgozoivizsgalat\/wp-json\/wp\/v2\/categories?post=197"},{"taxonomy":"post_tag","embeddable":true,"href":"https:\/\/semmelweis.hu\/dolgozoivizsgalat\/wp-json\/wp\/v2\/tags?post=197"}],"curies":[{"name":"wp","href":"https:\/\/api.w.org\/{rel}","templated":true}]}}