{"id":19,"date":"2022-09-06T15:50:27","date_gmt":"2022-09-06T13:50:27","guid":{"rendered":"https:\/\/semmelweis.hu\/dolgozoivizsgalat\/?page_id=19"},"modified":"2025-09-09T13:31:38","modified_gmt":"2025-09-09T11:31:38","slug":"vizsgalatok","status":"publish","type":"page","link":"https:\/\/semmelweis.hu\/dolgozoivizsgalat\/vizsgalatok\/","title":{"rendered":"Mire sz\u00e1m\u00edtson a vizsg\u00e1latok sor\u00e1n?"},"content":{"rendered":"<div class=\"lead\">Itt a Semmelweis Study kiindul\u00f3 adatfelv\u00e9tele keret\u00e9ben v\u00e9gzett \u00e9lettani m\u0171szeres vizsg\u00e1latokr\u00f3l olvashat b\u0151vebben, az egyes almen\u00fckre kattintva.<\/div>\n<p>Minden vizsg\u00e1lat \u00f6nk\u00e9ntess\u00e9gen alapul, b\u00e1rmikor megszak\u00edthat\u00f3.<\/p>\n<p><strong>K\u00e9rj\u00fck tekintse meg a m\u0171szeres vizsg\u00e1latok bemutat\u00f3 kisfilmet!<\/strong><\/p>\n<p style=\"text-align: center\"><iframe loading=\"lazy\" id=\"kaltura_player\" src=\"https:\/\/cdnapisec.kaltura.com\/p\/2714041\/sp\/271404100\/embedIframeJs\/uiconf_id\/45220391\/partner_id\/2714041?iframeembed=true&amp;playerId=kaltura_player&amp;entry_id=1_rqro2gf2&amp;flashvars[streamerType]=auto&amp;flashvars[localizationCode]=en&amp;flashvars[sideBarContainer.plugin]=true&amp;flashvars[sideBarContainer.position]=left&amp;flashvars[sideBarContainer.clickToClose]=true&amp;flashvars[chapters.plugin]=true&amp;flashvars[chapters.layout]=vertical&amp;flashvars[chapters.thumbnailRotator]=false&amp;flashvars[streamSelector.plugin]=true&amp;flashvars[EmbedPlayer.SpinnerTarget]=videoHolder&amp;flashvars[dualScreen.plugin]=true&amp;flashvars[hotspots.plugin]=1&amp;flashvars[Kaltura.addCrossoriginToIframe]=true&amp;&amp;wid=1_lr122l05\" width=\"400\" height=\"300\"><\/iframe><\/p>\n<p>T\u00e1j\u00e9koztatjuk, hogy az <strong>adatgy\u0171jt\u00e9s kiz\u00e1r\u00f3lag kutat\u00e1si c\u00e9llal t\u00f6rt\u00e9nik<\/strong>, a kutat\u00e1si c\u00e9lb\u00f3l gy\u0171jt\u00f6tt adatok a v\u00e9rnyom\u00e1s \u00e9s egyes rutin laborat\u00f3riumi vizsg\u00e1latok kiv\u00e9tel\u00e9vel nem alkalmasak klinikai diagn\u00f3zis fel\u00e1ll\u00edt\u00e1s\u00e1ra.<\/p>\n<div class=\"keretes w-100\">\n<h5>FONTOS<\/h5>\n<p><span data-contrast=\"auto\">Ha \u00d6n a vizsg\u00e1latok el\u0151tt az Egyetemen k\u00edv\u00e1nja kit\u00f6lteni a k\u00e9rd\u0151\u00edvet, k\u00e9rj\u00fck miel\u0151tt elindul, ne felejtse el \u00f6ssze\u00edrni az \u00d6n \u00e1ltal rendszeresen szedett gy\u00f3gyszerek nev\u00e9t \u00e9s hat\u00f3anyagtartalm\u00e1t, mert a k\u00e9rd\u0151\u00edvben erre is r\u00e1 fogunk k\u00e9rdezni.\u00a0\u00a0<\/span><\/p>\n<div class=\"x_elementToProof\">K\u00e9rj\u00fck a vizsg\u00e1latra hozza mag\u00e1val a TAJ k\u00e1rty\u00e1j\u00e1t, vagy m\u00e1solat\u00e1t, mert a TAJ\u00a0 sz\u00e1m\u00e1ra sz\u00fcks\u00e9g lesz.<\/div>\n<div>\u00a0<\/div>\n<div>Amennyiben sz\u00fcks\u00e9ges, a HR \u00e1ltal biztos\u00edtott, a Rektor \u00dar \u00e1ltal enged\u00e9lyezett 4 \u00f3r\u00e1s id\u0151keretre munkav\u00e9gz\u00e9s al\u00f3li felment\u00e9s nyilatkozatot k\u00e9rje a vizsg\u00e1lati adminisztr\u00e1ci\u00f3t\u00f3l, vagy a semmelweis.study@semmelweis.hu e-mail c\u00edmen.\u00a0<\/div>\n<\/div>\n<div>\u00a0<\/div>\n<p><span data-contrast=\"auto\">K\u00e9rj\u00fck, hogy <\/span><span style=\"color: #3366ff\"><b>k\u00e9nyelmes ruh\u00e1zatban, \u00e9s m\u00e1r bej\u00e1ratott, sima talp\u00fa cip\u0151ben<\/b><\/span><span data-contrast=\"auto\"> \u00e9rkezzen (vagy hozzon mag\u00e1val ilyen cip\u0151t) a vizsg\u00e1lati napra.<\/span><span data-ccp-props=\"{&quot;201341983&quot;:0,&quot;335551550&quot;:6,&quot;335551620&quot;:6,&quot;335559739&quot;:160,&quot;335559740&quot;:259}\">\u00a0<\/span><span data-ccp-props=\"{&quot;201341983&quot;:0,&quot;335559739&quot;:160,&quot;335559740&quot;:259}\">\u00a0<\/span><\/p>\n<p>&nbsp;<\/p>\n<div class=\"x_elementToProof\"><strong>K\u00e9rj\u00fck tov\u00e1bb\u00e1, hogy hozza mag\u00e1val a reggeli els\u0151 vizeletmint\u00e1j\u00e1t (k\u00f6z\u00e9psugaras) a reggeli vizsg\u00e1latra!<\/strong><\/div>\n<p><b><span data-contrast=\"none\">Amennyiben <\/span><\/b><b><span data-contrast=\"none\">id\u0151pontja <\/span><\/b><b><span data-contrast=\"none\">d\u00e9lel\u0151tti <\/span><\/b><b><span data-contrast=\"none\">(8:00 \u2013 12:00)<\/span><\/b><b><span data-contrast=\"none\">:<\/span><\/b><span data-ccp-props=\"{&quot;201341983&quot;:0,&quot;335559739&quot;:0,&quot;335559740&quot;:240}\">\u00a0<\/span><\/p>\n<ul>\n<li data-leveltext=\"\uf0b7\" data-font=\"Symbol\" data-listid=\"7\" data-list-defn-props=\"{&quot;335552541&quot;:1,&quot;335559684&quot;:-2,&quot;335559685&quot;:720,&quot;335559991&quot;:360,&quot;469769226&quot;:&quot;Symbol&quot;,&quot;469769242&quot;:[8226],&quot;469777803&quot;:&quot;left&quot;,&quot;469777804&quot;:&quot;\uf0b7&quot;,&quot;469777815&quot;:&quot;hybridMultilevel&quot;}\" data-aria-posinset=\"1\" data-aria-level=\"1\"><span data-contrast=\"none\">K\u00e9rj\u00fck, hogy \u00e9hgyomorra \u00e9rkezzen a vizsg\u00e1latra. Ez azt jelenti, hogy \u00e9jf\u00e9lt\u0151l ne egyen \u00e9s vizet kiv\u00e9ve ne igyon semmit!<\/span><span data-ccp-props=\"{&quot;201341983&quot;:0,&quot;335559739&quot;:0,&quot;335559740&quot;:240}\">\u00a0<\/span><\/li>\n<li data-leveltext=\"\uf0b7\" data-font=\"Symbol\" data-listid=\"7\" data-list-defn-props=\"{&quot;335552541&quot;:1,&quot;335559684&quot;:-2,&quot;335559685&quot;:720,&quot;335559991&quot;:360,&quot;469769226&quot;:&quot;Symbol&quot;,&quot;469769242&quot;:[8226],&quot;469777803&quot;:&quot;left&quot;,&quot;469777804&quot;:&quot;\uf0b7&quot;,&quot;469777815&quot;:&quot;hybridMultilevel&quot;}\" data-aria-posinset=\"1\" data-aria-level=\"1\"><span data-contrast=\"none\">Rendszeresen szedett gy\u00f3gyszereit a szok\u00e1sos m\u00f3don vegye be!<\/span><span data-ccp-props=\"{&quot;201341983&quot;:0,&quot;335559739&quot;:0,&quot;335559740&quot;:240}\">\u00a0<\/span><\/li>\n<li data-leveltext=\"\uf0b7\" data-font=\"Symbol\" data-listid=\"7\" data-list-defn-props=\"{&quot;335552541&quot;:1,&quot;335559684&quot;:-2,&quot;335559685&quot;:720,&quot;335559991&quot;:360,&quot;469769226&quot;:&quot;Symbol&quot;,&quot;469769242&quot;:[8226],&quot;469777803&quot;:&quot;left&quot;,&quot;469777804&quot;:&quot;\uf0b7&quot;,&quot;469777815&quot;:&quot;hybridMultilevel&quot;}\" data-aria-posinset=\"1\" data-aria-level=\"1\"><span data-contrast=\"none\">K\u00e9rj\u00fck, ne doh\u00e1nyozzon a vizsg\u00e1lat reggel\u00e9n!<\/span><span data-ccp-props=\"{&quot;201341983&quot;:0,&quot;335559739&quot;:0,&quot;335559740&quot;:240}\">\u00a0<\/span><\/li>\n<li data-leveltext=\"\uf0b7\" data-font=\"Symbol\" data-listid=\"7\" data-list-defn-props=\"{&quot;335552541&quot;:1,&quot;335559684&quot;:-2,&quot;335559685&quot;:720,&quot;335559991&quot;:360,&quot;469769226&quot;:&quot;Symbol&quot;,&quot;469769242&quot;:[8226],&quot;469777803&quot;:&quot;left&quot;,&quot;469777804&quot;:&quot;\uf0b7&quot;,&quot;469777815&quot;:&quot;hybridMultilevel&quot;}\" data-aria-posinset=\"1\" data-aria-level=\"1\"><span data-contrast=\"none\">K\u00e9rj\u00fck, hogy az id\u0151pont el\u0151tt legal\u00e1bb 12 \u00f3r\u00e1val tart\u00f3zkodjon a meger\u0151ltet\u0151 testmozg\u00e1st\u00f3l!<\/span><span data-ccp-props=\"{&quot;201341983&quot;:0,&quot;335559739&quot;:0,&quot;335559740&quot;:240}\">\u00a0<\/span><\/li>\n<\/ul>\n<p><b><span data-contrast=\"none\">Amennyiben id\u0151pontja d\u00e9lut\u00e1ni (12:00 \u00f3ra ut\u00e1n):<\/span><\/b><span data-ccp-props=\"{&quot;201341983&quot;:0,&quot;335551550&quot;:6,&quot;335551620&quot;:6,&quot;335559739&quot;:0,&quot;335559740&quot;:240}\">\u00a0<\/span><\/p>\n<ul>\n<li data-leveltext=\"\uf0b7\" data-font=\"Symbol\" data-listid=\"6\" data-list-defn-props=\"{&quot;335552541&quot;:1,&quot;335559684&quot;:-2,&quot;335559685&quot;:720,&quot;335559991&quot;:360,&quot;469769226&quot;:&quot;Symbol&quot;,&quot;469769242&quot;:[8226],&quot;469777803&quot;:&quot;left&quot;,&quot;469777804&quot;:&quot;\uf0b7&quot;,&quot;469777815&quot;:&quot;hybridMultilevel&quot;}\" data-aria-posinset=\"1\" data-aria-level=\"1\"><span data-contrast=\"none\">K\u00e9rj\u00fck, hogy reggel <\/span><b><span data-contrast=\"none\">8 \u00f3ra ut\u00e1n <\/span><\/b><span data-contrast=\"none\">ne egyen \u00e9s vizet kiv\u00e9ve ne igyon semmit!<\/span>\u00a0<br \/>\n<strong>Reggel 8:00 el\u0151tt CSAK az al\u00e1bbi list\u00e1b\u00f3l \u00e1ll\u00edthat \u00f6ssze egy k\u00f6nny\u0171 reggelit:\u00a0<\/strong><\/li>\n<\/ul>\n<ul>\n<li data-leveltext=\"o\" data-font=\"Courier New\" data-listid=\"6\" data-list-defn-props=\"{&quot;335552541&quot;:1,&quot;335559684&quot;:-2,&quot;335559685&quot;:1440,&quot;335559991&quot;:360,&quot;469769226&quot;:&quot;Courier New&quot;,&quot;469769242&quot;:[9675],&quot;469777803&quot;:&quot;left&quot;,&quot;469777804&quot;:&quot;o&quot;,&quot;469777815&quot;:&quot;hybridMultilevel&quot;}\" data-aria-posinset=\"1\" data-aria-level=\"2\">Tea vagy k\u00e1v\u00e9 (cukor n\u00e9lk\u00fcl, kev\u00e9s sov\u00e1ny tej haszn\u00e1lhat\u00f3)<\/li>\n<li data-leveltext=\"o\" data-font=\"Courier New\" data-listid=\"6\" data-list-defn-props=\"{&quot;335552541&quot;:1,&quot;335559684&quot;:-2,&quot;335559685&quot;:1440,&quot;335559991&quot;:360,&quot;469769226&quot;:&quot;Courier New&quot;,&quot;469769242&quot;:[9675],&quot;469777803&quot;:&quot;left&quot;,&quot;469777804&quot;:&quot;o&quot;,&quot;469777815&quot;:&quot;hybridMultilevel&quot;}\" data-aria-posinset=\"2\" data-aria-level=\"2\"><span data-contrast=\"none\">Nat\u00far keny\u00e9r vagy pir\u00edt\u00f3s (ne legyen rajta vaj, lekv\u00e1r, vagy egy\u00e9b felt\u00e9t)<\/span><span data-ccp-props=\"{&quot;201341983&quot;:0,&quot;335551550&quot;:6,&quot;335551620&quot;:6,&quot;335559739&quot;:0,&quot;335559740&quot;:240}\">\u00a0<\/span><\/li>\n<li data-leveltext=\"o\" data-font=\"Courier New\" data-listid=\"6\" data-list-defn-props=\"{&quot;335552541&quot;:1,&quot;335559684&quot;:-2,&quot;335559685&quot;:1440,&quot;335559991&quot;:360,&quot;469769226&quot;:&quot;Courier New&quot;,&quot;469769242&quot;:[9675],&quot;469777803&quot;:&quot;left&quot;,&quot;469777804&quot;:&quot;o&quot;,&quot;469777815&quot;:&quot;hybridMultilevel&quot;}\" data-aria-posinset=\"3\" data-aria-level=\"2\"><span data-contrast=\"none\">Cukormentes m\u00fczli\/gabonaf\u00e9l\u00e9k, v\u00edzzel vagy sov\u00e1ny tejjel elk\u00e9sz\u00edtve<\/span><span data-ccp-props=\"{&quot;201341983&quot;:0,&quot;335551550&quot;:6,&quot;335551620&quot;:6,&quot;335559739&quot;:0,&quot;335559740&quot;:240}\">\u00a0<\/span><\/li>\n<li data-leveltext=\"o\" data-font=\"Courier New\" data-listid=\"6\" data-list-defn-props=\"{&quot;335552541&quot;:1,&quot;335559684&quot;:-2,&quot;335559685&quot;:1440,&quot;335559991&quot;:360,&quot;469769226&quot;:&quot;Courier New&quot;,&quot;469769242&quot;:[9675],&quot;469777803&quot;:&quot;left&quot;,&quot;469777804&quot;:&quot;o&quot;,&quot;469777815&quot;:&quot;hybridMultilevel&quot;}\" data-aria-posinset=\"4\" data-aria-level=\"2\"><span data-contrast=\"none\">Cukrot, zs\u00edrokat \u00e9s tejterm\u00e9keket (sov\u00e1ny tejen k\u00edv\u00fcl) ne fogyasszon!<\/span><span data-ccp-props=\"{&quot;201341983&quot;:0,&quot;335551550&quot;:6,&quot;335551620&quot;:6,&quot;335559739&quot;:0,&quot;335559740&quot;:240}\">\u00a0<\/span><\/li>\n<\/ul>\n<div class=\"keretes w-100\">\n<h4><b><span data-contrast=\"none\">Mindenkire vonatkoz\u00f3 javaslatok:<\/span><\/b><span data-ccp-props=\"{&quot;201341983&quot;:0,&quot;335551550&quot;:6,&quot;335551620&quot;:6,&quot;335559739&quot;:0,&quot;335559740&quot;:240}\">\u00a0<\/span><\/h4>\n<ul style=\"list-style-type: disc\">\n<li><span data-contrast=\"none\">Rendszeresen szedett gy\u00f3gyszereit a szok\u00e1sos m\u00f3don vegye be!<\/span><\/li>\n<li><span data-contrast=\"none\">K\u00e9rj\u00fck, ne doh\u00e1nyozzon a vizsg\u00e1lat reggel\u00e9n!<\/span><\/li>\n<li><span data-contrast=\"none\">K\u00e9rj\u00fck, hogy az id\u0151pont el\u0151tt legal\u00e1bb 12 \u00f3r\u00e1val tart\u00f3zkodjon a meger\u0151ltet\u0151 testmozg\u00e1st\u00f3l!<\/span><\/li>\n<li><span data-contrast=\"none\">Amennyiben cukorbeteg, ne \u00e9hezzen! Tartsa be szok\u00e1sos \u00e9tkez\u00e9si \u00e9s kezel\u00e9si rendj\u00e9t a vizsg\u00e1lati napon is!<\/span><span data-ccp-props=\"{&quot;201341983&quot;:0,&quot;335559739&quot;:0,&quot;335559740&quot;:240}\">\u00a0<\/span><\/li>\n<\/ul>\n<\/div>\n<p>&nbsp;<\/p>\n<p>&nbsp;<\/p>\n<p>&nbsp;<\/p>\n<p>&nbsp;<\/p>\n<p>&nbsp;<\/p>\n<p><b><span data-contrast=\"none\">Egy\u00e9b inform\u00e1ci\u00f3k:<\/span><\/b><span data-ccp-props=\"{&quot;201341983&quot;:0,&quot;335559739&quot;:0,&quot;335559740&quot;:240}\">\u00a0<\/span><\/p>\n<ul>\n<li data-leveltext=\"\uf0b7\" data-font=\"Symbol\" data-listid=\"5\" data-list-defn-props=\"{&quot;335552541&quot;:1,&quot;335559684&quot;:-2,&quot;335559685&quot;:720,&quot;335559991&quot;:360,&quot;469769226&quot;:&quot;Symbol&quot;,&quot;469769242&quot;:[8226],&quot;469777803&quot;:&quot;left&quot;,&quot;469777804&quot;:&quot;\uf0b7&quot;,&quot;469777815&quot;:&quot;hybridMultilevel&quot;}\" data-aria-posinset=\"2\" data-aria-level=\"1\"><span data-contrast=\"none\">Az helysz\u00edn megk\u00f6zel\u00edt\u00e9se: <\/span>\u00a0<br \/>\n<span data-contrast=\"none\">C\u00edm: 1089 Budapest, Nagyv\u00e1rad t\u00e9r 4,\u00a0 Elm\u00e9leti T\u00f6mb, 21. emelet<\/span><span data-ccp-props=\"{&quot;201341983&quot;:0,&quot;335559739&quot;:0,&quot;335559740&quot;:240}\">\u00a0<\/span><\/li>\n<li data-leveltext=\"\uf0b7\" data-font=\"Symbol\" data-listid=\"5\" data-list-defn-props=\"{&quot;335552541&quot;:1,&quot;335559684&quot;:-2,&quot;335559685&quot;:720,&quot;335559991&quot;:360,&quot;469769226&quot;:&quot;Symbol&quot;,&quot;469769242&quot;:[8226],&quot;469777803&quot;:&quot;left&quot;,&quot;469777804&quot;:&quot;\uf0b7&quot;,&quot;469777815&quot;:&quot;hybridMultilevel&quot;}\" data-aria-posinset=\"2\" data-aria-level=\"1\"><span data-contrast=\"none\">Szem\u00e9lyaut\u00f3val parkol\u00e1si lehet\u0151s\u00e9g a k\u00f6rny\u00e9ken csak korl\u00e1tozottan \u00e1ll rendelkez\u00e9sre<\/span><span data-ccp-props=\"{&quot;201341983&quot;:0,&quot;335559739&quot;:0,&quot;335559740&quot;:240}\">\u00a0<\/span><\/li>\n<li data-leveltext=\"\uf0b7\" data-font=\"Symbol\" data-listid=\"5\" data-list-defn-props=\"{&quot;335552541&quot;:1,&quot;335559684&quot;:-2,&quot;335559685&quot;:720,&quot;335559991&quot;:360,&quot;469769226&quot;:&quot;Symbol&quot;,&quot;469769242&quot;:[8226],&quot;469777803&quot;:&quot;left&quot;,&quot;469777804&quot;:&quot;\uf0b7&quot;,&quot;469777815&quot;:&quot;hybridMultilevel&quot;}\" data-aria-posinset=\"2\" data-aria-level=\"1\"><span data-contrast=\"none\">T\u00f6megk\u00f6zleked\u00e9ssel: 24\/ 2A villamosok, illetve M3 Nagyv\u00e1rad t\u00e9ri meg\u00e1ll\u00f3t\u00f3l 1 perc s\u00e9ta<\/span><span data-ccp-props=\"{&quot;201341983&quot;:0,&quot;335559739&quot;:0,&quot;335559740&quot;:240}\">\u00a0<\/span><\/li>\n<li data-leveltext=\"\uf0b7\" data-font=\"Symbol\" data-listid=\"5\" data-list-defn-props=\"{&quot;335552541&quot;:1,&quot;335559684&quot;:-2,&quot;335559685&quot;:720,&quot;335559991&quot;:360,&quot;469769226&quot;:&quot;Symbol&quot;,&quot;469769242&quot;:[8226],&quot;469777803&quot;:&quot;left&quot;,&quot;469777804&quot;:&quot;\uf0b7&quot;,&quot;469777815&quot;:&quot;hybridMultilevel&quot;}\" data-aria-posinset=\"2\" data-aria-level=\"1\"><span data-contrast=\"none\">K\u00e9rj\u00fck, ne felejtse el mag\u00e1val hozni olvas\u00f3szem\u00fcveg\u00e9t \u00e9s hall\u00f3k\u00e9sz\u00fcl\u00e9k\u00e9t, amennyiben ezekre sz\u00fcks\u00e9ge van.<\/span><span data-ccp-props=\"{&quot;201341983&quot;:0,&quot;335559739&quot;:0,&quot;335559740&quot;:240}\">\u00a0<\/span><\/li>\n<li data-leveltext=\"\uf0b7\" data-font=\"Symbol\" data-listid=\"5\" data-list-defn-props=\"{&quot;335552541&quot;:1,&quot;335559684&quot;:-2,&quot;335559685&quot;:720,&quot;335559991&quot;:360,&quot;469769226&quot;:&quot;Symbol&quot;,&quot;469769242&quot;:[8226],&quot;469777803&quot;:&quot;left&quot;,&quot;469777804&quot;:&quot;\uf0b7&quot;,&quot;469777815&quot;:&quot;hybridMultilevel&quot;}\" data-aria-posinset=\"2\" data-aria-level=\"1\"><span data-contrast=\"auto\">Friss\u00edt\u0151k a vizsg\u00e1lat teljes id\u0151tartama alatt el\u00e9rhet\u0151ek.<\/span><\/li>\n<\/ul>\n<p>&nbsp;<\/p>\n","protected":false},"excerpt":{"rendered":"<p>Itt a Semmelweis Study kiindul\u00f3 adatfelv\u00e9tele keret\u00e9ben v\u00e9gzett \u00e9lettani m\u0171szeres vizsg\u00e1latokr\u00f3l olvashat b\u0151vebben, az egyes almen\u00fckre kattintva. Minden vizsg\u00e1lat \u00f6nk\u00e9ntess\u00e9gen alapul, b\u00e1rmikor megszak\u00edthat\u00f3. K\u00e9rj\u00fck tekintse meg a m\u0171szeres vizsg\u00e1latok bemutat\u00f3 kisfilmet! T\u00e1j\u00e9koztatjuk, hogy az adatgy\u0171jt\u00e9s kiz\u00e1r\u00f3lag kutat\u00e1si c\u00e9llal t\u00f6rt\u00e9nik, a kutat\u00e1si c\u00e9lb\u00f3l gy\u0171jt\u00f6tt adatok a v\u00e9rnyom\u00e1s \u00e9s egyes rutin laborat\u00f3riumi vizsg\u00e1latok kiv\u00e9tel\u00e9vel nem alkalmasak klinikai &hellip;<\/p>\n","protected":false},"author":102104,"featured_media":0,"parent":0,"menu_order":2,"comment_status":"closed","ping_status":"closed","template":"","meta":{"_acf_changed":false,"footnotes":""},"categories":[],"tags":[],"class_list":["post-19","page","type-page","status-publish","hentry"],"acf":[],"_links":{"self":[{"href":"https:\/\/semmelweis.hu\/dolgozoivizsgalat\/wp-json\/wp\/v2\/pages\/19","targetHints":{"allow":["GET"]}}],"collection":[{"href":"https:\/\/semmelweis.hu\/dolgozoivizsgalat\/wp-json\/wp\/v2\/pages"}],"about":[{"href":"https:\/\/semmelweis.hu\/dolgozoivizsgalat\/wp-json\/wp\/v2\/types\/page"}],"author":[{"embeddable":true,"href":"https:\/\/semmelweis.hu\/dolgozoivizsgalat\/wp-json\/wp\/v2\/users\/102104"}],"replies":[{"embeddable":true,"href":"https:\/\/semmelweis.hu\/dolgozoivizsgalat\/wp-json\/wp\/v2\/comments?post=19"}],"version-history":[{"count":11,"href":"https:\/\/semmelweis.hu\/dolgozoivizsgalat\/wp-json\/wp\/v2\/pages\/19\/revisions"}],"predecessor-version":[{"id":815,"href":"https:\/\/semmelweis.hu\/dolgozoivizsgalat\/wp-json\/wp\/v2\/pages\/19\/revisions\/815"}],"wp:attachment":[{"href":"https:\/\/semmelweis.hu\/dolgozoivizsgalat\/wp-json\/wp\/v2\/media?parent=19"}],"wp:term":[{"taxonomy":"category","embeddable":true,"href":"https:\/\/semmelweis.hu\/dolgozoivizsgalat\/wp-json\/wp\/v2\/categories?post=19"},{"taxonomy":"post_tag","embeddable":true,"href":"https:\/\/semmelweis.hu\/dolgozoivizsgalat\/wp-json\/wp\/v2\/tags?post=19"}],"curies":[{"name":"wp","href":"https:\/\/api.w.org\/{rel}","templated":true}]}}