{"id":115,"date":"2023-06-08T11:28:41","date_gmt":"2023-06-08T09:28:41","guid":{"rendered":"https:\/\/semmelweis.hu\/dolgozoivizsgalat\/?page_id=115"},"modified":"2025-06-03T14:37:51","modified_gmt":"2025-06-03T12:37:51","slug":"toborzo-level","status":"publish","type":"page","link":"https:\/\/semmelweis.hu\/dolgozoivizsgalat\/semmelweis-study-bemutatasa\/toborzo-level\/","title":{"rendered":"A Semmelweis Study-r\u00f3l di\u00f3h\u00e9jban"},"content":{"rendered":"<p><strong>Tisztelt H\u00f6lgyem\/Uram!<br \/>\n<\/strong><strong>Kedves Koll\u00e9ga!<\/strong>\u00a0<\/p>\n<p>\u00d6r\u00f6mmel t\u00e1j\u00e9koztatjuk, hogy lehet\u0151s\u00e9ge van r\u00e9szt venni az Egyetem\u00fcnk \u00e1ltal szervezett <strong>Semmelweis Study dolgoz\u00f3i kutat\u00e1sban<\/strong>!\u00a0<\/p>\n<p>A Semmelweis Study egy munkahelyi, t\u00f6bb \u00e9vet fel\u00f6lel\u0151 dolgoz\u00f3i kutat\u00e1s, amely egyed\u00fcl\u00e1ll\u00f3 kezdem\u00e9nyez\u00e9s haz\u00e1nkban. A kutat\u00e1s az eg\u00e9szs\u00e9gi \u00e1llapotot, a megbeteged\u00e9seket \u00e9s az azt meghat\u00e1roz\u00f3 t\u00e9nyez\u0151k sz\u00e9les k\u00f6r\u00e9nek \u00f6sszef\u00fcgg\u00e9seit vizsg\u00e1lja. A kutat\u00e1s c\u00e9lcsoportja a 25 \u00e9vn\u00e9l id\u0151sebb egyetemi dolgoz\u00f3k k\u00f6re. <span data-olk-copy-source=\"MessageBody\">A kutat\u00e1s kiindul\u00e1si adatfelv\u00e9tele 2024 tavasz\u00e1n kezd\u0151d\u00f6tt \u00e9s t\u00f6bb \u00e9vig tart. Az ism\u00e9tl\u0151 adatfelv\u00e9teleket 5 \u00e9vente tervezz\u00fck lebonyol\u00edtani. <\/span><\/p>\n<p><strong>A Semmelweis Study \u00e1tfog\u00f3 c\u00e9lja<\/strong> az eg\u00e9szs\u00e9ges \u00f6reged\u00e9s \u00e9s azzal \u00f6sszef\u00fcgg\u0151 id\u00fclt megbeteged\u00e9sek meghat\u00e1roz\u00f3inak vizsg\u00e1lata.<\/p>\n<p style=\"text-align: center\"><iframe loading=\"lazy\" id=\"kaltura_player\" src=\"https:\/\/cdnapisec.kaltura.com\/p\/2714041\/sp\/271404100\/embedIframeJs\/uiconf_id\/45220391\/partner_id\/2714041?iframeembed=true&amp;playerId=kaltura_player&amp;entry_id=1_31x5a14o&amp;flashvars[streamerType]=auto&amp;flashvars[localizationCode]=en&amp;flashvars[sideBarContainer.plugin]=true&amp;flashvars[sideBarContainer.position]=left&amp;flashvars[sideBarContainer.clickToClose]=true&amp;flashvars[chapters.plugin]=true&amp;flashvars[chapters.layout]=vertical&amp;flashvars[chapters.thumbnailRotator]=false&amp;flashvars[streamSelector.plugin]=true&amp;flashvars[EmbedPlayer.SpinnerTarget]=videoHolder&amp;flashvars[dualScreen.plugin]=true&amp;flashvars[hotspots.plugin]=1&amp;flashvars[Kaltura.addCrossoriginToIframe]=true&amp;&amp;wid=1_u34lsifm\" width=\"500\" height=\"300\"><\/iframe><\/p>\n<p><strong>A Semmelweis Study-ban val\u00f3 r\u00e9szv\u00e9tele egy\u00e9ni \u00e9s t\u00e1rsadalmi szinten e<\/strong><strong>gyar\u00e1nt hasznos!<\/strong><\/p>\n<p>Egy\u00e9ni szintet k\u00e9r\u00e9s\u00e9re megismerheti az \u00e1llapotfelm\u00e9r\u00e9s sor\u00e1n keletkezett vizsg\u00e1lati eredm\u00e9nyeit (pl.: laboreredm\u00e9nyek), r\u00e9szese lehet olyan izgalmas vizsg\u00e1latoknak, mint pl.: a szenzoros j\u00e1r\u00e1ssz\u0151nyegen v\u00e9gzett j\u00e1r\u00e1svizsg\u00e1lat. K\u00e9rj\u00fck vegyen r\u00e9szt a Semmelweis Study-ban, a haz\u00e1nkban hi\u00e1nyp\u00f3tl\u00f3 munkahelyi dolgoz\u00f3i kutat\u00e1sban. Ez\u00e1ltal hozz\u00e1j\u00e1rulhat az eg\u00e9szs\u00e9ges \u00f6reged\u00e9ssel, a sz\u00edv- \u00e9s \u00e9rrendszeri, alamint anyagcsere megbeteged\u00e9sekkel kapcsolatos t\u00e1rsadalmi szint\u0171 tudom\u00e1nyos ismeretek gyarap\u00edt\u00e1s\u00e1hoz. \u00a0\u00a0<\/p>\n<div class=\"keretes\">\n<p><strong>A kutat\u00e1st megval\u00f3s\u00edt\u00f3 szakemberek m\u00e9lyen elk\u00f6telezettek e Magyarorsz\u00e1gon hi\u00e1nyp\u00f3tl\u00f3 jelent\u0151s\u00e9g\u0171 kutat\u00e1s siker\u00e9ben. K\u00e9rj\u00fck r\u00e9szv\u00e9tel\u00fckkel j\u00e1ruljanak hozz\u00e1 e k\u00f6z\u00f6s sikerhez!<\/strong><\/p>\n<\/div>\n<p>A kutat\u00e1sban val\u00f3 r\u00e9szv\u00e9tel \u00f6nk\u00e9ntes, a hozz\u00e1j\u00e1rul\u00e1s\u00e1t megfelel\u0151 t\u00e1j\u00e9koztat\u00e1s birtok\u00e1ban teheti meg. A kiindul\u00e1si adatfelv\u00e9tel t\u00f6bb r\u00e9szb\u0151l \u00e1ll. Az eg\u00e9szs\u00e9get meghat\u00e1roz\u00f3 legfontosabb t\u00e9nyez\u0151ket egy k\u00e9rd\u0151\u00edv seg\u00edts\u00e9g\u00e9vel m\u00e9rj\u00fck fel. Ezt k\u00f6vet\u0151en fizik\u00e1lis, fiziol\u00f3giai, kognit\u00edv \u00e9s laborvizsg\u00e1latban vehet r\u00e9szt. A r\u00e9sztvev\u0151k k\u00fcl\u00f6n hozz\u00e1j\u00e1rul\u00e1sa eset\u00e9n \u00f6sszekapcsoljuk a kiindul\u00e1si adatokat a Nemzeti Eg\u00e9szs\u00e9gbiztos\u00edt\u00e1si Alapkezel\u0151n\u00e9l (NEAK) eg\u00e9szs\u00e9g\u00fcgyi adataival, amely lehet\u0151v\u00e9 teszi a k\u00e9s\u0151bbiekben az eg\u00e9szs\u00e9gi \u00e1llapot hosszabb t\u00e1v\u00fa v\u00e1ltoz\u00e1s\u00e1nak vizsg\u00e1lat\u00e1t akkor is, ha a k\u00e9s\u0151bbi adatfelv\u00e9telek nem j\u00f6nnek l\u00e9tre, vagy azokon nem k\u00edv\u00e1n r\u00e9szt venni. A vizsg\u00e1latb\u00f3l b\u00e1rmikor kil\u00e9phet \u00e9s k\u00e9rheti szem\u00e9lyes adatainak t\u00f6rl\u00e9s\u00e9t.<\/p>\n<p>T\u00e1j\u00e9koztatjuk, hogy <strong>az adatgy\u0171jt\u00e9s kiz\u00e1r\u00f3lag kutat\u00e1si c\u00e9llal t\u00f6rt\u00e9nik, <\/strong><strong>a kutat\u00e1si c\u00e9lb\u00f3l gy\u0171jt\u00f6tt adatok a v\u00e9rnyom\u00e1s \u00e9s egyes rutin laborat\u00f3riumi vizsg\u00e1latok kiv\u00e9tel\u00e9vel nem alkalmasak klinikai diagn\u00f3zis fel\u00e1ll\u00edt\u00e1s\u00e1ra<\/strong>. A kutat\u00e1st a Nemzeti N\u00e9peg\u00e9szs\u00e9g\u00fcgyi \u00e9s Gy\u00f3gyszer\u00e9szeti K\u00f6zpont\u00a0 (K<em>utat\u00e1s nyilv\u00e1ntart\u00e1si sz\u00e1m :<a href=\"https:\/\/semmelweis.hu\/dolgozoivizsgalat\/fontos-informaciok\/kutatast-engedelyezo-etikai-engedely-nnk-tukeb\/\"> OGY\u00c9I\/53981-2\/2023 &#8211; 809<\/a><\/em>) enged\u00e9ly\u00e9ben kedvez\u0151en b\u00edr\u00e1lta el. A kutat\u00e1st a Semmelweis Egyetem Megel\u0151z\u0151 Orvostani \u00e9s N\u00e9peg\u00e9szs\u00e9gtani Int\u00e9zet\u00e9nek munkat\u00e1rsai \u00e9s kutat\u00f3i bonyol\u00edtj\u00e1k le. A Semmelweis Study sor\u00e1n adatait bizalmasan kezelj\u00fck, a kutat\u00e1s adatkezel\u00e9si folyamatait a hat\u00e1lyos eur\u00f3pai (GDPR) \u00e9s nemzeti adatv\u00e9delmi jogszab\u00e1lyoknak, valamint az egyetem\u00fcnk adatv\u00e9delmi \u00e9s inform\u00e1ci\u00f3biztons\u00e1gi szab\u00e1lyai szerint, az Egyetem adatv\u00e9delmi \u00e9s betegjogi k\u00f6zpontj\u00e1nak bevon\u00e1s\u00e1val dolgoztuk ki. A vizsg\u00e1lat sor\u00e1n gy\u0171jt\u00f6tt, kezelt \u00e9s t\u00e1rolt adatok biztons\u00e1g\u00e1t k\u00fcl\u00f6nb\u00f6z\u0151 technikai, informatikai \u00e9s szervezeti int\u00e9zked\u00e9sekkel garant\u00e1ljuk. A szem\u00e9lyazonos\u00edt\u00e1sra alkalmas adatokat minden esetben (fizikailag \u00e9s digit\u00e1lisan is) k\u00fcl\u00f6n kezelj\u00fck a vizsg\u00e1lat sor\u00e1n gy\u0171jt\u00f6tt, pszeudonimiz\u00e1lt (\u00e1lneves\u00edtett) fiziol\u00f3giai \/ biol\u00f3giai \/ genetikai adatokt\u00f3l. A vizsg\u00e1lat sor\u00e1n gy\u0171jt\u00f6tt adatokat t\u00e1rol\u00f3 adatb\u00e1zis strukt\u00far\u00e1ja, valamint a hozz\u00e1f\u00e9r\u00e9si jogosults\u00e1gok szab\u00e1lyz\u00e1sa \u00e1ltal is biztos\u00edtjuk az adatok teljesk\u00f6r\u0171 v\u00e9delm\u00e9t.\u00a0<\/p>\n<p><strong>Felh\u00edvjuk sz\u00edves figyelm\u00e9t, hogy a kutat\u00e1sban keletkez\u0151 adatokat (a r\u00e9sztvev\u0151k v\u00e1laszait, eg\u00e9szs\u00e9g\u00fcgyi adatait) semmilyen illet\u00e9ktelen szem\u00e9ly, \u00edgy a munk\u00e1ltat\u00f3i jogokat gyakorl\u00f3 szem\u00e9ly, illetve felettese sem ismerheti meg, azokba semmilyen m\u00f3don nem nyerhet betekint\u00e9st. A kutat\u00e1s adatfelv\u00e9tel\u00e9ben, adatkezel\u00e9s\u00e9ben r\u00e9sztvev\u0151 szem\u00e9lyzet tov\u00e1bb\u00e1 titoktart\u00e1si nyilatkozatot \u00edr al\u00e1 a kutat\u00e1s tekintet\u00e9ben.\u00a0<\/strong><\/p>\n<p style=\"text-align: center\"><strong>Tisztelettel k\u00e9rj\u00fck, hogy vegyen r\u00e9szt a Semmelweis Study 2023-ban kezd\u0151d\u0151 kiindul\u00e1si adatfelv\u00e9tel\u00e9ben!<\/strong><\/p>\n<p>&nbsp;<\/p>\n<p style=\"text-align: center\"><span style=\"font-size: 24pt;color: #0000ff\"><a href=\"https:\/\/kerdoiv.szinapszis.hu\/SE\/1\/SZ231116\/?tui=auto&amp;nocookie=1\">Jelentkezem a kutat\u00e1sba!<\/a><\/span><\/p>\n<p>Tov\u00e1bbi r\u00e9szletes inform\u00e1ci\u00f3\u00e9rt l\u00e1togasson el a <a href=\"https:\/\/semmelweis.hu\/dolgozoivizsgalat\/semmelweis-study-bemutatasa\/\">Semmelweis Study honlapj\u00e1ra<\/a>, \u00a0ahol elolvashatja &#8211; t\u00f6bbek k\u00f6zt &#8211;\u00a0 a r\u00e9sztvev\u0151knek sz\u00e1nt <a href=\"https:\/\/semmelweis.hu\/dolgozoivizsgalat\/fontos-informaciok\/reszletes-tajekoztato-level\/\">R\u00e9szletes T\u00e1j\u00e9koztat\u00f3t<\/a>, az <a href=\"https:\/\/semmelweis.hu\/dolgozoivizsgalat\/fontos-informaciok\/adatkezelesi-tajekoztato\/\">Adatkezel\u00e9si T\u00e1j\u00e9koztat\u00f3t<\/a>. A honlapon tov\u00e1bbi ismertet\u0151ket \u00e9s inform\u00e1ci\u00f3kat is tal\u00e1lhat a <a href=\"https:\/\/semmelweis.hu\/dolgozoivizsgalat\/vizsgalatok\/\">m\u0171szeres vizsg\u00e1latokr\u00f3l<\/a>, valamint a <a href=\"https:\/\/semmelweis.hu\/dolgozoivizsgalat\/adatgyujtes\/kerdoiv\/\">k\u00e9rd\u0151\u00edvet<\/a> is elolvashatja.\u00a0\u00a0<\/p>\n<div class=\"fontos_div\">\n<p><strong>Mit tegyen, ha k\u00e9rd\u00e9se\/\u00e9szrev\u00e9tele van?\u00a0<\/strong>\u00a0<\/p>\n<p>A Semmelweis Study-val kapcsolatos k\u00e9rd\u00e9seire\/\u00e9szrev\u00e9teleire munkanapokon, 9-15 \u00f3ra k\u00f6z\u00f6tt, a +3630 878 0597 vagy a +3620 825 0598 \u00a0telefonsz\u00e1mon \u00e9s\/vagy a <a href=\"mailto:semmelweis.study@med.semmelweis-univ.hu\">semmelweis.study@semmelweis.hu<\/a> e-mail c\u00edmen v\u00e1laszolunk, valamint a <a href=\"https:\/\/www.semmelweis.hu\/dolgozoivizsgalat\">https:\/\/www.semmelweis.hu\/dolgozoivizsgalat<\/a> honlapon folyamatosan b\u0151v\u00fcl\u0151 inform\u00e1ci\u00f3kkal seg\u00edtj\u00fck az \u00e9rdekl\u0151d\u0151ket.\u00a0<\/p>\n<\/div>\n<p>K\u00f6sz\u00f6nj\u00fck, hogy elolvasta ezt a t\u00e1j\u00e9koztat\u00f3t \u00e9s b\u00edzunk benne, hogy r\u00e9szt vesz majd a Semmelweis Study dolgoz\u00f3i kutat\u00e1sban!\u00a0\u00a0<\/p>\n<p>Kollegi\u00e1lis \u00fcdv\u00f6zlettel:\u00a0\u00a0<\/p>\n<p>Prof. Dr. Tab\u00e1k Gyula \u00c1d\u00e1m\u00a0\u00a0\u00a0\u00a0\u00a0\u00a0\u00a0\u00a0\u00a0\u00a0\u00a0\u00a0\u00a0\u00a0\u00a0\u00a0\u00a0\u00a0\u00a0\u00a0\u00a0\u00a0\u00a0\u00a0\u00a0\u00a0\u00a0\u00a0\u00a0\u00a0\u00a0\u00a0\u00a0\u00a0\u00a0\u00a0\u00a0 Prof. Dr. Ungv\u00e1ri Zolt\u00e1n\u00a0<\/p>\n<p>Kutat\u00e1svezet\u0151\u00a0 \u00a0 \u00a0 \u00a0 \u00a0 \u00a0 \u00a0 \u00a0 \u00a0 \u00a0 \u00a0 \u00a0 \u00a0 \u00a0 \u00a0 \u00a0 \u00a0 \u00a0 \u00a0 \u00a0 \u00a0 \u00a0 \u00a0 \u00a0 \u00a0 \u00a0 \u00a0Megel\u0151z\u0151 Orvostani \u00e9s N\u00e9peg\u00e9szs\u00e9gtani Int\u00e9zet Igazgat\u00f3\u00a0<\/p>\n<hr \/>\n<h6><span style=\"font-size: 12pt\">A K\u00e9rd\u0151\u00edv kit\u00f6lt\u00e9s\u00e9re \u00e9s k\u00e9s\u0151bbi megkeres\u00e9sre vonatkoz\u00f3 Hozz\u00e1j\u00e1rul\u00f3 Nyilatkozatot <u><a href=\"https:\/\/semmelweis.hu\/dolgozoivizsgalat\/fontos-informaciok\/hozzajarulo-nyilatkozat-kerdoiv\/\">itt n\u00e9zheti meg <\/a><\/u>.\u00a0 Kattintson <u><a href=\"https:\/\/outlook.office365.com\/owa\/calendar\/SemmelweisStudy_Probaidopontfoglalo@unisemmelweis.onmicrosoft.com\/bookings\/\">ide<\/a>,<\/u> ha az online rendszerben foglalna id\u0151pontot a vizsg\u00e1latokra.\u00a0\u00a0Amennyiben nem foglal id\u0151pontot a vizsg\u00e1latokra, abban az esetben munkat\u00e1rsunk keresi majd az id\u0151ponttal kapcsolatban.\u00a0<\/span><\/h6>\n<p>&nbsp;<\/p>\n<p>&nbsp;<\/p>\n<p>&nbsp;<\/p>\n","protected":false},"excerpt":{"rendered":"<p>Tisztelt H\u00f6lgyem\/Uram! Kedves Koll\u00e9ga!\u00a0 \u00d6r\u00f6mmel t\u00e1j\u00e9koztatjuk, hogy lehet\u0151s\u00e9ge van r\u00e9szt venni az Egyetem\u00fcnk \u00e1ltal szervezett Semmelweis Study dolgoz\u00f3i kutat\u00e1sban!\u00a0 A Semmelweis Study egy munkahelyi, t\u00f6bb \u00e9vet fel\u00f6lel\u0151 dolgoz\u00f3i kutat\u00e1s, amely egyed\u00fcl\u00e1ll\u00f3 kezdem\u00e9nyez\u00e9s haz\u00e1nkban. A kutat\u00e1s az eg\u00e9szs\u00e9gi \u00e1llapotot, a megbeteged\u00e9seket \u00e9s az azt meghat\u00e1roz\u00f3 t\u00e9nyez\u0151k sz\u00e9les k\u00f6r\u00e9nek \u00f6sszef\u00fcgg\u00e9seit vizsg\u00e1lja. A kutat\u00e1s c\u00e9lcsoportja a 25 \u00e9vn\u00e9l &hellip;<\/p>\n","protected":false},"author":102104,"featured_media":0,"parent":5,"menu_order":0,"comment_status":"closed","ping_status":"closed","template":"","meta":{"_acf_changed":false,"footnotes":""},"categories":[],"tags":[],"class_list":["post-115","page","type-page","status-publish","hentry"],"acf":[],"_links":{"self":[{"href":"https:\/\/semmelweis.hu\/dolgozoivizsgalat\/wp-json\/wp\/v2\/pages\/115","targetHints":{"allow":["GET"]}}],"collection":[{"href":"https:\/\/semmelweis.hu\/dolgozoivizsgalat\/wp-json\/wp\/v2\/pages"}],"about":[{"href":"https:\/\/semmelweis.hu\/dolgozoivizsgalat\/wp-json\/wp\/v2\/types\/page"}],"author":[{"embeddable":true,"href":"https:\/\/semmelweis.hu\/dolgozoivizsgalat\/wp-json\/wp\/v2\/users\/102104"}],"replies":[{"embeddable":true,"href":"https:\/\/semmelweis.hu\/dolgozoivizsgalat\/wp-json\/wp\/v2\/comments?post=115"}],"version-history":[{"count":11,"href":"https:\/\/semmelweis.hu\/dolgozoivizsgalat\/wp-json\/wp\/v2\/pages\/115\/revisions"}],"predecessor-version":[{"id":795,"href":"https:\/\/semmelweis.hu\/dolgozoivizsgalat\/wp-json\/wp\/v2\/pages\/115\/revisions\/795"}],"up":[{"embeddable":true,"href":"https:\/\/semmelweis.hu\/dolgozoivizsgalat\/wp-json\/wp\/v2\/pages\/5"}],"wp:attachment":[{"href":"https:\/\/semmelweis.hu\/dolgozoivizsgalat\/wp-json\/wp\/v2\/media?parent=115"}],"wp:term":[{"taxonomy":"category","embeddable":true,"href":"https:\/\/semmelweis.hu\/dolgozoivizsgalat\/wp-json\/wp\/v2\/categories?post=115"},{"taxonomy":"post_tag","embeddable":true,"href":"https:\/\/semmelweis.hu\/dolgozoivizsgalat\/wp-json\/wp\/v2\/tags?post=115"}],"curies":[{"name":"wp","href":"https:\/\/api.w.org\/{rel}","templated":true}]}}