{"id":962,"date":"2025-01-08T23:29:44","date_gmt":"2025-01-08T22:29:44","guid":{"rendered":"https:\/\/semmelweis.hu\/dok\/?page_id=962"},"modified":"2025-01-08T23:37:49","modified_gmt":"2025-01-08T22:37:49","slug":"valasztasok","status":"publish","type":"page","link":"https:\/\/semmelweis.hu\/dok\/dokumentumok\/valasztasok\/","title":{"rendered":"V\u00e1laszt\u00e1sok"},"content":{"rendered":"<p><a href=\"https:\/\/semmelweis.hu\/dok\/dokumentumok\/valasztasok\/dok_elnok_2025_kiiras\/\">2025. janu\u00e1r &#8211; D\u00d6K eln\u00f6k p\u00e1ly\u00e1zati\/v\u00e1laszt\u00e1si ki\u00edr\u00e1s<\/a><\/p>\n","protected":false},"excerpt":{"rendered":"<p><a href=\"https:\/\/semmelweis.hu\/dok\/dokumentumok\/valasztasok\/dok_elnok_2025_kiiras\/\">2025. janu\u00e1r &#8211; D\u00d6K eln\u00f6k p\u00e1ly\u00e1zati\/v\u00e1laszt\u00e1si ki\u00edr\u00e1s<\/a><\/p>\n","protected":false},"author":102450,"featured_media":0,"parent":76,"menu_order":0,"comment_status":"closed","ping_status":"closed","template":"","meta":{"_acf_changed":false,"footnotes":""},"categories":[],"tags":[],"class_list":["post-962","page","type-page","status-publish","hentry"],"acf":[],"_links":{"self":[{"href":"https:\/\/semmelweis.hu\/dok\/wp-json\/wp\/v2\/pages\/962","targetHints":{"allow":["GET"]}}],"collection":[{"href":"https:\/\/semmelweis.hu\/dok\/wp-json\/wp\/v2\/pages"}],"about":[{"href":"https:\/\/semmelweis.hu\/dok\/wp-json\/wp\/v2\/types\/page"}],"author":[{"embeddable":true,"href":"https:\/\/semmelweis.hu\/dok\/wp-json\/wp\/v2\/users\/102450"}],"replies":[{"embeddable":true,"href":"https:\/\/semmelweis.hu\/dok\/wp-json\/wp\/v2\/comments?post=962"}],"version-history":[{"count":2,"href":"https:\/\/semmelweis.hu\/dok\/wp-json\/wp\/v2\/pages\/962\/revisions"}],"predecessor-version":[{"id":971,"href":"https:\/\/semmelweis.hu\/dok\/wp-json\/wp\/v2\/pages\/962\/revisions\/971"}],"up":[{"embeddable":true,"href":"https:\/\/semmelweis.hu\/dok\/wp-json\/wp\/v2\/pages\/76"}],"wp:attachment":[{"href":"https:\/\/semmelweis.hu\/dok\/wp-json\/wp\/v2\/media?parent=962"}],"wp:term":[{"taxonomy":"category","embeddable":true,"href":"https:\/\/semmelweis.hu\/dok\/wp-json\/wp\/v2\/categories?post=962"},{"taxonomy":"post_tag","embeddable":true,"href":"https:\/\/semmelweis.hu\/dok\/wp-json\/wp\/v2\/tags?post=962"}],"curies":[{"name":"wp","href":"https:\/\/api.w.org\/{rel}","templated":true}]}}