{"id":722,"date":"2024-02-22T13:04:36","date_gmt":"2024-02-22T12:04:36","guid":{"rendered":"https:\/\/semmelweis.hu\/dok\/?page_id=722"},"modified":"2024-02-28T11:26:52","modified_gmt":"2024-02-28T10:26:52","slug":"come-and-join-us","status":"publish","type":"page","link":"https:\/\/semmelweis.hu\/dok\/en\/contact-us\/come-and-join-us\/","title":{"rendered":"Come and join us!"},"content":{"rendered":"\n<div class=\"wpcf7 no-js\" id=\"wpcf7-f776-o1\" lang=\"hu-HU\" dir=\"ltr\" data-wpcf7-id=\"776\">\n<div class=\"screen-reader-response\"><p role=\"status\" aria-live=\"polite\" aria-atomic=\"true\"><\/p> <ul><\/ul><\/div>\n<form action=\"\/dok\/wp-json\/wp\/v2\/pages\/722#wpcf7-f776-o1\" method=\"post\" class=\"wpcf7-form init\" aria-label=\"Kapcsolatfelv\u00e9teli \u0171rlap\" enctype=\"multipart\/form-data\" novalidate=\"novalidate\" data-status=\"init\">\n<div style=\"display: none;\">\n<input type=\"hidden\" name=\"_wpcf7\" value=\"776\" \/>\n<input type=\"hidden\" name=\"_wpcf7_version\" value=\"6.0.5\" \/>\n<input type=\"hidden\" name=\"_wpcf7_locale\" value=\"hu_HU\" \/>\n<input type=\"hidden\" name=\"_wpcf7_unit_tag\" value=\"wpcf7-f776-o1\" \/>\n<input type=\"hidden\" name=\"_wpcf7_container_post\" value=\"0\" \/>\n<input type=\"hidden\" name=\"_wpcf7_posted_data_hash\" value=\"\" \/>\n<input type=\"hidden\" name=\"_wpcf7_recaptcha_response\" value=\"\" \/>\n<\/div>\n<p><label> Name*<br \/>\n<span class=\"wpcf7-form-control-wrap\" data-name=\"your-name\"><input size=\"40\" maxlength=\"400\" class=\"wpcf7-form-control wpcf7-text wpcf7-validates-as-required\" aria-required=\"true\" aria-invalid=\"false\" value=\"\" type=\"text\" name=\"your-name\" \/><\/span> <\/label>\n<\/p>\n<p><label> E-mail address*<br \/>\n<span class=\"wpcf7-form-control-wrap\" data-name=\"your-email\"><input size=\"40\" maxlength=\"400\" class=\"wpcf7-form-control wpcf7-email wpcf7-validates-as-required wpcf7-text wpcf7-validates-as-email\" aria-required=\"true\" aria-invalid=\"false\" value=\"\" type=\"email\" name=\"your-email\" \/><\/span> <\/label>\n<\/p>\n<p><label> PhD School Division*<br \/>\n<span class=\"wpcf7-form-control-wrap\" data-name=\"tagozat\"><select class=\"wpcf7-form-control wpcf7-select wpcf7-validates-as-required\" aria-required=\"true\" aria-invalid=\"false\" name=\"tagozat\"><option value=\"\">&#8212; K\u00e9rj\u00fck, v\u00e1lasszon egy opci\u00f3t &#8212;<\/option><option value=\"Cardiovascular Medicine and Research Division\">Cardiovascular Medicine and Research Division<\/option><option value=\"Theoretical and Translational Medicine Division\">Theoretical and Translational Medicine Division<\/option><option value=\"Dental Research Division\">Dental Research Division<\/option><option value=\"Surgical Medicine Division\">Surgical Medicine Division<\/option><option value=\"R\u00e1cz K\u00e1roly Conservative Medicine Division\">R\u00e1cz K\u00e1roly Conservative Medicine Division<\/option><option value=\"Pharmaceutical Sciences and Health Technologies Division\">Pharmaceutical Sciences and Health Technologies Division<\/option><option value=\"Mental Health Sciences Division\">Mental Health Sciences Division<\/option><option value=\"Health Sciences Division\">Health Sciences Division<\/option><option value=\"Szent\u00e1gothai J\u00e1nos Neurosciences Division\">Szent\u00e1gothai J\u00e1nos Neurosciences Division<\/option><option value=\"Molecular Medicine Division\">Molecular Medicine Division<\/option><option value=\"Patological and Oncological Division\">Patological and Oncological Division<\/option><\/select><\/span> <\/label>\n<\/p>\n<p><label> Why do you want to join?*<br \/>\n<span class=\"wpcf7-form-control-wrap\" data-name=\"your-message\"><textarea cols=\"40\" rows=\"10\" maxlength=\"2000\" class=\"wpcf7-form-control wpcf7-textarea wpcf7-validates-as-required\" aria-required=\"true\" aria-invalid=\"false\" name=\"your-message\"><\/textarea><\/span> <\/label>\n<\/p>\n<p><label> Please upload your CV*<br \/>\n<span class=\"wpcf7-form-control-wrap\" data-name=\"CV\"><input size=\"40\" class=\"wpcf7-form-control wpcf7-file wpcf7-validates-as-required\" accept=\".pdf\" aria-required=\"true\" aria-invalid=\"false\" type=\"file\" name=\"CV\" \/><\/span><br \/>\n<label> and your motivational letter!*<br \/>\n<span class=\"wpcf7-form-control-wrap\" data-name=\"motlev\"><input size=\"40\" class=\"wpcf7-form-control wpcf7-file wpcf7-validates-as-required\" accept=\".pdf\" aria-required=\"true\" aria-invalid=\"false\" type=\"file\" name=\"motlev\" \/><\/span><br \/>\n<input class=\"wpcf7-form-control wpcf7-submit has-spinner\" type=\"submit\" value=\"Submit\" \/><br \/>\n*required to be filled in<\/label><\/label>\n<\/p><div class=\"wpcf7-response-output\" aria-hidden=\"true\"><\/div>\n<\/form>\n<\/div>\n\n","protected":false},"excerpt":{"rendered":"","protected":false},"author":102237,"featured_media":0,"parent":749,"menu_order":1,"comment_status":"closed","ping_status":"closed","template":"","meta":{"_acf_changed":false,"footnotes":""},"categories":[],"tags":[],"class_list":["post-722","page","type-page","status-publish","hentry"],"acf":[],"_links":{"self":[{"href":"https:\/\/semmelweis.hu\/dok\/wp-json\/wp\/v2\/pages\/722","targetHints":{"allow":["GET"]}}],"collection":[{"href":"https:\/\/semmelweis.hu\/dok\/wp-json\/wp\/v2\/pages"}],"about":[{"href":"https:\/\/semmelweis.hu\/dok\/wp-json\/wp\/v2\/types\/page"}],"author":[{"embeddable":true,"href":"https:\/\/semmelweis.hu\/dok\/wp-json\/wp\/v2\/users\/102237"}],"replies":[{"embeddable":true,"href":"https:\/\/semmelweis.hu\/dok\/wp-json\/wp\/v2\/comments?post=722"}],"version-history":[{"count":2,"href":"https:\/\/semmelweis.hu\/dok\/wp-json\/wp\/v2\/pages\/722\/revisions"}],"predecessor-version":[{"id":777,"href":"https:\/\/semmelweis.hu\/dok\/wp-json\/wp\/v2\/pages\/722\/revisions\/777"}],"up":[{"embeddable":true,"href":"https:\/\/semmelweis.hu\/dok\/wp-json\/wp\/v2\/pages\/749"}],"wp:attachment":[{"href":"https:\/\/semmelweis.hu\/dok\/wp-json\/wp\/v2\/media?parent=722"}],"wp:term":[{"taxonomy":"category","embeddable":true,"href":"https:\/\/semmelweis.hu\/dok\/wp-json\/wp\/v2\/categories?post=722"},{"taxonomy":"post_tag","embeddable":true,"href":"https:\/\/semmelweis.hu\/dok\/wp-json\/wp\/v2\/tags?post=722"}],"curies":[{"name":"wp","href":"https:\/\/api.w.org\/{rel}","templated":true}]}}