{"id":718,"date":"2024-02-22T13:02:02","date_gmt":"2024-02-22T12:02:02","guid":{"rendered":"https:\/\/semmelweis.hu\/dok\/?page_id=718"},"modified":"2025-11-05T16:48:18","modified_gmt":"2025-11-05T15:48:18","slug":"presidencyandassemblyofdelegates","status":"publish","type":"page","link":"https:\/\/semmelweis.hu\/dok\/en\/about-us\/presidencyandassemblyofdelegates\/","title":{"rendered":"Presidency and Assembly of Delegates"},"content":{"rendered":"<p><img loading=\"lazy\" decoding=\"async\" class=\"wp-image-1258  alignleft\" src=\"https:\/\/semmelweis.hu\/dok\/files\/2025\/11\/unnamed-1.png\" alt=\"\" width=\"284\" height=\"357\" srcset=\"https:\/\/semmelweis.hu\/dok\/files\/2025\/11\/unnamed-1.png 2127w, https:\/\/semmelweis.hu\/dok\/files\/2025\/11\/unnamed-1-318x400.png 318w, https:\/\/semmelweis.hu\/dok\/files\/2025\/11\/unnamed-1-813x1024.png 813w, https:\/\/semmelweis.hu\/dok\/files\/2025\/11\/unnamed-1-768x967.png 768w, https:\/\/semmelweis.hu\/dok\/files\/2025\/11\/unnamed-1-1220x1536.png 1220w, https:\/\/semmelweis.hu\/dok\/files\/2025\/11\/unnamed-1-1626x2048.png 1626w, https:\/\/semmelweis.hu\/dok\/files\/2025\/11\/unnamed-1-753x948.png 753w\" sizes=\"auto, (max-width: 284px) 100vw, 284px\" \/><\/p>\n<h2>Dr. Patrik Kreuter<\/h2>\n<h3>President<\/h3>\n<p><a href=\"mailto:kreuter.patrik.krisztian@semmelweis.hu\" target=\"_blank\" rel=\"noopener\">E-mail<\/a><\/p>\n<hr \/>\n<p><strong><img loading=\"lazy\" decoding=\"async\" class=\"wp-image-681 alignleft\" src=\"https:\/\/semmelweis.hu\/dok\/files\/2024\/02\/Dr.-Borbola-Daniel-275x400.jpg\" alt=\"\" width=\"280\" height=\"408\" srcset=\"https:\/\/semmelweis.hu\/dok\/files\/2024\/02\/Dr.-Borbola-Daniel-275x400.jpg 275w, https:\/\/semmelweis.hu\/dok\/files\/2024\/02\/Dr.-Borbola-Daniel-703x1024.jpg 703w, https:\/\/semmelweis.hu\/dok\/files\/2024\/02\/Dr.-Borbola-Daniel-768x1118.jpg 768w, https:\/\/semmelweis.hu\/dok\/files\/2024\/02\/Dr.-Borbola-Daniel-1055x1536.jpg 1055w, https:\/\/semmelweis.hu\/dok\/files\/2024\/02\/Dr.-Borbola-Daniel-1407x2048.jpg 1407w, https:\/\/semmelweis.hu\/dok\/files\/2024\/02\/Dr.-Borbola-Daniel-753x1096.jpg 753w, https:\/\/semmelweis.hu\/dok\/files\/2024\/02\/Dr.-Borbola-Daniel-scaled.jpg 1759w\" sizes=\"auto, (max-width: 280px) 100vw, 280px\" \/><\/strong><\/p>\n<p>&nbsp;<\/p>\n<h2>Dr. D\u00e1niel J\u00f3zsef Borbola<\/h2>\n<h3>Deputy President<\/h3>\n<p><a href=\"mailto:borbola.daniel.jozsef@semmelweis.hu\" target=\"_blank\" rel=\"noopener\">E-mail<\/a><\/p>\n<p>&nbsp;<\/p>\n<p>&nbsp;<\/p>\n<p>&nbsp;<\/p>\n<hr \/>\n<h2><strong><img loading=\"lazy\" decoding=\"async\" class=\"wp-image-698 alignleft\" src=\"https:\/\/semmelweis.hu\/dok\/files\/2024\/02\/Dr.-Mo\u0301zes-Ade\u0301l-322x400.jpg\" alt=\"\" width=\"280\" height=\"348\" srcset=\"https:\/\/semmelweis.hu\/dok\/files\/2024\/02\/Dr.-Mo\u0301zes-Ade\u0301l-322x400.jpg 322w, https:\/\/semmelweis.hu\/dok\/files\/2024\/02\/Dr.-Mo\u0301zes-Ade\u0301l-825x1024.jpg 825w, https:\/\/semmelweis.hu\/dok\/files\/2024\/02\/Dr.-Mo\u0301zes-Ade\u0301l-768x953.jpg 768w, https:\/\/semmelweis.hu\/dok\/files\/2024\/02\/Dr.-Mo\u0301zes-Ade\u0301l-753x935.jpg 753w, https:\/\/semmelweis.hu\/dok\/files\/2024\/02\/Dr.-Mo\u0301zes-Ade\u0301l.jpg 1102w\" sizes=\"auto, (max-width: 280px) 100vw, 280px\" \/><\/strong>Dr. Ad\u00e9l Eszter M\u00f3zes<\/h2>\n<h3>Vice President<\/h3>\n<p><a href=\"mailto:mozes.adel.eszter@semmelweis.hu\" target=\"_blank\" rel=\"noopener\">E-mail<\/a><\/p>\n<h2>\u00a0<\/h2>\n<h2>\u00a0<\/h2>\n<p>&nbsp;<\/p>\n<hr \/>\n<h2><img loading=\"lazy\" decoding=\"async\" class=\" wp-image-674 alignleft\" src=\"https:\/\/semmelweis.hu\/dok\/files\/2024\/02\/Dr.-Tolvaj-Mate-320x400.jpg\" alt=\"\" width=\"276\" height=\"345\" srcset=\"https:\/\/semmelweis.hu\/dok\/files\/2024\/02\/Dr.-Tolvaj-Mate-320x400.jpg 320w, https:\/\/semmelweis.hu\/dok\/files\/2024\/02\/Dr.-Tolvaj-Mate-819x1024.jpg 819w, https:\/\/semmelweis.hu\/dok\/files\/2024\/02\/Dr.-Tolvaj-Mate-768x960.jpg 768w, https:\/\/semmelweis.hu\/dok\/files\/2024\/02\/Dr.-Tolvaj-Mate-1229x1536.jpg 1229w, https:\/\/semmelweis.hu\/dok\/files\/2024\/02\/Dr.-Tolvaj-Mate-1638x2048.jpg 1638w, https:\/\/semmelweis.hu\/dok\/files\/2024\/02\/Dr.-Tolvaj-Mate-753x941.jpg 753w, https:\/\/semmelweis.hu\/dok\/files\/2024\/02\/Dr.-Tolvaj-Mate-scaled.jpg 2048w\" sizes=\"auto, (max-width: 276px) 100vw, 276px\" \/>Dr. M\u00e1t\u00e9 Tolvaj<\/h2>\n<h3>Vice President<\/h3>\n<p><a href=\"mailto:tolvaj.mate@semmelweis.hu\" target=\"_blank\" rel=\"noopener\">E-mail<\/a><\/p>\n<p>&nbsp;<\/p>\n<p>&nbsp;<\/p>\n<p>&nbsp;<\/p>\n<p>&nbsp;<\/p>\n<hr \/>\n<p><strong><img loading=\"lazy\" decoding=\"async\" class=\"wp-image-680 alignleft\" src=\"https:\/\/semmelweis.hu\/dok\/files\/2024\/02\/Yahya-Kamel.jpg\" alt=\"\" width=\"275\" height=\"365\" \/><\/strong><\/p>\n<h2>Dr. Kamel Yahya<\/h2>\n<h3>Vice President<\/h3>\n<p><a href=\"mailto:dr.yahya.kamel@gmail.com\" target=\"_blank\" rel=\"noopener\">E-mail<\/a><\/p>\n<p>&nbsp;<\/p>\n<p>&nbsp;<\/p>\n<h2>\u00a0<\/h2>\n<hr \/>\n<p style=\"text-align: left\"><strong><img loading=\"lazy\" decoding=\"async\" class=\"wp-image-673 alignleft\" src=\"https:\/\/semmelweis.hu\/dok\/files\/2024\/02\/Dr.-Komlosi-Ferenc-267x400.jpg\" alt=\"\" width=\"250\" height=\"375\" srcset=\"https:\/\/semmelweis.hu\/dok\/files\/2024\/02\/Dr.-Komlosi-Ferenc-267x400.jpg 267w, https:\/\/semmelweis.hu\/dok\/files\/2024\/02\/Dr.-Komlosi-Ferenc-683x1024.jpg 683w, https:\/\/semmelweis.hu\/dok\/files\/2024\/02\/Dr.-Komlosi-Ferenc-768x1152.jpg 768w, https:\/\/semmelweis.hu\/dok\/files\/2024\/02\/Dr.-Komlosi-Ferenc-1024x1536.jpg 1024w, https:\/\/semmelweis.hu\/dok\/files\/2024\/02\/Dr.-Komlosi-Ferenc-1365x2048.jpg 1365w, https:\/\/semmelweis.hu\/dok\/files\/2024\/02\/Dr.-Komlosi-Ferenc-753x1130.jpg 753w, https:\/\/semmelweis.hu\/dok\/files\/2024\/02\/Dr.-Komlosi-Ferenc-scaled.jpg 1707w\" sizes=\"auto, (max-width: 250px) 100vw, 250px\" \/>Dr. Ferenc Istv\u00e1n Koml\u00f3si<\/strong><\/p>\n<p style=\"text-align: left\">Cardiovascular Medicine and Research Division<\/p>\n<p style=\"text-align: left\"><a href=\"mailto:fkomlosi1@gmail.com\" target=\"_blank\" rel=\"noopener\">E-mail<\/a><\/p>\n<p style=\"text-align: left\">+36 20 666 3531<\/p>\n<hr \/>\n<p><strong><img loading=\"lazy\" decoding=\"async\" class=\"alignleft wp-image-672\" src=\"https:\/\/semmelweis.hu\/dok\/files\/2024\/02\/Dr.-Orban-Gabor-267x400.jpg\" alt=\"\" width=\"250\" height=\"375\" srcset=\"https:\/\/semmelweis.hu\/dok\/files\/2024\/02\/Dr.-Orban-Gabor-267x400.jpg 267w, https:\/\/semmelweis.hu\/dok\/files\/2024\/02\/Dr.-Orban-Gabor-683x1024.jpg 683w, https:\/\/semmelweis.hu\/dok\/files\/2024\/02\/Dr.-Orban-Gabor-768x1152.jpg 768w, https:\/\/semmelweis.hu\/dok\/files\/2024\/02\/Dr.-Orban-Gabor-1024x1536.jpg 1024w, https:\/\/semmelweis.hu\/dok\/files\/2024\/02\/Dr.-Orban-Gabor-1366x2048.jpg 1366w, https:\/\/semmelweis.hu\/dok\/files\/2024\/02\/Dr.-Orban-Gabor-753x1129.jpg 753w, https:\/\/semmelweis.hu\/dok\/files\/2024\/02\/Dr.-Orban-Gabor-scaled.jpg 1707w\" sizes=\"auto, (max-width: 250px) 100vw, 250px\" \/>Dr. G\u00e1bor Orb\u00e1n<\/strong><\/p>\n<p>Cardiovascular Medicine and Research Division<\/p>\n<p><a href=\"mailto:orban.gabor@semmelweis.hu\" target=\"_blank\" rel=\"noopener\">E-mail<\/a><\/p>\n<hr \/>\n<p style=\"text-align: left\"><strong>Dr. \u00c1d\u00e1m Sz\u0151nyi<\/strong><\/p>\n<p style=\"text-align: left\">Cardiovascular Medicine and Research Division<\/p>\n<p style=\"text-align: left\"><a href=\"mailto:adamszonyi@protonmail.com\" target=\"_blank\" rel=\"noopener\">E-mail<\/a><\/p>\n<hr \/>\n<p><strong><img loading=\"lazy\" decoding=\"async\" class=\" wp-image-894 alignleft\" src=\"https:\/\/semmelweis.hu\/dok\/files\/2024\/10\/Dr.-Haba-Kata-Sara-342x400.jpg\" alt=\"\" width=\"250\" height=\"292\" srcset=\"https:\/\/semmelweis.hu\/dok\/files\/2024\/10\/Dr.-Haba-Kata-Sara-342x400.jpg 342w, https:\/\/semmelweis.hu\/dok\/files\/2024\/10\/Dr.-Haba-Kata-Sara.jpg 410w\" sizes=\"auto, (max-width: 250px) 100vw, 250px\" \/>Dr. Kata S\u00e1ra Haba<\/strong><\/p>\n<p>Dental Research Division<\/p>\n<p><a href=\"mailto:haba.kata@semmelweis.hu\" target=\"_blank\" rel=\"noopener\">E-mail<\/a><\/p>\n<p style=\"text-align: right\">\u00a0<\/p>\n<p style=\"text-align: right\">\u00a0<\/p>\n<p style=\"text-align: left\"><strong>\u00a0<\/strong><\/p>\n<hr \/>\n<p style=\"text-align: left\"><strong><img loading=\"lazy\" decoding=\"async\" class=\"wp-image-794 alignleft\" src=\"https:\/\/semmelweis.hu\/dok\/files\/2024\/03\/Dr.-Posta-Mate.jpg\" alt=\"\" width=\"250\" height=\"250\" srcset=\"https:\/\/semmelweis.hu\/dok\/files\/2024\/03\/Dr.-Posta-Mate.jpg 400w, https:\/\/semmelweis.hu\/dok\/files\/2024\/03\/Dr.-Posta-Mate-150x150.jpg 150w\" sizes=\"auto, (max-width: 250px) 100vw, 250px\" \/>Dr. M\u00e1t\u00e9 Posta<\/strong><\/p>\n<p style=\"text-align: left\">R\u00e1cz K\u00e1roly Conservative Medicine Division<\/p>\n<p style=\"text-align: left\"><a href=\"mailto:posta.mate@gmail.com\" target=\"_blank\" rel=\"noopener\">E-mail<\/a><\/p>\n<p style=\"text-align: left\"><strong>\u00a0<\/strong><\/p>\n<hr \/>\n<p><strong><img loading=\"lazy\" decoding=\"async\" class=\"wp-image-675 alignleft\" src=\"https:\/\/semmelweis.hu\/dok\/files\/2024\/02\/Artner-Anna-288x400.jpg\" alt=\"\" width=\"250\" height=\"348\" srcset=\"https:\/\/semmelweis.hu\/dok\/files\/2024\/02\/Artner-Anna-288x400.jpg 288w, https:\/\/semmelweis.hu\/dok\/files\/2024\/02\/Artner-Anna.jpg 736w\" sizes=\"auto, (max-width: 250px) 100vw, 250px\" \/><\/strong><\/p>\n<p style=\"text-align: left\"><strong>Dr. Anna Artner<\/strong><\/p>\n<p style=\"text-align: left\">Pharmaceutical Sciences and Health Technologies Division<\/p>\n<p style=\"text-align: left\"><a href=\"mailto:artner.anna@semmelweis.hu\" target=\"_blank\" rel=\"noopener\">E-mail<\/a><\/p>\n<hr \/>\n<p style=\"text-align: left\"><strong><strong style=\"font-size: 1rem;text-align: right\"><img loading=\"lazy\" decoding=\"async\" class=\" wp-image-898 alignleft\" src=\"https:\/\/semmelweis.hu\/dok\/files\/2024\/10\/Dr.-Mandoki-Andras.jpg\" alt=\"\" width=\"247\" height=\"311\" \/><\/strong>Dr. Andr\u00e1s M\u00e1ndoki<\/strong><\/p>\n<p style=\"text-align: left\">Pharmaceutical Sciences and Health Technologies Division<\/p>\n<p style=\"text-align: left\"><a href=\"mailto:mandoki.andras@semmelweis.hu\" target=\"_blank\" rel=\"noopener\">E-mail<\/a><\/p>\n<p style=\"text-align: left\">+36 1 459 1500 \/ 53055<\/p>\n<p>&nbsp;<\/p>\n<p style=\"text-align: right\">\u00a0<\/p>\n<hr \/>\n<p><strong><img loading=\"lazy\" decoding=\"async\" class=\"alignleft wp-image-678\" src=\"https:\/\/semmelweis.hu\/dok\/files\/2024\/02\/Kozak-Orsolya-300x400.jpeg\" alt=\"\" width=\"250\" height=\"333\" srcset=\"https:\/\/semmelweis.hu\/dok\/files\/2024\/02\/Kozak-Orsolya-300x400.jpeg 300w, https:\/\/semmelweis.hu\/dok\/files\/2024\/02\/Kozak-Orsolya-768x1024.jpeg 768w, https:\/\/semmelweis.hu\/dok\/files\/2024\/02\/Kozak-Orsolya-1152x1536.jpeg 1152w, https:\/\/semmelweis.hu\/dok\/files\/2024\/02\/Kozak-Orsolya-753x1004.jpeg 753w, https:\/\/semmelweis.hu\/dok\/files\/2024\/02\/Kozak-Orsolya.jpeg 1536w\" sizes=\"auto, (max-width: 250px) 100vw, 250px\" \/>Orsolya Koz\u00e1k <\/strong><\/p>\n<p>Health Sciences Division<\/p>\n<p><a href=\"mailto:kozak.orsolya@phd.semmelweis.hu\" target=\"_blank\" rel=\"noopener\">E-mail<\/a><\/p>\n<p style=\"text-align: right\">\u00a0<\/p>\n<p>&nbsp;<\/p>\n<hr \/>\n<p style=\"text-align: left\"><strong>\u00c1d\u00e1m So\u00f3s<img loading=\"lazy\" decoding=\"async\" class=\"wp-image-679 alignleft\" src=\"https:\/\/semmelweis.hu\/dok\/files\/2024\/02\/Soos-Adam-400x400.jpg\" alt=\"\" width=\"250\" height=\"250\" srcset=\"https:\/\/semmelweis.hu\/dok\/files\/2024\/02\/Soos-Adam-400x400.jpg 400w, https:\/\/semmelweis.hu\/dok\/files\/2024\/02\/Soos-Adam-1024x1024.jpg 1024w, https:\/\/semmelweis.hu\/dok\/files\/2024\/02\/Soos-Adam-150x150.jpg 150w, https:\/\/semmelweis.hu\/dok\/files\/2024\/02\/Soos-Adam-768x767.jpg 768w, https:\/\/semmelweis.hu\/dok\/files\/2024\/02\/Soos-Adam-753x752.jpg 753w, https:\/\/semmelweis.hu\/dok\/files\/2024\/02\/Soos-Adam.jpg 1212w\" sizes=\"auto, (max-width: 250px) 100vw, 250px\" \/><\/strong><\/p>\n<p style=\"text-align: left\">Molecular Medicine Division<\/p>\n<p style=\"text-align: left\"><a href=\"mailto:soos.adam@phd.semmelweis.hu\" target=\"_blank\" rel=\"noopener\">E-mail<\/a><\/p>\n<p>&nbsp;<\/p>\n<p>&nbsp;<\/p>\n","protected":false},"excerpt":{"rendered":"<p>Dr. Patrik Kreuter President <a href=\"mailto:kreuter.patrik.krisztian@semmelweis.hu\" target=\"_blank\" rel=\"noopener\">E-mail<\/a> &nbsp; Dr. D\u00e1niel J\u00f3zsef Borbola Deputy President <a href=\"mailto:borbola.daniel.jozsef@semmelweis.hu\" target=\"_blank\" rel=\"noopener\">E-mail<\/a> &nbsp; &nbsp; &nbsp; Dr. Ad\u00e9l Eszter M\u00f3zes Vice President <a href=\"mailto:mozes.adel.eszter@semmelweis.hu\" target=\"_blank\" rel=\"noopener\">E-mail<\/a> \u00a0 \u00a0 &nbsp; Dr. M\u00e1t\u00e9 Tolvaj Vice President <a href=\"mailto:tolvaj.mate@semmelweis.hu\" target=\"_blank\" rel=\"noopener\">E-mail<\/a> &nbsp; &nbsp; &nbsp; &nbsp; Dr. Kamel Yahya Vice President <a href=\"mailto:dr.yahya.kamel@gmail.com\" target=\"_blank\" rel=\"noopener\">E-mail<\/a> &nbsp; &nbsp; \u00a0 Dr. Ferenc Istv\u00e1n Koml\u00f3si Cardiovascular Medicine and Research Division <a href=\"mailto:fkomlosi1@gmail.com\" target=\"_blank\" rel=\"noopener\">E-mail<\/a> +36 20 666 3531 Dr. G\u00e1bor &hellip;<\/p>\n","protected":false},"author":102237,"featured_media":0,"parent":44,"menu_order":2,"comment_status":"closed","ping_status":"closed","template":"template-fullwidth.php","meta":{"_acf_changed":false,"footnotes":""},"categories":[],"tags":[],"class_list":["post-718","page","type-page","status-publish","hentry"],"acf":[],"_links":{"self":[{"href":"https:\/\/semmelweis.hu\/dok\/wp-json\/wp\/v2\/pages\/718","targetHints":{"allow":["GET"]}}],"collection":[{"href":"https:\/\/semmelweis.hu\/dok\/wp-json\/wp\/v2\/pages"}],"about":[{"href":"https:\/\/semmelweis.hu\/dok\/wp-json\/wp\/v2\/types\/page"}],"author":[{"embeddable":true,"href":"https:\/\/semmelweis.hu\/dok\/wp-json\/wp\/v2\/users\/102237"}],"replies":[{"embeddable":true,"href":"https:\/\/semmelweis.hu\/dok\/wp-json\/wp\/v2\/comments?post=718"}],"version-history":[{"count":10,"href":"https:\/\/semmelweis.hu\/dok\/wp-json\/wp\/v2\/pages\/718\/revisions"}],"predecessor-version":[{"id":1271,"href":"https:\/\/semmelweis.hu\/dok\/wp-json\/wp\/v2\/pages\/718\/revisions\/1271"}],"up":[{"embeddable":true,"href":"https:\/\/semmelweis.hu\/dok\/wp-json\/wp\/v2\/pages\/44"}],"wp:attachment":[{"href":"https:\/\/semmelweis.hu\/dok\/wp-json\/wp\/v2\/media?parent=718"}],"wp:term":[{"taxonomy":"category","embeddable":true,"href":"https:\/\/semmelweis.hu\/dok\/wp-json\/wp\/v2\/categories?post=718"},{"taxonomy":"post_tag","embeddable":true,"href":"https:\/\/semmelweis.hu\/dok\/wp-json\/wp\/v2\/tags?post=718"}],"curies":[{"name":"wp","href":"https:\/\/api.w.org\/{rel}","templated":true}]}}