{"id":633,"date":"2024-02-15T07:57:52","date_gmt":"2024-02-15T06:57:52","guid":{"rendered":"https:\/\/semmelweis.hu\/dok\/?page_id=633"},"modified":"2024-02-28T11:31:03","modified_gmt":"2024-02-28T10:31:03","slug":"csatlakozz-hozzank","status":"publish","type":"page","link":"https:\/\/semmelweis.hu\/dok\/elerhetosegeink\/csatlakozz-hozzank\/","title":{"rendered":"Csatlakozz hozz\u00e1nk!"},"content":{"rendered":"\n<div class=\"wpcf7 no-js\" id=\"wpcf7-f702-o1\" lang=\"hu-HU\" dir=\"ltr\" data-wpcf7-id=\"702\">\n<div class=\"screen-reader-response\"><p role=\"status\" aria-live=\"polite\" aria-atomic=\"true\"><\/p> <ul><\/ul><\/div>\n<form action=\"\/dok\/wp-json\/wp\/v2\/pages\/633#wpcf7-f702-o1\" method=\"post\" class=\"wpcf7-form init\" aria-label=\"Kapcsolatfelv\u00e9teli \u0171rlap\" enctype=\"multipart\/form-data\" novalidate=\"novalidate\" data-status=\"init\">\n<div style=\"display: none;\">\n<input type=\"hidden\" name=\"_wpcf7\" value=\"702\" \/>\n<input type=\"hidden\" name=\"_wpcf7_version\" value=\"6.0.5\" \/>\n<input type=\"hidden\" name=\"_wpcf7_locale\" value=\"hu_HU\" \/>\n<input type=\"hidden\" name=\"_wpcf7_unit_tag\" value=\"wpcf7-f702-o1\" \/>\n<input type=\"hidden\" name=\"_wpcf7_container_post\" value=\"0\" \/>\n<input type=\"hidden\" name=\"_wpcf7_posted_data_hash\" value=\"\" \/>\n<input type=\"hidden\" name=\"_wpcf7_recaptcha_response\" value=\"\" \/>\n<\/div>\n<p><label> Neved*<br \/>\n<span class=\"wpcf7-form-control-wrap\" data-name=\"your-name\"><input size=\"40\" maxlength=\"400\" class=\"wpcf7-form-control wpcf7-text wpcf7-validates-as-required\" aria-required=\"true\" aria-invalid=\"false\" value=\"\" type=\"text\" name=\"your-name\" \/><\/span> <\/label>\n<\/p>\n<p><label> E-mail c\u00edmed*<br \/>\n<span class=\"wpcf7-form-control-wrap\" data-name=\"your-email\"><input size=\"40\" maxlength=\"400\" class=\"wpcf7-form-control wpcf7-email wpcf7-validates-as-required wpcf7-text wpcf7-validates-as-email\" aria-required=\"true\" aria-invalid=\"false\" value=\"\" type=\"email\" name=\"your-email\" \/><\/span> <\/label>\n<\/p>\n<p><label> Melyik tagozaton tanulsz?*<br \/>\n<span class=\"wpcf7-form-control-wrap\" data-name=\"tagozat\"><select class=\"wpcf7-form-control wpcf7-select wpcf7-validates-as-required\" aria-required=\"true\" aria-invalid=\"false\" name=\"tagozat\"><option value=\"\">&#8212; K\u00e9rj\u00fck, v\u00e1lasszon egy opci\u00f3t &#8212;<\/option><option value=\"Sz\u00edv- \u00e9s \u00c9rgy\u00f3gy\u00e1szati Tagozat\">Sz\u00edv- \u00e9s \u00c9rgy\u00f3gy\u00e1szati Tagozat<\/option><option value=\"Elm\u00e9leti \u00e9s Transzl\u00e1ci\u00f3s Orvostudom\u00e1nyi Tagozat\">Elm\u00e9leti \u00e9s Transzl\u00e1ci\u00f3s Orvostudom\u00e1nyi Tagozat<\/option><option value=\"Fogorvostudom\u00e1nyi Tagozat\">Fogorvostudom\u00e1nyi Tagozat<\/option><option value=\"Operat\u00edv Orvostudom\u00e1nyi Tagozat\">Operat\u00edv Orvostudom\u00e1nyi Tagozat<\/option><option value=\"R\u00e1cz K\u00e1roly Konzervat\u00edv Orvostudom\u00e1nyi Tagozat\">R\u00e1cz K\u00e1roly Konzervat\u00edv Orvostudom\u00e1nyi Tagozat<\/option><option value=\"Gy\u00f3gyszertudom\u00e1nyok \u00e9s Eg\u00e9szs\u00e9g\u00fcgyi Technol\u00f3gi\u00e1k Tagozat\">Gy\u00f3gyszertudom\u00e1nyok \u00e9s Eg\u00e9szs\u00e9g\u00fcgyi Technol\u00f3gi\u00e1k Tagozat<\/option><option value=\"Ment\u00e1lis Eg\u00e9szs\u00e9gtudom\u00e1nyi Tagozat\">Ment\u00e1lis Eg\u00e9szs\u00e9gtudom\u00e1nyi Tagozat<\/option><option value=\"Eg\u00e9szs\u00e9gtudom\u00e1nyi Tagozat\">Eg\u00e9szs\u00e9gtudom\u00e1nyi Tagozat<\/option><option value=\"Szent\u00e1gothai J\u00e1nos Idegtudom\u00e1nyi Tagozat\">Szent\u00e1gothai J\u00e1nos Idegtudom\u00e1nyi Tagozat<\/option><option value=\"Molekul\u00e1ris Orvostudom\u00e1nyi Tagozat\">Molekul\u00e1ris Orvostudom\u00e1nyi Tagozat<\/option><option value=\"Patol\u00f3gia \u00e9s Onkol\u00f3gia Tagozat\">Patol\u00f3gia \u00e9s Onkol\u00f3gia Tagozat<\/option><\/select><\/span> <\/label>\n<\/p>\n<p><label> Mi\u00e9rt szeretn\u00e9l csatlakozni?*<br \/>\n<span class=\"wpcf7-form-control-wrap\" data-name=\"your-message\"><textarea cols=\"40\" rows=\"10\" maxlength=\"2000\" class=\"wpcf7-form-control wpcf7-textarea wpcf7-validates-as-required\" aria-required=\"true\" aria-invalid=\"false\" name=\"your-message\"><\/textarea><\/span> <\/label>\n<\/p>\n<p><label> K\u00e9r\u00fcnk, t\u00f6ltsd fel \u00f6n\u00e9letrajzod*<br \/>\n<span class=\"wpcf7-form-control-wrap\" data-name=\"CV\"><input size=\"40\" class=\"wpcf7-form-control wpcf7-file wpcf7-validates-as-required\" accept=\".pdf\" aria-required=\"true\" aria-invalid=\"false\" type=\"file\" name=\"CV\" \/><\/span><br \/>\n<label> \u00e9s motiv\u00e1ci\u00f3s leveled!*<br \/>\n<span class=\"wpcf7-form-control-wrap\" data-name=\"motlev\"><input size=\"40\" class=\"wpcf7-form-control wpcf7-file wpcf7-validates-as-required\" accept=\".pdf\" aria-required=\"true\" aria-invalid=\"false\" type=\"file\" name=\"motlev\" \/><\/span><br \/>\n<input class=\"wpcf7-form-control wpcf7-submit has-spinner\" type=\"submit\" value=\"Bek\u00fcld\u00e9s\" \/><br \/>\n*k\u00f6telez\u0151 kit\u00f6lteni<\/label><\/label>\n<\/p><div class=\"wpcf7-response-output\" aria-hidden=\"true\"><\/div>\n<\/form>\n<\/div>\n\n","protected":false},"excerpt":{"rendered":"","protected":false},"author":102237,"featured_media":0,"parent":629,"menu_order":1,"comment_status":"closed","ping_status":"closed","template":"","meta":{"_acf_changed":false,"footnotes":""},"categories":[],"tags":[],"class_list":["post-633","page","type-page","status-publish","hentry"],"acf":[],"_links":{"self":[{"href":"https:\/\/semmelweis.hu\/dok\/wp-json\/wp\/v2\/pages\/633","targetHints":{"allow":["GET"]}}],"collection":[{"href":"https:\/\/semmelweis.hu\/dok\/wp-json\/wp\/v2\/pages"}],"about":[{"href":"https:\/\/semmelweis.hu\/dok\/wp-json\/wp\/v2\/types\/page"}],"author":[{"embeddable":true,"href":"https:\/\/semmelweis.hu\/dok\/wp-json\/wp\/v2\/users\/102237"}],"replies":[{"embeddable":true,"href":"https:\/\/semmelweis.hu\/dok\/wp-json\/wp\/v2\/comments?post=633"}],"version-history":[{"count":3,"href":"https:\/\/semmelweis.hu\/dok\/wp-json\/wp\/v2\/pages\/633\/revisions"}],"predecessor-version":[{"id":706,"href":"https:\/\/semmelweis.hu\/dok\/wp-json\/wp\/v2\/pages\/633\/revisions\/706"}],"up":[{"embeddable":true,"href":"https:\/\/semmelweis.hu\/dok\/wp-json\/wp\/v2\/pages\/629"}],"wp:attachment":[{"href":"https:\/\/semmelweis.hu\/dok\/wp-json\/wp\/v2\/media?parent=633"}],"wp:term":[{"taxonomy":"category","embeddable":true,"href":"https:\/\/semmelweis.hu\/dok\/wp-json\/wp\/v2\/categories?post=633"},{"taxonomy":"post_tag","embeddable":true,"href":"https:\/\/semmelweis.hu\/dok\/wp-json\/wp\/v2\/tags?post=633"}],"curies":[{"name":"wp","href":"https:\/\/api.w.org\/{rel}","templated":true}]}}