{"id":624,"date":"2024-02-15T07:50:48","date_gmt":"2024-02-15T06:50:48","guid":{"rendered":"https:\/\/semmelweis.hu\/dok\/?page_id=624"},"modified":"2025-11-05T16:42:19","modified_gmt":"2025-11-05T15:42:19","slug":"elnoksegesvalasztmany","status":"publish","type":"page","link":"https:\/\/semmelweis.hu\/dok\/elnoksegesvalasztmany\/","title":{"rendered":"Eln\u00f6ks\u00e9g \u00e9s v\u00e1lasztm\u00e1ny"},"content":{"rendered":"<p>&nbsp;<\/p>\n<hr \/>\n<h2><img loading=\"lazy\" decoding=\"async\" class=\"alignleft wp-image-1258 \" src=\"https:\/\/semmelweis.hu\/dok\/files\/2025\/11\/unnamed-1.png\" alt=\"\" width=\"254\" height=\"320\" srcset=\"https:\/\/semmelweis.hu\/dok\/files\/2025\/11\/unnamed-1.png 2127w, https:\/\/semmelweis.hu\/dok\/files\/2025\/11\/unnamed-1-318x400.png 318w, https:\/\/semmelweis.hu\/dok\/files\/2025\/11\/unnamed-1-813x1024.png 813w, https:\/\/semmelweis.hu\/dok\/files\/2025\/11\/unnamed-1-768x967.png 768w, https:\/\/semmelweis.hu\/dok\/files\/2025\/11\/unnamed-1-1220x1536.png 1220w, https:\/\/semmelweis.hu\/dok\/files\/2025\/11\/unnamed-1-1626x2048.png 1626w, https:\/\/semmelweis.hu\/dok\/files\/2025\/11\/unnamed-1-753x948.png 753w\" sizes=\"auto, (max-width: 254px) 100vw, 254px\" \/>Dr. Kreuter Patrik Kriszti\u00e1n<\/h2>\n<h2>Eln\u00f6k<\/h2>\n<p><a href=\"mailto:kreuter.patrik@semmelweis.hu\" target=\"_blank\" rel=\"noopener\">E-mail<\/a><\/p>\n<p>&nbsp;<\/p>\n<p>&nbsp;<\/p>\n<hr \/>\n<p><strong><img loading=\"lazy\" decoding=\"async\" class=\"wp-image-681 alignleft\" src=\"https:\/\/semmelweis.hu\/dok\/files\/2024\/02\/Dr.-Borbola-Daniel-275x400.jpg\" alt=\"\" width=\"250\" height=\"364\" srcset=\"https:\/\/semmelweis.hu\/dok\/files\/2024\/02\/Dr.-Borbola-Daniel-275x400.jpg 275w, https:\/\/semmelweis.hu\/dok\/files\/2024\/02\/Dr.-Borbola-Daniel-703x1024.jpg 703w, https:\/\/semmelweis.hu\/dok\/files\/2024\/02\/Dr.-Borbola-Daniel-768x1118.jpg 768w, https:\/\/semmelweis.hu\/dok\/files\/2024\/02\/Dr.-Borbola-Daniel-1055x1536.jpg 1055w, https:\/\/semmelweis.hu\/dok\/files\/2024\/02\/Dr.-Borbola-Daniel-1407x2048.jpg 1407w, https:\/\/semmelweis.hu\/dok\/files\/2024\/02\/Dr.-Borbola-Daniel-753x1096.jpg 753w, https:\/\/semmelweis.hu\/dok\/files\/2024\/02\/Dr.-Borbola-Daniel-scaled.jpg 1759w\" sizes=\"auto, (max-width: 250px) 100vw, 250px\" \/><\/strong><\/p>\n<p>&nbsp;<\/p>\n<h2>Dr. Borbola D\u00e1niel J\u00f3zsef<\/h2>\n<h3>Eln\u00f6khelyettes<\/h3>\n<p><a href=\"mailto:borbola.daniel.jozsef@semmelweis.hu\" target=\"_blank\" rel=\"noopener\">E-mail<\/a><\/p>\n<p>&nbsp;<\/p>\n<p>&nbsp;<\/p>\n<p>&nbsp;<\/p>\n<hr \/>\n<h2><strong><img loading=\"lazy\" decoding=\"async\" class=\"wp-image-698 alignleft\" src=\"https:\/\/semmelweis.hu\/dok\/files\/2024\/02\/Dr.-Mo\u0301zes-Ade\u0301l-322x400.jpg\" alt=\"\" width=\"250\" height=\"310\" srcset=\"https:\/\/semmelweis.hu\/dok\/files\/2024\/02\/Dr.-Mo\u0301zes-Ade\u0301l-322x400.jpg 322w, https:\/\/semmelweis.hu\/dok\/files\/2024\/02\/Dr.-Mo\u0301zes-Ade\u0301l-825x1024.jpg 825w, https:\/\/semmelweis.hu\/dok\/files\/2024\/02\/Dr.-Mo\u0301zes-Ade\u0301l-768x953.jpg 768w, https:\/\/semmelweis.hu\/dok\/files\/2024\/02\/Dr.-Mo\u0301zes-Ade\u0301l-753x935.jpg 753w, https:\/\/semmelweis.hu\/dok\/files\/2024\/02\/Dr.-Mo\u0301zes-Ade\u0301l.jpg 1102w\" sizes=\"auto, (max-width: 250px) 100vw, 250px\" \/><\/strong>Dr. M\u00f3zes Ad\u00e9l Eszter<\/h2>\n<h3>Aleln\u00f6k<\/h3>\n<p><a href=\"mailto:mozes.adel.eszter@semmelweis.hu\" target=\"_blank\" rel=\"noopener\">E-mail<\/a><\/p>\n<hr \/>\n<h2><img loading=\"lazy\" decoding=\"async\" class=\" wp-image-674 alignleft\" src=\"https:\/\/semmelweis.hu\/dok\/files\/2024\/02\/Dr.-Tolvaj-Mate-320x400.jpg\" alt=\"\" width=\"254\" height=\"318\" srcset=\"https:\/\/semmelweis.hu\/dok\/files\/2024\/02\/Dr.-Tolvaj-Mate-320x400.jpg 320w, https:\/\/semmelweis.hu\/dok\/files\/2024\/02\/Dr.-Tolvaj-Mate-819x1024.jpg 819w, https:\/\/semmelweis.hu\/dok\/files\/2024\/02\/Dr.-Tolvaj-Mate-768x960.jpg 768w, https:\/\/semmelweis.hu\/dok\/files\/2024\/02\/Dr.-Tolvaj-Mate-1229x1536.jpg 1229w, https:\/\/semmelweis.hu\/dok\/files\/2024\/02\/Dr.-Tolvaj-Mate-1638x2048.jpg 1638w, https:\/\/semmelweis.hu\/dok\/files\/2024\/02\/Dr.-Tolvaj-Mate-753x941.jpg 753w, https:\/\/semmelweis.hu\/dok\/files\/2024\/02\/Dr.-Tolvaj-Mate-scaled.jpg 2048w\" sizes=\"auto, (max-width: 254px) 100vw, 254px\" \/><\/h2>\n<h2>Dr. Tolvaj M\u00e1t\u00e9<\/h2>\n<h3>Aleln\u00f6k<\/h3>\n<p><a href=\"mailto:tolvaj.mate@semmelweis.hu\" target=\"_blank\" rel=\"noopener\">E-mail<\/a><\/p>\n<p>&nbsp;<\/p>\n<p>&nbsp;<\/p>\n<hr \/>\n<p><strong><img loading=\"lazy\" decoding=\"async\" class=\"wp-image-680 alignleft\" src=\"https:\/\/semmelweis.hu\/dok\/files\/2024\/02\/Yahya-Kamel.jpg\" alt=\"\" width=\"248\" height=\"329\" \/><\/strong><\/p>\n<h2>Dr. Yahya Kamel<\/h2>\n<h3>Aleln\u00f6k<\/h3>\n<p><a href=\"mailto:dr.yahya.kamel@gmail.com\" target=\"_blank\" rel=\"noopener\">E-mail<\/a><\/p>\n<p>&nbsp;<\/p>\n<p>&nbsp;<\/p>\n<p>&nbsp;<\/p>\n<p>&nbsp;<\/p>\n<hr \/>\n<p style=\"text-align: left\"><strong><img loading=\"lazy\" decoding=\"async\" class=\"wp-image-673 alignleft\" src=\"https:\/\/semmelweis.hu\/dok\/files\/2024\/02\/Dr.-Komlosi-Ferenc-267x400.jpg\" alt=\"\" width=\"250\" height=\"375\" srcset=\"https:\/\/semmelweis.hu\/dok\/files\/2024\/02\/Dr.-Komlosi-Ferenc-267x400.jpg 267w, https:\/\/semmelweis.hu\/dok\/files\/2024\/02\/Dr.-Komlosi-Ferenc-683x1024.jpg 683w, https:\/\/semmelweis.hu\/dok\/files\/2024\/02\/Dr.-Komlosi-Ferenc-768x1152.jpg 768w, https:\/\/semmelweis.hu\/dok\/files\/2024\/02\/Dr.-Komlosi-Ferenc-1024x1536.jpg 1024w, https:\/\/semmelweis.hu\/dok\/files\/2024\/02\/Dr.-Komlosi-Ferenc-1365x2048.jpg 1365w, https:\/\/semmelweis.hu\/dok\/files\/2024\/02\/Dr.-Komlosi-Ferenc-753x1130.jpg 753w, https:\/\/semmelweis.hu\/dok\/files\/2024\/02\/Dr.-Komlosi-Ferenc-scaled.jpg 1707w\" sizes=\"auto, (max-width: 250px) 100vw, 250px\" \/>Dr. Koml\u00f3si Ferenc Istv\u00e1n<\/strong><\/p>\n<p style=\"text-align: left\">Sz\u00edv- \u00e9s \u00c9rgy\u00f3gy\u00e1szati Tagozat<\/p>\n<p style=\"text-align: left\"><a href=\"mailto:komlosi.ferenc.istvan@semmelweis.hu\" target=\"_blank\" rel=\"noopener\">E-mail<\/a><\/p>\n<p style=\"text-align: left\">+36 20 666 3531<\/p>\n<hr \/>\n<p><strong><img loading=\"lazy\" decoding=\"async\" class=\"alignleft wp-image-672\" src=\"https:\/\/semmelweis.hu\/dok\/files\/2024\/02\/Dr.-Orban-Gabor-267x400.jpg\" alt=\"\" width=\"250\" height=\"375\" srcset=\"https:\/\/semmelweis.hu\/dok\/files\/2024\/02\/Dr.-Orban-Gabor-267x400.jpg 267w, https:\/\/semmelweis.hu\/dok\/files\/2024\/02\/Dr.-Orban-Gabor-683x1024.jpg 683w, https:\/\/semmelweis.hu\/dok\/files\/2024\/02\/Dr.-Orban-Gabor-768x1152.jpg 768w, https:\/\/semmelweis.hu\/dok\/files\/2024\/02\/Dr.-Orban-Gabor-1024x1536.jpg 1024w, https:\/\/semmelweis.hu\/dok\/files\/2024\/02\/Dr.-Orban-Gabor-1366x2048.jpg 1366w, https:\/\/semmelweis.hu\/dok\/files\/2024\/02\/Dr.-Orban-Gabor-753x1129.jpg 753w, https:\/\/semmelweis.hu\/dok\/files\/2024\/02\/Dr.-Orban-Gabor-scaled.jpg 1707w\" sizes=\"auto, (max-width: 250px) 100vw, 250px\" \/>Dr. Orb\u00e1n G\u00e1bor<\/strong><\/p>\n<p>Sz\u00edv- \u00e9s \u00c9rgy\u00f3gy\u00e1szati Tagozat<\/p>\n<p><a href=\"mailto:orban.gabor@semmelweis.hu\" target=\"_blank\" rel=\"noopener\">E-mail<\/a><\/p>\n<hr \/>\n<p style=\"text-align: left\"><strong>Dr. Sz\u0151nyi \u00c1d\u00e1m<\/strong><\/p>\n<p style=\"text-align: left\">Sz\u00edv- \u00e9s \u00c9rgy\u00f3gy\u00e1szati Tagozat<\/p>\n<p style=\"text-align: left\"><a href=\"mailto:adamszonyi@protonmail.com\" target=\"_blank\" rel=\"noopener\">E-mail<\/a><\/p>\n<hr \/>\n<p><strong><img loading=\"lazy\" decoding=\"async\" class=\" wp-image-894 alignleft\" src=\"https:\/\/semmelweis.hu\/dok\/files\/2024\/10\/Dr.-Haba-Kata-Sara-342x400.jpg\" alt=\"\" width=\"249\" height=\"292\" srcset=\"https:\/\/semmelweis.hu\/dok\/files\/2024\/10\/Dr.-Haba-Kata-Sara-342x400.jpg 342w, https:\/\/semmelweis.hu\/dok\/files\/2024\/10\/Dr.-Haba-Kata-Sara.jpg 410w\" sizes=\"auto, (max-width: 249px) 100vw, 249px\" \/>Dr. Haba Kata S\u00e1ra<\/strong><\/p>\n<p>Fogorvostudom\u00e1nyi Tagozat<\/p>\n<p><a href=\"mailto:haba.kata@semmelweis.hu\" target=\"_blank\" rel=\"noopener\">E-mail<\/a><\/p>\n<p>&nbsp;<\/p>\n<p style=\"text-align: left\">\u00a0<\/p>\n<hr \/>\n<p style=\"text-align: left\"><strong><img loading=\"lazy\" decoding=\"async\" class=\"wp-image-794 alignleft\" src=\"https:\/\/semmelweis.hu\/dok\/files\/2024\/03\/Dr.-Posta-Mate.jpg\" alt=\"\" width=\"250\" height=\"250\" srcset=\"https:\/\/semmelweis.hu\/dok\/files\/2024\/03\/Dr.-Posta-Mate.jpg 400w, https:\/\/semmelweis.hu\/dok\/files\/2024\/03\/Dr.-Posta-Mate-150x150.jpg 150w\" sizes=\"auto, (max-width: 250px) 100vw, 250px\" \/>Dr. Posta M\u00e1t\u00e9<\/strong><\/p>\n<p style=\"text-align: left\">R\u00e1cz K\u00e1roly Konzervat\u00edv Orvostudom\u00e1nyi Tagozat<\/p>\n<p style=\"text-align: left\"><a href=\"mailto:posta.mate@gmail.com\" target=\"_blank\" rel=\"noopener\">E-mail<\/a><\/p>\n<p style=\"text-align: left\">\u00a0<\/p>\n<hr \/>\n<p><strong><img loading=\"lazy\" decoding=\"async\" class=\"wp-image-675 alignleft\" src=\"https:\/\/semmelweis.hu\/dok\/files\/2024\/02\/Artner-Anna-288x400.jpg\" alt=\"\" width=\"250\" height=\"348\" srcset=\"https:\/\/semmelweis.hu\/dok\/files\/2024\/02\/Artner-Anna-288x400.jpg 288w, https:\/\/semmelweis.hu\/dok\/files\/2024\/02\/Artner-Anna.jpg 736w\" sizes=\"auto, (max-width: 250px) 100vw, 250px\" \/><\/strong><\/p>\n<p style=\"text-align: left\"><strong>Dr. Artner Anna<\/strong><\/p>\n<p style=\"text-align: left\">Gy\u00f3gyszertudom\u00e1nyok \u00e9s Eg\u00e9szs\u00e9g\u00fcgyi Technol\u00f3gi\u00e1k tagozat<\/p>\n<p style=\"text-align: left\"><a href=\"mailto:artner.anna@semmelweis.hu\" target=\"_blank\" rel=\"noopener\">E-mail<\/a><\/p>\n<hr \/>\n<p style=\"text-align: left\"><strong style=\"font-size: 1rem;text-align: right\"><img loading=\"lazy\" decoding=\"async\" class=\" wp-image-898 alignleft\" src=\"https:\/\/semmelweis.hu\/dok\/files\/2024\/10\/Dr.-Mandoki-Andras.jpg\" alt=\"\" width=\"255\" height=\"322\" \/><\/strong><strong>Dr. M\u00e1ndoki Andr\u00e1s<\/strong><\/p>\n<p style=\"text-align: left\">Gy\u00f3gyszertudom\u00e1nyok \u00e9s Eg\u00e9szs\u00e9g\u00fcgyi Technol\u00f3gi\u00e1k tagozat<\/p>\n<p style=\"text-align: left\"><a href=\"mailto:mandoki.andras@semmelweis.hu\" target=\"_blank\" rel=\"noopener\">E-mail<\/a><\/p>\n<p>&nbsp;<\/p>\n<hr \/>\n<p style=\"text-align: left\"><strong><img loading=\"lazy\" decoding=\"async\" class=\"wp-image-678 alignleft\" src=\"https:\/\/semmelweis.hu\/dok\/files\/2024\/02\/Kozak-Orsolya-300x400.jpeg\" alt=\"\" width=\"250\" height=\"333\" srcset=\"https:\/\/semmelweis.hu\/dok\/files\/2024\/02\/Kozak-Orsolya-300x400.jpeg 300w, https:\/\/semmelweis.hu\/dok\/files\/2024\/02\/Kozak-Orsolya-768x1024.jpeg 768w, https:\/\/semmelweis.hu\/dok\/files\/2024\/02\/Kozak-Orsolya-1152x1536.jpeg 1152w, https:\/\/semmelweis.hu\/dok\/files\/2024\/02\/Kozak-Orsolya-753x1004.jpeg 753w, https:\/\/semmelweis.hu\/dok\/files\/2024\/02\/Kozak-Orsolya.jpeg 1536w\" sizes=\"auto, (max-width: 250px) 100vw, 250px\" \/>Koz\u00e1k Orsolya<\/strong><\/p>\n<p style=\"text-align: left\">Eg\u00e9szs\u00e9gtudom\u00e1nyi Tagozat<\/p>\n<p style=\"text-align: left\"><a href=\"mailto:kozak.orsolya@phd.semmelweis.hu\" target=\"_blank\" rel=\"noopener\">E-mail<\/a><\/p>\n<hr \/>\n<p style=\"text-align: left\"><strong>So\u00f3s \u00c1d\u00e1m<img loading=\"lazy\" decoding=\"async\" class=\"wp-image-679 alignleft\" src=\"https:\/\/semmelweis.hu\/dok\/files\/2024\/02\/Soos-Adam-400x400.jpg\" alt=\"\" width=\"255\" height=\"255\" srcset=\"https:\/\/semmelweis.hu\/dok\/files\/2024\/02\/Soos-Adam-400x400.jpg 400w, https:\/\/semmelweis.hu\/dok\/files\/2024\/02\/Soos-Adam-1024x1024.jpg 1024w, https:\/\/semmelweis.hu\/dok\/files\/2024\/02\/Soos-Adam-150x150.jpg 150w, https:\/\/semmelweis.hu\/dok\/files\/2024\/02\/Soos-Adam-768x767.jpg 768w, https:\/\/semmelweis.hu\/dok\/files\/2024\/02\/Soos-Adam-753x752.jpg 753w, https:\/\/semmelweis.hu\/dok\/files\/2024\/02\/Soos-Adam.jpg 1212w\" sizes=\"auto, (max-width: 255px) 100vw, 255px\" \/><\/strong><\/p>\n<p style=\"text-align: left\">Molekul\u00e1ris Orvostudom\u00e1nyi Tagozat<\/p>\n<p style=\"text-align: left\"><a href=\"mailto:soos.adam@phd.semmelweis.hu\" target=\"_blank\" rel=\"noopener\">E-mail<\/a><\/p>\n<p style=\"text-align: left\">\u00a0<\/p>\n","protected":false},"excerpt":{"rendered":"<p>&nbsp; Dr. Kreuter Patrik Kriszti\u00e1n Eln\u00f6k <a href=\"mailto:kreuter.patrik@semmelweis.hu\" target=\"_blank\" rel=\"noopener\">E-mail<\/a> &nbsp; &nbsp; &nbsp; Dr. Borbola D\u00e1niel J\u00f3zsef Eln\u00f6khelyettes <a href=\"mailto:borbola.daniel.jozsef@semmelweis.hu\" target=\"_blank\" rel=\"noopener\">E-mail<\/a> &nbsp; &nbsp; &nbsp; Dr. M\u00f3zes Ad\u00e9l Eszter Aleln\u00f6k <a href=\"mailto:mozes.adel.eszter@semmelweis.hu\" target=\"_blank\" rel=\"noopener\">E-mail<\/a> Dr. Tolvaj M\u00e1t\u00e9 Aleln\u00f6k <a href=\"mailto:tolvaj.mate@semmelweis.hu\" target=\"_blank\" rel=\"noopener\">E-mail<\/a> &nbsp; &nbsp; Dr. Yahya Kamel Aleln\u00f6k <a href=\"mailto:dr.yahya.kamel@gmail.com\" target=\"_blank\" rel=\"noopener\">E-mail<\/a> &nbsp; &nbsp; &nbsp; &nbsp; Dr. Koml\u00f3si Ferenc Istv\u00e1n Sz\u00edv- \u00e9s \u00c9rgy\u00f3gy\u00e1szati Tagozat <a href=\"mailto:komlosi.ferenc.istvan@semmelweis.hu\" target=\"_blank\" rel=\"noopener\">E-mail<\/a> +36 20 666 3531 Dr. Orb\u00e1n G\u00e1bor Sz\u00edv- \u00e9s \u00c9rgy\u00f3gy\u00e1szati Tagozat &hellip;<\/p>\n","protected":false},"author":102237,"featured_media":0,"parent":0,"menu_order":0,"comment_status":"closed","ping_status":"closed","template":"","meta":{"_acf_changed":false,"footnotes":""},"categories":[],"tags":[],"class_list":["post-624","page","type-page","status-publish","hentry"],"acf":[],"_links":{"self":[{"href":"https:\/\/semmelweis.hu\/dok\/wp-json\/wp\/v2\/pages\/624","targetHints":{"allow":["GET"]}}],"collection":[{"href":"https:\/\/semmelweis.hu\/dok\/wp-json\/wp\/v2\/pages"}],"about":[{"href":"https:\/\/semmelweis.hu\/dok\/wp-json\/wp\/v2\/types\/page"}],"author":[{"embeddable":true,"href":"https:\/\/semmelweis.hu\/dok\/wp-json\/wp\/v2\/users\/102237"}],"replies":[{"embeddable":true,"href":"https:\/\/semmelweis.hu\/dok\/wp-json\/wp\/v2\/comments?post=624"}],"version-history":[{"count":12,"href":"https:\/\/semmelweis.hu\/dok\/wp-json\/wp\/v2\/pages\/624\/revisions"}],"predecessor-version":[{"id":1270,"href":"https:\/\/semmelweis.hu\/dok\/wp-json\/wp\/v2\/pages\/624\/revisions\/1270"}],"wp:attachment":[{"href":"https:\/\/semmelweis.hu\/dok\/wp-json\/wp\/v2\/media?parent=624"}],"wp:term":[{"taxonomy":"category","embeddable":true,"href":"https:\/\/semmelweis.hu\/dok\/wp-json\/wp\/v2\/categories?post=624"},{"taxonomy":"post_tag","embeddable":true,"href":"https:\/\/semmelweis.hu\/dok\/wp-json\/wp\/v2\/tags?post=624"}],"curies":[{"name":"wp","href":"https:\/\/api.w.org\/{rel}","templated":true}]}}