{"id":621,"date":"2024-02-15T07:50:33","date_gmt":"2024-02-15T06:50:33","guid":{"rendered":"https:\/\/semmelweis.hu\/dok\/?page_id=621"},"modified":"2025-11-05T16:20:10","modified_gmt":"2025-11-05T15:20:10","slug":"kuldetesunk","status":"publish","type":"page","link":"https:\/\/semmelweis.hu\/dok\/kuldetesunk\/","title":{"rendered":"K\u00fcldet\u00e9s\u00fcnk"},"content":{"rendered":"<p><img loading=\"lazy\" decoding=\"async\" class=\"wp-image-818  alignright\" style=\"font-size: 1rem\" src=\"https:\/\/semmelweis.hu\/dok\/files\/2024\/03\/cropped-DOK-uj-logo2-1-338x400.png\" alt=\"\" width=\"156\" height=\"184\" srcset=\"https:\/\/semmelweis.hu\/dok\/files\/2024\/03\/cropped-DOK-uj-logo2-1-338x400.png 338w, https:\/\/semmelweis.hu\/dok\/files\/2024\/03\/cropped-DOK-uj-logo2-1.png 753w\" sizes=\"auto, (max-width: 156px) 100vw, 156px\" \/>A Semmelweis Egyetem Doktorandusz \u00d6nkorm\u00e1nyzat jogel\u0151dje, a SOTE Doktorandusz Hallgat\u00f3i \u00d6nkorm\u00e1nyzat 1993-ban alakult meg egyetem\u00fcnk\u00f6n az orsz\u00e1gban els\u0151 doktorandusz-\u00e9rdekk\u00e9pviseleti szervk\u00e9nt, majd 2013-t\u00f3l folytatja m\u0171k\u00f6d\u00e9s\u00e9t jelenlegi nev\u00e9n, mely id\u0151pont \u00f3ta jogos\u00edtv\u00e1nyait a fels\u0151oktat\u00e1si t\u00f6rv\u00e9ny is garant\u00e1lja. Az\u00f3ta is lelkes csapattal t\u00f6reksz\u00fcnk a doktoranduszok min\u00e9l messzemen\u0151bb seg\u00edt\u00e9s\u00e9re, a doktori k\u00e9pz\u00e9s fejleszt\u00e9s\u00e9re, jobb\u00edt\u00e1s\u00e1ra.\u00a0 Tev\u00e9kenys\u00e9g\u00fcnk egy n\u00e9gyes feladatrendszeren kereszt\u00fcl fogalmazhat\u00f3 meg:<\/p>\n<p>&nbsp;<\/p>\n<ul>\n<li><strong>\u00c9rdekk\u00e9pviselet:<\/strong> k\u00e9pviselj\u00fck a doktoranduszok \u00e9rdekeit Semmelweis Egyetem Doktori Iskol\u00e1ban \u00e9s annak tudom\u00e1ny\u00e1gi tagozataiban, a Doktori Iskola \u00e1lland\u00f3 bizotts\u00e1gaiban, az Egyetemi Doktori Tan\u00e1csban (EDT), \u00e9s az Egyetem Szen\u00e1tus\u00e1ban is. Alapvet\u0151 c\u00e9lunk a doktoranduszokat \u00e9rint\u0151 probl\u00e9m\u00e1k gyors \u00e9s hat\u00e9kony megold\u00e1sa, k\u00f6z\u00f6s \u00e9rdekeink szakmai alapokon nyugv\u00f3 k\u00e9pviselete.<\/li>\n<li><strong>Tudom\u00e1nyszervez\u00e9s:<\/strong> kiemelt feladataink k\u00f6z\u00e9 tartozik a tudom\u00e1nyszervez\u00e9s, a tudom\u00e1nyos k\u00f6z\u00e9let \u00e9s k\u00f6z\u00f6ss\u00e9g\u00e9p\u00edt\u00e9s. R\u00e9szt vesz\u00fcnk konferenci\u00e1k, workshopok \u00e9s kerekasztalok szervez\u00e9s\u00e9ben, seg\u00edtj\u00fck doktorandusz-t\u00e1rsainkat tudom\u00e1nyos karrier\u00e9p\u00edt\u00e9s\u00fckben.<\/li>\n<li><strong>T\u00e1mogat\u00e1sok biztos\u00edt\u00e1sa:<\/strong>\u00a0szoci\u00e1lis, kutat\u00e1si, lakhat\u00e1si \u00e9s konferenciar\u00e9szv\u00e9teli t\u00e1mogat\u00e1sok\u00e9rt val\u00f3 lobbitev\u00e9kenys\u00e9g, biztos\u00edt\u00e1sukban val\u00f3 k\u00f6zrem\u0171k\u00f6d\u00e9s<\/li>\n<li><strong>Kommunik\u00e1ci\u00f3:\u00a0<\/strong>munk\u00e1nkat, annak eredm\u00e9nyeit igyeksz\u00fcnk megismertetni az egyetem doktoranduszaival, valamint becsatorn\u00e1zni az \u0151 v\u00e9lem\u00e9nyeiket, fejleszt\u00e9si javaslataikat.<\/li>\n<\/ul>\n<p>A Semmelweis D\u00d6K akt\u00edvan k\u00e9pviselteti mag\u00e1t az orsz\u00e1gos \u00e9rdekk\u00e9pviseleti szervben, a Doktoranduszok Orsz\u00e1gos Sz\u00f6vets\u00e9g\u00e9ben is.<\/p>\n<p>Munk\u00e1nk \u00e9s tev\u00e9kenys\u00e9g\u00fcnk rendk\u00edv\u00fcl szerte\u00e1gaz\u00f3, ez\u00e9rt javasoljuk, hogy b\u00e1rmilyen, T\u00e9ged \u00e9rint\u0151 probl\u00e9m\u00e1val, k\u00e9rd\u00e9ssel, javaslattal fordulj hozz\u00e1nk bizalommal b\u00e1rmely el\u00e9rhet\u0151s\u00e9g\u00fcnk\u00f6n!<\/p>\n<p>\u00dcdv\u00f6zlettel:<\/p>\n<p>A Doktorandusz \u00d6nkorm\u00e1nyzat csapata<\/p>\n","protected":false},"excerpt":{"rendered":"<p>A Semmelweis Egyetem Doktorandusz \u00d6nkorm\u00e1nyzat jogel\u0151dje, a SOTE Doktorandusz Hallgat\u00f3i \u00d6nkorm\u00e1nyzat 1993-ban alakult meg egyetem\u00fcnk\u00f6n az orsz\u00e1gban els\u0151 doktorandusz-\u00e9rdekk\u00e9pviseleti szervk\u00e9nt, majd 2013-t\u00f3l folytatja m\u0171k\u00f6d\u00e9s\u00e9t jelenlegi nev\u00e9n, mely id\u0151pont \u00f3ta jogos\u00edtv\u00e1nyait a fels\u0151oktat\u00e1si t\u00f6rv\u00e9ny is garant\u00e1lja. Az\u00f3ta is lelkes csapattal t\u00f6reksz\u00fcnk a doktoranduszok min\u00e9l messzemen\u0151bb seg\u00edt\u00e9s\u00e9re, a doktori k\u00e9pz\u00e9s fejleszt\u00e9s\u00e9re, jobb\u00edt\u00e1s\u00e1ra.\u00a0 Tev\u00e9kenys\u00e9g\u00fcnk egy n\u00e9gyes feladatrendszeren kereszt\u00fcl &hellip;<\/p>\n","protected":false},"author":102237,"featured_media":43,"parent":0,"menu_order":0,"comment_status":"closed","ping_status":"closed","template":"","meta":{"_acf_changed":false,"footnotes":""},"categories":[],"tags":[],"class_list":["post-621","page","type-page","status-publish","has-post-thumbnail","hentry"],"acf":[],"_links":{"self":[{"href":"https:\/\/semmelweis.hu\/dok\/wp-json\/wp\/v2\/pages\/621","targetHints":{"allow":["GET"]}}],"collection":[{"href":"https:\/\/semmelweis.hu\/dok\/wp-json\/wp\/v2\/pages"}],"about":[{"href":"https:\/\/semmelweis.hu\/dok\/wp-json\/wp\/v2\/types\/page"}],"author":[{"embeddable":true,"href":"https:\/\/semmelweis.hu\/dok\/wp-json\/wp\/v2\/users\/102237"}],"replies":[{"embeddable":true,"href":"https:\/\/semmelweis.hu\/dok\/wp-json\/wp\/v2\/comments?post=621"}],"version-history":[{"count":9,"href":"https:\/\/semmelweis.hu\/dok\/wp-json\/wp\/v2\/pages\/621\/revisions"}],"predecessor-version":[{"id":1265,"href":"https:\/\/semmelweis.hu\/dok\/wp-json\/wp\/v2\/pages\/621\/revisions\/1265"}],"wp:featuredmedia":[{"embeddable":true,"href":"https:\/\/semmelweis.hu\/dok\/wp-json\/wp\/v2\/media\/43"}],"wp:attachment":[{"href":"https:\/\/semmelweis.hu\/dok\/wp-json\/wp\/v2\/media?parent=621"}],"wp:term":[{"taxonomy":"category","embeddable":true,"href":"https:\/\/semmelweis.hu\/dok\/wp-json\/wp\/v2\/categories?post=621"},{"taxonomy":"post_tag","embeddable":true,"href":"https:\/\/semmelweis.hu\/dok\/wp-json\/wp\/v2\/tags?post=621"}],"curies":[{"name":"wp","href":"https:\/\/api.w.org\/{rel}","templated":true}]}}