{"id":616,"date":"2024-02-13T12:36:46","date_gmt":"2024-02-13T11:36:46","guid":{"rendered":"https:\/\/semmelweis.hu\/dok\/?page_id=616"},"modified":"2024-02-28T11:39:20","modified_gmt":"2024-02-28T10:39:20","slug":"adatvedelem","status":"publish","type":"page","link":"https:\/\/semmelweis.hu\/dok\/dokumentumok\/adatvedelem\/","title":{"rendered":"Adatv\u00e9delem"},"content":{"rendered":"<div class=\"keretes w-100\">\n<p style=\"text-align: center\"><strong><a href=\"https:\/\/semmelweis.hu\/dok\/files\/2024\/02\/adatkezele\u0301si-ta\u0301je\u0301koztato\u0301-DO\u0308K.pdf\">Adakezel\u00e9si t\u00e1j\u00e9koztat\u00f3<\/a><\/strong><\/p>\n<p style=\"text-align: center\"><strong><a href=\"https:\/\/semmelweis.hu\/dok\/files\/2024\/02\/Ikt.-sz.-19600_JIF_2024_-2024_02_01_adatkezelesi_nyilvantartas_DOK_ADL.xlsx\">Adatkezel\u00e9si nyilv\u00e1ntart\u00e1s<\/a><\/strong><\/p>\n<\/div>\n","protected":false},"excerpt":{"rendered":"<p><a href=\"https:\/\/semmelweis.hu\/dok\/files\/2024\/02\/adatkezele\u0301si-ta\u0301je\u0301koztato\u0301-DO\u0308K.pdf\">Adakezel\u00e9si t\u00e1j\u00e9koztat\u00f3<\/a><br \/>\n<a href=\"https:\/\/semmelweis.hu\/dok\/files\/2024\/02\/Ikt.-sz.-19600_JIF_2024_-2024_02_01_adatkezelesi_nyilvantartas_DOK_ADL.xlsx\">Adatkezel\u00e9si nyilv\u00e1ntart\u00e1s<\/a><\/p>\n","protected":false},"author":101158,"featured_media":0,"parent":76,"menu_order":1,"comment_status":"closed","ping_status":"closed","template":"","meta":{"_acf_changed":false,"footnotes":""},"categories":[],"tags":[],"class_list":["post-616","page","type-page","status-publish","hentry"],"acf":[],"_links":{"self":[{"href":"https:\/\/semmelweis.hu\/dok\/wp-json\/wp\/v2\/pages\/616","targetHints":{"allow":["GET"]}}],"collection":[{"href":"https:\/\/semmelweis.hu\/dok\/wp-json\/wp\/v2\/pages"}],"about":[{"href":"https:\/\/semmelweis.hu\/dok\/wp-json\/wp\/v2\/types\/page"}],"author":[{"embeddable":true,"href":"https:\/\/semmelweis.hu\/dok\/wp-json\/wp\/v2\/users\/101158"}],"replies":[{"embeddable":true,"href":"https:\/\/semmelweis.hu\/dok\/wp-json\/wp\/v2\/comments?post=616"}],"version-history":[{"count":4,"href":"https:\/\/semmelweis.hu\/dok\/wp-json\/wp\/v2\/pages\/616\/revisions"}],"predecessor-version":[{"id":780,"href":"https:\/\/semmelweis.hu\/dok\/wp-json\/wp\/v2\/pages\/616\/revisions\/780"}],"up":[{"embeddable":true,"href":"https:\/\/semmelweis.hu\/dok\/wp-json\/wp\/v2\/pages\/76"}],"wp:attachment":[{"href":"https:\/\/semmelweis.hu\/dok\/wp-json\/wp\/v2\/media?parent=616"}],"wp:term":[{"taxonomy":"category","embeddable":true,"href":"https:\/\/semmelweis.hu\/dok\/wp-json\/wp\/v2\/categories?post=616"},{"taxonomy":"post_tag","embeddable":true,"href":"https:\/\/semmelweis.hu\/dok\/wp-json\/wp\/v2\/tags?post=616"}],"curies":[{"name":"wp","href":"https:\/\/api.w.org\/{rel}","templated":true}]}}