{"id":298,"date":"2021-06-30T16:09:03","date_gmt":"2021-06-30T14:09:03","guid":{"rendered":"https:\/\/semmelweis.hu\/dok\/?page_id=298"},"modified":"2024-10-03T11:12:49","modified_gmt":"2024-10-03T09:12:49","slug":"hatarozatok","status":"publish","type":"page","link":"https:\/\/semmelweis.hu\/dok\/dokumentumok\/hatarozatok\/","title":{"rendered":"Hat\u00e1rozatok"},"content":{"rendered":"<p style=\"text-align: center\"><a href=\"https:\/\/drive.google.com\/drive\/folders\/1LNN65ctEe6BHcDvuPzy3_ZztfQEOmO4l?usp=sharing\"><strong>2024. szeptember 30. v\u00e1lasztm\u00e1ny hat\u00e1rozatai<\/strong><\/a><\/p>\n<p style=\"text-align: center\"><a href=\"https:\/\/drive.google.com\/drive\/folders\/19yazNlYYZ-AR73ecD6Ld-eEnbQoX5SGR?usp=sharing\"><strong>2024. augusztus 8. SE D\u00d6K v\u00e1lasztm\u00e1nyi \u00fcl\u00e9s hat\u00e1rozatai<\/strong><\/a><\/p>\n<p style=\"text-align: center\"><a href=\"https:\/\/drive.google.com\/file\/d\/1zY1-mBAZ7KbcT1i2kLgYokpA9I7_KX-X\/view?usp=sharing\"><strong>2024. janu\u00e1r 29. SE D\u00d6K egyet\u00e9rt\u00e9si jog gyakorl\u00e1s\u00e1r\u00f3l<\/strong><\/a><\/p>\n<p style=\"text-align: center\"><strong><a href=\"https:\/\/drive.google.com\/drive\/folders\/1tn5qcVU5IRM7-_3IxbWHXqv_pGLY4i8a?usp=sharing\">2024. janu\u00e1r SE D\u00d6K 23. v\u00e1lasztm\u00e1nyi \u00fcl\u00e9s hat\u00e1rozatai<\/a><\/strong><\/p>\n<p style=\"text-align: center\"><a href=\"https:\/\/drive.google.com\/drive\/folders\/1h8M9eTVGmF9ZNDY446XszqMthfqPbEVk?usp=drive_link\"><strong>2023. okt\u00f3ber 24. SE D\u00d6K v\u00e1lasztm\u00e1nyi \u00fcl\u00e9s hat\u00e1rozatai<\/strong><\/a><\/p>\n<p style=\"text-align: center\"><a href=\"https:\/\/drive.google.com\/drive\/folders\/1YEf_xbLgFJbbsKaOtwTb4FHfA4_io-jC?usp=drive_link\"><strong>2023. j\u00fanius 22. SE D\u00d6K v\u00e1lasztm\u00e1nyi \u00fcl\u00e9s hat\u00e1rozatai<\/strong><\/a><\/p>\n<p style=\"text-align: center\"><a href=\"https:\/\/drive.google.com\/drive\/folders\/18L-LHM4V9psx6kL3FD5Q1kmtDYo8MHJB?usp=share_link\"><strong>2023. m\u00e1jus 8. SE D\u00d6K v\u00e1lasztm\u00e1nyi \u00fcl\u00e9s hat\u00e1rozatai<\/strong><\/a><\/p>\n<p style=\"text-align: center\"><a href=\"https:\/\/drive.google.com\/drive\/folders\/1WtRYIQrl59sqlqEVRDqVe4HyvI3nQQZU?usp=sharing\"><strong>2023. janu\u00e1r 24.\u00a0 SE D\u00d6K v\u00e1lasztm\u00e1nyi \u00fcl\u00e9s hat\u00e1rozatai<\/strong><\/a><\/p>\n<p style=\"text-align: center\"><strong><a href=\"https:\/\/drive.google.com\/drive\/folders\/1QFRBDHBlKgxER3wlCWxWD3lP2WkXcxre?usp=share_link\">2022. december 7. SE D\u00d6K v\u00e1lasztm\u00e1nyi \u00fcl\u00e9s hat\u00e1rozatai<\/a><\/strong><\/p>\n<p style=\"text-align: center\"><a href=\"https:\/\/drive.google.com\/drive\/folders\/1rjzFoO_bWfGFuTIUA9MPopSfVBNY20qu?usp=share_link\"><strong>2022. okt\u00f3ber 13. SE D\u00d6K v\u00e1lasztm\u00e1nyi \u00fcl\u00e9s hat\u00e1rozatai<\/strong><\/a><\/p>\n<p style=\"text-align: center\"><a href=\"https:\/\/drive.google.com\/file\/d\/1zH2BYAhe9xRuzO2YA9TTnt095W2x5BBk\/view?usp=sharing\"><strong>2022. augusztus 31. SE D\u00d6K v\u00e1lasztm\u00e1nyi \u00fcl\u00e9s hat\u00e1rozatai<\/strong><\/a><\/p>\n<p style=\"text-align: center\"><a href=\"https:\/\/drive.google.com\/file\/d\/13wOoU_4RHDMqTq5csSdMNBX8UyR6hrxI\/view?usp=sharing\"><strong>2022. augusztus 8. SE D\u00d6K v\u00e1lasztm\u00e1ny hat\u00e1rozata_egyet\u00e9rt\u00e9si jog gyakorl\u00e1sa<\/strong><\/a><\/p>\n<p style=\"text-align: center\"><a href=\"https:\/\/drive.google.com\/drive\/folders\/1dhGqLJZyp1iV1-Q4ASJfPlh9AJuVQNve?usp=sharing\"><strong>2022. j\u00falius 7. SE D\u00d6K v\u00e1lasztm\u00e1nyi \u00fcl\u00e9s hat\u00e1rozatai<\/strong><\/a><\/p>\n<p style=\"text-align: center\"><strong><a href=\"https:\/\/drive.google.com\/drive\/u\/1\/folders\/1h7oc94Up61MZwKycd6eSpqODA7DvhFqO\">2022. m\u00e1jus 12. SE D\u00d6K v\u00e1lasztm\u00e1nyi \u00fcl\u00e9s hat\u00e1rozata<\/a><\/strong><\/p>\n<p style=\"text-align: center\"><a href=\"https:\/\/drive.google.com\/file\/d\/1EpN4iiuZeC_RKjZakwXeM90oERgOErVK\/view?usp=sharing\"><strong>2022. \u00e1prilis 2. SE D\u00d6K v\u00e1lasztm\u00e1nyi \u00fcl\u00e9s hat\u00e1rozata<\/strong><\/a><\/p>\n<p style=\"text-align: center\"><strong><a href=\"https:\/\/drive.google.com\/drive\/folders\/1ApV4KPc6jXvMVFloMlkb4UmaR5IuswIX?usp=sharing\">2022. m\u00e1rcius 28. SE D\u00d6K v\u00e1lasztm\u00e1nyi \u00fcl\u00e9s hat\u00e1rozatai<\/a><\/strong><\/p>\n<p style=\"text-align: center\"><a href=\"https:\/\/drive.google.com\/drive\/folders\/1830TKA1WhbXaqxbEpWc7PRbqwr8qh-sH?usp=sharing\"><strong>2022. janu\u00e1r 17. SE D\u00d6K v\u00e1lasztm\u00e1nyi \u00fcl\u00e9s hat\u00e1rozatai<\/strong><\/a><\/p>\n<p style=\"text-align: center\"><a href=\"https:\/\/drive.google.com\/drive\/folders\/1TABSMCUHbGntTPWykI-MKzYAADUmFJXf?usp=sharing\"><strong>2021. december 16. SE D\u00d6K v\u00e1lasztm\u00e1nyi \u00fcl\u00e9s hat\u00e1rozatai<\/strong><\/a><\/p>\n<p style=\"text-align: center\"><a href=\"https:\/\/drive.google.com\/drive\/folders\/170wXC0UaHW4KKgqlzPvdy0Ao_kqja2Em?usp=sharing\"><strong>2021. november 29. SE D\u00d6K v\u00e1lasztm\u00e1nyi \u00fcl\u00e9s hat\u00e1rozatai<\/strong><\/a><\/p>\n<p style=\"text-align: center\"><a href=\"https:\/\/drive.google.com\/drive\/folders\/1YrQNB2oEIj4xlQLog4WPY8Vz8pO9e6Un?usp=sharing\"><strong>2021. okt\u00f3ber 26. SE D\u00d6K v\u00e1lasztm\u00e1nyi \u00fcl\u00e9s hat\u00e1rozatai<\/strong><\/a><\/p>\n<p style=\"text-align: center\"><a href=\"https:\/\/drive.google.com\/drive\/folders\/1i3Rkp4-VE-hr2OWyvHcb5GUuorw-vOxZ?usp=sharing\"><strong>2021. augusztus 23. SE D\u00d6K v\u00e1laszt\u00e1si bizotts\u00e1g hat\u00e1rozat<\/strong><\/a><\/p>\n<p style=\"text-align: center\"><a href=\"https:\/\/drive.google.com\/drive\/folders\/1ZF2WoSKupe3UHkMX9agR5Ev0h0JybfGF?usp=sharing\"><strong>2021. augusztus 21. SE D\u00d6K v\u00e1laszt\u00e1si bizotts\u00e1g hat\u00e1rozat<\/strong><\/a><\/p>\n<p style=\"text-align: center\"><strong><a href=\"https:\/\/drive.google.com\/drive\/folders\/1IQCRHkooOj_yW8JgH7XFAq3lnFMpapiE?usp=sharing\">2021. augusztus 19. SE D\u00d6K v\u00e1laszt\u00e1si bizotts\u00e1g hat\u00e1rozat<\/a><\/strong><\/p>\n<p style=\"text-align: center\"><strong><a href=\"https:\/\/drive.google.com\/drive\/folders\/1Vu7ZcrddJMz4MJe1H3wJUuvtr6Ehslt3?usp=sharing\">2021. augusztus 13. SE D\u00d6K v\u00e1lasztm\u00e1nyi \u00fcl\u00e9s hat\u00e1rozata<\/a><\/strong><\/p>\n<p style=\"text-align: center\"><a href=\"https:\/\/drive.google.com\/drive\/folders\/1OywNSPh_YR4ntRMiiQzePO4CHzkHF9j9?usp=sharing\"><strong>2021. j\u00falius 14. SE D\u00d6K v\u00e1lasztm\u00e1nyi \u00fcl\u00e9s hat\u00e1rozatai<\/strong><\/a><\/p>\n<p style=\"text-align: center\"><strong><a href=\"https:\/\/drive.google.com\/drive\/folders\/1R3eYXWlDHM9qpW66KJQlNQWLA-RlQkG4?usp=sharing\">2021. j\u00fanius 2. SE D\u00d6K v\u00e1lasztm\u00e1nyi \u00fcl\u00e9s hat\u00e1rozatai<\/a><\/strong><\/p>\n","protected":false},"excerpt":{"rendered":"<p><a href=\"https:\/\/drive.google.com\/drive\/folders\/1LNN65ctEe6BHcDvuPzy3_ZztfQEOmO4l?usp=sharing\">2024. szeptember 30. v\u00e1lasztm\u00e1ny hat\u00e1rozatai<\/a><br \/>\n<a href=\"https:\/\/drive.google.com\/drive\/folders\/19yazNlYYZ-AR73ecD6Ld-eEnbQoX5SGR?usp=sharing\">2024. augusztus 8. SE D\u00d6K v\u00e1lasztm\u00e1nyi \u00fcl\u00e9s hat\u00e1rozatai<\/a><br \/>\n<a href=\"https:\/\/drive.google.com\/file\/d\/1zY1-mBAZ7KbcT1i2kLgYokpA9I7_KX-X\/view?usp=sharing\">2024. janu\u00e1r 29. SE D\u00d6K egyet\u00e9rt\u00e9si jog gyakorl\u00e1s\u00e1r\u00f3l<\/a><br \/>\n<a href=\"https:\/\/drive.google.com\/drive\/folders\/1tn5qcVU5IRM7-_3IxbWHXqv_pGLY4i8a?usp=sharing\">2024. janu\u00e1r SE D\u00d6K 23. v\u00e1lasztm\u00e1nyi \u00fcl\u00e9s hat\u00e1rozatai<\/a><br \/>\n<a href=\"https:\/\/drive.google.com\/drive\/folders\/1h8M9eTVGmF9ZNDY446XszqMthfqPbEVk?usp=drive_link\">2023. okt\u00f3ber 24. SE D\u00d6K v\u00e1lasztm\u00e1nyi \u00fcl\u00e9s hat\u00e1rozatai<\/a><br \/>\n<a href=\"https:\/\/drive.google.com\/drive\/folders\/1YEf_xbLgFJbbsKaOtwTb4FHfA4_io-jC?usp=drive_link\">2023. j\u00fanius 22. SE D\u00d6K v\u00e1lasztm\u00e1nyi \u00fcl\u00e9s hat\u00e1rozatai<\/a><br \/>\n<a href=\"https:\/\/drive.google.com\/drive\/folders\/18L-LHM4V9psx6kL3FD5Q1kmtDYo8MHJB?usp=share_link\">2023. m\u00e1jus 8. SE D\u00d6K v\u00e1lasztm\u00e1nyi \u00fcl\u00e9s hat\u00e1rozatai<\/a><br \/>\n<a href=\"https:\/\/drive.google.com\/drive\/folders\/1WtRYIQrl59sqlqEVRDqVe4HyvI3nQQZU?usp=sharing\">2023. janu\u00e1r 24.\u00a0 SE D\u00d6K v\u00e1lasztm\u00e1nyi \u00fcl\u00e9s hat\u00e1rozatai<\/a><br \/>\n<a href=\"https:\/\/drive.google.com\/drive\/folders\/1QFRBDHBlKgxER3wlCWxWD3lP2WkXcxre?usp=share_link\">2022. december 7. SE D\u00d6K v\u00e1lasztm\u00e1nyi \u00fcl\u00e9s hat\u00e1rozatai<\/a><br \/>\n<a href=\"https:\/\/drive.google.com\/drive\/folders\/1rjzFoO_bWfGFuTIUA9MPopSfVBNY20qu?usp=share_link\">2022. okt\u00f3ber 13. SE D\u00d6K v\u00e1lasztm\u00e1nyi \u00fcl\u00e9s hat\u00e1rozatai<\/a><br \/>\n<a href=\"https:\/\/drive.google.com\/file\/d\/1zH2BYAhe9xRuzO2YA9TTnt095W2x5BBk\/view?usp=sharing\">2022. augusztus 31. SE D\u00d6K v\u00e1lasztm\u00e1nyi \u00fcl\u00e9s hat\u00e1rozatai<\/a><br \/>\n<a href=\"https:\/\/drive.google.com\/file\/d\/13wOoU_4RHDMqTq5csSdMNBX8UyR6hrxI\/view?usp=sharing\">2022. augusztus 8. SE D\u00d6K v\u00e1lasztm\u00e1ny hat\u00e1rozata_egyet\u00e9rt\u00e9si jog gyakorl\u00e1sa<\/a><br \/>\n<a href=\"https:\/\/drive.google.com\/drive\/folders\/1dhGqLJZyp1iV1-Q4ASJfPlh9AJuVQNve?usp=sharing\">2022. j\u00falius 7. SE D\u00d6K v\u00e1lasztm\u00e1nyi \u00fcl\u00e9s hat\u00e1rozatai<\/a><br \/>\n<a href=\"https:\/\/drive.google.com\/drive\/u\/1\/folders\/1h7oc94Up61MZwKycd6eSpqODA7DvhFqO\">2022. m\u00e1jus 12. SE D\u00d6K v\u00e1lasztm\u00e1nyi \u00fcl\u00e9s hat\u00e1rozata<\/a><br \/>\n<a href=\"https:\/\/drive.google.com\/file\/d\/1EpN4iiuZeC_RKjZakwXeM90oERgOErVK\/view?usp=sharing\">2022. \u00e1prilis 2. SE D\u00d6K v\u00e1lasztm\u00e1nyi \u00fcl\u00e9s hat\u00e1rozata<\/a><br \/>\n<a href=\"https:\/\/drive.google.com\/drive\/folders\/1ApV4KPc6jXvMVFloMlkb4UmaR5IuswIX?usp=sharing\">2022. m\u00e1rcius 28. SE D\u00d6K v\u00e1lasztm\u00e1nyi \u00fcl\u00e9s hat\u00e1rozatai<\/a><br \/>\n<a href=\"https:\/\/drive.google.com\/drive\/folders\/1830TKA1WhbXaqxbEpWc7PRbqwr8qh-sH?usp=sharing\">2022. janu\u00e1r 17. SE D\u00d6K v\u00e1lasztm\u00e1nyi \u00fcl\u00e9s hat\u00e1rozatai<\/a><br \/>\n<a href=\"https:\/\/drive.google.com\/drive\/folders\/1TABSMCUHbGntTPWykI-MKzYAADUmFJXf?usp=sharing\">2021. december 16. SE D\u00d6K v\u00e1lasztm\u00e1nyi \u00fcl\u00e9s hat\u00e1rozatai<\/a><br \/>\n<a href=\"https:\/\/drive.google.com\/drive\/folders\/170wXC0UaHW4KKgqlzPvdy0Ao_kqja2Em?usp=sharing\">2021. november 29. SE D\u00d6K v\u00e1lasztm\u00e1nyi \u00fcl\u00e9s hat\u00e1rozatai<\/a><br \/>\n<a href=\"https:\/\/drive.google.com\/drive\/folders\/1YrQNB2oEIj4xlQLog4WPY8Vz8pO9e6Un?usp=sharing\">2021. okt\u00f3ber 26. SE D\u00d6K v\u00e1lasztm\u00e1nyi \u00fcl\u00e9s hat\u00e1rozatai<\/a><br \/>\n<a href=\"https:\/\/drive.google.com\/drive\/folders\/1i3Rkp4-VE-hr2OWyvHcb5GUuorw-vOxZ?usp=sharing\">2021. augusztus 23. SE D\u00d6K v\u00e1laszt\u00e1si bizotts\u00e1g hat\u00e1rozat<\/a><br \/>\n<a href=\"https:\/\/drive.google.com\/drive\/folders\/1ZF2WoSKupe3UHkMX9agR5Ev0h0JybfGF?usp=sharing\">2021. augusztus 21. SE D\u00d6K v\u00e1laszt\u00e1si bizotts\u00e1g hat\u00e1rozat<\/a><br \/>\n<a href=\"https:\/\/drive.google.com\/drive\/folders\/1IQCRHkooOj_yW8JgH7XFAq3lnFMpapiE?usp=sharing\">2021. augusztus 19. SE D\u00d6K v\u00e1laszt\u00e1si bizotts\u00e1g hat\u00e1rozat<\/a><br \/>\n<a href=\"https:\/\/drive.google.com\/drive\/folders\/1Vu7ZcrddJMz4MJe1H3wJUuvtr6Ehslt3?usp=sharing\">2021. augusztus 13. SE D\u00d6K v\u00e1lasztm\u00e1nyi \u00fcl\u00e9s hat\u00e1rozata<\/a><br \/>\n<a href=\"https:\/\/drive.google.com\/drive\/folders\/1OywNSPh_YR4ntRMiiQzePO4CHzkHF9j9?usp=sharing\">2021. j\u00falius 14. SE D\u00d6K v\u00e1lasztm\u00e1nyi \u00fcl\u00e9s hat\u00e1rozatai<\/a><br \/>\n<a href=\"https:\/\/drive.google.com\/drive\/folders\/1R3eYXWlDHM9qpW66KJQlNQWLA-RlQkG4?usp=sharing\">2021. j\u00fanius 2. SE D\u00d6K v\u00e1lasztm\u00e1nyi \u00fcl\u00e9s hat\u00e1rozatai<\/a><\/p>\n","protected":false},"author":101158,"featured_media":0,"parent":76,"menu_order":3,"comment_status":"closed","ping_status":"closed","template":"","meta":{"_acf_changed":false,"footnotes":""},"categories":[],"tags":[],"class_list":["post-298","page","type-page","status-publish","hentry"],"acf":[],"_links":{"self":[{"href":"https:\/\/semmelweis.hu\/dok\/wp-json\/wp\/v2\/pages\/298","targetHints":{"allow":["GET"]}}],"collection":[{"href":"https:\/\/semmelweis.hu\/dok\/wp-json\/wp\/v2\/pages"}],"about":[{"href":"https:\/\/semmelweis.hu\/dok\/wp-json\/wp\/v2\/types\/page"}],"author":[{"embeddable":true,"href":"https:\/\/semmelweis.hu\/dok\/wp-json\/wp\/v2\/users\/101158"}],"replies":[{"embeddable":true,"href":"https:\/\/semmelweis.hu\/dok\/wp-json\/wp\/v2\/comments?post=298"}],"version-history":[{"count":12,"href":"https:\/\/semmelweis.hu\/dok\/wp-json\/wp\/v2\/pages\/298\/revisions"}],"predecessor-version":[{"id":911,"href":"https:\/\/semmelweis.hu\/dok\/wp-json\/wp\/v2\/pages\/298\/revisions\/911"}],"up":[{"embeddable":true,"href":"https:\/\/semmelweis.hu\/dok\/wp-json\/wp\/v2\/pages\/76"}],"wp:attachment":[{"href":"https:\/\/semmelweis.hu\/dok\/wp-json\/wp\/v2\/media?parent=298"}],"wp:term":[{"taxonomy":"category","embeddable":true,"href":"https:\/\/semmelweis.hu\/dok\/wp-json\/wp\/v2\/categories?post=298"},{"taxonomy":"post_tag","embeddable":true,"href":"https:\/\/semmelweis.hu\/dok\/wp-json\/wp\/v2\/tags?post=298"}],"curies":[{"name":"wp","href":"https:\/\/api.w.org\/{rel}","templated":true}]}}