{"id":295,"date":"2021-06-30T16:08:36","date_gmt":"2021-06-30T14:08:36","guid":{"rendered":"https:\/\/semmelweis.hu\/dok\/?page_id=295"},"modified":"2024-02-19T08:54:37","modified_gmt":"2024-02-19T07:54:37","slug":"jegyzokonyvek","status":"publish","type":"page","link":"https:\/\/semmelweis.hu\/dok\/dokumentumok\/jegyzokonyvek\/","title":{"rendered":"Jegyz\u0151k\u00f6nyvek"},"content":{"rendered":"<p>&nbsp;<\/p>\n<p style=\"text-align: center\"><a href=\"https:\/\/drive.google.com\/file\/d\/18jjlYzRH3YsqQCM_WutxGVwMp6WMIsAB\/view?usp=sharing\"><strong>2021.09.21-i SE D\u00d6K v\u00e1laszt\u00e1si bizotts\u00e1g \u00fcl\u00e9s jegyz\u0151k\u00f6nyv<\/strong><\/a><\/p>\n<p style=\"text-align: center\"><a href=\"https:\/\/drive.google.com\/file\/d\/1uTw6CosQliit9jBI2ycC1X2EMmTcxEya\/view?usp=sharing\"><strong>2021.08.18-i SE D\u00d6K (ONLINE) v\u00e1lasztm\u00e1nyi \u00fcl\u00e9s jegyz\u0151k\u00f6nyv<\/strong><\/a><\/p>\n<p style=\"text-align: center\"><a href=\"https:\/\/drive.google.com\/file\/d\/1OdnIZY3qHcxn7nfMTTpFrie2L7QH_IB2\/view?usp=sharing\"><strong>2021.01.26-i SE D\u00d6K v\u00e1lasztm\u00e1nyi \u00fcl\u00e9s jegyz\u0151k\u00f6nyv<\/strong><\/a><\/p>\n<p style=\"text-align: center\"><a href=\"https:\/\/drive.google.com\/file\/d\/1m7bLdYUayfT2KfYZh0L2QtHYiBnyLFry\/view?usp=sharing\"><strong>2020.12.08-i SE D\u00d6K v\u00e1lasztm\u00e1nyi \u00fcl\u00e9s jegyz\u0151k\u00f6nyv<\/strong><\/a><br \/><em><a href=\"https:\/\/drive.google.com\/file\/d\/1WFDtiCkRwgA1cyINyyt9p3DbctDTbm8H\/view?usp=sharing\">A hiteles\u00edtett v\u00e1ltozat el\u00e9rhet\u0151 itt.<\/a><\/em><\/p>\n<p style=\"text-align: center\"><a href=\"https:\/\/drive.google.com\/file\/d\/1l4W1Lqt_J4BJfln0_PuKT53Y5_X3LvRZ\/view?usp=sharing\"><strong>2020.10.08-i SE D\u00d6K v\u00e1lasztm\u00e1nyi \u00fcl\u00e9s jegyz\u0151k\u00f6nyv<\/strong><\/a><\/p>\n<p style=\"text-align: center\">\u00a0<\/p>\n","protected":false},"excerpt":{"rendered":"<p>&nbsp;<br \/>\n<a href=\"https:\/\/drive.google.com\/file\/d\/18jjlYzRH3YsqQCM_WutxGVwMp6WMIsAB\/view?usp=sharing\">2021.09.21-i SE D\u00d6K v\u00e1laszt\u00e1si bizotts\u00e1g \u00fcl\u00e9s jegyz\u0151k\u00f6nyv<\/a><br \/>\n<a href=\"https:\/\/drive.google.com\/file\/d\/1uTw6CosQliit9jBI2ycC1X2EMmTcxEya\/view?usp=sharing\">2021.08.18-i SE D\u00d6K (ONLINE) v\u00e1lasztm\u00e1nyi \u00fcl\u00e9s jegyz\u0151k\u00f6nyv<\/a><br \/>\n<a href=\"https:\/\/drive.google.com\/file\/d\/1OdnIZY3qHcxn7nfMTTpFrie2L7QH_IB2\/view?usp=sharing\">2021.01.26-i SE D\u00d6K v\u00e1lasztm\u00e1nyi \u00fcl\u00e9s jegyz\u0151k\u00f6nyv<\/a><br \/>\n<a href=\"https:\/\/drive.google.com\/file\/d\/1m7bLdYUayfT2KfYZh0L2QtHYiBnyLFry\/view?usp=sharing\">2020.12.08-i SE D\u00d6K v\u00e1lasztm\u00e1nyi \u00fcl\u00e9s jegyz\u0151k\u00f6nyv<\/a><a href=\"https:\/\/drive.google.com\/file\/d\/1WFDtiCkRwgA1cyINyyt9p3DbctDTbm8H\/view?usp=sharing\">A hiteles\u00edtett v\u00e1ltozat el\u00e9rhet\u0151 itt.<\/a><br \/>\n<a href=\"https:\/\/drive.google.com\/file\/d\/1l4W1Lqt_J4BJfln0_PuKT53Y5_X3LvRZ\/view?usp=sharing\">2020.10.08-i SE D\u00d6K v\u00e1lasztm\u00e1nyi \u00fcl\u00e9s jegyz\u0151k\u00f6nyv<\/a><br \/>\n\u00a0<\/p>\n","protected":false},"author":101158,"featured_media":0,"parent":76,"menu_order":4,"comment_status":"closed","ping_status":"closed","template":"","meta":{"_acf_changed":false,"footnotes":""},"categories":[],"tags":[],"class_list":["post-295","page","type-page","status-publish","hentry"],"acf":[],"_links":{"self":[{"href":"https:\/\/semmelweis.hu\/dok\/wp-json\/wp\/v2\/pages\/295","targetHints":{"allow":["GET"]}}],"collection":[{"href":"https:\/\/semmelweis.hu\/dok\/wp-json\/wp\/v2\/pages"}],"about":[{"href":"https:\/\/semmelweis.hu\/dok\/wp-json\/wp\/v2\/types\/page"}],"author":[{"embeddable":true,"href":"https:\/\/semmelweis.hu\/dok\/wp-json\/wp\/v2\/users\/101158"}],"replies":[{"embeddable":true,"href":"https:\/\/semmelweis.hu\/dok\/wp-json\/wp\/v2\/comments?post=295"}],"version-history":[{"count":9,"href":"https:\/\/semmelweis.hu\/dok\/wp-json\/wp\/v2\/pages\/295\/revisions"}],"predecessor-version":[{"id":396,"href":"https:\/\/semmelweis.hu\/dok\/wp-json\/wp\/v2\/pages\/295\/revisions\/396"}],"up":[{"embeddable":true,"href":"https:\/\/semmelweis.hu\/dok\/wp-json\/wp\/v2\/pages\/76"}],"wp:attachment":[{"href":"https:\/\/semmelweis.hu\/dok\/wp-json\/wp\/v2\/media?parent=295"}],"wp:term":[{"taxonomy":"category","embeddable":true,"href":"https:\/\/semmelweis.hu\/dok\/wp-json\/wp\/v2\/categories?post=295"},{"taxonomy":"post_tag","embeddable":true,"href":"https:\/\/semmelweis.hu\/dok\/wp-json\/wp\/v2\/tags?post=295"}],"curies":[{"name":"wp","href":"https:\/\/api.w.org\/{rel}","templated":true}]}}