{"id":249,"date":"2021-02-01T15:01:11","date_gmt":"2021-02-01T14:01:11","guid":{"rendered":"https:\/\/semmelweis.hu\/dok\/?page_id=249"},"modified":"2025-07-01T10:16:12","modified_gmt":"2025-07-01T08:16:12","slug":"valasztmanyi","status":"publish","type":"page","link":"https:\/\/semmelweis.hu\/dok\/dokumentumok\/valasztmanyi\/","title":{"rendered":"V\u00e1lasztm\u00e1nyi \u00dcl\u00e9sek"},"content":{"rendered":"            <div class=\"qae-faqs-container qae-faqs-toggle-container\">\n\t\t\t\t\t\t\t<ul class=\"qe-faqs-filters-container\">\n\t\t\t\t<li class=\"active\"><a class=\"qe-faqs-filter all-faqs\" href=\"#\" data-filter=\"*\">All<\/a><\/li>\n\t\t\t\t<li><a class=\"qe-faqs-filter\" href=\"#valasztmanyi-ulesek\" data-filter=\".valasztmanyi-ulesek\">V\u00e1lasztm\u00e1nyi \u00fcl\u00e9sek<\/a><\/li>\t\t\t<\/ul>\n\t\t\t\t\t<div id=\"qaef-1031\" class=\"qe-faq-toggle valasztmanyi-ulesek\">\n\t\t\t<div class=\"qe-toggle-title\">\n\t\t\t\t<h4>\n\t\t\t\t\t<i class=\"fa fa-minus-circle\"><\/i> V\u00e1lasztm\u00e1nyi \u00fcl\u00e9sek 2021\t\t\t\t<\/h4>\n\t\t\t<\/div>\n\t\t\t<div class=\"qe-toggle-content\">\n\t\t\t\t<div class=\"gmail_default\" style=\"text-align: center\"><strong>2021.01.26-i V\u00e1lasztm\u00e1nyi \u00dcl\u00e9s<\/strong><\/div>\n<div class=\"gmail_default\" style=\"text-align: center\"><u>Helysz\u00edn:<\/u>\u00a0Zoom<\/div>\n<div class=\"gmail_default\" style=\"text-align: center\"><u>Id\u0151pont:<\/u>\u00a02021. janu\u00e1r 26. 19:30<br \/>Az \u00fcl\u00e9s jegyz\u0151k\u00f6nyve let\u00f6lthet\u0151\u00a0<a href=\"https:\/\/drive.google.com\/file\/d\/1OdnIZY3qHcxn7nfMTTpFrie2L7QH_IB2\/view\"><strong>itt.<\/strong><\/a><\/div>\n<div>\n<div class=\"gmail_default\">\n<div style=\"text-align: center\">\u00a0<\/div>\n<div class=\"gmail_default\" style=\"text-align: center\"><strong>2021.06.02-i V\u00e1lasztm\u00e1nyi \u00dcl\u00e9s<br \/><a href=\"https:\/\/drive.google.com\/file\/d\/1CWoBXHKyrio8J7UK24gQPqXKBLLV7_Oq\/view?usp=sharing\">A megh\u00edv\u00f3 el\u00e9rhet\u0151 itt.<\/a><\/strong><\/div>\n<div class=\"gmail_default\" style=\"text-align: center\"><u>Helysz\u00edn:<\/u>\u00a0Semmelweis Egyetem, 1085 Budapest \u00dcll\u0151i \u00fat 26., f\u00f6ldszinti t\u00e1rgyal\u00f3<\/div>\n<div class=\"gmail_default\" style=\"text-align: center\"><u>Id\u0151pont:<\/u>\u00a02021. j\u00fanius 02. 19:00<br \/>Az \u00fcl\u00e9s jegyz\u0151k\u00f6nyve hamarosan let\u00f6lthet\u0151 lesz\u00a0<strong>itt.<br \/><\/strong>Az \u00fcl\u00e9s hat\u00e1rozatai el\u00e9rhet\u0151k\u00a0<a href=\"https:\/\/drive.google.com\/drive\/folders\/1R3eYXWlDHM9qpW66KJQlNQWLA-RlQkG4?usp=sharing\"><strong>itt<\/strong><\/a>.<\/div>\n<\/div>\n<\/div>\n\t\t\t<\/div>\n\t\t<\/div>\n\t\t\t\t<div id=\"qaef-1030\" class=\"qe-faq-toggle valasztmanyi-ulesek\">\n\t\t\t<div class=\"qe-toggle-title\">\n\t\t\t\t<h4>\n\t\t\t\t\t<i class=\"fa fa-minus-circle\"><\/i> V\u00e1lasztm\u00e1nyi \u00fcl\u00e9sek 2020\t\t\t\t<\/h4>\n\t\t\t<\/div>\n\t\t\t<div class=\"qe-toggle-content\">\n\t\t\t\t<div class=\"gmail_default\" style=\"text-align: center\"><strong>Alakul\u00f3 V\u00e1lasztm\u00e1nyi \u00dcl\u00e9s<\/strong><\/div>\n<div class=\"gmail_default\" style=\"text-align: center\"><u>Helysz\u00edn:<\/u>\u00a0Semmelweis Egyetem, 1085 Budapest \u00dcll\u0151i \u00fat 26., f\u00f6ldszinti t\u00e1rgyal\u00f3<\/div>\n<div class=\"gmail_default\" style=\"text-align: center\"><u>Id\u0151pont:<\/u>\u00a02020. okt\u00f3ber 08. 17:00<br \/>Az \u00fcl\u00e9s jegyz\u0151k\u00f6nyve let\u00f6lthet\u0151\u00a0<strong><u><a href=\"https:\/\/semmelweis.hu\/phd\/files\/2020\/12\/CamScanner-11-11-2020-13.14.45.pdf\">itt.<\/a><\/u><\/strong><\/div>\n<div class=\"gmail_default\" style=\"text-align: center\">Az \u00fcl\u00e9sr\u0151l k\u00e9sz\u00fclt r\u00f6vid \u00f6sszefoglal\u00f3 let\u00f6lthet\u0151\u00a0<strong><a href=\"https:\/\/semmelweis.hu\/phd\/2020\/10\/14\/megalakult-a-dok-uj-valasztmanya\/?fbclid=IwAR1aJc3zFqyv96sxZmZ0GyQLJJihUV65XXxmFgW3Yuw2jtrq_SgOPqHpjRc\">itt.<\/a><\/strong><\/div>\n<div style=\"text-align: center\">\u00a0<\/div>\n<div style=\"text-align: center\">\u00a0<\/div>\n<div class=\"gmail_default\">\n<div class=\"gmail_default\" style=\"text-align: center\"><strong>2020.12.08-i V\u00e1lasztm\u00e1nyi \u00dcl\u00e9s<\/strong><\/div>\n<div class=\"gmail_default\" style=\"text-align: center\"><u>Helysz\u00edn:<\/u>\u00a0<a href=\"https:\/\/us04web.zoom.us\/j\/72037110727?pwd=cURTMW0vOFFQSjZMM091Y20wdXRCZz09\">Zoom<\/a><\/div>\n<div class=\"gmail_default\" style=\"text-align: center\"><u>Id\u0151pont:<\/u>\u00a02020. december 08. 17:00<br \/>Az \u00fcl\u00e9s jegyz\u0151k\u00f6nyve let\u00f6lthet\u0151\u00a0<strong><a href=\"https:\/\/semmelweis.hu\/phd\/files\/2021\/01\/CamScanner-01-05-2021-18.08.20.pdf\">itt.<\/a><\/strong><\/div>\n<div class=\"gmail_default\" style=\"text-align: center\">Az \u00fcl\u00e9sr\u0151l k\u00e9sz\u00fclt r\u00f6vid \u00f6sszefoglal\u00f3 let\u00f6lthet\u0151\u00a0<strong><a href=\"https:\/\/semmelweis.hu\/phd\/2021\/01\/13\/doktorandusz-onkormanyzat-online-valasztmanyi-ules\/\">itt.<\/a><\/strong><\/div>\n<\/div>\n\t\t\t<\/div>\n\t\t<\/div>\n\t\t            <\/div>\n\t\t\n","protected":false},"excerpt":{"rendered":"<p>Alakul\u00f3 V\u00e1lasztm\u00e1nyi \u00dcl\u00e9s<br \/>\nHelysz\u00edn:\u00a0Semmelweis Egyetem, 1085 Budapest \u00dcll\u0151i \u00fat 26., f\u00f6ldszinti t\u00e1rgyal\u00f3<br \/>\nId\u0151pont:\u00a02020. okt\u00f3ber 08. 17:00Az \u00fcl\u00e9s jegyz\u0151k\u00f6nyve let\u00f6lthet\u0151\u00a0<a href=\"https:\/\/semmelweis.hu\/phd\/files\/2020\/12\/CamScanner-11-11-2020-13.14.45.pdf\">itt.<\/a><br \/>\nAz \u00fcl\u00e9sr\u0151l k\u00e9sz\u00fclt r\u00f6vid \u00f6sszefoglal\u00f3 let\u00f6lthet\u0151\u00a0<a href=\"https:\/\/semmelweis.hu\/phd\/2020\/10\/14\/megalakult-a-dok-uj-valasztmanya\/?fbclid=IwAR1aJc3zFqyv96sxZmZ0GyQLJJihUV65XXxmFgW3Yuw2jtrq_SgOPqHpjRc\">itt.<\/a><br \/>\n\u00a0<br \/>\n\u00a0<\/p>\n<p>2020.12.08-i V\u00e1lasztm\u00e1nyi \u00dcl\u00e9s<br \/>\nHelysz\u00edn:\u00a0<a href=\"https:\/\/us04web.zoom.us\/j\/72037110727?pwd=cURTMW0vOFFQSjZMM091Y20wdXRCZz09\">Zoom<\/a><br \/>\nId\u0151pont:\u00a02020. december 08. 17:00Az \u00fcl\u00e9s jegyz\u0151k\u00f6nyve let\u00f6lthet\u0151\u00a0<a href=\"https:\/\/semmelweis.hu\/phd\/files\/2021\/01\/CamScanner-01-05-2021-18.08.20.pdf\">itt.<\/a><br \/>\nAz \u00fcl\u00e9sr\u0151l k\u00e9sz\u00fclt r\u00f6vid \u00f6sszefoglal\u00f3 let\u00f6lthet\u0151\u00a0<a href=\"https:\/\/semmelweis.hu\/phd\/2021\/01\/13\/doktorandusz-onkormanyzat-online-valasztmanyi-ules\/\">itt.<\/a><\/p>\n","protected":false},"author":101158,"featured_media":0,"parent":76,"menu_order":8,"comment_status":"closed","ping_status":"closed","template":"","meta":{"_acf_changed":false,"footnotes":""},"categories":[],"tags":[],"class_list":["post-249","page","type-page","status-publish","hentry"],"acf":[],"_links":{"self":[{"href":"https:\/\/semmelweis.hu\/dok\/wp-json\/wp\/v2\/pages\/249","targetHints":{"allow":["GET"]}}],"collection":[{"href":"https:\/\/semmelweis.hu\/dok\/wp-json\/wp\/v2\/pages"}],"about":[{"href":"https:\/\/semmelweis.hu\/dok\/wp-json\/wp\/v2\/types\/page"}],"author":[{"embeddable":true,"href":"https:\/\/semmelweis.hu\/dok\/wp-json\/wp\/v2\/users\/101158"}],"replies":[{"embeddable":true,"href":"https:\/\/semmelweis.hu\/dok\/wp-json\/wp\/v2\/comments?post=249"}],"version-history":[{"count":6,"href":"https:\/\/semmelweis.hu\/dok\/wp-json\/wp\/v2\/pages\/249\/revisions"}],"predecessor-version":[{"id":1042,"href":"https:\/\/semmelweis.hu\/dok\/wp-json\/wp\/v2\/pages\/249\/revisions\/1042"}],"up":[{"embeddable":true,"href":"https:\/\/semmelweis.hu\/dok\/wp-json\/wp\/v2\/pages\/76"}],"wp:attachment":[{"href":"https:\/\/semmelweis.hu\/dok\/wp-json\/wp\/v2\/media?parent=249"}],"wp:term":[{"taxonomy":"category","embeddable":true,"href":"https:\/\/semmelweis.hu\/dok\/wp-json\/wp\/v2\/categories?post=249"},{"taxonomy":"post_tag","embeddable":true,"href":"https:\/\/semmelweis.hu\/dok\/wp-json\/wp\/v2\/tags?post=249"}],"curies":[{"name":"wp","href":"https:\/\/api.w.org\/{rel}","templated":true}]}}